{"id":218,"date":"2016-10-28T13:34:47","date_gmt":"2016-10-28T11:34:47","guid":{"rendered":"https:\/\/wl.heimpixel.de\/vorlage\/fairer-handel\/"},"modified":"2021-01-24T17:53:31","modified_gmt":"2021-01-24T16:53:31","slug":"fairer-handel","status":"publish","type":"page","link":"https:\/\/weltlaeden.de\/langen\/fairer-handel\/","title":{"rendered":"Fairer Handel"},"content":{"rendered":"<div class=\"wpb-content-wrapper\"><p>[vc_row][vc_column]<div class=\"wl_einzelbild\"><p><img loading=\"lazy\" decoding=\"async\" class=\"alignnone wp-image-501 size-large\" src=\"https:\/\/weltlaeden.de\/langen\/wp-content\/uploads\/sites\/50\/2016\/10\/Yony_Yanzaguano_Urocal-e1552324413708-1024x491.jpg\" alt=\"\" width=\"1024\" height=\"491\" srcset=\"https:\/\/weltlaeden.de\/langen\/wp-content\/uploads\/sites\/50\/2016\/10\/Yony_Yanzaguano_Urocal-e1552324413708-1024x491.jpg 1024w, https:\/\/weltlaeden.de\/langen\/wp-content\/uploads\/sites\/50\/2016\/10\/Yony_Yanzaguano_Urocal-e1552324413708-300x144.jpg 300w, https:\/\/weltlaeden.de\/langen\/wp-content\/uploads\/sites\/50\/2016\/10\/Yony_Yanzaguano_Urocal-e1552324413708-768x368.jpg 768w, https:\/\/weltlaeden.de\/langen\/wp-content\/uploads\/sites\/50\/2016\/10\/Yony_Yanzaguano_Urocal-e1552324413708.jpg 1651w\" sizes=\"auto, (max-width: 1024px) 100vw, 1024px\" \/><\/p><\/div>[\/vc_column][\/vc_row][vc_row][vc_column][vc_empty_space][vc_column_text]<\/p>\n<h1>Fairer Handel<\/h1>\n<p>[\/vc_column_text][vc_column_text]<\/p>\n<div class=\"wpb_text_column wpb_content_element \">\n<div class=\"wpb_wrapper\">\n<p style=\"text-align: justify\">&#8222;Fairer Handel ist eine Handelspartnerschaft, die auf Transparenz und Respekt beruht und nach mehr Gerechtigkeit im internationalen Handel strebt. Durch bessere Handelsbedingungen und Sicherung sozialer Rechte f\u00fcr benachteiligte Produzent*innen und Arbeiter*innen &#8211; insbesondere in den L\u00e4ndern des S\u00fcdens &#8211; leistet der Faire Handel einen Beitrag zu nachhaltiger Entwicklung.&#8220;<\/p>\n<p><strong>Das\u00a0bedeutet:<\/strong><\/p>\n<ul style=\"list-style-type: square\">\n<li>Langfristige Handelspartnerschaften aufbauen<\/li>\n<li>Existenzsichernde L\u00f6hne erreichen<\/li>\n<li>Kinderrechte sch\u00fctzen<\/li>\n<li>Bildung-, Sozial- und Gesundheitseinrichtungen f\u00f6rdern<\/li>\n<li>Umwelt bewahren<\/li>\n<\/ul>\n<\/div>\n<\/div>\n<p>[\/vc_column_text][vc_column_text]<\/p>\n<p style=\"text-align: justify\">Die World Fair Trade Organisation (WFTO) und Fairtrade International haben gemeinsam mit anderen Fair-Handels-Akteuren <a href=\"https:\/\/www.forum-fairer-handel.de\/fileadmin\/user_upload\/dateien\/publikationen\/andere_publikationen\/2018_FH-Charta_Deutsch.pdf\"><strong>Die Internationale Charta <\/strong><strong>des Fairen Handels <\/strong><\/a>\u00a0aktualisiert und ver\u00f6ffentlicht . Sie wird als Grundlagen-Dokument der globalen Fair-Handels-Bewegung verstanden.<\/p>\n<p style=\"text-align: justify\">Die Charta legt die grundlegenden Werte des Fairen Handels fest und definiert eine gemeinsame Vision zur Umsetzung der\u00a0nachhaltigen Entwicklungsziele der Vereinten Nationen (UN).<\/p>\n<p>[\/vc_column_text][\/vc_column][\/vc_row][vc_row][vc_column][vc_empty_space]<div class=\"wl_einzelbild\"><p><img loading=\"lazy\" decoding=\"async\" class=\"aligncenter size-full wp-image-769\" src=\"https:\/\/weltlaeden.de\/langen\/wp-content\/uploads\/sites\/50\/2016\/10\/2018_fh-charta_news-e1552210934955.jpg\" alt=\"\" width=\"798\" height=\"286\" srcset=\"https:\/\/weltlaeden.de\/langen\/wp-content\/uploads\/sites\/50\/2016\/10\/2018_fh-charta_news-e1552210934955.jpg 798w, https:\/\/weltlaeden.de\/langen\/wp-content\/uploads\/sites\/50\/2016\/10\/2018_fh-charta_news-e1552210934955-300x108.jpg 300w, https:\/\/weltlaeden.de\/langen\/wp-content\/uploads\/sites\/50\/2016\/10\/2018_fh-charta_news-e1552210934955-768x275.jpg 768w\" sizes=\"auto, (max-width: 798px) 100vw, 798px\" \/><\/p><\/div>[vc_empty_space][vc_column_text]<\/p>\n<h1>Kriterien<\/h1>\n<p>[\/vc_column_text][vc_column_text]<\/p>\n<div class=\"wpb_text_column wpb_content_element \" style=\"text-align: justify\">\n<div class=\"wpb_wrapper\">\n<p style=\"text-align: justify\"><span class=\"normal\">Die<strong> <a href=\"https:\/\/weltlaeden.de\/bilderpool\/wp-content\/uploads\/sites\/3\/2019\/09\/Konvention_der_Weltl%C3%A4den.pdf\" target=\"_blank\" rel=\"noopener\">Konvention der Weltl\u00e4den<\/a><\/strong> ist das Grundsatzpapier f\u00fcr den Fairen Handel der Weltl\u00e4den und Fair-Handels-Gruppen. <\/span><span class=\"normal\">Sie wurde in einem jahrelangen Dialog gemeinsam entwickelt und erstmals 1997 von der Mitgliederversammlung des Weltladen-Dachverbandes beschlossen. Die Kriterien der Konvention der Weltl\u00e4den in der aktuellen Version decken sich mit den <a href=\"https:\/\/wfto.com\/sites\/default\/files\/Look%20for%20the%20Label%20poster_German.pdf\"><strong>zehn Prinzipien der World Fair Trade Organization (WFTO).<\/strong><\/a><\/span><\/p>\n<p style=\"text-align: justify\"><span class=\"normal\">Fairer Handel, wie ihn die Weltl\u00e4den betreiben, strebt eine gleichberechtigte Partnerschaft des Nordens mit dem S\u00fcden an. <\/span><span class=\"normal\">Daher wendet die Konvention <\/span><span class=\"normal\">die Kriterien auf alle wesentlichen Akteure im Fairen Handel an: auf Produzent*innen, <\/span><span class=\"normal\">Importeure sowie Weltl\u00e4den und Fair-Handels-Gruppen.\u00a0<\/span><\/p>\n<p style=\"text-align: justify\"><span class=\"normal\"><strong>Grundkriterien der Konvention: <\/strong><\/span><\/p>\n<ul style=\"text-align: justify;list-style-type: square\">\n<li>Handelspraktiken<\/li>\n<li>Arbeitsbedingungen<\/li>\n<li>Transparenz<\/li>\n<li>Bildungs- und Informationsarbeit<\/li>\n<li>\u00d6ffentlichkeitsarbeit<\/li>\n<li>Umweltschutz<\/li>\n<li>Erg\u00e4nzungsprodukte (z.B. regionale Produkte)<\/li>\n<\/ul>\n<p style=\"text-align: justify\"><span class=\"normal\"><strong>Der \u00dcberpr\u00fcfung unserer Arbeit im Weltladen<\/strong> liegen diese Kriterien zugrunde. Durch Selbstauskunft an den Weltladen Dachverband wird regelm\u00e4\u00dfig, im Zusammenhang mit vergleichbaren Weltl\u00e4den, unsere geleistete Arbeit \u00fcberpr\u00fcft. <\/span><\/p>\n<p style=\"text-align: justify\"><span class=\"normal\">Durch\u00a0ein erweitertes Monitoringverfahren finden Visitationen mit anderen Weltl\u00e4den statt, <\/span><span class=\"normal\">die einen gemeinsamen Austausch und Anst\u00f6\u00dfe <\/span><span class=\"normal\">zur Verbesserung <\/span><span class=\"normal\">unseres Handelns ergeben. <\/span><span class=\"normal\">Dieses Verfahren ist Bedingung zur Vergabe des Emblems der WFTO: <strong>Anerkanntes Fachgesch\u00e4ft f\u00fcr Fairen Handel<\/strong>. Im Gegensatz zum Fairtrade-Siegel zeichnet das <strong><a href=\"https:\/\/www.forum-fairer-handel.de\/fileadmin\/user_upload\/dateien\/news\/positionspapier_wfto_ffh.pdf\">WFTO-Label<\/a><\/strong> nicht einzelne Produkte, sondern eine Organisation aus, die sich ganz dem Fairen Handel verschrieben hat.<\/span><\/p>\n<p style=\"text-align: justify\"><span class=\"normal\">\u00a0<\/span><\/p>\n<\/div>\n<\/div>\n<p>[\/vc_column_text][\/vc_column][\/vc_row][vc_row][vc_column][vc_column_text]<\/p>\n<h1>Weitere Informationen<\/h1>\n<p>[\/vc_column_text][vc_column_text]<\/p>\n<div class=\"wpb_text_column wpb_content_element \">\n<div class=\"wpb_wrapper\">\n<p><strong>Weltl\u00e4den<\/strong><\/p>\n<ul style=\"list-style-type: square\">\n<li><a href=\"http:\/\/www.weltladen.de\" target=\"_blank\" rel=\"noopener\">Weltladen-Dachverband<\/a><\/li>\n<\/ul>\n<p><strong>Organisationen und Netzwerke<br \/>\n<\/strong><\/p>\n<ul style=\"list-style-type: square\">\n<li><a href=\"http:\/\/www.forum-fairer-handel.de\" target=\"_blank\" rel=\"noopener\">Forum Fairer Handel<\/a><\/li>\n<li><a href=\"https:\/\/www.fair-band.de\" target=\"_blank\" rel=\"noopener\">FAIR BAND<\/a><\/li>\n<li><a href=\"http:\/\/www.wfto.com\/\" target=\"_blank\" rel=\"noopener\">World Fair Trade Organization\u00a0(WFTO)<\/a><\/li>\n<li><a href=\"http:\/\/fairtrade.de\">fairtrade.de<\/a><\/li>\n<\/ul>\n<\/div>\n<\/div>\n<p>[\/vc_column_text][vc_empty_space][\/vc_column][\/vc_row]<\/p>\n<\/div>","protected":false},"excerpt":{"rendered":"<p>[vc_row][vc_column][\/vc_column][\/vc_row][vc_row][vc_column][vc_empty_space][vc_column_text] Fairer Handel [\/vc_column_text][vc_column_text] &#8222;Fairer Handel ist eine Handelspartnerschaft, die auf Transparenz und Respekt beruht und nach mehr Gerechtigkeit im internationalen Handel strebt. Durch bessere Handelsbedingungen und Sicherung sozialer Rechte f\u00fcr benachteiligte Produzent*innen und Arbeiter*innen &#8211; insbesondere in den L\u00e4ndern des S\u00fcdens &#8211; leistet der Faire Handel einen Beitrag zu nachhaltiger Entwicklung.&#8220; Das\u00a0bedeutet: Langfristige Handelspartnerschaften&hellip;<\/p>\n","protected":false},"author":1,"featured_media":769,"parent":0,"menu_order":2,"comment_status":"closed","ping_status":"closed","template":"","meta":{"footnotes":""},"class_list":["post-218","page","type-page","status-publish","has-post-thumbnail","hentry","description-off"],"yoast_head":"<!-- This site is optimized with the Yoast SEO plugin v26.8 - https:\/\/yoast.com\/product\/yoast-seo-wordpress\/ -->\n<title>Fairer Handel - Weltladen Langen<\/title>\n<meta name=\"robots\" content=\"index, follow, max-snippet:-1, max-image-preview:large, max-video-preview:-1\" \/>\n<link rel=\"canonical\" href=\"https:\/\/weltlaeden.de\/langen\/fairer-handel\/\" \/>\n<meta property=\"og:locale\" content=\"de_DE\" \/>\n<meta property=\"og:type\" content=\"article\" \/>\n<meta property=\"og:title\" content=\"Fairer Handel - Weltladen Langen\" \/>\n<meta property=\"og:description\" content=\"[vc_row][vc_column][\/vc_column][\/vc_row][vc_row][vc_column][vc_empty_space][vc_column_text] Fairer Handel [\/vc_column_text][vc_column_text] &#8222;Fairer Handel ist eine Handelspartnerschaft, die auf Transparenz und Respekt beruht und nach mehr Gerechtigkeit im internationalen Handel strebt. Durch bessere Handelsbedingungen und Sicherung sozialer Rechte f\u00fcr benachteiligte Produzent*innen und Arbeiter*innen &#8211; insbesondere in den L\u00e4ndern des S\u00fcdens &#8211; leistet der Faire Handel einen Beitrag zu nachhaltiger Entwicklung.&#8220; Das\u00a0bedeutet: Langfristige Handelspartnerschaften&hellip;\" \/>\n<meta property=\"og:url\" content=\"https:\/\/weltlaeden.de\/langen\/fairer-handel\/\" \/>\n<meta property=\"og:site_name\" content=\"Weltladen Langen\" \/>\n<meta property=\"article:modified_time\" content=\"2021-01-24T16:53:31+00:00\" \/>\n<meta property=\"og:image\" content=\"https:\/\/weltlaeden.de\/langen\/wp-content\/uploads\/sites\/50\/2016\/10\/2018_fh-charta_news-e1552210934955.jpg\" \/>\n\t<meta property=\"og:image:width\" content=\"798\" \/>\n\t<meta property=\"og:image:height\" content=\"286\" \/>\n\t<meta property=\"og:image:type\" content=\"image\/jpeg\" \/>\n<meta name=\"twitter:card\" content=\"summary_large_image\" \/>\n<meta name=\"twitter:label1\" content=\"Gesch\u00e4tzte Lesezeit\" \/>\n\t<meta name=\"twitter:data1\" content=\"2\u00a0Minuten\" \/>\n<script type=\"application\/ld+json\" class=\"yoast-schema-graph\">{\"@context\":\"https:\/\/schema.org\",\"@graph\":[{\"@type\":\"WebPage\",\"@id\":\"https:\/\/weltlaeden.de\/langen\/fairer-handel\/\",\"url\":\"https:\/\/weltlaeden.de\/langen\/fairer-handel\/\",\"name\":\"Fairer Handel - Weltladen Langen\",\"isPartOf\":{\"@id\":\"https:\/\/weltlaeden.de\/langen\/#website\"},\"primaryImageOfPage\":{\"@id\":\"https:\/\/weltlaeden.de\/langen\/fairer-handel\/#primaryimage\"},\"image\":{\"@id\":\"https:\/\/weltlaeden.de\/langen\/fairer-handel\/#primaryimage\"},\"thumbnailUrl\":\"https:\/\/weltlaeden.de\/langen\/wp-content\/uploads\/sites\/50\/2016\/10\/2018_fh-charta_news-e1552210934955.jpg\",\"datePublished\":\"2016-10-28T11:34:47+00:00\",\"dateModified\":\"2021-01-24T16:53:31+00:00\",\"breadcrumb\":{\"@id\":\"https:\/\/weltlaeden.de\/langen\/fairer-handel\/#breadcrumb\"},\"inLanguage\":\"de\",\"potentialAction\":[{\"@type\":\"ReadAction\",\"target\":[\"https:\/\/weltlaeden.de\/langen\/fairer-handel\/\"]}]},{\"@type\":\"ImageObject\",\"inLanguage\":\"de\",\"@id\":\"https:\/\/weltlaeden.de\/langen\/fairer-handel\/#primaryimage\",\"url\":\"https:\/\/weltlaeden.de\/langen\/wp-content\/uploads\/sites\/50\/2016\/10\/2018_fh-charta_news-e1552210934955.jpg\",\"contentUrl\":\"https:\/\/weltlaeden.de\/langen\/wp-content\/uploads\/sites\/50\/2016\/10\/2018_fh-charta_news-e1552210934955.jpg\",\"width\":798,\"height\":286},{\"@type\":\"BreadcrumbList\",\"@id\":\"https:\/\/weltlaeden.de\/langen\/fairer-handel\/#breadcrumb\",\"itemListElement\":[{\"@type\":\"ListItem\",\"position\":1,\"name\":\"Startseite\",\"item\":\"https:\/\/weltlaeden.de\/langen\/\"},{\"@type\":\"ListItem\",\"position\":2,\"name\":\"Fairer Handel\"}]},{\"@type\":\"WebSite\",\"@id\":\"https:\/\/weltlaeden.de\/langen\/#website\",\"url\":\"https:\/\/weltlaeden.de\/langen\/\",\"name\":\"Vorlage\",\"description\":\"Herzlich Willkommen im Weltladen Langen\",\"potentialAction\":[{\"@type\":\"SearchAction\",\"target\":{\"@type\":\"EntryPoint\",\"urlTemplate\":\"https:\/\/weltlaeden.de\/langen\/?s={search_term_string}\"},\"query-input\":{\"@type\":\"PropertyValueSpecification\",\"valueRequired\":true,\"valueName\":\"search_term_string\"}}],\"inLanguage\":\"de\"}]}<\/script>\n<!-- \/ Yoast SEO plugin. -->","yoast_head_json":{"title":"Fairer Handel - Weltladen Langen","robots":{"index":"index","follow":"follow","max-snippet":"max-snippet:-1","max-image-preview":"max-image-preview:large","max-video-preview":"max-video-preview:-1"},"canonical":"https:\/\/weltlaeden.de\/langen\/fairer-handel\/","og_locale":"de_DE","og_type":"article","og_title":"Fairer Handel - Weltladen Langen","og_description":"[vc_row][vc_column][\/vc_column][\/vc_row][vc_row][vc_column][vc_empty_space][vc_column_text] Fairer Handel [\/vc_column_text][vc_column_text] &#8222;Fairer Handel ist eine Handelspartnerschaft, die auf Transparenz und Respekt beruht und nach mehr Gerechtigkeit im internationalen Handel strebt. Durch bessere Handelsbedingungen und Sicherung sozialer Rechte f\u00fcr benachteiligte Produzent*innen und Arbeiter*innen &#8211; insbesondere in den L\u00e4ndern des S\u00fcdens &#8211; leistet der Faire Handel einen Beitrag zu nachhaltiger Entwicklung.&#8220; Das\u00a0bedeutet: Langfristige Handelspartnerschaften&hellip;","og_url":"https:\/\/weltlaeden.de\/langen\/fairer-handel\/","og_site_name":"Weltladen Langen","article_modified_time":"2021-01-24T16:53:31+00:00","og_image":[{"width":798,"height":286,"url":"https:\/\/weltlaeden.de\/langen\/wp-content\/uploads\/sites\/50\/2016\/10\/2018_fh-charta_news-e1552210934955.jpg","type":"image\/jpeg"}],"twitter_card":"summary_large_image","twitter_misc":{"Gesch\u00e4tzte Lesezeit":"2\u00a0Minuten"},"schema":{"@context":"https:\/\/schema.org","@graph":[{"@type":"WebPage","@id":"https:\/\/weltlaeden.de\/langen\/fairer-handel\/","url":"https:\/\/weltlaeden.de\/langen\/fairer-handel\/","name":"Fairer Handel - Weltladen Langen","isPartOf":{"@id":"https:\/\/weltlaeden.de\/langen\/#website"},"primaryImageOfPage":{"@id":"https:\/\/weltlaeden.de\/langen\/fairer-handel\/#primaryimage"},"image":{"@id":"https:\/\/weltlaeden.de\/langen\/fairer-handel\/#primaryimage"},"thumbnailUrl":"https:\/\/weltlaeden.de\/langen\/wp-content\/uploads\/sites\/50\/2016\/10\/2018_fh-charta_news-e1552210934955.jpg","datePublished":"2016-10-28T11:34:47+00:00","dateModified":"2021-01-24T16:53:31+00:00","breadcrumb":{"@id":"https:\/\/weltlaeden.de\/langen\/fairer-handel\/#breadcrumb"},"inLanguage":"de","potentialAction":[{"@type":"ReadAction","target":["https:\/\/weltlaeden.de\/langen\/fairer-handel\/"]}]},{"@type":"ImageObject","inLanguage":"de","@id":"https:\/\/weltlaeden.de\/langen\/fairer-handel\/#primaryimage","url":"https:\/\/weltlaeden.de\/langen\/wp-content\/uploads\/sites\/50\/2016\/10\/2018_fh-charta_news-e1552210934955.jpg","contentUrl":"https:\/\/weltlaeden.de\/langen\/wp-content\/uploads\/sites\/50\/2016\/10\/2018_fh-charta_news-e1552210934955.jpg","width":798,"height":286},{"@type":"BreadcrumbList","@id":"https:\/\/weltlaeden.de\/langen\/fairer-handel\/#breadcrumb","itemListElement":[{"@type":"ListItem","position":1,"name":"Startseite","item":"https:\/\/weltlaeden.de\/langen\/"},{"@type":"ListItem","position":2,"name":"Fairer Handel"}]},{"@type":"WebSite","@id":"https:\/\/weltlaeden.de\/langen\/#website","url":"https:\/\/weltlaeden.de\/langen\/","name":"Vorlage","description":"Herzlich Willkommen im Weltladen Langen","potentialAction":[{"@type":"SearchAction","target":{"@type":"EntryPoint","urlTemplate":"https:\/\/weltlaeden.de\/langen\/?s={search_term_string}"},"query-input":{"@type":"PropertyValueSpecification","valueRequired":true,"valueName":"search_term_string"}}],"inLanguage":"de"}]}},"_links":{"self":[{"href":"https:\/\/weltlaeden.de\/langen\/wp-json\/wp\/v2\/pages\/218","targetHints":{"allow":["GET"]}}],"collection":[{"href":"https:\/\/weltlaeden.de\/langen\/wp-json\/wp\/v2\/pages"}],"about":[{"href":"https:\/\/weltlaeden.de\/langen\/wp-json\/wp\/v2\/types\/page"}],"author":[{"embeddable":true,"href":"https:\/\/weltlaeden.de\/langen\/wp-json\/wp\/v2\/users\/1"}],"replies":[{"embeddable":true,"href":"https:\/\/weltlaeden.de\/langen\/wp-json\/wp\/v2\/comments?post=218"}],"version-history":[{"count":84,"href":"https:\/\/weltlaeden.de\/langen\/wp-json\/wp\/v2\/pages\/218\/revisions"}],"predecessor-version":[{"id":1475,"href":"https:\/\/weltlaeden.de\/langen\/wp-json\/wp\/v2\/pages\/218\/revisions\/1475"}],"wp:featuredmedia":[{"embeddable":true,"href":"https:\/\/weltlaeden.de\/langen\/wp-json\/wp\/v2\/media\/769"}],"wp:attachment":[{"href":"https:\/\/weltlaeden.de\/langen\/wp-json\/wp\/v2\/media?parent=218"}],"curies":[{"name":"wp","href":"https:\/\/api.w.org\/{rel}","templated":true}]}}