{"id":217,"date":"2016-10-28T13:34:47","date_gmt":"2016-10-28T11:34:47","guid":{"rendered":"https:\/\/wl.heimpixel.de\/vorlage\/produkte\/"},"modified":"2026-03-15T13:36:33","modified_gmt":"2026-03-15T12:36:33","slug":"produkte","status":"publish","type":"page","link":"https:\/\/weltlaeden.de\/langen\/produkte\/","title":{"rendered":"Produkte"},"content":{"rendered":"<div class=\"wpb-content-wrapper\"><p>[vc_row][vc_column]<div class=\"wl_einzelbild\"><p><img loading=\"lazy\" decoding=\"async\" class=\"size-full wp-image-2427 aligncenter\" src=\"https:\/\/weltlaeden.de\/langen\/wp-content\/uploads\/sites\/50\/2026\/03\/P1100050_1500x500px.jpg\" alt=\"\" width=\"1500\" height=\"500\" srcset=\"https:\/\/weltlaeden.de\/langen\/wp-content\/uploads\/sites\/50\/2026\/03\/P1100050_1500x500px.jpg 1500w, https:\/\/weltlaeden.de\/langen\/wp-content\/uploads\/sites\/50\/2026\/03\/P1100050_1500x500px-300x100.jpg 300w, https:\/\/weltlaeden.de\/langen\/wp-content\/uploads\/sites\/50\/2026\/03\/P1100050_1500x500px-1024x341.jpg 1024w, https:\/\/weltlaeden.de\/langen\/wp-content\/uploads\/sites\/50\/2026\/03\/P1100050_1500x500px-768x256.jpg 768w\" sizes=\"auto, (max-width: 1500px) 100vw, 1500px\" \/><\/p><\/div>[vc_empty_space][vc_column_text]<\/p>\n<h1>Unser Sortiment<\/h1>\n<p>[\/vc_column_text][vc_column_text]<\/p>\n<p style=\"text-align: justify\"><strong>Gutes zum Genie\u00dfen und Sch\u00f6nes zum Verschenken:<\/strong><\/p>\n<p style=\"text-align: justify\">Sie sch\u00e4tzen geschmackvolles Kunsthandwerk aus Afrika, Asien und Lateinamerika, qualitativ hochwertige Lebensmittel und sehen die Menschen, die sie hergestellt haben.<\/p>\n<p style=\"text-align: justify\"><span class=\"normal\">Wir k\u00f6nnen Ihnen ein wechselndes Angebot an sch\u00f6nen Dingen und eine gro\u00dfe Auswahl an Lebensmitteln anbieten &#8211;\u00a0<\/span><span class=\"normal\">wie\u00a0Kaffee, eines der wichtigsten Erzeugnisse des Fairen Handels, <\/span><span class=\"normal\">in vielen hochwertigen und wohlschmeckende Sorten.\u00a0<\/span><\/p>\n<p style=\"text-align: justify\"><span class=\"normal\">Neben dem <a href=\"https:\/\/weltlaeden.de\/langen\/langener-stadtkaffee\/\">Langener Stadtkaffee<\/a>\u00a0f\u00fchren wir je eine in\u00a0den Ursprungsl\u00e4ndern\u00a0hergestellte\u00a0<a href=\"https:\/\/www.gepa.de\/gepa\/themenspecials\/mehr-wertschoepfung.html\">Kaffeesorte<\/a> aus Honduras und Ruanda. Diese werden in den jeweiligen Kooperativen nicht nur <\/span><span class=\"normal\">angebaut und geerntet, sondern auch- und das ist das Besondere- getrocknet, meisterhaft ger\u00f6stet und verpackt. Das hei\u00dft, die Wertsch\u00f6pfung bleibt dort, <\/span><span class=\"normal\">wo sie hingeh\u00f6rt.<\/span><\/p>\n<p style=\"text-align: justify\"><span class=\"normal\"><span class=\"normal\">Haben wir ein gew\u00fcnschtes Produkt unserer Handelspartner nicht vorr\u00e4tig, k\u00f6nnen wir es f\u00fcr Sie bestellen. <\/span><\/span><\/p>\n<p style=\"text-align: justify\">Auf Wunsch stellen wir attraktive Geschenkek\u00f6rbe mit unseren Spezialit\u00e4ten zusammen oder Sie entscheiden sich f\u00fcr einen <a href=\"https:\/\/weltlaeden.de\/langen\/produkte\/weltladen-gutschein\/\">Geschenkgutschein<\/a>. <strong>Wir beraten Sie gerne<\/strong>.<\/p>\n<p>[\/vc_column_text][vc_empty_space][vc_row_inner][vc_column_inner width=&#8220;1\/2&#8243;][vc_column_text]<\/p>\n<h2>Lebensmittel<\/h2>\n<p>[\/vc_column_text]<div class=\"wl_einzelbild\"><p><img loading=\"lazy\" decoding=\"async\" class=\"aligncenter wp-image-1449 size-full\" src=\"https:\/\/weltlaeden.de\/langen\/wp-content\/uploads\/sites\/50\/2021\/01\/Produkte_Lebensmittel_Korb2_640x480px_01-21-e1610818358517.jpg\" alt=\"\" width=\"600\" height=\"400\" srcset=\"https:\/\/weltlaeden.de\/langen\/wp-content\/uploads\/sites\/50\/2021\/01\/Produkte_Lebensmittel_Korb2_640x480px_01-21-e1610818358517.jpg 600w, https:\/\/weltlaeden.de\/langen\/wp-content\/uploads\/sites\/50\/2021\/01\/Produkte_Lebensmittel_Korb2_640x480px_01-21-e1610818358517-300x200.jpg 300w\" sizes=\"auto, (max-width: 600px) 100vw, 600px\" \/><\/p><\/div>[vc_column_text]<\/p>\n<p style=\"text-align: left\" align=\"center\">Neben den verschiedenen Kaffeespezialit\u00e4ten f\u00fchren wir Tees in unterschiedlichen Geschmacksrichtungen und leckeren Kakao.<\/p>\n<p style=\"text-align: left\" align=\"center\"><span class=\"normal\">Beliebt sind unsere S\u00fc\u00dfigkeiten und Knabbereien: getrocknete Mangos, verschiedene Nussspezialit\u00e4ten, Kaffeelik\u00f6rkugeln oder Tartuffis. <\/span><\/p>\n<p style=\"text-align: left\" align=\"center\"><span class=\"normal\">Angeboten werden\u00a0<\/span><span class=\"normal\">die mehrfach ausgezeichneten dunklen Schokoladen der Fair\u00a0Handelsorganisation gepa sowie die Tafeln\u00a0des Lieferanten\u00a0<a href=\"https:\/\/fairafric.com\/de\/\">fairafric,<\/a> die komplett in Afrika produziert werden.<\/span><\/p>\n<p style=\"text-align: left\" align=\"center\">Honig, Fruchtaufstriche, Rohrzucker oder W\u00fcrzpasten, Senf und Gew\u00fcrze geh\u00f6ren ebenso zu unserem Angebot wie Reis, Quinoa und Freekeh.<\/p>\n<p style=\"text-align: left\" align=\"center\">Bei uns haben Sie die Gelegenheit frische, fair gehandelte\u00a0Bio-Bananen zu erhalten.<\/p>\n<p style=\"text-align: left\" align=\"center\">Der\u00a0\u00fcberwiegende\u00a0Teil des Lebensmittelsortimentes ist in Bioqualit\u00e4t.<\/p>\n<p>[\/vc_column_text][\/vc_column_inner][vc_column_inner width=&#8220;1\/2&#8243;][vc_column_text]<\/p>\n<h2>Kunsthandwerk &amp; Textilien<\/h2>\n<p>[\/vc_column_text]<div class=\"wl_einzelbild\"><p><img loading=\"lazy\" decoding=\"async\" class=\"alignleft size-full wp-image-2435\" src=\"https:\/\/weltlaeden.de\/langen\/wp-content\/uploads\/sites\/50\/2026\/03\/Fussmatten-600x400px.jpg\" alt=\"\" width=\"600\" height=\"400\" srcset=\"https:\/\/weltlaeden.de\/langen\/wp-content\/uploads\/sites\/50\/2026\/03\/Fussmatten-600x400px.jpg 600w, https:\/\/weltlaeden.de\/langen\/wp-content\/uploads\/sites\/50\/2026\/03\/Fussmatten-600x400px-300x200.jpg 300w\" sizes=\"auto, (max-width: 600px) 100vw, 600px\" \/><\/p><\/div>[vc_column_text]<\/p>\n<p style=\"text-align: left\">Etwas Besonderes ist das Angebot an Kunstgewerbe.<\/p>\n<p style=\"text-align: left\">Exquisite Taschen, praktische Rucks\u00e4cke oder Einkaufsk\u00f6rbe in unterschiedlichen Materialien und f\u00fcr verschiedene Anl\u00e4sse. Beliebt sind die Produkte der Serie smateria.<\/p>\n<p style=\"text-align: left\">Farbenfrohe Schals aus Seide oder Alpakawolle und verschiedene Schmuckartikel geben Anregungen f\u00fcr sch\u00f6ne Geschenke.<\/p>\n<p style=\"text-align: left\">F\u00fcr den t\u00e4glichen Gebrauch finden Sie\u00a0 Keramik, Gl\u00e4ser und Kerzen oder\u00a0Filzartikel und Tischw\u00e4sche\u00a0 sowie attraktive Holzschalen, Bretter, Salatbestecke f\u00fcr den sch\u00f6n gedeckten Tisch.<\/p>\n<p style=\"text-align: left\">Spielzeug, Musikinstrumente, Klangschalen oder auch Papierwaren und Gru\u00dfkarten\u00a0enth\u00e4lt unser umfangreiches Sortiment.<\/p>\n<p style=\"text-align: left\">Lassen Sie sich inspirieren von den jahreszeitlichen Dekorationsartikeln.<\/p>\n<p>[\/vc_column_text][\/vc_column_inner][\/vc_row_inner][vc_empty_space][vc_row_inner][vc_column_inner width=&#8220;1\/2&#8243;]<div class=\"wl_einzelbild\"><p><img loading=\"lazy\" decoding=\"async\" class=\"wp-image-2410 aligncenter\" src=\"https:\/\/weltlaeden.de\/langen\/wp-content\/uploads\/sites\/50\/2026\/01\/P1100019_600x450px.jpg\" alt=\"\" width=\"325\" height=\"433\" srcset=\"https:\/\/weltlaeden.de\/langen\/wp-content\/uploads\/sites\/50\/2026\/01\/P1100019_600x450px.jpg 450w, https:\/\/weltlaeden.de\/langen\/wp-content\/uploads\/sites\/50\/2026\/01\/P1100019_600x450px-225x300.jpg 225w\" sizes=\"auto, (max-width: 325px) 100vw, 325px\" \/><\/p><\/div>[\/vc_column_inner][vc_column_inner width=&#8220;1\/2&#8243;]<div class=\"wl_einzelbild\"><p><img loading=\"lazy\" decoding=\"async\" class=\"wp-image-2443 aligncenter\" src=\"https:\/\/weltlaeden.de\/langen\/wp-content\/uploads\/sites\/50\/2026\/03\/IMG_5931_450x600px.jpg\" alt=\"\" width=\"325\" height=\"433\" srcset=\"https:\/\/weltlaeden.de\/langen\/wp-content\/uploads\/sites\/50\/2026\/03\/IMG_5931_450x600px.jpg 450w, https:\/\/weltlaeden.de\/langen\/wp-content\/uploads\/sites\/50\/2026\/03\/IMG_5931_450x600px-225x300.jpg 225w\" sizes=\"auto, (max-width: 325px) 100vw, 325px\" \/><\/p><\/div>[\/vc_column_inner][\/vc_row_inner][vc_empty_space][\/vc_column][\/vc_row][vc_row][vc_column][vc_column_text]<\/p>\n<h2>Wir f\u00fchren haupts\u00e4chlich Waren von diesen Fair-Handels-Importeuren<\/h2>\n<p>Importorganisationen (Auswahl)<strong><br \/>\n<\/strong><\/p>\n<ul style=\"list-style-type: square\">\n<li><a href=\"http:\/\/www.banafair.de\/\" target=\"_blank\" rel=\"noopener\">BanaFair<\/a><\/li>\n<li><a href=\"https:\/\/www.weltpartner.de\/de\/\">WeltPartner<\/a><\/li>\n<li><a href=\"http:\/\/www.el-puente.de\/\" target=\"_blank\" rel=\"noopener\">El Puente<\/a><\/li>\n<li><a href=\"http:\/\/www.gepa.de\/\" target=\"_blank\" rel=\"noopener\">GEPA \u2013 The Fair Trade Company<\/a><\/li>\n<li><a href=\"https:\/\/www.globo-fairtrade.com\/\" target=\"_blank\" rel=\"noopener\">GLOBO<\/a><\/li>\n<\/ul>\n<p>Weitere vom Weltladen Dachverband<a href=\"https:\/\/www.weltladen.de\/produkte-handelspartner\/importeure\/\"> anerkannte Lieferanten<\/a><\/p>\n<p>Neben den Produkten anerkannter\u00a0Importeure erkennen Sie fair gehandelte Waren auch an den Siegeln folgender Organisationen<\/p>\n<ul style=\"list-style-type: square\">\n<li><a href=\"http:\/\/www.naturland.de\/index.php?option=com_content&amp;view=category&amp;layout=blog&amp;id=148&amp;Itemid=888&amp;lang=de\">Naturland Fair<\/a><\/li>\n<li><a href=\"http:\/\/www.fairtrade-deutschland.de\/\" target=\"_blank\" rel=\"noopener\">Fairtrade Deutschland<\/a><\/li>\n<li><a href=\"http:\/\/www.fairtrade.net\/\" target=\"_blank\" rel=\"noopener\">Fairtrade International<\/a><\/li>\n<\/ul>\n<p>[\/vc_column_text][\/vc_column][\/vc_row]<\/p>\n<\/div>","protected":false},"excerpt":{"rendered":"<p>[vc_row][vc_column][vc_empty_space][vc_column_text] Unser Sortiment [\/vc_column_text][vc_column_text] Gutes zum Genie\u00dfen und Sch\u00f6nes zum Verschenken: Sie sch\u00e4tzen geschmackvolles Kunsthandwerk aus Afrika, Asien und Lateinamerika, qualitativ hochwertige Lebensmittel und sehen die Menschen, die sie hergestellt haben. Wir k\u00f6nnen Ihnen ein wechselndes Angebot an sch\u00f6nen Dingen und eine gro\u00dfe Auswahl an Lebensmitteln anbieten &#8211;\u00a0wie\u00a0Kaffee, eines der wichtigsten Erzeugnisse des Fairen Handels,&hellip;<\/p>\n","protected":false},"author":1,"featured_media":1534,"parent":0,"menu_order":1,"comment_status":"closed","ping_status":"closed","template":"","meta":{"footnotes":""},"class_list":["post-217","page","type-page","status-publish","has-post-thumbnail","hentry","description-off"],"yoast_head":"<!-- This site is optimized with the Yoast SEO plugin v26.8 - https:\/\/yoast.com\/product\/yoast-seo-wordpress\/ -->\n<title>Fair gehandelte Lebensmittel, Kunsthandwerk, Kleidung und vieles mehr.<\/title>\n<meta name=\"robots\" content=\"index, follow, max-snippet:-1, max-image-preview:large, max-video-preview:-1\" \/>\n<link rel=\"canonical\" href=\"https:\/\/weltlaeden.de\/langen\/produkte\/\" \/>\n<meta property=\"og:locale\" content=\"de_DE\" \/>\n<meta property=\"og:type\" content=\"article\" \/>\n<meta property=\"og:title\" content=\"Fair gehandelte Lebensmittel, Kunsthandwerk, Kleidung und vieles mehr.\" \/>\n<meta property=\"og:description\" content=\"[vc_row][vc_column][vc_empty_space][vc_column_text] Unser Sortiment [\/vc_column_text][vc_column_text] Gutes zum Genie\u00dfen und Sch\u00f6nes zum Verschenken: Sie sch\u00e4tzen geschmackvolles Kunsthandwerk aus Afrika, Asien und Lateinamerika, qualitativ hochwertige Lebensmittel und sehen die Menschen, die sie hergestellt haben. Wir k\u00f6nnen Ihnen ein wechselndes Angebot an sch\u00f6nen Dingen und eine gro\u00dfe Auswahl an Lebensmitteln anbieten &#8211;\u00a0wie\u00a0Kaffee, eines der wichtigsten Erzeugnisse des Fairen Handels,&hellip;\" \/>\n<meta property=\"og:url\" content=\"https:\/\/weltlaeden.de\/langen\/produkte\/\" \/>\n<meta property=\"og:site_name\" content=\"Weltladen Langen\" \/>\n<meta property=\"article:modified_time\" content=\"2026-03-15T12:36:33+00:00\" \/>\n<meta property=\"og:image\" content=\"https:\/\/weltlaeden.de\/langen\/wp-content\/uploads\/sites\/50\/2021\/05\/Produkte_Smateria-Taschen_900x675px_05-21-e1622400749989.jpg\" \/>\n\t<meta property=\"og:image:width\" content=\"722\" \/>\n\t<meta property=\"og:image:height\" content=\"481\" \/>\n\t<meta property=\"og:image:type\" content=\"image\/jpeg\" \/>\n<meta name=\"twitter:card\" content=\"summary_large_image\" \/>\n<meta name=\"twitter:label1\" content=\"Gesch\u00e4tzte Lesezeit\" \/>\n\t<meta name=\"twitter:data1\" content=\"4\u00a0Minuten\" \/>\n<script type=\"application\/ld+json\" class=\"yoast-schema-graph\">{\"@context\":\"https:\/\/schema.org\",\"@graph\":[{\"@type\":\"WebPage\",\"@id\":\"https:\/\/weltlaeden.de\/langen\/produkte\/\",\"url\":\"https:\/\/weltlaeden.de\/langen\/produkte\/\",\"name\":\"Fair gehandelte Lebensmittel, Kunsthandwerk, Kleidung und vieles mehr.\",\"isPartOf\":{\"@id\":\"https:\/\/weltlaeden.de\/langen\/#website\"},\"primaryImageOfPage\":{\"@id\":\"https:\/\/weltlaeden.de\/langen\/produkte\/#primaryimage\"},\"image\":{\"@id\":\"https:\/\/weltlaeden.de\/langen\/produkte\/#primaryimage\"},\"thumbnailUrl\":\"https:\/\/weltlaeden.de\/langen\/wp-content\/uploads\/sites\/50\/2021\/05\/Produkte_Smateria-Taschen_900x675px_05-21-e1622400749989.jpg\",\"datePublished\":\"2016-10-28T11:34:47+00:00\",\"dateModified\":\"2026-03-15T12:36:33+00:00\",\"breadcrumb\":{\"@id\":\"https:\/\/weltlaeden.de\/langen\/produkte\/#breadcrumb\"},\"inLanguage\":\"de\",\"potentialAction\":[{\"@type\":\"ReadAction\",\"target\":[\"https:\/\/weltlaeden.de\/langen\/produkte\/\"]}]},{\"@type\":\"ImageObject\",\"inLanguage\":\"de\",\"@id\":\"https:\/\/weltlaeden.de\/langen\/produkte\/#primaryimage\",\"url\":\"https:\/\/weltlaeden.de\/langen\/wp-content\/uploads\/sites\/50\/2021\/05\/Produkte_Smateria-Taschen_900x675px_05-21-e1622400749989.jpg\",\"contentUrl\":\"https:\/\/weltlaeden.de\/langen\/wp-content\/uploads\/sites\/50\/2021\/05\/Produkte_Smateria-Taschen_900x675px_05-21-e1622400749989.jpg\",\"width\":722,\"height\":481},{\"@type\":\"BreadcrumbList\",\"@id\":\"https:\/\/weltlaeden.de\/langen\/produkte\/#breadcrumb\",\"itemListElement\":[{\"@type\":\"ListItem\",\"position\":1,\"name\":\"Startseite\",\"item\":\"https:\/\/weltlaeden.de\/langen\/\"},{\"@type\":\"ListItem\",\"position\":2,\"name\":\"Produkte\"}]},{\"@type\":\"WebSite\",\"@id\":\"https:\/\/weltlaeden.de\/langen\/#website\",\"url\":\"https:\/\/weltlaeden.de\/langen\/\",\"name\":\"Vorlage\",\"description\":\"Herzlich Willkommen im Weltladen Langen\",\"potentialAction\":[{\"@type\":\"SearchAction\",\"target\":{\"@type\":\"EntryPoint\",\"urlTemplate\":\"https:\/\/weltlaeden.de\/langen\/?s={search_term_string}\"},\"query-input\":{\"@type\":\"PropertyValueSpecification\",\"valueRequired\":true,\"valueName\":\"search_term_string\"}}],\"inLanguage\":\"de\"}]}<\/script>\n<!-- \/ Yoast SEO plugin. -->","yoast_head_json":{"title":"Fair gehandelte Lebensmittel, Kunsthandwerk, Kleidung und vieles mehr.","robots":{"index":"index","follow":"follow","max-snippet":"max-snippet:-1","max-image-preview":"max-image-preview:large","max-video-preview":"max-video-preview:-1"},"canonical":"https:\/\/weltlaeden.de\/langen\/produkte\/","og_locale":"de_DE","og_type":"article","og_title":"Fair gehandelte Lebensmittel, Kunsthandwerk, Kleidung und vieles mehr.","og_description":"[vc_row][vc_column][vc_empty_space][vc_column_text] Unser Sortiment [\/vc_column_text][vc_column_text] Gutes zum Genie\u00dfen und Sch\u00f6nes zum Verschenken: Sie sch\u00e4tzen geschmackvolles Kunsthandwerk aus Afrika, Asien und Lateinamerika, qualitativ hochwertige Lebensmittel und sehen die Menschen, die sie hergestellt haben. Wir k\u00f6nnen Ihnen ein wechselndes Angebot an sch\u00f6nen Dingen und eine gro\u00dfe Auswahl an Lebensmitteln anbieten &#8211;\u00a0wie\u00a0Kaffee, eines der wichtigsten Erzeugnisse des Fairen Handels,&hellip;","og_url":"https:\/\/weltlaeden.de\/langen\/produkte\/","og_site_name":"Weltladen Langen","article_modified_time":"2026-03-15T12:36:33+00:00","og_image":[{"width":722,"height":481,"url":"https:\/\/weltlaeden.de\/langen\/wp-content\/uploads\/sites\/50\/2021\/05\/Produkte_Smateria-Taschen_900x675px_05-21-e1622400749989.jpg","type":"image\/jpeg"}],"twitter_card":"summary_large_image","twitter_misc":{"Gesch\u00e4tzte Lesezeit":"4\u00a0Minuten"},"schema":{"@context":"https:\/\/schema.org","@graph":[{"@type":"WebPage","@id":"https:\/\/weltlaeden.de\/langen\/produkte\/","url":"https:\/\/weltlaeden.de\/langen\/produkte\/","name":"Fair gehandelte Lebensmittel, Kunsthandwerk, Kleidung und vieles mehr.","isPartOf":{"@id":"https:\/\/weltlaeden.de\/langen\/#website"},"primaryImageOfPage":{"@id":"https:\/\/weltlaeden.de\/langen\/produkte\/#primaryimage"},"image":{"@id":"https:\/\/weltlaeden.de\/langen\/produkte\/#primaryimage"},"thumbnailUrl":"https:\/\/weltlaeden.de\/langen\/wp-content\/uploads\/sites\/50\/2021\/05\/Produkte_Smateria-Taschen_900x675px_05-21-e1622400749989.jpg","datePublished":"2016-10-28T11:34:47+00:00","dateModified":"2026-03-15T12:36:33+00:00","breadcrumb":{"@id":"https:\/\/weltlaeden.de\/langen\/produkte\/#breadcrumb"},"inLanguage":"de","potentialAction":[{"@type":"ReadAction","target":["https:\/\/weltlaeden.de\/langen\/produkte\/"]}]},{"@type":"ImageObject","inLanguage":"de","@id":"https:\/\/weltlaeden.de\/langen\/produkte\/#primaryimage","url":"https:\/\/weltlaeden.de\/langen\/wp-content\/uploads\/sites\/50\/2021\/05\/Produkte_Smateria-Taschen_900x675px_05-21-e1622400749989.jpg","contentUrl":"https:\/\/weltlaeden.de\/langen\/wp-content\/uploads\/sites\/50\/2021\/05\/Produkte_Smateria-Taschen_900x675px_05-21-e1622400749989.jpg","width":722,"height":481},{"@type":"BreadcrumbList","@id":"https:\/\/weltlaeden.de\/langen\/produkte\/#breadcrumb","itemListElement":[{"@type":"ListItem","position":1,"name":"Startseite","item":"https:\/\/weltlaeden.de\/langen\/"},{"@type":"ListItem","position":2,"name":"Produkte"}]},{"@type":"WebSite","@id":"https:\/\/weltlaeden.de\/langen\/#website","url":"https:\/\/weltlaeden.de\/langen\/","name":"Vorlage","description":"Herzlich Willkommen im Weltladen Langen","potentialAction":[{"@type":"SearchAction","target":{"@type":"EntryPoint","urlTemplate":"https:\/\/weltlaeden.de\/langen\/?s={search_term_string}"},"query-input":{"@type":"PropertyValueSpecification","valueRequired":true,"valueName":"search_term_string"}}],"inLanguage":"de"}]}},"_links":{"self":[{"href":"https:\/\/weltlaeden.de\/langen\/wp-json\/wp\/v2\/pages\/217","targetHints":{"allow":["GET"]}}],"collection":[{"href":"https:\/\/weltlaeden.de\/langen\/wp-json\/wp\/v2\/pages"}],"about":[{"href":"https:\/\/weltlaeden.de\/langen\/wp-json\/wp\/v2\/types\/page"}],"author":[{"embeddable":true,"href":"https:\/\/weltlaeden.de\/langen\/wp-json\/wp\/v2\/users\/1"}],"replies":[{"embeddable":true,"href":"https:\/\/weltlaeden.de\/langen\/wp-json\/wp\/v2\/comments?post=217"}],"version-history":[{"count":193,"href":"https:\/\/weltlaeden.de\/langen\/wp-json\/wp\/v2\/pages\/217\/revisions"}],"predecessor-version":[{"id":2448,"href":"https:\/\/weltlaeden.de\/langen\/wp-json\/wp\/v2\/pages\/217\/revisions\/2448"}],"wp:featuredmedia":[{"embeddable":true,"href":"https:\/\/weltlaeden.de\/langen\/wp-json\/wp\/v2\/media\/1534"}],"wp:attachment":[{"href":"https:\/\/weltlaeden.de\/langen\/wp-json\/wp\/v2\/media?parent=217"}],"curies":[{"name":"wp","href":"https:\/\/api.w.org\/{rel}","templated":true}]}}