{"id":2169,"date":"2024-06-26T19:41:22","date_gmt":"2024-06-26T17:41:22","guid":{"rendered":"https:\/\/weltlaeden.de\/langen\/?page_id=2169"},"modified":"2024-06-29T17:31:19","modified_gmt":"2024-06-29T15:31:19","slug":"historie","status":"publish","type":"page","link":"https:\/\/weltlaeden.de\/langen\/denk-mal\/historie\/","title":{"rendered":"Historie"},"content":{"rendered":"<div class=\"wpb-content-wrapper\"><p>[vc_row][vc_column]<div class=\"wl_einzelbild\"><p><img loading=\"lazy\" decoding=\"async\" class=\"aligncenter wp-image-2050 size-full\" src=\"https:\/\/weltlaeden.de\/langen\/wp-content\/uploads\/sites\/50\/2024\/01\/image-overview-3-1.jpg\" alt=\"\" width=\"1200\" height=\"401\" srcset=\"https:\/\/weltlaeden.de\/langen\/wp-content\/uploads\/sites\/50\/2024\/01\/image-overview-3-1.jpg 1200w, https:\/\/weltlaeden.de\/langen\/wp-content\/uploads\/sites\/50\/2024\/01\/image-overview-3-1-300x100.jpg 300w, https:\/\/weltlaeden.de\/langen\/wp-content\/uploads\/sites\/50\/2024\/01\/image-overview-3-1-1024x342.jpg 1024w, https:\/\/weltlaeden.de\/langen\/wp-content\/uploads\/sites\/50\/2024\/01\/image-overview-3-1-768x257.jpg 768w\" sizes=\"auto, (max-width: 1200px) 100vw, 1200px\" \/><\/p><\/div>[vc_empty_space][\/vc_column][\/vc_row][vc_row][vc_column][vc_column_text css=&#8220;&#8220;]<\/p>\n<h1>Historie<\/h1>\n<p>[\/vc_column_text][\/vc_column][\/vc_row][vc_row][vc_column][vc_empty_space][\/vc_column][\/vc_row][vc_row][vc_column][vc_text_separator title=&#8220;Zukunftswerkstatt&#8220; css=&#8220;&#8220;][\/vc_column][\/vc_row][vc_row][vc_column][vc_column_text css=&#8220;&#8220;]Das zweite Treffen f\u00fcr das Denkmal gegen die Gleichg\u00fcltigkeit, die Zukunftswerkstatt, fand statt am Samstag dem 25.05.2024 im Gemeindesaal der St. Albertus Magnus Gemeinde in Langen statt.<\/p>\n<p>Es wurden verschiedene Themenfelder diskutiert und konkrete Handlungsschritte zur Verwirklichung des Projekts gefunden.<\/p>\n<p>Auch diesmal berichtete die <a href=\"https:\/\/www.op-online.de\/region\/langen\/denkmal-gegen-die-gleichgueltigkeit-in-langen-nimmt-form-an-93097205.html\">Offenbach-Post in einem Artikel<\/a> von der Entwicklung des Denkmals.[\/vc_column_text][vc_empty_space][\/vc_column][\/vc_row][vc_row][vc_column width=&#8220;1\/2&#8243;]<div class=\"wl_einzelbild\"><p><img loading=\"lazy\" decoding=\"async\" class=\"aligncenter wp-image-2197 size-full\" src=\"https:\/\/weltlaeden.de\/langen\/wp-content\/uploads\/sites\/50\/2024\/06\/1000012836a.jpg\" alt=\"\" width=\"400\" height=\"300\" srcset=\"https:\/\/weltlaeden.de\/langen\/wp-content\/uploads\/sites\/50\/2024\/06\/1000012836a.jpg 400w, https:\/\/weltlaeden.de\/langen\/wp-content\/uploads\/sites\/50\/2024\/06\/1000012836a-300x225.jpg 300w\" sizes=\"auto, (max-width: 400px) 100vw, 400px\" \/><\/p><\/div>[\/vc_column][vc_column width=&#8220;1\/2&#8243;]<div class=\"wl_einzelbild\"><p><img loading=\"lazy\" decoding=\"async\" class=\"aligncenter wp-image-2196 size-full\" src=\"https:\/\/weltlaeden.de\/langen\/wp-content\/uploads\/sites\/50\/2024\/06\/1000012863a.jpg\" alt=\"\" width=\"400\" height=\"300\" srcset=\"https:\/\/weltlaeden.de\/langen\/wp-content\/uploads\/sites\/50\/2024\/06\/1000012863a.jpg 400w, https:\/\/weltlaeden.de\/langen\/wp-content\/uploads\/sites\/50\/2024\/06\/1000012863a-300x225.jpg 300w\" sizes=\"auto, (max-width: 400px) 100vw, 400px\" \/><\/p><\/div>[\/vc_column][\/vc_row][vc_row][vc_column][vc_empty_space height=&#8220;64px&#8220;][\/vc_column][\/vc_row][vc_row][vc_column][vc_text_separator title=&#8220;Auftaktveranstaltung&#8220; css=&#8220;&#8220;][\/vc_column][\/vc_row][vc_row][vc_column][vc_column_text css=&#8220;&#8220;]Unsere Auftaktveranstaltung f\u00fcr das Denkmal gegen die Gleichg\u00fcltigkeit (DgdG) in Langen, welche am 07.12.2023 in der Adolf-Reichwein-Schule in Langen stattfand, ist erfreulich gut verlaufen.<\/p>\n<p>Ca. 35 Personen sind unserer Einladung gefolgt und haben auch aktiv an den Diskussionen und Ideensammlungen mitgewirkt. Dar\u00fcber sind wir besonders gl\u00fccklich und danken allen TeilnehmerInnen. Es sind viele Gedanken und Vorschl\u00e4ge zur Umsetzung des Denkmals gesammelt worden.<\/p>\n<p>Die Grundidee ist, einen Bildschirm an einem zentralen, belebten Ort in Langen zu installieren, der von verschiedenen Langener Gruppen mit wechselnden Inhalten zum Thema Gleichg\u00fcltigkeit bespielt wird. Wunsch und Ziel hierbei ist, dass die Beitr\u00e4ge zum Nachdenken und Diskutieren anregen.<\/p>\n<p>Eine Zusammenfassung des Auftakttreffens k\u00f6nnen Sie auch in dem entsprechenden <a href=\"https:\/\/www.op-online.de\/region\/langen\/reflexion-und-dialog-ankurbeln-ideen-denkmal-gegen-gleichgueltigkeit-langen-92721233.html\">Presseartikel der Offenbach-Post<\/a> nachlesen.[\/vc_column_text][\/vc_column][\/vc_row][vc_row][vc_column][vc_empty_space][\/vc_column][\/vc_row][vc_row][vc_column width=&#8220;1\/2&#8243;]<div class=\"wl_einzelbild\"><p><img loading=\"lazy\" decoding=\"async\" class=\"aligncenter wp-image-2048\" src=\"https:\/\/weltlaeden.de\/langen\/wp-content\/uploads\/sites\/50\/2024\/01\/DSC_0241a-4-3.jpg\" alt=\"\" width=\"400\" height=\"300\" srcset=\"https:\/\/weltlaeden.de\/langen\/wp-content\/uploads\/sites\/50\/2024\/01\/DSC_0241a-4-3.jpg 600w, https:\/\/weltlaeden.de\/langen\/wp-content\/uploads\/sites\/50\/2024\/01\/DSC_0241a-4-3-300x225.jpg 300w\" sizes=\"auto, (max-width: 400px) 100vw, 400px\" \/><\/p><\/div>[\/vc_column][vc_column width=&#8220;1\/2&#8243;]<div class=\"wl_einzelbild\"><p><img loading=\"lazy\" decoding=\"async\" class=\"aligncenter wp-image-2049\" src=\"https:\/\/weltlaeden.de\/langen\/wp-content\/uploads\/sites\/50\/2024\/01\/DSC_0250a-4-3.jpg\" alt=\"\" width=\"400\" height=\"300\" srcset=\"https:\/\/weltlaeden.de\/langen\/wp-content\/uploads\/sites\/50\/2024\/01\/DSC_0250a-4-3.jpg 600w, https:\/\/weltlaeden.de\/langen\/wp-content\/uploads\/sites\/50\/2024\/01\/DSC_0250a-4-3-300x225.jpg 300w\" sizes=\"auto, (max-width: 400px) 100vw, 400px\" \/><\/p><\/div>[\/vc_column][\/vc_row]<\/p>\n<\/div>","protected":false},"excerpt":{"rendered":"<p>[vc_row][vc_column][vc_empty_space][\/vc_column][\/vc_row][vc_row][vc_column][vc_column_text css=&#8220;&#8220;] Historie [\/vc_column_text][\/vc_column][\/vc_row][vc_row][vc_column][vc_empty_space][\/vc_column][\/vc_row][vc_row][vc_column][vc_text_separator title=&#8220;Zukunftswerkstatt&#8220; css=&#8220;&#8220;][\/vc_column][\/vc_row][vc_row][vc_column][vc_column_text css=&#8220;&#8220;]Das zweite Treffen f\u00fcr das Denkmal gegen die Gleichg\u00fcltigkeit, die Zukunftswerkstatt, fand statt am Samstag dem 25.05.2024 im Gemeindesaal der St. Albertus Magnus Gemeinde in Langen statt. Es wurden verschiedene Themenfelder diskutiert und konkrete Handlungsschritte zur Verwirklichung des Projekts gefunden. Auch diesmal berichtete die Offenbach-Post in einem Artikel von&hellip;<\/p>\n","protected":false},"author":76,"featured_media":0,"parent":2135,"menu_order":0,"comment_status":"closed","ping_status":"closed","template":"","meta":{"footnotes":""},"class_list":["post-2169","page","type-page","status-publish","hentry","description-off"],"yoast_head":"<!-- This site is optimized with the Yoast SEO plugin v26.8 - https:\/\/yoast.com\/product\/yoast-seo-wordpress\/ -->\n<title>Historie - Weltladen Langen<\/title>\n<meta name=\"robots\" content=\"index, follow, max-snippet:-1, max-image-preview:large, max-video-preview:-1\" \/>\n<link rel=\"canonical\" href=\"https:\/\/weltlaeden.de\/langen\/denk-mal\/historie\/\" \/>\n<meta property=\"og:locale\" content=\"de_DE\" \/>\n<meta property=\"og:type\" content=\"article\" \/>\n<meta property=\"og:title\" content=\"Historie - Weltladen Langen\" \/>\n<meta property=\"og:description\" content=\"[vc_row][vc_column][vc_empty_space][\/vc_column][\/vc_row][vc_row][vc_column][vc_column_text css=&#8220;&#8220;] Historie [\/vc_column_text][\/vc_column][\/vc_row][vc_row][vc_column][vc_empty_space][\/vc_column][\/vc_row][vc_row][vc_column][vc_text_separator title=&#8220;Zukunftswerkstatt&#8220; css=&#8220;&#8220;][\/vc_column][\/vc_row][vc_row][vc_column][vc_column_text css=&#8220;&#8220;]Das zweite Treffen f\u00fcr das Denkmal gegen die Gleichg\u00fcltigkeit, die Zukunftswerkstatt, fand statt am Samstag dem 25.05.2024 im Gemeindesaal der St. Albertus Magnus Gemeinde in Langen statt. Es wurden verschiedene Themenfelder diskutiert und konkrete Handlungsschritte zur Verwirklichung des Projekts gefunden. Auch diesmal berichtete die Offenbach-Post in einem Artikel von&hellip;\" \/>\n<meta property=\"og:url\" content=\"https:\/\/weltlaeden.de\/langen\/denk-mal\/historie\/\" \/>\n<meta property=\"og:site_name\" content=\"Weltladen Langen\" \/>\n<meta property=\"article:modified_time\" content=\"2024-06-29T15:31:19+00:00\" \/>\n<meta property=\"og:image\" content=\"https:\/\/weltlaeden.de\/langen\/wp-content\/uploads\/sites\/50\/2024\/01\/image-overview-3-1.jpg\" \/>\n<meta name=\"twitter:card\" content=\"summary_large_image\" \/>\n<meta name=\"twitter:label1\" content=\"Gesch\u00e4tzte Lesezeit\" \/>\n\t<meta name=\"twitter:data1\" content=\"3\u00a0Minuten\" \/>\n<script type=\"application\/ld+json\" class=\"yoast-schema-graph\">{\"@context\":\"https:\/\/schema.org\",\"@graph\":[{\"@type\":\"WebPage\",\"@id\":\"https:\/\/weltlaeden.de\/langen\/denk-mal\/historie\/\",\"url\":\"https:\/\/weltlaeden.de\/langen\/denk-mal\/historie\/\",\"name\":\"Historie - Weltladen Langen\",\"isPartOf\":{\"@id\":\"https:\/\/weltlaeden.de\/langen\/#website\"},\"primaryImageOfPage\":{\"@id\":\"https:\/\/weltlaeden.de\/langen\/denk-mal\/historie\/#primaryimage\"},\"image\":{\"@id\":\"https:\/\/weltlaeden.de\/langen\/denk-mal\/historie\/#primaryimage\"},\"thumbnailUrl\":\"https:\/\/weltlaeden.de\/langen\/wp-content\/uploads\/sites\/50\/2024\/01\/image-overview-3-1.jpg\",\"datePublished\":\"2024-06-26T17:41:22+00:00\",\"dateModified\":\"2024-06-29T15:31:19+00:00\",\"breadcrumb\":{\"@id\":\"https:\/\/weltlaeden.de\/langen\/denk-mal\/historie\/#breadcrumb\"},\"inLanguage\":\"de\",\"potentialAction\":[{\"@type\":\"ReadAction\",\"target\":[\"https:\/\/weltlaeden.de\/langen\/denk-mal\/historie\/\"]}]},{\"@type\":\"ImageObject\",\"inLanguage\":\"de\",\"@id\":\"https:\/\/weltlaeden.de\/langen\/denk-mal\/historie\/#primaryimage\",\"url\":\"https:\/\/weltlaeden.de\/langen\/wp-content\/uploads\/sites\/50\/2024\/01\/image-overview-3-1.jpg\",\"contentUrl\":\"https:\/\/weltlaeden.de\/langen\/wp-content\/uploads\/sites\/50\/2024\/01\/image-overview-3-1.jpg\",\"width\":1200,\"height\":401},{\"@type\":\"BreadcrumbList\",\"@id\":\"https:\/\/weltlaeden.de\/langen\/denk-mal\/historie\/#breadcrumb\",\"itemListElement\":[{\"@type\":\"ListItem\",\"position\":1,\"name\":\"Startseite\",\"item\":\"https:\/\/weltlaeden.de\/langen\/\"},{\"@type\":\"ListItem\",\"position\":2,\"name\":\"Denk mal!\",\"item\":\"https:\/\/weltlaeden.de\/langen\/denk-mal\/\"},{\"@type\":\"ListItem\",\"position\":3,\"name\":\"Historie\"}]},{\"@type\":\"WebSite\",\"@id\":\"https:\/\/weltlaeden.de\/langen\/#website\",\"url\":\"https:\/\/weltlaeden.de\/langen\/\",\"name\":\"Vorlage\",\"description\":\"Herzlich Willkommen im Weltladen Langen\",\"potentialAction\":[{\"@type\":\"SearchAction\",\"target\":{\"@type\":\"EntryPoint\",\"urlTemplate\":\"https:\/\/weltlaeden.de\/langen\/?s={search_term_string}\"},\"query-input\":{\"@type\":\"PropertyValueSpecification\",\"valueRequired\":true,\"valueName\":\"search_term_string\"}}],\"inLanguage\":\"de\"}]}<\/script>\n<!-- \/ Yoast SEO plugin. -->","yoast_head_json":{"title":"Historie - Weltladen Langen","robots":{"index":"index","follow":"follow","max-snippet":"max-snippet:-1","max-image-preview":"max-image-preview:large","max-video-preview":"max-video-preview:-1"},"canonical":"https:\/\/weltlaeden.de\/langen\/denk-mal\/historie\/","og_locale":"de_DE","og_type":"article","og_title":"Historie - Weltladen Langen","og_description":"[vc_row][vc_column][vc_empty_space][\/vc_column][\/vc_row][vc_row][vc_column][vc_column_text css=&#8220;&#8220;] Historie [\/vc_column_text][\/vc_column][\/vc_row][vc_row][vc_column][vc_empty_space][\/vc_column][\/vc_row][vc_row][vc_column][vc_text_separator title=&#8220;Zukunftswerkstatt&#8220; css=&#8220;&#8220;][\/vc_column][\/vc_row][vc_row][vc_column][vc_column_text css=&#8220;&#8220;]Das zweite Treffen f\u00fcr das Denkmal gegen die Gleichg\u00fcltigkeit, die Zukunftswerkstatt, fand statt am Samstag dem 25.05.2024 im Gemeindesaal der St. Albertus Magnus Gemeinde in Langen statt. Es wurden verschiedene Themenfelder diskutiert und konkrete Handlungsschritte zur Verwirklichung des Projekts gefunden. Auch diesmal berichtete die Offenbach-Post in einem Artikel von&hellip;","og_url":"https:\/\/weltlaeden.de\/langen\/denk-mal\/historie\/","og_site_name":"Weltladen Langen","article_modified_time":"2024-06-29T15:31:19+00:00","og_image":[{"url":"https:\/\/weltlaeden.de\/langen\/wp-content\/uploads\/sites\/50\/2024\/01\/image-overview-3-1.jpg","type":"","width":"","height":""}],"twitter_card":"summary_large_image","twitter_misc":{"Gesch\u00e4tzte Lesezeit":"3\u00a0Minuten"},"schema":{"@context":"https:\/\/schema.org","@graph":[{"@type":"WebPage","@id":"https:\/\/weltlaeden.de\/langen\/denk-mal\/historie\/","url":"https:\/\/weltlaeden.de\/langen\/denk-mal\/historie\/","name":"Historie - Weltladen Langen","isPartOf":{"@id":"https:\/\/weltlaeden.de\/langen\/#website"},"primaryImageOfPage":{"@id":"https:\/\/weltlaeden.de\/langen\/denk-mal\/historie\/#primaryimage"},"image":{"@id":"https:\/\/weltlaeden.de\/langen\/denk-mal\/historie\/#primaryimage"},"thumbnailUrl":"https:\/\/weltlaeden.de\/langen\/wp-content\/uploads\/sites\/50\/2024\/01\/image-overview-3-1.jpg","datePublished":"2024-06-26T17:41:22+00:00","dateModified":"2024-06-29T15:31:19+00:00","breadcrumb":{"@id":"https:\/\/weltlaeden.de\/langen\/denk-mal\/historie\/#breadcrumb"},"inLanguage":"de","potentialAction":[{"@type":"ReadAction","target":["https:\/\/weltlaeden.de\/langen\/denk-mal\/historie\/"]}]},{"@type":"ImageObject","inLanguage":"de","@id":"https:\/\/weltlaeden.de\/langen\/denk-mal\/historie\/#primaryimage","url":"https:\/\/weltlaeden.de\/langen\/wp-content\/uploads\/sites\/50\/2024\/01\/image-overview-3-1.jpg","contentUrl":"https:\/\/weltlaeden.de\/langen\/wp-content\/uploads\/sites\/50\/2024\/01\/image-overview-3-1.jpg","width":1200,"height":401},{"@type":"BreadcrumbList","@id":"https:\/\/weltlaeden.de\/langen\/denk-mal\/historie\/#breadcrumb","itemListElement":[{"@type":"ListItem","position":1,"name":"Startseite","item":"https:\/\/weltlaeden.de\/langen\/"},{"@type":"ListItem","position":2,"name":"Denk mal!","item":"https:\/\/weltlaeden.de\/langen\/denk-mal\/"},{"@type":"ListItem","position":3,"name":"Historie"}]},{"@type":"WebSite","@id":"https:\/\/weltlaeden.de\/langen\/#website","url":"https:\/\/weltlaeden.de\/langen\/","name":"Vorlage","description":"Herzlich Willkommen im Weltladen Langen","potentialAction":[{"@type":"SearchAction","target":{"@type":"EntryPoint","urlTemplate":"https:\/\/weltlaeden.de\/langen\/?s={search_term_string}"},"query-input":{"@type":"PropertyValueSpecification","valueRequired":true,"valueName":"search_term_string"}}],"inLanguage":"de"}]}},"_links":{"self":[{"href":"https:\/\/weltlaeden.de\/langen\/wp-json\/wp\/v2\/pages\/2169","targetHints":{"allow":["GET"]}}],"collection":[{"href":"https:\/\/weltlaeden.de\/langen\/wp-json\/wp\/v2\/pages"}],"about":[{"href":"https:\/\/weltlaeden.de\/langen\/wp-json\/wp\/v2\/types\/page"}],"author":[{"embeddable":true,"href":"https:\/\/weltlaeden.de\/langen\/wp-json\/wp\/v2\/users\/76"}],"replies":[{"embeddable":true,"href":"https:\/\/weltlaeden.de\/langen\/wp-json\/wp\/v2\/comments?post=2169"}],"version-history":[{"count":18,"href":"https:\/\/weltlaeden.de\/langen\/wp-json\/wp\/v2\/pages\/2169\/revisions"}],"predecessor-version":[{"id":2186,"href":"https:\/\/weltlaeden.de\/langen\/wp-json\/wp\/v2\/pages\/2169\/revisions\/2186"}],"up":[{"embeddable":true,"href":"https:\/\/weltlaeden.de\/langen\/wp-json\/wp\/v2\/pages\/2135"}],"wp:attachment":[{"href":"https:\/\/weltlaeden.de\/langen\/wp-json\/wp\/v2\/media?parent=2169"}],"curies":[{"name":"wp","href":"https:\/\/api.w.org\/{rel}","templated":true}]}}