{"id":20,"date":"2016-10-14T09:05:21","date_gmt":"2016-10-14T07:05:21","guid":{"rendered":"https:\/\/wl.heimpixel.de\/vorlage\/weltladen-musterdorf\/"},"modified":"2026-03-15T13:33:53","modified_gmt":"2026-03-15T12:33:53","slug":"weltladen-musterdorf","status":"publish","type":"page","link":"https:\/\/weltlaeden.de\/langen\/","title":{"rendered":"Weltladen Langen"},"content":{"rendered":"<div class=\"wpb-content-wrapper\"><p>[vc_row][vc_column]<div class=\"wl_einzelbild\"><p><img loading=\"lazy\" decoding=\"async\" class=\"size-full wp-image-2444 aligncenter\" src=\"https:\/\/weltlaeden.de\/langen\/wp-content\/uploads\/sites\/50\/2026\/03\/IMG_5928_1500x600px.jpg\" alt=\"\" width=\"1500\" height=\"600\" srcset=\"https:\/\/weltlaeden.de\/langen\/wp-content\/uploads\/sites\/50\/2026\/03\/IMG_5928_1500x600px.jpg 1500w, https:\/\/weltlaeden.de\/langen\/wp-content\/uploads\/sites\/50\/2026\/03\/IMG_5928_1500x600px-300x120.jpg 300w, https:\/\/weltlaeden.de\/langen\/wp-content\/uploads\/sites\/50\/2026\/03\/IMG_5928_1500x600px-1024x410.jpg 1024w, https:\/\/weltlaeden.de\/langen\/wp-content\/uploads\/sites\/50\/2026\/03\/IMG_5928_1500x600px-768x307.jpg 768w\" sizes=\"auto, (max-width: 1500px) 100vw, 1500px\" \/><\/p><\/div>[vc_empty_space height=&#8220;40px&#8220;][\/vc_column][\/vc_row][vc_row][vc_column][vc_column_text]<\/p>\n<h1 style=\"text-align: center\">HERZLICH\u00a0WILLKOMMEN\u00a0IM WELTLADEN LANGEN<\/h1>\n<p>[\/vc_column_text][vc_column_text]<\/p>\n<h2 style=\"text-align: center\">Fachgesch\u00e4ft f\u00fcr Fairen Handel<\/h2>\n<p style=\"text-align: center\">Hochwertige Qualit\u00e4t der Produkte &#8211; Fairness in den Handelsbeziehungen &#8211; Entwicklung von Perspektiven<\/p>\n<p>[\/vc_column_text][vc_empty_space height=&#8220;20px&#8220;][vc_empty_space height=&#8220;20px&#8220;][\/vc_column][\/vc_row][vc_row][vc_column][vc_empty_space][vc_separator][vc_column_text]<\/p>\n<h2>Schauen Sie sich gerne um&#8230;<\/h2>\n<p>[\/vc_column_text][vc_empty_space height=&#8220;20px&#8220;][vc_row_inner][vc_column_inner width=&#8220;1\/4&#8243;]<div class=\"wl_einzelbild\"><p><img loading=\"lazy\" decoding=\"async\" class=\"alignleft wp-image-2433 size-full\" src=\"https:\/\/weltlaeden.de\/langen\/wp-content\/uploads\/sites\/50\/2026\/03\/P1100034_150x150px.jpg\" alt=\"\" width=\"150\" height=\"150\" \/><\/p><\/div>[\/vc_column_inner][vc_column_inner width=&#8220;3\/4&#8243;][vc_column_text css=&#8220;&#8220;]<\/p>\n<h3>Produkte<\/h3>\n<p>Sie finden bei uns ein breites Angebot von Produkten aus Fairem Handel. <a href=\"https:\/\/weltlaeden.de\/langen\/produkte\/\">Hier zeigen wir Ihnen unser Sortiment&#8230; <\/a><\/p>\n<p><span style=\"color: #ff0000\">Aktuell erhalten Sie 20% Rabatt auf Winterware aus Schurwolle, Kaschmir- oder Alpakawolle.<\/span>[\/vc_column_text][\/vc_column_inner][\/vc_row_inner][vc_separator][vc_row_inner][vc_column_inner width=&#8220;1\/4&#8243;]<div class=\"wl_einzelbild\"><p><img loading=\"lazy\" decoding=\"async\" class=\"alignleft wp-image-1732 size-thumbnail\" src=\"https:\/\/weltlaeden.de\/langen\/wp-content\/uploads\/sites\/50\/2022\/08\/Fair-Handeln1-150x150.jpg\" alt=\"\" width=\"150\" height=\"150\" srcset=\"https:\/\/weltlaeden.de\/langen\/wp-content\/uploads\/sites\/50\/2022\/08\/Fair-Handeln1-150x150.jpg 150w, https:\/\/weltlaeden.de\/langen\/wp-content\/uploads\/sites\/50\/2022\/08\/Fair-Handeln1-300x300.jpg 300w, https:\/\/weltlaeden.de\/langen\/wp-content\/uploads\/sites\/50\/2022\/08\/Fair-Handeln1.jpg 700w\" sizes=\"auto, (max-width: 150px) 100vw, 150px\" \/><\/p><\/div>[\/vc_column_inner][vc_column_inner width=&#8220;3\/4&#8243;][vc_column_text]<\/p>\n<h3>Fairer Handel<\/h3>\n<p>Was meint Fairer Handel \u00fcberhaupt? Welche Kriterien m\u00fcssen eingehalten werden und wer \u00fcberpr\u00fcft diese? <a href=\"https:\/\/weltlaeden.de\/langen\/fairer-handel\/\">Hier erfahren Sie mehr&#8230; <\/a>[\/vc_column_text][\/vc_column_inner][\/vc_row_inner][vc_row_inner][vc_column_inner width=&#8220;1\/4&#8243;]<div class=\"wl_einzelbild\"><p><img loading=\"lazy\" decoding=\"async\" class=\"alignleft size-full wp-image-2222\" src=\"https:\/\/weltlaeden.de\/langen\/wp-content\/uploads\/sites\/50\/2024\/06\/DgdG-Logo_150x150.jpg\" alt=\"\" width=\"150\" height=\"150\" \/><\/p><\/div>[\/vc_column_inner][vc_column_inner width=&#8220;3\/4&#8243;][vc_column_text css=&#8220;&#8220;]<\/p>\n<h3>Denk mal!<\/h3>\n<p>Wir m\u00f6chten in Langen ein Denkmal gegen die Gleichg\u00fcltigkeit schaffen. Wie das Denkmal aussehen k\u00f6nnte und wie Sie es mitgestalten,\u00a0<a href=\"https:\/\/weltlaeden.de\/langen\/denk-mal\/\">erfahren Sie hier&#8230;<\/a>[\/vc_column_text][\/vc_column_inner][\/vc_row_inner][vc_separator][vc_row_inner][vc_column_inner width=&#8220;1\/4&#8243;]<div class=\"wl_einzelbild\"><p><img loading=\"lazy\" decoding=\"async\" class=\"alignnone size-thumbnail wp-image-514\" src=\"https:\/\/weltlaeden.de\/langen\/wp-content\/uploads\/sites\/50\/2016\/10\/DSC_0301Ausstellung_Hessen-150x150.jpg\" alt=\"\" width=\"150\" height=\"150\" \/><\/p><\/div>[\/vc_column_inner][vc_column_inner width=&#8220;3\/4&#8243;][vc_column_text]<\/p>\n<h3>Informationen<\/h3>\n<p>Bildungsarbeit, Informationen\u00a0und Projekte\u00a0sind wichtige S\u00e4ulen unseres Engagements. <a href=\"https:\/\/weltlaeden.de\/langen\/informationen\/\">Hier\u00a0sind\u00a0unsere\u00a0Schwerpunkte&#8230;<\/a>[\/vc_column_text][\/vc_column_inner][\/vc_row_inner][vc_separator][vc_row_inner][vc_column_inner width=&#8220;1\/4&#8243;]<div class=\"wl_einzelbild\"><p><img loading=\"lazy\" decoding=\"async\" class=\"alignnone size-thumbnail wp-image-567\" src=\"https:\/\/weltlaeden.de\/langen\/wp-content\/uploads\/sites\/50\/2016\/10\/weltladen-5688a-150x150.jpg\" alt=\"\" width=\"150\" height=\"150\" \/><\/p><\/div>[\/vc_column_inner][vc_column_inner width=&#8220;3\/4&#8243;][vc_column_text]<\/p>\n<h3>\u00dcber uns<\/h3>\n<p>Wer wir sind, warum wir uns f\u00fcr Fairen Handel engagieren und wie man bei uns mitmachen kann. <a href=\"https:\/\/weltlaeden.de\/langen\/ueber-uns\/\">Hier stellen wir uns vor&#8230; <\/a>[\/vc_column_text][\/vc_column_inner][\/vc_row_inner][vc_separator][vc_empty_space][\/vc_column][vc_column][\/vc_column][\/vc_row][vc_row][vc_column][vc_column_text]<\/p>\n<h2>Aktuell &#8211; Neu &#8211; Besonders<\/h2>\n<p>[\/vc_column_text]<!-- This slideshow output is generated with Advanced post slider a multipurpose responsive WordPress slideshow plugin - http:\/\/www.wpcue.com\/wordpress-plugins\/advanced-post-slider\/ -->\r\n<style>\r\n#advps_container1 .bx-wrapper .bx-viewport {\r\n\t\tbackground:#ffffff;\r\n}\r\n#advps_container1 .bx-wrapper .bx-pager{\r\n\ttext-align: right;\r\n\tpadding-right:5px;\r\n}\r\n#advps_container1 .bx-wrapper .bx-pager\r\n{\r\n\tbottom:-35px;\r\n\tz-index:999;\r\n}\r\n#advps_container1 .bx-wrapper .bx-controls-auto\r\n{\r\n\tbottom:6px;\r\n}\r\n#advps_container1 .bx-wrapper .bx-controls.bx-has-controls-auto.bx-has-pager .bx-pager {\r\n\ttext-align: right;\r\n}\r\n#advps_container1 .bx-wrapper .bx-controls-auto {\r\n\tz-index:99999;\r\n\ttext-align:center;width:100%;}\r\n\r\n#advps_container1 .bx-wrapper .bx-pager.bx-default-pager a {\r\n\tbackground: #666;\r\n\ttext-indent: -9999px;\r\n\tdisplay: block;\r\n\twidth: 10px;\r\n\theight: 10px;\r\n\tmargin: 0 5px;\r\n\toutline: 0;\r\n\t-moz-border-radius: 5px;\r\n\t-webkit-border-radius: 5px;\r\n\tborder-radius: 5px;\r\n\ttext-align:left;\r\n}\r\n#advps_container1 .bx-wrapper .bx-pager.bx-default-pager a:hover,\r\n#advps_container1 .bx-wrapper .bx-pager.bx-default-pager a.active {\r\n\tbackground: #000;\r\n}\r\n\r\n\/* thumbnail pager*\/\r\n#advps_container1 #bx-pager\r\n{\r\n\twidth:100%;\r\n\tposition:absolute;\r\n\tbottom:-35px;\r\n    text-align: right;\r\n\tz-index: 9999;\r\n}\r\n#advps_container1 #bx-pager a img\r\n{\r\n\tborder: 1px solid #CCCCCC;\r\n    padding: 3px;\r\n}\r\n#advps_container1 #bx-pager a:hover img, #advps_container1 #bx-pager a.active img\r\n{\r\n\tborder: 1px solid #666666;\r\n}\r\n\/* medai queries *\/\r\n#advps_container1 .advs-title,#advps_container1 .advs-title a\r\n{\r\n\tfont-size:20px;\r\n\tline-height:26px;\r\n}\r\n#advps_container1 .advps-slide p\r\n{\r\n\tfont-size:15px;\r\n\tline-height:22px;\r\n}\r\n@media screen and (max-width: 1024px){\r\n\t#advps_container1 .advs-title,#advps_container1 .advs-title a\r\n\t{\r\n\t\tfont-size:16px;\r\n\t\tline-height:26px;\r\n\t}\r\n\t#advps_container1 .advps-slide p\r\n\t{\r\n\t\tfont-size:15px;\r\n\t\tline-height:22px;\r\n\t}\r\n}\r\n@media screen and (max-width: 768px){\r\n\t#advps_container1 h2.advs-title, #advps_container1 h2.advs-title a\r\n\t{\r\n\t\tfont-size:16px;\r\n\t\tline-height:20px;\r\n\t}\r\n\t#advps_container1 .advps-slide p\r\n\t{\r\n\t\tfont-size:14px;\r\n\t\tline-height:18px;\r\n\t}\r\n}\r\n@media screen and (max-width: 650px){\r\n\t#advps_container1 h2.advs-title, #advps_container1 h2.advs-title a\r\n\t{\r\n\t\tfont-size:15px;\r\n\t\tline-height:18px;\r\n\t}\r\n\t#advps_container1 .advps-slide p\r\n\t{\r\n\t\tfont-size:13px;\r\n\t\tline-height:15px;\r\n\t}\r\n}\r\n@media screen and (max-width: 480px){\r\n\t#advps_container1 h2.advs-title, #advps_container1 h2.advs-title a\r\n\t{\r\n\t\tfont-size:13px;\r\n\t\tline-height:14px;\r\n\t}\r\n\t#advps_container1 .advps-slide p\r\n\t{\r\n\t\tfont-size:12px;\r\n\t\tline-height:13px;\r\n\t}\r\n}\r\n@media screen and (max-width: 320px){\r\n\t#advps_container1 h2.advs-title, #advps_container1 h2.advs-title a\r\n\t{\r\n\t\tfont-size:12px;\r\n\t\tline-height:13px;\r\n\t}\r\n\t#advps_container1 .advps-slide p\r\n\t{\r\n\t\tfont-size:11px;\r\n\t\tline-height:12px;\r\n\t}\r\n}\r\n<\/style>\r\n<script type=\"text\/javascript\">\r\n\t\tjQuery(document).ready(function($){\r\n\t\t\t$('#advpsslideshow_1').bxSlider({\r\n\t\t\t\tuseCSS:1,\r\n\t\t\t\tslideMargin: 0,\r\n\t\t\t\tspeed: 2000,\t\t\t\t\r\n\t\t\t\t\t\t\t\tmode: 'fade',\r\n\t\t\t\t\t\t\t\t\t\t\t\tauto: 1,\r\n\t\t\t\tautoHover: 1,\r\n\t\t\t\tpause: 6000,\r\n\t\t\t\teasing: 'linear',\r\n\t\t\t\tcontrols: 0,\r\n\t\t\t\tpager: 1,\r\n  \t\t\t\tautoControls: 0\t\t\t\t\t\t\t});\r\n\t\t\t\t\t\t\t$(\"#advpsslideshow_1 .advs-title a\").hover(function(){\r\n\t\t\t\t\t$(this).css('color','#5e5e5e');\r\n\t\t\t\t},function(){\r\n\t\t\t\t\t$(this).css('color','#ff7c00');\r\n\t\t\t\t});\r\n\t\t\t\t\t\t$(\"#advpsslideshow_1 .advps-slide\").hover(function(){\r\n\t\t\t\t  \t\t\t},function(){\r\n\t\t\t\t\t\t\t});\r\n\t\t});\r\n\t<\/script>\r\n<div id=\"advps_container1\" class=\"advps-slide-container\" style=\"overflow:hidden;max-width:1000px;\">\r\n \r\n  <div id=\"advpsslideshow_1\">\r\n        <div class=\"advps-slide\">\r\n\t<a target=\"_blank\" href=\"\" >      <img loading=\"lazy\" decoding=\"async\" width=\"510\" height=\"340\" src=\"https:\/\/weltlaeden.de\/langen\/wp-content\/uploads\/sites\/50\/2026\/01\/P1100005_510x340px.jpg\" class=\"attachment-full size-full wp-post-image\" alt=\"\" srcset=\"https:\/\/weltlaeden.de\/langen\/wp-content\/uploads\/sites\/50\/2026\/01\/P1100005_510x340px.jpg 510w, https:\/\/weltlaeden.de\/langen\/wp-content\/uploads\/sites\/50\/2026\/01\/P1100005_510x340px-300x200.jpg 300w\" sizes=\"auto, (max-width: 510px) 100vw, 510px\" \/>      <\/a>       \r\n      <div class=\"advps-excerpt-one\" style=\"width:27%;height:100%;top:0; right:0;\">\r\n      \t<div class=\"advps-overlay-one\" style=\"background-color:#ffffff; -moz-opacity:0.97;filter:alpha(opacity=97);opacity:0.97;\"><\/div>\r\n        <div class=\"advps-excerpt-block-one\" style=\"text-align:left;color:#383838;-moz-opacity:1;filter:alpha(opacity=100);opacity:1;\">        \r\n        <h2 class=\"advs-title\" style=\"margin:5px 0px 10px 0px;color:#ff7c00\"><a target=\"_blank\" href=\"\" style=\"margin:5px 0px 10px 0px;color:#ff7c00\" >Summ summ summ..<\/a><\/h2>\r\n          \r\n            <p>Bezaubernde Mobiles: da geraten nicht nur Kinder ins Tr\u00e4umen.<\/p>\n        <\/div>\r\n      <\/div>\r\n    <\/div>\r\n        <div class=\"advps-slide\">\r\n\t<a target=\"_blank\" href=\"\" >      <img loading=\"lazy\" decoding=\"async\" width=\"510\" height=\"340\" src=\"https:\/\/weltlaeden.de\/langen\/wp-content\/uploads\/sites\/50\/2026\/03\/P1100052_510x340px.jpg\" class=\"attachment-full size-full wp-post-image\" alt=\"\" srcset=\"https:\/\/weltlaeden.de\/langen\/wp-content\/uploads\/sites\/50\/2026\/03\/P1100052_510x340px.jpg 510w, https:\/\/weltlaeden.de\/langen\/wp-content\/uploads\/sites\/50\/2026\/03\/P1100052_510x340px-300x200.jpg 300w\" sizes=\"auto, (max-width: 510px) 100vw, 510px\" \/>      <\/a>       \r\n      <div class=\"advps-excerpt-one\" style=\"width:27%;height:100%;top:0; right:0;\">\r\n      \t<div class=\"advps-overlay-one\" style=\"background-color:#ffffff; -moz-opacity:0.97;filter:alpha(opacity=97);opacity:0.97;\"><\/div>\r\n        <div class=\"advps-excerpt-block-one\" style=\"text-align:left;color:#383838;-moz-opacity:1;filter:alpha(opacity=100);opacity:1;\">        \r\n        <h2 class=\"advs-title\" style=\"margin:5px 0px 10px 0px;color:#ff7c00\"><a target=\"_blank\" href=\"\" style=\"margin:5px 0px 10px 0px;color:#ff7c00\" >Edler Glanz<\/a><\/h2>\r\n          \r\n            <p>Sie lieben individuellen Schmuck? Dann finden Sie bei uns Ihr neues Lieblingsst\u00fcck<\/p>\n        <\/div>\r\n      <\/div>\r\n    <\/div>\r\n        <div class=\"advps-slide\">\r\n\t<a target=\"_blank\" href=\"\" >      <img loading=\"lazy\" decoding=\"async\" width=\"510\" height=\"340\" src=\"https:\/\/weltlaeden.de\/langen\/wp-content\/uploads\/sites\/50\/2026\/03\/P1100039_510x340px.jpg\" class=\"attachment-full size-full wp-post-image\" alt=\"\" srcset=\"https:\/\/weltlaeden.de\/langen\/wp-content\/uploads\/sites\/50\/2026\/03\/P1100039_510x340px.jpg 510w, https:\/\/weltlaeden.de\/langen\/wp-content\/uploads\/sites\/50\/2026\/03\/P1100039_510x340px-300x200.jpg 300w\" sizes=\"auto, (max-width: 510px) 100vw, 510px\" \/>      <\/a>       \r\n      <div class=\"advps-excerpt-one\" style=\"width:27%;height:100%;top:0; right:0;\">\r\n      \t<div class=\"advps-overlay-one\" style=\"background-color:#ffffff; -moz-opacity:0.97;filter:alpha(opacity=97);opacity:0.97;\"><\/div>\r\n        <div class=\"advps-excerpt-block-one\" style=\"text-align:left;color:#383838;-moz-opacity:1;filter:alpha(opacity=100);opacity:1;\">        \r\n        <h2 class=\"advs-title\" style=\"margin:5px 0px 10px 0px;color:#ff7c00\"><a target=\"_blank\" href=\"\" style=\"margin:5px 0px 10px 0px;color:#ff7c00\" >Ostern<\/a><\/h2>\r\n          \r\n            <p>Entdecken Sie bei uns bunte Schokoladeneier und Osterhasen sowie Dekoration und Kerzen in fr\u00fchlingsfrischen Farben &#8211; alles aus fairem Handel.<\/p>\n        <\/div>\r\n      <\/div>\r\n    <\/div>\r\n      <\/div>\r\n  <\/div><!-- end advps-slide-container -->\r\n<!-- \/ Advanced post slider a multipurpose responsive slideshow plugin -->\r\n[vc_separator][\/vc_column][\/vc_row][vc_row][vc_column][\/vc_column][\/vc_row]<\/p>\n<\/div>","protected":false},"excerpt":{"rendered":"<p>[vc_row][vc_column][vc_empty_space height=&#8220;40px&#8220;][\/vc_column][\/vc_row][vc_row][vc_column][vc_column_text] HERZLICH\u00a0WILLKOMMEN\u00a0IM WELTLADEN LANGEN [\/vc_column_text][vc_column_text] Fachgesch\u00e4ft f\u00fcr Fairen Handel Hochwertige Qualit\u00e4t der Produkte &#8211; Fairness in den Handelsbeziehungen &#8211; Entwicklung von Perspektiven [\/vc_column_text][vc_empty_space height=&#8220;20px&#8220;][vc_empty_space&hellip;<\/p>\n","protected":false},"author":1,"featured_media":0,"parent":0,"menu_order":0,"comment_status":"closed","ping_status":"closed","template":"","meta":{"footnotes":""},"class_list":["post-20","page","type-page","status-publish","hentry","description-off"],"yoast_head":"<!-- This site is optimized with the Yoast SEO plugin v26.8 - https:\/\/yoast.com\/product\/yoast-seo-wordpress\/ -->\n<title>Weltladen Langen, Fachgesch\u00e4ft f\u00fcr Produkte aus Fairem Handel<\/title>\n<meta name=\"robots\" content=\"index, follow, max-snippet:-1, max-image-preview:large, max-video-preview:-1\" \/>\n<link rel=\"canonical\" href=\"https:\/\/weltlaeden.de\/langen\/\" \/>\n<meta property=\"og:locale\" content=\"de_DE\" \/>\n<meta property=\"og:type\" content=\"article\" \/>\n<meta property=\"og:title\" content=\"Weltladen Langen, Fachgesch\u00e4ft f\u00fcr Produkte aus Fairem Handel\" \/>\n<meta property=\"og:description\" content=\"[vc_row][vc_column][vc_empty_space height=&#8220;40px&#8220;][\/vc_column][\/vc_row][vc_row][vc_column][vc_column_text] HERZLICH\u00a0WILLKOMMEN\u00a0IM WELTLADEN LANGEN [\/vc_column_text][vc_column_text] Fachgesch\u00e4ft f\u00fcr Fairen Handel Hochwertige Qualit\u00e4t der Produkte &#8211; Fairness in den Handelsbeziehungen &#8211; Entwicklung von Perspektiven [\/vc_column_text][vc_empty_space height=&#8220;20px&#8220;][vc_empty_space&hellip;\" \/>\n<meta property=\"og:url\" content=\"https:\/\/weltlaeden.de\/langen\/\" \/>\n<meta property=\"og:site_name\" content=\"Weltladen Langen\" \/>\n<meta property=\"article:modified_time\" content=\"2026-03-15T12:33:53+00:00\" \/>\n<meta property=\"og:image\" content=\"https:\/\/weltlaeden.de\/langen\/wp-content\/uploads\/sites\/50\/2026\/03\/IMG_5928_1500x600px.jpg\" \/>\n\t<meta property=\"og:image:width\" content=\"1500\" \/>\n\t<meta property=\"og:image:height\" content=\"600\" \/>\n\t<meta property=\"og:image:type\" content=\"image\/jpeg\" \/>\n<meta name=\"twitter:card\" content=\"summary_large_image\" \/>\n<meta name=\"twitter:label1\" content=\"Gesch\u00e4tzte Lesezeit\" \/>\n\t<meta name=\"twitter:data1\" content=\"3\u00a0Minuten\" \/>\n<script type=\"application\/ld+json\" class=\"yoast-schema-graph\">{\"@context\":\"https:\/\/schema.org\",\"@graph\":[{\"@type\":\"WebPage\",\"@id\":\"https:\/\/weltlaeden.de\/langen\/\",\"url\":\"https:\/\/weltlaeden.de\/langen\/\",\"name\":\"Weltladen Langen, Fachgesch\u00e4ft f\u00fcr Produkte aus Fairem Handel\",\"isPartOf\":{\"@id\":\"https:\/\/weltlaeden.de\/langen\/#website\"},\"primaryImageOfPage\":{\"@id\":\"https:\/\/weltlaeden.de\/langen\/#primaryimage\"},\"image\":{\"@id\":\"https:\/\/weltlaeden.de\/langen\/#primaryimage\"},\"thumbnailUrl\":\"https:\/\/weltlaeden.de\/langen\/wp-content\/uploads\/sites\/50\/2026\/03\/IMG_5928_1500x600px.jpg\",\"datePublished\":\"2016-10-14T07:05:21+00:00\",\"dateModified\":\"2026-03-15T12:33:53+00:00\",\"breadcrumb\":{\"@id\":\"https:\/\/weltlaeden.de\/langen\/#breadcrumb\"},\"inLanguage\":\"de\",\"potentialAction\":[{\"@type\":\"ReadAction\",\"target\":[\"https:\/\/weltlaeden.de\/langen\/\"]}]},{\"@type\":\"ImageObject\",\"inLanguage\":\"de\",\"@id\":\"https:\/\/weltlaeden.de\/langen\/#primaryimage\",\"url\":\"https:\/\/weltlaeden.de\/langen\/wp-content\/uploads\/sites\/50\/2026\/03\/IMG_5928_1500x600px.jpg\",\"contentUrl\":\"https:\/\/weltlaeden.de\/langen\/wp-content\/uploads\/sites\/50\/2026\/03\/IMG_5928_1500x600px.jpg\",\"width\":1500,\"height\":600},{\"@type\":\"BreadcrumbList\",\"@id\":\"https:\/\/weltlaeden.de\/langen\/#breadcrumb\",\"itemListElement\":[{\"@type\":\"ListItem\",\"position\":1,\"name\":\"Startseite\",\"item\":\"https:\/\/weltlaeden.de\/langen\/\"},{\"@type\":\"ListItem\",\"position\":2,\"name\":\"Weltladen Langen\"}]},{\"@type\":\"WebSite\",\"@id\":\"https:\/\/weltlaeden.de\/langen\/#website\",\"url\":\"https:\/\/weltlaeden.de\/langen\/\",\"name\":\"Vorlage\",\"description\":\"Herzlich Willkommen im Weltladen Langen\",\"potentialAction\":[{\"@type\":\"SearchAction\",\"target\":{\"@type\":\"EntryPoint\",\"urlTemplate\":\"https:\/\/weltlaeden.de\/langen\/?s={search_term_string}\"},\"query-input\":{\"@type\":\"PropertyValueSpecification\",\"valueRequired\":true,\"valueName\":\"search_term_string\"}}],\"inLanguage\":\"de\"}]}<\/script>\n<!-- \/ Yoast SEO plugin. -->","yoast_head_json":{"title":"Weltladen Langen, Fachgesch\u00e4ft f\u00fcr Produkte aus Fairem Handel","robots":{"index":"index","follow":"follow","max-snippet":"max-snippet:-1","max-image-preview":"max-image-preview:large","max-video-preview":"max-video-preview:-1"},"canonical":"https:\/\/weltlaeden.de\/langen\/","og_locale":"de_DE","og_type":"article","og_title":"Weltladen Langen, Fachgesch\u00e4ft f\u00fcr Produkte aus Fairem Handel","og_description":"[vc_row][vc_column][vc_empty_space height=&#8220;40px&#8220;][\/vc_column][\/vc_row][vc_row][vc_column][vc_column_text] HERZLICH\u00a0WILLKOMMEN\u00a0IM WELTLADEN LANGEN [\/vc_column_text][vc_column_text] Fachgesch\u00e4ft f\u00fcr Fairen Handel Hochwertige Qualit\u00e4t der Produkte &#8211; Fairness in den Handelsbeziehungen &#8211; Entwicklung von Perspektiven [\/vc_column_text][vc_empty_space height=&#8220;20px&#8220;][vc_empty_space&hellip;","og_url":"https:\/\/weltlaeden.de\/langen\/","og_site_name":"Weltladen Langen","article_modified_time":"2026-03-15T12:33:53+00:00","og_image":[{"width":1500,"height":600,"url":"https:\/\/weltlaeden.de\/langen\/wp-content\/uploads\/sites\/50\/2026\/03\/IMG_5928_1500x600px.jpg","type":"image\/jpeg"}],"twitter_card":"summary_large_image","twitter_misc":{"Gesch\u00e4tzte Lesezeit":"3\u00a0Minuten"},"schema":{"@context":"https:\/\/schema.org","@graph":[{"@type":"WebPage","@id":"https:\/\/weltlaeden.de\/langen\/","url":"https:\/\/weltlaeden.de\/langen\/","name":"Weltladen Langen, Fachgesch\u00e4ft f\u00fcr Produkte aus Fairem Handel","isPartOf":{"@id":"https:\/\/weltlaeden.de\/langen\/#website"},"primaryImageOfPage":{"@id":"https:\/\/weltlaeden.de\/langen\/#primaryimage"},"image":{"@id":"https:\/\/weltlaeden.de\/langen\/#primaryimage"},"thumbnailUrl":"https:\/\/weltlaeden.de\/langen\/wp-content\/uploads\/sites\/50\/2026\/03\/IMG_5928_1500x600px.jpg","datePublished":"2016-10-14T07:05:21+00:00","dateModified":"2026-03-15T12:33:53+00:00","breadcrumb":{"@id":"https:\/\/weltlaeden.de\/langen\/#breadcrumb"},"inLanguage":"de","potentialAction":[{"@type":"ReadAction","target":["https:\/\/weltlaeden.de\/langen\/"]}]},{"@type":"ImageObject","inLanguage":"de","@id":"https:\/\/weltlaeden.de\/langen\/#primaryimage","url":"https:\/\/weltlaeden.de\/langen\/wp-content\/uploads\/sites\/50\/2026\/03\/IMG_5928_1500x600px.jpg","contentUrl":"https:\/\/weltlaeden.de\/langen\/wp-content\/uploads\/sites\/50\/2026\/03\/IMG_5928_1500x600px.jpg","width":1500,"height":600},{"@type":"BreadcrumbList","@id":"https:\/\/weltlaeden.de\/langen\/#breadcrumb","itemListElement":[{"@type":"ListItem","position":1,"name":"Startseite","item":"https:\/\/weltlaeden.de\/langen\/"},{"@type":"ListItem","position":2,"name":"Weltladen Langen"}]},{"@type":"WebSite","@id":"https:\/\/weltlaeden.de\/langen\/#website","url":"https:\/\/weltlaeden.de\/langen\/","name":"Vorlage","description":"Herzlich Willkommen im Weltladen Langen","potentialAction":[{"@type":"SearchAction","target":{"@type":"EntryPoint","urlTemplate":"https:\/\/weltlaeden.de\/langen\/?s={search_term_string}"},"query-input":{"@type":"PropertyValueSpecification","valueRequired":true,"valueName":"search_term_string"}}],"inLanguage":"de"}]}},"_links":{"self":[{"href":"https:\/\/weltlaeden.de\/langen\/wp-json\/wp\/v2\/pages\/20","targetHints":{"allow":["GET"]}}],"collection":[{"href":"https:\/\/weltlaeden.de\/langen\/wp-json\/wp\/v2\/pages"}],"about":[{"href":"https:\/\/weltlaeden.de\/langen\/wp-json\/wp\/v2\/types\/page"}],"author":[{"embeddable":true,"href":"https:\/\/weltlaeden.de\/langen\/wp-json\/wp\/v2\/users\/1"}],"replies":[{"embeddable":true,"href":"https:\/\/weltlaeden.de\/langen\/wp-json\/wp\/v2\/comments?post=20"}],"version-history":[{"count":262,"href":"https:\/\/weltlaeden.de\/langen\/wp-json\/wp\/v2\/pages\/20\/revisions"}],"predecessor-version":[{"id":2445,"href":"https:\/\/weltlaeden.de\/langen\/wp-json\/wp\/v2\/pages\/20\/revisions\/2445"}],"wp:attachment":[{"href":"https:\/\/weltlaeden.de\/langen\/wp-json\/wp\/v2\/media?parent=20"}],"curies":[{"name":"wp","href":"https:\/\/api.w.org\/{rel}","templated":true}]}}