{"id":933,"date":"2020-03-26T22:45:22","date_gmt":"2020-03-26T21:45:22","guid":{"rendered":"https:\/\/weltlaeden.de\/landsberg\/?page_id=933"},"modified":"2022-10-02T21:21:05","modified_gmt":"2022-10-02T19:21:05","slug":"lieferservice","status":"publish","type":"page","link":"https:\/\/weltlaeden.de\/landsberg\/unser-sortiment\/lieferservice\/","title":{"rendered":"Lieferservice"},"content":{"rendered":"<div class=\"wpb-content-wrapper\"><p>[vc_row][vc_column][vc_column_text]<\/p>\n<h2><\/h2>\n<p>[\/vc_column_text][vc_column_text]<\/p>\n<div align=\"left\"><\/div>\n<div align=\"left\"><\/div>\n<p>[\/vc_column_text][\/vc_column][\/vc_row][vc_row][vc_column][vc_column_text]<\/p>\n<p align=\"center\"><span style=\"font-family: Liberation Sans, sans-serif;color: #ff6600\"><span style=\"font-size: xx-large\"><b>Lieferservice<\/b><\/span><\/span><\/p>\n<p>&nbsp;<\/p>\n<p><span style=\"font-family: Liberation Sans, sans-serif\">Falls Sie nicht zu uns in den Weltladen kommen k\u00f6nnen oder m\u00f6chten, bieten wir Ihnen auch weiterhin unseren kostenlosen Lieferservice an.<br \/>\n<\/span><\/p>\n<p>&nbsp;<\/p>\n<p><span style=\"font-family: Liberation Sans, sans-serif;color: #ff6600\"><span style=\"font-size: large\"><b>Wie das geht?<\/b><\/span><\/span><\/p>\n<p>&nbsp;<\/p>\n<p><span style=\"font-family: Liberation Sans, sans-serif\">Sie schreiben uns an <a href=\"mailto:bestellung@weltladen-landsberg.de\"><b>bestellung@weltladen-landsberg.de<\/b><\/a> , welche Ihrer Lieblingsprodukte Sie brauchen. Bevorzugt liefern wir Ihnen Lebensmittel, z.B Ihren Lieblingskaffee und -tee, Ihre Lieblingsschokolade, Gummib\u00e4rchen, Gew\u00fcrze, Reis, H\u00fclsenfr\u00fcchte, Honig usw. oder wo Sie ganz genau wissen, was Sie sonst noch ben\u00f6tigen. Auch K\u00f6rperpflegeprodukte oder Kunsthandwerk liefern wir Ihnen, wir beraten Sie hierzu gern. Sie teilen uns Ihre <b>Adresse sowie die Telefonnummer<\/b> f\u00fcr eventuelle R\u00fcckfragen mit. Wir melden uns dann bei Ihnen und vereinbaren einen Liefertermin f\u00fcr die Ware zu Ihnen nach Hause.<\/span><\/p>\n<p>&nbsp;<\/p>\n<p><span style=\"font-family: Liberation Sans, sans-serif;color: #ff6600\"><span style=\"font-size: large\"><b>Folgende Bedingungen gelten:<\/b><\/span><\/span><\/p>\n<p>&nbsp;<\/p>\n<ul>\n<li><span style=\"font-family: Liberation Sans, sans-serif\">Mindestbestellwert 10 \u20ac<\/span><\/li>\n<li><span style=\"font-family: Liberation Sans, sans-serif\">Lieferung innerhalb der Stadt Landsberg incl. der Stadtteile Erpfting, Ellighofen, Reisch und Pitzling<\/span><\/li>\n<li><span style=\"font-family: Liberation Sans, sans-serif\">Lieferung gegen Bargeld<\/span><\/li>\n<\/ul>\n<p>&nbsp;<\/p>\n<p><span style=\"font-family: Liberation Sans, sans-serif\">Nehmen Sie einfach Kontakt auf, wenn Sie Fragen zum Sortiment haben oder eine Lieferung in eine Gemeinde im Landkreis w\u00fcnschen. <\/span><\/p>\n<p><span style=\"font-family: Liberation Sans, sans-serif\">Bitte unterst\u00fctzen Sie gemeinsam mit uns die Handelspartner! Gemeinsam kann man viel erreichen!<\/span><\/p>\n<p align=\"right\"><span style=\"font-family: Liberation Sans, sans-serif\">Danke! Ihr Team vom Weltladen Landsberg<\/span><\/p>\n<p>[\/vc_column_text][\/vc_column][\/vc_row]<\/p>\n<\/div>","protected":false},"excerpt":{"rendered":"<p>[vc_row][vc_column][vc_column_text] [\/vc_column_text][vc_column_text] [\/vc_column_text][\/vc_column][\/vc_row][vc_row][vc_column][vc_column_text] Lieferservice &nbsp; Falls Sie nicht zu uns in den Weltladen kommen k\u00f6nnen oder m\u00f6chten, bieten wir Ihnen auch weiterhin unseren kostenlosen Lieferservice an. &nbsp; Wie das geht? &nbsp; Sie schreiben uns an bestellung@weltladen-landsberg.de , welche Ihrer Lieblingsprodukte Sie brauchen. Bevorzugt liefern wir Ihnen Lebensmittel, z.B Ihren Lieblingskaffee und -tee, Ihre Lieblingsschokolade, Gummib\u00e4rchen,&hellip;<\/p>\n","protected":false},"author":101,"featured_media":0,"parent":217,"menu_order":0,"comment_status":"closed","ping_status":"closed","template":"","meta":{"footnotes":""},"class_list":["post-933","page","type-page","status-publish","hentry","description-off"],"yoast_head":"<!-- This site is optimized with the Yoast SEO plugin v26.8 - https:\/\/yoast.com\/product\/yoast-seo-wordpress\/ -->\n<title>Lieferservice - Weltladen Landsberg<\/title>\n<meta name=\"robots\" content=\"index, follow, max-snippet:-1, max-image-preview:large, max-video-preview:-1\" \/>\n<link rel=\"canonical\" href=\"https:\/\/weltlaeden.de\/landsberg\/unser-sortiment\/lieferservice\/\" \/>\n<meta property=\"og:locale\" content=\"de_DE\" \/>\n<meta property=\"og:type\" content=\"article\" \/>\n<meta property=\"og:title\" content=\"Lieferservice - Weltladen Landsberg\" \/>\n<meta property=\"og:description\" content=\"[vc_row][vc_column][vc_column_text] [\/vc_column_text][vc_column_text] [\/vc_column_text][\/vc_column][\/vc_row][vc_row][vc_column][vc_column_text] Lieferservice &nbsp; Falls Sie nicht zu uns in den Weltladen kommen k\u00f6nnen oder m\u00f6chten, bieten wir Ihnen auch weiterhin unseren kostenlosen Lieferservice an. &nbsp; Wie das geht? &nbsp; Sie schreiben uns an bestellung@weltladen-landsberg.de , welche Ihrer Lieblingsprodukte Sie brauchen. Bevorzugt liefern wir Ihnen Lebensmittel, z.B Ihren Lieblingskaffee und -tee, Ihre Lieblingsschokolade, Gummib\u00e4rchen,&hellip;\" \/>\n<meta property=\"og:url\" content=\"https:\/\/weltlaeden.de\/landsberg\/unser-sortiment\/lieferservice\/\" \/>\n<meta property=\"og:site_name\" content=\"Weltladen Landsberg\" \/>\n<meta property=\"article:modified_time\" content=\"2022-10-02T19:21:05+00:00\" \/>\n<meta name=\"twitter:card\" content=\"summary_large_image\" \/>\n<meta name=\"twitter:label1\" content=\"Gesch\u00e4tzte Lesezeit\" \/>\n\t<meta name=\"twitter:data1\" content=\"1\u00a0Minute\" \/>\n<script type=\"application\/ld+json\" class=\"yoast-schema-graph\">{\"@context\":\"https:\/\/schema.org\",\"@graph\":[{\"@type\":\"WebPage\",\"@id\":\"https:\/\/weltlaeden.de\/landsberg\/unser-sortiment\/lieferservice\/\",\"url\":\"https:\/\/weltlaeden.de\/landsberg\/unser-sortiment\/lieferservice\/\",\"name\":\"Lieferservice - Weltladen Landsberg\",\"isPartOf\":{\"@id\":\"https:\/\/weltlaeden.de\/landsberg\/#website\"},\"datePublished\":\"2020-03-26T21:45:22+00:00\",\"dateModified\":\"2022-10-02T19:21:05+00:00\",\"breadcrumb\":{\"@id\":\"https:\/\/weltlaeden.de\/landsberg\/unser-sortiment\/lieferservice\/#breadcrumb\"},\"inLanguage\":\"de\",\"potentialAction\":[{\"@type\":\"ReadAction\",\"target\":[\"https:\/\/weltlaeden.de\/landsberg\/unser-sortiment\/lieferservice\/\"]}]},{\"@type\":\"BreadcrumbList\",\"@id\":\"https:\/\/weltlaeden.de\/landsberg\/unser-sortiment\/lieferservice\/#breadcrumb\",\"itemListElement\":[{\"@type\":\"ListItem\",\"position\":1,\"name\":\"Startseite\",\"item\":\"https:\/\/weltlaeden.de\/landsberg\/\"},{\"@type\":\"ListItem\",\"position\":2,\"name\":\"Unser Sortiment\",\"item\":\"https:\/\/weltlaeden.de\/landsberg\/unser-sortiment\/\"},{\"@type\":\"ListItem\",\"position\":3,\"name\":\"Lieferservice\"}]},{\"@type\":\"WebSite\",\"@id\":\"https:\/\/weltlaeden.de\/landsberg\/#website\",\"url\":\"https:\/\/weltlaeden.de\/landsberg\/\",\"name\":\"Vorlage\",\"description\":\"Faire Produkte seit 1981\",\"potentialAction\":[{\"@type\":\"SearchAction\",\"target\":{\"@type\":\"EntryPoint\",\"urlTemplate\":\"https:\/\/weltlaeden.de\/landsberg\/?s={search_term_string}\"},\"query-input\":{\"@type\":\"PropertyValueSpecification\",\"valueRequired\":true,\"valueName\":\"search_term_string\"}}],\"inLanguage\":\"de\"}]}<\/script>\n<!-- \/ Yoast SEO plugin. -->","yoast_head_json":{"title":"Lieferservice - Weltladen Landsberg","robots":{"index":"index","follow":"follow","max-snippet":"max-snippet:-1","max-image-preview":"max-image-preview:large","max-video-preview":"max-video-preview:-1"},"canonical":"https:\/\/weltlaeden.de\/landsberg\/unser-sortiment\/lieferservice\/","og_locale":"de_DE","og_type":"article","og_title":"Lieferservice - Weltladen Landsberg","og_description":"[vc_row][vc_column][vc_column_text] [\/vc_column_text][vc_column_text] [\/vc_column_text][\/vc_column][\/vc_row][vc_row][vc_column][vc_column_text] Lieferservice &nbsp; Falls Sie nicht zu uns in den Weltladen kommen k\u00f6nnen oder m\u00f6chten, bieten wir Ihnen auch weiterhin unseren kostenlosen Lieferservice an. &nbsp; Wie das geht? &nbsp; Sie schreiben uns an bestellung@weltladen-landsberg.de , welche Ihrer Lieblingsprodukte Sie brauchen. Bevorzugt liefern wir Ihnen Lebensmittel, z.B Ihren Lieblingskaffee und -tee, Ihre Lieblingsschokolade, Gummib\u00e4rchen,&hellip;","og_url":"https:\/\/weltlaeden.de\/landsberg\/unser-sortiment\/lieferservice\/","og_site_name":"Weltladen Landsberg","article_modified_time":"2022-10-02T19:21:05+00:00","twitter_card":"summary_large_image","twitter_misc":{"Gesch\u00e4tzte Lesezeit":"1\u00a0Minute"},"schema":{"@context":"https:\/\/schema.org","@graph":[{"@type":"WebPage","@id":"https:\/\/weltlaeden.de\/landsberg\/unser-sortiment\/lieferservice\/","url":"https:\/\/weltlaeden.de\/landsberg\/unser-sortiment\/lieferservice\/","name":"Lieferservice - Weltladen Landsberg","isPartOf":{"@id":"https:\/\/weltlaeden.de\/landsberg\/#website"},"datePublished":"2020-03-26T21:45:22+00:00","dateModified":"2022-10-02T19:21:05+00:00","breadcrumb":{"@id":"https:\/\/weltlaeden.de\/landsberg\/unser-sortiment\/lieferservice\/#breadcrumb"},"inLanguage":"de","potentialAction":[{"@type":"ReadAction","target":["https:\/\/weltlaeden.de\/landsberg\/unser-sortiment\/lieferservice\/"]}]},{"@type":"BreadcrumbList","@id":"https:\/\/weltlaeden.de\/landsberg\/unser-sortiment\/lieferservice\/#breadcrumb","itemListElement":[{"@type":"ListItem","position":1,"name":"Startseite","item":"https:\/\/weltlaeden.de\/landsberg\/"},{"@type":"ListItem","position":2,"name":"Unser Sortiment","item":"https:\/\/weltlaeden.de\/landsberg\/unser-sortiment\/"},{"@type":"ListItem","position":3,"name":"Lieferservice"}]},{"@type":"WebSite","@id":"https:\/\/weltlaeden.de\/landsberg\/#website","url":"https:\/\/weltlaeden.de\/landsberg\/","name":"Vorlage","description":"Faire Produkte seit 1981","potentialAction":[{"@type":"SearchAction","target":{"@type":"EntryPoint","urlTemplate":"https:\/\/weltlaeden.de\/landsberg\/?s={search_term_string}"},"query-input":{"@type":"PropertyValueSpecification","valueRequired":true,"valueName":"search_term_string"}}],"inLanguage":"de"}]}},"_links":{"self":[{"href":"https:\/\/weltlaeden.de\/landsberg\/wp-json\/wp\/v2\/pages\/933","targetHints":{"allow":["GET"]}}],"collection":[{"href":"https:\/\/weltlaeden.de\/landsberg\/wp-json\/wp\/v2\/pages"}],"about":[{"href":"https:\/\/weltlaeden.de\/landsberg\/wp-json\/wp\/v2\/types\/page"}],"author":[{"embeddable":true,"href":"https:\/\/weltlaeden.de\/landsberg\/wp-json\/wp\/v2\/users\/101"}],"replies":[{"embeddable":true,"href":"https:\/\/weltlaeden.de\/landsberg\/wp-json\/wp\/v2\/comments?post=933"}],"version-history":[{"count":11,"href":"https:\/\/weltlaeden.de\/landsberg\/wp-json\/wp\/v2\/pages\/933\/revisions"}],"predecessor-version":[{"id":1096,"href":"https:\/\/weltlaeden.de\/landsberg\/wp-json\/wp\/v2\/pages\/933\/revisions\/1096"}],"up":[{"embeddable":true,"href":"https:\/\/weltlaeden.de\/landsberg\/wp-json\/wp\/v2\/pages\/217"}],"wp:attachment":[{"href":"https:\/\/weltlaeden.de\/landsberg\/wp-json\/wp\/v2\/media?parent=933"}],"curies":[{"name":"wp","href":"https:\/\/api.w.org\/{rel}","templated":true}]}}