{"id":765,"date":"2019-05-21T21:59:55","date_gmt":"2019-05-21T19:59:55","guid":{"rendered":"https:\/\/weltlaeden.de\/landsberg\/?page_id=765"},"modified":"2022-10-02T21:21:08","modified_gmt":"2022-10-02T19:21:08","slug":"speziell-fuer-kindergaerten","status":"publish","type":"page","link":"https:\/\/weltlaeden.de\/landsberg\/bildungsarbeit\/bildungsmaterialien\/speziell-fuer-kindergaerten\/","title":{"rendered":"Speziell f\u00fcr Kinderg\u00e4rten"},"content":{"rendered":"<div class=\"wpb-content-wrapper\"><p>[vc_row][vc_column][vc_column_text]<\/p>\n<h2><strong>Ausleihbare Materialien speziell f\u00fcr Kinderg\u00e4rten<\/strong><\/h2>\n<p>[\/vc_column_text][vc_empty_space][\/vc_column][\/vc_row][vc_row][vc_column width=&#8220;1\/4&#8243;][vc_single_image image=&#8220;766&#8243;][\/vc_column][vc_column width=&#8220;3\/4&#8243;][vc_column_text]<\/p>\n<h3><span style=\"color: #000080\"><strong>KITA Global<\/strong> \u2013 Das Praxisbuch: Ordner mit Loseblattsammlung vom <\/span><strong><span style=\"color: #000080\">Welthaus Bielefeld<\/span><br \/>\n<\/strong><\/h3>\n<p>Forschen, Feiern, Tanzen, Backen \u2013 Aguti, das kleine Nagetier begleitet Ihre Kindergartenkinder auf dem Weg zu Weltoffenheit und Welterleben\u2026.<\/p>\n<p>Ideensammlung mit Vorlesegeschichten, Liedern, Bastelanleitungen zu Kinderrechten, Feiern von Ritualen, Wohnen und Essen in aller Welt, Klima und Ressourcen, Freunde u.v.m.[\/vc_column_text][vc_empty_space height=&#8220;15px&#8220;][\/vc_column][\/vc_row][vc_row][vc_column width=&#8220;1\/4&#8243;][vc_single_image image=&#8220;767&#8243;][\/vc_column][vc_column width=&#8220;3\/4&#8243;][vc_column_text]<\/p>\n<h3><span style=\"color: #000080\"><strong>Gemeinsam entdecken wir die Welt<\/strong>: Materialmappe (A4) des <strong>bmuk<\/strong> in Kooperation mit BAOBAB f\u00fcr globales Lernen<\/span><\/h3>\n<p>Viele Aktionsideen mit gro\u00dfen Bildern, Ausmalvorlagen, Rezepten\u00a0 und Spielbeschreibungen\u2026<\/p>\n<ul>\n<li>Themen u.a.:<\/li>\n<li>Bedeutung von Vornamen in aller Welt<\/li>\n<li>Wohnen hier und anderswo<\/li>\n<li>Mein, dein, unser Essen<\/li>\n<li>Mein, dein, unser Lieblingsspiel<\/li>\n<\/ul>\n<p>[\/vc_column_text][vc_empty_space height=&#8220;15px&#8220;][\/vc_column][\/vc_row][vc_row][vc_column][vc_column_text]<\/p>\n<h3><span style=\"color: #000080\"><strong>Solibrot in der Kita<\/strong><\/span> \u2013 Ringbuchordner von <strong>MISEREOR<\/strong><\/h3>\n<p>Kinder erleben die Eine Welt:\u00a0 Teilen verbindet\u2026 Mit der Solibrot-Aktion k\u00f6nnen Sie den Blick Ihrer Kindergartenkinder auf andere Kulturen, auf andere Kinder, die oft nicht das t\u00e4gliche Brot und den t\u00e4glichen Reis zum Leben haben, sch\u00e4rfen.<\/p>\n<p class=\"western\">Themen:<\/p>\n<ul>\n<li>Vom Samen zum Brot (Wie ein Brot entsteht)<\/li>\n<li>Grundnahrungsmittel der Welt (Brot, Reis, Hirse, Mais)<\/li>\n<li>Kinderrechte (Auf ein Zuhause, auf sauberes Wasser, zu spielen\u2026)<\/li>\n<li>Komm mit nach Afrika (Die Vielfalt des Kontinents entdecken)<\/li>\n<\/ul>\n<p class=\"western\">Neben Liedern, Bildern, Spielideenund Brotrezepten geh\u00f6rt auch ein <strong>Pixiheft <\/strong>mit einer Brotgeschichte aus Afrika (\u201eLeo, Louise und ein Brot f\u00fcr alle\u201c) dazu.<\/p>\n<p>[\/vc_column_text][vc_separator][vc_empty_space][vc_column_text]<\/p>\n<h3><span style=\"color: #000080\"><strong>Hinterm Tellerrand beginnt die Welt<\/strong><\/span> \u2013 Praxisprojekte zum Thema <strong>Regenwald<\/strong> von <strong>OroVerde<\/strong><\/h3>\n<p>Dieses Heft ist eine wahre Fundgrube an Ideen rund um das Thema tropischer Regenwald. Die Kinder erfahren von der unglaublichen Artenvielfalt im Regenwald &#8211; von Elefanten, Affen und Tigern hat jedes Kind schon einmal geh\u00f6rt. Und auch der Bogen nach Hause wird gespannt: der Regenwald findet sich auf jedem Fr\u00fchst\u00fcckstisch, in Form von Bananen, Kakao oder Kaffee. Woher kommt Kakao eigentlich? Was ist alles passiert, bis er bei uns auf dem Tisch landet? Auch das Thema Papier wird angesprochen. Wieviel Papier verbrauchen wir eigentlich? Und wo kommt es her?<\/p>\n<p>Mit Vorschl\u00e4gen zu Spielen, Aktionen, Experimenten, Geschichten und Basteltipps[\/vc_column_text][vc_separator][vc_empty_space][vc_column_text]<\/p>\n<h3><span style=\"color: #008000\"><strong>KITA in Deutschland und weltweit: Lernen in der einen Welt<\/strong><\/span><\/h3>\n<p>Folgende Materialsammlungen vom Kindermissionswerk <strong>&#8222;Die Sternsinger&#8220;<\/strong> haben wir vorr\u00e4tig:[\/vc_column_text][vc_column_text]<\/p>\n<h3><span style=\"color: #000080\"><strong>Kinderalltag anderswo<\/strong><\/span> \u2013 Fotomappe<\/h3>\n<p>10 Fotos, die zeigen, wie Kinder in Afrika, Asien und S\u00fcdamerika leben und aufwachsen[\/vc_column_text][vc_separator][vc_column_text]<\/p>\n<h3><span style=\"color: #000080\"><strong>Teile wie Sankt Martin <\/strong><span style=\"color: #000000\">&#8211; Materialien 2021<\/span><strong><br \/>\n<\/strong><\/span><\/h3>\n<p>In den Materialien zum Martinsfest 2021 wird eine ganze Kindergartengruppe ein bisschen wie Sankt Martin. Mit Anregungen zur Kleiderteilaktion \u201eMeins wird Deins\u201c.[\/vc_column_text][vc_separator][vc_column_text]<\/p>\n<h3><span style=\"color: #000080\"><strong>KITA 1\/2021: Die Umwelt im Blick<br \/>\n<\/strong><\/span><\/h3>\n<p>In dieser Ausgabe werden Vorschulkindern \u00f6kologisch sinnvolles Verhalten vermittelt. M\u00fclltrennung, Nachhaltigkeit und Neuverwertung werden kindgerecht veranschaulicht. Durch Upcycling r\u00fcckt das Erfahren der Selbstwirksamkeit in den Vordergrund. Ein buntes Theaterprojekt zum Umwelt- und Meeresschutz rundet das Heft ab.[\/vc_column_text][vc_separator][vc_column_text]<\/p>\n<h3><span style=\"color: #000080\"><strong>Teile wie Sankt Martin <\/strong><span style=\"color: #000000\">&#8211; Materialien 2020<\/span><strong><br \/>\n<\/strong><\/span><\/h3>\n<p>Vom Teilen auf der ganzen Welt: mit Vorlesegeschichte, Basteltipp, Reisegeschichte und &#8222;Kleider teilen&#8220; als Aktionsidee[\/vc_column_text][vc_separator][vc_column_text]<\/p>\n<h3><span style=\"color: #000080\"><strong>KITA 4\/2019: Das sch\u00f6nste Geschenk<\/strong><\/span><\/h3>\n<p>Wir feiern Advent: mit Vorlesegeschichte, Lied, Vorschlag zum Keimen von Samen als Sinnbild f\u00fcr das erbl\u00fchende Leben, Basteltipp und Rezeptvorschlag f\u00fcr ein Gericht aus dem Libanon f\u00fcr jeden der 4 Adventssonntage[\/vc_column_text][vc_separator][vc_column_text]<\/p>\n<h3><span style=\"color: #000080\"><strong>Teile wie Sankt Martin<\/strong><\/span> \u2013 Materialien 2019<\/h3>\n<p>Vom Teilen auf der ganzen Welt: mit Vorlesegeschichte, Fotogeschichte, Basteltipp und Rezept zum Backen von Martinsbrezeln[\/vc_column_text][vc_separator][vc_column_text]<\/p>\n<h3><span style=\"color: #000080\"><strong>KITA 2\/2019: Alle Kinder haben Rechte<br \/>\n<\/strong><\/span><\/h3>\n<p>Kinderrechte in der KITA: Was braucht ein Kind, um gl\u00fccklich zu sein? Wie k\u00f6nnen wir versuchen, dem Kind dabei zu helfen? Weiteres Thema: In der Gruppe das Selbstwertgef\u00fchl st\u00e4rken.[\/vc_column_text][vc_separator][vc_column_text]<\/p>\n<h3><span style=\"color: #000080\"><strong>KITA 1\/2019: Es lebe der Frieden<br \/>\n<\/strong><\/span><\/h3>\n<p>Spielerisch das Thema Frieden entdecken und Streit und Vers\u00f6hnung: miteinander reden und Friedensstifter werden (mit Bastelvorschl\u00e4gen)[\/vc_column_text][vc_separator][vc_column_text]<\/p>\n<h3><strong><span style=\"color: #000080\">KITA 2\/2018: Gemeinsam zur Krippe<\/span><\/strong><\/h3>\n<p>Vorlesegeschichte, Bastel- und Backideen zur Gestaltung der Adventszeit[\/vc_column_text][vc_separator][vc_column_text]<\/p>\n<h3><strong><span style=\"color: #000080\">KITA 1\/2018: Ich und mein Name<\/span><\/strong><\/h3>\n<p>Wieso hei\u00dfe ich so? In diesem Heft dreht sich alles um den eigenen Vornamen. Die Kinder erfahren mehr \u00fcber sich selbst und lernen spielerisch kulturelle und religi\u00f6se Hintergr\u00fcnde ihres Namens kennen. (mit Ideen zum Malen, Singen und Erz\u00e4hlen)[\/vc_column_text][vc_separator][vc_column_text]<\/p>\n<h3><strong><span style=\"color: #000080\">KITA 2\/2017: Wir feiern Advent<\/span> <\/strong><\/h3>\n<p>Vorlesegeschichte, Bastel- und Backideen zur Gestaltung der Adventszeit[\/vc_column_text][vc_separator][vc_column_text]<\/p>\n<h3><strong><span style=\"color: #000080\">KITA 1\/2017: Wir feiern Eine Welt-Fest<\/span> <\/strong><\/h3>\n<p>Feiern Sie gemeinsam mit den Kindern Ihrer Einrichtung, mit Eltern, Gro\u00dfeltern und Freunden ein Fest der Einen Welt (Spielen, Basteln, Malen und mehr)[\/vc_column_text][vc_separator][vc_column_text]<\/p>\n<h3><strong><span style=\"color: #000080\">Unterwegs in Afrika <\/span><\/strong>\u2013 Vorlesegeschichte<\/h3>\n<p>Koffer packen und auf nach Afrika \u2013 f\u00fcr die kleine Marijke ein gro\u00dfes Abenteuer. Doch sie wei\u00df sich in guten H\u00e4nden, denn in Afrika wartet ihre Freundin Thato auf sie. In \u201eUnterwegs in Afrika\u201c erz\u00e4hlt Marijke den Kindern, was sie w\u00e4hrend ihrer Reise so alles erlebt hat. (mit vielen Spielen und R\u00e4tseln)[\/vc_column_text][vc_separator][vc_empty_space][vc_column_text]<\/p>\n<h3><span style=\"color: #008000\"><strong>Materialien <\/strong>von <strong>Brot f\u00fcr die Welt<\/strong><\/span><\/h3>\n<p>[\/vc_column_text][vc_column_text]<\/p>\n<h3><strong><span style=\"color: #000080\">Satt und gesund<\/span> \u2013 <\/strong>Arbeitsheft<\/h3>\n<p>Erntedank feiern weltweit: Der Junge Adiel nimmt Ihre Kinder mit auf eine Reise nach Peru. In einer Vorlesegeschichte mit vielen Bildern erz\u00e4hlt er von seiner Welt. Viele Bastel- und Spielideen zu Obst\/Gem\u00fcse und ganz speziell zu Quinoa machen spielerisch das Thema \u201eGesunde und nachhaltige Ern\u00e4hrung\u201c erfahrbar.[\/vc_column_text][vc_column_text]<\/p>\n<h3><span style=\"color: #000080\"><strong>Bunt und gesund<\/strong><\/span> \u2013 Faltblatt (A5<strong>)<\/strong><\/h3>\n<p><strong>Erntedank feiern weltweit<\/strong>: Faltblatt zum Arbeitsheft \u201eSatt und gesund\u201c[\/vc_column_text][vc_column_text]<\/p>\n<h3><span style=\"color: #000080\"><strong>Danke f\u00fcr das Brot<\/strong><\/span> \u2013 Faltblatt (A5)<\/h3>\n<p><strong>Erntedank feiern weltweit<\/strong>: Das M\u00e4dchen Harmony nimmt Ihre Kinder mit auf eine Entdeckungsreise nach Ghana. Gemeinsam mit Ihnen k\u00f6nnen die Kinder die Vielfalt der heimischen Brotsorten, aber auch Backwaren aus Ghana kennenlernen.[\/vc_column_text][vc_column_text]<\/p>\n<h3><span style=\"color: #000080\"><strong>\u00c4pfel in Afrika<\/strong><\/span> \u2013 Faltblatt (A5)<\/h3>\n<p><strong>Erntedank feiern weltweit<\/strong>: Diese Arbeitshilfe l\u00e4dt Sie ein, sich zu Erntedank mit dem Thema Apfel zu besch\u00e4ftigen. Nicht nur mit heimischen \u00c4pfeln, einer bei Kindern beliebten Obstsorte, sondern mit \u00c4pfeln im ostafrikanischen Land \u00c4thiopien.[\/vc_column_text][vc_column_text]<\/p>\n<h3><span style=\"color: #000080\"><strong>Moringa, der Wunderbaum<\/strong><\/span> \u2013 Faltblatt (A5)<\/h3>\n<p><strong>Erntedank feiern weltweit<\/strong>: Im Mittelpunkt steht die Geschichte des M\u00e4dchens Patricia Maria auf den Philippinen, die zeigt, wie Moringa ihr Leben ver\u00e4ndert hat. Ein T\u00fctchen mit Moringabl\u00e4ttern zum Zermahlen liegt bei, weitere sind kostenfrei erh\u00e4ltlich.[\/vc_column_text][vc_separator][vc_empty_space][vc_column_text]<\/p>\n<h3><span style=\"color: #000080\"><strong>Kinder in Afrika<\/strong><\/span> \u2013 Loseblattsammlung (A4) der <strong>Kindernothilfe<\/strong><\/h3>\n<p>Wie Kinder in Afrika leben, lernen und spielen (mit Vorlesegeschichten, Spielideen und Bastelanleitungen f\u00fcr Spielzeug)[\/vc_column_text][vc_separator][vc_empty_space][vc_column_text]<\/p>\n<h3><span style=\"color: #000080\"><strong>Robinsons Abenteuerreisen<\/strong><\/span> (Minib\u00fccher mit einer Vorlesegeschichte der Kindernothilfe)<\/h3>\n<ul>\n<li><span style=\"color: #000080\">Philippinen<\/span> \u2013 Das gestohlene Rentier<\/li>\n<li><span style=\"color: #000080\">\u00c4thiopien<\/span> \u2013 Der lange Weg zum Wasserloch<\/li>\n<li><span style=\"color: #000080\">Indien<\/span> \u2013 Sheelas und Rajas Hochzeit<\/li>\n<\/ul>\n<p>[\/vc_column_text][vc_separator][vc_empty_space][vc_column_text]<\/p>\n<h3><span style=\"color: #000080\"><strong>Pixi-B\u00fccher <\/strong><\/span>des bmz mit einer Vorlesegeschichte<\/h3>\n<ul>\n<li><span style=\"color: #000080\">Ein Morgen mit Mojo<\/span> \u2013 Leben einer Kleinbauernfamilie in Ghana<\/li>\n<li><span style=\"color: #000080\">Sidi hat Ferien<\/span> \u2013 Fischfang und \u00dcberfischung im Atlantik am Beispiel Mauretanien<\/li>\n<\/ul>\n<p>[\/vc_column_text][vc_empty_space][\/vc_column][\/vc_row][vc_row][vc_column][vc_column_text]<\/p>\n<h2>Weitere interessante Aktionsideen, die nur <strong>online<\/strong> verf\u00fcgbar sind:<\/h2>\n<p>[\/vc_column_text][vc_empty_space][\/vc_column][\/vc_row][vc_row][vc_column][vc_column_text]<\/p>\n<h3><span style=\"color: #000080\"><strong>Auf den Spuren der Zukunft<\/strong><\/span><\/h3>\n<p>Arbeitshilfen f\u00fcr Erzieher_innen in KITAs der Gesellschaft f\u00fcr solidarische Entwicklungszusammenarbeit Mecklenburg-Vorpommern e.V.<\/p>\n<p>Kinder sind von Natur aus neugierig, unvoreingenommen und wollen gern die Welt entdecken. Zudem wachsen sie bereits heute in einer stark globalisierten Welt auf, von klein auf nutzen Kinder Produkte aus aller Welt\u2026<\/p>\n<p>Auf dieser Plattform werden praxiserprobte Methoden und eine breite Palette an Ideen vorgestellt, die Sie f\u00fcr die Planung und Durchf\u00fchrung eigener abwechslungsreicher Projekte nutzen k\u00f6nnen.<\/p>\n<p>Sie finden die kostenlosen Arbeitshilfen unter <a href=\"http:\/\/www.gse-mv.de\/materialien\/arbeitshilfen-fuer-erzieher-innen\/\">http:\/\/www.gse-mv.de\/materialien\/arbeitshilfen-fuer-erzieher-innen\/<\/a>[\/vc_column_text][vc_separator][vc_column_text]<\/p>\n<h3><span style=\"color: #000080\"><strong>KITA Global<\/strong><\/span><\/h3>\n<div class=\"grid_8 mobile-nomargin\">\n<div id=\"logo\" class=\"logo\">\n<p class=\"tagline\">Die Ideenplattform f\u00fcr Globales Lernen in Kindertagesst\u00e4tten<\/p>\n<p>Gemeinsam in die Welt hinauswachsen!<\/p>\n<p>Ideen, Material-Sammlung, Experten-Pool und Vorstellung von spannenden Projekten, die Ihren KITA-Alltag abwechslungsreich gestalten\u2026<\/p>\n<p>Zu finden unter <a href=\"https:\/\/kita-global.de\/\">https:\/\/kita-global.de\/<\/a><\/p>\n<\/div>\n<\/div>\n<p>[\/vc_column_text][vc_separator][vc_column_text]<\/p>\n<h3><span style=\"color: #000080\"><strong>Weihnachten Weltweit<\/strong><\/span><\/h3>\n<p>Liebevoll gestalteter Internetauftritt als \u00f6kumenische Mitmachaktion zur Adventszeit f\u00fcr Kinder von 3 bis 7 Jahren. Viele p\u00e4dagogische Materialien zur Umsetzung der Aktion k\u00f6nnen kostenlos herunter geladen werden. Dabei soll den Kindern ein Blick in die Lebenswelten von Gleichaltrigen erm\u00f6glicht werden, damit sie ihre Erfahrungen rund um Weihnachten auf anderen Kontinenten erweitern k\u00f6nnen. So bringen Sie Ihren Kindergartenkindern die \u201eEine Welt\u201c an den Weihnachtsbaum.<\/p>\n<p>Zum Mitmachen laden Sie die Hilfswerke Adveniat, Brot f\u00fcr die Welt, MISEREOR und das Kindermissionswerk \u201eDie Sternsinger\u201c herzlich ein.<\/p>\n<p>Zu finden unter: <a href=\"https:\/\/www.weihnachten-weltweit.de\/\">https:\/\/www.weihnachten-weltweit.de\/<\/a>[\/vc_column_text][\/vc_column][\/vc_row]<\/p>\n<\/div>","protected":false},"excerpt":{"rendered":"<p>[vc_row][vc_column][vc_column_text] Ausleihbare Materialien speziell f\u00fcr Kinderg\u00e4rten [\/vc_column_text][vc_empty_space][\/vc_column][\/vc_row][vc_row][vc_column width=&#8220;1\/4&#8243;][vc_single_image image=&#8220;766&#8243;][\/vc_column][vc_column width=&#8220;3\/4&#8243;][vc_column_text] KITA Global \u2013 Das Praxisbuch: Ordner mit Loseblattsammlung vom Welthaus Bielefeld Forschen, Feiern, Tanzen, Backen \u2013 Aguti, das kleine Nagetier begleitet Ihre Kindergartenkinder auf dem Weg zu Weltoffenheit und Welterleben\u2026. Ideensammlung mit Vorlesegeschichten, Liedern, Bastelanleitungen zu Kinderrechten, Feiern von Ritualen, Wohnen und Essen in aller&hellip;<\/p>\n","protected":false},"author":101,"featured_media":0,"parent":615,"menu_order":0,"comment_status":"closed","ping_status":"closed","template":"","meta":{"footnotes":""},"class_list":["post-765","page","type-page","status-publish","hentry","description-off"],"yoast_head":"<!-- This site is optimized with the Yoast SEO plugin v26.8 - https:\/\/yoast.com\/product\/yoast-seo-wordpress\/ -->\n<title>Speziell f\u00fcr Kinderg\u00e4rten - Weltladen Landsberg<\/title>\n<meta name=\"robots\" content=\"index, follow, max-snippet:-1, max-image-preview:large, max-video-preview:-1\" \/>\n<link rel=\"canonical\" href=\"https:\/\/weltlaeden.de\/landsberg\/bildungsarbeit\/bildungsmaterialien\/speziell-fuer-kindergaerten\/\" \/>\n<meta property=\"og:locale\" content=\"de_DE\" \/>\n<meta property=\"og:type\" content=\"article\" \/>\n<meta property=\"og:title\" content=\"Speziell f\u00fcr Kinderg\u00e4rten - Weltladen Landsberg\" \/>\n<meta property=\"og:description\" content=\"[vc_row][vc_column][vc_column_text] Ausleihbare Materialien speziell f\u00fcr Kinderg\u00e4rten [\/vc_column_text][vc_empty_space][\/vc_column][\/vc_row][vc_row][vc_column width=&#8220;1\/4&#8243;][vc_single_image image=&#8220;766&#8243;][\/vc_column][vc_column width=&#8220;3\/4&#8243;][vc_column_text] KITA Global \u2013 Das Praxisbuch: Ordner mit Loseblattsammlung vom Welthaus Bielefeld Forschen, Feiern, Tanzen, Backen \u2013 Aguti, das kleine Nagetier begleitet Ihre Kindergartenkinder auf dem Weg zu Weltoffenheit und Welterleben\u2026. Ideensammlung mit Vorlesegeschichten, Liedern, Bastelanleitungen zu Kinderrechten, Feiern von Ritualen, Wohnen und Essen in aller&hellip;\" \/>\n<meta property=\"og:url\" content=\"https:\/\/weltlaeden.de\/landsberg\/bildungsarbeit\/bildungsmaterialien\/speziell-fuer-kindergaerten\/\" \/>\n<meta property=\"og:site_name\" content=\"Weltladen Landsberg\" \/>\n<meta property=\"article:modified_time\" content=\"2022-10-02T19:21:08+00:00\" \/>\n<meta name=\"twitter:card\" content=\"summary_large_image\" \/>\n<meta name=\"twitter:label1\" content=\"Gesch\u00e4tzte Lesezeit\" \/>\n\t<meta name=\"twitter:data1\" content=\"8\u00a0Minuten\" \/>\n<script type=\"application\/ld+json\" class=\"yoast-schema-graph\">{\"@context\":\"https:\/\/schema.org\",\"@graph\":[{\"@type\":\"WebPage\",\"@id\":\"https:\/\/weltlaeden.de\/landsberg\/bildungsarbeit\/bildungsmaterialien\/speziell-fuer-kindergaerten\/\",\"url\":\"https:\/\/weltlaeden.de\/landsberg\/bildungsarbeit\/bildungsmaterialien\/speziell-fuer-kindergaerten\/\",\"name\":\"Speziell f\u00fcr Kinderg\u00e4rten - Weltladen Landsberg\",\"isPartOf\":{\"@id\":\"https:\/\/weltlaeden.de\/landsberg\/#website\"},\"datePublished\":\"2019-05-21T19:59:55+00:00\",\"dateModified\":\"2022-10-02T19:21:08+00:00\",\"breadcrumb\":{\"@id\":\"https:\/\/weltlaeden.de\/landsberg\/bildungsarbeit\/bildungsmaterialien\/speziell-fuer-kindergaerten\/#breadcrumb\"},\"inLanguage\":\"de\",\"potentialAction\":[{\"@type\":\"ReadAction\",\"target\":[\"https:\/\/weltlaeden.de\/landsberg\/bildungsarbeit\/bildungsmaterialien\/speziell-fuer-kindergaerten\/\"]}]},{\"@type\":\"BreadcrumbList\",\"@id\":\"https:\/\/weltlaeden.de\/landsberg\/bildungsarbeit\/bildungsmaterialien\/speziell-fuer-kindergaerten\/#breadcrumb\",\"itemListElement\":[{\"@type\":\"ListItem\",\"position\":1,\"name\":\"Startseite\",\"item\":\"https:\/\/weltlaeden.de\/landsberg\/\"},{\"@type\":\"ListItem\",\"position\":2,\"name\":\"Bildungsarbeit\",\"item\":\"https:\/\/weltlaeden.de\/landsberg\/bildungsarbeit\/\"},{\"@type\":\"ListItem\",\"position\":3,\"name\":\"Bildungsmaterialien\",\"item\":\"https:\/\/weltlaeden.de\/landsberg\/bildungsarbeit\/bildungsmaterialien\/\"},{\"@type\":\"ListItem\",\"position\":4,\"name\":\"Speziell f\u00fcr Kinderg\u00e4rten\"}]},{\"@type\":\"WebSite\",\"@id\":\"https:\/\/weltlaeden.de\/landsberg\/#website\",\"url\":\"https:\/\/weltlaeden.de\/landsberg\/\",\"name\":\"Vorlage\",\"description\":\"Faire Produkte seit 1981\",\"potentialAction\":[{\"@type\":\"SearchAction\",\"target\":{\"@type\":\"EntryPoint\",\"urlTemplate\":\"https:\/\/weltlaeden.de\/landsberg\/?s={search_term_string}\"},\"query-input\":{\"@type\":\"PropertyValueSpecification\",\"valueRequired\":true,\"valueName\":\"search_term_string\"}}],\"inLanguage\":\"de\"}]}<\/script>\n<!-- \/ Yoast SEO plugin. -->","yoast_head_json":{"title":"Speziell f\u00fcr Kinderg\u00e4rten - Weltladen Landsberg","robots":{"index":"index","follow":"follow","max-snippet":"max-snippet:-1","max-image-preview":"max-image-preview:large","max-video-preview":"max-video-preview:-1"},"canonical":"https:\/\/weltlaeden.de\/landsberg\/bildungsarbeit\/bildungsmaterialien\/speziell-fuer-kindergaerten\/","og_locale":"de_DE","og_type":"article","og_title":"Speziell f\u00fcr Kinderg\u00e4rten - Weltladen Landsberg","og_description":"[vc_row][vc_column][vc_column_text] Ausleihbare Materialien speziell f\u00fcr Kinderg\u00e4rten [\/vc_column_text][vc_empty_space][\/vc_column][\/vc_row][vc_row][vc_column width=&#8220;1\/4&#8243;][vc_single_image image=&#8220;766&#8243;][\/vc_column][vc_column width=&#8220;3\/4&#8243;][vc_column_text] KITA Global \u2013 Das Praxisbuch: Ordner mit Loseblattsammlung vom Welthaus Bielefeld Forschen, Feiern, Tanzen, Backen \u2013 Aguti, das kleine Nagetier begleitet Ihre Kindergartenkinder auf dem Weg zu Weltoffenheit und Welterleben\u2026. Ideensammlung mit Vorlesegeschichten, Liedern, Bastelanleitungen zu Kinderrechten, Feiern von Ritualen, Wohnen und Essen in aller&hellip;","og_url":"https:\/\/weltlaeden.de\/landsberg\/bildungsarbeit\/bildungsmaterialien\/speziell-fuer-kindergaerten\/","og_site_name":"Weltladen Landsberg","article_modified_time":"2022-10-02T19:21:08+00:00","twitter_card":"summary_large_image","twitter_misc":{"Gesch\u00e4tzte Lesezeit":"8\u00a0Minuten"},"schema":{"@context":"https:\/\/schema.org","@graph":[{"@type":"WebPage","@id":"https:\/\/weltlaeden.de\/landsberg\/bildungsarbeit\/bildungsmaterialien\/speziell-fuer-kindergaerten\/","url":"https:\/\/weltlaeden.de\/landsberg\/bildungsarbeit\/bildungsmaterialien\/speziell-fuer-kindergaerten\/","name":"Speziell f\u00fcr Kinderg\u00e4rten - Weltladen Landsberg","isPartOf":{"@id":"https:\/\/weltlaeden.de\/landsberg\/#website"},"datePublished":"2019-05-21T19:59:55+00:00","dateModified":"2022-10-02T19:21:08+00:00","breadcrumb":{"@id":"https:\/\/weltlaeden.de\/landsberg\/bildungsarbeit\/bildungsmaterialien\/speziell-fuer-kindergaerten\/#breadcrumb"},"inLanguage":"de","potentialAction":[{"@type":"ReadAction","target":["https:\/\/weltlaeden.de\/landsberg\/bildungsarbeit\/bildungsmaterialien\/speziell-fuer-kindergaerten\/"]}]},{"@type":"BreadcrumbList","@id":"https:\/\/weltlaeden.de\/landsberg\/bildungsarbeit\/bildungsmaterialien\/speziell-fuer-kindergaerten\/#breadcrumb","itemListElement":[{"@type":"ListItem","position":1,"name":"Startseite","item":"https:\/\/weltlaeden.de\/landsberg\/"},{"@type":"ListItem","position":2,"name":"Bildungsarbeit","item":"https:\/\/weltlaeden.de\/landsberg\/bildungsarbeit\/"},{"@type":"ListItem","position":3,"name":"Bildungsmaterialien","item":"https:\/\/weltlaeden.de\/landsberg\/bildungsarbeit\/bildungsmaterialien\/"},{"@type":"ListItem","position":4,"name":"Speziell f\u00fcr Kinderg\u00e4rten"}]},{"@type":"WebSite","@id":"https:\/\/weltlaeden.de\/landsberg\/#website","url":"https:\/\/weltlaeden.de\/landsberg\/","name":"Vorlage","description":"Faire Produkte seit 1981","potentialAction":[{"@type":"SearchAction","target":{"@type":"EntryPoint","urlTemplate":"https:\/\/weltlaeden.de\/landsberg\/?s={search_term_string}"},"query-input":{"@type":"PropertyValueSpecification","valueRequired":true,"valueName":"search_term_string"}}],"inLanguage":"de"}]}},"_links":{"self":[{"href":"https:\/\/weltlaeden.de\/landsberg\/wp-json\/wp\/v2\/pages\/765","targetHints":{"allow":["GET"]}}],"collection":[{"href":"https:\/\/weltlaeden.de\/landsberg\/wp-json\/wp\/v2\/pages"}],"about":[{"href":"https:\/\/weltlaeden.de\/landsberg\/wp-json\/wp\/v2\/types\/page"}],"author":[{"embeddable":true,"href":"https:\/\/weltlaeden.de\/landsberg\/wp-json\/wp\/v2\/users\/101"}],"replies":[{"embeddable":true,"href":"https:\/\/weltlaeden.de\/landsberg\/wp-json\/wp\/v2\/comments?post=765"}],"version-history":[{"count":13,"href":"https:\/\/weltlaeden.de\/landsberg\/wp-json\/wp\/v2\/pages\/765\/revisions"}],"predecessor-version":[{"id":1182,"href":"https:\/\/weltlaeden.de\/landsberg\/wp-json\/wp\/v2\/pages\/765\/revisions\/1182"}],"up":[{"embeddable":true,"href":"https:\/\/weltlaeden.de\/landsberg\/wp-json\/wp\/v2\/pages\/615"}],"wp:attachment":[{"href":"https:\/\/weltlaeden.de\/landsberg\/wp-json\/wp\/v2\/media?parent=765"}],"curies":[{"name":"wp","href":"https:\/\/api.w.org\/{rel}","templated":true}]}}