{"id":751,"date":"2019-05-21T21:23:50","date_gmt":"2019-05-21T19:23:50","guid":{"rendered":"https:\/\/weltlaeden.de\/landsberg\/?page_id=751"},"modified":"2023-04-02T22:31:19","modified_gmt":"2023-04-02T20:31:19","slug":"bildungsbags-und-spiele","status":"publish","type":"page","link":"https:\/\/weltlaeden.de\/landsberg\/bildungsarbeit\/bildungsmaterialien\/bildungsbags-und-spiele\/","title":{"rendered":"Bildungsbags und Spiele"},"content":{"rendered":"<div class=\"wpb-content-wrapper\"><p>[vc_row][vc_column][vc_column_text]<\/p>\n<h2><strong>Ausleihbare Bildungsbags und Spiele<\/strong><\/h2>\n<p>[\/vc_column_text][vc_empty_space][\/vc_column][\/vc_row][vc_row][vc_column width=&#8220;1\/4&#8243;][vc_single_image image=&#8220;752&#8243;][\/vc_column][vc_column width=&#8220;3\/4&#8243;][vc_column_text]<\/p>\n<h3><span style=\"color: #000080\"><strong>Schoko-Expedition<\/strong>\u00a0 \u2026 zu Naki nach Ghana (Welthaus Bielefeld)<\/span><\/h3>\n<p><em>empfohlen f\u00fcr Klassenstufe 3-5<\/em><\/p>\n<p><strong>Inhalt der Tasche<\/strong>: (Quelle: Welthaus Bielefeld)<\/p>\n<ul>\n<li>Brosch\u00fcre zum Materialset<\/li>\n<li>DVD mit PowerPoint-Pr\u00e4sentation, Bildern, H\u00f6rspiel, Musik zu Fantasiereisen,, Vorlagen zu den Spielen u.a.<\/li>\n<li>Fragekarten \u201eKakaobohne\u201c<\/li>\n<li>Aktivity-Karten zu Fairness und Gerechtigkeit<\/li>\n<li>6 Spielfiguren, 1 W\u00fcrfel<\/li>\n<li>4 Ecken-Quiz<\/li>\n<li>Bildkarten<\/li>\n<li>10 Dosen mit \u201eFairen\u201c Kakao-Rohstoffen und -Produkten in einer Jutetasche<\/li>\n<li>12 Stationskarten mit farbigen Zeichnungen zu den einzelnen Produktionsschritten<\/li>\n<\/ul>\n<p>[\/vc_column_text][vc_separator][vc_empty_space height=&#8220;25px&#8220;][\/vc_column][\/vc_row][vc_row][vc_column width=&#8220;1\/4&#8243;][vc_single_image image=&#8220;758&#8243;][\/vc_column][vc_column width=&#8220;3\/4&#8243;][vc_column_text]<\/p>\n<h3><span style=\"color: #000080\"><strong>Klima-Kids<\/strong> \u2026 zu Teera nach Tuvalu (Welthaus Bielefeld)<\/span><\/h3>\n<p><em>empfohlen f\u00fcr Klassenstufe 3-6<\/em><\/p>\n<p><strong>Inhalt der Tasche<\/strong>: (Quelle: Welthaus Bielefeld)<\/p>\n<ul>\n<li>1\u00a0Klimakarte farbig A3, 25 Projektkarten f\u00fcr die Projekteinheit Klimazonen<\/li>\n<li>1 Experimentbeschreibung, 13 Treibhauseffekt-Karten f\u00fcr die Projekteinheit Klimawandel<b><br \/>\n<\/b><\/li>\n<li>30 Projektkarten mit Info-Karten zu einem tuvaluischen Kind sowie landeskundlichen Informationen f\u00fcr die Projekteinheit Tuvalu<\/li>\n<li>9 Fotokarten, Weltspiel \u201eTreibstoff-Pflanzen\u201c mit Weltkarten-Ausschnitten, Textkarten, Fotos, Diagrammen, R\u00e4tsel, Aktionskarten f\u00fcr die Projekteinheit Treibstoff-Pflanzen<\/li>\n<li>verschlie\u00dfbare Baumwolltasche mit 10 Dosen\u00a0mit Bestandteilen und\/oder Fotos von Treibstoffpflanzen (Palmfett, Zuckerrohr, Sojabohnen, Maisk\u00f6rner, etc.)<\/li>\n<li>20 Projektkarten f\u00fcr vier Detektiv-Gruppen sowie 2 Zusatzkarten \u201eAbfall und Recycling\u201c f\u00fcr die Projekteinheit Was tun?!<\/li>\n<\/ul>\n<p>[\/vc_column_text][vc_separator][vc_empty_space height=&#8220;25px&#8220;][\/vc_column][\/vc_row][vc_row][vc_column width=&#8220;1\/4&#8243;][vc_single_image image=&#8220;1013&#8243;][\/vc_column][vc_column width=&#8220;3\/4&#8243;][vc_column_text]<\/p>\n<h3><span style=\"color: #000080\"><strong>E5C4PE &#8211; Climate Change: Klimawandelspiel in Form eines Escape Games <\/strong>(ECOMOVE International)<\/span><\/h3>\n<p><em>empfohlen ab Sekundarstufe I (ca. Klasse 8)<br \/>\n<\/em><\/p>\n<p>Escape Climate Change ist ein interaktives Spiel, welches das Thema &#8222;Klimaschutz&#8220; mit Spa\u00df und Spannung angeht. Das Konzept basiert auf der Idee des Escape Games, bei dem es der Gruppe gelingen muss, in einer vorgegebenen Zeit ein komplexes R\u00e4tsel zu l\u00f6sen. Die Sch\u00fclerInnen m\u00fcssen gemeinsam einen finalen Geheimcode knacken, der sich in einer Box befindet. Dies gelingt nur, wenn sie die R\u00e4tsel und Aufgaben mit Hilfe von Sp\u00fcrsinn, Teamwork und Klimawissen l\u00f6sen.[\/vc_column_text][vc_separator][vc_empty_space height=&#8220;25px&#8220;][\/vc_column][\/vc_row][vc_row][vc_column width=&#8220;1\/4&#8243;][vc_single_image image=&#8220;1290&#8243;][\/vc_column][vc_column width=&#8220;3\/4&#8243;][vc_column_text]<\/p>\n<h3><span style=\"color: #000080\"><strong>Next Exit Biodiversity &#8211; Escape Gams <\/strong>(ECOMOVE International)<\/span><\/h3>\n<p><em>empfohlen ab Sekundarstufe I (ca. Klasse 8)<\/em><\/p>\n<p>Interaktives Spiel, bei dem das Thema biologische Vielfalt auf spannende Weise in ein Spiel als\u00a0 \u00a0Wettlauf gegen die Zeit \u00fcberf\u00fchrt wird. Neben der Erweiterung von Kenntnissen zum Thema Biodiversit\u00e4t regt das Projekt die Sch\u00fcler*innen an, selbst Ma\u00dfnahmen und Projekte an den Schulen oder im privaten Umfeld zur St\u00e4rkung der Artenvielfalt durchzuf\u00fchren.[\/vc_column_text][vc_separator][vc_empty_space height=&#8220;25px&#8220;][\/vc_column][\/vc_row][vc_row][vc_column width=&#8220;1\/4&#8243;][vc_single_image image=&#8220;759&#8243;][\/vc_column][vc_column width=&#8220;3\/4&#8243;][vc_column_text]<\/p>\n<h3><span style=\"color: #000080\"><strong>Weltspiel <\/strong>(Welthaus \u00d6sterreich)<\/span><\/h3>\n<p><em>empfohlen ab Sekundarstufe I<\/em><\/p>\n<p>Einstiegs- und Sch\u00e4tzspiel zu Globalisierung und Gerechtigkeit (empfohlen ab 12 Jahren)<\/p>\n<p><span class=\"artikeltext\">Das Weltspiel erm\u00f6glicht es, die Verteilung der Weltbev\u00f6lkerung auf die einzelnen Kontinente und die ungleiche Verteilung des Welteinkommens darzustellen und damit \u2013 sprichw\u00f6rtlich- zu begreifen.<\/span>[\/vc_column_text][vc_separator][vc_empty_space height=&#8220;25px&#8220;][\/vc_column][\/vc_row][vc_row][vc_column width=&#8220;1\/4&#8243;][vc_single_image image=&#8220;760&#8243;][\/vc_column][vc_column width=&#8220;3\/4&#8243;][vc_column_text]<\/p>\n<h3><span style=\"color: #000080\"><strong>Vielf\u00e4ltig oder Einf\u00e4ltig<\/strong> (Engagement Global)<\/span><\/h3>\n<p>Brettspiel zum globalen Lernen, entwickelt von Sch\u00fclerInnen der Sozial-AG \u201eTAT\u201c der Max-von-Laue-Schule in Berlin im Rahmen eines Schulwettbewerbs des Bundespr\u00e4sidenten zur Entwicklungspolitik 2015\/2016, zu grunds\u00e4tzlichen Fragestellungen der Globalisierung, ihren Chancen und Problemen (empfohlen ab 12 Jahren)[\/vc_column_text][vc_separator][vc_empty_space height=&#8220;25px&#8220;][\/vc_column][\/vc_row][vc_row][vc_column width=&#8220;1\/4&#8243;][\/vc_column][vc_column width=&#8220;3\/4&#8243;][vc_column_text]<\/p>\n<h3><span style=\"color: #000080\"><strong>Klimaschutz \u2013 Gut merken! <\/strong>(Umweltbundesamt)<\/span><\/h3>\n<p>Memory-Spiel zum Klimaschutz: welche Bereiche der Erde sind vom Klimawandel betroffen und welche Wege gibt es, das Klima zu sch\u00fctzen. Mit Bildkarten zu den Themen Klimawandel, Tipps zum Klimaschutz, erneuerbare Energien, Klimaschutzprojekte, Emissionshandel und Emissionshandel Luftverkehr. (geeignet ab Grundschule)[\/vc_column_text][vc_separator][\/vc_column][\/vc_row]<\/p>\n<\/div>","protected":false},"excerpt":{"rendered":"<p>[vc_row][vc_column][vc_column_text] Ausleihbare Bildungsbags und Spiele [\/vc_column_text][vc_empty_space][\/vc_column][\/vc_row][vc_row][vc_column width=&#8220;1\/4&#8243;][vc_single_image image=&#8220;752&#8243;][\/vc_column][vc_column width=&#8220;3\/4&#8243;][vc_column_text] Schoko-Expedition\u00a0 \u2026 zu Naki nach Ghana (Welthaus Bielefeld) empfohlen f\u00fcr Klassenstufe 3-5 Inhalt der Tasche: (Quelle: Welthaus Bielefeld) Brosch\u00fcre zum Materialset DVD mit PowerPoint-Pr\u00e4sentation, Bildern, H\u00f6rspiel, Musik zu Fantasiereisen,, Vorlagen zu den Spielen u.a. Fragekarten \u201eKakaobohne\u201c Aktivity-Karten zu Fairness und Gerechtigkeit 6 Spielfiguren, 1 W\u00fcrfel 4&hellip;<\/p>\n","protected":false},"author":101,"featured_media":0,"parent":615,"menu_order":1,"comment_status":"closed","ping_status":"closed","template":"","meta":{"footnotes":""},"class_list":["post-751","page","type-page","status-publish","hentry","description-off"],"yoast_head":"<!-- This site is optimized with the Yoast SEO plugin v26.8 - https:\/\/yoast.com\/product\/yoast-seo-wordpress\/ -->\n<title>Bildungsbags und Spiele - Weltladen Landsberg<\/title>\n<meta name=\"robots\" content=\"index, follow, max-snippet:-1, max-image-preview:large, max-video-preview:-1\" \/>\n<link rel=\"canonical\" href=\"https:\/\/weltlaeden.de\/landsberg\/bildungsarbeit\/bildungsmaterialien\/bildungsbags-und-spiele\/\" \/>\n<meta property=\"og:locale\" content=\"de_DE\" \/>\n<meta property=\"og:type\" content=\"article\" \/>\n<meta property=\"og:title\" content=\"Bildungsbags und Spiele - Weltladen Landsberg\" \/>\n<meta property=\"og:description\" content=\"[vc_row][vc_column][vc_column_text] Ausleihbare Bildungsbags und Spiele [\/vc_column_text][vc_empty_space][\/vc_column][\/vc_row][vc_row][vc_column width=&#8220;1\/4&#8243;][vc_single_image image=&#8220;752&#8243;][\/vc_column][vc_column width=&#8220;3\/4&#8243;][vc_column_text] Schoko-Expedition\u00a0 \u2026 zu Naki nach Ghana (Welthaus Bielefeld) empfohlen f\u00fcr Klassenstufe 3-5 Inhalt der Tasche: (Quelle: Welthaus Bielefeld) Brosch\u00fcre zum Materialset DVD mit PowerPoint-Pr\u00e4sentation, Bildern, H\u00f6rspiel, Musik zu Fantasiereisen,, Vorlagen zu den Spielen u.a. Fragekarten \u201eKakaobohne\u201c Aktivity-Karten zu Fairness und Gerechtigkeit 6 Spielfiguren, 1 W\u00fcrfel 4&hellip;\" \/>\n<meta property=\"og:url\" content=\"https:\/\/weltlaeden.de\/landsberg\/bildungsarbeit\/bildungsmaterialien\/bildungsbags-und-spiele\/\" \/>\n<meta property=\"og:site_name\" content=\"Weltladen Landsberg\" \/>\n<meta property=\"article:modified_time\" content=\"2023-04-02T20:31:19+00:00\" \/>\n<meta name=\"twitter:card\" content=\"summary_large_image\" \/>\n<meta name=\"twitter:label1\" content=\"Gesch\u00e4tzte Lesezeit\" \/>\n\t<meta name=\"twitter:data1\" content=\"3\u00a0Minuten\" \/>\n<script type=\"application\/ld+json\" class=\"yoast-schema-graph\">{\"@context\":\"https:\/\/schema.org\",\"@graph\":[{\"@type\":\"WebPage\",\"@id\":\"https:\/\/weltlaeden.de\/landsberg\/bildungsarbeit\/bildungsmaterialien\/bildungsbags-und-spiele\/\",\"url\":\"https:\/\/weltlaeden.de\/landsberg\/bildungsarbeit\/bildungsmaterialien\/bildungsbags-und-spiele\/\",\"name\":\"Bildungsbags und Spiele - Weltladen Landsberg\",\"isPartOf\":{\"@id\":\"https:\/\/weltlaeden.de\/landsberg\/#website\"},\"datePublished\":\"2019-05-21T19:23:50+00:00\",\"dateModified\":\"2023-04-02T20:31:19+00:00\",\"breadcrumb\":{\"@id\":\"https:\/\/weltlaeden.de\/landsberg\/bildungsarbeit\/bildungsmaterialien\/bildungsbags-und-spiele\/#breadcrumb\"},\"inLanguage\":\"de\",\"potentialAction\":[{\"@type\":\"ReadAction\",\"target\":[\"https:\/\/weltlaeden.de\/landsberg\/bildungsarbeit\/bildungsmaterialien\/bildungsbags-und-spiele\/\"]}]},{\"@type\":\"BreadcrumbList\",\"@id\":\"https:\/\/weltlaeden.de\/landsberg\/bildungsarbeit\/bildungsmaterialien\/bildungsbags-und-spiele\/#breadcrumb\",\"itemListElement\":[{\"@type\":\"ListItem\",\"position\":1,\"name\":\"Startseite\",\"item\":\"https:\/\/weltlaeden.de\/landsberg\/\"},{\"@type\":\"ListItem\",\"position\":2,\"name\":\"Bildungsarbeit\",\"item\":\"https:\/\/weltlaeden.de\/landsberg\/bildungsarbeit\/\"},{\"@type\":\"ListItem\",\"position\":3,\"name\":\"Bildungsmaterialien\",\"item\":\"https:\/\/weltlaeden.de\/landsberg\/bildungsarbeit\/bildungsmaterialien\/\"},{\"@type\":\"ListItem\",\"position\":4,\"name\":\"Bildungsbags und Spiele\"}]},{\"@type\":\"WebSite\",\"@id\":\"https:\/\/weltlaeden.de\/landsberg\/#website\",\"url\":\"https:\/\/weltlaeden.de\/landsberg\/\",\"name\":\"Vorlage\",\"description\":\"Faire Produkte seit 1981\",\"potentialAction\":[{\"@type\":\"SearchAction\",\"target\":{\"@type\":\"EntryPoint\",\"urlTemplate\":\"https:\/\/weltlaeden.de\/landsberg\/?s={search_term_string}\"},\"query-input\":{\"@type\":\"PropertyValueSpecification\",\"valueRequired\":true,\"valueName\":\"search_term_string\"}}],\"inLanguage\":\"de\"}]}<\/script>\n<!-- \/ Yoast SEO plugin. -->","yoast_head_json":{"title":"Bildungsbags und Spiele - Weltladen Landsberg","robots":{"index":"index","follow":"follow","max-snippet":"max-snippet:-1","max-image-preview":"max-image-preview:large","max-video-preview":"max-video-preview:-1"},"canonical":"https:\/\/weltlaeden.de\/landsberg\/bildungsarbeit\/bildungsmaterialien\/bildungsbags-und-spiele\/","og_locale":"de_DE","og_type":"article","og_title":"Bildungsbags und Spiele - Weltladen Landsberg","og_description":"[vc_row][vc_column][vc_column_text] Ausleihbare Bildungsbags und Spiele [\/vc_column_text][vc_empty_space][\/vc_column][\/vc_row][vc_row][vc_column width=&#8220;1\/4&#8243;][vc_single_image image=&#8220;752&#8243;][\/vc_column][vc_column width=&#8220;3\/4&#8243;][vc_column_text] Schoko-Expedition\u00a0 \u2026 zu Naki nach Ghana (Welthaus Bielefeld) empfohlen f\u00fcr Klassenstufe 3-5 Inhalt der Tasche: (Quelle: Welthaus Bielefeld) Brosch\u00fcre zum Materialset DVD mit PowerPoint-Pr\u00e4sentation, Bildern, H\u00f6rspiel, Musik zu Fantasiereisen,, Vorlagen zu den Spielen u.a. Fragekarten \u201eKakaobohne\u201c Aktivity-Karten zu Fairness und Gerechtigkeit 6 Spielfiguren, 1 W\u00fcrfel 4&hellip;","og_url":"https:\/\/weltlaeden.de\/landsberg\/bildungsarbeit\/bildungsmaterialien\/bildungsbags-und-spiele\/","og_site_name":"Weltladen Landsberg","article_modified_time":"2023-04-02T20:31:19+00:00","twitter_card":"summary_large_image","twitter_misc":{"Gesch\u00e4tzte Lesezeit":"3\u00a0Minuten"},"schema":{"@context":"https:\/\/schema.org","@graph":[{"@type":"WebPage","@id":"https:\/\/weltlaeden.de\/landsberg\/bildungsarbeit\/bildungsmaterialien\/bildungsbags-und-spiele\/","url":"https:\/\/weltlaeden.de\/landsberg\/bildungsarbeit\/bildungsmaterialien\/bildungsbags-und-spiele\/","name":"Bildungsbags und Spiele - Weltladen Landsberg","isPartOf":{"@id":"https:\/\/weltlaeden.de\/landsberg\/#website"},"datePublished":"2019-05-21T19:23:50+00:00","dateModified":"2023-04-02T20:31:19+00:00","breadcrumb":{"@id":"https:\/\/weltlaeden.de\/landsberg\/bildungsarbeit\/bildungsmaterialien\/bildungsbags-und-spiele\/#breadcrumb"},"inLanguage":"de","potentialAction":[{"@type":"ReadAction","target":["https:\/\/weltlaeden.de\/landsberg\/bildungsarbeit\/bildungsmaterialien\/bildungsbags-und-spiele\/"]}]},{"@type":"BreadcrumbList","@id":"https:\/\/weltlaeden.de\/landsberg\/bildungsarbeit\/bildungsmaterialien\/bildungsbags-und-spiele\/#breadcrumb","itemListElement":[{"@type":"ListItem","position":1,"name":"Startseite","item":"https:\/\/weltlaeden.de\/landsberg\/"},{"@type":"ListItem","position":2,"name":"Bildungsarbeit","item":"https:\/\/weltlaeden.de\/landsberg\/bildungsarbeit\/"},{"@type":"ListItem","position":3,"name":"Bildungsmaterialien","item":"https:\/\/weltlaeden.de\/landsberg\/bildungsarbeit\/bildungsmaterialien\/"},{"@type":"ListItem","position":4,"name":"Bildungsbags und Spiele"}]},{"@type":"WebSite","@id":"https:\/\/weltlaeden.de\/landsberg\/#website","url":"https:\/\/weltlaeden.de\/landsberg\/","name":"Vorlage","description":"Faire Produkte seit 1981","potentialAction":[{"@type":"SearchAction","target":{"@type":"EntryPoint","urlTemplate":"https:\/\/weltlaeden.de\/landsberg\/?s={search_term_string}"},"query-input":{"@type":"PropertyValueSpecification","valueRequired":true,"valueName":"search_term_string"}}],"inLanguage":"de"}]}},"_links":{"self":[{"href":"https:\/\/weltlaeden.de\/landsberg\/wp-json\/wp\/v2\/pages\/751","targetHints":{"allow":["GET"]}}],"collection":[{"href":"https:\/\/weltlaeden.de\/landsberg\/wp-json\/wp\/v2\/pages"}],"about":[{"href":"https:\/\/weltlaeden.de\/landsberg\/wp-json\/wp\/v2\/types\/page"}],"author":[{"embeddable":true,"href":"https:\/\/weltlaeden.de\/landsberg\/wp-json\/wp\/v2\/users\/101"}],"replies":[{"embeddable":true,"href":"https:\/\/weltlaeden.de\/landsberg\/wp-json\/wp\/v2\/comments?post=751"}],"version-history":[{"count":12,"href":"https:\/\/weltlaeden.de\/landsberg\/wp-json\/wp\/v2\/pages\/751\/revisions"}],"predecessor-version":[{"id":1291,"href":"https:\/\/weltlaeden.de\/landsberg\/wp-json\/wp\/v2\/pages\/751\/revisions\/1291"}],"up":[{"embeddable":true,"href":"https:\/\/weltlaeden.de\/landsberg\/wp-json\/wp\/v2\/pages\/615"}],"wp:attachment":[{"href":"https:\/\/weltlaeden.de\/landsberg\/wp-json\/wp\/v2\/media?parent=751"}],"curies":[{"name":"wp","href":"https:\/\/api.w.org\/{rel}","templated":true}]}}