{"id":734,"date":"2019-05-20T21:49:55","date_gmt":"2019-05-20T19:49:55","guid":{"rendered":"https:\/\/weltlaeden.de\/landsberg\/?page_id=734"},"modified":"2022-10-02T21:21:09","modified_gmt":"2022-10-02T19:21:09","slug":"buecher","status":"publish","type":"page","link":"https:\/\/weltlaeden.de\/landsberg\/bildungsarbeit\/bildungsmaterialien\/buecher\/","title":{"rendered":"B\u00fccher"},"content":{"rendered":"<div class=\"wpb-content-wrapper\"><p>[vc_row][vc_column][vc_column_text]<\/p>\n<h2><strong>Ausleihbare B\u00fccher<\/strong><\/h2>\n<p>[\/vc_column_text][vc_empty_space][vc_column_text]<\/p>\n<h3><strong><span style=\"color: #000080\">Orientierungsrahmen f\u00fcr den Lernbereich Globale Entwicklung<\/span> <\/strong><\/h3>\n<p>Herausgeber: Engagement Global<\/p>\n<p>Bezugsrahmen f\u00fcr die Entwicklung von Lehr-\/Bildungspl\u00e4nen und schulischen Curricula, f\u00fcr die Gestaltung von Unterricht und au\u00dferunterrichtlichen Aktivit\u00e4ten, f\u00fcr die lernbereichs- und fachspezifischen Anforderungen und deren \u00dcberpr\u00fcfung sowie f\u00fcr die Schulverwaltung und Lehrerbildung (Ergebnis des gemeinsamen Projektes der KMK und des BMZ)<\/p>\n<p><strong>Kurzfassung<\/strong> unter <a href=\"http:\/\/www.globaleslernen.de\/de\/orientierungsrahmen-globale-entwicklung-or-Neuauflage-des-Orientierungsrahmens\">http:\/\/www.globaleslernen.de\/de\/orientierungsrahmen-globale-entwicklung-or-Neuauflage-des-Orientierungsrahmens<\/a><\/p>\n<p><strong>NEU<\/strong>: Teilausgaben f\u00fcr die F\u00e4cher Deutsch, Neue Fremdsprachen, Bildende Kunst, Musik, Geschichte, Mathematik, Naturwissenschaften, Sport unter <a href=\"http:\/\/www.globaleslernen.de\/de\/orientierungsrahmen-globale-entwicklung-or-Neuauflage-des-Orientierungsrahmens\">http:\/\/www.globaleslernen.de\/de\/orientierungsrahmen-globale-entwicklung-or-Neuauflage-des-Orientierungsrahmens<\/a><\/p>\n<p>&nbsp;<\/p>\n<h3><span style=\"color: #000080\"><strong>Das Globale Klassenzimmer<\/strong><\/span><\/h3>\n<p>Praxisbeispiele aus einem Schulwettbewerb \u201eWie tr\u00e4gt globales Lernen zur Schulerneuerung bei?\u201c mit Unterrichtsbeispielen und Vorstellung von Schulpartnerschaften (Herausgeber: Fachstelle f\u00fcr entwicklungsbezogene P\u00e4dagogik des Comenius Instituts Berlin)<\/p>\n<p>&nbsp;<\/p>\n<h3><span style=\"color: #000080\"><strong>Praxisbuch Globales Lernen<\/strong><\/span><\/h3>\n<p>Von LehrerInnen verfasstes Handbuch mit Beispielen f\u00fcr globales Lernen im Unterricht, in Projektwochen und au\u00dferschulischer Bildungsarbeit (Herausgeber: Solidarisch leben lernen e.V.)<\/p>\n<p>&nbsp;<\/p>\n<h3><span style=\"color: #000080\"><strong>Weltfinsternis<\/strong><\/span><\/h3>\n<p>Erhellende Karikaturen zur Lage der Welt (Herausgeber: MVG Medienproduktion)<\/p>\n<p>&nbsp;<\/p>\n<h3><span style=\"color: #000080\"><strong>Der Globus quietscht und eiert<\/strong><\/span><\/h3>\n<p>Karikaturen (Herausgeber: MVG Medienproduktion)<\/p>\n<p>&nbsp;<\/p>\n<h3><span style=\"color: #000080\"><strong>Zauber gegen die K\u00e4lte<\/strong><\/span><\/h3>\n<p>Geschichten und Gedichte aus aller Welt (Herausgeber: Welthungerhilfe)<\/p>\n<p>&nbsp;<\/p>\n<h3><span style=\"color: #000080\"><strong>Aktenzeichen Armut<\/strong><\/span><\/h3>\n<p>Globalisierung in Texten und Grafiken: Ist -Zustand (2011) des Erreichens der Milleniumsziele ohne \u201esch\u00f6ngerechnete Fortschritte und Tricks\u201c (Herausgeber: Peter Hammer Verlag)<\/p>\n<p>&nbsp;<\/p>\n<h3><span style=\"color: #000080\"><strong>Entwicklungshindernis Gewalt<\/strong><\/span><\/h3>\n<p>Buch mit CD \u00fcber neue Kriege und erzwungene Armut<\/p>\n<p>&nbsp;<\/p>\n<h3><span style=\"color: #000080\"><strong>Kinder sind keine Soldaten<\/strong><\/span><\/h3>\n<p>Informationsbuch \u00fcber das Schicksal von Kindersoldaten, in dem auch betroffene Kinder zu Wort kommen (Herausgeber: MISEREOR)<\/p>\n<p>&nbsp;<\/p>\n<h3><span style=\"color: #000080\"><strong>AIDS \u2013 Eine Krankheit ver\u00e4ndert die Welt<\/strong><\/span><\/h3>\n<p>\u00dcberblick \u00fcber den Stand des Wissens (2005) mit Erl\u00e4uterung medizinischer Grundlagen, Daten zur Ausbreitung und globaler Verantwortung (Herausgeber: Brot f\u00fcr die Welt u.a.)<\/p>\n<p>&nbsp;<\/p>\n<h3><span style=\"color: #000080\"><strong>Die Mkuyu-Trommel<\/strong><\/span><\/h3>\n<p>M\u00e4rchen und Fabeln aus Tansania<\/p>\n<p>&nbsp;<\/p>\n<h3><strong>Gerichte aus Afrika<\/strong><\/h3>\n<p>Kochbuch mit Rezeptsammlung (Herausgeber: Burkina-Faso-Gruppe des Gymnasiums F\u00fcrstenried)[\/vc_column_text][\/vc_column][\/vc_row]<\/p>\n<\/div>","protected":false},"excerpt":{"rendered":"<p>[vc_row][vc_column][vc_column_text] Ausleihbare B\u00fccher [\/vc_column_text][vc_empty_space][vc_column_text] Orientierungsrahmen f\u00fcr den Lernbereich Globale Entwicklung Herausgeber: Engagement Global Bezugsrahmen f\u00fcr die Entwicklung von Lehr-\/Bildungspl\u00e4nen und schulischen Curricula, f\u00fcr die Gestaltung von Unterricht und au\u00dferunterrichtlichen Aktivit\u00e4ten, f\u00fcr die lernbereichs- und fachspezifischen Anforderungen und deren \u00dcberpr\u00fcfung sowie f\u00fcr die Schulverwaltung und Lehrerbildung (Ergebnis des gemeinsamen Projektes der KMK und des BMZ) Kurzfassung&hellip;<\/p>\n","protected":false},"author":101,"featured_media":0,"parent":615,"menu_order":5,"comment_status":"closed","ping_status":"closed","template":"","meta":{"footnotes":""},"class_list":["post-734","page","type-page","status-publish","hentry","description-off"],"yoast_head":"<!-- This site is optimized with the Yoast SEO plugin v26.8 - https:\/\/yoast.com\/product\/yoast-seo-wordpress\/ -->\n<title>B\u00fccher - Weltladen Landsberg<\/title>\n<meta name=\"robots\" content=\"index, follow, max-snippet:-1, max-image-preview:large, max-video-preview:-1\" \/>\n<link rel=\"canonical\" href=\"https:\/\/weltlaeden.de\/landsberg\/bildungsarbeit\/bildungsmaterialien\/buecher\/\" \/>\n<meta property=\"og:locale\" content=\"de_DE\" \/>\n<meta property=\"og:type\" content=\"article\" \/>\n<meta property=\"og:title\" content=\"B\u00fccher - Weltladen Landsberg\" \/>\n<meta property=\"og:description\" content=\"[vc_row][vc_column][vc_column_text] Ausleihbare B\u00fccher [\/vc_column_text][vc_empty_space][vc_column_text] Orientierungsrahmen f\u00fcr den Lernbereich Globale Entwicklung Herausgeber: Engagement Global Bezugsrahmen f\u00fcr die Entwicklung von Lehr-\/Bildungspl\u00e4nen und schulischen Curricula, f\u00fcr die Gestaltung von Unterricht und au\u00dferunterrichtlichen Aktivit\u00e4ten, f\u00fcr die lernbereichs- und fachspezifischen Anforderungen und deren \u00dcberpr\u00fcfung sowie f\u00fcr die Schulverwaltung und Lehrerbildung (Ergebnis des gemeinsamen Projektes der KMK und des BMZ) Kurzfassung&hellip;\" \/>\n<meta property=\"og:url\" content=\"https:\/\/weltlaeden.de\/landsberg\/bildungsarbeit\/bildungsmaterialien\/buecher\/\" \/>\n<meta property=\"og:site_name\" content=\"Weltladen Landsberg\" \/>\n<meta property=\"article:modified_time\" content=\"2022-10-02T19:21:09+00:00\" \/>\n<meta name=\"twitter:card\" content=\"summary_large_image\" \/>\n<meta name=\"twitter:label1\" content=\"Gesch\u00e4tzte Lesezeit\" \/>\n\t<meta name=\"twitter:data1\" content=\"2\u00a0Minuten\" \/>\n<script type=\"application\/ld+json\" class=\"yoast-schema-graph\">{\"@context\":\"https:\/\/schema.org\",\"@graph\":[{\"@type\":\"WebPage\",\"@id\":\"https:\/\/weltlaeden.de\/landsberg\/bildungsarbeit\/bildungsmaterialien\/buecher\/\",\"url\":\"https:\/\/weltlaeden.de\/landsberg\/bildungsarbeit\/bildungsmaterialien\/buecher\/\",\"name\":\"B\u00fccher - Weltladen Landsberg\",\"isPartOf\":{\"@id\":\"https:\/\/weltlaeden.de\/landsberg\/#website\"},\"datePublished\":\"2019-05-20T19:49:55+00:00\",\"dateModified\":\"2022-10-02T19:21:09+00:00\",\"breadcrumb\":{\"@id\":\"https:\/\/weltlaeden.de\/landsberg\/bildungsarbeit\/bildungsmaterialien\/buecher\/#breadcrumb\"},\"inLanguage\":\"de\",\"potentialAction\":[{\"@type\":\"ReadAction\",\"target\":[\"https:\/\/weltlaeden.de\/landsberg\/bildungsarbeit\/bildungsmaterialien\/buecher\/\"]}]},{\"@type\":\"BreadcrumbList\",\"@id\":\"https:\/\/weltlaeden.de\/landsberg\/bildungsarbeit\/bildungsmaterialien\/buecher\/#breadcrumb\",\"itemListElement\":[{\"@type\":\"ListItem\",\"position\":1,\"name\":\"Startseite\",\"item\":\"https:\/\/weltlaeden.de\/landsberg\/\"},{\"@type\":\"ListItem\",\"position\":2,\"name\":\"Bildungsarbeit\",\"item\":\"https:\/\/weltlaeden.de\/landsberg\/bildungsarbeit\/\"},{\"@type\":\"ListItem\",\"position\":3,\"name\":\"Bildungsmaterialien\",\"item\":\"https:\/\/weltlaeden.de\/landsberg\/bildungsarbeit\/bildungsmaterialien\/\"},{\"@type\":\"ListItem\",\"position\":4,\"name\":\"B\u00fccher\"}]},{\"@type\":\"WebSite\",\"@id\":\"https:\/\/weltlaeden.de\/landsberg\/#website\",\"url\":\"https:\/\/weltlaeden.de\/landsberg\/\",\"name\":\"Vorlage\",\"description\":\"Faire Produkte seit 1981\",\"potentialAction\":[{\"@type\":\"SearchAction\",\"target\":{\"@type\":\"EntryPoint\",\"urlTemplate\":\"https:\/\/weltlaeden.de\/landsberg\/?s={search_term_string}\"},\"query-input\":{\"@type\":\"PropertyValueSpecification\",\"valueRequired\":true,\"valueName\":\"search_term_string\"}}],\"inLanguage\":\"de\"}]}<\/script>\n<!-- \/ Yoast SEO plugin. -->","yoast_head_json":{"title":"B\u00fccher - Weltladen Landsberg","robots":{"index":"index","follow":"follow","max-snippet":"max-snippet:-1","max-image-preview":"max-image-preview:large","max-video-preview":"max-video-preview:-1"},"canonical":"https:\/\/weltlaeden.de\/landsberg\/bildungsarbeit\/bildungsmaterialien\/buecher\/","og_locale":"de_DE","og_type":"article","og_title":"B\u00fccher - Weltladen Landsberg","og_description":"[vc_row][vc_column][vc_column_text] Ausleihbare B\u00fccher [\/vc_column_text][vc_empty_space][vc_column_text] Orientierungsrahmen f\u00fcr den Lernbereich Globale Entwicklung Herausgeber: Engagement Global Bezugsrahmen f\u00fcr die Entwicklung von Lehr-\/Bildungspl\u00e4nen und schulischen Curricula, f\u00fcr die Gestaltung von Unterricht und au\u00dferunterrichtlichen Aktivit\u00e4ten, f\u00fcr die lernbereichs- und fachspezifischen Anforderungen und deren \u00dcberpr\u00fcfung sowie f\u00fcr die Schulverwaltung und Lehrerbildung (Ergebnis des gemeinsamen Projektes der KMK und des BMZ) Kurzfassung&hellip;","og_url":"https:\/\/weltlaeden.de\/landsberg\/bildungsarbeit\/bildungsmaterialien\/buecher\/","og_site_name":"Weltladen Landsberg","article_modified_time":"2022-10-02T19:21:09+00:00","twitter_card":"summary_large_image","twitter_misc":{"Gesch\u00e4tzte Lesezeit":"2\u00a0Minuten"},"schema":{"@context":"https:\/\/schema.org","@graph":[{"@type":"WebPage","@id":"https:\/\/weltlaeden.de\/landsberg\/bildungsarbeit\/bildungsmaterialien\/buecher\/","url":"https:\/\/weltlaeden.de\/landsberg\/bildungsarbeit\/bildungsmaterialien\/buecher\/","name":"B\u00fccher - Weltladen Landsberg","isPartOf":{"@id":"https:\/\/weltlaeden.de\/landsberg\/#website"},"datePublished":"2019-05-20T19:49:55+00:00","dateModified":"2022-10-02T19:21:09+00:00","breadcrumb":{"@id":"https:\/\/weltlaeden.de\/landsberg\/bildungsarbeit\/bildungsmaterialien\/buecher\/#breadcrumb"},"inLanguage":"de","potentialAction":[{"@type":"ReadAction","target":["https:\/\/weltlaeden.de\/landsberg\/bildungsarbeit\/bildungsmaterialien\/buecher\/"]}]},{"@type":"BreadcrumbList","@id":"https:\/\/weltlaeden.de\/landsberg\/bildungsarbeit\/bildungsmaterialien\/buecher\/#breadcrumb","itemListElement":[{"@type":"ListItem","position":1,"name":"Startseite","item":"https:\/\/weltlaeden.de\/landsberg\/"},{"@type":"ListItem","position":2,"name":"Bildungsarbeit","item":"https:\/\/weltlaeden.de\/landsberg\/bildungsarbeit\/"},{"@type":"ListItem","position":3,"name":"Bildungsmaterialien","item":"https:\/\/weltlaeden.de\/landsberg\/bildungsarbeit\/bildungsmaterialien\/"},{"@type":"ListItem","position":4,"name":"B\u00fccher"}]},{"@type":"WebSite","@id":"https:\/\/weltlaeden.de\/landsberg\/#website","url":"https:\/\/weltlaeden.de\/landsberg\/","name":"Vorlage","description":"Faire Produkte seit 1981","potentialAction":[{"@type":"SearchAction","target":{"@type":"EntryPoint","urlTemplate":"https:\/\/weltlaeden.de\/landsberg\/?s={search_term_string}"},"query-input":{"@type":"PropertyValueSpecification","valueRequired":true,"valueName":"search_term_string"}}],"inLanguage":"de"}]}},"_links":{"self":[{"href":"https:\/\/weltlaeden.de\/landsberg\/wp-json\/wp\/v2\/pages\/734","targetHints":{"allow":["GET"]}}],"collection":[{"href":"https:\/\/weltlaeden.de\/landsberg\/wp-json\/wp\/v2\/pages"}],"about":[{"href":"https:\/\/weltlaeden.de\/landsberg\/wp-json\/wp\/v2\/types\/page"}],"author":[{"embeddable":true,"href":"https:\/\/weltlaeden.de\/landsberg\/wp-json\/wp\/v2\/users\/101"}],"replies":[{"embeddable":true,"href":"https:\/\/weltlaeden.de\/landsberg\/wp-json\/wp\/v2\/comments?post=734"}],"version-history":[{"count":3,"href":"https:\/\/weltlaeden.de\/landsberg\/wp-json\/wp\/v2\/pages\/734\/revisions"}],"predecessor-version":[{"id":784,"href":"https:\/\/weltlaeden.de\/landsberg\/wp-json\/wp\/v2\/pages\/734\/revisions\/784"}],"up":[{"embeddable":true,"href":"https:\/\/weltlaeden.de\/landsberg\/wp-json\/wp\/v2\/pages\/615"}],"wp:attachment":[{"href":"https:\/\/weltlaeden.de\/landsberg\/wp-json\/wp\/v2\/media?parent=734"}],"curies":[{"name":"wp","href":"https:\/\/api.w.org\/{rel}","templated":true}]}}