{"id":727,"date":"2019-05-20T21:36:07","date_gmt":"2019-05-20T19:36:07","guid":{"rendered":"https:\/\/weltlaeden.de\/landsberg\/?page_id=727"},"modified":"2022-10-02T21:21:09","modified_gmt":"2022-10-02T19:21:09","slug":"nuetzliche-links","status":"publish","type":"page","link":"https:\/\/weltlaeden.de\/landsberg\/bildungsarbeit\/nuetzliche-links\/","title":{"rendered":"N\u00fctzliche Links"},"content":{"rendered":"<div class=\"wpb-content-wrapper\"><p>[vc_row][vc_column][vc_column_text]<\/p>\n<h2><strong>N\u00fctzliche Links<\/strong><\/h2>\n<p>[\/vc_column_text][vc_empty_space][\/vc_column][\/vc_row][vc_row][vc_column width=&#8220;1\/2&#8243;][vc_column_text]<\/p>\n<h3><strong>Eine Welt Netzwerk Bayern e.V.<\/strong><\/h3>\n<p>[\/vc_column_text][\/vc_column][vc_column width=&#8220;1\/2&#8243;][vc_column_text]bietet Informationen zur Eine Welt-Politik, vermittelt ReferentInnen und AnsprechpartnerInnen, koordiniert das Forum Globales Lernen in Bayern<\/p>\n<p><a href=\"http:\/\/www.eineweltnetzwerkbayern.de\/\">http:\/\/www.eineweltnetzwerkbayern.de\/<\/a>[\/vc_column_text][\/vc_column][\/vc_row][vc_row][vc_column width=&#8220;1\/2&#8243;][vc_column_text]<\/p>\n<h3><strong>Portal Globales Lernen<\/strong><\/h3>\n<p>[\/vc_column_text][\/vc_column][vc_column width=&#8220;1\/2&#8243;][vc_column_text]zentrales Portal zum Globalen Lernen und zur Bildung und zur Bildung f\u00fcr nachhaltige Entwicklung (BNE)<\/p>\n<p><a href=\"http:\/\/www.globaleslernen.de\/de\">http:\/\/www.globaleslernen.de\/de<\/a>[\/vc_column_text][\/vc_column][\/vc_row][vc_row][vc_column width=&#8220;1\/2&#8243;][vc_column_text]<\/p>\n<h3><strong>Bildung trifft Entwicklung<\/strong><\/h3>\n<p>[\/vc_column_text][\/vc_column][vc_column width=&#8220;1\/2&#8243;][vc_column_text]Globales Lernen mit authentischen Erfahrungen aus den L\u00e4ndern des globalen S\u00fcdens, vermittelt ReferentInnen f\u00fcr Bildungsveranstaltungen des Globalen Lernens z.B. an Kinderg\u00e4rten, Schulen und Einrichtungen der au\u00dferschulischen Jugend- und Erwachsenenbildung<\/p>\n<p><a href=\"https:\/\/www.bildung-trifft-entwicklung.de\/regionale-bildungsstelle-bayern.html\">https:\/\/www.bildung-trifft-entwicklung.de\/regionale-bildungsstelle-bayern.html<\/a>[\/vc_column_text][\/vc_column][\/vc_row][vc_row][vc_column width=&#8220;1\/2&#8243;][vc_column_text]<\/p>\n<h3><strong>Portal Bildung f\u00fcr nachhaltige Entwicklung<\/strong><\/h3>\n<p>[\/vc_column_text][\/vc_column][vc_column width=&#8220;1\/2&#8243;][vc_column_text]Lehr- und Lernmaterialien zur Reflexion der Auswirkungen des eigenen Handelns auf die Welt<\/p>\n<p><a href=\"http:\/\/www.bne-portal.de\/\">http:\/\/www.bne-portal.de\/<\/a>[\/vc_column_text][\/vc_column][\/vc_row][vc_row][vc_column width=&#8220;1\/2&#8243;][vc_column_text]<\/p>\n<h3><strong>\u201eEine Welt in der Schule\u201c der Universit\u00e4t Bremen<\/strong><\/h3>\n<p>[\/vc_column_text][\/vc_column][vc_column width=&#8220;1\/2&#8243;][vc_column_text]bietet Hilfen und Anregungen zur Gestaltung von Unterrichtseinheiten und Sch\u00fcleraktionen<\/p>\n<p><a href=\"http:\/\/www.weltinderschule.uni-bremen.de\/\">http:\/\/www.weltinderschule.uni-bremen.de\/<\/a>[\/vc_column_text][\/vc_column][\/vc_row][vc_row][vc_column width=&#8220;1\/2&#8243;][vc_column_text]<\/p>\n<h3><strong>Mission EineWelt<\/strong><\/h3>\n<p>[\/vc_column_text][\/vc_column][vc_column width=&#8220;1\/2&#8243;][vc_column_text]bietet Unterrichtsmaterialien des Zentrums f\u00fcr Partnerschaft, Entwicklung und Mission der Evangelisch-Lutherischen Kirche in Bayern<\/p>\n<p><a href=\"https:\/\/mission-einewelt.de\/service-und-angebot\/\">https:\/\/mission-einewelt.de\/service-und-angebot\/<\/a>[\/vc_column_text][\/vc_column][\/vc_row][vc_row][vc_column width=&#8220;1\/2&#8243;][vc_column_text]<\/p>\n<h3><strong>Bundeszentrale f\u00fcr politische Bildung<\/strong><\/h3>\n<p>[\/vc_column_text][\/vc_column][vc_column width=&#8220;1\/2&#8243;][vc_column_text]bietet Informationen zu aktuellen Publikationen, Veranstaltungen und Online-Angeboten f\u00fcr den Unterricht<\/p>\n<p><a href=\"http:\/\/bpb.de\/lernen\/\">http:\/\/bpb.de\/lernen\/<\/a>[\/vc_column_text][\/vc_column][\/vc_row]<\/p>\n<\/div>","protected":false},"excerpt":{"rendered":"<p>[vc_row][vc_column][vc_column_text] N\u00fctzliche Links [\/vc_column_text][vc_empty_space][\/vc_column][\/vc_row][vc_row][vc_column width=&#8220;1\/2&#8243;][vc_column_text] Eine Welt Netzwerk Bayern e.V. [\/vc_column_text][\/vc_column][vc_column width=&#8220;1\/2&#8243;][vc_column_text]bietet Informationen zur Eine Welt-Politik, vermittelt ReferentInnen und AnsprechpartnerInnen, koordiniert das Forum Globales Lernen in Bayern http:\/\/www.eineweltnetzwerkbayern.de\/[\/vc_column_text][\/vc_column][\/vc_row][vc_row][vc_column width=&#8220;1\/2&#8243;][vc_column_text] Portal Globales Lernen [\/vc_column_text][\/vc_column][vc_column width=&#8220;1\/2&#8243;][vc_column_text]zentrales Portal zum Globalen Lernen und zur Bildung und zur Bildung f\u00fcr nachhaltige Entwicklung (BNE) http:\/\/www.globaleslernen.de\/de[\/vc_column_text][\/vc_column][\/vc_row][vc_row][vc_column width=&#8220;1\/2&#8243;][vc_column_text] Bildung trifft Entwicklung [\/vc_column_text][\/vc_column][vc_column width=&#8220;1\/2&#8243;][vc_column_text]Globales&hellip;<\/p>\n","protected":false},"author":101,"featured_media":0,"parent":416,"menu_order":3,"comment_status":"closed","ping_status":"closed","template":"","meta":{"footnotes":""},"class_list":["post-727","page","type-page","status-publish","hentry","description-off"],"yoast_head":"<!-- This site is optimized with the Yoast SEO plugin v26.8 - https:\/\/yoast.com\/product\/yoast-seo-wordpress\/ -->\n<title>N\u00fctzliche Links - Weltladen Landsberg<\/title>\n<meta name=\"robots\" content=\"index, follow, max-snippet:-1, max-image-preview:large, max-video-preview:-1\" \/>\n<link rel=\"canonical\" href=\"https:\/\/weltlaeden.de\/landsberg\/bildungsarbeit\/nuetzliche-links\/\" \/>\n<meta property=\"og:locale\" content=\"de_DE\" \/>\n<meta property=\"og:type\" content=\"article\" \/>\n<meta property=\"og:title\" content=\"N\u00fctzliche Links - Weltladen Landsberg\" \/>\n<meta property=\"og:description\" content=\"[vc_row][vc_column][vc_column_text] N\u00fctzliche Links [\/vc_column_text][vc_empty_space][\/vc_column][\/vc_row][vc_row][vc_column width=&#8220;1\/2&#8243;][vc_column_text] Eine Welt Netzwerk Bayern e.V. [\/vc_column_text][\/vc_column][vc_column width=&#8220;1\/2&#8243;][vc_column_text]bietet Informationen zur Eine Welt-Politik, vermittelt ReferentInnen und AnsprechpartnerInnen, koordiniert das Forum Globales Lernen in Bayern http:\/\/www.eineweltnetzwerkbayern.de\/[\/vc_column_text][\/vc_column][\/vc_row][vc_row][vc_column width=&#8220;1\/2&#8243;][vc_column_text] Portal Globales Lernen [\/vc_column_text][\/vc_column][vc_column width=&#8220;1\/2&#8243;][vc_column_text]zentrales Portal zum Globalen Lernen und zur Bildung und zur Bildung f\u00fcr nachhaltige Entwicklung (BNE) http:\/\/www.globaleslernen.de\/de[\/vc_column_text][\/vc_column][\/vc_row][vc_row][vc_column width=&#8220;1\/2&#8243;][vc_column_text] Bildung trifft Entwicklung [\/vc_column_text][\/vc_column][vc_column width=&#8220;1\/2&#8243;][vc_column_text]Globales&hellip;\" \/>\n<meta property=\"og:url\" content=\"https:\/\/weltlaeden.de\/landsberg\/bildungsarbeit\/nuetzliche-links\/\" \/>\n<meta property=\"og:site_name\" content=\"Weltladen Landsberg\" \/>\n<meta property=\"article:modified_time\" content=\"2022-10-02T19:21:09+00:00\" \/>\n<meta name=\"twitter:card\" content=\"summary_large_image\" \/>\n<meta name=\"twitter:label1\" content=\"Gesch\u00e4tzte Lesezeit\" \/>\n\t<meta name=\"twitter:data1\" content=\"2\u00a0Minuten\" \/>\n<script type=\"application\/ld+json\" class=\"yoast-schema-graph\">{\"@context\":\"https:\/\/schema.org\",\"@graph\":[{\"@type\":\"WebPage\",\"@id\":\"https:\/\/weltlaeden.de\/landsberg\/bildungsarbeit\/nuetzliche-links\/\",\"url\":\"https:\/\/weltlaeden.de\/landsberg\/bildungsarbeit\/nuetzliche-links\/\",\"name\":\"N\u00fctzliche Links - Weltladen Landsberg\",\"isPartOf\":{\"@id\":\"https:\/\/weltlaeden.de\/landsberg\/#website\"},\"datePublished\":\"2019-05-20T19:36:07+00:00\",\"dateModified\":\"2022-10-02T19:21:09+00:00\",\"breadcrumb\":{\"@id\":\"https:\/\/weltlaeden.de\/landsberg\/bildungsarbeit\/nuetzliche-links\/#breadcrumb\"},\"inLanguage\":\"de\",\"potentialAction\":[{\"@type\":\"ReadAction\",\"target\":[\"https:\/\/weltlaeden.de\/landsberg\/bildungsarbeit\/nuetzliche-links\/\"]}]},{\"@type\":\"BreadcrumbList\",\"@id\":\"https:\/\/weltlaeden.de\/landsberg\/bildungsarbeit\/nuetzliche-links\/#breadcrumb\",\"itemListElement\":[{\"@type\":\"ListItem\",\"position\":1,\"name\":\"Startseite\",\"item\":\"https:\/\/weltlaeden.de\/landsberg\/\"},{\"@type\":\"ListItem\",\"position\":2,\"name\":\"Bildungsarbeit\",\"item\":\"https:\/\/weltlaeden.de\/landsberg\/bildungsarbeit\/\"},{\"@type\":\"ListItem\",\"position\":3,\"name\":\"N\u00fctzliche Links\"}]},{\"@type\":\"WebSite\",\"@id\":\"https:\/\/weltlaeden.de\/landsberg\/#website\",\"url\":\"https:\/\/weltlaeden.de\/landsberg\/\",\"name\":\"Vorlage\",\"description\":\"Faire Produkte seit 1981\",\"potentialAction\":[{\"@type\":\"SearchAction\",\"target\":{\"@type\":\"EntryPoint\",\"urlTemplate\":\"https:\/\/weltlaeden.de\/landsberg\/?s={search_term_string}\"},\"query-input\":{\"@type\":\"PropertyValueSpecification\",\"valueRequired\":true,\"valueName\":\"search_term_string\"}}],\"inLanguage\":\"de\"}]}<\/script>\n<!-- \/ Yoast SEO plugin. -->","yoast_head_json":{"title":"N\u00fctzliche Links - Weltladen Landsberg","robots":{"index":"index","follow":"follow","max-snippet":"max-snippet:-1","max-image-preview":"max-image-preview:large","max-video-preview":"max-video-preview:-1"},"canonical":"https:\/\/weltlaeden.de\/landsberg\/bildungsarbeit\/nuetzliche-links\/","og_locale":"de_DE","og_type":"article","og_title":"N\u00fctzliche Links - Weltladen Landsberg","og_description":"[vc_row][vc_column][vc_column_text] N\u00fctzliche Links [\/vc_column_text][vc_empty_space][\/vc_column][\/vc_row][vc_row][vc_column width=&#8220;1\/2&#8243;][vc_column_text] Eine Welt Netzwerk Bayern e.V. [\/vc_column_text][\/vc_column][vc_column width=&#8220;1\/2&#8243;][vc_column_text]bietet Informationen zur Eine Welt-Politik, vermittelt ReferentInnen und AnsprechpartnerInnen, koordiniert das Forum Globales Lernen in Bayern http:\/\/www.eineweltnetzwerkbayern.de\/[\/vc_column_text][\/vc_column][\/vc_row][vc_row][vc_column width=&#8220;1\/2&#8243;][vc_column_text] Portal Globales Lernen [\/vc_column_text][\/vc_column][vc_column width=&#8220;1\/2&#8243;][vc_column_text]zentrales Portal zum Globalen Lernen und zur Bildung und zur Bildung f\u00fcr nachhaltige Entwicklung (BNE) http:\/\/www.globaleslernen.de\/de[\/vc_column_text][\/vc_column][\/vc_row][vc_row][vc_column width=&#8220;1\/2&#8243;][vc_column_text] Bildung trifft Entwicklung [\/vc_column_text][\/vc_column][vc_column width=&#8220;1\/2&#8243;][vc_column_text]Globales&hellip;","og_url":"https:\/\/weltlaeden.de\/landsberg\/bildungsarbeit\/nuetzliche-links\/","og_site_name":"Weltladen Landsberg","article_modified_time":"2022-10-02T19:21:09+00:00","twitter_card":"summary_large_image","twitter_misc":{"Gesch\u00e4tzte Lesezeit":"2\u00a0Minuten"},"schema":{"@context":"https:\/\/schema.org","@graph":[{"@type":"WebPage","@id":"https:\/\/weltlaeden.de\/landsberg\/bildungsarbeit\/nuetzliche-links\/","url":"https:\/\/weltlaeden.de\/landsberg\/bildungsarbeit\/nuetzliche-links\/","name":"N\u00fctzliche Links - Weltladen Landsberg","isPartOf":{"@id":"https:\/\/weltlaeden.de\/landsberg\/#website"},"datePublished":"2019-05-20T19:36:07+00:00","dateModified":"2022-10-02T19:21:09+00:00","breadcrumb":{"@id":"https:\/\/weltlaeden.de\/landsberg\/bildungsarbeit\/nuetzliche-links\/#breadcrumb"},"inLanguage":"de","potentialAction":[{"@type":"ReadAction","target":["https:\/\/weltlaeden.de\/landsberg\/bildungsarbeit\/nuetzliche-links\/"]}]},{"@type":"BreadcrumbList","@id":"https:\/\/weltlaeden.de\/landsberg\/bildungsarbeit\/nuetzliche-links\/#breadcrumb","itemListElement":[{"@type":"ListItem","position":1,"name":"Startseite","item":"https:\/\/weltlaeden.de\/landsberg\/"},{"@type":"ListItem","position":2,"name":"Bildungsarbeit","item":"https:\/\/weltlaeden.de\/landsberg\/bildungsarbeit\/"},{"@type":"ListItem","position":3,"name":"N\u00fctzliche Links"}]},{"@type":"WebSite","@id":"https:\/\/weltlaeden.de\/landsberg\/#website","url":"https:\/\/weltlaeden.de\/landsberg\/","name":"Vorlage","description":"Faire Produkte seit 1981","potentialAction":[{"@type":"SearchAction","target":{"@type":"EntryPoint","urlTemplate":"https:\/\/weltlaeden.de\/landsberg\/?s={search_term_string}"},"query-input":{"@type":"PropertyValueSpecification","valueRequired":true,"valueName":"search_term_string"}}],"inLanguage":"de"}]}},"_links":{"self":[{"href":"https:\/\/weltlaeden.de\/landsberg\/wp-json\/wp\/v2\/pages\/727","targetHints":{"allow":["GET"]}}],"collection":[{"href":"https:\/\/weltlaeden.de\/landsberg\/wp-json\/wp\/v2\/pages"}],"about":[{"href":"https:\/\/weltlaeden.de\/landsberg\/wp-json\/wp\/v2\/types\/page"}],"author":[{"embeddable":true,"href":"https:\/\/weltlaeden.de\/landsberg\/wp-json\/wp\/v2\/users\/101"}],"replies":[{"embeddable":true,"href":"https:\/\/weltlaeden.de\/landsberg\/wp-json\/wp\/v2\/comments?post=727"}],"version-history":[{"count":2,"href":"https:\/\/weltlaeden.de\/landsberg\/wp-json\/wp\/v2\/pages\/727\/revisions"}],"predecessor-version":[{"id":729,"href":"https:\/\/weltlaeden.de\/landsberg\/wp-json\/wp\/v2\/pages\/727\/revisions\/729"}],"up":[{"embeddable":true,"href":"https:\/\/weltlaeden.de\/landsberg\/wp-json\/wp\/v2\/pages\/416"}],"wp:attachment":[{"href":"https:\/\/weltlaeden.de\/landsberg\/wp-json\/wp\/v2\/media?parent=727"}],"curies":[{"name":"wp","href":"https:\/\/api.w.org\/{rel}","templated":true}]}}