{"id":659,"date":"2019-05-06T15:07:31","date_gmt":"2019-05-06T13:07:31","guid":{"rendered":"https:\/\/weltlaeden.de\/landsberg\/?page_id=659"},"modified":"2022-10-02T21:21:07","modified_gmt":"2022-10-02T19:21:07","slug":"besondere-aktionen","status":"publish","type":"page","link":"https:\/\/weltlaeden.de\/landsberg\/veranstaltungen\/besondere-aktionen\/","title":{"rendered":"Besondere Aktionen"},"content":{"rendered":"<div class=\"wpb-content-wrapper\"><p>[vc_row][vc_column][vc_column_text]<\/p>\n<h1>Besondere Aktionen:<\/h1>\n<p>[\/vc_column_text][vc_empty_space][\/vc_column][\/vc_row][vc_row][vc_column][vc_single_image image=&#8220;655&#8243; img_size=&#8220;550&#215;259&#8243;][vc_empty_space][\/vc_column][\/vc_row][vc_row][vc_column][vc_column_text]<\/p>\n<h2><b>Handy-Sammelaktion: Weltladen sammelt Althandys<\/b><\/h2>\n<p>&nbsp;<\/p>\n<p>Von <b>Mission Eine Welt <\/b> und dem <b>Eine Welt Netzwerk Bayern <\/b> wurde die bayernweite Handy-Aktion, die bis zum Mai 2021 l\u00e4uft, initiiert.<br \/>\nMit der Aktion sollen die sozialen und \u00f6kologischen Auswirkungen der Handyproduktion aufgezeigt werden. In Deutschland wird jedes Handy durchschnittlich 18 Monate genutzt, dann durch ein neues ersetzt. \u00dcber 35 Mio. Handys werden pro Jahr gekauft, dabei entstehen ca. 5.000 Tonnen Elektroschrott.<br \/>\nFachgerechtes Recyceln schont Rohstoffe und vermeidet illegalen Export von Elektroschrott.<br \/>\nZur Aktion: Es werden alte und kaputte Handys gesammelt, fachm\u00e4nnisch gepr\u00fcft, gegebenenfalls recycelt und verwertet. Pro Handy werden 70 Cent gezahlt, der Erl\u00f6s kommt Eine-Welt-Kinderg\u00e4rten zugute.<br \/>\nN\u00e4here Infos: <a href=\"http:\/\/www.handyaktion-bayern.de\/\" target=\"_blank\" rel=\"noopener\">www.handyaktion-bayern.de<\/a>[\/vc_column_text][\/vc_column][\/vc_row]<\/p>\n<\/div>","protected":false},"excerpt":{"rendered":"<p>[vc_row][vc_column][vc_column_text] Besondere Aktionen: [\/vc_column_text][vc_empty_space][\/vc_column][\/vc_row][vc_row][vc_column][vc_single_image image=&#8220;655&#8243; img_size=&#8220;550&#215;259&#8243;][vc_empty_space][\/vc_column][\/vc_row][vc_row][vc_column][vc_column_text] Handy-Sammelaktion: Weltladen sammelt Althandys &nbsp; Von Mission Eine Welt und dem Eine Welt Netzwerk Bayern wurde die bayernweite Handy-Aktion, die bis zum Mai 2021 l\u00e4uft, initiiert. Mit der Aktion sollen die sozialen und \u00f6kologischen Auswirkungen der Handyproduktion aufgezeigt werden. In Deutschland wird jedes Handy durchschnittlich 18 Monate genutzt, dann&hellip;<\/p>\n","protected":false},"author":101,"featured_media":0,"parent":23,"menu_order":2,"comment_status":"closed","ping_status":"closed","template":"","meta":{"footnotes":""},"class_list":["post-659","page","type-page","status-publish","hentry","description-off"],"yoast_head":"<!-- This site is optimized with the Yoast SEO plugin v26.8 - https:\/\/yoast.com\/product\/yoast-seo-wordpress\/ -->\n<title>Besondere Aktionen - Weltladen Landsberg<\/title>\n<meta name=\"robots\" content=\"index, follow, max-snippet:-1, max-image-preview:large, max-video-preview:-1\" \/>\n<link rel=\"canonical\" href=\"https:\/\/weltlaeden.de\/landsberg\/veranstaltungen\/besondere-aktionen\/\" \/>\n<meta property=\"og:locale\" content=\"de_DE\" \/>\n<meta property=\"og:type\" content=\"article\" \/>\n<meta property=\"og:title\" content=\"Besondere Aktionen - Weltladen Landsberg\" \/>\n<meta property=\"og:description\" content=\"[vc_row][vc_column][vc_column_text] Besondere Aktionen: [\/vc_column_text][vc_empty_space][\/vc_column][\/vc_row][vc_row][vc_column][vc_single_image image=&#8220;655&#8243; img_size=&#8220;550&#215;259&#8243;][vc_empty_space][\/vc_column][\/vc_row][vc_row][vc_column][vc_column_text] Handy-Sammelaktion: Weltladen sammelt Althandys &nbsp; Von Mission Eine Welt und dem Eine Welt Netzwerk Bayern wurde die bayernweite Handy-Aktion, die bis zum Mai 2021 l\u00e4uft, initiiert. Mit der Aktion sollen die sozialen und \u00f6kologischen Auswirkungen der Handyproduktion aufgezeigt werden. In Deutschland wird jedes Handy durchschnittlich 18 Monate genutzt, dann&hellip;\" \/>\n<meta property=\"og:url\" content=\"https:\/\/weltlaeden.de\/landsberg\/veranstaltungen\/besondere-aktionen\/\" \/>\n<meta property=\"og:site_name\" content=\"Weltladen Landsberg\" \/>\n<meta property=\"article:modified_time\" content=\"2022-10-02T19:21:07+00:00\" \/>\n<meta name=\"twitter:card\" content=\"summary_large_image\" \/>\n<meta name=\"twitter:label1\" content=\"Gesch\u00e4tzte Lesezeit\" \/>\n\t<meta name=\"twitter:data1\" content=\"1\u00a0Minute\" \/>\n<script type=\"application\/ld+json\" class=\"yoast-schema-graph\">{\"@context\":\"https:\/\/schema.org\",\"@graph\":[{\"@type\":\"WebPage\",\"@id\":\"https:\/\/weltlaeden.de\/landsberg\/veranstaltungen\/besondere-aktionen\/\",\"url\":\"https:\/\/weltlaeden.de\/landsberg\/veranstaltungen\/besondere-aktionen\/\",\"name\":\"Besondere Aktionen - Weltladen Landsberg\",\"isPartOf\":{\"@id\":\"https:\/\/weltlaeden.de\/landsberg\/#website\"},\"datePublished\":\"2019-05-06T13:07:31+00:00\",\"dateModified\":\"2022-10-02T19:21:07+00:00\",\"breadcrumb\":{\"@id\":\"https:\/\/weltlaeden.de\/landsberg\/veranstaltungen\/besondere-aktionen\/#breadcrumb\"},\"inLanguage\":\"de\",\"potentialAction\":[{\"@type\":\"ReadAction\",\"target\":[\"https:\/\/weltlaeden.de\/landsberg\/veranstaltungen\/besondere-aktionen\/\"]}]},{\"@type\":\"BreadcrumbList\",\"@id\":\"https:\/\/weltlaeden.de\/landsberg\/veranstaltungen\/besondere-aktionen\/#breadcrumb\",\"itemListElement\":[{\"@type\":\"ListItem\",\"position\":1,\"name\":\"Startseite\",\"item\":\"https:\/\/weltlaeden.de\/landsberg\/\"},{\"@type\":\"ListItem\",\"position\":2,\"name\":\"Veranstaltungen\",\"item\":\"https:\/\/weltlaeden.de\/landsberg\/veranstaltungen\/\"},{\"@type\":\"ListItem\",\"position\":3,\"name\":\"Besondere Aktionen\"}]},{\"@type\":\"WebSite\",\"@id\":\"https:\/\/weltlaeden.de\/landsberg\/#website\",\"url\":\"https:\/\/weltlaeden.de\/landsberg\/\",\"name\":\"Vorlage\",\"description\":\"Faire Produkte seit 1981\",\"potentialAction\":[{\"@type\":\"SearchAction\",\"target\":{\"@type\":\"EntryPoint\",\"urlTemplate\":\"https:\/\/weltlaeden.de\/landsberg\/?s={search_term_string}\"},\"query-input\":{\"@type\":\"PropertyValueSpecification\",\"valueRequired\":true,\"valueName\":\"search_term_string\"}}],\"inLanguage\":\"de\"}]}<\/script>\n<!-- \/ Yoast SEO plugin. -->","yoast_head_json":{"title":"Besondere Aktionen - Weltladen Landsberg","robots":{"index":"index","follow":"follow","max-snippet":"max-snippet:-1","max-image-preview":"max-image-preview:large","max-video-preview":"max-video-preview:-1"},"canonical":"https:\/\/weltlaeden.de\/landsberg\/veranstaltungen\/besondere-aktionen\/","og_locale":"de_DE","og_type":"article","og_title":"Besondere Aktionen - Weltladen Landsberg","og_description":"[vc_row][vc_column][vc_column_text] Besondere Aktionen: [\/vc_column_text][vc_empty_space][\/vc_column][\/vc_row][vc_row][vc_column][vc_single_image image=&#8220;655&#8243; img_size=&#8220;550&#215;259&#8243;][vc_empty_space][\/vc_column][\/vc_row][vc_row][vc_column][vc_column_text] Handy-Sammelaktion: Weltladen sammelt Althandys &nbsp; Von Mission Eine Welt und dem Eine Welt Netzwerk Bayern wurde die bayernweite Handy-Aktion, die bis zum Mai 2021 l\u00e4uft, initiiert. Mit der Aktion sollen die sozialen und \u00f6kologischen Auswirkungen der Handyproduktion aufgezeigt werden. In Deutschland wird jedes Handy durchschnittlich 18 Monate genutzt, dann&hellip;","og_url":"https:\/\/weltlaeden.de\/landsberg\/veranstaltungen\/besondere-aktionen\/","og_site_name":"Weltladen Landsberg","article_modified_time":"2022-10-02T19:21:07+00:00","twitter_card":"summary_large_image","twitter_misc":{"Gesch\u00e4tzte Lesezeit":"1\u00a0Minute"},"schema":{"@context":"https:\/\/schema.org","@graph":[{"@type":"WebPage","@id":"https:\/\/weltlaeden.de\/landsberg\/veranstaltungen\/besondere-aktionen\/","url":"https:\/\/weltlaeden.de\/landsberg\/veranstaltungen\/besondere-aktionen\/","name":"Besondere Aktionen - Weltladen Landsberg","isPartOf":{"@id":"https:\/\/weltlaeden.de\/landsberg\/#website"},"datePublished":"2019-05-06T13:07:31+00:00","dateModified":"2022-10-02T19:21:07+00:00","breadcrumb":{"@id":"https:\/\/weltlaeden.de\/landsberg\/veranstaltungen\/besondere-aktionen\/#breadcrumb"},"inLanguage":"de","potentialAction":[{"@type":"ReadAction","target":["https:\/\/weltlaeden.de\/landsberg\/veranstaltungen\/besondere-aktionen\/"]}]},{"@type":"BreadcrumbList","@id":"https:\/\/weltlaeden.de\/landsberg\/veranstaltungen\/besondere-aktionen\/#breadcrumb","itemListElement":[{"@type":"ListItem","position":1,"name":"Startseite","item":"https:\/\/weltlaeden.de\/landsberg\/"},{"@type":"ListItem","position":2,"name":"Veranstaltungen","item":"https:\/\/weltlaeden.de\/landsberg\/veranstaltungen\/"},{"@type":"ListItem","position":3,"name":"Besondere Aktionen"}]},{"@type":"WebSite","@id":"https:\/\/weltlaeden.de\/landsberg\/#website","url":"https:\/\/weltlaeden.de\/landsberg\/","name":"Vorlage","description":"Faire Produkte seit 1981","potentialAction":[{"@type":"SearchAction","target":{"@type":"EntryPoint","urlTemplate":"https:\/\/weltlaeden.de\/landsberg\/?s={search_term_string}"},"query-input":{"@type":"PropertyValueSpecification","valueRequired":true,"valueName":"search_term_string"}}],"inLanguage":"de"}]}},"_links":{"self":[{"href":"https:\/\/weltlaeden.de\/landsberg\/wp-json\/wp\/v2\/pages\/659","targetHints":{"allow":["GET"]}}],"collection":[{"href":"https:\/\/weltlaeden.de\/landsberg\/wp-json\/wp\/v2\/pages"}],"about":[{"href":"https:\/\/weltlaeden.de\/landsberg\/wp-json\/wp\/v2\/types\/page"}],"author":[{"embeddable":true,"href":"https:\/\/weltlaeden.de\/landsberg\/wp-json\/wp\/v2\/users\/101"}],"replies":[{"embeddable":true,"href":"https:\/\/weltlaeden.de\/landsberg\/wp-json\/wp\/v2\/comments?post=659"}],"version-history":[{"count":12,"href":"https:\/\/weltlaeden.de\/landsberg\/wp-json\/wp\/v2\/pages\/659\/revisions"}],"predecessor-version":[{"id":1104,"href":"https:\/\/weltlaeden.de\/landsberg\/wp-json\/wp\/v2\/pages\/659\/revisions\/1104"}],"up":[{"embeddable":true,"href":"https:\/\/weltlaeden.de\/landsberg\/wp-json\/wp\/v2\/pages\/23"}],"wp:attachment":[{"href":"https:\/\/weltlaeden.de\/landsberg\/wp-json\/wp\/v2\/media?parent=659"}],"curies":[{"name":"wp","href":"https:\/\/api.w.org\/{rel}","templated":true}]}}