{"id":645,"date":"2019-05-06T13:11:54","date_gmt":"2019-05-06T11:11:54","guid":{"rendered":"https:\/\/weltlaeden.de\/landsberg\/?page_id=645"},"modified":"2022-10-02T21:21:05","modified_gmt":"2022-10-02T19:21:05","slug":"buecherecke","status":"publish","type":"page","link":"https:\/\/weltlaeden.de\/landsberg\/unser-sortiment\/buecherecke\/","title":{"rendered":"B\u00fccherecke"},"content":{"rendered":"<div class=\"wpb-content-wrapper\"><p>[vc_row][vc_column][vc_single_image image=&#8220;646&#8243; img_size=&#8220;386&#215;259&#8243;][vc_empty_space][\/vc_column][\/vc_row][vc_row][vc_column][vc_column_text]<\/p>\n<h2><strong>Unsere B\u00fccherecke<\/strong><\/h2>\n<p>Wir verkaufen in unserem Laden auch B\u00fccher. So f\u00fchren wir beispielsweise Romane von Schriftstellern aus Mittel- und S\u00fcdamerika sowie von Autoren aus arabischen und afrikanischen L\u00e4ndern. Ebenso k\u00f6nnen Sie bei uns B\u00fccher \u00fcber L\u00e4nder, aus denen unsere Waren stammen, erwerben.<\/p>\n<p>Kommen Sie vorbei und st\u00f6bern Sie!<\/p>\n<p><strong>NEU! B\u00dcCHER ZUM AUSLEIHEN!<\/strong> Sie k\u00f6nnen bei uns auch aus einer kleineren Anzahl an B\u00fcchern w\u00e4hlen, die Sie sich zum Lesen ausleihen. Gegen eine Spende \u00fcberlassen wir Ihnen gern B\u00fccher f\u00fcr die Dauer von 4 Wochen, nach Absprache gern auch l\u00e4nger.<\/p>\n<p>Mehrmals im Jahr veranstalten wir unseren beliebten <strong>B\u00fcchertisch<\/strong> im Eingangsbereich zum Innenhof der Pfarrei.[\/vc_column_text][\/vc_column][\/vc_row]<\/p>\n<\/div>","protected":false},"excerpt":{"rendered":"<p>[vc_row][vc_column][vc_single_image image=&#8220;646&#8243; img_size=&#8220;386&#215;259&#8243;][vc_empty_space][\/vc_column][\/vc_row][vc_row][vc_column][vc_column_text] Unsere B\u00fccherecke Wir verkaufen in unserem Laden auch B\u00fccher. So f\u00fchren wir beispielsweise Romane von Schriftstellern aus Mittel- und S\u00fcdamerika sowie von Autoren aus arabischen und afrikanischen L\u00e4ndern. Ebenso k\u00f6nnen Sie bei uns B\u00fccher \u00fcber L\u00e4nder, aus denen unsere Waren stammen, erwerben. Kommen Sie vorbei und st\u00f6bern Sie! NEU! B\u00dcCHER ZUM AUSLEIHEN!&hellip;<\/p>\n","protected":false},"author":101,"featured_media":0,"parent":217,"menu_order":2,"comment_status":"closed","ping_status":"closed","template":"","meta":{"footnotes":""},"class_list":["post-645","page","type-page","status-publish","hentry","description-off"],"yoast_head":"<!-- This site is optimized with the Yoast SEO plugin v26.8 - https:\/\/yoast.com\/product\/yoast-seo-wordpress\/ -->\n<title>B\u00fccherecke - Weltladen Landsberg<\/title>\n<meta name=\"robots\" content=\"index, follow, max-snippet:-1, max-image-preview:large, max-video-preview:-1\" \/>\n<link rel=\"canonical\" href=\"https:\/\/weltlaeden.de\/landsberg\/unser-sortiment\/buecherecke\/\" \/>\n<meta property=\"og:locale\" content=\"de_DE\" \/>\n<meta property=\"og:type\" content=\"article\" \/>\n<meta property=\"og:title\" content=\"B\u00fccherecke - Weltladen Landsberg\" \/>\n<meta property=\"og:description\" content=\"[vc_row][vc_column][vc_single_image image=&#8220;646&#8243; img_size=&#8220;386&#215;259&#8243;][vc_empty_space][\/vc_column][\/vc_row][vc_row][vc_column][vc_column_text] Unsere B\u00fccherecke Wir verkaufen in unserem Laden auch B\u00fccher. So f\u00fchren wir beispielsweise Romane von Schriftstellern aus Mittel- und S\u00fcdamerika sowie von Autoren aus arabischen und afrikanischen L\u00e4ndern. Ebenso k\u00f6nnen Sie bei uns B\u00fccher \u00fcber L\u00e4nder, aus denen unsere Waren stammen, erwerben. Kommen Sie vorbei und st\u00f6bern Sie! NEU! B\u00dcCHER ZUM AUSLEIHEN!&hellip;\" \/>\n<meta property=\"og:url\" content=\"https:\/\/weltlaeden.de\/landsberg\/unser-sortiment\/buecherecke\/\" \/>\n<meta property=\"og:site_name\" content=\"Weltladen Landsberg\" \/>\n<meta property=\"article:modified_time\" content=\"2022-10-02T19:21:05+00:00\" \/>\n<meta name=\"twitter:card\" content=\"summary_large_image\" \/>\n<meta name=\"twitter:label1\" content=\"Gesch\u00e4tzte Lesezeit\" \/>\n\t<meta name=\"twitter:data1\" content=\"1\u00a0Minute\" \/>\n<script type=\"application\/ld+json\" class=\"yoast-schema-graph\">{\"@context\":\"https:\/\/schema.org\",\"@graph\":[{\"@type\":\"WebPage\",\"@id\":\"https:\/\/weltlaeden.de\/landsberg\/unser-sortiment\/buecherecke\/\",\"url\":\"https:\/\/weltlaeden.de\/landsberg\/unser-sortiment\/buecherecke\/\",\"name\":\"B\u00fccherecke - Weltladen Landsberg\",\"isPartOf\":{\"@id\":\"https:\/\/weltlaeden.de\/landsberg\/#website\"},\"datePublished\":\"2019-05-06T11:11:54+00:00\",\"dateModified\":\"2022-10-02T19:21:05+00:00\",\"breadcrumb\":{\"@id\":\"https:\/\/weltlaeden.de\/landsberg\/unser-sortiment\/buecherecke\/#breadcrumb\"},\"inLanguage\":\"de\",\"potentialAction\":[{\"@type\":\"ReadAction\",\"target\":[\"https:\/\/weltlaeden.de\/landsberg\/unser-sortiment\/buecherecke\/\"]}]},{\"@type\":\"BreadcrumbList\",\"@id\":\"https:\/\/weltlaeden.de\/landsberg\/unser-sortiment\/buecherecke\/#breadcrumb\",\"itemListElement\":[{\"@type\":\"ListItem\",\"position\":1,\"name\":\"Startseite\",\"item\":\"https:\/\/weltlaeden.de\/landsberg\/\"},{\"@type\":\"ListItem\",\"position\":2,\"name\":\"Unser Sortiment\",\"item\":\"https:\/\/weltlaeden.de\/landsberg\/unser-sortiment\/\"},{\"@type\":\"ListItem\",\"position\":3,\"name\":\"B\u00fccherecke\"}]},{\"@type\":\"WebSite\",\"@id\":\"https:\/\/weltlaeden.de\/landsberg\/#website\",\"url\":\"https:\/\/weltlaeden.de\/landsberg\/\",\"name\":\"Vorlage\",\"description\":\"Faire Produkte seit 1981\",\"potentialAction\":[{\"@type\":\"SearchAction\",\"target\":{\"@type\":\"EntryPoint\",\"urlTemplate\":\"https:\/\/weltlaeden.de\/landsberg\/?s={search_term_string}\"},\"query-input\":{\"@type\":\"PropertyValueSpecification\",\"valueRequired\":true,\"valueName\":\"search_term_string\"}}],\"inLanguage\":\"de\"}]}<\/script>\n<!-- \/ Yoast SEO plugin. -->","yoast_head_json":{"title":"B\u00fccherecke - Weltladen Landsberg","robots":{"index":"index","follow":"follow","max-snippet":"max-snippet:-1","max-image-preview":"max-image-preview:large","max-video-preview":"max-video-preview:-1"},"canonical":"https:\/\/weltlaeden.de\/landsberg\/unser-sortiment\/buecherecke\/","og_locale":"de_DE","og_type":"article","og_title":"B\u00fccherecke - Weltladen Landsberg","og_description":"[vc_row][vc_column][vc_single_image image=&#8220;646&#8243; img_size=&#8220;386&#215;259&#8243;][vc_empty_space][\/vc_column][\/vc_row][vc_row][vc_column][vc_column_text] Unsere B\u00fccherecke Wir verkaufen in unserem Laden auch B\u00fccher. So f\u00fchren wir beispielsweise Romane von Schriftstellern aus Mittel- und S\u00fcdamerika sowie von Autoren aus arabischen und afrikanischen L\u00e4ndern. Ebenso k\u00f6nnen Sie bei uns B\u00fccher \u00fcber L\u00e4nder, aus denen unsere Waren stammen, erwerben. Kommen Sie vorbei und st\u00f6bern Sie! NEU! B\u00dcCHER ZUM AUSLEIHEN!&hellip;","og_url":"https:\/\/weltlaeden.de\/landsberg\/unser-sortiment\/buecherecke\/","og_site_name":"Weltladen Landsberg","article_modified_time":"2022-10-02T19:21:05+00:00","twitter_card":"summary_large_image","twitter_misc":{"Gesch\u00e4tzte Lesezeit":"1\u00a0Minute"},"schema":{"@context":"https:\/\/schema.org","@graph":[{"@type":"WebPage","@id":"https:\/\/weltlaeden.de\/landsberg\/unser-sortiment\/buecherecke\/","url":"https:\/\/weltlaeden.de\/landsberg\/unser-sortiment\/buecherecke\/","name":"B\u00fccherecke - Weltladen Landsberg","isPartOf":{"@id":"https:\/\/weltlaeden.de\/landsberg\/#website"},"datePublished":"2019-05-06T11:11:54+00:00","dateModified":"2022-10-02T19:21:05+00:00","breadcrumb":{"@id":"https:\/\/weltlaeden.de\/landsberg\/unser-sortiment\/buecherecke\/#breadcrumb"},"inLanguage":"de","potentialAction":[{"@type":"ReadAction","target":["https:\/\/weltlaeden.de\/landsberg\/unser-sortiment\/buecherecke\/"]}]},{"@type":"BreadcrumbList","@id":"https:\/\/weltlaeden.de\/landsberg\/unser-sortiment\/buecherecke\/#breadcrumb","itemListElement":[{"@type":"ListItem","position":1,"name":"Startseite","item":"https:\/\/weltlaeden.de\/landsberg\/"},{"@type":"ListItem","position":2,"name":"Unser Sortiment","item":"https:\/\/weltlaeden.de\/landsberg\/unser-sortiment\/"},{"@type":"ListItem","position":3,"name":"B\u00fccherecke"}]},{"@type":"WebSite","@id":"https:\/\/weltlaeden.de\/landsberg\/#website","url":"https:\/\/weltlaeden.de\/landsberg\/","name":"Vorlage","description":"Faire Produkte seit 1981","potentialAction":[{"@type":"SearchAction","target":{"@type":"EntryPoint","urlTemplate":"https:\/\/weltlaeden.de\/landsberg\/?s={search_term_string}"},"query-input":{"@type":"PropertyValueSpecification","valueRequired":true,"valueName":"search_term_string"}}],"inLanguage":"de"}]}},"_links":{"self":[{"href":"https:\/\/weltlaeden.de\/landsberg\/wp-json\/wp\/v2\/pages\/645","targetHints":{"allow":["GET"]}}],"collection":[{"href":"https:\/\/weltlaeden.de\/landsberg\/wp-json\/wp\/v2\/pages"}],"about":[{"href":"https:\/\/weltlaeden.de\/landsberg\/wp-json\/wp\/v2\/types\/page"}],"author":[{"embeddable":true,"href":"https:\/\/weltlaeden.de\/landsberg\/wp-json\/wp\/v2\/users\/101"}],"replies":[{"embeddable":true,"href":"https:\/\/weltlaeden.de\/landsberg\/wp-json\/wp\/v2\/comments?post=645"}],"version-history":[{"count":6,"href":"https:\/\/weltlaeden.de\/landsberg\/wp-json\/wp\/v2\/pages\/645\/revisions"}],"predecessor-version":[{"id":717,"href":"https:\/\/weltlaeden.de\/landsberg\/wp-json\/wp\/v2\/pages\/645\/revisions\/717"}],"up":[{"embeddable":true,"href":"https:\/\/weltlaeden.de\/landsberg\/wp-json\/wp\/v2\/pages\/217"}],"wp:attachment":[{"href":"https:\/\/weltlaeden.de\/landsberg\/wp-json\/wp\/v2\/media?parent=645"}],"curies":[{"name":"wp","href":"https:\/\/api.w.org\/{rel}","templated":true}]}}