{"id":636,"date":"2019-04-30T22:23:45","date_gmt":"2019-04-30T20:23:45","guid":{"rendered":"https:\/\/weltlaeden.de\/landsberg\/?page_id=636"},"modified":"2026-04-15T22:06:29","modified_gmt":"2026-04-15T20:06:29","slug":"produkt-des-monats","status":"publish","type":"page","link":"https:\/\/weltlaeden.de\/landsberg\/unser-sortiment\/produkt-des-monats\/","title":{"rendered":"Produkt des Monats"},"content":{"rendered":"<div class=\"wpb-content-wrapper\"><p>[vc_row][vc_column][vc_column_text css=&#8220;&#8220;]<\/p>\n<h2 style=\"text-align: center\"><strong><span style=\"color: #ff9900\">Unsere Produktempfehlung f\u00fcr April<\/span><br \/>\n<\/strong><\/h2>\n<p>[\/vc_column_text][vc_empty_space][\/vc_column][\/vc_row][vc_row][vc_column width=&#8220;1\/4&#8243;][vc_single_image image=&#8220;1513&#8243; css=&#8220;&#8220;][\/vc_column][vc_column width=&#8220;1\/4&#8243;][vc_single_image image=&#8220;1515&#8243; css=&#8220;&#8220;][\/vc_column][vc_column width=&#8220;1\/4&#8243;][vc_single_image image=&#8220;1516&#8243; css=&#8220;&#8220;][\/vc_column][vc_column width=&#8220;1\/4&#8243;][vc_single_image image=&#8220;1517&#8243; css=&#8220;&#8220;][\/vc_column][\/vc_row][vc_row][vc_column][vc_empty_space][vc_column_text css=&#8220;&#8220;]<\/p>\n<h2 style=\"text-align: center\"><em><span style=\"color: #99cc00\"><strong>Knastkekse aus Sizilien<\/strong><\/span><\/em><\/h2>\n<h3 style=\"text-align: center\"><span style=\"color: #993300\"><em>Italienisches Mandelgeb\u00e4ck<\/em><\/span><\/h3>\n<p>&nbsp;<\/p>\n<p>\ud83c\udf6a Bioqualit\u00e4t<br \/>\n\ud83c\udf6a glutenfrei<br \/>\n\ud83c\udf6a aus sizilianischen Mandeln<br \/>\n\ud83c\udf6a mit Honig ges\u00fc\u00dft<br \/>\n\ud83c\udf6a wahlweise mit kandierter Zitronenschale, Orangenschale oder mit Bittermandelaroma<\/p>\n<p>&nbsp;<\/p>\n<p>Hergestellt von der <strong>Kooperative Arcolaio<\/strong> &#8211; einer Sozialkooperative aus <strong>Syrakus auf Sizilien<\/strong>. Seit 2003 schafft Arcolaio qualifizierte Arbeitspl\u00e4tze f\u00fcr Insassen des Gef\u00e4ngnisses von Syrakus und verbindet handwerkliche Lebensmittelproduktion mit sozialer Verantwortung. In der Gef\u00e4ngniswerkstatt entstehen die Kekse \u2013 sorgf\u00e4ltig gebacken und voller Geschmack.<\/p>\n<p>Die Idee hinter Arcolaio ist einfach und wirkungsvoll: Faire, tariflich bezahlte Arbeit er\u00f6ffnet neue Perspektiven und unterst\u00fctzt einen Neustart nach der Haft. Verarbeitet werden hochwertige Zutaten von italienischen Kleinb\u00e4uerinnen und Kleinbauern sowie fair gehandelter Zucker. So bleiben Wertsch\u00f6pfung, Wissen und Verantwortung in der Region \u2013 und jede Packung Knast-Kekse tr\u00e4gt zu sozialer Teilhabe, regionaler Wirtschaft und einem gerechten Handel bei.<\/p>\n<p>&nbsp;<\/p>\n<h2 style=\"text-align: center\"><strong><span style=\"color: #ff0000\">Preise laut Auszeichnung<\/span><\/strong><\/h2>\n<p>[\/vc_column_text][\/vc_column][\/vc_row]<\/p>\n<\/div>","protected":false},"excerpt":{"rendered":"<p>[vc_row][vc_column][vc_column_text css=&#8220;&#8220;] Unsere Produktempfehlung f\u00fcr April [\/vc_column_text][vc_empty_space][\/vc_column][\/vc_row][vc_row][vc_column width=&#8220;1\/4&#8243;][vc_single_image image=&#8220;1513&#8243; css=&#8220;&#8220;][\/vc_column][vc_column width=&#8220;1\/4&#8243;][vc_single_image image=&#8220;1515&#8243; css=&#8220;&#8220;][\/vc_column][vc_column width=&#8220;1\/4&#8243;][vc_single_image image=&#8220;1516&#8243; css=&#8220;&#8220;][\/vc_column][vc_column width=&#8220;1\/4&#8243;][vc_single_image image=&#8220;1517&#8243; css=&#8220;&#8220;][\/vc_column][\/vc_row][vc_row][vc_column][vc_empty_space][vc_column_text css=&#8220;&#8220;] Knastkekse aus Sizilien Italienisches Mandelgeb\u00e4ck &nbsp; \ud83c\udf6a Bioqualit\u00e4t \ud83c\udf6a glutenfrei \ud83c\udf6a aus sizilianischen Mandeln \ud83c\udf6a mit Honig ges\u00fc\u00dft \ud83c\udf6a wahlweise mit kandierter Zitronenschale, Orangenschale oder mit Bittermandelaroma &nbsp; Hergestellt von der Kooperative Arcolaio &#8211; einer&hellip;<\/p>\n","protected":false},"author":101,"featured_media":0,"parent":217,"menu_order":1,"comment_status":"closed","ping_status":"closed","template":"","meta":{"footnotes":""},"class_list":["post-636","page","type-page","status-publish","hentry","description-off"],"yoast_head":"<!-- This site is optimized with the Yoast SEO plugin v26.8 - https:\/\/yoast.com\/product\/yoast-seo-wordpress\/ -->\n<title>Produkt des Monats - Weltladen Landsberg<\/title>\n<meta name=\"robots\" content=\"index, follow, max-snippet:-1, max-image-preview:large, max-video-preview:-1\" \/>\n<link rel=\"canonical\" href=\"https:\/\/weltlaeden.de\/landsberg\/unser-sortiment\/produkt-des-monats\/\" \/>\n<meta property=\"og:locale\" content=\"de_DE\" \/>\n<meta property=\"og:type\" content=\"article\" \/>\n<meta property=\"og:title\" content=\"Produkt des Monats - Weltladen Landsberg\" \/>\n<meta property=\"og:description\" content=\"[vc_row][vc_column][vc_column_text css=&#8220;&#8220;] Unsere Produktempfehlung f\u00fcr April [\/vc_column_text][vc_empty_space][\/vc_column][\/vc_row][vc_row][vc_column width=&#8220;1\/4&#8243;][vc_single_image image=&#8220;1513&#8243; css=&#8220;&#8220;][\/vc_column][vc_column width=&#8220;1\/4&#8243;][vc_single_image image=&#8220;1515&#8243; css=&#8220;&#8220;][\/vc_column][vc_column width=&#8220;1\/4&#8243;][vc_single_image image=&#8220;1516&#8243; css=&#8220;&#8220;][\/vc_column][vc_column width=&#8220;1\/4&#8243;][vc_single_image image=&#8220;1517&#8243; css=&#8220;&#8220;][\/vc_column][\/vc_row][vc_row][vc_column][vc_empty_space][vc_column_text css=&#8220;&#8220;] Knastkekse aus Sizilien Italienisches Mandelgeb\u00e4ck &nbsp; \ud83c\udf6a Bioqualit\u00e4t \ud83c\udf6a glutenfrei \ud83c\udf6a aus sizilianischen Mandeln \ud83c\udf6a mit Honig ges\u00fc\u00dft \ud83c\udf6a wahlweise mit kandierter Zitronenschale, Orangenschale oder mit Bittermandelaroma &nbsp; Hergestellt von der Kooperative Arcolaio &#8211; einer&hellip;\" \/>\n<meta property=\"og:url\" content=\"https:\/\/weltlaeden.de\/landsberg\/unser-sortiment\/produkt-des-monats\/\" \/>\n<meta property=\"og:site_name\" content=\"Weltladen Landsberg\" \/>\n<meta property=\"article:modified_time\" content=\"2026-04-15T20:06:29+00:00\" \/>\n<meta name=\"twitter:card\" content=\"summary_large_image\" \/>\n<meta name=\"twitter:label1\" content=\"Gesch\u00e4tzte Lesezeit\" \/>\n\t<meta name=\"twitter:data1\" content=\"2\u00a0Minuten\" \/>\n<script type=\"application\/ld+json\" class=\"yoast-schema-graph\">{\"@context\":\"https:\/\/schema.org\",\"@graph\":[{\"@type\":\"WebPage\",\"@id\":\"https:\/\/weltlaeden.de\/landsberg\/unser-sortiment\/produkt-des-monats\/\",\"url\":\"https:\/\/weltlaeden.de\/landsberg\/unser-sortiment\/produkt-des-monats\/\",\"name\":\"Produkt des Monats - Weltladen Landsberg\",\"isPartOf\":{\"@id\":\"https:\/\/weltlaeden.de\/landsberg\/#website\"},\"datePublished\":\"2019-04-30T20:23:45+00:00\",\"dateModified\":\"2026-04-15T20:06:29+00:00\",\"breadcrumb\":{\"@id\":\"https:\/\/weltlaeden.de\/landsberg\/unser-sortiment\/produkt-des-monats\/#breadcrumb\"},\"inLanguage\":\"de\",\"potentialAction\":[{\"@type\":\"ReadAction\",\"target\":[\"https:\/\/weltlaeden.de\/landsberg\/unser-sortiment\/produkt-des-monats\/\"]}]},{\"@type\":\"BreadcrumbList\",\"@id\":\"https:\/\/weltlaeden.de\/landsberg\/unser-sortiment\/produkt-des-monats\/#breadcrumb\",\"itemListElement\":[{\"@type\":\"ListItem\",\"position\":1,\"name\":\"Startseite\",\"item\":\"https:\/\/weltlaeden.de\/landsberg\/\"},{\"@type\":\"ListItem\",\"position\":2,\"name\":\"Unser Sortiment\",\"item\":\"https:\/\/weltlaeden.de\/landsberg\/unser-sortiment\/\"},{\"@type\":\"ListItem\",\"position\":3,\"name\":\"Produkt des Monats\"}]},{\"@type\":\"WebSite\",\"@id\":\"https:\/\/weltlaeden.de\/landsberg\/#website\",\"url\":\"https:\/\/weltlaeden.de\/landsberg\/\",\"name\":\"Vorlage\",\"description\":\"Faire Produkte seit 1981\",\"potentialAction\":[{\"@type\":\"SearchAction\",\"target\":{\"@type\":\"EntryPoint\",\"urlTemplate\":\"https:\/\/weltlaeden.de\/landsberg\/?s={search_term_string}\"},\"query-input\":{\"@type\":\"PropertyValueSpecification\",\"valueRequired\":true,\"valueName\":\"search_term_string\"}}],\"inLanguage\":\"de\"}]}<\/script>\n<!-- \/ Yoast SEO plugin. -->","yoast_head_json":{"title":"Produkt des Monats - Weltladen Landsberg","robots":{"index":"index","follow":"follow","max-snippet":"max-snippet:-1","max-image-preview":"max-image-preview:large","max-video-preview":"max-video-preview:-1"},"canonical":"https:\/\/weltlaeden.de\/landsberg\/unser-sortiment\/produkt-des-monats\/","og_locale":"de_DE","og_type":"article","og_title":"Produkt des Monats - Weltladen Landsberg","og_description":"[vc_row][vc_column][vc_column_text css=&#8220;&#8220;] Unsere Produktempfehlung f\u00fcr April [\/vc_column_text][vc_empty_space][\/vc_column][\/vc_row][vc_row][vc_column width=&#8220;1\/4&#8243;][vc_single_image image=&#8220;1513&#8243; css=&#8220;&#8220;][\/vc_column][vc_column width=&#8220;1\/4&#8243;][vc_single_image image=&#8220;1515&#8243; css=&#8220;&#8220;][\/vc_column][vc_column width=&#8220;1\/4&#8243;][vc_single_image image=&#8220;1516&#8243; css=&#8220;&#8220;][\/vc_column][vc_column width=&#8220;1\/4&#8243;][vc_single_image image=&#8220;1517&#8243; css=&#8220;&#8220;][\/vc_column][\/vc_row][vc_row][vc_column][vc_empty_space][vc_column_text css=&#8220;&#8220;] Knastkekse aus Sizilien Italienisches Mandelgeb\u00e4ck &nbsp; \ud83c\udf6a Bioqualit\u00e4t \ud83c\udf6a glutenfrei \ud83c\udf6a aus sizilianischen Mandeln \ud83c\udf6a mit Honig ges\u00fc\u00dft \ud83c\udf6a wahlweise mit kandierter Zitronenschale, Orangenschale oder mit Bittermandelaroma &nbsp; Hergestellt von der Kooperative Arcolaio &#8211; einer&hellip;","og_url":"https:\/\/weltlaeden.de\/landsberg\/unser-sortiment\/produkt-des-monats\/","og_site_name":"Weltladen Landsberg","article_modified_time":"2026-04-15T20:06:29+00:00","twitter_card":"summary_large_image","twitter_misc":{"Gesch\u00e4tzte Lesezeit":"2\u00a0Minuten"},"schema":{"@context":"https:\/\/schema.org","@graph":[{"@type":"WebPage","@id":"https:\/\/weltlaeden.de\/landsberg\/unser-sortiment\/produkt-des-monats\/","url":"https:\/\/weltlaeden.de\/landsberg\/unser-sortiment\/produkt-des-monats\/","name":"Produkt des Monats - Weltladen Landsberg","isPartOf":{"@id":"https:\/\/weltlaeden.de\/landsberg\/#website"},"datePublished":"2019-04-30T20:23:45+00:00","dateModified":"2026-04-15T20:06:29+00:00","breadcrumb":{"@id":"https:\/\/weltlaeden.de\/landsberg\/unser-sortiment\/produkt-des-monats\/#breadcrumb"},"inLanguage":"de","potentialAction":[{"@type":"ReadAction","target":["https:\/\/weltlaeden.de\/landsberg\/unser-sortiment\/produkt-des-monats\/"]}]},{"@type":"BreadcrumbList","@id":"https:\/\/weltlaeden.de\/landsberg\/unser-sortiment\/produkt-des-monats\/#breadcrumb","itemListElement":[{"@type":"ListItem","position":1,"name":"Startseite","item":"https:\/\/weltlaeden.de\/landsberg\/"},{"@type":"ListItem","position":2,"name":"Unser Sortiment","item":"https:\/\/weltlaeden.de\/landsberg\/unser-sortiment\/"},{"@type":"ListItem","position":3,"name":"Produkt des Monats"}]},{"@type":"WebSite","@id":"https:\/\/weltlaeden.de\/landsberg\/#website","url":"https:\/\/weltlaeden.de\/landsberg\/","name":"Vorlage","description":"Faire Produkte seit 1981","potentialAction":[{"@type":"SearchAction","target":{"@type":"EntryPoint","urlTemplate":"https:\/\/weltlaeden.de\/landsberg\/?s={search_term_string}"},"query-input":{"@type":"PropertyValueSpecification","valueRequired":true,"valueName":"search_term_string"}}],"inLanguage":"de"}]}},"_links":{"self":[{"href":"https:\/\/weltlaeden.de\/landsberg\/wp-json\/wp\/v2\/pages\/636","targetHints":{"allow":["GET"]}}],"collection":[{"href":"https:\/\/weltlaeden.de\/landsberg\/wp-json\/wp\/v2\/pages"}],"about":[{"href":"https:\/\/weltlaeden.de\/landsberg\/wp-json\/wp\/v2\/types\/page"}],"author":[{"embeddable":true,"href":"https:\/\/weltlaeden.de\/landsberg\/wp-json\/wp\/v2\/users\/101"}],"replies":[{"embeddable":true,"href":"https:\/\/weltlaeden.de\/landsberg\/wp-json\/wp\/v2\/comments?post=636"}],"version-history":[{"count":101,"href":"https:\/\/weltlaeden.de\/landsberg\/wp-json\/wp\/v2\/pages\/636\/revisions"}],"predecessor-version":[{"id":1518,"href":"https:\/\/weltlaeden.de\/landsberg\/wp-json\/wp\/v2\/pages\/636\/revisions\/1518"}],"up":[{"embeddable":true,"href":"https:\/\/weltlaeden.de\/landsberg\/wp-json\/wp\/v2\/pages\/217"}],"wp:attachment":[{"href":"https:\/\/weltlaeden.de\/landsberg\/wp-json\/wp\/v2\/media?parent=636"}],"curies":[{"name":"wp","href":"https:\/\/api.w.org\/{rel}","templated":true}]}}