{"id":445,"date":"2019-02-28T11:00:07","date_gmt":"2019-02-28T10:00:07","guid":{"rendered":"https:\/\/weltlaeden.de\/landsberg\/?page_id=445"},"modified":"2022-10-02T21:21:06","modified_gmt":"2022-10-02T19:21:06","slug":"satzung","status":"publish","type":"page","link":"https:\/\/weltlaeden.de\/landsberg\/unser-verein\/satzung\/","title":{"rendered":"Satzung"},"content":{"rendered":"<div class=\"wpb-content-wrapper\"><p>[vc_row][vc_column][vc_column_text]<\/p>\n<h2><strong>Partnerschaft Eine Welt e. V.\u00a0 &#8212; S A T Z U N G &#8212;<\/strong><\/h2>\n<p>Stand 16.03.2007<\/p>\n<p><em>(Genehmigung der Satzungs\u00e4nderung durch das Amtsgericht Augsburg \u2013 Registergericht &#8211; am 30.10.2007)<\/em><\/p>\n<p><strong>\u00a7 1 NAME<\/strong><br \/>\nDer Verein f\u00fchrt nach Eintragung in das Vereinsregister den Namen &#8222;Partnerschaft Eine Welt e. V.&#8220;.<\/p>\n<p><strong>\u00a7 2 SITZ UND GESCH\u00c4FTSJAHR<\/strong><br \/>\n(1) Sitz des Vereins ist Landsberg\/Lech.<br \/>\n(2) Das Gesch\u00e4ftsjahr ist das Kalenderjahr.<\/p>\n<p><strong>\u00a7 3 ZWECK<\/strong><br \/>\n(1) Zweck des Vereins ist,<br \/>\na) die \u00d6ffentlichkeit \u00fcber Probleme der Dritten Welt und Zusammenh\u00e4nge zwischen ihr und den Industrienationen zu informieren;<br \/>\nb) Entwicklungsprojekte in L\u00e4ndern der Dritten Welt zu unterst\u00fctzen.<br \/>\n(2) Bei seiner T\u00e4tigkeit legt der Verein Wert auf Zusammenarbeit mit anderen Organisationen, die den in Abs. (1) beschriebenen Zielen des Vereins f\u00f6rderlich sind.<\/p>\n<p><strong>\u00a7 4 GEMEINN\u00dcTZIGKEIT<\/strong><br \/>\n(1) Der Verein verfolgt in der Durchf\u00fchrung des \u00a7 3 ausschlie\u00dflich und unmittelbar gemeinn\u00fctzige Zwecke im Sinne des Abschnitts &#8222;Steuerbeg\u00fcnstigte Zwecke&#8220; der Abgabenordnung. Mittel des Vereins d\u00fcrfen nur f\u00fcr die satzungsm\u00e4\u00dfigen Zwecke verwendet werden.<br \/>\n(2) Die Mitglieder erhalten keine Gewinnanteile und in ihrer Eigenschaft als Mitglieder auch keine sonstigen Zuwendungen aus Mitteln des Vereins. Bei ihrem Ausscheiden oder bei Aufl\u00f6sung oder Aufhebung des Vereins haben sie keinerlei Anspruch auf das Vereinsverm\u00f6gen.<br \/>\n(3) Der Verein darf keine Person durch Ausgaben, die den Zwecken des Vereins fremd sind, oder durch unverh\u00e4ltnism\u00e4\u00dfig hohe Verg\u00fctungen beg\u00fcnstigen.<\/p>\n<p><strong>\u00a7 5 MITGLIEDSCHAFT<\/strong><br \/>\n(1) Mitglieder k\u00f6nnen nat\u00fcrliche Personen werden, die den Zwecken des Vereins im Sinne des \u00a7 3 zustimmen und eine schriftliche Beitrittserkl\u00e4rung einreichen.<br \/>\n(2) \u00dcber die Aufnahme entscheidet der Vorstand.<br \/>\n(3) Die Mitgliedschaft endet au\u00dfer durch Tod<br \/>\na) durch schriftliche Austrittserkl\u00e4rung<br \/>\nb) durch Ausschluss der Mitgliederversammlung; erforderlich ist dazu eine 3\/4 Mehrheit der abgegebenen Stimmen.<br \/>\n(4) Eine F\u00f6rdermitgliedschaft (Mitglieder ohne Stimmrecht in der Mitgliederversammlung) ist m\u00f6glich.<\/p>\n<p><strong>\u00a7 6 BEITRAG<\/strong><br \/>\n(1) Jedes Mitglied verpflichtet sich zur Zahlung eines Jahresbeitrages. Die\u00a0 Mindestbeitragsh\u00f6he wird von der Mitgliederversammlung festgelegt.<br \/>\n(2) F\u00f6rdermitglieder verpflichten sich zur Zahlung eines Jahresbeitrages. Die H\u00f6he des Beitrags wird vom F\u00f6rdermitglied selbst festgelegt.<\/p>\n<p><strong>\u00a7 7 ORGANE<\/strong><br \/>\nDie Organe des Vereins sind<br \/>\na) die Mitgliederversammlung,<br \/>\nb) der Vorstand.<\/p>\n<p><strong>\u00a7 8 MITGLIEDERVERSAMMLUNG<\/strong><br \/>\nOberstes Organ des Vereins ist die Mitgliederversammlung.<\/p>\n<p>(1) Aufgaben der Mitgliederversammlung<br \/>\na) Festlegung der Richtlinien f\u00fcr die T\u00e4tigkeit des Vereins gem\u00e4\u00df \u00a7 3<br \/>\nb) Wahl und Entlastung bzw. Abwahl des Vorstandes<br \/>\nc) Kenntnisnahme des Gesch\u00e4fts- und Kassenberichtes<br \/>\nd) Satzungs\u00e4nderungen<br \/>\ne) Entscheidung \u00fcber den Ausschluss von Mitgliedern<br \/>\nf) Festsetzung der Mindestbeitragsh\u00f6he<br \/>\ng) Aufl\u00f6sung des Vereins gem\u00e4\u00df \u00a7 11<\/p>\n<p>(2) Einberufung und Beschlussf\u00e4higkeit der Mitgliederversammlung<br \/>\na) Die Mitgliederversammlung findet mindestens einmal im Jahr statt.<br \/>\nb) Wenn zur Mitgliederversammlung mit einer Frist von zwei Wochen unter Beif\u00fcgung des Tagesordnungsvorschlages eingeladen worden ist, sind die anwesenden Mitglieder beschlussf\u00e4hig.<br \/>\nc) Beschl\u00fcsse werden &#8211; falls nicht anders vorgesehen &#8211; mit einfacher Stimmenmehrheit gefasst und protokolliert.<br \/>\nd) Auf Antrag von 20 % der Mitglieder muss eine au\u00dferordentliche Mitgliederversammlung einberufen werden.<br \/>\ne) Die Mitgliederversammlung wird vom Vorstand einberufen.<br \/>\nf) Eine Vertretung im Stimmrecht ist nicht zul\u00e4ssig.<\/p>\n<p><strong>\u00a7 9 VORSTAND<\/strong><br \/>\n(1) Zusammensetzung und Aufgaben<br \/>\na) Der Vorstand besteht aus zwei oder drei gleichberechtigten Mitgliedern.<br \/>\nb) Der Vorstand ist an die Beschl\u00fcsse der Mitgliederversammlung gebunden und f\u00fchrt die laufenden Gesch\u00e4fte.<br \/>\nc) Der Vorstand vertritt den Verein gerichtlich und au\u00dfergerichtlich. Jedes Mitglied des Vorstandes ist allein<br \/>\nvertretungsberechtigt.<br \/>\nd) Der Vorstand hat jeder Mitgliederversammlung \u00fcber seine T\u00e4tigkeit seit der vorausgegangenen<br \/>\nMitgliederversammlung Rechenschaft zu geben.<\/p>\n<p>(2) Wahlen und Amtszeiten<br \/>\na) Die Vorstandsmitglieder werden f\u00fcr die Dauer von zwei Jahren gew\u00e4hlt. Sie bleiben nach ihrer Amtszeit bis zur Neuwahl im Amt. Wiederwahl ist m\u00f6glich.<br \/>\nb) Die Vorstandsmitglieder sind in getrennten Wahlg\u00e4ngen mit einfacher Mehrheit zu w\u00e4hlen.<br \/>\nc) Abwahl kann nur durch konstruktives Misstrauensvotum mit 3\/4 der Stimmen der anwesenden Mitglieder<br \/>\nerfolgen.<\/p>\n<p><strong>\u00a7 10 SATZUNGS\u00c4NDERUNG<\/strong><br \/>\n(1) Antr\u00e4ge auf \u00c4nderung der Satzung sind schriftlich an den Vorstand einzureichen.<br \/>\n(2) Satzungs\u00e4nderungsantr\u00e4ge m\u00fcssen mit der Einladung zur Mitgliederversammlung allen Mitgliedern bekannt gegeben werden.<br \/>\n(3) F\u00fcr die Satzungs\u00e4nderung ist eine 3\/4 Mehrheit der anwesenden Mitglieder erforderlich.<\/p>\n<p><strong>\u00a7 11 AUFL\u00d6SUNG<\/strong><br \/>\n(1) Eine Aufl\u00f6sung des Vereins bedarf einer 3\/4 Mehrheit aller Mitglieder.<br \/>\n(2) Bei Aufl\u00f6sung oder Aufhebung des Vereins oder bei Wegfall seines bisherigen Zweckes f\u00e4llt das Vereinsverm\u00f6gen zu gleichen Teilen an<br \/>\na) die Aktion &#8222;Brot f\u00fcr die Welt&#8220;, Stuttgart und<br \/>\nb) das Bisch\u00f6fliche Hilfswerk &#8222;Misereor&#8220;, Aachen,<br \/>\ndie es unmittelbar und ausschlie\u00dflich f\u00fcr gemeinn\u00fctzige Zwecke im Sinne des \u00a7 3 der Satzung zu verwenden haben.<\/p>\n<p>Landsberg am Lech, den 25.06.81<br \/>\nund 12.07.85 (Satzungs\u00e4nderung \u00a7 9(1)a)<br \/>\nund 07.03.86 (Satzungs\u00e4nderung \u00a7 8(2)b)<br \/>\nund 30.11.91 (\u00c4nderung \u00a78(2)b) und Angleichung aller &#8222;2\/3&#8220;- zu &#8222;3\/4&#8220;-Stellen an das DGB)<br \/>\nund 16.03.07 (\u00c4nderung \u00a71 Name des Vereins, \u00a75 (4) und \u00a76 (2) F\u00f6rdermitgliedschaft,<br \/>\n\u00a7 9(1)a Anzahl der Vorst\u00e4nde sowie Anpassungen an neue deutsche<br \/>\nRechtschreibung)[\/vc_column_text][\/vc_column][\/vc_row]<\/p>\n<\/div>","protected":false},"excerpt":{"rendered":"<p>[vc_row][vc_column][vc_column_text] Partnerschaft Eine Welt e. V.\u00a0 &#8212; S A T Z U N G &#8212; Stand 16.03.2007 (Genehmigung der Satzungs\u00e4nderung durch das Amtsgericht Augsburg \u2013 Registergericht &#8211; am 30.10.2007) \u00a7 1 NAME Der Verein f\u00fchrt nach Eintragung in das Vereinsregister den Namen &#8222;Partnerschaft Eine Welt e. V.&#8220;. \u00a7 2 SITZ UND GESCH\u00c4FTSJAHR (1) Sitz des&hellip;<\/p>\n","protected":false},"author":101,"featured_media":0,"parent":219,"menu_order":1,"comment_status":"closed","ping_status":"closed","template":"","meta":{"footnotes":""},"class_list":["post-445","page","type-page","status-publish","hentry","description-off"],"yoast_head":"<!-- This site is optimized with the Yoast SEO plugin v26.8 - https:\/\/yoast.com\/product\/yoast-seo-wordpress\/ -->\n<title>Satzung - Weltladen Landsberg<\/title>\n<meta name=\"robots\" content=\"index, follow, max-snippet:-1, max-image-preview:large, max-video-preview:-1\" \/>\n<link rel=\"canonical\" href=\"https:\/\/weltlaeden.de\/landsberg\/unser-verein\/satzung\/\" \/>\n<meta property=\"og:locale\" content=\"de_DE\" \/>\n<meta property=\"og:type\" content=\"article\" \/>\n<meta property=\"og:title\" content=\"Satzung - Weltladen Landsberg\" \/>\n<meta property=\"og:description\" content=\"[vc_row][vc_column][vc_column_text] Partnerschaft Eine Welt e. V.\u00a0 &#8212; S A T Z U N G &#8212; Stand 16.03.2007 (Genehmigung der Satzungs\u00e4nderung durch das Amtsgericht Augsburg \u2013 Registergericht &#8211; am 30.10.2007) \u00a7 1 NAME Der Verein f\u00fchrt nach Eintragung in das Vereinsregister den Namen &#8222;Partnerschaft Eine Welt e. V.&#8220;. \u00a7 2 SITZ UND GESCH\u00c4FTSJAHR (1) Sitz des&hellip;\" \/>\n<meta property=\"og:url\" content=\"https:\/\/weltlaeden.de\/landsberg\/unser-verein\/satzung\/\" \/>\n<meta property=\"og:site_name\" content=\"Weltladen Landsberg\" \/>\n<meta property=\"article:modified_time\" content=\"2022-10-02T19:21:06+00:00\" \/>\n<meta name=\"twitter:card\" content=\"summary_large_image\" \/>\n<meta name=\"twitter:label1\" content=\"Gesch\u00e4tzte Lesezeit\" \/>\n\t<meta name=\"twitter:data1\" content=\"4\u00a0Minuten\" \/>\n<script type=\"application\/ld+json\" class=\"yoast-schema-graph\">{\"@context\":\"https:\/\/schema.org\",\"@graph\":[{\"@type\":\"WebPage\",\"@id\":\"https:\/\/weltlaeden.de\/landsberg\/unser-verein\/satzung\/\",\"url\":\"https:\/\/weltlaeden.de\/landsberg\/unser-verein\/satzung\/\",\"name\":\"Satzung - Weltladen Landsberg\",\"isPartOf\":{\"@id\":\"https:\/\/weltlaeden.de\/landsberg\/#website\"},\"datePublished\":\"2019-02-28T10:00:07+00:00\",\"dateModified\":\"2022-10-02T19:21:06+00:00\",\"breadcrumb\":{\"@id\":\"https:\/\/weltlaeden.de\/landsberg\/unser-verein\/satzung\/#breadcrumb\"},\"inLanguage\":\"de\",\"potentialAction\":[{\"@type\":\"ReadAction\",\"target\":[\"https:\/\/weltlaeden.de\/landsberg\/unser-verein\/satzung\/\"]}]},{\"@type\":\"BreadcrumbList\",\"@id\":\"https:\/\/weltlaeden.de\/landsberg\/unser-verein\/satzung\/#breadcrumb\",\"itemListElement\":[{\"@type\":\"ListItem\",\"position\":1,\"name\":\"Startseite\",\"item\":\"https:\/\/weltlaeden.de\/landsberg\/\"},{\"@type\":\"ListItem\",\"position\":2,\"name\":\"Unser Verein\",\"item\":\"https:\/\/weltlaeden.de\/landsberg\/unser-verein\/\"},{\"@type\":\"ListItem\",\"position\":3,\"name\":\"Satzung\"}]},{\"@type\":\"WebSite\",\"@id\":\"https:\/\/weltlaeden.de\/landsberg\/#website\",\"url\":\"https:\/\/weltlaeden.de\/landsberg\/\",\"name\":\"Vorlage\",\"description\":\"Faire Produkte seit 1981\",\"potentialAction\":[{\"@type\":\"SearchAction\",\"target\":{\"@type\":\"EntryPoint\",\"urlTemplate\":\"https:\/\/weltlaeden.de\/landsberg\/?s={search_term_string}\"},\"query-input\":{\"@type\":\"PropertyValueSpecification\",\"valueRequired\":true,\"valueName\":\"search_term_string\"}}],\"inLanguage\":\"de\"}]}<\/script>\n<!-- \/ Yoast SEO plugin. -->","yoast_head_json":{"title":"Satzung - Weltladen Landsberg","robots":{"index":"index","follow":"follow","max-snippet":"max-snippet:-1","max-image-preview":"max-image-preview:large","max-video-preview":"max-video-preview:-1"},"canonical":"https:\/\/weltlaeden.de\/landsberg\/unser-verein\/satzung\/","og_locale":"de_DE","og_type":"article","og_title":"Satzung - Weltladen Landsberg","og_description":"[vc_row][vc_column][vc_column_text] Partnerschaft Eine Welt e. V.\u00a0 &#8212; S A T Z U N G &#8212; Stand 16.03.2007 (Genehmigung der Satzungs\u00e4nderung durch das Amtsgericht Augsburg \u2013 Registergericht &#8211; am 30.10.2007) \u00a7 1 NAME Der Verein f\u00fchrt nach Eintragung in das Vereinsregister den Namen &#8222;Partnerschaft Eine Welt e. V.&#8220;. \u00a7 2 SITZ UND GESCH\u00c4FTSJAHR (1) Sitz des&hellip;","og_url":"https:\/\/weltlaeden.de\/landsberg\/unser-verein\/satzung\/","og_site_name":"Weltladen Landsberg","article_modified_time":"2022-10-02T19:21:06+00:00","twitter_card":"summary_large_image","twitter_misc":{"Gesch\u00e4tzte Lesezeit":"4\u00a0Minuten"},"schema":{"@context":"https:\/\/schema.org","@graph":[{"@type":"WebPage","@id":"https:\/\/weltlaeden.de\/landsberg\/unser-verein\/satzung\/","url":"https:\/\/weltlaeden.de\/landsberg\/unser-verein\/satzung\/","name":"Satzung - Weltladen Landsberg","isPartOf":{"@id":"https:\/\/weltlaeden.de\/landsberg\/#website"},"datePublished":"2019-02-28T10:00:07+00:00","dateModified":"2022-10-02T19:21:06+00:00","breadcrumb":{"@id":"https:\/\/weltlaeden.de\/landsberg\/unser-verein\/satzung\/#breadcrumb"},"inLanguage":"de","potentialAction":[{"@type":"ReadAction","target":["https:\/\/weltlaeden.de\/landsberg\/unser-verein\/satzung\/"]}]},{"@type":"BreadcrumbList","@id":"https:\/\/weltlaeden.de\/landsberg\/unser-verein\/satzung\/#breadcrumb","itemListElement":[{"@type":"ListItem","position":1,"name":"Startseite","item":"https:\/\/weltlaeden.de\/landsberg\/"},{"@type":"ListItem","position":2,"name":"Unser Verein","item":"https:\/\/weltlaeden.de\/landsberg\/unser-verein\/"},{"@type":"ListItem","position":3,"name":"Satzung"}]},{"@type":"WebSite","@id":"https:\/\/weltlaeden.de\/landsberg\/#website","url":"https:\/\/weltlaeden.de\/landsberg\/","name":"Vorlage","description":"Faire Produkte seit 1981","potentialAction":[{"@type":"SearchAction","target":{"@type":"EntryPoint","urlTemplate":"https:\/\/weltlaeden.de\/landsberg\/?s={search_term_string}"},"query-input":{"@type":"PropertyValueSpecification","valueRequired":true,"valueName":"search_term_string"}}],"inLanguage":"de"}]}},"_links":{"self":[{"href":"https:\/\/weltlaeden.de\/landsberg\/wp-json\/wp\/v2\/pages\/445","targetHints":{"allow":["GET"]}}],"collection":[{"href":"https:\/\/weltlaeden.de\/landsberg\/wp-json\/wp\/v2\/pages"}],"about":[{"href":"https:\/\/weltlaeden.de\/landsberg\/wp-json\/wp\/v2\/types\/page"}],"author":[{"embeddable":true,"href":"https:\/\/weltlaeden.de\/landsberg\/wp-json\/wp\/v2\/users\/101"}],"replies":[{"embeddable":true,"href":"https:\/\/weltlaeden.de\/landsberg\/wp-json\/wp\/v2\/comments?post=445"}],"version-history":[{"count":4,"href":"https:\/\/weltlaeden.de\/landsberg\/wp-json\/wp\/v2\/pages\/445\/revisions"}],"predecessor-version":[{"id":1148,"href":"https:\/\/weltlaeden.de\/landsberg\/wp-json\/wp\/v2\/pages\/445\/revisions\/1148"}],"up":[{"embeddable":true,"href":"https:\/\/weltlaeden.de\/landsberg\/wp-json\/wp\/v2\/pages\/219"}],"wp:attachment":[{"href":"https:\/\/weltlaeden.de\/landsberg\/wp-json\/wp\/v2\/media?parent=445"}],"curies":[{"name":"wp","href":"https:\/\/api.w.org\/{rel}","templated":true}]}}