{"id":416,"date":"2019-02-28T10:12:09","date_gmt":"2019-02-28T09:12:09","guid":{"rendered":"https:\/\/weltlaeden.de\/landsberg\/?page_id=416"},"modified":"2024-12-13T10:59:20","modified_gmt":"2024-12-13T09:59:20","slug":"bildungsarbeit","status":"publish","type":"page","link":"https:\/\/weltlaeden.de\/landsberg\/bildungsarbeit\/","title":{"rendered":"Bildungsarbeit"},"content":{"rendered":"<div class=\"wpb-content-wrapper\"><p>[vc_row][vc_column][vc_column_text css=&#8220;&#8220;]<\/p>\n<h2><strong>Sie m\u00f6chten gern&#8230;<\/strong><\/h2>\n<ul>\n<li>mit Ihrer Schulklasse eine <strong>Weltladenf\u00fchrung<\/strong> (f\u00fcr Grundschulen und weiterf\u00fchrende Schulen) buchen?<\/li>\n<li>oder den <strong>Fairen Handel<\/strong> im Unterricht n\u00e4her thematisieren?<\/li>\n<li>wissen, ob es <strong>Materialien<\/strong> zu bestimmten Themen des Globalen Lernens (wie z.B. \u00d6kologischer Fu\u00dfabdruck, Kinderrechte, Fairer Handel) gibt?<\/li>\n<li>oder auch einfach nur eine <strong>Beratung<\/strong>, wie Sie ein Themenfeld des Globalen Lernens in die schulische oder au\u00dferschulische Bildung einbauen k\u00f6nnen?<\/li>\n<\/ul>\n<p>&nbsp;<\/p>\n<h2><strong>&#8230; dann sind Sie<\/strong><\/h2>\n<p>im Weltladen genau richtig. Wir engagieren uns auch in der Bildungsarbeit und bieten Ihnen gern eine <strong>Beratung<\/strong>, wie Sie den Fairen Handel in die schulische oder au\u00dferschulische Bildung einbauen k\u00f6nnen. Bei Bedarf oder W\u00fcnschen zu ganz speziellen Themen sind wir Ihnen gern bei der Suche nach geeigneten Referentinnen und Referenten behilflich.<\/p>\n<p>&nbsp;<\/p>\n<h2><strong>So erreichen Sie uns:<\/strong><\/h2>\n<p>F\u00fcr ein Beratungsgespr\u00e4ch oder die Ausleihe von Materialien vereinbaren Sie bitte einen <strong>Termin<\/strong>:<\/p>\n<ul>\n<li>Ansprechpartner: Cornelia Merunka<\/li>\n<li>per E-Mail unter ews(at)weltladen-landsberg.de<\/li>\n<li>oder telefonisch im Weltladen unter 08191 \u2013 30 88 09 (bitte Name und Telefonnummer beim Verkaufsteam hinterlassen, wir rufen zur\u00fcck)<\/li>\n<\/ul>\n<p>[\/vc_column_text][\/vc_column][\/vc_row]<\/p>\n<\/div>","protected":false},"excerpt":{"rendered":"<p>[vc_row][vc_column][vc_column_text css=&#8220;&#8220;] Sie m\u00f6chten gern&#8230; mit Ihrer Schulklasse eine Weltladenf\u00fchrung (f\u00fcr Grundschulen und weiterf\u00fchrende Schulen) buchen? oder den Fairen Handel im Unterricht n\u00e4her thematisieren? wissen, ob es Materialien zu bestimmten Themen des Globalen Lernens (wie z.B. \u00d6kologischer Fu\u00dfabdruck, Kinderrechte, Fairer Handel) gibt? oder auch einfach nur eine Beratung, wie Sie ein Themenfeld des Globalen Lernens&hellip;<\/p>\n","protected":false},"author":101,"featured_media":0,"parent":0,"menu_order":7,"comment_status":"closed","ping_status":"closed","template":"","meta":{"footnotes":""},"class_list":["post-416","page","type-page","status-publish","hentry","description-off"],"yoast_head":"<!-- This site is optimized with the Yoast SEO plugin v26.8 - https:\/\/yoast.com\/product\/yoast-seo-wordpress\/ -->\n<title>Bildungsarbeit - Weltladen Landsberg<\/title>\n<meta name=\"robots\" content=\"index, follow, max-snippet:-1, max-image-preview:large, max-video-preview:-1\" \/>\n<link rel=\"canonical\" href=\"https:\/\/weltlaeden.de\/landsberg\/bildungsarbeit\/\" \/>\n<meta property=\"og:locale\" content=\"de_DE\" \/>\n<meta property=\"og:type\" content=\"article\" \/>\n<meta property=\"og:title\" content=\"Bildungsarbeit - Weltladen Landsberg\" \/>\n<meta property=\"og:description\" content=\"[vc_row][vc_column][vc_column_text css=&#8220;&#8220;] Sie m\u00f6chten gern&#8230; mit Ihrer Schulklasse eine Weltladenf\u00fchrung (f\u00fcr Grundschulen und weiterf\u00fchrende Schulen) buchen? oder den Fairen Handel im Unterricht n\u00e4her thematisieren? wissen, ob es Materialien zu bestimmten Themen des Globalen Lernens (wie z.B. \u00d6kologischer Fu\u00dfabdruck, Kinderrechte, Fairer Handel) gibt? oder auch einfach nur eine Beratung, wie Sie ein Themenfeld des Globalen Lernens&hellip;\" \/>\n<meta property=\"og:url\" content=\"https:\/\/weltlaeden.de\/landsberg\/bildungsarbeit\/\" \/>\n<meta property=\"og:site_name\" content=\"Weltladen Landsberg\" \/>\n<meta property=\"article:modified_time\" content=\"2024-12-13T09:59:20+00:00\" \/>\n<meta name=\"twitter:card\" content=\"summary_large_image\" \/>\n<meta name=\"twitter:label1\" content=\"Gesch\u00e4tzte Lesezeit\" \/>\n\t<meta name=\"twitter:data1\" content=\"1\u00a0Minute\" \/>\n<script type=\"application\/ld+json\" class=\"yoast-schema-graph\">{\"@context\":\"https:\/\/schema.org\",\"@graph\":[{\"@type\":\"WebPage\",\"@id\":\"https:\/\/weltlaeden.de\/landsberg\/bildungsarbeit\/\",\"url\":\"https:\/\/weltlaeden.de\/landsberg\/bildungsarbeit\/\",\"name\":\"Bildungsarbeit - Weltladen Landsberg\",\"isPartOf\":{\"@id\":\"https:\/\/weltlaeden.de\/landsberg\/#website\"},\"datePublished\":\"2019-02-28T09:12:09+00:00\",\"dateModified\":\"2024-12-13T09:59:20+00:00\",\"breadcrumb\":{\"@id\":\"https:\/\/weltlaeden.de\/landsberg\/bildungsarbeit\/#breadcrumb\"},\"inLanguage\":\"de\",\"potentialAction\":[{\"@type\":\"ReadAction\",\"target\":[\"https:\/\/weltlaeden.de\/landsberg\/bildungsarbeit\/\"]}]},{\"@type\":\"BreadcrumbList\",\"@id\":\"https:\/\/weltlaeden.de\/landsberg\/bildungsarbeit\/#breadcrumb\",\"itemListElement\":[{\"@type\":\"ListItem\",\"position\":1,\"name\":\"Startseite\",\"item\":\"https:\/\/weltlaeden.de\/landsberg\/\"},{\"@type\":\"ListItem\",\"position\":2,\"name\":\"Bildungsarbeit\"}]},{\"@type\":\"WebSite\",\"@id\":\"https:\/\/weltlaeden.de\/landsberg\/#website\",\"url\":\"https:\/\/weltlaeden.de\/landsberg\/\",\"name\":\"Vorlage\",\"description\":\"Faire Produkte seit 1981\",\"potentialAction\":[{\"@type\":\"SearchAction\",\"target\":{\"@type\":\"EntryPoint\",\"urlTemplate\":\"https:\/\/weltlaeden.de\/landsberg\/?s={search_term_string}\"},\"query-input\":{\"@type\":\"PropertyValueSpecification\",\"valueRequired\":true,\"valueName\":\"search_term_string\"}}],\"inLanguage\":\"de\"}]}<\/script>\n<!-- \/ Yoast SEO plugin. -->","yoast_head_json":{"title":"Bildungsarbeit - Weltladen Landsberg","robots":{"index":"index","follow":"follow","max-snippet":"max-snippet:-1","max-image-preview":"max-image-preview:large","max-video-preview":"max-video-preview:-1"},"canonical":"https:\/\/weltlaeden.de\/landsberg\/bildungsarbeit\/","og_locale":"de_DE","og_type":"article","og_title":"Bildungsarbeit - Weltladen Landsberg","og_description":"[vc_row][vc_column][vc_column_text css=&#8220;&#8220;] Sie m\u00f6chten gern&#8230; mit Ihrer Schulklasse eine Weltladenf\u00fchrung (f\u00fcr Grundschulen und weiterf\u00fchrende Schulen) buchen? oder den Fairen Handel im Unterricht n\u00e4her thematisieren? wissen, ob es Materialien zu bestimmten Themen des Globalen Lernens (wie z.B. \u00d6kologischer Fu\u00dfabdruck, Kinderrechte, Fairer Handel) gibt? oder auch einfach nur eine Beratung, wie Sie ein Themenfeld des Globalen Lernens&hellip;","og_url":"https:\/\/weltlaeden.de\/landsberg\/bildungsarbeit\/","og_site_name":"Weltladen Landsberg","article_modified_time":"2024-12-13T09:59:20+00:00","twitter_card":"summary_large_image","twitter_misc":{"Gesch\u00e4tzte Lesezeit":"1\u00a0Minute"},"schema":{"@context":"https:\/\/schema.org","@graph":[{"@type":"WebPage","@id":"https:\/\/weltlaeden.de\/landsberg\/bildungsarbeit\/","url":"https:\/\/weltlaeden.de\/landsberg\/bildungsarbeit\/","name":"Bildungsarbeit - Weltladen Landsberg","isPartOf":{"@id":"https:\/\/weltlaeden.de\/landsberg\/#website"},"datePublished":"2019-02-28T09:12:09+00:00","dateModified":"2024-12-13T09:59:20+00:00","breadcrumb":{"@id":"https:\/\/weltlaeden.de\/landsberg\/bildungsarbeit\/#breadcrumb"},"inLanguage":"de","potentialAction":[{"@type":"ReadAction","target":["https:\/\/weltlaeden.de\/landsberg\/bildungsarbeit\/"]}]},{"@type":"BreadcrumbList","@id":"https:\/\/weltlaeden.de\/landsberg\/bildungsarbeit\/#breadcrumb","itemListElement":[{"@type":"ListItem","position":1,"name":"Startseite","item":"https:\/\/weltlaeden.de\/landsberg\/"},{"@type":"ListItem","position":2,"name":"Bildungsarbeit"}]},{"@type":"WebSite","@id":"https:\/\/weltlaeden.de\/landsberg\/#website","url":"https:\/\/weltlaeden.de\/landsberg\/","name":"Vorlage","description":"Faire Produkte seit 1981","potentialAction":[{"@type":"SearchAction","target":{"@type":"EntryPoint","urlTemplate":"https:\/\/weltlaeden.de\/landsberg\/?s={search_term_string}"},"query-input":{"@type":"PropertyValueSpecification","valueRequired":true,"valueName":"search_term_string"}}],"inLanguage":"de"}]}},"_links":{"self":[{"href":"https:\/\/weltlaeden.de\/landsberg\/wp-json\/wp\/v2\/pages\/416","targetHints":{"allow":["GET"]}}],"collection":[{"href":"https:\/\/weltlaeden.de\/landsberg\/wp-json\/wp\/v2\/pages"}],"about":[{"href":"https:\/\/weltlaeden.de\/landsberg\/wp-json\/wp\/v2\/types\/page"}],"author":[{"embeddable":true,"href":"https:\/\/weltlaeden.de\/landsberg\/wp-json\/wp\/v2\/users\/101"}],"replies":[{"embeddable":true,"href":"https:\/\/weltlaeden.de\/landsberg\/wp-json\/wp\/v2\/comments?post=416"}],"version-history":[{"count":13,"href":"https:\/\/weltlaeden.de\/landsberg\/wp-json\/wp\/v2\/pages\/416\/revisions"}],"predecessor-version":[{"id":1426,"href":"https:\/\/weltlaeden.de\/landsberg\/wp-json\/wp\/v2\/pages\/416\/revisions\/1426"}],"wp:attachment":[{"href":"https:\/\/weltlaeden.de\/landsberg\/wp-json\/wp\/v2\/media?parent=416"}],"curies":[{"name":"wp","href":"https:\/\/api.w.org\/{rel}","templated":true}]}}