{"id":219,"date":"2016-10-28T13:34:47","date_gmt":"2016-10-28T11:34:47","guid":{"rendered":"https:\/\/wl.heimpixel.de\/vorlage\/ueber-uns\/"},"modified":"2026-03-20T22:08:03","modified_gmt":"2026-03-20T21:08:03","slug":"unser-verein","status":"publish","type":"page","link":"https:\/\/weltlaeden.de\/landsberg\/unser-verein\/","title":{"rendered":"Unser Verein"},"content":{"rendered":"<div class=\"wpb-content-wrapper\"><p>[vc_row][vc_column]<div class=\"wl_einzelbild\"><p><\/p><\/div>[vc_empty_space][vc_column_text]<\/p>\n<h1><strong>Unser Verein Partnerschaft Eine Welt e.V.<\/strong><\/h1>\n<p>[\/vc_column_text][vc_column_text]Der Verein Partnerschaft Eine Welt e.V. Landsberg wurde <strong>1981<\/strong> gegr\u00fcndet und ist der <strong>\u00e4lteste Verein f\u00fcr Entwicklungshilfe in Landsberg<\/strong>. Unsere Zielsetzung damals: die \u00d6ffentlichkeit \u00fcber Probleme von L\u00e4ndern des globalen S\u00fcdens und die Zusammenh\u00e4nge zwischen ihnen und den Industrienationen zu informieren sowie Entwicklungsprojekte in den L\u00e4ndern des globalen S\u00fcdens zu unterst\u00fctzen.<br \/>\nDiese Ziele verfolgen wir auch heute noch. So unterst\u00fctzen wir jedes Jahr mehrere Projekte weltweit, die sich \u00fcberwiegend der Verbesserung der Lebenssituation und der schulischen Bildung von Kindern, Jugendlichen und Personen mit Behinderungen verschrieben haben. Bei der Auswahl der Projekte achten wir auf einen dauerhaften pers\u00f6nlichen Kontakt und einen Ansprechpartner im Landkreis Landsberg.<br \/>\nDer Verein Partnerschaft Eine Welt e.V. Landsberg ist der <strong>Tr\u00e4gerverein des Weltladen Landsberg<\/strong>.[\/vc_column_text][\/vc_column][\/vc_row][vc_row][vc_column][vc_empty_space][vc_column_text]<\/p>\n<h2><strong>Wie Sie uns unterst\u00fctzen k\u00f6nnen<\/strong><\/h2>\n<p>[\/vc_column_text][vc_column_text css=&#8220;&#8220;]<strong>Wir suchen<\/strong> Menschen, die Lust haben, sich ehrenamtlich f\u00fcr eine offene, transparente, \u00f6kologische und nachhaltige Form des Wirtschaftens zu engagieren. Ob im Verkauf oder in der Bildungsarbeit &#8211; die M\u00f6glichkeiten, in unserem Team mitzumachen, sind vielf\u00e4ltig. Viele Aufgaben erfordern keine speziellen Vorkenntnisse, sondern nur die Bereitschaft, sich einzubringen und eventuell in neuen Bereichen dazuzulernen.<\/p>\n<p><strong>Wir bieten<\/strong> ein nettes Team aus Engagierten mit vielf\u00e4ltigen M\u00f6glichkeiten und eine Gemeinschaft, in der Engagierte herzlich aufgenommen, eingearbeitet und fortgebildet werden.<\/p>\n<p><strong>Kommen<\/strong> <strong>Sie<\/strong> <strong>vorbei<\/strong> und informieren Sie sich. Gern k\u00f6nnen Sie uns auch per E-Mail oder Telefon kontaktieren.<\/p>\n<p><span style=\"font-family: Arial\">Wir freuen uns au\u00dferdem \u00fcber jede <strong>finanzielle Unterst\u00fctzung<\/strong> unseres Vereins.<br \/>\nSpendenkonto: IBAN DE79 7009 1600 0005 2464 66 bei der VR-Bank Landsberg-Ammersee, BIC: GENODEF1DSS<\/span><\/p>\n<p>Gern k\u00f6nnen Sie auch Mitglied oder F\u00f6rdermitglied unseres Vereins werden. F\u00fcllen Sie dazu bitte den <a href=\"https:\/\/weltlaeden.de\/landsberg\/wp-content\/uploads\/sites\/68\/2026\/03\/Mitgliedsantrag-Weltladen.pdf\" target=\"_blank\" rel=\"noopener\">Mitgliedsantrag<\/a> aus und senden uns diesen unterschrieben wieder zur\u00fcck.<\/p>\n<p><strong>Wir freuen uns auf Sie!<\/strong>[\/vc_column_text][\/vc_column][\/vc_row]<\/p>\n<\/div>","protected":false},"excerpt":{"rendered":"<p>[vc_row][vc_column][vc_empty_space][vc_column_text] Unser Verein Partnerschaft Eine Welt e.V. [\/vc_column_text][vc_column_text]Der Verein Partnerschaft Eine Welt e.V. Landsberg wurde 1981 gegr\u00fcndet und ist der \u00e4lteste Verein f\u00fcr Entwicklungshilfe in Landsberg. Unsere Zielsetzung damals: die \u00d6ffentlichkeit \u00fcber Probleme von L\u00e4ndern des globalen S\u00fcdens und die Zusammenh\u00e4nge zwischen ihnen und den Industrienationen zu informieren sowie Entwicklungsprojekte in den L\u00e4ndern des globalen&hellip;<\/p>\n","protected":false},"author":1,"featured_media":0,"parent":0,"menu_order":5,"comment_status":"closed","ping_status":"closed","template":"","meta":{"footnotes":""},"class_list":["post-219","page","type-page","status-publish","hentry","description-off"],"yoast_head":"<!-- This site is optimized with the Yoast SEO plugin v26.8 - https:\/\/yoast.com\/product\/yoast-seo-wordpress\/ -->\n<title>Unser Verein - Weltladen Landsberg<\/title>\n<meta name=\"robots\" content=\"index, follow, max-snippet:-1, max-image-preview:large, max-video-preview:-1\" \/>\n<link rel=\"canonical\" href=\"https:\/\/weltlaeden.de\/landsberg\/unser-verein\/\" \/>\n<meta property=\"og:locale\" content=\"de_DE\" \/>\n<meta property=\"og:type\" content=\"article\" \/>\n<meta property=\"og:title\" content=\"Unser Verein - Weltladen Landsberg\" \/>\n<meta property=\"og:description\" content=\"[vc_row][vc_column][vc_empty_space][vc_column_text] Unser Verein Partnerschaft Eine Welt e.V. [\/vc_column_text][vc_column_text]Der Verein Partnerschaft Eine Welt e.V. Landsberg wurde 1981 gegr\u00fcndet und ist der \u00e4lteste Verein f\u00fcr Entwicklungshilfe in Landsberg. Unsere Zielsetzung damals: die \u00d6ffentlichkeit \u00fcber Probleme von L\u00e4ndern des globalen S\u00fcdens und die Zusammenh\u00e4nge zwischen ihnen und den Industrienationen zu informieren sowie Entwicklungsprojekte in den L\u00e4ndern des globalen&hellip;\" \/>\n<meta property=\"og:url\" content=\"https:\/\/weltlaeden.de\/landsberg\/unser-verein\/\" \/>\n<meta property=\"og:site_name\" content=\"Weltladen Landsberg\" \/>\n<meta property=\"article:modified_time\" content=\"2026-03-20T21:08:03+00:00\" \/>\n<meta name=\"twitter:card\" content=\"summary_large_image\" \/>\n<meta name=\"twitter:label1\" content=\"Gesch\u00e4tzte Lesezeit\" \/>\n\t<meta name=\"twitter:data1\" content=\"2\u00a0Minuten\" \/>\n<script type=\"application\/ld+json\" class=\"yoast-schema-graph\">{\"@context\":\"https:\/\/schema.org\",\"@graph\":[{\"@type\":\"WebPage\",\"@id\":\"https:\/\/weltlaeden.de\/landsberg\/unser-verein\/\",\"url\":\"https:\/\/weltlaeden.de\/landsberg\/unser-verein\/\",\"name\":\"Unser Verein - Weltladen Landsberg\",\"isPartOf\":{\"@id\":\"https:\/\/weltlaeden.de\/landsberg\/#website\"},\"datePublished\":\"2016-10-28T11:34:47+00:00\",\"dateModified\":\"2026-03-20T21:08:03+00:00\",\"breadcrumb\":{\"@id\":\"https:\/\/weltlaeden.de\/landsberg\/unser-verein\/#breadcrumb\"},\"inLanguage\":\"de\",\"potentialAction\":[{\"@type\":\"ReadAction\",\"target\":[\"https:\/\/weltlaeden.de\/landsberg\/unser-verein\/\"]}]},{\"@type\":\"BreadcrumbList\",\"@id\":\"https:\/\/weltlaeden.de\/landsberg\/unser-verein\/#breadcrumb\",\"itemListElement\":[{\"@type\":\"ListItem\",\"position\":1,\"name\":\"Startseite\",\"item\":\"https:\/\/weltlaeden.de\/landsberg\/\"},{\"@type\":\"ListItem\",\"position\":2,\"name\":\"Unser Verein\"}]},{\"@type\":\"WebSite\",\"@id\":\"https:\/\/weltlaeden.de\/landsberg\/#website\",\"url\":\"https:\/\/weltlaeden.de\/landsberg\/\",\"name\":\"Vorlage\",\"description\":\"Faire Produkte seit 1981\",\"potentialAction\":[{\"@type\":\"SearchAction\",\"target\":{\"@type\":\"EntryPoint\",\"urlTemplate\":\"https:\/\/weltlaeden.de\/landsberg\/?s={search_term_string}\"},\"query-input\":{\"@type\":\"PropertyValueSpecification\",\"valueRequired\":true,\"valueName\":\"search_term_string\"}}],\"inLanguage\":\"de\"}]}<\/script>\n<!-- \/ Yoast SEO plugin. -->","yoast_head_json":{"title":"Unser Verein - Weltladen Landsberg","robots":{"index":"index","follow":"follow","max-snippet":"max-snippet:-1","max-image-preview":"max-image-preview:large","max-video-preview":"max-video-preview:-1"},"canonical":"https:\/\/weltlaeden.de\/landsberg\/unser-verein\/","og_locale":"de_DE","og_type":"article","og_title":"Unser Verein - Weltladen Landsberg","og_description":"[vc_row][vc_column][vc_empty_space][vc_column_text] Unser Verein Partnerschaft Eine Welt e.V. [\/vc_column_text][vc_column_text]Der Verein Partnerschaft Eine Welt e.V. Landsberg wurde 1981 gegr\u00fcndet und ist der \u00e4lteste Verein f\u00fcr Entwicklungshilfe in Landsberg. Unsere Zielsetzung damals: die \u00d6ffentlichkeit \u00fcber Probleme von L\u00e4ndern des globalen S\u00fcdens und die Zusammenh\u00e4nge zwischen ihnen und den Industrienationen zu informieren sowie Entwicklungsprojekte in den L\u00e4ndern des globalen&hellip;","og_url":"https:\/\/weltlaeden.de\/landsberg\/unser-verein\/","og_site_name":"Weltladen Landsberg","article_modified_time":"2026-03-20T21:08:03+00:00","twitter_card":"summary_large_image","twitter_misc":{"Gesch\u00e4tzte Lesezeit":"2\u00a0Minuten"},"schema":{"@context":"https:\/\/schema.org","@graph":[{"@type":"WebPage","@id":"https:\/\/weltlaeden.de\/landsberg\/unser-verein\/","url":"https:\/\/weltlaeden.de\/landsberg\/unser-verein\/","name":"Unser Verein - Weltladen Landsberg","isPartOf":{"@id":"https:\/\/weltlaeden.de\/landsberg\/#website"},"datePublished":"2016-10-28T11:34:47+00:00","dateModified":"2026-03-20T21:08:03+00:00","breadcrumb":{"@id":"https:\/\/weltlaeden.de\/landsberg\/unser-verein\/#breadcrumb"},"inLanguage":"de","potentialAction":[{"@type":"ReadAction","target":["https:\/\/weltlaeden.de\/landsberg\/unser-verein\/"]}]},{"@type":"BreadcrumbList","@id":"https:\/\/weltlaeden.de\/landsberg\/unser-verein\/#breadcrumb","itemListElement":[{"@type":"ListItem","position":1,"name":"Startseite","item":"https:\/\/weltlaeden.de\/landsberg\/"},{"@type":"ListItem","position":2,"name":"Unser Verein"}]},{"@type":"WebSite","@id":"https:\/\/weltlaeden.de\/landsberg\/#website","url":"https:\/\/weltlaeden.de\/landsberg\/","name":"Vorlage","description":"Faire Produkte seit 1981","potentialAction":[{"@type":"SearchAction","target":{"@type":"EntryPoint","urlTemplate":"https:\/\/weltlaeden.de\/landsberg\/?s={search_term_string}"},"query-input":{"@type":"PropertyValueSpecification","valueRequired":true,"valueName":"search_term_string"}}],"inLanguage":"de"}]}},"_links":{"self":[{"href":"https:\/\/weltlaeden.de\/landsberg\/wp-json\/wp\/v2\/pages\/219","targetHints":{"allow":["GET"]}}],"collection":[{"href":"https:\/\/weltlaeden.de\/landsberg\/wp-json\/wp\/v2\/pages"}],"about":[{"href":"https:\/\/weltlaeden.de\/landsberg\/wp-json\/wp\/v2\/types\/page"}],"author":[{"embeddable":true,"href":"https:\/\/weltlaeden.de\/landsberg\/wp-json\/wp\/v2\/users\/1"}],"replies":[{"embeddable":true,"href":"https:\/\/weltlaeden.de\/landsberg\/wp-json\/wp\/v2\/comments?post=219"}],"version-history":[{"count":24,"href":"https:\/\/weltlaeden.de\/landsberg\/wp-json\/wp\/v2\/pages\/219\/revisions"}],"predecessor-version":[{"id":1510,"href":"https:\/\/weltlaeden.de\/landsberg\/wp-json\/wp\/v2\/pages\/219\/revisions\/1510"}],"wp:attachment":[{"href":"https:\/\/weltlaeden.de\/landsberg\/wp-json\/wp\/v2\/media?parent=219"}],"curies":[{"name":"wp","href":"https:\/\/api.w.org\/{rel}","templated":true}]}}