{"id":1177,"date":"2021-11-26T21:26:42","date_gmt":"2021-11-26T20:26:42","guid":{"rendered":"https:\/\/weltlaeden.de\/landsberg\/?page_id=1177"},"modified":"2022-10-02T21:21:06","modified_gmt":"2022-10-02T19:21:06","slug":"40-jahre","status":"publish","type":"page","link":"https:\/\/weltlaeden.de\/landsberg\/unser-verein\/40-jahre\/","title":{"rendered":"40 Jahre"},"content":{"rendered":"<div class=\"wpb-content-wrapper\"><p>[vc_row][vc_column][vc_column_text]<\/p>\n<h1><strong>40 Jahre Verein Partnerschaft Eine Welt e.V. Landsberg &#8211; 40 Jahre Weltladen Landsberg<\/strong><\/h1>\n<p>[\/vc_column_text][\/vc_column][\/vc_row][vc_row][vc_column][vc_column_text]<span style=\"font-family: Arial, serif\"><span style=\"font-size: medium\">Heuer j\u00e4hrt sich die Gr\u00fcndung des Vereins Partnerschaft Eine Welt und des Weltladens zum 40. Mal. <\/span><\/span><\/p>\n<p><span style=\"font-family: Arial, serif\"><span style=\"font-size: medium\">Angefangen hat alles 1980 mit einem Religionskurs der 12. Jahrgangsstufe des Dominikus-Zimmermann-Gymnasiums. Sch\u00fcler*innen lie\u00dfen sich von einer Alternative zu Plastik &#8211; der Jutetasche &#8211; inspirieren, selbst t\u00e4tig zu werden. Aus einer Verkaufs-Aktion erwuchs der Wunsch des dauerhaften Engagements. Die Pfarrei Mari\u00e4 Himmelfahrt stellte damals wie heute einen Ladenraum zur Verf\u00fcgung \u2013 im Sommer 1981 gr\u00fcndete sich der Verein, im November wurde der Laden er\u00f6ffnet.<\/span><\/span><\/p>\n<p><span style=\"font-family: Arial, serif\"><span style=\"font-size: medium\">Heute hat der Verein 60 Mitglieder. Der Weltladen in der Ludwigstr. 167 ist Mo \u2013 Fr von 10 \u2013 18 Uhr, am Sa von 10 \u2013 13 Uhr ge\u00f6ffnet, erm\u00f6glicht u.a. durch 20 ehrenamtliche Verk\u00e4ufer*innen. Ein gro\u00dfes Sortiment an B\u00fcchern, fair gehandelten Nahrungsmitteln und Kunsthandwerk l\u00e4sst sich hier finden. Durch den ehrenamtlichen Verkauf halten sich die Betriebskosten gering und erm\u00f6glichen Spenden: Bis heute sind ca. 350.000 \u20ac vor allem an kleine Projekte, zu denen pers\u00f6nliche Kontakte bestehen, geflossen. Daneben betreibt der Verein \u00d6ffentlichkeitsarbeit u.a. durch Vortr\u00e4ge und Eine-Welt-Stationen. <\/span><\/span><\/p>\n<p><span style=\"font-family: Arial, serif\"><span style=\"font-size: medium\">Corona hat den fairen Handel \u00fcberall auf der Welt schwer getroffen. Wegen verschiedener Lockdowns konnten viele Produzent*innen nicht arbeiten und Lieferketten waren unterbrochen. Auch unser Laden musste zeitweise schlie\u00dfen. Hinzu kamen Ernteausf\u00e4lle und Klimakatastrophen. Nach einem leichten coronabedingten Umsatzr\u00fcckgang 2020, w\u00e4hrenddessen wir unsere Bestellungen zur Unterst\u00fctzung unserer Partner*innen allerdings<\/span><\/span> <span style=\"font-family: Arial, serif\"><span style=\"font-size: medium\">nicht verringerten, erreichen wir im Jubil\u00e4umsjahr wieder den Umsatz von 2019 mit rund 80.000 \u20ac.<\/span><\/span><\/p>\n<p><span style=\"font-family: Arial, serif\"><span style=\"font-size: medium\">Der Verein setzt sich ein f\u00fcr eine gerechte, partnerschaftliche Welt, f\u00fcr faire Arbeits- und Lebensbedingungen \u00fcberall auf dem Planeten, wof\u00fcr Nachhaltigkeit und faire Produktpreise unverzichtbar sind. Machen Sie mit, indem Sie im Weltladen einkaufen, sich ehrenamtlich einbringen oder spenden.<\/span><\/span><\/p>\n<p><span style=\"font-family: Arial, serif\"><span style=\"font-size: medium\"> <a href=\"https:\/\/weltlaeden.de\/landsberg\">www.weltlaeden.de\/landsberg<\/a><\/span><\/span><\/p>\n<p>&nbsp;<\/p>\n<p><em>Artikel Kreisbote Landsberg am 24.11.2021<\/em><\/p>\n<p>[\/vc_column_text][\/vc_column][\/vc_row]<\/p>\n<\/div>","protected":false},"excerpt":{"rendered":"<p>[vc_row][vc_column][vc_column_text] 40 Jahre Verein Partnerschaft Eine Welt e.V. Landsberg &#8211; 40 Jahre Weltladen Landsberg [\/vc_column_text][\/vc_column][\/vc_row][vc_row][vc_column][vc_column_text]Heuer j\u00e4hrt sich die Gr\u00fcndung des Vereins Partnerschaft Eine Welt und des Weltladens zum 40. Mal. Angefangen hat alles 1980 mit einem Religionskurs der 12. Jahrgangsstufe des Dominikus-Zimmermann-Gymnasiums. Sch\u00fcler*innen lie\u00dfen sich von einer Alternative zu Plastik &#8211; der Jutetasche &#8211; inspirieren,&hellip;<\/p>\n","protected":false},"author":101,"featured_media":0,"parent":219,"menu_order":0,"comment_status":"closed","ping_status":"closed","template":"","meta":{"footnotes":""},"class_list":["post-1177","page","type-page","status-publish","hentry","description-off"],"yoast_head":"<!-- This site is optimized with the Yoast SEO plugin v26.8 - https:\/\/yoast.com\/product\/yoast-seo-wordpress\/ -->\n<title>40 Jahre - Weltladen Landsberg<\/title>\n<meta name=\"robots\" content=\"index, follow, max-snippet:-1, max-image-preview:large, max-video-preview:-1\" \/>\n<link rel=\"canonical\" href=\"https:\/\/weltlaeden.de\/landsberg\/unser-verein\/40-jahre\/\" \/>\n<meta property=\"og:locale\" content=\"de_DE\" \/>\n<meta property=\"og:type\" content=\"article\" \/>\n<meta property=\"og:title\" content=\"40 Jahre - Weltladen Landsberg\" \/>\n<meta property=\"og:description\" content=\"[vc_row][vc_column][vc_column_text] 40 Jahre Verein Partnerschaft Eine Welt e.V. Landsberg &#8211; 40 Jahre Weltladen Landsberg [\/vc_column_text][\/vc_column][\/vc_row][vc_row][vc_column][vc_column_text]Heuer j\u00e4hrt sich die Gr\u00fcndung des Vereins Partnerschaft Eine Welt und des Weltladens zum 40. Mal. Angefangen hat alles 1980 mit einem Religionskurs der 12. Jahrgangsstufe des Dominikus-Zimmermann-Gymnasiums. Sch\u00fcler*innen lie\u00dfen sich von einer Alternative zu Plastik &#8211; der Jutetasche &#8211; inspirieren,&hellip;\" \/>\n<meta property=\"og:url\" content=\"https:\/\/weltlaeden.de\/landsberg\/unser-verein\/40-jahre\/\" \/>\n<meta property=\"og:site_name\" content=\"Weltladen Landsberg\" \/>\n<meta property=\"article:modified_time\" content=\"2022-10-02T19:21:06+00:00\" \/>\n<meta name=\"twitter:card\" content=\"summary_large_image\" \/>\n<meta name=\"twitter:label1\" content=\"Gesch\u00e4tzte Lesezeit\" \/>\n\t<meta name=\"twitter:data1\" content=\"2\u00a0Minuten\" \/>\n<script type=\"application\/ld+json\" class=\"yoast-schema-graph\">{\"@context\":\"https:\/\/schema.org\",\"@graph\":[{\"@type\":\"WebPage\",\"@id\":\"https:\/\/weltlaeden.de\/landsberg\/unser-verein\/40-jahre\/\",\"url\":\"https:\/\/weltlaeden.de\/landsberg\/unser-verein\/40-jahre\/\",\"name\":\"40 Jahre - Weltladen Landsberg\",\"isPartOf\":{\"@id\":\"https:\/\/weltlaeden.de\/landsberg\/#website\"},\"datePublished\":\"2021-11-26T20:26:42+00:00\",\"dateModified\":\"2022-10-02T19:21:06+00:00\",\"breadcrumb\":{\"@id\":\"https:\/\/weltlaeden.de\/landsberg\/unser-verein\/40-jahre\/#breadcrumb\"},\"inLanguage\":\"de\",\"potentialAction\":[{\"@type\":\"ReadAction\",\"target\":[\"https:\/\/weltlaeden.de\/landsberg\/unser-verein\/40-jahre\/\"]}]},{\"@type\":\"BreadcrumbList\",\"@id\":\"https:\/\/weltlaeden.de\/landsberg\/unser-verein\/40-jahre\/#breadcrumb\",\"itemListElement\":[{\"@type\":\"ListItem\",\"position\":1,\"name\":\"Startseite\",\"item\":\"https:\/\/weltlaeden.de\/landsberg\/\"},{\"@type\":\"ListItem\",\"position\":2,\"name\":\"Unser Verein\",\"item\":\"https:\/\/weltlaeden.de\/landsberg\/unser-verein\/\"},{\"@type\":\"ListItem\",\"position\":3,\"name\":\"40 Jahre\"}]},{\"@type\":\"WebSite\",\"@id\":\"https:\/\/weltlaeden.de\/landsberg\/#website\",\"url\":\"https:\/\/weltlaeden.de\/landsberg\/\",\"name\":\"Vorlage\",\"description\":\"Faire Produkte seit 1981\",\"potentialAction\":[{\"@type\":\"SearchAction\",\"target\":{\"@type\":\"EntryPoint\",\"urlTemplate\":\"https:\/\/weltlaeden.de\/landsberg\/?s={search_term_string}\"},\"query-input\":{\"@type\":\"PropertyValueSpecification\",\"valueRequired\":true,\"valueName\":\"search_term_string\"}}],\"inLanguage\":\"de\"}]}<\/script>\n<!-- \/ Yoast SEO plugin. -->","yoast_head_json":{"title":"40 Jahre - Weltladen Landsberg","robots":{"index":"index","follow":"follow","max-snippet":"max-snippet:-1","max-image-preview":"max-image-preview:large","max-video-preview":"max-video-preview:-1"},"canonical":"https:\/\/weltlaeden.de\/landsberg\/unser-verein\/40-jahre\/","og_locale":"de_DE","og_type":"article","og_title":"40 Jahre - Weltladen Landsberg","og_description":"[vc_row][vc_column][vc_column_text] 40 Jahre Verein Partnerschaft Eine Welt e.V. Landsberg &#8211; 40 Jahre Weltladen Landsberg [\/vc_column_text][\/vc_column][\/vc_row][vc_row][vc_column][vc_column_text]Heuer j\u00e4hrt sich die Gr\u00fcndung des Vereins Partnerschaft Eine Welt und des Weltladens zum 40. Mal. Angefangen hat alles 1980 mit einem Religionskurs der 12. Jahrgangsstufe des Dominikus-Zimmermann-Gymnasiums. Sch\u00fcler*innen lie\u00dfen sich von einer Alternative zu Plastik &#8211; der Jutetasche &#8211; inspirieren,&hellip;","og_url":"https:\/\/weltlaeden.de\/landsberg\/unser-verein\/40-jahre\/","og_site_name":"Weltladen Landsberg","article_modified_time":"2022-10-02T19:21:06+00:00","twitter_card":"summary_large_image","twitter_misc":{"Gesch\u00e4tzte Lesezeit":"2\u00a0Minuten"},"schema":{"@context":"https:\/\/schema.org","@graph":[{"@type":"WebPage","@id":"https:\/\/weltlaeden.de\/landsberg\/unser-verein\/40-jahre\/","url":"https:\/\/weltlaeden.de\/landsberg\/unser-verein\/40-jahre\/","name":"40 Jahre - Weltladen Landsberg","isPartOf":{"@id":"https:\/\/weltlaeden.de\/landsberg\/#website"},"datePublished":"2021-11-26T20:26:42+00:00","dateModified":"2022-10-02T19:21:06+00:00","breadcrumb":{"@id":"https:\/\/weltlaeden.de\/landsberg\/unser-verein\/40-jahre\/#breadcrumb"},"inLanguage":"de","potentialAction":[{"@type":"ReadAction","target":["https:\/\/weltlaeden.de\/landsberg\/unser-verein\/40-jahre\/"]}]},{"@type":"BreadcrumbList","@id":"https:\/\/weltlaeden.de\/landsberg\/unser-verein\/40-jahre\/#breadcrumb","itemListElement":[{"@type":"ListItem","position":1,"name":"Startseite","item":"https:\/\/weltlaeden.de\/landsberg\/"},{"@type":"ListItem","position":2,"name":"Unser Verein","item":"https:\/\/weltlaeden.de\/landsberg\/unser-verein\/"},{"@type":"ListItem","position":3,"name":"40 Jahre"}]},{"@type":"WebSite","@id":"https:\/\/weltlaeden.de\/landsberg\/#website","url":"https:\/\/weltlaeden.de\/landsberg\/","name":"Vorlage","description":"Faire Produkte seit 1981","potentialAction":[{"@type":"SearchAction","target":{"@type":"EntryPoint","urlTemplate":"https:\/\/weltlaeden.de\/landsberg\/?s={search_term_string}"},"query-input":{"@type":"PropertyValueSpecification","valueRequired":true,"valueName":"search_term_string"}}],"inLanguage":"de"}]}},"_links":{"self":[{"href":"https:\/\/weltlaeden.de\/landsberg\/wp-json\/wp\/v2\/pages\/1177","targetHints":{"allow":["GET"]}}],"collection":[{"href":"https:\/\/weltlaeden.de\/landsberg\/wp-json\/wp\/v2\/pages"}],"about":[{"href":"https:\/\/weltlaeden.de\/landsberg\/wp-json\/wp\/v2\/types\/page"}],"author":[{"embeddable":true,"href":"https:\/\/weltlaeden.de\/landsberg\/wp-json\/wp\/v2\/users\/101"}],"replies":[{"embeddable":true,"href":"https:\/\/weltlaeden.de\/landsberg\/wp-json\/wp\/v2\/comments?post=1177"}],"version-history":[{"count":2,"href":"https:\/\/weltlaeden.de\/landsberg\/wp-json\/wp\/v2\/pages\/1177\/revisions"}],"predecessor-version":[{"id":1179,"href":"https:\/\/weltlaeden.de\/landsberg\/wp-json\/wp\/v2\/pages\/1177\/revisions\/1179"}],"up":[{"embeddable":true,"href":"https:\/\/weltlaeden.de\/landsberg\/wp-json\/wp\/v2\/pages\/219"}],"wp:attachment":[{"href":"https:\/\/weltlaeden.de\/landsberg\/wp-json\/wp\/v2\/media?parent=1177"}],"curies":[{"name":"wp","href":"https:\/\/api.w.org\/{rel}","templated":true}]}}