{"id":1130,"date":"2021-06-15T22:00:32","date_gmt":"2021-06-15T20:00:32","guid":{"rendered":"https:\/\/weltlaeden.de\/landsberg\/?page_id=1130"},"modified":"2023-11-26T20:15:50","modified_gmt":"2023-11-26T19:15:50","slug":"rundumfair-parcours","status":"publish","type":"page","link":"https:\/\/weltlaeden.de\/landsberg\/bildungsarbeit\/bildungsmaterialien\/rundumfair-parcours\/","title":{"rendered":"RundumFAIR Parcours"},"content":{"rendered":"<div class=\"wpb-content-wrapper\"><p>[vc_row][vc_column][vc_column_text]<\/p>\n<h2><strong>Ausleihbare RundumFAIR Parcours<\/strong><\/h2>\n<p>[\/vc_column_text][vc_empty_space][\/vc_column][\/vc_row][vc_row][vc_column width=&#8220;1\/4&#8243;][vc_single_image image=&#8220;1286&#8243; img_size=&#8220;500&#215;400&#8243;][\/vc_column][vc_column width=&#8220;3\/4&#8243;][vc_column_text]<\/p>\n<h3><span style=\"color: #000080\"><strong>Kakao<\/strong><\/span><\/h3>\n<p><em><span style=\"color: #000000\">empfohlen ab Klasse 4<\/span><\/em><\/p>\n<p>Ziel der Station ist es, sich mit den Arbeitsbedingungen im Kakaoanbau auseinander zu setzen. Neben Wissenswertem zur Kakaopflanze und dem Herstellungsprozess von Schokolade werden die Themen Kinderarbeit und Erkennbarkeit fair gehandelter Schokolade behandelt.<\/p>\n<p>&nbsp;<\/p>\n<p><strong>Inhalt des Parcours:<\/strong> 4 Stationen<\/p>\n<ul>\n<li>Die Kakaopflanze<\/li>\n<li>Von der Kakaoschote zur Schokolade<\/li>\n<li>Kinderschokolade?<\/li>\n<li>Was ist fair und was nicht?<\/li>\n<\/ul>\n<p>Quelle: Eine Welt-Station Neumarkt[\/vc_column_text][\/vc_column][\/vc_row][vc_row][vc_column][vc_separator][vc_empty_space][\/vc_column][\/vc_row][vc_row][vc_column width=&#8220;1\/4&#8243;][vc_single_image image=&#8220;1287&#8243; img_size=&#8220;500&#215;400&#8243;][\/vc_column][vc_column width=&#8220;3\/4&#8243;][vc_column_text]<\/p>\n<h3><span style=\"color: #000080\"><strong>Kinderarbeit<\/strong><\/span><\/h3>\n<p><em><span style=\"color: #000000\">empfohlen ab Klasse 4<\/span><\/em><\/p>\n<p>Ziel der Station ist es, sich mit der leider im Globalen S\u00fcden noch vorhandenen Kinderarbeit auseinander zu setzen. Die Sch\u00fcler*innen erfahren vieles zu den Arbeits- und Lebensbedingungen arbeitender Kinder und auch, in welchen Produkten heutzutage noch Kinderarbeit steckt.<\/p>\n<p>&nbsp;<\/p>\n<p><strong>Inhalt des Parcours:<\/strong> 4 Stationen<\/p>\n<ul>\n<li>Schuften f\u00fcr nichts?<\/li>\n<li>So leben Kinder und Jugendliche, die arbeiten m\u00fcssen!<\/li>\n<li>Jedes Kind hat Rechte<\/li>\n<li>F\u00fcr welche Produkte werden diese Kinder ausgebeutet?<\/li>\n<\/ul>\n<p>Quelle: Eine Welt-Station Neumarkt[\/vc_column_text][\/vc_column][\/vc_row][vc_row][vc_column][vc_separator][vc_empty_space][\/vc_column][\/vc_row][vc_row][vc_column width=&#8220;1\/4&#8243;][vc_single_image image=&#8220;1288&#8243; img_size=&#8220;500&#215;400&#8243;][\/vc_column][vc_column width=&#8220;3\/4&#8243;][vc_column_text]<\/p>\n<h3><span style=\"color: #000080\"><strong>Handy<\/strong><\/span><\/h3>\n<p><em><span style=\"color: #000000\">empfohlen ab Klasse 5<\/span><\/em><\/p>\n<p>Ein Handy enth\u00e4lt jede Menge Rohstoffe. Diese werden jedoch leider h\u00e4ufig unter teils menschenunw\u00fcrdigen Bedingungen abgebaut. Dieser Parcours soll den Blick auf die vielen Rohstoffe lenken, die in einem Handy stecken und unter welchen Arbeitsbedingungen diese gewonnen werden.<\/p>\n<p>&nbsp;<\/p>\n<p><strong>Inhalt des Parcours:<\/strong> 4 Stationen<\/p>\n<ul>\n<li>Mein Handy<\/li>\n<li>Der Schatz im Handy<\/li>\n<li>Die ganze Welt im Handy?<\/li>\n<li>Immer das neueste Handy?<\/li>\n<\/ul>\n<p>Quelle: Eine Welt-Station Neumarkt[\/vc_column_text][\/vc_column][\/vc_row]<\/p>\n<\/div>","protected":false},"excerpt":{"rendered":"<p>[vc_row][vc_column][vc_column_text] Ausleihbare RundumFAIR Parcours [\/vc_column_text][vc_empty_space][\/vc_column][\/vc_row][vc_row][vc_column width=&#8220;1\/4&#8243;][vc_single_image image=&#8220;1286&#8243; img_size=&#8220;500&#215;400&#8243;][\/vc_column][vc_column width=&#8220;3\/4&#8243;][vc_column_text] Kakao empfohlen ab Klasse 4 Ziel der Station ist es, sich mit den Arbeitsbedingungen im Kakaoanbau auseinander zu setzen. Neben Wissenswertem zur Kakaopflanze und dem Herstellungsprozess von Schokolade werden die Themen Kinderarbeit und Erkennbarkeit fair gehandelter Schokolade behandelt. &nbsp; Inhalt des Parcours: 4 Stationen Die Kakaopflanze&hellip;<\/p>\n","protected":false},"author":101,"featured_media":0,"parent":615,"menu_order":2,"comment_status":"closed","ping_status":"closed","template":"","meta":{"footnotes":""},"class_list":["post-1130","page","type-page","status-publish","hentry","description-off"],"yoast_head":"<!-- This site is optimized with the Yoast SEO plugin v26.8 - https:\/\/yoast.com\/product\/yoast-seo-wordpress\/ -->\n<title>RundumFAIR Parcours - Weltladen Landsberg<\/title>\n<meta name=\"robots\" content=\"index, follow, max-snippet:-1, max-image-preview:large, max-video-preview:-1\" \/>\n<link rel=\"canonical\" href=\"https:\/\/weltlaeden.de\/landsberg\/bildungsarbeit\/bildungsmaterialien\/rundumfair-parcours\/\" \/>\n<meta property=\"og:locale\" content=\"de_DE\" \/>\n<meta property=\"og:type\" content=\"article\" \/>\n<meta property=\"og:title\" content=\"RundumFAIR Parcours - Weltladen Landsberg\" \/>\n<meta property=\"og:description\" content=\"[vc_row][vc_column][vc_column_text] Ausleihbare RundumFAIR Parcours [\/vc_column_text][vc_empty_space][\/vc_column][\/vc_row][vc_row][vc_column width=&#8220;1\/4&#8243;][vc_single_image image=&#8220;1286&#8243; img_size=&#8220;500&#215;400&#8243;][\/vc_column][vc_column width=&#8220;3\/4&#8243;][vc_column_text] Kakao empfohlen ab Klasse 4 Ziel der Station ist es, sich mit den Arbeitsbedingungen im Kakaoanbau auseinander zu setzen. Neben Wissenswertem zur Kakaopflanze und dem Herstellungsprozess von Schokolade werden die Themen Kinderarbeit und Erkennbarkeit fair gehandelter Schokolade behandelt. &nbsp; Inhalt des Parcours: 4 Stationen Die Kakaopflanze&hellip;\" \/>\n<meta property=\"og:url\" content=\"https:\/\/weltlaeden.de\/landsberg\/bildungsarbeit\/bildungsmaterialien\/rundumfair-parcours\/\" \/>\n<meta property=\"og:site_name\" content=\"Weltladen Landsberg\" \/>\n<meta property=\"article:modified_time\" content=\"2023-11-26T19:15:50+00:00\" \/>\n<meta name=\"twitter:card\" content=\"summary_large_image\" \/>\n<meta name=\"twitter:label1\" content=\"Gesch\u00e4tzte Lesezeit\" \/>\n\t<meta name=\"twitter:data1\" content=\"2\u00a0Minuten\" \/>\n<script type=\"application\/ld+json\" class=\"yoast-schema-graph\">{\"@context\":\"https:\/\/schema.org\",\"@graph\":[{\"@type\":\"WebPage\",\"@id\":\"https:\/\/weltlaeden.de\/landsberg\/bildungsarbeit\/bildungsmaterialien\/rundumfair-parcours\/\",\"url\":\"https:\/\/weltlaeden.de\/landsberg\/bildungsarbeit\/bildungsmaterialien\/rundumfair-parcours\/\",\"name\":\"RundumFAIR Parcours - Weltladen Landsberg\",\"isPartOf\":{\"@id\":\"https:\/\/weltlaeden.de\/landsberg\/#website\"},\"datePublished\":\"2021-06-15T20:00:32+00:00\",\"dateModified\":\"2023-11-26T19:15:50+00:00\",\"breadcrumb\":{\"@id\":\"https:\/\/weltlaeden.de\/landsberg\/bildungsarbeit\/bildungsmaterialien\/rundumfair-parcours\/#breadcrumb\"},\"inLanguage\":\"de\",\"potentialAction\":[{\"@type\":\"ReadAction\",\"target\":[\"https:\/\/weltlaeden.de\/landsberg\/bildungsarbeit\/bildungsmaterialien\/rundumfair-parcours\/\"]}]},{\"@type\":\"BreadcrumbList\",\"@id\":\"https:\/\/weltlaeden.de\/landsberg\/bildungsarbeit\/bildungsmaterialien\/rundumfair-parcours\/#breadcrumb\",\"itemListElement\":[{\"@type\":\"ListItem\",\"position\":1,\"name\":\"Startseite\",\"item\":\"https:\/\/weltlaeden.de\/landsberg\/\"},{\"@type\":\"ListItem\",\"position\":2,\"name\":\"Bildungsarbeit\",\"item\":\"https:\/\/weltlaeden.de\/landsberg\/bildungsarbeit\/\"},{\"@type\":\"ListItem\",\"position\":3,\"name\":\"Bildungsmaterialien\",\"item\":\"https:\/\/weltlaeden.de\/landsberg\/bildungsarbeit\/bildungsmaterialien\/\"},{\"@type\":\"ListItem\",\"position\":4,\"name\":\"RundumFAIR Parcours\"}]},{\"@type\":\"WebSite\",\"@id\":\"https:\/\/weltlaeden.de\/landsberg\/#website\",\"url\":\"https:\/\/weltlaeden.de\/landsberg\/\",\"name\":\"Vorlage\",\"description\":\"Faire Produkte seit 1981\",\"potentialAction\":[{\"@type\":\"SearchAction\",\"target\":{\"@type\":\"EntryPoint\",\"urlTemplate\":\"https:\/\/weltlaeden.de\/landsberg\/?s={search_term_string}\"},\"query-input\":{\"@type\":\"PropertyValueSpecification\",\"valueRequired\":true,\"valueName\":\"search_term_string\"}}],\"inLanguage\":\"de\"}]}<\/script>\n<!-- \/ Yoast SEO plugin. -->","yoast_head_json":{"title":"RundumFAIR Parcours - Weltladen Landsberg","robots":{"index":"index","follow":"follow","max-snippet":"max-snippet:-1","max-image-preview":"max-image-preview:large","max-video-preview":"max-video-preview:-1"},"canonical":"https:\/\/weltlaeden.de\/landsberg\/bildungsarbeit\/bildungsmaterialien\/rundumfair-parcours\/","og_locale":"de_DE","og_type":"article","og_title":"RundumFAIR Parcours - Weltladen Landsberg","og_description":"[vc_row][vc_column][vc_column_text] Ausleihbare RundumFAIR Parcours [\/vc_column_text][vc_empty_space][\/vc_column][\/vc_row][vc_row][vc_column width=&#8220;1\/4&#8243;][vc_single_image image=&#8220;1286&#8243; img_size=&#8220;500&#215;400&#8243;][\/vc_column][vc_column width=&#8220;3\/4&#8243;][vc_column_text] Kakao empfohlen ab Klasse 4 Ziel der Station ist es, sich mit den Arbeitsbedingungen im Kakaoanbau auseinander zu setzen. Neben Wissenswertem zur Kakaopflanze und dem Herstellungsprozess von Schokolade werden die Themen Kinderarbeit und Erkennbarkeit fair gehandelter Schokolade behandelt. &nbsp; Inhalt des Parcours: 4 Stationen Die Kakaopflanze&hellip;","og_url":"https:\/\/weltlaeden.de\/landsberg\/bildungsarbeit\/bildungsmaterialien\/rundumfair-parcours\/","og_site_name":"Weltladen Landsberg","article_modified_time":"2023-11-26T19:15:50+00:00","twitter_card":"summary_large_image","twitter_misc":{"Gesch\u00e4tzte Lesezeit":"2\u00a0Minuten"},"schema":{"@context":"https:\/\/schema.org","@graph":[{"@type":"WebPage","@id":"https:\/\/weltlaeden.de\/landsberg\/bildungsarbeit\/bildungsmaterialien\/rundumfair-parcours\/","url":"https:\/\/weltlaeden.de\/landsberg\/bildungsarbeit\/bildungsmaterialien\/rundumfair-parcours\/","name":"RundumFAIR Parcours - Weltladen Landsberg","isPartOf":{"@id":"https:\/\/weltlaeden.de\/landsberg\/#website"},"datePublished":"2021-06-15T20:00:32+00:00","dateModified":"2023-11-26T19:15:50+00:00","breadcrumb":{"@id":"https:\/\/weltlaeden.de\/landsberg\/bildungsarbeit\/bildungsmaterialien\/rundumfair-parcours\/#breadcrumb"},"inLanguage":"de","potentialAction":[{"@type":"ReadAction","target":["https:\/\/weltlaeden.de\/landsberg\/bildungsarbeit\/bildungsmaterialien\/rundumfair-parcours\/"]}]},{"@type":"BreadcrumbList","@id":"https:\/\/weltlaeden.de\/landsberg\/bildungsarbeit\/bildungsmaterialien\/rundumfair-parcours\/#breadcrumb","itemListElement":[{"@type":"ListItem","position":1,"name":"Startseite","item":"https:\/\/weltlaeden.de\/landsberg\/"},{"@type":"ListItem","position":2,"name":"Bildungsarbeit","item":"https:\/\/weltlaeden.de\/landsberg\/bildungsarbeit\/"},{"@type":"ListItem","position":3,"name":"Bildungsmaterialien","item":"https:\/\/weltlaeden.de\/landsberg\/bildungsarbeit\/bildungsmaterialien\/"},{"@type":"ListItem","position":4,"name":"RundumFAIR Parcours"}]},{"@type":"WebSite","@id":"https:\/\/weltlaeden.de\/landsberg\/#website","url":"https:\/\/weltlaeden.de\/landsberg\/","name":"Vorlage","description":"Faire Produkte seit 1981","potentialAction":[{"@type":"SearchAction","target":{"@type":"EntryPoint","urlTemplate":"https:\/\/weltlaeden.de\/landsberg\/?s={search_term_string}"},"query-input":{"@type":"PropertyValueSpecification","valueRequired":true,"valueName":"search_term_string"}}],"inLanguage":"de"}]}},"_links":{"self":[{"href":"https:\/\/weltlaeden.de\/landsberg\/wp-json\/wp\/v2\/pages\/1130","targetHints":{"allow":["GET"]}}],"collection":[{"href":"https:\/\/weltlaeden.de\/landsberg\/wp-json\/wp\/v2\/pages"}],"about":[{"href":"https:\/\/weltlaeden.de\/landsberg\/wp-json\/wp\/v2\/types\/page"}],"author":[{"embeddable":true,"href":"https:\/\/weltlaeden.de\/landsberg\/wp-json\/wp\/v2\/users\/101"}],"replies":[{"embeddable":true,"href":"https:\/\/weltlaeden.de\/landsberg\/wp-json\/wp\/v2\/comments?post=1130"}],"version-history":[{"count":8,"href":"https:\/\/weltlaeden.de\/landsberg\/wp-json\/wp\/v2\/pages\/1130\/revisions"}],"predecessor-version":[{"id":1360,"href":"https:\/\/weltlaeden.de\/landsberg\/wp-json\/wp\/v2\/pages\/1130\/revisions\/1360"}],"up":[{"embeddable":true,"href":"https:\/\/weltlaeden.de\/landsberg\/wp-json\/wp\/v2\/pages\/615"}],"wp:attachment":[{"href":"https:\/\/weltlaeden.de\/landsberg\/wp-json\/wp\/v2\/media?parent=1130"}],"curies":[{"name":"wp","href":"https:\/\/api.w.org\/{rel}","templated":true}]}}