{"id":1000,"date":"2020-09-06T12:06:40","date_gmt":"2020-09-06T10:06:40","guid":{"rendered":"https:\/\/weltlaeden.de\/landsberg\/?page_id=1000"},"modified":"2024-12-13T11:23:31","modified_gmt":"2024-12-13T10:23:31","slug":"workshops","status":"publish","type":"page","link":"https:\/\/weltlaeden.de\/landsberg\/bildungsarbeit\/workshops\/","title":{"rendered":"Workshops"},"content":{"rendered":"<div class=\"wpb-content-wrapper\"><p>[vc_row][vc_column][vc_column_text css=&#8220;&#8220;]<\/p>\n<h1><strong>Angebote des Weltladens Landsberg<\/strong><\/h1>\n<p>Der Weltladen bietet f\u00fcr Schulen <span style=\"color: #0000ff\"><b>eine Weltladenf\u00fchrung <\/b><\/span>an. Diese dauert jeweils 90 Minuten und wird in der Regel im Weltladen durchgef\u00fchrt. Nach Absprache ist auch eine k\u00fcrzere Zeitdauer m\u00f6glich. Ist es Ihnen nicht m\u00f6glich, mit Ihrer Schulklasse zum Weltladen zu kommen, k\u00f6nnen wir nach Absprache auch zu Ihnen an die Schule kommen.<\/p>\n<p>M\u00f6chten Sie den Fairen Handel <strong><span style=\"color: #0000ff\">mit einem besonderen Schwerpunkt<\/span><\/strong> im Unterricht behandeln (z.B. Kakao) oder f\u00fcr <span style=\"color: #0000ff\"><strong>spezielle Regionen<\/strong><\/span> der Erde (z.B. Afrika, Regenwald..), k\u00f6nnen wir auch dies gern f\u00fcr Sie realisieren.<\/p>\n<p>Wir arbeiten mit interaktiven Methoden wie z.B. Stationenarbeit, ggf. mit Filmen sowie Spielen und wollen auch die verschiedenen Sinne der Kinder durch Sehen, Riechen, F\u00fchlen oder auch Schmecken ansprechen. Die Inhalte werden dabei auf die jeweilige Klassenstufe angepasst.<\/p>\n<p>&nbsp;<\/p>\n<h3><strong><span style=\"color: #0000ff\">Ansprechpartner:<\/span><\/strong><\/h3>\n<p style=\"padding-left: 30px\"><strong>Cornelia Merunka<\/strong><\/p>\n<p style=\"padding-left: 30px\">Mail:\u00a0\u00a0 ews(at)weltladen-landsberg.de<\/p>\n<p style=\"padding-left: 30px\">Tel. : \u00a0 08191\/30 88 09 (bitte beim Verkaufsteam Namen und Telefonnummer hinterlassen, wir rufen zur\u00fcck)<\/p>\n<p>[\/vc_column_text][\/vc_column][\/vc_row][vc_row][vc_column][vc_empty_space][\/vc_column][\/vc_row][vc_row][vc_column][vc_column_text css=&#8220;&#8220;]<\/p>\n<h1><strong>Weltladenerkundung f\u00fcr Grundsch\u00fclerinnen und Grundsch\u00fcler<\/strong><\/h1>\n<p>&nbsp;<\/p>\n<p>Auf spielerische und methodisch abwechslungsreiche Weise lernen die Kinder den Weltladen und die Besonderheit seiner Produkte kennen, erfahren etwas \u00fcber die L\u00e4nder des globalen S\u00fcdens, die Menschen und deren Arbeitsbedingungen, ehrenamtliches Engagement sowie den Fairen Handel als bewusste Alternative f\u00fcr eigene Kaufentscheidungen. Dazu werden Stationen aufgebaut, die die Sch\u00fclerinnen und Sch\u00fcler in Kleingruppen selbstst\u00e4ndig bearbeiten k\u00f6nnen.<\/p>\n<p>M\u00f6gliche Inhalte der Stationen:<\/p>\n<ul>\n<li>Die MitarbeiterInnen des Weltladens: Was ist an diesem Laden besonders?<\/li>\n<li>MangoproduzentInnen: Bedeutung des Fairen Handels am Beispiel von Mangos<\/li>\n<li>Die Regeln des Fairen Handels: Unterschiede zum konventionellen Handel<\/li>\n<li>Produkte mit &#8222;Gesicht&#8220;: Wo kommen sie her, wer hat daran gearbeitet?<\/li>\n<li>Fair-Handels-Zeichen: Erkennen der wichtigsten Zeichen f\u00fcr Fairen Handel<\/li>\n<li>Vom Kakaobaum zur Schokolade: Kennenlernen der Wertsch\u00f6pfungskette vom kakaoanbau zur fertigen Schokolade<\/li>\n<li>Gew\u00fcrze: Schnuppern und Riechen in Form eines kleinen Riech-Memory<\/li>\n<\/ul>\n<p>Geeignet ab Klasse 3, Dauer 90 Minuten<\/p>\n<p>Kosten: keine[\/vc_column_text][\/vc_column][\/vc_row][vc_row][vc_column][vc_separator][\/vc_column][\/vc_row][vc_row][vc_column][vc_empty_space][\/vc_column][\/vc_row][vc_row][vc_column][vc_column_text css=&#8220;&#8220;]<\/p>\n<h1><strong>Weltladenerkundung f\u00fcr Sch\u00fclerinnen und Sch\u00fcler ab Klasse 5<\/strong><\/h1>\n<p>&nbsp;<\/p>\n<p align=\"left\">Auf methodisch abwechslungsreiche Weise lernen die Jugendlichen den Weltladen in seiner Organisation kennen, erfahren etwas \u00fcber die Menschen des globalen S\u00fcdens und deren Arbeitsbedingungen sowie den Fairen Handel als bewusste Alternative f\u00fcr eigene Kaufentscheidungen. Dazu werden Stationen aufgebaut, die die Sch\u00fclerinnen und Sch\u00fcler in Gruppen selbstst\u00e4ndig bearbeiten k\u00f6nnen.<\/p>\n<p align=\"left\">Inhalte der Stationen:<\/p>\n<ul>\n<li>\n<p align=\"left\">Organisation des Weltladens (Aufgabenbereiche, Motivation der Mitarbeiter\/innen usw.)<\/p>\n<\/li>\n<li>\n<p align=\"left\">Die Produzent\/innen (Arbeitsbedingungen und Leben von Produzent\/innen im Bananenanbau, Unterschied konventioneller zu Fairem Handel)<\/p>\n<\/li>\n<li>\n<p align=\"left\">Ein Produkt, das dir gef\u00e4llt (wo kommen sie her, wer hat daran gearbeitet)<\/p>\n<\/li>\n<li>\n<p align=\"left\">Station der Sinne (Riech-Memory zu Gew\u00fcrzen und F\u00fchlkasten zu Produkten)<\/p>\n<\/li>\n<li>\n<p align=\"left\">Spurensuche (die Wertsch\u00f6pfungskette vom Kakaoanbau zur fertigen Schokolade)<\/p>\n<\/li>\n<li>\n<p align=\"left\">Die Zwei Wege des Fairen Handels (FAIRTRADE-Siegel \u2194 Weltladen) \u2013 falls das Thema Fairer Handel im Unterricht bereits ausf\u00fchrlicher besprochen wurde<\/p>\n<\/li>\n<\/ul>\n<p align=\"left\">Geeignet ab Klasse 5, Dauer 90 Minuten<\/p>\n<p align=\"left\">Kosten: keine<\/p>\n<p>[\/vc_column_text][vc_column_text]<\/p>\n<p>[\/vc_column_text][\/vc_column][\/vc_row][vc_row][\/vc_row]<\/p>\n<\/div>","protected":false},"excerpt":{"rendered":"<p>[vc_row][vc_column][vc_column_text css=&#8220;&#8220;] Angebote des Weltladens Landsberg Der Weltladen bietet f\u00fcr Schulen eine Weltladenf\u00fchrung an. Diese dauert jeweils 90 Minuten und wird in der Regel im Weltladen durchgef\u00fchrt. Nach Absprache ist auch eine k\u00fcrzere Zeitdauer m\u00f6glich. Ist es Ihnen nicht m\u00f6glich, mit Ihrer Schulklasse zum Weltladen zu kommen, k\u00f6nnen wir nach Absprache auch zu Ihnen an&hellip;<\/p>\n","protected":false},"author":101,"featured_media":0,"parent":416,"menu_order":1,"comment_status":"closed","ping_status":"closed","template":"","meta":{"footnotes":""},"class_list":["post-1000","page","type-page","status-publish","hentry","description-off"],"yoast_head":"<!-- This site is optimized with the Yoast SEO plugin v26.8 - https:\/\/yoast.com\/product\/yoast-seo-wordpress\/ -->\n<title>Workshops - Weltladen Landsberg<\/title>\n<meta name=\"robots\" content=\"index, follow, max-snippet:-1, max-image-preview:large, max-video-preview:-1\" \/>\n<link rel=\"canonical\" href=\"https:\/\/weltlaeden.de\/landsberg\/bildungsarbeit\/workshops\/\" \/>\n<meta property=\"og:locale\" content=\"de_DE\" \/>\n<meta property=\"og:type\" content=\"article\" \/>\n<meta property=\"og:title\" content=\"Workshops - Weltladen Landsberg\" \/>\n<meta property=\"og:description\" content=\"[vc_row][vc_column][vc_column_text css=&#8220;&#8220;] Angebote des Weltladens Landsberg Der Weltladen bietet f\u00fcr Schulen eine Weltladenf\u00fchrung an. Diese dauert jeweils 90 Minuten und wird in der Regel im Weltladen durchgef\u00fchrt. Nach Absprache ist auch eine k\u00fcrzere Zeitdauer m\u00f6glich. Ist es Ihnen nicht m\u00f6glich, mit Ihrer Schulklasse zum Weltladen zu kommen, k\u00f6nnen wir nach Absprache auch zu Ihnen an&hellip;\" \/>\n<meta property=\"og:url\" content=\"https:\/\/weltlaeden.de\/landsberg\/bildungsarbeit\/workshops\/\" \/>\n<meta property=\"og:site_name\" content=\"Weltladen Landsberg\" \/>\n<meta property=\"article:modified_time\" content=\"2024-12-13T10:23:31+00:00\" \/>\n<meta name=\"twitter:card\" content=\"summary_large_image\" \/>\n<meta name=\"twitter:label1\" content=\"Gesch\u00e4tzte Lesezeit\" \/>\n\t<meta name=\"twitter:data1\" content=\"3\u00a0Minuten\" \/>\n<script type=\"application\/ld+json\" class=\"yoast-schema-graph\">{\"@context\":\"https:\/\/schema.org\",\"@graph\":[{\"@type\":\"WebPage\",\"@id\":\"https:\/\/weltlaeden.de\/landsberg\/bildungsarbeit\/workshops\/\",\"url\":\"https:\/\/weltlaeden.de\/landsberg\/bildungsarbeit\/workshops\/\",\"name\":\"Workshops - Weltladen Landsberg\",\"isPartOf\":{\"@id\":\"https:\/\/weltlaeden.de\/landsberg\/#website\"},\"datePublished\":\"2020-09-06T10:06:40+00:00\",\"dateModified\":\"2024-12-13T10:23:31+00:00\",\"breadcrumb\":{\"@id\":\"https:\/\/weltlaeden.de\/landsberg\/bildungsarbeit\/workshops\/#breadcrumb\"},\"inLanguage\":\"de\",\"potentialAction\":[{\"@type\":\"ReadAction\",\"target\":[\"https:\/\/weltlaeden.de\/landsberg\/bildungsarbeit\/workshops\/\"]}]},{\"@type\":\"BreadcrumbList\",\"@id\":\"https:\/\/weltlaeden.de\/landsberg\/bildungsarbeit\/workshops\/#breadcrumb\",\"itemListElement\":[{\"@type\":\"ListItem\",\"position\":1,\"name\":\"Startseite\",\"item\":\"https:\/\/weltlaeden.de\/landsberg\/\"},{\"@type\":\"ListItem\",\"position\":2,\"name\":\"Bildungsarbeit\",\"item\":\"https:\/\/weltlaeden.de\/landsberg\/bildungsarbeit\/\"},{\"@type\":\"ListItem\",\"position\":3,\"name\":\"Workshops\"}]},{\"@type\":\"WebSite\",\"@id\":\"https:\/\/weltlaeden.de\/landsberg\/#website\",\"url\":\"https:\/\/weltlaeden.de\/landsberg\/\",\"name\":\"Vorlage\",\"description\":\"Faire Produkte seit 1981\",\"potentialAction\":[{\"@type\":\"SearchAction\",\"target\":{\"@type\":\"EntryPoint\",\"urlTemplate\":\"https:\/\/weltlaeden.de\/landsberg\/?s={search_term_string}\"},\"query-input\":{\"@type\":\"PropertyValueSpecification\",\"valueRequired\":true,\"valueName\":\"search_term_string\"}}],\"inLanguage\":\"de\"}]}<\/script>\n<!-- \/ Yoast SEO plugin. -->","yoast_head_json":{"title":"Workshops - Weltladen Landsberg","robots":{"index":"index","follow":"follow","max-snippet":"max-snippet:-1","max-image-preview":"max-image-preview:large","max-video-preview":"max-video-preview:-1"},"canonical":"https:\/\/weltlaeden.de\/landsberg\/bildungsarbeit\/workshops\/","og_locale":"de_DE","og_type":"article","og_title":"Workshops - Weltladen Landsberg","og_description":"[vc_row][vc_column][vc_column_text css=&#8220;&#8220;] Angebote des Weltladens Landsberg Der Weltladen bietet f\u00fcr Schulen eine Weltladenf\u00fchrung an. Diese dauert jeweils 90 Minuten und wird in der Regel im Weltladen durchgef\u00fchrt. Nach Absprache ist auch eine k\u00fcrzere Zeitdauer m\u00f6glich. Ist es Ihnen nicht m\u00f6glich, mit Ihrer Schulklasse zum Weltladen zu kommen, k\u00f6nnen wir nach Absprache auch zu Ihnen an&hellip;","og_url":"https:\/\/weltlaeden.de\/landsberg\/bildungsarbeit\/workshops\/","og_site_name":"Weltladen Landsberg","article_modified_time":"2024-12-13T10:23:31+00:00","twitter_card":"summary_large_image","twitter_misc":{"Gesch\u00e4tzte Lesezeit":"3\u00a0Minuten"},"schema":{"@context":"https:\/\/schema.org","@graph":[{"@type":"WebPage","@id":"https:\/\/weltlaeden.de\/landsberg\/bildungsarbeit\/workshops\/","url":"https:\/\/weltlaeden.de\/landsberg\/bildungsarbeit\/workshops\/","name":"Workshops - Weltladen Landsberg","isPartOf":{"@id":"https:\/\/weltlaeden.de\/landsberg\/#website"},"datePublished":"2020-09-06T10:06:40+00:00","dateModified":"2024-12-13T10:23:31+00:00","breadcrumb":{"@id":"https:\/\/weltlaeden.de\/landsberg\/bildungsarbeit\/workshops\/#breadcrumb"},"inLanguage":"de","potentialAction":[{"@type":"ReadAction","target":["https:\/\/weltlaeden.de\/landsberg\/bildungsarbeit\/workshops\/"]}]},{"@type":"BreadcrumbList","@id":"https:\/\/weltlaeden.de\/landsberg\/bildungsarbeit\/workshops\/#breadcrumb","itemListElement":[{"@type":"ListItem","position":1,"name":"Startseite","item":"https:\/\/weltlaeden.de\/landsberg\/"},{"@type":"ListItem","position":2,"name":"Bildungsarbeit","item":"https:\/\/weltlaeden.de\/landsberg\/bildungsarbeit\/"},{"@type":"ListItem","position":3,"name":"Workshops"}]},{"@type":"WebSite","@id":"https:\/\/weltlaeden.de\/landsberg\/#website","url":"https:\/\/weltlaeden.de\/landsberg\/","name":"Vorlage","description":"Faire Produkte seit 1981","potentialAction":[{"@type":"SearchAction","target":{"@type":"EntryPoint","urlTemplate":"https:\/\/weltlaeden.de\/landsberg\/?s={search_term_string}"},"query-input":{"@type":"PropertyValueSpecification","valueRequired":true,"valueName":"search_term_string"}}],"inLanguage":"de"}]}},"_links":{"self":[{"href":"https:\/\/weltlaeden.de\/landsberg\/wp-json\/wp\/v2\/pages\/1000","targetHints":{"allow":["GET"]}}],"collection":[{"href":"https:\/\/weltlaeden.de\/landsberg\/wp-json\/wp\/v2\/pages"}],"about":[{"href":"https:\/\/weltlaeden.de\/landsberg\/wp-json\/wp\/v2\/types\/page"}],"author":[{"embeddable":true,"href":"https:\/\/weltlaeden.de\/landsberg\/wp-json\/wp\/v2\/users\/101"}],"replies":[{"embeddable":true,"href":"https:\/\/weltlaeden.de\/landsberg\/wp-json\/wp\/v2\/comments?post=1000"}],"version-history":[{"count":13,"href":"https:\/\/weltlaeden.de\/landsberg\/wp-json\/wp\/v2\/pages\/1000\/revisions"}],"predecessor-version":[{"id":1429,"href":"https:\/\/weltlaeden.de\/landsberg\/wp-json\/wp\/v2\/pages\/1000\/revisions\/1429"}],"up":[{"embeddable":true,"href":"https:\/\/weltlaeden.de\/landsberg\/wp-json\/wp\/v2\/pages\/416"}],"wp:attachment":[{"href":"https:\/\/weltlaeden.de\/landsberg\/wp-json\/wp\/v2\/media?parent=1000"}],"curies":[{"name":"wp","href":"https:\/\/api.w.org\/{rel}","templated":true}]}}