{"id":20,"date":"2016-10-14T09:05:21","date_gmt":"2016-10-14T07:05:21","guid":{"rendered":"https:\/\/wl.heimpixel.de\/vorlage\/weltladen-musterdorf\/"},"modified":"2025-08-11T22:14:07","modified_gmt":"2025-08-11T20:14:07","slug":"weltladen-musterdorf","status":"publish","type":"page","link":"https:\/\/weltlaeden.de\/lampertheim\/","title":{"rendered":"Weltladen Lampertheim"},"content":{"rendered":"<div class=\"wpb-content-wrapper\"><p>[vc_row][\/vc_row][vc_row][vc_column]<div class=\"wl_einzelbild\"><p><img loading=\"lazy\" decoding=\"async\" class=\"wp-image-828 size-full aligncenter\" src=\"https:\/\/weltlaeden.de\/lampertheim\/wp-content\/uploads\/sites\/87\/2024\/04\/IMGP5227-2-scaled.jpg\" alt=\"\" width=\"2560\" height=\"1084\" srcset=\"https:\/\/weltlaeden.de\/lampertheim\/wp-content\/uploads\/sites\/87\/2024\/04\/IMGP5227-2-scaled.jpg 2560w, https:\/\/weltlaeden.de\/lampertheim\/wp-content\/uploads\/sites\/87\/2024\/04\/IMGP5227-2-300x127.jpg 300w, https:\/\/weltlaeden.de\/lampertheim\/wp-content\/uploads\/sites\/87\/2024\/04\/IMGP5227-2-1024x434.jpg 1024w, https:\/\/weltlaeden.de\/lampertheim\/wp-content\/uploads\/sites\/87\/2024\/04\/IMGP5227-2-768x325.jpg 768w, https:\/\/weltlaeden.de\/lampertheim\/wp-content\/uploads\/sites\/87\/2024\/04\/IMGP5227-2-1536x651.jpg 1536w, https:\/\/weltlaeden.de\/lampertheim\/wp-content\/uploads\/sites\/87\/2024\/04\/IMGP5227-2-2048x867.jpg 2048w\" sizes=\"auto, (max-width: 2560px) 100vw, 2560px\" \/><\/p><\/div>[vc_empty_space height=&#8220;4px&#8220;][\/vc_column][\/vc_row][vc_row][\/vc_row][vc_row][vc_column][vc_column_text css=&#8220;&#8220;]<\/p>\n<div class=\"wpb_text_column wpb_content_element \">\n<div class=\"wpb_wrapper\">\n<p><img loading=\"lazy\" decoding=\"async\" class=\"alignnone wp-image-886 size-full\" src=\"https:\/\/weltlaeden.de\/lampertheim\/wp-content\/uploads\/sites\/87\/2025\/08\/2025_alternativ_Poster_WalkTalk-Schokolade-scaled.jpg\" alt=\"\" width=\"1810\" height=\"2560\" srcset=\"https:\/\/weltlaeden.de\/lampertheim\/wp-content\/uploads\/sites\/87\/2025\/08\/2025_alternativ_Poster_WalkTalk-Schokolade-scaled.jpg 1810w, https:\/\/weltlaeden.de\/lampertheim\/wp-content\/uploads\/sites\/87\/2025\/08\/2025_alternativ_Poster_WalkTalk-Schokolade-212x300.jpg 212w, https:\/\/weltlaeden.de\/lampertheim\/wp-content\/uploads\/sites\/87\/2025\/08\/2025_alternativ_Poster_WalkTalk-Schokolade-724x1024.jpg 724w, https:\/\/weltlaeden.de\/lampertheim\/wp-content\/uploads\/sites\/87\/2025\/08\/2025_alternativ_Poster_WalkTalk-Schokolade-768x1086.jpg 768w, https:\/\/weltlaeden.de\/lampertheim\/wp-content\/uploads\/sites\/87\/2025\/08\/2025_alternativ_Poster_WalkTalk-Schokolade-1086x1536.jpg 1086w, https:\/\/weltlaeden.de\/lampertheim\/wp-content\/uploads\/sites\/87\/2025\/08\/2025_alternativ_Poster_WalkTalk-Schokolade-1448x2048.jpg 1448w\" sizes=\"auto, (max-width: 1810px) 100vw, 1810px\" \/><\/p>\n<p>&nbsp;<\/p>\n<\/div>\n<\/div>\n<p>[\/vc_column_text][vc_empty_space height=&#8220;4px&#8220;][vc_column_text]<\/p>\n<div class=\"wpb_text_column wpb_content_element \">\n<div class=\"wpb_wrapper\">\n<h1><span style=\"color: #ff6600\">Herzlich Willkommen beim Weltladen Lampertheim<\/span><\/h1>\n<p>Sch\u00f6n, dass Sie unsere Website besuchen. Wir w\u00fcnschen Ihnen viel Freude beim St\u00f6bern und Informieren.<br \/>\nIhr Team des Weltladen Lampertheim.<\/p>\n<\/div>\n<\/div>\n<p>[\/vc_column_text][vc_column_text]<\/p>\n<div class=\"wpb_text_column wpb_content_element \">\n<div class=\"wpb_wrapper\">\n<h2><span style=\"color: #ff6600\">Wichtig<\/span><\/h2>\n<p>Der Weltladen Lampertheim <strong>bleibt in der Kaiserstrasse 17.<\/strong><br \/>\nWir freuen uns auf Ihren Besuch!<\/p>\n<\/div>\n<\/div>\n<p>[\/vc_column_text][vc_empty_space height=&#8220;4px&#8220;][vc_column_text]<\/p>\n<h1>Termine<\/h1>\n<p>[\/vc_column_text]<ul class=\"termine-page current aktuell\">[vc_empty_space height=&#8220;4px&#8220;][vc_column_text]<\/p>\n<h1>Neuigkeiten<\/h1>\n<p>[\/vc_column_text]<section class=\"items-grid wf-container\"><div class=\"wf-cell wf-1-2\"><article class=\"post-format-standard\"><div class=\"mini-post-img\"><a class=\"alignleft post-rollover layzr-bg\" href=\"https:\/\/weltlaeden.de\/lampertheim\/film-und-diskussion-made-in-bangladesh\/\" aria-label=\"Post image\"><img decoding=\"async\" class=\"preload-me lazy-load aspect\" src=\"data:image\/svg+xml,%3Csvg%20xmlns%3D&#39;http%3A%2F%2Fwww.w3.org%2F2000%2Fsvg&#39;%20viewBox%3D&#39;0%200%2060%2060&#39;%2F%3E\" data-src=\"https:\/\/weltlaeden.de\/lampertheim\/wp-content\/uploads\/sites\/87\/2023\/03\/Flyer-Weltladen-Vorderseite-Neu-60x60.jpg\" data-srcset=\"https:\/\/weltlaeden.de\/lampertheim\/wp-content\/uploads\/sites\/87\/2023\/03\/Flyer-Weltladen-Vorderseite-Neu-60x60.jpg 60w, https:\/\/weltlaeden.de\/lampertheim\/wp-content\/uploads\/sites\/87\/2023\/03\/Flyer-Weltladen-Vorderseite-Neu-120x120.jpg 120w\" loading=\"eager\" style=\"--ratio: 60 \/ 60\" sizes=\"(max-width: 60px) 100vw, 60px\" width=\"60\" height=\"60\"  alt=\"\" \/><\/a><\/div><div class=\"post-content\"><a href=\"https:\/\/weltlaeden.de\/lampertheim\/film-und-diskussion-made-in-bangladesh\/\">Film und Diskussion Made in Bangladesh<\/a><br \/><time class=\"text-secondary\" datetime=\"2023-02-20T21:15:31+01:00\">20. Februar 2023<\/time><\/div><\/article><\/div><div class=\"wf-cell wf-1-2\"><article class=\"post-format-standard\"><div class=\"mini-post-img\"><a class=\"alignleft post-rollover layzr-bg\" href=\"https:\/\/weltlaeden.de\/lampertheim\/candlelight-shopping\/\" aria-label=\"Post image\"><img decoding=\"async\" class=\"preload-me lazy-load aspect\" src=\"data:image\/svg+xml,%3Csvg%20xmlns%3D&#39;http%3A%2F%2Fwww.w3.org%2F2000%2Fsvg&#39;%20viewBox%3D&#39;0%200%2060%2060&#39;%2F%3E\" data-src=\"https:\/\/weltlaeden.de\/lampertheim\/wp-content\/uploads\/sites\/87\/2022\/12\/FB_IMG_1669622380096-60x60.jpg\" data-srcset=\"https:\/\/weltlaeden.de\/lampertheim\/wp-content\/uploads\/sites\/87\/2022\/12\/FB_IMG_1669622380096-60x60.jpg 60w, https:\/\/weltlaeden.de\/lampertheim\/wp-content\/uploads\/sites\/87\/2022\/12\/FB_IMG_1669622380096-120x120.jpg 120w\" loading=\"eager\" style=\"--ratio: 60 \/ 60\" sizes=\"(max-width: 60px) 100vw, 60px\" width=\"60\" height=\"60\"  alt=\"\" \/><\/a><\/div><div class=\"post-content\"><a href=\"https:\/\/weltlaeden.de\/lampertheim\/candlelight-shopping\/\">Candlelight-Shopping<\/a><br \/><time class=\"text-secondary\" datetime=\"2022-11-28T09:07:35+01:00\">28. November 2022<\/time><\/div><\/article><\/div><div class=\"wf-cell wf-1-2\"><article class=\"post-format-standard\"><div class=\"mini-post-img\"><a class=\"alignleft post-rollover layzr-bg\" href=\"https:\/\/weltlaeden.de\/lampertheim\/bundesweiter-weltladentag-am-14-05-22\/\" aria-label=\"Post image\"><img decoding=\"async\" class=\"preload-me lazy-load aspect\" src=\"data:image\/svg+xml,%3Csvg%20xmlns%3D&#39;http%3A%2F%2Fwww.w3.org%2F2000%2Fsvg&#39;%20viewBox%3D&#39;0%200%2060%2060&#39;%2F%3E\" data-src=\"https:\/\/weltlaeden.de\/lampertheim\/wp-content\/uploads\/sites\/87\/2022\/05\/Keyvisual_Instagram_1080x1920_1-60x60.jpg\" data-srcset=\"https:\/\/weltlaeden.de\/lampertheim\/wp-content\/uploads\/sites\/87\/2022\/05\/Keyvisual_Instagram_1080x1920_1-60x60.jpg 60w, https:\/\/weltlaeden.de\/lampertheim\/wp-content\/uploads\/sites\/87\/2022\/05\/Keyvisual_Instagram_1080x1920_1-120x120.jpg 120w\" loading=\"eager\" style=\"--ratio: 60 \/ 60\" sizes=\"(max-width: 60px) 100vw, 60px\" width=\"60\" height=\"60\"  alt=\"M\u00e4chtig unfair\" \/><\/a><\/div><div class=\"post-content\"><a href=\"https:\/\/weltlaeden.de\/lampertheim\/bundesweiter-weltladentag-am-14-05-22\/\">Bundesweiter Weltladentag am 14.05.22<\/a><br \/><time class=\"text-secondary\" datetime=\"2022-05-10T21:21:16+02:00\">10. Mai 2022<\/time><\/div><\/article><\/div><div class=\"wf-cell wf-1-2\"><article class=\"post-format-standard\"><div class=\"mini-post-img\"><a class=\"alignleft post-rollover layzr-bg\" href=\"https:\/\/weltlaeden.de\/lampertheim\/muttertag-am-08-05-22-verkaufsoffener-sonntagnachmittag\/\" aria-label=\"Post image\"><img decoding=\"async\" class=\"preload-me lazy-load aspect\" src=\"data:image\/svg+xml,%3Csvg%20xmlns%3D&#39;http%3A%2F%2Fwww.w3.org%2F2000%2Fsvg&#39;%20viewBox%3D&#39;0%200%2060%2060&#39;%2F%3E\" data-src=\"https:\/\/weltlaeden.de\/lampertheim\/wp-content\/uploads\/sites\/87\/2022\/04\/Weltladen_Flyer_Muttertag_2022_2-60x60.jpg\" data-srcset=\"https:\/\/weltlaeden.de\/lampertheim\/wp-content\/uploads\/sites\/87\/2022\/04\/Weltladen_Flyer_Muttertag_2022_2-60x60.jpg 60w, https:\/\/weltlaeden.de\/lampertheim\/wp-content\/uploads\/sites\/87\/2022\/04\/Weltladen_Flyer_Muttertag_2022_2-120x120.jpg 120w\" loading=\"eager\" style=\"--ratio: 60 \/ 60\" sizes=\"(max-width: 60px) 100vw, 60px\" width=\"60\" height=\"60\"  alt=\"\" \/><\/a><\/div><div class=\"post-content\"><a href=\"https:\/\/weltlaeden.de\/lampertheim\/muttertag-am-08-05-22-verkaufsoffener-sonntagnachmittag\/\">Muttertag am 08.05.22 &#8211; Verkaufsoffener Sonntagnachmittag<\/a><br \/><time class=\"text-secondary\" datetime=\"2022-04-13T22:13:47+02:00\">13. April 2022<\/time><\/div><\/article><\/div><div class=\"wf-cell wf-1-2\"><article class=\"post-format-standard\"><div class=\"mini-post-img\"><a class=\"alignleft post-rollover no-avatar\" href=\"https:\/\/weltlaeden.de\/lampertheim\/alles-fuer-den-schulstart\/\"  style=\"width:60px; height: 60px;\" aria-label=\"Post image\"><\/a><\/div><div class=\"post-content\"><a href=\"https:\/\/weltlaeden.de\/lampertheim\/alles-fuer-den-schulstart\/\">Alles f\u00fcr den Schulstart<\/a><br \/><time class=\"text-secondary\" datetime=\"2021-08-24T20:46:22+02:00\">24. August 2021<\/time><\/div><\/article><\/div><div class=\"wf-cell wf-1-2\"><article class=\"post-format-standard\"><div class=\"mini-post-img\"><a class=\"alignleft post-rollover layzr-bg\" href=\"https:\/\/weltlaeden.de\/lampertheim\/weltladen-lampertheim-fuer-tapetenwechsel\/\" aria-label=\"Post image\"><img decoding=\"async\" class=\"preload-me lazy-load aspect\" src=\"data:image\/svg+xml,%3Csvg%20xmlns%3D&#39;http%3A%2F%2Fwww.w3.org%2F2000%2Fsvg&#39;%20viewBox%3D&#39;0%200%2060%2060&#39;%2F%3E\" data-src=\"https:\/\/weltlaeden.de\/lampertheim\/wp-content\/uploads\/sites\/87\/2021\/05\/Tapetenwechsel-60x60.jpg\" data-srcset=\"https:\/\/weltlaeden.de\/lampertheim\/wp-content\/uploads\/sites\/87\/2021\/05\/Tapetenwechsel-60x60.jpg 60w, https:\/\/weltlaeden.de\/lampertheim\/wp-content\/uploads\/sites\/87\/2021\/05\/Tapetenwechsel-120x120.jpg 120w\" loading=\"eager\" style=\"--ratio: 60 \/ 60\" sizes=\"(max-width: 60px) 100vw, 60px\" width=\"60\" height=\"60\"  alt=\"\" \/><\/a><\/div><div class=\"post-content\"><a href=\"https:\/\/weltlaeden.de\/lampertheim\/weltladen-lampertheim-fuer-tapetenwechsel\/\">Weltladen Lampertheim f\u00fcr Tapetenwechsel<\/a><br \/><time class=\"text-secondary\" datetime=\"2021-05-04T17:31:22+02:00\">4. Mai 2021<\/time><\/div><\/article><\/div><\/section><a href=\"https:\/\/weltlaeden.de\/lampertheim\/neuigkeiten\" class=\"btn-shortcode dt-btn-s dt-btn default-btn-color default-btn-hover-color default-btn-bg-color default-btn-bg-hover-color\" target=\"_blank\" id=\"dt-btn-1\" rel=\"noopener\"><span>Alle Neuigkeiten<\/span><\/a>[vc_empty_space height=&#8220;4px&#8220;][\/vc_column][\/vc_row][vc_row][vc_column][\/vc_column][\/vc_row]<\/p>\n<\/div>","protected":false},"excerpt":{"rendered":"<p>[vc_row][\/vc_row][vc_row][vc_column][vc_empty_space height=&#8220;4px&#8220;][\/vc_column][\/vc_row][vc_row][\/vc_row][vc_row][vc_column][vc_column_text css=&#8220;&#8220;] &nbsp; [\/vc_column_text][vc_empty_space height=&#8220;4px&#8220;][vc_column_text] Herzlich Willkommen beim Weltladen Lampertheim Sch\u00f6n, dass Sie unsere Website besuchen. Wir w\u00fcnschen Ihnen viel Freude beim St\u00f6bern und Informieren. Ihr Team des Weltladen Lampertheim. [\/vc_column_text][vc_column_text] Wichtig Der Weltladen Lampertheim bleibt in der Kaiserstrasse 17. Wir freuen uns auf Ihren Besuch! [\/vc_column_text][vc_empty_space height=&#8220;4px&#8220;][vc_column_text] Termine [\/vc_column_text][vc_empty_space height=&#8220;4px&#8220;][vc_column_text] Neuigkeiten [\/vc_column_text][vc_empty_space height=&#8220;4px&#8220;][\/vc_column][\/vc_row][vc_row][vc_column][\/vc_column][\/vc_row]<\/p>\n","protected":false},"author":1,"featured_media":0,"parent":0,"menu_order":0,"comment_status":"closed","ping_status":"closed","template":"","meta":{"footnotes":""},"class_list":["post-20","page","type-page","status-publish","hentry","description-off"],"yoast_head":"<!-- This site is optimized with the Yoast SEO plugin v26.8 - https:\/\/yoast.com\/product\/yoast-seo-wordpress\/ -->\n<title>Weltladen Lampertheim - Weltladen Lampertheim<\/title>\n<meta name=\"description\" content=\"Willkommen im Weltladen Lampertheim! Schaut rein und findet Infos \u00fcber unsere Produkte und unseren Laden.\" \/>\n<meta name=\"robots\" content=\"index, follow, max-snippet:-1, max-image-preview:large, max-video-preview:-1\" \/>\n<link rel=\"canonical\" href=\"https:\/\/weltlaeden.de\/lampertheim\/\" \/>\n<meta property=\"og:locale\" content=\"de_DE\" \/>\n<meta property=\"og:type\" content=\"article\" \/>\n<meta property=\"og:title\" content=\"Weltladen Lampertheim - Weltladen Lampertheim\" \/>\n<meta property=\"og:description\" content=\"Willkommen im Weltladen Lampertheim! Schaut rein und findet Infos \u00fcber unsere Produkte und unseren Laden.\" \/>\n<meta property=\"og:url\" content=\"https:\/\/weltlaeden.de\/lampertheim\/\" \/>\n<meta property=\"og:site_name\" content=\"Weltladen Lampertheim\" \/>\n<meta property=\"article:modified_time\" content=\"2025-08-11T20:14:07+00:00\" \/>\n<meta property=\"og:image\" content=\"https:\/\/weltlaeden.de\/lampertheim\/wp-content\/uploads\/sites\/87\/2024\/04\/IMGP5227-2-scaled.jpg\" \/>\n\t<meta property=\"og:image:width\" content=\"2560\" \/>\n\t<meta property=\"og:image:height\" content=\"1084\" \/>\n\t<meta property=\"og:image:type\" content=\"image\/jpeg\" \/>\n<meta name=\"twitter:card\" content=\"summary_large_image\" \/>\n<meta name=\"twitter:label1\" content=\"Gesch\u00e4tzte Lesezeit\" \/>\n\t<meta name=\"twitter:data1\" content=\"1\u00a0Minute\" \/>\n<script type=\"application\/ld+json\" class=\"yoast-schema-graph\">{\"@context\":\"https:\/\/schema.org\",\"@graph\":[{\"@type\":\"WebPage\",\"@id\":\"https:\/\/weltlaeden.de\/lampertheim\/\",\"url\":\"https:\/\/weltlaeden.de\/lampertheim\/\",\"name\":\"Weltladen Lampertheim - Weltladen Lampertheim\",\"isPartOf\":{\"@id\":\"https:\/\/weltlaeden.de\/lampertheim\/#website\"},\"primaryImageOfPage\":{\"@id\":\"https:\/\/weltlaeden.de\/lampertheim\/#primaryimage\"},\"image\":{\"@id\":\"https:\/\/weltlaeden.de\/lampertheim\/#primaryimage\"},\"thumbnailUrl\":\"https:\/\/weltlaeden.de\/lampertheim\/wp-content\/uploads\/sites\/87\/2024\/04\/IMGP5227-2-scaled.jpg\",\"datePublished\":\"2016-10-14T07:05:21+00:00\",\"dateModified\":\"2025-08-11T20:14:07+00:00\",\"description\":\"Willkommen im Weltladen Lampertheim! Schaut rein und findet Infos \u00fcber unsere Produkte und unseren Laden.\",\"breadcrumb\":{\"@id\":\"https:\/\/weltlaeden.de\/lampertheim\/#breadcrumb\"},\"inLanguage\":\"de\",\"potentialAction\":[{\"@type\":\"ReadAction\",\"target\":[\"https:\/\/weltlaeden.de\/lampertheim\/\"]}]},{\"@type\":\"ImageObject\",\"inLanguage\":\"de\",\"@id\":\"https:\/\/weltlaeden.de\/lampertheim\/#primaryimage\",\"url\":\"https:\/\/weltlaeden.de\/lampertheim\/wp-content\/uploads\/sites\/87\/2024\/04\/IMGP5227-2-scaled.jpg\",\"contentUrl\":\"https:\/\/weltlaeden.de\/lampertheim\/wp-content\/uploads\/sites\/87\/2024\/04\/IMGP5227-2-scaled.jpg\",\"width\":2560,\"height\":1084},{\"@type\":\"BreadcrumbList\",\"@id\":\"https:\/\/weltlaeden.de\/lampertheim\/#breadcrumb\",\"itemListElement\":[{\"@type\":\"ListItem\",\"position\":1,\"name\":\"Startseite\",\"item\":\"https:\/\/weltlaeden.de\/lampertheim\/\"},{\"@type\":\"ListItem\",\"position\":2,\"name\":\"Weltladen Lampertheim\"}]},{\"@type\":\"WebSite\",\"@id\":\"https:\/\/weltlaeden.de\/lampertheim\/#website\",\"url\":\"https:\/\/weltlaeden.de\/lampertheim\/\",\"name\":\"Weltladen Lampertheim\",\"description\":\"Bio-Produkte aus fairer Produktion\",\"potentialAction\":[{\"@type\":\"SearchAction\",\"target\":{\"@type\":\"EntryPoint\",\"urlTemplate\":\"https:\/\/weltlaeden.de\/lampertheim\/?s={search_term_string}\"},\"query-input\":{\"@type\":\"PropertyValueSpecification\",\"valueRequired\":true,\"valueName\":\"search_term_string\"}}],\"inLanguage\":\"de\"}]}<\/script>\n<!-- \/ Yoast SEO plugin. -->","yoast_head_json":{"title":"Weltladen Lampertheim - Weltladen Lampertheim","description":"Willkommen im Weltladen Lampertheim! Schaut rein und findet Infos \u00fcber unsere Produkte und unseren Laden.","robots":{"index":"index","follow":"follow","max-snippet":"max-snippet:-1","max-image-preview":"max-image-preview:large","max-video-preview":"max-video-preview:-1"},"canonical":"https:\/\/weltlaeden.de\/lampertheim\/","og_locale":"de_DE","og_type":"article","og_title":"Weltladen Lampertheim - Weltladen Lampertheim","og_description":"Willkommen im Weltladen Lampertheim! Schaut rein und findet Infos \u00fcber unsere Produkte und unseren Laden.","og_url":"https:\/\/weltlaeden.de\/lampertheim\/","og_site_name":"Weltladen Lampertheim","article_modified_time":"2025-08-11T20:14:07+00:00","og_image":[{"width":2560,"height":1084,"url":"https:\/\/weltlaeden.de\/lampertheim\/wp-content\/uploads\/sites\/87\/2024\/04\/IMGP5227-2-scaled.jpg","type":"image\/jpeg"}],"twitter_card":"summary_large_image","twitter_misc":{"Gesch\u00e4tzte Lesezeit":"1\u00a0Minute"},"schema":{"@context":"https:\/\/schema.org","@graph":[{"@type":"WebPage","@id":"https:\/\/weltlaeden.de\/lampertheim\/","url":"https:\/\/weltlaeden.de\/lampertheim\/","name":"Weltladen Lampertheim - Weltladen Lampertheim","isPartOf":{"@id":"https:\/\/weltlaeden.de\/lampertheim\/#website"},"primaryImageOfPage":{"@id":"https:\/\/weltlaeden.de\/lampertheim\/#primaryimage"},"image":{"@id":"https:\/\/weltlaeden.de\/lampertheim\/#primaryimage"},"thumbnailUrl":"https:\/\/weltlaeden.de\/lampertheim\/wp-content\/uploads\/sites\/87\/2024\/04\/IMGP5227-2-scaled.jpg","datePublished":"2016-10-14T07:05:21+00:00","dateModified":"2025-08-11T20:14:07+00:00","description":"Willkommen im Weltladen Lampertheim! Schaut rein und findet Infos \u00fcber unsere Produkte und unseren Laden.","breadcrumb":{"@id":"https:\/\/weltlaeden.de\/lampertheim\/#breadcrumb"},"inLanguage":"de","potentialAction":[{"@type":"ReadAction","target":["https:\/\/weltlaeden.de\/lampertheim\/"]}]},{"@type":"ImageObject","inLanguage":"de","@id":"https:\/\/weltlaeden.de\/lampertheim\/#primaryimage","url":"https:\/\/weltlaeden.de\/lampertheim\/wp-content\/uploads\/sites\/87\/2024\/04\/IMGP5227-2-scaled.jpg","contentUrl":"https:\/\/weltlaeden.de\/lampertheim\/wp-content\/uploads\/sites\/87\/2024\/04\/IMGP5227-2-scaled.jpg","width":2560,"height":1084},{"@type":"BreadcrumbList","@id":"https:\/\/weltlaeden.de\/lampertheim\/#breadcrumb","itemListElement":[{"@type":"ListItem","position":1,"name":"Startseite","item":"https:\/\/weltlaeden.de\/lampertheim\/"},{"@type":"ListItem","position":2,"name":"Weltladen Lampertheim"}]},{"@type":"WebSite","@id":"https:\/\/weltlaeden.de\/lampertheim\/#website","url":"https:\/\/weltlaeden.de\/lampertheim\/","name":"Weltladen Lampertheim","description":"Bio-Produkte aus fairer Produktion","potentialAction":[{"@type":"SearchAction","target":{"@type":"EntryPoint","urlTemplate":"https:\/\/weltlaeden.de\/lampertheim\/?s={search_term_string}"},"query-input":{"@type":"PropertyValueSpecification","valueRequired":true,"valueName":"search_term_string"}}],"inLanguage":"de"}]}},"_links":{"self":[{"href":"https:\/\/weltlaeden.de\/lampertheim\/wp-json\/wp\/v2\/pages\/20","targetHints":{"allow":["GET"]}}],"collection":[{"href":"https:\/\/weltlaeden.de\/lampertheim\/wp-json\/wp\/v2\/pages"}],"about":[{"href":"https:\/\/weltlaeden.de\/lampertheim\/wp-json\/wp\/v2\/types\/page"}],"author":[{"embeddable":true,"href":"https:\/\/weltlaeden.de\/lampertheim\/wp-json\/wp\/v2\/users\/1"}],"replies":[{"embeddable":true,"href":"https:\/\/weltlaeden.de\/lampertheim\/wp-json\/wp\/v2\/comments?post=20"}],"version-history":[{"count":105,"href":"https:\/\/weltlaeden.de\/lampertheim\/wp-json\/wp\/v2\/pages\/20\/revisions"}],"predecessor-version":[{"id":888,"href":"https:\/\/weltlaeden.de\/lampertheim\/wp-json\/wp\/v2\/pages\/20\/revisions\/888"}],"wp:attachment":[{"href":"https:\/\/weltlaeden.de\/lampertheim\/wp-json\/wp\/v2\/media?parent=20"}],"curies":[{"name":"wp","href":"https:\/\/api.w.org\/{rel}","templated":true}]}}