{"id":927,"date":"2023-12-06T16:30:42","date_gmt":"2023-12-06T15:30:42","guid":{"rendered":"https:\/\/weltlaeden.de\/kupferdreh\/?page_id=927"},"modified":"2024-08-29T18:17:00","modified_gmt":"2024-08-29T16:17:00","slug":"klimagerechtigkeit","status":"publish","type":"page","link":"https:\/\/weltlaeden.de\/kupferdreh\/klimagerechtigkeit\/","title":{"rendered":"Klimagerechtigkeit"},"content":{"rendered":"<h1 style=\"text-align: center\"><\/h1>\n<h1 style=\"text-align: center\"><img loading=\"lazy\" decoding=\"async\" class=\"alignnone wp-image-941\" src=\"https:\/\/weltlaeden.de\/kupferdreh\/wp-content\/uploads\/sites\/57\/2023\/12\/IMG_20230922_084844-300x224.jpg\" alt=\"\" width=\"714\" height=\"533\" srcset=\"https:\/\/weltlaeden.de\/kupferdreh\/wp-content\/uploads\/sites\/57\/2023\/12\/IMG_20230922_084844-300x224.jpg 300w, https:\/\/weltlaeden.de\/kupferdreh\/wp-content\/uploads\/sites\/57\/2023\/12\/IMG_20230922_084844-1024x766.jpg 1024w, https:\/\/weltlaeden.de\/kupferdreh\/wp-content\/uploads\/sites\/57\/2023\/12\/IMG_20230922_084844-768x574.jpg 768w, https:\/\/weltlaeden.de\/kupferdreh\/wp-content\/uploads\/sites\/57\/2023\/12\/IMG_20230922_084844-1536x1149.jpg 1536w, https:\/\/weltlaeden.de\/kupferdreh\/wp-content\/uploads\/sites\/57\/2023\/12\/IMG_20230922_084844-scaled.jpg 2048w\" sizes=\"auto, (max-width: 714px) 100vw, 714px\" \/><\/h1>\n<h1 style=\"text-align: center\">Keine Klimagerechtigkeit ohne Handelsgerechtigkeit<\/h1>\n<p style=\"text-align: left\">Unser Vorsitzender Franz Kampmann nimmt Stellung zur Klimagerechtigkeit im Nachgang zur Fairen Woche 2023. Daraus l\u00e4\u00dft sich die Forderung ableiten, dass die Verursacher mehr tun m\u00fcssen f\u00fcr die Betroffenen. Lesen Sie <a href=\"https:\/\/weltlaeden.de\/kupferdreh\/wp-content\/uploads\/sites\/57\/2024\/01\/Klimakrise-ungerecht.pdf\" target=\"_blank\" rel=\"noopener\">hier<\/a>.<\/p>\n<p>Am 20.09.2024 werden wir wieder zum Thema Klimagerechtigkeit auf dem Marktplatz informieren (s. oben). Von 8:30 bis 12:30 Uhr soll im Rahmen der Faire Woche auf die Folgen des Klimawandels f\u00fcr unsere Partner im globalen S\u00fcden aufmerksam gemacht werden. Ein WAZ-Pressebericht vom 28.08.24 dazu tr\u00e4gt den Titel: &#8222;Kaffee wird zum Luxusgut&#8220;. Tats\u00e4chlich werden unsere Lieferanten die Preise erheblich &#8211; bis zu 30% &#8211; anheben. Lesen Sie dazu <a href=\"https:\/\/weltlaeden.de\/kupferdreh\/wp-content\/uploads\/sites\/57\/2024\/08\/Kaffee-Luxus.jpg\" target=\"_blank\" rel=\"noopener\">hier<\/a>.<\/p>\n<p>&nbsp;<\/p>\n<p>&nbsp;<\/p>\n<p><img loading=\"lazy\" decoding=\"async\" class=\"size-medium wp-image-1014 alignright\" src=\"https:\/\/weltlaeden.de\/kupferdreh\/wp-content\/uploads\/sites\/57\/2024\/08\/Faire-Woche-2024-300x252.jpg\" alt=\"\" width=\"300\" height=\"252\" srcset=\"https:\/\/weltlaeden.de\/kupferdreh\/wp-content\/uploads\/sites\/57\/2024\/08\/Faire-Woche-2024-300x252.jpg 300w, https:\/\/weltlaeden.de\/kupferdreh\/wp-content\/uploads\/sites\/57\/2024\/08\/Faire-Woche-2024.jpg 428w\" sizes=\"auto, (max-width: 300px) 100vw, 300px\" \/><\/p>\n","protected":false},"excerpt":{"rendered":"<p>Keine Klimagerechtigkeit ohne Handelsgerechtigkeit Unser Vorsitzender Franz Kampmann nimmt Stellung zur Klimagerechtigkeit im Nachgang zur Fairen Woche 2023. Daraus l\u00e4\u00dft sich die Forderung ableiten, dass die Verursacher mehr tun m\u00fcssen f\u00fcr die Betroffenen. Lesen Sie hier. Am 20.09.2024 werden wir wieder zum Thema Klimagerechtigkeit auf dem Marktplatz informieren (s. oben). Von 8:30 bis 12:30 Uhr&hellip;<\/p>\n","protected":false},"author":85,"featured_media":0,"parent":0,"menu_order":3,"comment_status":"closed","ping_status":"closed","template":"","meta":{"footnotes":""},"class_list":["post-927","page","type-page","status-publish","hentry","description-off"],"yoast_head":"<!-- This site is optimized with the Yoast SEO plugin v26.8 - https:\/\/yoast.com\/product\/yoast-seo-wordpress\/ -->\n<title>Klimagerechtigkeit - Weltladen Kupferdreh<\/title>\n<meta name=\"robots\" content=\"index, follow, max-snippet:-1, max-image-preview:large, max-video-preview:-1\" \/>\n<link rel=\"canonical\" href=\"https:\/\/weltlaeden.de\/kupferdreh\/klimagerechtigkeit\/\" \/>\n<meta property=\"og:locale\" content=\"de_DE\" \/>\n<meta property=\"og:type\" content=\"article\" \/>\n<meta property=\"og:title\" content=\"Klimagerechtigkeit - Weltladen Kupferdreh\" \/>\n<meta property=\"og:description\" content=\"Keine Klimagerechtigkeit ohne Handelsgerechtigkeit Unser Vorsitzender Franz Kampmann nimmt Stellung zur Klimagerechtigkeit im Nachgang zur Fairen Woche 2023. Daraus l\u00e4\u00dft sich die Forderung ableiten, dass die Verursacher mehr tun m\u00fcssen f\u00fcr die Betroffenen. Lesen Sie hier. Am 20.09.2024 werden wir wieder zum Thema Klimagerechtigkeit auf dem Marktplatz informieren (s. oben). Von 8:30 bis 12:30 Uhr&hellip;\" \/>\n<meta property=\"og:url\" content=\"https:\/\/weltlaeden.de\/kupferdreh\/klimagerechtigkeit\/\" \/>\n<meta property=\"og:site_name\" content=\"Weltladen Kupferdreh\" \/>\n<meta property=\"article:modified_time\" content=\"2024-08-29T16:17:00+00:00\" \/>\n<meta property=\"og:image\" content=\"https:\/\/weltlaeden.de\/kupferdreh\/wp-content\/uploads\/sites\/57\/2023\/12\/IMG_20230922_084844-300x224.jpg\" \/>\n<meta name=\"twitter:card\" content=\"summary_large_image\" \/>\n<meta name=\"twitter:label1\" content=\"Gesch\u00e4tzte Lesezeit\" \/>\n\t<meta name=\"twitter:data1\" content=\"1\u00a0Minute\" \/>\n<script type=\"application\/ld+json\" class=\"yoast-schema-graph\">{\"@context\":\"https:\/\/schema.org\",\"@graph\":[{\"@type\":\"WebPage\",\"@id\":\"https:\/\/weltlaeden.de\/kupferdreh\/klimagerechtigkeit\/\",\"url\":\"https:\/\/weltlaeden.de\/kupferdreh\/klimagerechtigkeit\/\",\"name\":\"Klimagerechtigkeit - Weltladen Kupferdreh\",\"isPartOf\":{\"@id\":\"https:\/\/weltlaeden.de\/kupferdreh\/#website\"},\"primaryImageOfPage\":{\"@id\":\"https:\/\/weltlaeden.de\/kupferdreh\/klimagerechtigkeit\/#primaryimage\"},\"image\":{\"@id\":\"https:\/\/weltlaeden.de\/kupferdreh\/klimagerechtigkeit\/#primaryimage\"},\"thumbnailUrl\":\"https:\/\/weltlaeden.de\/kupferdreh\/wp-content\/uploads\/sites\/57\/2023\/12\/IMG_20230922_084844-300x224.jpg\",\"datePublished\":\"2023-12-06T15:30:42+00:00\",\"dateModified\":\"2024-08-29T16:17:00+00:00\",\"breadcrumb\":{\"@id\":\"https:\/\/weltlaeden.de\/kupferdreh\/klimagerechtigkeit\/#breadcrumb\"},\"inLanguage\":\"de\",\"potentialAction\":[{\"@type\":\"ReadAction\",\"target\":[\"https:\/\/weltlaeden.de\/kupferdreh\/klimagerechtigkeit\/\"]}]},{\"@type\":\"ImageObject\",\"inLanguage\":\"de\",\"@id\":\"https:\/\/weltlaeden.de\/kupferdreh\/klimagerechtigkeit\/#primaryimage\",\"url\":\"https:\/\/weltlaeden.de\/kupferdreh\/wp-content\/uploads\/sites\/57\/2023\/12\/IMG_20230922_084844.jpg\",\"contentUrl\":\"https:\/\/weltlaeden.de\/kupferdreh\/wp-content\/uploads\/sites\/57\/2023\/12\/IMG_20230922_084844.jpg\",\"width\":2048,\"height\":1532},{\"@type\":\"BreadcrumbList\",\"@id\":\"https:\/\/weltlaeden.de\/kupferdreh\/klimagerechtigkeit\/#breadcrumb\",\"itemListElement\":[{\"@type\":\"ListItem\",\"position\":1,\"name\":\"Startseite\",\"item\":\"https:\/\/weltlaeden.de\/kupferdreh\/\"},{\"@type\":\"ListItem\",\"position\":2,\"name\":\"Klimagerechtigkeit\"}]},{\"@type\":\"WebSite\",\"@id\":\"https:\/\/weltlaeden.de\/kupferdreh\/#website\",\"url\":\"https:\/\/weltlaeden.de\/kupferdreh\/\",\"name\":\"Vorlage\",\"description\":\"Faire Produkte seit 1994\",\"potentialAction\":[{\"@type\":\"SearchAction\",\"target\":{\"@type\":\"EntryPoint\",\"urlTemplate\":\"https:\/\/weltlaeden.de\/kupferdreh\/?s={search_term_string}\"},\"query-input\":{\"@type\":\"PropertyValueSpecification\",\"valueRequired\":true,\"valueName\":\"search_term_string\"}}],\"inLanguage\":\"de\"}]}<\/script>\n<!-- \/ Yoast SEO plugin. -->","yoast_head_json":{"title":"Klimagerechtigkeit - Weltladen Kupferdreh","robots":{"index":"index","follow":"follow","max-snippet":"max-snippet:-1","max-image-preview":"max-image-preview:large","max-video-preview":"max-video-preview:-1"},"canonical":"https:\/\/weltlaeden.de\/kupferdreh\/klimagerechtigkeit\/","og_locale":"de_DE","og_type":"article","og_title":"Klimagerechtigkeit - Weltladen Kupferdreh","og_description":"Keine Klimagerechtigkeit ohne Handelsgerechtigkeit Unser Vorsitzender Franz Kampmann nimmt Stellung zur Klimagerechtigkeit im Nachgang zur Fairen Woche 2023. Daraus l\u00e4\u00dft sich die Forderung ableiten, dass die Verursacher mehr tun m\u00fcssen f\u00fcr die Betroffenen. Lesen Sie hier. Am 20.09.2024 werden wir wieder zum Thema Klimagerechtigkeit auf dem Marktplatz informieren (s. oben). Von 8:30 bis 12:30 Uhr&hellip;","og_url":"https:\/\/weltlaeden.de\/kupferdreh\/klimagerechtigkeit\/","og_site_name":"Weltladen Kupferdreh","article_modified_time":"2024-08-29T16:17:00+00:00","og_image":[{"url":"https:\/\/weltlaeden.de\/kupferdreh\/wp-content\/uploads\/sites\/57\/2023\/12\/IMG_20230922_084844-300x224.jpg","type":"","width":"","height":""}],"twitter_card":"summary_large_image","twitter_misc":{"Gesch\u00e4tzte Lesezeit":"1\u00a0Minute"},"schema":{"@context":"https:\/\/schema.org","@graph":[{"@type":"WebPage","@id":"https:\/\/weltlaeden.de\/kupferdreh\/klimagerechtigkeit\/","url":"https:\/\/weltlaeden.de\/kupferdreh\/klimagerechtigkeit\/","name":"Klimagerechtigkeit - Weltladen Kupferdreh","isPartOf":{"@id":"https:\/\/weltlaeden.de\/kupferdreh\/#website"},"primaryImageOfPage":{"@id":"https:\/\/weltlaeden.de\/kupferdreh\/klimagerechtigkeit\/#primaryimage"},"image":{"@id":"https:\/\/weltlaeden.de\/kupferdreh\/klimagerechtigkeit\/#primaryimage"},"thumbnailUrl":"https:\/\/weltlaeden.de\/kupferdreh\/wp-content\/uploads\/sites\/57\/2023\/12\/IMG_20230922_084844-300x224.jpg","datePublished":"2023-12-06T15:30:42+00:00","dateModified":"2024-08-29T16:17:00+00:00","breadcrumb":{"@id":"https:\/\/weltlaeden.de\/kupferdreh\/klimagerechtigkeit\/#breadcrumb"},"inLanguage":"de","potentialAction":[{"@type":"ReadAction","target":["https:\/\/weltlaeden.de\/kupferdreh\/klimagerechtigkeit\/"]}]},{"@type":"ImageObject","inLanguage":"de","@id":"https:\/\/weltlaeden.de\/kupferdreh\/klimagerechtigkeit\/#primaryimage","url":"https:\/\/weltlaeden.de\/kupferdreh\/wp-content\/uploads\/sites\/57\/2023\/12\/IMG_20230922_084844.jpg","contentUrl":"https:\/\/weltlaeden.de\/kupferdreh\/wp-content\/uploads\/sites\/57\/2023\/12\/IMG_20230922_084844.jpg","width":2048,"height":1532},{"@type":"BreadcrumbList","@id":"https:\/\/weltlaeden.de\/kupferdreh\/klimagerechtigkeit\/#breadcrumb","itemListElement":[{"@type":"ListItem","position":1,"name":"Startseite","item":"https:\/\/weltlaeden.de\/kupferdreh\/"},{"@type":"ListItem","position":2,"name":"Klimagerechtigkeit"}]},{"@type":"WebSite","@id":"https:\/\/weltlaeden.de\/kupferdreh\/#website","url":"https:\/\/weltlaeden.de\/kupferdreh\/","name":"Vorlage","description":"Faire Produkte seit 1994","potentialAction":[{"@type":"SearchAction","target":{"@type":"EntryPoint","urlTemplate":"https:\/\/weltlaeden.de\/kupferdreh\/?s={search_term_string}"},"query-input":{"@type":"PropertyValueSpecification","valueRequired":true,"valueName":"search_term_string"}}],"inLanguage":"de"}]}},"_links":{"self":[{"href":"https:\/\/weltlaeden.de\/kupferdreh\/wp-json\/wp\/v2\/pages\/927","targetHints":{"allow":["GET"]}}],"collection":[{"href":"https:\/\/weltlaeden.de\/kupferdreh\/wp-json\/wp\/v2\/pages"}],"about":[{"href":"https:\/\/weltlaeden.de\/kupferdreh\/wp-json\/wp\/v2\/types\/page"}],"author":[{"embeddable":true,"href":"https:\/\/weltlaeden.de\/kupferdreh\/wp-json\/wp\/v2\/users\/85"}],"replies":[{"embeddable":true,"href":"https:\/\/weltlaeden.de\/kupferdreh\/wp-json\/wp\/v2\/comments?post=927"}],"version-history":[{"count":20,"href":"https:\/\/weltlaeden.de\/kupferdreh\/wp-json\/wp\/v2\/pages\/927\/revisions"}],"predecessor-version":[{"id":1015,"href":"https:\/\/weltlaeden.de\/kupferdreh\/wp-json\/wp\/v2\/pages\/927\/revisions\/1015"}],"wp:attachment":[{"href":"https:\/\/weltlaeden.de\/kupferdreh\/wp-json\/wp\/v2\/media?parent=927"}],"curies":[{"name":"wp","href":"https:\/\/api.w.org\/{rel}","templated":true}]}}