{"id":20,"date":"2016-10-14T09:05:21","date_gmt":"2016-10-14T07:05:21","guid":{"rendered":"https:\/\/wl.heimpixel.de\/vorlage\/weltladen-musterdorf\/"},"modified":"2025-04-07T10:40:36","modified_gmt":"2025-04-07T08:40:36","slug":"weltladen-musterdorf","status":"publish","type":"page","link":"https:\/\/weltlaeden.de\/kupferdreh\/","title":{"rendered":"Weltladen Kupferdreh"},"content":{"rendered":"<div class=\"wpb-content-wrapper\"><p><img loading=\"lazy\" decoding=\"async\" class=\"alignnone size-medium wp-image-1030\" src=\"https:\/\/weltlaeden.de\/kupferdreh\/wp-content\/uploads\/sites\/57\/2025\/04\/Weldladen-Nr-159-300x251.jpg\" alt=\"\" width=\"300\" height=\"251\" srcset=\"https:\/\/weltlaeden.de\/kupferdreh\/wp-content\/uploads\/sites\/57\/2025\/04\/Weldladen-Nr-159-300x251.jpg 300w, https:\/\/weltlaeden.de\/kupferdreh\/wp-content\/uploads\/sites\/57\/2025\/04\/Weldladen-Nr-159.jpg 767w\" sizes=\"auto, (max-width: 300px) 100vw, 300px\" \/><img loading=\"lazy\" decoding=\"async\" class=\"wp-image-1035 alignright\" src=\"https:\/\/weltlaeden.de\/kupferdreh\/wp-content\/uploads\/sites\/57\/2025\/04\/Ladensicht-1-300x225.jpg\" alt=\"\" width=\"335\" height=\"251\" srcset=\"https:\/\/weltlaeden.de\/kupferdreh\/wp-content\/uploads\/sites\/57\/2025\/04\/Ladensicht-1-300x225.jpg 300w, https:\/\/weltlaeden.de\/kupferdreh\/wp-content\/uploads\/sites\/57\/2025\/04\/Ladensicht-1-1024x768.jpg 1024w, https:\/\/weltlaeden.de\/kupferdreh\/wp-content\/uploads\/sites\/57\/2025\/04\/Ladensicht-1-768x576.jpg 768w, https:\/\/weltlaeden.de\/kupferdreh\/wp-content\/uploads\/sites\/57\/2025\/04\/Ladensicht-1-1536x1152.jpg 1536w, https:\/\/weltlaeden.de\/kupferdreh\/wp-content\/uploads\/sites\/57\/2025\/04\/Ladensicht-1.jpg 1600w\" sizes=\"auto, (max-width: 335px) 100vw, 335px\" \/><\/p>\n<p>[vc_row][vc_column][vc_column_text][\/vc_column_text][\/vc_column][\/vc_row][vc_row][vc_column]<div class=\"wl_einzelbild\"><p><\/p><\/div>[vc_empty_space height=&#8220;20px&#8220;][\/vc_column][\/vc_row][vc_row][vc_column][vc_column_text]<\/p>\n<h1 style=\"text-align: left\">Willkommen im Weltladen Kupferdreh !<\/h1>\n<p>[\/vc_column_text][vc_column_text]Hier k\u00f6nnen Sie nach Herzenslust st\u00f6bern, was im Angebot ist. Sie erfahren mehr \u00fcber den Fairen Handel und unser Engagement.<\/p>\n<p>Gern k\u00f6nnen Sie uns vor Ort besuchen oder Email-Kontakt aufnehmen![\/vc_column_text][vc_empty_space height=&#8220;30px&#8220;][\/vc_column][\/vc_row][vc_row][vc_column][vc_column_text]<\/p>\n<h2><\/h2>\n<p>[\/vc_column_text]Mehr Infos finden Sie auf den folgenden Seiten.<!-- This slideshow output is generated with Advanced post slider a multipurpose responsive WordPress slideshow plugin - http:\/\/www.wpcue.com\/wordpress-plugins\/advanced-post-slider\/ -->\r\n<style>\r\n#advps_container1 .bx-wrapper .bx-viewport {\r\n\t\tbackground:#ffffff;\r\n}\r\n#advps_container1 .bx-wrapper .bx-pager{\r\n\ttext-align: right;\r\n\tpadding-right:5px;\r\n}\r\n#advps_container1 .bx-wrapper .bx-pager\r\n{\r\n\tbottom:-35px;\r\n\tz-index:999;\r\n}\r\n#advps_container1 .bx-wrapper .bx-controls-auto\r\n{\r\n\tbottom:6px;\r\n}\r\n#advps_container1 .bx-wrapper .bx-controls.bx-has-controls-auto.bx-has-pager .bx-pager {\r\n\ttext-align: right;\r\n}\r\n#advps_container1 .bx-wrapper .bx-controls-auto {\r\n\tz-index:99999;\r\n\ttext-align:center;width:100%;}\r\n\r\n#advps_container1 .bx-wrapper .bx-pager.bx-default-pager a {\r\n\tbackground: #666;\r\n\ttext-indent: -9999px;\r\n\tdisplay: block;\r\n\twidth: 10px;\r\n\theight: 10px;\r\n\tmargin: 0 5px;\r\n\toutline: 0;\r\n\t-moz-border-radius: 5px;\r\n\t-webkit-border-radius: 5px;\r\n\tborder-radius: 5px;\r\n\ttext-align:left;\r\n}\r\n#advps_container1 .bx-wrapper .bx-pager.bx-default-pager a:hover,\r\n#advps_container1 .bx-wrapper .bx-pager.bx-default-pager a.active {\r\n\tbackground: #000;\r\n}\r\n\r\n\/* thumbnail pager*\/\r\n#advps_container1 #bx-pager\r\n{\r\n\twidth:100%;\r\n\tposition:absolute;\r\n\tbottom:-35px;\r\n    text-align: right;\r\n\tz-index: 9999;\r\n}\r\n#advps_container1 #bx-pager a img\r\n{\r\n\tborder: 1px solid #CCCCCC;\r\n    padding: 3px;\r\n}\r\n#advps_container1 #bx-pager a:hover img, #advps_container1 #bx-pager a.active img\r\n{\r\n\tborder: 1px solid #666666;\r\n}\r\n\/* medai queries *\/\r\n#advps_container1 .advs-title,#advps_container1 .advs-title a\r\n{\r\n\tfont-size:20px;\r\n\tline-height:26px;\r\n}\r\n#advps_container1 .advps-slide p\r\n{\r\n\tfont-size:15px;\r\n\tline-height:22px;\r\n}\r\n@media screen and (max-width: 1024px){\r\n\t#advps_container1 .advs-title,#advps_container1 .advs-title a\r\n\t{\r\n\t\tfont-size:16px;\r\n\t\tline-height:26px;\r\n\t}\r\n\t#advps_container1 .advps-slide p\r\n\t{\r\n\t\tfont-size:15px;\r\n\t\tline-height:22px;\r\n\t}\r\n}\r\n@media screen and (max-width: 768px){\r\n\t#advps_container1 h2.advs-title, #advps_container1 h2.advs-title a\r\n\t{\r\n\t\tfont-size:16px;\r\n\t\tline-height:20px;\r\n\t}\r\n\t#advps_container1 .advps-slide p\r\n\t{\r\n\t\tfont-size:14px;\r\n\t\tline-height:18px;\r\n\t}\r\n}\r\n@media screen and (max-width: 650px){\r\n\t#advps_container1 h2.advs-title, #advps_container1 h2.advs-title a\r\n\t{\r\n\t\tfont-size:15px;\r\n\t\tline-height:18px;\r\n\t}\r\n\t#advps_container1 .advps-slide p\r\n\t{\r\n\t\tfont-size:13px;\r\n\t\tline-height:15px;\r\n\t}\r\n}\r\n@media screen and (max-width: 480px){\r\n\t#advps_container1 h2.advs-title, #advps_container1 h2.advs-title a\r\n\t{\r\n\t\tfont-size:13px;\r\n\t\tline-height:14px;\r\n\t}\r\n\t#advps_container1 .advps-slide p\r\n\t{\r\n\t\tfont-size:12px;\r\n\t\tline-height:13px;\r\n\t}\r\n}\r\n@media screen and (max-width: 320px){\r\n\t#advps_container1 h2.advs-title, #advps_container1 h2.advs-title a\r\n\t{\r\n\t\tfont-size:12px;\r\n\t\tline-height:13px;\r\n\t}\r\n\t#advps_container1 .advps-slide p\r\n\t{\r\n\t\tfont-size:11px;\r\n\t\tline-height:12px;\r\n\t}\r\n}\r\n<\/style>\r\n<script type=\"text\/javascript\">\r\n\t\tjQuery(document).ready(function($){\r\n\t\t\t$('#advpsslideshow_1').bxSlider({\r\n\t\t\t\tuseCSS:1,\r\n\t\t\t\tslideMargin: 0,\r\n\t\t\t\tspeed: 2000,\t\t\t\t\r\n\t\t\t\t\t\t\t\tmode: 'fade',\r\n\t\t\t\t\t\t\t\t\t\t\t\tauto: 0,\r\n\t\t\t\tautoHover: 1,\r\n\t\t\t\tpause: 10000,\r\n\t\t\t\teasing: 'linear',\r\n\t\t\t\tcontrols: 0,\r\n\t\t\t\tpager: 1,\r\n  \t\t\t\tautoControls: 0\t\t\t\t\t\t\t});\r\n\t\t\t\t\t\t\t$(\"#advpsslideshow_1 .advs-title a\").hover(function(){\r\n\t\t\t\t\t$(this).css('color','#5e5e5e');\r\n\t\t\t\t},function(){\r\n\t\t\t\t\t$(this).css('color','#ff7c00');\r\n\t\t\t\t});\r\n\t\t\t\t\t\t$(\"#advpsslideshow_1 .advps-slide\").hover(function(){\r\n\t\t\t\t  \t\t\t},function(){\r\n\t\t\t\t\t\t\t});\r\n\t\t});\r\n\t<\/script>\r\n<div id=\"advps_container1\" class=\"advps-slide-container\" style=\"overflow:hidden;max-width:1000px;\">\r\n \r\n  <div id=\"advpsslideshow_1\">\r\n      <\/div>\r\n  <\/div><!-- end advps-slide-container -->\r\n<!-- \/ Advanced post slider a multipurpose responsive slideshow plugin -->\r\n[\/vc_column][vc_row][vc_column][vc_column_text]<\/p>\n<h2>Was Sie auf dieser Website noch finden:<\/h2>\n<p>[\/vc_column_text][vc_empty_space height=&#8220;20px&#8220;][vc_row_inner][vc_column_inner width=&#8220;1\/4&#8243;]<div class=\"wl_einzelbild\"><p><img loading=\"lazy\" decoding=\"async\" class=\"alignleft wp-image-nsm-3-15\" src=\"https:\/\/weltlaeden.de\/kupferdreh\/wp-content\/uploads\/sites\/3\/2016\/11\/FairerHandel_ElPuente_Fingerpuppen_EccoExe_Peru-150x150.jpg\" alt=\"\" width=\"173\" height=\"173\" \/><\/p><\/div>[\/vc_column_inner][vc_column_inner width=&#8220;3\/4&#8243;][vc_column_text]<\/p>\n<h3>Fairer Handel<\/h3>\n<p>Was meint Fairer Handel \u00fcberhaupt? Welche Kriterien m\u00fcssen eingehalten werden und wer \u00fcberpr\u00fcft diese? <a href=\"https:\/\/weltlaeden.de\/kupferdreh\/fairer-handel\/\">Erfahren Sie mehr &#8230;<\/a>[\/vc_column_text][\/vc_column_inner][\/vc_row_inner][vc_separator][vc_row_inner][vc_column_inner width=&#8220;1\/4&#8243;]<div class=\"wl_einzelbild\"><p><img loading=\"lazy\" decoding=\"async\" class=\"alignnone size-medium wp-image-413\" src=\"https:\/\/weltlaeden.de\/kupferdreh\/wp-content\/uploads\/sites\/57\/2016\/10\/Laden-01-300x169.jpg\" alt=\"\" width=\"300\" height=\"169\" \/><\/p><\/div>[\/vc_column_inner][vc_column_inner width=&#8220;3\/4&#8243;][vc_column_text]<\/p>\n<h3>Produkte<\/h3>\n<p>Unsere Produkte im Weltladen sind nat\u00fcrlich alle aus Fairem Handel, dennoch kommen sie von unterschiedlichen Fair-Handels-Importeuren. <a href=\"https:\/\/weltlaeden.de\/kupferdreh\/produkte\/\">Hier zeigen wir Ihnen unser Sortiment &#8230;<\/a>[\/vc_column_text][\/vc_column_inner][\/vc_row_inner][vc_separator][vc_row_inner][vc_column_inner width=&#8220;1\/4&#8243;]<div class=\"wl_einzelbild\"><p><img loading=\"lazy\" decoding=\"async\" class=\"alignnone\" src=\"https:\/\/weltlaeden.de\/kupferdreh\/wp-content\/uploads\/sites\/57\/2019\/01\/Gruppenbild-MA-Treff-e1547553281623.jpg\" width=\"281\" height=\"187\" \/> <\/p><\/div>[\/vc_column_inner][vc_column_inner width=&#8220;3\/4&#8243;][vc_column_text]<\/p>\n<h3>\u00dcber uns<\/h3>\n<p>Wer wir sind, warum wir uns f\u00fcr Fairen Handel engagieren und wie man bei uns mitmachen kann &#8211; <a href=\"https:\/\/weltlaeden.de\/kupferdreh\/ueber-uns\/\">hier stellen wir uns vor &#8230;<\/a>[\/vc_column_text][\/vc_column_inner][\/vc_row_inner][vc_separator][vc_row_inner][vc_column_inner width=&#8220;1\/4&#8243;]<div class=\"wl_einzelbild\"><p><img loading=\"lazy\" decoding=\"async\" class=\"alignleft size-full wp-image-nsm-3-35\" src=\"https:\/\/weltlaeden.de\/kupferdreh\/wp-content\/uploads\/sites\/3\/2018\/08\/pocket-watch-1637396_1920_150x150.png\" alt=\"\" width=\"150\" height=\"150\" \/><\/p><\/div>[\/vc_column_inner][vc_column_inner width=&#8220;3\/4&#8243;][vc_column_text]<\/p>\n<h3>Termine<\/h3>\n<p>Bei uns ist immer etwas los! Wir treffen uns regelm\u00e4\u00dfig zu Teamsitzungen und Fortbildungen, organisieren aber auch immer mal wieder eine Veranstaltung zum Fairen Handel und verwandten Themen. <a href=\"https:\/\/weltlaeden.de\/kupferdreh\/termine\/\">Hier erfahren Sie was bei uns los ist \u2026<\/a><br \/>\n[\/vc_column_text][\/vc_column_inner][\/vc_row_inner][vc_separator][vc_empty_space][\/vc_column][\/vc_row][vc_row][vc_column][vc_column_text]<\/p>\n<h2><\/h2>\n<h2>Neuigkeiten<\/h2>\n<p>[\/vc_column_text]<section class=\"items-grid wf-container\"><div class=\"wf-cell wf-1-2\"><article class=\"post-format-standard\"><div class=\"mini-post-img\"><a class=\"alignleft post-rollover layzr-bg\" href=\"https:\/\/weltlaeden.de\/kupferdreh\/faire-ostern-2026\/\" aria-label=\"Post image\"><img decoding=\"async\" class=\"preload-me lazy-load aspect\" src=\"data:image\/svg+xml,%3Csvg%20xmlns%3D&#39;http%3A%2F%2Fwww.w3.org%2F2000%2Fsvg&#39;%20viewBox%3D&#39;0%200%2060%2060&#39;%2F%3E\" data-src=\"https:\/\/weltlaeden.de\/kupferdreh\/wp-content\/uploads\/sites\/57\/2026\/02\/26-Ostertuete-60x60.jpg\" data-srcset=\"https:\/\/weltlaeden.de\/kupferdreh\/wp-content\/uploads\/sites\/57\/2026\/02\/26-Ostertuete-60x60.jpg 60w, https:\/\/weltlaeden.de\/kupferdreh\/wp-content\/uploads\/sites\/57\/2026\/02\/26-Ostertuete-120x120.jpg 120w\" loading=\"eager\" style=\"--ratio: 60 \/ 60\" sizes=\"(max-width: 60px) 100vw, 60px\" width=\"60\" height=\"60\"  alt=\"\" \/><\/a><\/div><div class=\"post-content\"><a href=\"https:\/\/weltlaeden.de\/kupferdreh\/faire-ostern-2026\/\">Faire Ostern 2026<\/a><br \/><time class=\"text-secondary\" datetime=\"2026-02-25T13:22:33+01:00\">25. Februar 2026<\/time><\/div><\/article><\/div><div class=\"wf-cell wf-1-2\"><article class=\"post-format-standard\"><div class=\"mini-post-img\"><a class=\"alignleft post-rollover layzr-bg\" href=\"https:\/\/weltlaeden.de\/kupferdreh\/sonderverkauf-schokolade\/\" aria-label=\"Post image\"><img decoding=\"async\" class=\"preload-me lazy-load aspect\" src=\"data:image\/svg+xml,%3Csvg%20xmlns%3D&#39;http%3A%2F%2Fwww.w3.org%2F2000%2Fsvg&#39;%20viewBox%3D&#39;0%200%2060%2060&#39;%2F%3E\" data-src=\"https:\/\/weltlaeden.de\/kupferdreh\/wp-content\/uploads\/sites\/57\/2026\/02\/Salzmandel-60x60.jpg\" data-srcset=\"https:\/\/weltlaeden.de\/kupferdreh\/wp-content\/uploads\/sites\/57\/2026\/02\/Salzmandel-60x60.jpg 60w, https:\/\/weltlaeden.de\/kupferdreh\/wp-content\/uploads\/sites\/57\/2026\/02\/Salzmandel-120x120.jpg 120w\" loading=\"eager\" style=\"--ratio: 60 \/ 60\" sizes=\"(max-width: 60px) 100vw, 60px\" width=\"60\" height=\"60\"  alt=\"\" \/><\/a><\/div><div class=\"post-content\"><a href=\"https:\/\/weltlaeden.de\/kupferdreh\/sonderverkauf-schokolade\/\">Sonderverkauf Schokolade<\/a><br \/><time class=\"text-secondary\" datetime=\"2026-02-13T11:17:16+01:00\">13. Februar 2026<\/time><\/div><\/article><\/div><div class=\"wf-cell wf-1-2\"><article class=\"post-format-standard\"><div class=\"mini-post-img\"><a class=\"alignleft post-rollover no-avatar\" href=\"https:\/\/weltlaeden.de\/kupferdreh\/produkt-des-monats-dezember\/\"  style=\"width:60px; height: 60px;\" aria-label=\"Post image\"><\/a><\/div><div class=\"post-content\"><a href=\"https:\/\/weltlaeden.de\/kupferdreh\/produkt-des-monats-dezember\/\">Produkt des Monats Dezember<\/a><br \/><time class=\"text-secondary\" datetime=\"2025-12-19T16:50:37+01:00\">19. Dezember 2025<\/time><\/div><\/article><\/div><div class=\"wf-cell wf-1-2\"><article class=\"post-format-standard\"><div class=\"mini-post-img\"><a class=\"alignleft post-rollover no-avatar\" href=\"https:\/\/weltlaeden.de\/kupferdreh\/fairer-advent-2025\/\"  style=\"width:60px; height: 60px;\" aria-label=\"Post image\"><\/a><\/div><div class=\"post-content\"><a href=\"https:\/\/weltlaeden.de\/kupferdreh\/fairer-advent-2025\/\">fairer Advent 2025<\/a><br \/><time class=\"text-secondary\" datetime=\"2025-10-29T12:33:09+01:00\">29. Oktober 2025<\/time><\/div><\/article><\/div><div class=\"wf-cell wf-1-2\"><article class=\"post-format-standard\"><div class=\"mini-post-img\"><a class=\"alignleft post-rollover no-avatar\" href=\"https:\/\/weltlaeden.de\/kupferdreh\/produkt-des-monats-november\/\"  style=\"width:60px; height: 60px;\" aria-label=\"Post image\"><\/a><\/div><div class=\"post-content\"><a href=\"https:\/\/weltlaeden.de\/kupferdreh\/produkt-des-monats-november\/\">Produkt des Monats November<\/a><br \/><time class=\"text-secondary\" datetime=\"2025-10-29T12:23:17+01:00\">29. Oktober 2025<\/time><\/div><\/article><\/div><div class=\"wf-cell wf-1-2\"><article class=\"post-format-standard\"><div class=\"mini-post-img\"><a class=\"alignleft post-rollover no-avatar\" href=\"https:\/\/weltlaeden.de\/kupferdreh\/produkt-des-monats-oktober\/\"  style=\"width:60px; height: 60px;\" aria-label=\"Post image\"><\/a><\/div><div class=\"post-content\"><a href=\"https:\/\/weltlaeden.de\/kupferdreh\/produkt-des-monats-oktober\/\">Produkt des Monats Oktober<\/a><br \/><time class=\"text-secondary\" datetime=\"2025-09-30T19:24:16+02:00\">30. September 2025<\/time><\/div><\/article><\/div><\/section><a href=\"https:\/\/weltlaeden.de\/kupferdreh\/neuigkeiten\" class=\"btn-shortcode dt-btn-s dt-btn default-btn-color default-btn-hover-color default-btn-bg-color default-btn-bg-hover-color\" target=\"_blank\" id=\"dt-btn-1\" rel=\"noopener\"><span>Alle Neuigkeiten<\/span><\/a>[\/vc_column][\/vc_row]<\/p>\n<\/div>","protected":false},"excerpt":{"rendered":"<p>[vc_row][vc_column][vc_column_text][\/vc_column_text][\/vc_column][\/vc_row][vc_row][vc_column][vc_empty_space height=&#8220;20px&#8220;][\/vc_column][\/vc_row][vc_row][vc_column][vc_column_text] Willkommen im Weltladen Kupferdreh ! [\/vc_column_text][vc_column_text]Hier k\u00f6nnen Sie nach Herzenslust st\u00f6bern, was im Angebot ist. Sie erfahren mehr \u00fcber den Fairen Handel und&hellip;<\/p>\n","protected":false},"author":1,"featured_media":974,"parent":0,"menu_order":0,"comment_status":"closed","ping_status":"closed","template":"","meta":{"footnotes":""},"class_list":["post-20","page","type-page","status-publish","has-post-thumbnail","hentry","description-off"],"yoast_head":"<!-- This site is optimized with the Yoast SEO plugin v26.8 - https:\/\/yoast.com\/product\/yoast-seo-wordpress\/ -->\n<title>Weltladen Kupferdreh - Weltladen Kupferdreh<\/title>\n<meta name=\"robots\" content=\"index, follow, max-snippet:-1, max-image-preview:large, max-video-preview:-1\" \/>\n<link rel=\"canonical\" href=\"https:\/\/weltlaeden.de\/kupferdreh\/\" \/>\n<meta property=\"og:locale\" content=\"de_DE\" \/>\n<meta property=\"og:type\" content=\"article\" \/>\n<meta property=\"og:title\" content=\"Weltladen Kupferdreh - Weltladen Kupferdreh\" \/>\n<meta property=\"og:description\" content=\"[vc_row][vc_column][vc_column_text][\/vc_column_text][\/vc_column][\/vc_row][vc_row][vc_column][vc_empty_space height=&#8220;20px&#8220;][\/vc_column][\/vc_row][vc_row][vc_column][vc_column_text] Willkommen im Weltladen Kupferdreh ! [\/vc_column_text][vc_column_text]Hier k\u00f6nnen Sie nach Herzenslust st\u00f6bern, was im Angebot ist. Sie erfahren mehr \u00fcber den Fairen Handel und&hellip;\" \/>\n<meta property=\"og:url\" content=\"https:\/\/weltlaeden.de\/kupferdreh\/\" \/>\n<meta property=\"og:site_name\" content=\"Weltladen Kupferdreh\" \/>\n<meta property=\"article:modified_time\" content=\"2025-04-07T08:40:36+00:00\" \/>\n<meta property=\"og:image\" content=\"https:\/\/weltlaeden.de\/kupferdreh\/wp-content\/uploads\/sites\/57\/2024\/02\/2024-Ostertuee-Weltladen-e1708531419361.jpg\" \/>\n\t<meta property=\"og:image:width\" content=\"135\" \/>\n\t<meta property=\"og:image:height\" content=\"204\" \/>\n\t<meta property=\"og:image:type\" content=\"image\/jpeg\" \/>\n<meta name=\"twitter:card\" content=\"summary_large_image\" \/>\n<meta name=\"twitter:label1\" content=\"Gesch\u00e4tzte Lesezeit\" \/>\n\t<meta name=\"twitter:data1\" content=\"3\u00a0Minuten\" \/>\n<script type=\"application\/ld+json\" class=\"yoast-schema-graph\">{\"@context\":\"https:\/\/schema.org\",\"@graph\":[{\"@type\":\"WebPage\",\"@id\":\"https:\/\/weltlaeden.de\/kupferdreh\/\",\"url\":\"https:\/\/weltlaeden.de\/kupferdreh\/\",\"name\":\"Weltladen Kupferdreh - Weltladen Kupferdreh\",\"isPartOf\":{\"@id\":\"https:\/\/weltlaeden.de\/kupferdreh\/#website\"},\"primaryImageOfPage\":{\"@id\":\"https:\/\/weltlaeden.de\/kupferdreh\/#primaryimage\"},\"image\":{\"@id\":\"https:\/\/weltlaeden.de\/kupferdreh\/#primaryimage\"},\"thumbnailUrl\":\"https:\/\/weltlaeden.de\/kupferdreh\/wp-content\/uploads\/sites\/57\/2024\/02\/2024-Ostertuee-Weltladen-e1708531419361.jpg\",\"datePublished\":\"2016-10-14T07:05:21+00:00\",\"dateModified\":\"2025-04-07T08:40:36+00:00\",\"breadcrumb\":{\"@id\":\"https:\/\/weltlaeden.de\/kupferdreh\/#breadcrumb\"},\"inLanguage\":\"de\",\"potentialAction\":[{\"@type\":\"ReadAction\",\"target\":[\"https:\/\/weltlaeden.de\/kupferdreh\/\"]}]},{\"@type\":\"ImageObject\",\"inLanguage\":\"de\",\"@id\":\"https:\/\/weltlaeden.de\/kupferdreh\/#primaryimage\",\"url\":\"https:\/\/weltlaeden.de\/kupferdreh\/wp-content\/uploads\/sites\/57\/2024\/02\/2024-Ostertuee-Weltladen-e1708531419361.jpg\",\"contentUrl\":\"https:\/\/weltlaeden.de\/kupferdreh\/wp-content\/uploads\/sites\/57\/2024\/02\/2024-Ostertuee-Weltladen-e1708531419361.jpg\",\"width\":135,\"height\":204},{\"@type\":\"BreadcrumbList\",\"@id\":\"https:\/\/weltlaeden.de\/kupferdreh\/#breadcrumb\",\"itemListElement\":[{\"@type\":\"ListItem\",\"position\":1,\"name\":\"Startseite\",\"item\":\"https:\/\/weltlaeden.de\/kupferdreh\/\"},{\"@type\":\"ListItem\",\"position\":2,\"name\":\"Weltladen Kupferdreh\"}]},{\"@type\":\"WebSite\",\"@id\":\"https:\/\/weltlaeden.de\/kupferdreh\/#website\",\"url\":\"https:\/\/weltlaeden.de\/kupferdreh\/\",\"name\":\"Vorlage\",\"description\":\"Faire Produkte seit 1994\",\"potentialAction\":[{\"@type\":\"SearchAction\",\"target\":{\"@type\":\"EntryPoint\",\"urlTemplate\":\"https:\/\/weltlaeden.de\/kupferdreh\/?s={search_term_string}\"},\"query-input\":{\"@type\":\"PropertyValueSpecification\",\"valueRequired\":true,\"valueName\":\"search_term_string\"}}],\"inLanguage\":\"de\"}]}<\/script>\n<!-- \/ Yoast SEO plugin. -->","yoast_head_json":{"title":"Weltladen Kupferdreh - Weltladen Kupferdreh","robots":{"index":"index","follow":"follow","max-snippet":"max-snippet:-1","max-image-preview":"max-image-preview:large","max-video-preview":"max-video-preview:-1"},"canonical":"https:\/\/weltlaeden.de\/kupferdreh\/","og_locale":"de_DE","og_type":"article","og_title":"Weltladen Kupferdreh - Weltladen Kupferdreh","og_description":"[vc_row][vc_column][vc_column_text][\/vc_column_text][\/vc_column][\/vc_row][vc_row][vc_column][vc_empty_space height=&#8220;20px&#8220;][\/vc_column][\/vc_row][vc_row][vc_column][vc_column_text] Willkommen im Weltladen Kupferdreh ! [\/vc_column_text][vc_column_text]Hier k\u00f6nnen Sie nach Herzenslust st\u00f6bern, was im Angebot ist. Sie erfahren mehr \u00fcber den Fairen Handel und&hellip;","og_url":"https:\/\/weltlaeden.de\/kupferdreh\/","og_site_name":"Weltladen Kupferdreh","article_modified_time":"2025-04-07T08:40:36+00:00","og_image":[{"width":135,"height":204,"url":"https:\/\/weltlaeden.de\/kupferdreh\/wp-content\/uploads\/sites\/57\/2024\/02\/2024-Ostertuee-Weltladen-e1708531419361.jpg","type":"image\/jpeg"}],"twitter_card":"summary_large_image","twitter_misc":{"Gesch\u00e4tzte Lesezeit":"3\u00a0Minuten"},"schema":{"@context":"https:\/\/schema.org","@graph":[{"@type":"WebPage","@id":"https:\/\/weltlaeden.de\/kupferdreh\/","url":"https:\/\/weltlaeden.de\/kupferdreh\/","name":"Weltladen Kupferdreh - Weltladen Kupferdreh","isPartOf":{"@id":"https:\/\/weltlaeden.de\/kupferdreh\/#website"},"primaryImageOfPage":{"@id":"https:\/\/weltlaeden.de\/kupferdreh\/#primaryimage"},"image":{"@id":"https:\/\/weltlaeden.de\/kupferdreh\/#primaryimage"},"thumbnailUrl":"https:\/\/weltlaeden.de\/kupferdreh\/wp-content\/uploads\/sites\/57\/2024\/02\/2024-Ostertuee-Weltladen-e1708531419361.jpg","datePublished":"2016-10-14T07:05:21+00:00","dateModified":"2025-04-07T08:40:36+00:00","breadcrumb":{"@id":"https:\/\/weltlaeden.de\/kupferdreh\/#breadcrumb"},"inLanguage":"de","potentialAction":[{"@type":"ReadAction","target":["https:\/\/weltlaeden.de\/kupferdreh\/"]}]},{"@type":"ImageObject","inLanguage":"de","@id":"https:\/\/weltlaeden.de\/kupferdreh\/#primaryimage","url":"https:\/\/weltlaeden.de\/kupferdreh\/wp-content\/uploads\/sites\/57\/2024\/02\/2024-Ostertuee-Weltladen-e1708531419361.jpg","contentUrl":"https:\/\/weltlaeden.de\/kupferdreh\/wp-content\/uploads\/sites\/57\/2024\/02\/2024-Ostertuee-Weltladen-e1708531419361.jpg","width":135,"height":204},{"@type":"BreadcrumbList","@id":"https:\/\/weltlaeden.de\/kupferdreh\/#breadcrumb","itemListElement":[{"@type":"ListItem","position":1,"name":"Startseite","item":"https:\/\/weltlaeden.de\/kupferdreh\/"},{"@type":"ListItem","position":2,"name":"Weltladen Kupferdreh"}]},{"@type":"WebSite","@id":"https:\/\/weltlaeden.de\/kupferdreh\/#website","url":"https:\/\/weltlaeden.de\/kupferdreh\/","name":"Vorlage","description":"Faire Produkte seit 1994","potentialAction":[{"@type":"SearchAction","target":{"@type":"EntryPoint","urlTemplate":"https:\/\/weltlaeden.de\/kupferdreh\/?s={search_term_string}"},"query-input":{"@type":"PropertyValueSpecification","valueRequired":true,"valueName":"search_term_string"}}],"inLanguage":"de"}]}},"_links":{"self":[{"href":"https:\/\/weltlaeden.de\/kupferdreh\/wp-json\/wp\/v2\/pages\/20","targetHints":{"allow":["GET"]}}],"collection":[{"href":"https:\/\/weltlaeden.de\/kupferdreh\/wp-json\/wp\/v2\/pages"}],"about":[{"href":"https:\/\/weltlaeden.de\/kupferdreh\/wp-json\/wp\/v2\/types\/page"}],"author":[{"embeddable":true,"href":"https:\/\/weltlaeden.de\/kupferdreh\/wp-json\/wp\/v2\/users\/1"}],"replies":[{"embeddable":true,"href":"https:\/\/weltlaeden.de\/kupferdreh\/wp-json\/wp\/v2\/comments?post=20"}],"version-history":[{"count":128,"href":"https:\/\/weltlaeden.de\/kupferdreh\/wp-json\/wp\/v2\/pages\/20\/revisions"}],"predecessor-version":[{"id":1038,"href":"https:\/\/weltlaeden.de\/kupferdreh\/wp-json\/wp\/v2\/pages\/20\/revisions\/1038"}],"wp:featuredmedia":[{"embeddable":true,"href":"https:\/\/weltlaeden.de\/kupferdreh\/wp-json\/wp\/v2\/media\/974"}],"wp:attachment":[{"href":"https:\/\/weltlaeden.de\/kupferdreh\/wp-json\/wp\/v2\/media?parent=20"}],"curies":[{"name":"wp","href":"https:\/\/api.w.org\/{rel}","templated":true}]}}