{"id":694,"date":"2018-11-15T17:58:54","date_gmt":"2018-11-15T16:58:54","guid":{"rendered":"https:\/\/weltlaeden.de\/korbach\/?page_id=694"},"modified":"2025-08-27T20:01:17","modified_gmt":"2025-08-27T18:01:17","slug":"lebensmittel","status":"publish","type":"page","link":"https:\/\/weltlaeden.de\/korbach\/produkte\/lebensmittel\/","title":{"rendered":"Lebensmittel"},"content":{"rendered":"<div class=\"wpb-content-wrapper\"><p>[vc_row][vc_column width=&#8220;1\/2&#8243;][vc_single_image image=&#8220;1052&#8243; img_size=&#8220;large&#8220; css=&#8220;&#8220;][vc_column_text css=&#8220;&#8220;]Bei unseren fair gehandelten Lebensmitteln finden Sie ein gro\u00dfes Teesortiment, Kaffee f\u00fcr jeden Geschmack, Schokolade in vielen Variationen, interessante Gew\u00fcrzmischungen aus aller Welt und einiges mehr.<\/p>\n<p>Hier kommt auch der Genuss niemals zu kurz[\/vc_column_text][vc_empty_space][\/vc_column][vc_column width=&#8220;1\/2&#8243;][vc_media_grid css=&#8220;&#8220; grid_id=&#8220;vc_gid:1756317632659-7df897fe-46bd-10&#8243; include=&#8220;707,676,609,669,668,667,666,665,664,663,662,661,660,659,658,657,656,655,654,653,652,651,650,649,648,647,646,645,644,1048,1052,1053,1051,802,1063&#8243;][\/vc_column][\/vc_row][vc_row][vc_column][\/vc_column][\/vc_row]<\/p>\n<\/div>","protected":false},"excerpt":{"rendered":"<p>[vc_row][vc_column width=&#8220;1\/2&#8243;][vc_single_image image=&#8220;1052&#8243; img_size=&#8220;large&#8220; css=&#8220;&#8220;][vc_column_text css=&#8220;&#8220;]Bei unseren fair gehandelten Lebensmitteln finden Sie ein gro\u00dfes Teesortiment, Kaffee f\u00fcr jeden Geschmack, Schokolade in vielen Variationen, interessante Gew\u00fcrzmischungen aus aller Welt und einiges mehr. Hier kommt auch der Genuss niemals zu kurz[\/vc_column_text][vc_empty_space][\/vc_column][vc_column width=&#8220;1\/2&#8243;][vc_media_grid css=&#8220;&#8220; grid_id=&#8220;vc_gid:1756317632659-7df897fe-46bd-10&#8243; include=&#8220;707,676,609,669,668,667,666,665,664,663,662,661,660,659,658,657,656,655,654,653,652,651,650,649,648,647,646,645,644,1048,1052,1053,1051,802,1063&#8243;][\/vc_column][\/vc_row][vc_row][vc_column][\/vc_column][\/vc_row]<\/p>\n","protected":false},"author":69,"featured_media":0,"parent":217,"menu_order":0,"comment_status":"closed","ping_status":"closed","template":"","meta":{"footnotes":""},"class_list":["post-694","page","type-page","status-publish","hentry","description-off"],"yoast_head":"<!-- This site is optimized with the Yoast SEO plugin v26.8 - https:\/\/yoast.com\/product\/yoast-seo-wordpress\/ -->\n<title>Lebensmittel - Weltladen Korbach<\/title>\n<meta name=\"description\" content=\"Grosses Teesortiment, Kaffee f\u00fcr jeden Geschmack, Schokolade in vielen Variationen, interessante Gew\u00fcrzmischungen und andere Lebensmittel\" \/>\n<meta name=\"robots\" content=\"index, follow, max-snippet:-1, max-image-preview:large, max-video-preview:-1\" \/>\n<link rel=\"canonical\" href=\"https:\/\/weltlaeden.de\/korbach\/produkte\/lebensmittel\/\" \/>\n<meta property=\"og:locale\" content=\"de_DE\" \/>\n<meta property=\"og:type\" content=\"article\" \/>\n<meta property=\"og:title\" content=\"Lebensmittel - Weltladen Korbach\" \/>\n<meta property=\"og:description\" content=\"Grosses Teesortiment, Kaffee f\u00fcr jeden Geschmack, Schokolade in vielen Variationen, interessante Gew\u00fcrzmischungen und andere Lebensmittel\" \/>\n<meta property=\"og:url\" content=\"https:\/\/weltlaeden.de\/korbach\/produkte\/lebensmittel\/\" \/>\n<meta property=\"og:site_name\" content=\"Weltladen Korbach\" \/>\n<meta property=\"article:publisher\" content=\"https:\/\/www.facebook.com\/WeltladenKorbach\/\" \/>\n<meta property=\"article:modified_time\" content=\"2025-08-27T18:01:17+00:00\" \/>\n<meta name=\"twitter:card\" content=\"summary_large_image\" \/>\n<meta name=\"twitter:label1\" content=\"Gesch\u00e4tzte Lesezeit\" \/>\n\t<meta name=\"twitter:data1\" content=\"8\u00a0Minuten\" \/>\n<script type=\"application\/ld+json\" class=\"yoast-schema-graph\">{\"@context\":\"https:\/\/schema.org\",\"@graph\":[{\"@type\":\"WebPage\",\"@id\":\"https:\/\/weltlaeden.de\/korbach\/produkte\/lebensmittel\/\",\"url\":\"https:\/\/weltlaeden.de\/korbach\/produkte\/lebensmittel\/\",\"name\":\"Lebensmittel - Weltladen Korbach\",\"isPartOf\":{\"@id\":\"https:\/\/weltlaeden.de\/korbach\/#website\"},\"datePublished\":\"2018-11-15T16:58:54+00:00\",\"dateModified\":\"2025-08-27T18:01:17+00:00\",\"description\":\"Grosses Teesortiment, Kaffee f\u00fcr jeden Geschmack, Schokolade in vielen Variationen, interessante Gew\u00fcrzmischungen und andere Lebensmittel\",\"breadcrumb\":{\"@id\":\"https:\/\/weltlaeden.de\/korbach\/produkte\/lebensmittel\/#breadcrumb\"},\"inLanguage\":\"de\",\"potentialAction\":[{\"@type\":\"ReadAction\",\"target\":[\"https:\/\/weltlaeden.de\/korbach\/produkte\/lebensmittel\/\"]}]},{\"@type\":\"BreadcrumbList\",\"@id\":\"https:\/\/weltlaeden.de\/korbach\/produkte\/lebensmittel\/#breadcrumb\",\"itemListElement\":[{\"@type\":\"ListItem\",\"position\":1,\"name\":\"Startseite\",\"item\":\"https:\/\/weltlaeden.de\/korbach\/\"},{\"@type\":\"ListItem\",\"position\":2,\"name\":\"Produkte\",\"item\":\"https:\/\/weltlaeden.de\/korbach\/produkte\/\"},{\"@type\":\"ListItem\",\"position\":3,\"name\":\"Lebensmittel\"}]},{\"@type\":\"WebSite\",\"@id\":\"https:\/\/weltlaeden.de\/korbach\/#website\",\"url\":\"https:\/\/weltlaeden.de\/korbach\/\",\"name\":\"Weltladen Korbach\",\"description\":\"Faire Produkte aus aller Welt seit 1978\",\"publisher\":{\"@id\":\"https:\/\/weltlaeden.de\/korbach\/#organization\"},\"potentialAction\":[{\"@type\":\"SearchAction\",\"target\":{\"@type\":\"EntryPoint\",\"urlTemplate\":\"https:\/\/weltlaeden.de\/korbach\/?s={search_term_string}\"},\"query-input\":{\"@type\":\"PropertyValueSpecification\",\"valueRequired\":true,\"valueName\":\"search_term_string\"}}],\"inLanguage\":\"de\"},{\"@type\":\"Organization\",\"@id\":\"https:\/\/weltlaeden.de\/korbach\/#organization\",\"name\":\"Weltladen Korbach\",\"url\":\"https:\/\/weltlaeden.de\/korbach\/\",\"logo\":{\"@type\":\"ImageObject\",\"inLanguage\":\"de\",\"@id\":\"https:\/\/weltlaeden.de\/korbach\/#\/schema\/logo\/image\/\",\"url\":\"https:\/\/weltlaeden.de\/korbach\/wp-content\/uploads\/sites\/44\/2018\/10\/Korbach-orange-auf-weiss.jpg\",\"contentUrl\":\"https:\/\/weltlaeden.de\/korbach\/wp-content\/uploads\/sites\/44\/2018\/10\/Korbach-orange-auf-weiss.jpg\",\"width\":1112,\"height\":664,\"caption\":\"Weltladen Korbach\"},\"image\":{\"@id\":\"https:\/\/weltlaeden.de\/korbach\/#\/schema\/logo\/image\/\"},\"sameAs\":[\"https:\/\/www.facebook.com\/WeltladenKorbach\/\",\"https:\/\/www.instagram.com\/weltladenkorbach\/\"]}]}<\/script>\n<!-- \/ Yoast SEO plugin. -->","yoast_head_json":{"title":"Lebensmittel - Weltladen Korbach","description":"Grosses Teesortiment, Kaffee f\u00fcr jeden Geschmack, Schokolade in vielen Variationen, interessante Gew\u00fcrzmischungen und andere Lebensmittel","robots":{"index":"index","follow":"follow","max-snippet":"max-snippet:-1","max-image-preview":"max-image-preview:large","max-video-preview":"max-video-preview:-1"},"canonical":"https:\/\/weltlaeden.de\/korbach\/produkte\/lebensmittel\/","og_locale":"de_DE","og_type":"article","og_title":"Lebensmittel - Weltladen Korbach","og_description":"Grosses Teesortiment, Kaffee f\u00fcr jeden Geschmack, Schokolade in vielen Variationen, interessante Gew\u00fcrzmischungen und andere Lebensmittel","og_url":"https:\/\/weltlaeden.de\/korbach\/produkte\/lebensmittel\/","og_site_name":"Weltladen Korbach","article_publisher":"https:\/\/www.facebook.com\/WeltladenKorbach\/","article_modified_time":"2025-08-27T18:01:17+00:00","twitter_card":"summary_large_image","twitter_misc":{"Gesch\u00e4tzte Lesezeit":"8\u00a0Minuten"},"schema":{"@context":"https:\/\/schema.org","@graph":[{"@type":"WebPage","@id":"https:\/\/weltlaeden.de\/korbach\/produkte\/lebensmittel\/","url":"https:\/\/weltlaeden.de\/korbach\/produkte\/lebensmittel\/","name":"Lebensmittel - Weltladen Korbach","isPartOf":{"@id":"https:\/\/weltlaeden.de\/korbach\/#website"},"datePublished":"2018-11-15T16:58:54+00:00","dateModified":"2025-08-27T18:01:17+00:00","description":"Grosses Teesortiment, Kaffee f\u00fcr jeden Geschmack, Schokolade in vielen Variationen, interessante Gew\u00fcrzmischungen und andere Lebensmittel","breadcrumb":{"@id":"https:\/\/weltlaeden.de\/korbach\/produkte\/lebensmittel\/#breadcrumb"},"inLanguage":"de","potentialAction":[{"@type":"ReadAction","target":["https:\/\/weltlaeden.de\/korbach\/produkte\/lebensmittel\/"]}]},{"@type":"BreadcrumbList","@id":"https:\/\/weltlaeden.de\/korbach\/produkte\/lebensmittel\/#breadcrumb","itemListElement":[{"@type":"ListItem","position":1,"name":"Startseite","item":"https:\/\/weltlaeden.de\/korbach\/"},{"@type":"ListItem","position":2,"name":"Produkte","item":"https:\/\/weltlaeden.de\/korbach\/produkte\/"},{"@type":"ListItem","position":3,"name":"Lebensmittel"}]},{"@type":"WebSite","@id":"https:\/\/weltlaeden.de\/korbach\/#website","url":"https:\/\/weltlaeden.de\/korbach\/","name":"Weltladen Korbach","description":"Faire Produkte aus aller Welt seit 1978","publisher":{"@id":"https:\/\/weltlaeden.de\/korbach\/#organization"},"potentialAction":[{"@type":"SearchAction","target":{"@type":"EntryPoint","urlTemplate":"https:\/\/weltlaeden.de\/korbach\/?s={search_term_string}"},"query-input":{"@type":"PropertyValueSpecification","valueRequired":true,"valueName":"search_term_string"}}],"inLanguage":"de"},{"@type":"Organization","@id":"https:\/\/weltlaeden.de\/korbach\/#organization","name":"Weltladen Korbach","url":"https:\/\/weltlaeden.de\/korbach\/","logo":{"@type":"ImageObject","inLanguage":"de","@id":"https:\/\/weltlaeden.de\/korbach\/#\/schema\/logo\/image\/","url":"https:\/\/weltlaeden.de\/korbach\/wp-content\/uploads\/sites\/44\/2018\/10\/Korbach-orange-auf-weiss.jpg","contentUrl":"https:\/\/weltlaeden.de\/korbach\/wp-content\/uploads\/sites\/44\/2018\/10\/Korbach-orange-auf-weiss.jpg","width":1112,"height":664,"caption":"Weltladen Korbach"},"image":{"@id":"https:\/\/weltlaeden.de\/korbach\/#\/schema\/logo\/image\/"},"sameAs":["https:\/\/www.facebook.com\/WeltladenKorbach\/","https:\/\/www.instagram.com\/weltladenkorbach\/"]}]}},"_links":{"self":[{"href":"https:\/\/weltlaeden.de\/korbach\/wp-json\/wp\/v2\/pages\/694","targetHints":{"allow":["GET"]}}],"collection":[{"href":"https:\/\/weltlaeden.de\/korbach\/wp-json\/wp\/v2\/pages"}],"about":[{"href":"https:\/\/weltlaeden.de\/korbach\/wp-json\/wp\/v2\/types\/page"}],"author":[{"embeddable":true,"href":"https:\/\/weltlaeden.de\/korbach\/wp-json\/wp\/v2\/users\/69"}],"replies":[{"embeddable":true,"href":"https:\/\/weltlaeden.de\/korbach\/wp-json\/wp\/v2\/comments?post=694"}],"version-history":[{"count":19,"href":"https:\/\/weltlaeden.de\/korbach\/wp-json\/wp\/v2\/pages\/694\/revisions"}],"predecessor-version":[{"id":1317,"href":"https:\/\/weltlaeden.de\/korbach\/wp-json\/wp\/v2\/pages\/694\/revisions\/1317"}],"up":[{"embeddable":true,"href":"https:\/\/weltlaeden.de\/korbach\/wp-json\/wp\/v2\/pages\/217"}],"wp:attachment":[{"href":"https:\/\/weltlaeden.de\/korbach\/wp-json\/wp\/v2\/media?parent=694"}],"curies":[{"name":"wp","href":"https:\/\/api.w.org\/{rel}","templated":true}]}}