{"id":488,"date":"2018-10-09T17:14:15","date_gmt":"2018-10-09T15:14:15","guid":{"rendered":"https:\/\/weltlaeden.de\/korbach\/?page_id=488"},"modified":"2025-03-23T20:02:49","modified_gmt":"2025-03-23T19:02:49","slug":"lernort","status":"publish","type":"page","link":"https:\/\/weltlaeden.de\/korbach\/lernort\/","title":{"rendered":"Lernort"},"content":{"rendered":"<div class=\"wpb-content-wrapper\"><p>[vc_row][vc_column][vc_single_image image=&#8220;890&#8243; img_size=&#8220;large&#8220; add_caption=&#8220;yes&#8220; css_animation=&#8220;left-to-right&#8220; css=&#8220;&#8220;][vc_column_text css=&#8220;&#8220;]<strong>Der Weltladen als Lernort<\/strong><\/p>\n<p>Der Weltladen Korbach bietet folgende <strong>Angebote f\u00fcr die Bildungsarbeit:<\/strong><\/p>\n<ul>\n<li>Es k\u00f6nnen Materialien entliehen werden zu folgenden Themen: Fairer Handel, Kakao, Bananen, Kaffee, Fu\u00dfball, Baumwolle\/ Bekleidung.<\/li>\n<li>Es besteht die M\u00f6glichkeit mit Schulklassen oder Jugendgruppen, den <strong>Weltladen zu besuchen<\/strong>; dazu gibt es einen ausgearbeiteten Erkundungszirkel.<\/li>\n<li>\u00a0Lehrerinnen und Lehrer k\u00f6nnen sich \u00fcber die Datei &#8222;Fairer Handel in der Schule &#8211; ein <strong>Wegweiser f\u00fcr<\/strong> <strong>Lehrerinnen und Lehrer&#8220;<\/strong> \u00fcber umfangreiches Material informieren.<\/li>\n<\/ul>\n<p>Weltl\u00e4den bieten in vielerlei Hinsicht die M\u00f6glichkeit, Sch\u00fclerInnen Erfahrungen zu\u00a0erm\u00f6glichen, die das unterrichtliche Angebot erweitern k\u00f6nnen.<\/p>\n<p><strong>Globales Lernen<\/strong><\/p>\n<p>So ist etwa der Themenbereich \u201aGlobales Lernen\u2019 sehr anschaulich zu machen an\u00a0den Produkten, die ein Weltladen vertreibt. Aber auch die Begegnung mit Menschen,\u00a0die sich ehrenamtlich im Weltladen f\u00fcr benachteiligte Partner aus den L\u00e4ndern des\u00a0S\u00fcdens einsetzen, kann eine wertvolle Erfahrung f\u00fcr Heranwachsende sein. Auch f\u00fcr\u00a0das <strong>Selbst\u2013aktiv\u2013Werden junger Menschen<\/strong> bieten Weltl\u00e4den immer wieder neue\u00a0M\u00f6glichkeiten.<\/p>\n<p>Aus den Erfahrungen des Korbacher Weltladens m\u00f6chte ich zu den genannten Aspekten\u00a0einige konkrete M\u00f6glichkeiten nennen.\u00a0Ein besonders stark nachgefragtes Angebot ist der Lernzirkel zur <strong>Weltladenerkundung.<\/strong>\u00a0In f\u00fcnf Stationen erfahren die Sch\u00fclerInnen (Klassen 5 bis 9) etwas \u00fcber die\u00a0Idee des Fairen Handels, ProduzentInnen in den L\u00e4ndern des S\u00fcdens (am Beispiel\u00a0der Mangobauern auf den Philippinen), die Handelswege von S\u00fcd nach Nord (am\u00a0Beispiel der Schokolade) und \u00fcber die Arbeitsweise eines Weltladens in der Begegnung\u00a0mit ehrenamtlichen MitarbeiterInnen.<\/p>\n<p><strong>Mitmachen beim Weltladentag<\/strong><\/p>\n<p>Eine M\u00f6glichkeit f\u00fcr Sch\u00fclerInnen, selbst aktiv zu werden, sind die Aktionen zum\u00a0Weltladentag im Mai und der Fairen Woche im September, die der Korbacher Weltladen\u00a0jedes Jahr in Zusammenarbeit mit dem Weltladendachverband durchf\u00fchrt. So\u00a0haben sich etwa im vergangenen Jahr Kinder und Jugendliche am <strong>Fotowettbewerb\u00a0<\/strong>\u201eMeine Faire Welt\u201c beteiligt oder im Rahmen des Themas \u201eAfrikanissmo \u2013 entdecke\u00a0die Vielfalt\u201c ihre unterrichtlichen Ergebnisse in einer Ausstellung anderen Sch\u00fclern\u00a0und der \u00d6ffentlichkeit pr\u00e4sentiert.\u00a0Auch das Medienangebot des Weltladens (Filme, Texte, Anschauungsmaterial u. a.)\u00a0wird von Sch\u00fclerInnen genutzt zur Erarbeitung von Pr\u00e4sentationen f\u00fcr den Unterricht.\u00a0Eine sehr Praxis orientierte M\u00f6glichkeit ist der Betrieb eines <strong>Schulweltladens<\/strong>. Seit sechs\u00a0Jahren verkauft eine AG \u2013 Gruppe der Alten Landesschule t\u00e4glich fair gehandelte\u00a0Waren am Fair Trade \u2013 Point ihrer Schule. Der Weltladen unterst\u00fctzt die\u00a0Gruppe dabei, indem er Waren in Kommission zur Verf\u00fcgung stellt, aber auch mit\u00a0Informationen \u00fcber den Fairen Handel beratend zur Seite steht.<\/p>\n<p>&nbsp;<\/p>\n<hr \/>\n<p><a href=\"https:\/\/weltlaeden.de\/korbach\/wp-content\/uploads\/sites\/44\/2018\/10\/Lernort-Wegweiser.pdf\"><strong>Fairer Handel in der Schule: Ein Wegweiser f\u00fcr Lehrerinnen und Lehrer<\/strong><\/a><\/p>\n<p>(zum Herunterladen bitte anklicken)[\/vc_column_text][\/vc_column][\/vc_row]<\/p>\n<\/div>","protected":false},"excerpt":{"rendered":"<p>[vc_row][vc_column][vc_single_image image=&#8220;890&#8243; img_size=&#8220;large&#8220; add_caption=&#8220;yes&#8220; css_animation=&#8220;left-to-right&#8220; css=&#8220;&#8220;][vc_column_text css=&#8220;&#8220;]Der Weltladen als Lernort Der Weltladen Korbach bietet folgende Angebote f\u00fcr die Bildungsarbeit: Es k\u00f6nnen Materialien entliehen werden zu folgenden Themen: Fairer Handel, Kakao, Bananen, Kaffee, Fu\u00dfball, Baumwolle\/ Bekleidung. Es besteht die M\u00f6glichkeit mit Schulklassen oder Jugendgruppen, den Weltladen zu besuchen; dazu gibt es einen ausgearbeiteten Erkundungszirkel. \u00a0Lehrerinnen und&hellip;<\/p>\n","protected":false},"author":69,"featured_media":0,"parent":0,"menu_order":12,"comment_status":"closed","ping_status":"closed","template":"","meta":{"footnotes":""},"class_list":["post-488","page","type-page","status-publish","hentry","description-off"],"yoast_head":"<!-- This site is optimized with the Yoast SEO plugin v26.8 - https:\/\/yoast.com\/product\/yoast-seo-wordpress\/ -->\n<title>Lernort - Weltladen Korbach<\/title>\n<meta name=\"description\" content=\"Vielf\u00e4ltige Bildungsangebote. Lernmaterialien und Praxisprojekte f\u00f6rdern globales Lernen, sensibilisieren f\u00fcr Fairen Handel.\" \/>\n<meta name=\"robots\" content=\"index, follow, max-snippet:-1, max-image-preview:large, max-video-preview:-1\" \/>\n<link rel=\"canonical\" href=\"https:\/\/weltlaeden.de\/korbach\/lernort\/\" \/>\n<meta property=\"og:locale\" content=\"de_DE\" \/>\n<meta property=\"og:type\" content=\"article\" \/>\n<meta property=\"og:title\" content=\"Lernort - Weltladen Korbach\" \/>\n<meta property=\"og:description\" content=\"Vielf\u00e4ltige Bildungsangebote. Lernmaterialien und Praxisprojekte f\u00f6rdern globales Lernen, sensibilisieren f\u00fcr Fairen Handel.\" \/>\n<meta property=\"og:url\" content=\"https:\/\/weltlaeden.de\/korbach\/lernort\/\" \/>\n<meta property=\"og:site_name\" content=\"Weltladen Korbach\" \/>\n<meta property=\"article:publisher\" content=\"https:\/\/www.facebook.com\/WeltladenKorbach\/\" \/>\n<meta property=\"article:modified_time\" content=\"2025-03-23T19:02:49+00:00\" \/>\n<meta name=\"twitter:card\" content=\"summary_large_image\" \/>\n<meta name=\"twitter:label1\" content=\"Gesch\u00e4tzte Lesezeit\" \/>\n\t<meta name=\"twitter:data1\" content=\"3\u00a0Minuten\" \/>\n<script type=\"application\/ld+json\" class=\"yoast-schema-graph\">{\"@context\":\"https:\/\/schema.org\",\"@graph\":[{\"@type\":\"WebPage\",\"@id\":\"https:\/\/weltlaeden.de\/korbach\/lernort\/\",\"url\":\"https:\/\/weltlaeden.de\/korbach\/lernort\/\",\"name\":\"Lernort - Weltladen Korbach\",\"isPartOf\":{\"@id\":\"https:\/\/weltlaeden.de\/korbach\/#website\"},\"datePublished\":\"2018-10-09T15:14:15+00:00\",\"dateModified\":\"2025-03-23T19:02:49+00:00\",\"description\":\"Vielf\u00e4ltige Bildungsangebote. Lernmaterialien und Praxisprojekte f\u00f6rdern globales Lernen, sensibilisieren f\u00fcr Fairen Handel.\",\"breadcrumb\":{\"@id\":\"https:\/\/weltlaeden.de\/korbach\/lernort\/#breadcrumb\"},\"inLanguage\":\"de\",\"potentialAction\":[{\"@type\":\"ReadAction\",\"target\":[\"https:\/\/weltlaeden.de\/korbach\/lernort\/\"]}]},{\"@type\":\"BreadcrumbList\",\"@id\":\"https:\/\/weltlaeden.de\/korbach\/lernort\/#breadcrumb\",\"itemListElement\":[{\"@type\":\"ListItem\",\"position\":1,\"name\":\"Startseite\",\"item\":\"https:\/\/weltlaeden.de\/korbach\/\"},{\"@type\":\"ListItem\",\"position\":2,\"name\":\"Lernort\"}]},{\"@type\":\"WebSite\",\"@id\":\"https:\/\/weltlaeden.de\/korbach\/#website\",\"url\":\"https:\/\/weltlaeden.de\/korbach\/\",\"name\":\"Weltladen Korbach\",\"description\":\"Faire Produkte aus aller Welt seit 1978\",\"publisher\":{\"@id\":\"https:\/\/weltlaeden.de\/korbach\/#organization\"},\"potentialAction\":[{\"@type\":\"SearchAction\",\"target\":{\"@type\":\"EntryPoint\",\"urlTemplate\":\"https:\/\/weltlaeden.de\/korbach\/?s={search_term_string}\"},\"query-input\":{\"@type\":\"PropertyValueSpecification\",\"valueRequired\":true,\"valueName\":\"search_term_string\"}}],\"inLanguage\":\"de\"},{\"@type\":\"Organization\",\"@id\":\"https:\/\/weltlaeden.de\/korbach\/#organization\",\"name\":\"Weltladen Korbach\",\"url\":\"https:\/\/weltlaeden.de\/korbach\/\",\"logo\":{\"@type\":\"ImageObject\",\"inLanguage\":\"de\",\"@id\":\"https:\/\/weltlaeden.de\/korbach\/#\/schema\/logo\/image\/\",\"url\":\"https:\/\/weltlaeden.de\/korbach\/wp-content\/uploads\/sites\/44\/2018\/10\/Korbach-orange-auf-weiss.jpg\",\"contentUrl\":\"https:\/\/weltlaeden.de\/korbach\/wp-content\/uploads\/sites\/44\/2018\/10\/Korbach-orange-auf-weiss.jpg\",\"width\":1112,\"height\":664,\"caption\":\"Weltladen Korbach\"},\"image\":{\"@id\":\"https:\/\/weltlaeden.de\/korbach\/#\/schema\/logo\/image\/\"},\"sameAs\":[\"https:\/\/www.facebook.com\/WeltladenKorbach\/\",\"https:\/\/www.instagram.com\/weltladenkorbach\/\"]}]}<\/script>\n<!-- \/ Yoast SEO plugin. -->","yoast_head_json":{"title":"Lernort - Weltladen Korbach","description":"Vielf\u00e4ltige Bildungsangebote. Lernmaterialien und Praxisprojekte f\u00f6rdern globales Lernen, sensibilisieren f\u00fcr Fairen Handel.","robots":{"index":"index","follow":"follow","max-snippet":"max-snippet:-1","max-image-preview":"max-image-preview:large","max-video-preview":"max-video-preview:-1"},"canonical":"https:\/\/weltlaeden.de\/korbach\/lernort\/","og_locale":"de_DE","og_type":"article","og_title":"Lernort - Weltladen Korbach","og_description":"Vielf\u00e4ltige Bildungsangebote. Lernmaterialien und Praxisprojekte f\u00f6rdern globales Lernen, sensibilisieren f\u00fcr Fairen Handel.","og_url":"https:\/\/weltlaeden.de\/korbach\/lernort\/","og_site_name":"Weltladen Korbach","article_publisher":"https:\/\/www.facebook.com\/WeltladenKorbach\/","article_modified_time":"2025-03-23T19:02:49+00:00","twitter_card":"summary_large_image","twitter_misc":{"Gesch\u00e4tzte Lesezeit":"3\u00a0Minuten"},"schema":{"@context":"https:\/\/schema.org","@graph":[{"@type":"WebPage","@id":"https:\/\/weltlaeden.de\/korbach\/lernort\/","url":"https:\/\/weltlaeden.de\/korbach\/lernort\/","name":"Lernort - Weltladen Korbach","isPartOf":{"@id":"https:\/\/weltlaeden.de\/korbach\/#website"},"datePublished":"2018-10-09T15:14:15+00:00","dateModified":"2025-03-23T19:02:49+00:00","description":"Vielf\u00e4ltige Bildungsangebote. Lernmaterialien und Praxisprojekte f\u00f6rdern globales Lernen, sensibilisieren f\u00fcr Fairen Handel.","breadcrumb":{"@id":"https:\/\/weltlaeden.de\/korbach\/lernort\/#breadcrumb"},"inLanguage":"de","potentialAction":[{"@type":"ReadAction","target":["https:\/\/weltlaeden.de\/korbach\/lernort\/"]}]},{"@type":"BreadcrumbList","@id":"https:\/\/weltlaeden.de\/korbach\/lernort\/#breadcrumb","itemListElement":[{"@type":"ListItem","position":1,"name":"Startseite","item":"https:\/\/weltlaeden.de\/korbach\/"},{"@type":"ListItem","position":2,"name":"Lernort"}]},{"@type":"WebSite","@id":"https:\/\/weltlaeden.de\/korbach\/#website","url":"https:\/\/weltlaeden.de\/korbach\/","name":"Weltladen Korbach","description":"Faire Produkte aus aller Welt seit 1978","publisher":{"@id":"https:\/\/weltlaeden.de\/korbach\/#organization"},"potentialAction":[{"@type":"SearchAction","target":{"@type":"EntryPoint","urlTemplate":"https:\/\/weltlaeden.de\/korbach\/?s={search_term_string}"},"query-input":{"@type":"PropertyValueSpecification","valueRequired":true,"valueName":"search_term_string"}}],"inLanguage":"de"},{"@type":"Organization","@id":"https:\/\/weltlaeden.de\/korbach\/#organization","name":"Weltladen Korbach","url":"https:\/\/weltlaeden.de\/korbach\/","logo":{"@type":"ImageObject","inLanguage":"de","@id":"https:\/\/weltlaeden.de\/korbach\/#\/schema\/logo\/image\/","url":"https:\/\/weltlaeden.de\/korbach\/wp-content\/uploads\/sites\/44\/2018\/10\/Korbach-orange-auf-weiss.jpg","contentUrl":"https:\/\/weltlaeden.de\/korbach\/wp-content\/uploads\/sites\/44\/2018\/10\/Korbach-orange-auf-weiss.jpg","width":1112,"height":664,"caption":"Weltladen Korbach"},"image":{"@id":"https:\/\/weltlaeden.de\/korbach\/#\/schema\/logo\/image\/"},"sameAs":["https:\/\/www.facebook.com\/WeltladenKorbach\/","https:\/\/www.instagram.com\/weltladenkorbach\/"]}]}},"_links":{"self":[{"href":"https:\/\/weltlaeden.de\/korbach\/wp-json\/wp\/v2\/pages\/488","targetHints":{"allow":["GET"]}}],"collection":[{"href":"https:\/\/weltlaeden.de\/korbach\/wp-json\/wp\/v2\/pages"}],"about":[{"href":"https:\/\/weltlaeden.de\/korbach\/wp-json\/wp\/v2\/types\/page"}],"author":[{"embeddable":true,"href":"https:\/\/weltlaeden.de\/korbach\/wp-json\/wp\/v2\/users\/69"}],"replies":[{"embeddable":true,"href":"https:\/\/weltlaeden.de\/korbach\/wp-json\/wp\/v2\/comments?post=488"}],"version-history":[{"count":14,"href":"https:\/\/weltlaeden.de\/korbach\/wp-json\/wp\/v2\/pages\/488\/revisions"}],"predecessor-version":[{"id":1005,"href":"https:\/\/weltlaeden.de\/korbach\/wp-json\/wp\/v2\/pages\/488\/revisions\/1005"}],"wp:attachment":[{"href":"https:\/\/weltlaeden.de\/korbach\/wp-json\/wp\/v2\/media?parent=488"}],"curies":[{"name":"wp","href":"https:\/\/api.w.org\/{rel}","templated":true}]}}