{"id":23,"date":"2026-03-03T15:00:57","date_gmt":"2026-03-03T14:00:57","guid":{"rendered":"https:\/\/wl.heimpixel.de\/vorlage\/termine\/"},"modified":"2026-02-06T13:07:02","modified_gmt":"2026-02-06T12:07:02","slug":"termine","status":"publish","type":"page","link":"https:\/\/weltlaeden.de\/korbach\/termine\/","title":{"rendered":"Vernetzungstreffen der Weltl\u00e4den"},"content":{"rendered":"<div class=\"wpb-content-wrapper\"><p>[vc_row][vc_column]<div class=\"wl_einzelbild\"><p><img loading=\"lazy\" decoding=\"async\" class=\"alignnone wp-image-1027\" src=\"https:\/\/weltlaeden.de\/korbach\/wp-content\/uploads\/sites\/44\/2025\/03\/paper-3111886_1920-300x146.jpg\" alt=\"\" width=\"774\" height=\"377\" srcset=\"https:\/\/weltlaeden.de\/korbach\/wp-content\/uploads\/sites\/44\/2025\/03\/paper-3111886_1920-300x146.jpg 300w, https:\/\/weltlaeden.de\/korbach\/wp-content\/uploads\/sites\/44\/2025\/03\/paper-3111886_1920-768x374.jpg 768w, https:\/\/weltlaeden.de\/korbach\/wp-content\/uploads\/sites\/44\/2025\/03\/paper-3111886_1920.jpg 804w\" sizes=\"auto, (max-width: 774px) 100vw, 774px\" \/><\/p><\/div>[vc_empty_space height=&#8220;30px&#8220;][vc_column_text]<\/p>\n<h1>Termine<\/h1>\n<h4><\/h4>\n<p>[\/vc_column_text][\/vc_column][\/vc_row][vc_row][vc_column width=&#8220;2\/3&#8243;][vc_column_text]<\/p>\n<h2>Kommende Termine<\/h2>\n<p>[\/vc_column_text]<ul class=\"termine-page current aktuell\"><li><h5 class=\"termine-titel\"><a href=\"https:\/\/weltlaeden.de\/korbach\/termin\/1408\/\">Multivisionsshow Ostafrika mit LobOlmo<\/a><\/h5><p class=\"termine-date\">Fr., 08.05.2026, 19:30<\/p><p class=\"termine-auszug\">08.05.2026, 19.30 Uhr im B\u00fcrgerhaus Korbach Wir lernen die faszinierende Welt Ostafrikas kennen und besuchen Fair-Trade-Produzenten und andere Menschen vor Ort. LobOlmo zeigt, wie ihre Gastgeber leben und arbeiten, was sie gl\u00fccklich macht und was sie \u00e4rgert. Mehr dazu auf lobolmo.de.<\/li><li><h5 class=\"termine-titel\"><a href=\"https:\/\/weltlaeden.de\/korbach\/termin\/weltladentag-2026-am-9-mai\/\">Weltladentag 2026, am 9. Mai<\/a><\/h5><p class=\"termine-date\">Sa., 09.05.2026, 17:00<\/p><p class=\"termine-auszug\">Weltladentag 2026 Am 9. Mai ist wieder Weltladentag! \"Fair fruchtet\" hei\u00dft das Motto und entsprechend geht es um den weltweiten Handel mit Fr\u00fcchten. Hier insbesondere um Bananen, Ananas, Mango und Orangen. Es geht um menschenw\u00fcrdige Arbeitsbedingungen und langfristige Perspektiven f\u00fcr die Obstbauern weltweit. Bei uns im Weltladen finden Sie ein faires Sortiment Trockenfr\u00fcchte und am Samstag, 9.5.,\u00a0 k\u00f6nnen Sie diese auch gratis probieren! Mehr zu den Zielen und Hintergr\u00fcnden dieses Aktionstages unter <a href=\"https:\/\/service.weltladen.de\/kampagnen-aktionen\/weltladentag\/weltladentag-2026\/\">Fair fruchtet! | Weltladen-Dachverband<\/a>.<\/li><\/ul>[vc_empty_space height=&#8220;30px&#8220;][vc_column_text]<\/p>\n<h2>Vergangene Termine<\/h2>\n<p>[\/vc_column_text]<ul class=\"termine-page past vergangen\"><li><h5 class=\"termine-titel\"><a href=\"https:\/\/weltlaeden.de\/korbach\/termin\/fruehlingsfest-der-hanse\/\">Fr\u00fchlingsfest der Hanse<\/a><\/h5><p class=\"termine-date\">Sa., 18.04.2026, 10:00<\/p><p class=\"termine-auszug\">Beim Fr\u00fchlingsfest der Korbacher Hanse hat der Weltladen einen Info- und Verkaufsstand in der Fussg\u00e4ngerzone, am Samstag, 18.4. Mehr dazu auf der website von Korbach: <a href=\"https:\/\/www.korbach.de\/Tourismus\/Erlebnisse\/Veranstaltungen\/Fr%C3%BChlingsfest-der-Korbacher-Hanse.php?object=tx,3889.4.1&amp;ModID=11&amp;FID=3889.167355.1&amp;NavID=3889.65.1&amp;La=1\">https:\/\/www.korbach.de\/Tourismus\/Erlebnisse\/Veranstaltungen\/Fr%C3%BChlingsfest-der-Korbacher-Hanse.php?object=tx,3889.4.1&amp;ModID=11&amp;FID=3889.167355.1&amp;NavID=3889.65.1&amp;La=1<\/a><\/li><li><h5 class=\"termine-titel\"><a href=\"https:\/\/weltlaeden.de\/korbach\/termin\/faire-woche\/\">Faire Woche<\/a><\/h5><p class=\"termine-date\">Fr., 26.09.2025, 10:00 bis 26.09.2025, 18:00<\/p><p class=\"termine-auszug\">Die faire Woche findet dieses Jahr vom 12. bis 26. September statt. Alle Interessierten sind eingeladen, die Vielfalt es Fairen Handels zu erleben und zu feiern. Im Weltladen Korbach werden am Freitag, 26. September, verschiedene Aktionen stattfinden: Ein Gewinnspiel zur fairen Woche und Mitmach-Aktion: \"Was bedeutet Vielfalt f\u00fcr mich?\" Probieraktion mit Mango, Schokolade und Knabbereien aus fairem Handel Eine Unterschriftenliste zum Lieferkettengesetz Faires Mittagessen in der Kostbar (Dienstag bis Freitag) Am Sonntag findet in der Markuskirche ein Gottesdienst zum Thema statt. <a href=\"http:\/\/www.faire-woche.de\">http:\/\/www.faire-woche.de<\/a> https:\/\/weltlaeden.de\/korbach\/faire-woche-2025-vielfalt\/<\/li><li><h5 class=\"termine-titel\"><a href=\"https:\/\/weltlaeden.de\/korbach\/termin\/tag-der-vielfalt\/\">Tag der Vielfalt<\/a><\/h5><p class=\"termine-date\">Sa., 16.08.2025, 18:00<\/p><p class=\"termine-auszug\">&nbsp; Samstag, 16. August, von 18 bis 22 Uhr zeigt der Korbacher Stadtpark, wie offen die Stadt f\u00fcr kulturelle Vielfalt ist. Erleben Sie Livemusik aus Brasilien, Lateinamerika und Russland. Die Steuerungsgruppe Fairtrade Stadt Korbach erwartet Sie mit einem Info- und Aktionsstand. Der Weltladen Korbach pr\u00e4sentiert ein Mitmach-Spiel mit Produkten aus verschiendensten L\u00e4ndern der Welt. Eritreische Frauen servieren Kaffee nach einem alten Ritus und bereiten Fladenbrot. Es darf probiert werden! Auch weitere Speisen und Getr\u00e4nke werden angeboten. Wir freuen uns auf viele interessierte G\u00e4ste! &nbsp; Unser Infostand mit Weltkarte, im Hintergrund die Frauen aus Eritrea beim Kaffeer\u00f6sten. Bericht in der WLZ vom 20.08. von HPO. &nbsp;<\/li><li><h5 class=\"termine-titel\"><a href=\"https:\/\/weltlaeden.de\/korbach\/termin\/weltladentag\/\">Weltladentag<\/a><\/h5><p class=\"termine-date\">Sa., 10.05.2025, 10:00 bis 14.05.2025, 10:29<\/p><p class=\"termine-auszug\"><strong>Der Weltladentag 2025<\/strong> findet am 10. Mai u.a. in Korbach statt. Wie jeden 2. Samstag im Mai finden bundesweit vielz\u00e4hlige Kampagnen-Aktionen statt, um auf das gemeinsame Anliegen des Fairen Handels aufmerksam zu machen. In Korbach wird ein Infostand in der Fu\u00dfg\u00e4ngerzone sein (10 bis 13 Uhr) und verschiedene Aktivit\u00e4ten zum Mitmachen anbieten. Im Weltladen findet eine Schokoladen-Verkostung statt. Dieses Jahr steht der Weltladentag unter dem Motto: <p style=\"text-align: left\"><strong>\"Schoki f\u00fcr's Klima? Kauf ich euch ab!\"<\/strong><\/p> Weiteres dazu findet ihr unter <a href=\"http:\/\/www.weltlaeden.de\/veranstaltungen\">www.weltlaeden.de\/veranstaltungen<\/a><\/li><li><h5 class=\"termine-titel\"><a href=\"https:\/\/weltlaeden.de\/korbach\/termin\/kaffeeroesterei-tatico\/\">Kaffeer\u00f6sterei Tatico<\/a><\/h5><p class=\"termine-date\">Do., 24.04.2025, 15:00 bis 25.04.2025, 10:16<\/p><p class=\"termine-auszug\">Am 24. April ist die die Kaffeer\u00f6sterei Tatico aus Brakel zu Besuch im Weltladen. Tatico bezieht seine Kaffeebohnen direkt von kleinen Erzeugerkooperativen in Honduras und Mexiko. Daraus werden in einem besonderen R\u00f6stverfahren verschiedene, hochwertige Kaffeespezialit\u00e4ten hergestellt. Auch die Verpackung und der Versand erfolgt hier. (<a href=\"http:\/\/www.tatico.de\">www.tatico.de<\/a>) Bei einer sehr aufschlu\u00dfreichen Kaffeeverkostung erfuhren wir sehr viel \u00fcber die Art und Weise, wie wahre Someliers ihren Kaffee zubereiten. wir konnten vergleichen zwischen Filterkaffee und French Press-Aufbr\u00fchung. Es gab frisch gemahlenen Kaffee aus Honduras und aus Mexiko. Um <strong>18.00 Uhr ein interessanter Vortrag der Betriebsleiterin von Tatico,<\/strong> die selbst k\u00fcrzlich in Hoduras war. Daf\u00fcr stellte uns die \"Kostbar\" in der Oberstrasse 2 einen Raum zur Verf\u00fcgung.<p class=termine-ort\"><small>Ort: <i>Weltladen<\/i><\/small><\/p><\/li><li><h5 class=\"termine-titel\"><a href=\"https:\/\/weltlaeden.de\/korbach\/termin\/multivisionsshow-mit-lobolmo\/\">Multivisionsshow mit LobOlmo<\/a><\/h5><p class=\"termine-date\">Fr., 27.10.2023, 19:30<\/p><p class=\"termine-auszug\"><\/li><li><h5 class=\"termine-titel\"><a href=\"https:\/\/weltlaeden.de\/korbach\/termin\/faire-woche-2023\/\">Faire Woche 2023<\/a><\/h5><p class=\"termine-date\">Mi., 27.09.2023, 16:30<\/p><p class=\"termine-auszug\"><\/li><li><h5 class=\"termine-titel\"><a href=\"https:\/\/weltlaeden.de\/korbach\/termin\/stadtrallye-zur-fairen-woche\/\">Stadtrallye zur Fairen Woche<\/a><\/h5><p class=\"termine-date\">Fr., 11.09.2020 bis 25.09.2020, 18:00<\/p><p class=\"termine-auszug\">\" Erstmals gibt es zur Fairen Woche eine Stadtrallye. Das soll in der Corona-Zeit nicht nur Menschenaufl\u00e4ufe vermeiden. Man wolle damit auch m\u00f6glichst niedrigschwellig informieren, sagt Marc M\u00fcllenhoff, Korbacher Stadtmarketing, der im Arbeitskreis \u201eFairer Handel\u201c engagiert ist. Denn die Stationen der Rallye begegnen bis zum 25. September vielen Korbachern bei ihren Erledigungen. So ist neben dem Weltladen auch Tegut Korbach dabei, die Stadtb\u00fccherei, das Bistro Kostbar, das Gesch\u00e4ft Greenstories und die Korbach-Info. Dort liegen B\u00f6gen f\u00fcr die Teilnehmer der Rallye aus. Diese gibt es aber auch \u00fcber die Facebook-Seite Korbach erleben.\u00a0\" (WLZ v. 11.09.2020)<\/li><\/ul>[\/vc_column][\/vc_row]<\/p>\n<\/div>","protected":false},"excerpt":{"rendered":"<p>[vc_row][vc_column][vc_empty_space height=&#8220;30px&#8220;][vc_column_text] Termine [\/vc_column_text][\/vc_column][\/vc_row][vc_row][vc_column width=&#8220;2\/3&#8243;][vc_column_text] Kommende Termine [\/vc_column_text][vc_empty_space height=&#8220;30px&#8220;][vc_column_text] Vergangene Termine [\/vc_column_text][\/vc_column][\/vc_row]<\/p>\n","protected":false},"author":1,"featured_media":0,"parent":0,"menu_order":10,"comment_status":"closed","ping_status":"closed","template":"","meta":{"footnotes":""},"class_list":["post-23","page","type-page","status-publish","hentry","description-off"],"yoast_head":"<!-- This site is optimized with the Yoast SEO plugin v26.8 - https:\/\/yoast.com\/product\/yoast-seo-wordpress\/ -->\n<title>Vernetzungstreffen der Weltl\u00e4den - Weltladen Korbach<\/title>\n<meta name=\"description\" content=\"Weltladentag 2025, Faire Woche in Korbach, Informationen \u00fcber vergangene Aktionen f\u00fcr eine gerechtere Welt.\" \/>\n<meta name=\"robots\" content=\"index, follow, max-snippet:-1, max-image-preview:large, max-video-preview:-1\" \/>\n<link rel=\"canonical\" href=\"https:\/\/weltlaeden.de\/korbach\/termine\/\" \/>\n<meta property=\"og:locale\" content=\"de_DE\" \/>\n<meta property=\"og:type\" content=\"article\" \/>\n<meta property=\"og:title\" content=\"Vernetzungstreffen der Weltl\u00e4den - Weltladen Korbach\" \/>\n<meta property=\"og:description\" content=\"Weltladentag 2025, Faire Woche in Korbach, Informationen \u00fcber vergangene Aktionen f\u00fcr eine gerechtere Welt.\" \/>\n<meta property=\"og:url\" content=\"https:\/\/weltlaeden.de\/korbach\/termine\/\" \/>\n<meta property=\"og:site_name\" content=\"Weltladen Korbach\" \/>\n<meta property=\"article:publisher\" content=\"https:\/\/www.facebook.com\/WeltladenKorbach\/\" \/>\n<meta property=\"og:image\" content=\"https:\/\/weltlaeden.de\/korbach\/wp-content\/uploads\/sites\/44\/2025\/03\/paper-3111886_1920.jpg\" \/>\n\t<meta property=\"og:image:width\" content=\"804\" \/>\n\t<meta property=\"og:image:height\" content=\"392\" \/>\n\t<meta property=\"og:image:type\" content=\"image\/jpeg\" \/>\n<meta name=\"twitter:card\" content=\"summary_large_image\" \/>\n<meta name=\"twitter:label1\" content=\"Gesch\u00e4tzte Lesezeit\" \/>\n\t<meta name=\"twitter:data1\" content=\"1\u00a0Minute\" \/>\n<script type=\"application\/ld+json\" class=\"yoast-schema-graph\">{\"@context\":\"https:\/\/schema.org\",\"@graph\":[{\"@type\":\"WebPage\",\"@id\":\"https:\/\/weltlaeden.de\/korbach\/termine\/\",\"url\":\"https:\/\/weltlaeden.de\/korbach\/termine\/\",\"name\":\"Vernetzungstreffen der Weltl\u00e4den - Weltladen Korbach\",\"isPartOf\":{\"@id\":\"https:\/\/weltlaeden.de\/korbach\/#website\"},\"primaryImageOfPage\":{\"@id\":\"https:\/\/weltlaeden.de\/korbach\/termine\/#primaryimage\"},\"image\":{\"@id\":\"https:\/\/weltlaeden.de\/korbach\/termine\/#primaryimage\"},\"thumbnailUrl\":\"https:\/\/weltlaeden.de\/korbach\/wp-content\/uploads\/sites\/44\/2025\/03\/paper-3111886_1920-300x146.jpg\",\"datePublished\":\"2026-03-03T14:00:57+00:00\",\"description\":\"Weltladentag 2025, Faire Woche in Korbach, Informationen \u00fcber vergangene Aktionen f\u00fcr eine gerechtere Welt.\",\"breadcrumb\":{\"@id\":\"https:\/\/weltlaeden.de\/korbach\/termine\/#breadcrumb\"},\"inLanguage\":\"de\",\"potentialAction\":[{\"@type\":\"ReadAction\",\"target\":[\"https:\/\/weltlaeden.de\/korbach\/termine\/\"]}]},{\"@type\":\"ImageObject\",\"inLanguage\":\"de\",\"@id\":\"https:\/\/weltlaeden.de\/korbach\/termine\/#primaryimage\",\"url\":\"https:\/\/weltlaeden.de\/korbach\/wp-content\/uploads\/sites\/44\/2025\/03\/paper-3111886_1920.jpg\",\"contentUrl\":\"https:\/\/weltlaeden.de\/korbach\/wp-content\/uploads\/sites\/44\/2025\/03\/paper-3111886_1920.jpg\",\"width\":804,\"height\":392},{\"@type\":\"BreadcrumbList\",\"@id\":\"https:\/\/weltlaeden.de\/korbach\/termine\/#breadcrumb\",\"itemListElement\":[{\"@type\":\"ListItem\",\"position\":1,\"name\":\"Startseite\",\"item\":\"https:\/\/weltlaeden.de\/korbach\/\"},{\"@type\":\"ListItem\",\"position\":2,\"name\":\"Vernetzungstreffen der Weltl\u00e4den\"}]},{\"@type\":\"WebSite\",\"@id\":\"https:\/\/weltlaeden.de\/korbach\/#website\",\"url\":\"https:\/\/weltlaeden.de\/korbach\/\",\"name\":\"Weltladen Korbach\",\"description\":\"Faire Produkte aus aller Welt seit 1978\",\"publisher\":{\"@id\":\"https:\/\/weltlaeden.de\/korbach\/#organization\"},\"potentialAction\":[{\"@type\":\"SearchAction\",\"target\":{\"@type\":\"EntryPoint\",\"urlTemplate\":\"https:\/\/weltlaeden.de\/korbach\/?s={search_term_string}\"},\"query-input\":{\"@type\":\"PropertyValueSpecification\",\"valueRequired\":true,\"valueName\":\"search_term_string\"}}],\"inLanguage\":\"de\"},{\"@type\":\"Organization\",\"@id\":\"https:\/\/weltlaeden.de\/korbach\/#organization\",\"name\":\"Weltladen Korbach\",\"url\":\"https:\/\/weltlaeden.de\/korbach\/\",\"logo\":{\"@type\":\"ImageObject\",\"inLanguage\":\"de\",\"@id\":\"https:\/\/weltlaeden.de\/korbach\/#\/schema\/logo\/image\/\",\"url\":\"https:\/\/weltlaeden.de\/korbach\/wp-content\/uploads\/sites\/44\/2018\/10\/Korbach-orange-auf-weiss.jpg\",\"contentUrl\":\"https:\/\/weltlaeden.de\/korbach\/wp-content\/uploads\/sites\/44\/2018\/10\/Korbach-orange-auf-weiss.jpg\",\"width\":1112,\"height\":664,\"caption\":\"Weltladen Korbach\"},\"image\":{\"@id\":\"https:\/\/weltlaeden.de\/korbach\/#\/schema\/logo\/image\/\"},\"sameAs\":[\"https:\/\/www.facebook.com\/WeltladenKorbach\/\",\"https:\/\/www.instagram.com\/weltladenkorbach\/\"]}]}<\/script>\n<!-- \/ Yoast SEO plugin. -->","yoast_head_json":{"title":"Vernetzungstreffen der Weltl\u00e4den - Weltladen Korbach","description":"Weltladentag 2025, Faire Woche in Korbach, Informationen \u00fcber vergangene Aktionen f\u00fcr eine gerechtere Welt.","robots":{"index":"index","follow":"follow","max-snippet":"max-snippet:-1","max-image-preview":"max-image-preview:large","max-video-preview":"max-video-preview:-1"},"canonical":"https:\/\/weltlaeden.de\/korbach\/termine\/","og_locale":"de_DE","og_type":"article","og_title":"Vernetzungstreffen der Weltl\u00e4den - Weltladen Korbach","og_description":"Weltladentag 2025, Faire Woche in Korbach, Informationen \u00fcber vergangene Aktionen f\u00fcr eine gerechtere Welt.","og_url":"https:\/\/weltlaeden.de\/korbach\/termine\/","og_site_name":"Weltladen Korbach","article_publisher":"https:\/\/www.facebook.com\/WeltladenKorbach\/","og_image":[{"width":804,"height":392,"url":"https:\/\/weltlaeden.de\/korbach\/wp-content\/uploads\/sites\/44\/2025\/03\/paper-3111886_1920.jpg","type":"image\/jpeg"}],"twitter_card":"summary_large_image","twitter_misc":{"Gesch\u00e4tzte Lesezeit":"1\u00a0Minute"},"schema":{"@context":"https:\/\/schema.org","@graph":[{"@type":"WebPage","@id":"https:\/\/weltlaeden.de\/korbach\/termine\/","url":"https:\/\/weltlaeden.de\/korbach\/termine\/","name":"Vernetzungstreffen der Weltl\u00e4den - Weltladen Korbach","isPartOf":{"@id":"https:\/\/weltlaeden.de\/korbach\/#website"},"primaryImageOfPage":{"@id":"https:\/\/weltlaeden.de\/korbach\/termine\/#primaryimage"},"image":{"@id":"https:\/\/weltlaeden.de\/korbach\/termine\/#primaryimage"},"thumbnailUrl":"https:\/\/weltlaeden.de\/korbach\/wp-content\/uploads\/sites\/44\/2025\/03\/paper-3111886_1920-300x146.jpg","datePublished":"2026-03-03T14:00:57+00:00","description":"Weltladentag 2025, Faire Woche in Korbach, Informationen \u00fcber vergangene Aktionen f\u00fcr eine gerechtere Welt.","breadcrumb":{"@id":"https:\/\/weltlaeden.de\/korbach\/termine\/#breadcrumb"},"inLanguage":"de","potentialAction":[{"@type":"ReadAction","target":["https:\/\/weltlaeden.de\/korbach\/termine\/"]}]},{"@type":"ImageObject","inLanguage":"de","@id":"https:\/\/weltlaeden.de\/korbach\/termine\/#primaryimage","url":"https:\/\/weltlaeden.de\/korbach\/wp-content\/uploads\/sites\/44\/2025\/03\/paper-3111886_1920.jpg","contentUrl":"https:\/\/weltlaeden.de\/korbach\/wp-content\/uploads\/sites\/44\/2025\/03\/paper-3111886_1920.jpg","width":804,"height":392},{"@type":"BreadcrumbList","@id":"https:\/\/weltlaeden.de\/korbach\/termine\/#breadcrumb","itemListElement":[{"@type":"ListItem","position":1,"name":"Startseite","item":"https:\/\/weltlaeden.de\/korbach\/"},{"@type":"ListItem","position":2,"name":"Vernetzungstreffen der Weltl\u00e4den"}]},{"@type":"WebSite","@id":"https:\/\/weltlaeden.de\/korbach\/#website","url":"https:\/\/weltlaeden.de\/korbach\/","name":"Weltladen Korbach","description":"Faire Produkte aus aller Welt seit 1978","publisher":{"@id":"https:\/\/weltlaeden.de\/korbach\/#organization"},"potentialAction":[{"@type":"SearchAction","target":{"@type":"EntryPoint","urlTemplate":"https:\/\/weltlaeden.de\/korbach\/?s={search_term_string}"},"query-input":{"@type":"PropertyValueSpecification","valueRequired":true,"valueName":"search_term_string"}}],"inLanguage":"de"},{"@type":"Organization","@id":"https:\/\/weltlaeden.de\/korbach\/#organization","name":"Weltladen Korbach","url":"https:\/\/weltlaeden.de\/korbach\/","logo":{"@type":"ImageObject","inLanguage":"de","@id":"https:\/\/weltlaeden.de\/korbach\/#\/schema\/logo\/image\/","url":"https:\/\/weltlaeden.de\/korbach\/wp-content\/uploads\/sites\/44\/2018\/10\/Korbach-orange-auf-weiss.jpg","contentUrl":"https:\/\/weltlaeden.de\/korbach\/wp-content\/uploads\/sites\/44\/2018\/10\/Korbach-orange-auf-weiss.jpg","width":1112,"height":664,"caption":"Weltladen Korbach"},"image":{"@id":"https:\/\/weltlaeden.de\/korbach\/#\/schema\/logo\/image\/"},"sameAs":["https:\/\/www.facebook.com\/WeltladenKorbach\/","https:\/\/www.instagram.com\/weltladenkorbach\/"]}]}},"_links":{"self":[{"href":"https:\/\/weltlaeden.de\/korbach\/wp-json\/wp\/v2\/pages\/23","targetHints":{"allow":["GET"]}}],"collection":[{"href":"https:\/\/weltlaeden.de\/korbach\/wp-json\/wp\/v2\/pages"}],"about":[{"href":"https:\/\/weltlaeden.de\/korbach\/wp-json\/wp\/v2\/types\/page"}],"author":[{"embeddable":true,"href":"https:\/\/weltlaeden.de\/korbach\/wp-json\/wp\/v2\/users\/1"}],"replies":[{"embeddable":true,"href":"https:\/\/weltlaeden.de\/korbach\/wp-json\/wp\/v2\/comments?post=23"}],"version-history":[{"count":24,"href":"https:\/\/weltlaeden.de\/korbach\/wp-json\/wp\/v2\/pages\/23\/revisions"}],"predecessor-version":[{"id":953,"href":"https:\/\/weltlaeden.de\/korbach\/wp-json\/wp\/v2\/pages\/23\/revisions\/953"}],"wp:attachment":[{"href":"https:\/\/weltlaeden.de\/korbach\/wp-json\/wp\/v2\/media?parent=23"}],"curies":[{"name":"wp","href":"https:\/\/api.w.org\/{rel}","templated":true}]}}