{"id":218,"date":"2016-10-28T13:34:47","date_gmt":"2016-10-28T11:34:47","guid":{"rendered":"https:\/\/wl.heimpixel.de\/vorlage\/fairer-handel\/"},"modified":"2025-03-28T13:16:31","modified_gmt":"2025-03-28T12:16:31","slug":"fairer-handel-in-korbach","status":"publish","type":"page","link":"https:\/\/weltlaeden.de\/korbach\/fairer-handel-in-korbach\/","title":{"rendered":"Fairer Handel"},"content":{"rendered":"<div class=\"wpb-content-wrapper\"><p>[vc_row][vc_column]<div class=\"wl_einzelbild\"><p><img loading=\"lazy\" decoding=\"async\" class=\"alignnone size-full wp-image-nsm-3-15\" src=\"https:\/\/weltlaeden.de\/korbach\/wp-content\/uploads\/sites\/3\/2016\/11\/FairerHandel_ElPuente_Fingerpuppen_EccoExe_Peru.jpg\" alt=\"\" width=\"1200\" height=\"519\" \/><\/p><\/div>[\/vc_column][\/vc_row][vc_row][vc_column][vc_empty_space][vc_column_text]<\/p>\n<h1>Fairer Handel bedeutet f\u00fcr Weltl\u00e4den&#8230;<\/h1>\n<p>[\/vc_column_text][vc_column_text]<\/p>\n<div class=\"wpb_text_column wpb_content_element \">\n<div class=\"wpb_wrapper\">\n<p><strong>Verkaufen: <\/strong>Weil der Verkauf fair gehandelter Produkte das Leben f\u00fcr die Produzent\/innen verbessert.<\/p>\n<p><strong>Informieren: <\/strong>Weil politische Kampagnen die Rahmenbedingungen f\u00fcr die Menschen im S\u00fcden ver\u00e4ndern k\u00f6nnen.<\/p>\n<p><strong>Lernen:<\/strong> Weil Mitarbeiter\/innen und Kund\/innen viel \u00fcber die globalisierte Welt wissen sollten, um zu verstehen, wie unser Konsum die Welt ver\u00e4ndert \u2013 zum Guten oder zum Schlechten.<\/p>\n<\/div>\n<\/div>\n<p>[\/vc_column_text][\/vc_column][\/vc_row][vc_row][vc_column][vc_empty_space][vc_column_text]<\/p>\n<h1>Kriterien des Fairen Handels<\/h1>\n<p>[\/vc_column_text][vc_column_text]<\/p>\n<div class=\"wpb_text_column wpb_content_element \">\n<div class=\"wpb_wrapper\">\n<p><span class=\"normal\">Die<strong> <a href=\"https:\/\/weltlaeden.de\/bilderpool\/wp-content\/uploads\/sites\/3\/2019\/09\/Konvention_der_Weltl%C3%A4den.pdf\" target=\"_blank\" rel=\"noopener\">Konvention der Weltl\u00e4den<\/a><\/strong> ist das Grundsatzpapier f\u00fcr den Fairen Handel der Weltl\u00e4den und Fair-Handels-Gruppen. Sie wurde in einem jahrelangen Dialog gemeinsam entwickelt und erstmals 1997 von der Mitgliederversammlung des Weltladen-Dachverbandes beschlossen. Die Kriterien der Konvention der Weltl\u00e4den in der aktuellen Version decken sich mit den zehn Prinzipien der World Fair Trade Organization (<a href=\"http:\/\/www.wfto.com\" target=\"_blank\" rel=\"noopener\">WFTO<\/a>).<br \/>\n<\/span><\/p>\n<p><span class=\"normal\">Fairer Handel, wie ihn die Weltl\u00e4den betreiben, strebt eine gleichberechtigte Partnerschaft des Nordens mit dem S\u00fcden an. Daher wendet die Konvention die Kriterien auf alle wesentlichen Akteure im Fairen Handel an: auf Produzent\/innen, Importeure sowie Weltl\u00e4den und Fair-Handels-Gruppen.<\/span><\/p>\n<\/div>\n<\/div>\n<p>[\/vc_column_text][vc_column_text]<span class=\"normal\"><strong>Grundkriterien der Konvention:<\/strong><\/span><\/p>\n<ul>\n<li>Handelspraktiken<\/li>\n<li>Arbeitsbedingungen<\/li>\n<li>Transparenz<\/li>\n<li>Bildungs- und Informationsarbeit<\/li>\n<li>\u00d6ffentlichkeitsarbeit<\/li>\n<li>Umweltschutz<\/li>\n<li>Erg\u00e4nzungsprodukte (z.B. regionale Produkte)<\/li>\n<\/ul>\n<p>[\/vc_column_text][vc_empty_space][vc_video link=&#8220;https:\/\/youtu.be\/Wp6ihGeXGzk&#8220; css=&#8220;&#8220; title=&#8220;Kurzfilm \u00fcber den Fairen Handel&#8220;][\/vc_column][\/vc_row][vc_row][vc_column][vc_empty_space][vc_column_text css=&#8220;&#8220;]<\/p>\n<h1><strong>Drei einfache, aber spannende Fragen zum Fairen Handel (fair trade)<\/strong><\/h1>\n<p>[\/vc_column_text][\/vc_column][\/vc_row][vc_row][vc_column width=&#8220;1\/3&#8243;][vc_column_text css=&#8220;&#8220;]<\/p>\n<h2>1. Was ist fair am &#8222;Fairen Handel&#8220;?<\/h2>\n<p>Im fairen Handel erhalten die B\u00e4uerinnen und Bauern sowie die Handwerker kunstgewerblicher Waren einen Preis f\u00fcr ihre Produkte, der ihnen eine menschenw\u00fcrdiges Leben erm\u00f6glicht. Wenn ihre Produkte auf dem Weltmarkt gehandelt werden, erhalten die Produzenten die Zusicherung eines Mindestpreises. Dieser liegt mindestens 10% \u00fcber dem Weltmarktpreis. Au\u00dferdem sind die abgeschlossenen Handelsvertr\u00e4ge immer langfristig angelegt. Dies gew\u00e4hrleistet eine gewisse Planungssicherheit f\u00fcr die Herstellerinnen und Hersteller.[\/vc_column_text][\/vc_column][vc_column width=&#8220;1\/3&#8243;][vc_column_text css=&#8220;&#8220;]<\/p>\n<h2>2. Kommt der Mehrpreis auch bei den Richtigen an?<\/h2>\n<p>Handelspartner im Fairen Handel sind Kooperativen. Hier haben sich z.B. kleinb\u00e4uerliche Betriebe zusammengeschlossen. Der profitorientierte Zwischenhandel ist somit ausgeschlossen. Die Kooperativen beschlie\u00dfen h\u00e4ufig, ihre Mehreinnahmen aus dem Fairen Handel in Gemeinschaftsprojekte zu investieren. So entstehen z.B. Kinderg\u00e4rten oder Brunnenanlagen. Die Einhaltung dieser Verpflichtungen wird durch die europ\u00e4ischen Handelspartner \u00fcberpr\u00fcft.[\/vc_column_text][\/vc_column][vc_column width=&#8220;1\/3&#8243;][vc_column_text css=&#8220;&#8220;]<\/p>\n<h2>3. Handeln alle anderen unfair?<\/h2>\n<p>Der Begriff &#8222;Fairer Handel&#8220; bezieht sich ausschlie\u00dflich auf die Handelsbeziehungen mit den L\u00e4ndern des S\u00fcdens. (Die fr\u00fcher sogenannte &#8222;Dritte Welt&#8220;.) Damit wird keineswegs dem ehrlich produzierenden und handelnden Gewerbe die Fairness abgesprochen.<br \/>\nWenn jedoch z.B. das Pfund Kaffee bei uns f\u00fcr 4 \u20ac verkauft wird, dann kann dies nur durch unfairen Handel m\u00f6glich sein. Dies treibt viele Kaffeebauern in den Hunger.[\/vc_column_text][\/vc_column][\/vc_row][vc_row][vc_column][vc_empty_space][vc_column_text]<\/p>\n<h1>Links zu Akteuren des Fairen Handels<\/h1>\n<p>[\/vc_column_text][vc_column_text css=&#8220;&#8220;]<\/p>\n<div class=\"wpb_text_column wpb_content_element \">\n<div class=\"wpb_wrapper\">\n<p><strong>Weltl\u00e4den<\/strong><\/p>\n<ul>\n<li><a href=\"http:\/\/www.weltladen.de\" target=\"_blank\" rel=\"noopener\">Weltladen-Dachverband<\/a> Versorgt uns u.a. mit Material f\u00fcr die \u00d6ffentlichkeitsarbeit<\/li>\n<\/ul>\n<p><strong>Importorganisationen (Auswahl)<br \/>\n<\/strong><\/p>\n<ul>\n<li><a href=\"http:\/\/www.banafair.de\" target=\"_blank\" rel=\"noopener\">BanaFair<\/a><\/li>\n<li><a href=\"http:\/\/www.dwp-rv.de\" target=\"_blank\" rel=\"noopener\">dwp<\/a><\/li>\n<li><a href=\"http:\/\/www.el-puente.de\" target=\"_blank\" rel=\"noopener\">El Puente<\/a><\/li>\n<li><a href=\"http:\/\/www.gepa.de\/\" target=\"_blank\" rel=\"noopener\">GEPA \u2013 The Fair Trade Company<\/a> Einer unserer gr\u00f6\u00dften Lieferanten, sehr gute Produkt- und Hintergrundinfos.<\/li>\n<li><a href=\"https:\/\/www.globo-fairtrade.com\/\" target=\"_blank\" rel=\"noopener\">GLOBO<\/a><\/li>\n<\/ul>\n<p><strong>Netzwerke und Infos \u00fcber Produzent\/innen<br \/>\n<\/strong><\/p>\n<ul>\n<li><a href=\"http:\/\/www.forum-fairer-handel.de\" target=\"_blank\" rel=\"noopener\">Forum Fairer Handel<\/a> Hier werden die Grunds\u00e4tze des fairen Handels sehr gut erl\u00e4utert<\/li>\n<li><a href=\"https:\/\/www.fair-band.de\" target=\"_blank\" rel=\"noopener\">FAIR BAND<\/a><\/li>\n<li><a href=\"http:\/\/www.wfto.com\/\" target=\"_blank\" rel=\"noopener\">World Fair Trade Organization\u00a0(WFTO)<\/a><\/li>\n<li><a href=\"http:\/\/fairtrade.de\">fairtrade.de<\/a><\/li>\n<\/ul>\n<p><strong>Siegelorganisationen<\/strong><\/p>\n<ul>\n<li><a href=\"http:\/\/www.naturland.de\/index.php?option=com_content&amp;view=category&amp;layout=blog&amp;id=148&amp;Itemid=888&amp;lang=de\">Naturland Fair<\/a><\/li>\n<li><a href=\"http:\/\/www.fairtrade-deutschland.de\" target=\"_blank\" rel=\"noopener\">Fairtrade Deutschland<\/a><\/li>\n<li><a href=\"http:\/\/www.fairtrade.net\" target=\"_blank\" rel=\"noopener\">Fairtrade International<\/a><\/li>\n<\/ul>\n<\/div>\n<\/div>\n<p>[\/vc_column_text][\/vc_column][\/vc_row]<\/p>\n<\/div>","protected":false},"excerpt":{"rendered":"<p>[vc_row][vc_column][\/vc_column][\/vc_row][vc_row][vc_column][vc_empty_space][vc_column_text] Fairer Handel bedeutet f\u00fcr Weltl\u00e4den&#8230; [\/vc_column_text][vc_column_text] Verkaufen: Weil der Verkauf fair gehandelter Produkte das Leben f\u00fcr die Produzent\/innen verbessert. Informieren: Weil politische Kampagnen die Rahmenbedingungen f\u00fcr die Menschen im S\u00fcden ver\u00e4ndern k\u00f6nnen. Lernen: Weil Mitarbeiter\/innen und Kund\/innen viel \u00fcber die globalisierte Welt wissen sollten, um zu verstehen, wie unser Konsum die Welt ver\u00e4ndert \u2013&hellip;<\/p>\n","protected":false},"author":1,"featured_media":0,"parent":0,"menu_order":8,"comment_status":"closed","ping_status":"closed","template":"","meta":{"footnotes":""},"class_list":["post-218","page","type-page","status-publish","hentry","description-off"],"yoast_head":"<!-- This site is optimized with the Yoast SEO plugin v26.8 - https:\/\/yoast.com\/product\/yoast-seo-wordpress\/ -->\n<title>Fairer Handel - Weltladen Korbach<\/title>\n<meta name=\"description\" content=\"Fairtrade in Korbach seit 1978, aber was bedeutet fairer Handel? Wie profitieren die Erzeuger von dieser Form des Handels?\" \/>\n<meta name=\"robots\" content=\"index, follow, max-snippet:-1, max-image-preview:large, max-video-preview:-1\" \/>\n<link rel=\"canonical\" href=\"https:\/\/weltlaeden.de\/korbach\/fairer-handel-in-korbach\/\" \/>\n<meta property=\"og:locale\" content=\"de_DE\" \/>\n<meta property=\"og:type\" content=\"article\" \/>\n<meta property=\"og:title\" content=\"Fairer Handel - Weltladen Korbach\" \/>\n<meta property=\"og:description\" content=\"Fairtrade in Korbach seit 1978, aber was bedeutet fairer Handel? Wie profitieren die Erzeuger von dieser Form des Handels?\" \/>\n<meta property=\"og:url\" content=\"https:\/\/weltlaeden.de\/korbach\/fairer-handel-in-korbach\/\" \/>\n<meta property=\"og:site_name\" content=\"Weltladen Korbach\" \/>\n<meta property=\"article:publisher\" content=\"https:\/\/www.facebook.com\/WeltladenKorbach\/\" \/>\n<meta property=\"article:modified_time\" content=\"2025-03-28T12:16:31+00:00\" \/>\n<meta property=\"og:image\" content=\"https:\/\/weltlaeden.de\/korbach\/wp-content\/uploads\/sites\/3\/2016\/11\/FairerHandel_ElPuente_Fingerpuppen_EccoExe_Peru.jpg\" \/>\n<meta name=\"twitter:card\" content=\"summary_large_image\" \/>\n<meta name=\"twitter:label1\" content=\"Gesch\u00e4tzte Lesezeit\" \/>\n\t<meta name=\"twitter:data1\" content=\"3\u00a0Minuten\" \/>\n<script type=\"application\/ld+json\" class=\"yoast-schema-graph\">{\"@context\":\"https:\/\/schema.org\",\"@graph\":[{\"@type\":\"WebPage\",\"@id\":\"https:\/\/weltlaeden.de\/korbach\/fairer-handel-in-korbach\/\",\"url\":\"https:\/\/weltlaeden.de\/korbach\/fairer-handel-in-korbach\/\",\"name\":\"Fairer Handel - Weltladen Korbach\",\"isPartOf\":{\"@id\":\"https:\/\/weltlaeden.de\/korbach\/#website\"},\"primaryImageOfPage\":{\"@id\":\"https:\/\/weltlaeden.de\/korbach\/fairer-handel-in-korbach\/#primaryimage\"},\"image\":{\"@id\":\"https:\/\/weltlaeden.de\/korbach\/fairer-handel-in-korbach\/#primaryimage\"},\"thumbnailUrl\":\"https:\/\/weltlaeden.de\/korbach\/wp-content\/uploads\/sites\/3\/2016\/11\/FairerHandel_ElPuente_Fingerpuppen_EccoExe_Peru.jpg\",\"datePublished\":\"2016-10-28T11:34:47+00:00\",\"dateModified\":\"2025-03-28T12:16:31+00:00\",\"description\":\"Fairtrade in Korbach seit 1978, aber was bedeutet fairer Handel? Wie profitieren die Erzeuger von dieser Form des Handels?\",\"breadcrumb\":{\"@id\":\"https:\/\/weltlaeden.de\/korbach\/fairer-handel-in-korbach\/#breadcrumb\"},\"inLanguage\":\"de\",\"potentialAction\":[{\"@type\":\"ReadAction\",\"target\":[\"https:\/\/weltlaeden.de\/korbach\/fairer-handel-in-korbach\/\"]}]},{\"@type\":\"ImageObject\",\"inLanguage\":\"de\",\"@id\":\"https:\/\/weltlaeden.de\/korbach\/fairer-handel-in-korbach\/#primaryimage\",\"url\":\"https:\/\/weltlaeden.de\/korbach\/wp-content\/uploads\/sites\/3\/2016\/11\/FairerHandel_ElPuente_Fingerpuppen_EccoExe_Peru.jpg\",\"contentUrl\":\"https:\/\/weltlaeden.de\/korbach\/wp-content\/uploads\/sites\/3\/2016\/11\/FairerHandel_ElPuente_Fingerpuppen_EccoExe_Peru.jpg\"},{\"@type\":\"BreadcrumbList\",\"@id\":\"https:\/\/weltlaeden.de\/korbach\/fairer-handel-in-korbach\/#breadcrumb\",\"itemListElement\":[{\"@type\":\"ListItem\",\"position\":1,\"name\":\"Startseite\",\"item\":\"https:\/\/weltlaeden.de\/korbach\/\"},{\"@type\":\"ListItem\",\"position\":2,\"name\":\"Fairer Handel\"}]},{\"@type\":\"WebSite\",\"@id\":\"https:\/\/weltlaeden.de\/korbach\/#website\",\"url\":\"https:\/\/weltlaeden.de\/korbach\/\",\"name\":\"Weltladen Korbach\",\"description\":\"Faire Produkte aus aller Welt seit 1978\",\"publisher\":{\"@id\":\"https:\/\/weltlaeden.de\/korbach\/#organization\"},\"potentialAction\":[{\"@type\":\"SearchAction\",\"target\":{\"@type\":\"EntryPoint\",\"urlTemplate\":\"https:\/\/weltlaeden.de\/korbach\/?s={search_term_string}\"},\"query-input\":{\"@type\":\"PropertyValueSpecification\",\"valueRequired\":true,\"valueName\":\"search_term_string\"}}],\"inLanguage\":\"de\"},{\"@type\":\"Organization\",\"@id\":\"https:\/\/weltlaeden.de\/korbach\/#organization\",\"name\":\"Weltladen Korbach\",\"url\":\"https:\/\/weltlaeden.de\/korbach\/\",\"logo\":{\"@type\":\"ImageObject\",\"inLanguage\":\"de\",\"@id\":\"https:\/\/weltlaeden.de\/korbach\/#\/schema\/logo\/image\/\",\"url\":\"https:\/\/weltlaeden.de\/korbach\/wp-content\/uploads\/sites\/44\/2018\/10\/Korbach-orange-auf-weiss.jpg\",\"contentUrl\":\"https:\/\/weltlaeden.de\/korbach\/wp-content\/uploads\/sites\/44\/2018\/10\/Korbach-orange-auf-weiss.jpg\",\"width\":1112,\"height\":664,\"caption\":\"Weltladen Korbach\"},\"image\":{\"@id\":\"https:\/\/weltlaeden.de\/korbach\/#\/schema\/logo\/image\/\"},\"sameAs\":[\"https:\/\/www.facebook.com\/WeltladenKorbach\/\",\"https:\/\/www.instagram.com\/weltladenkorbach\/\"]}]}<\/script>\n<!-- \/ Yoast SEO plugin. -->","yoast_head_json":{"title":"Fairer Handel - Weltladen Korbach","description":"Fairtrade in Korbach seit 1978, aber was bedeutet fairer Handel? Wie profitieren die Erzeuger von dieser Form des Handels?","robots":{"index":"index","follow":"follow","max-snippet":"max-snippet:-1","max-image-preview":"max-image-preview:large","max-video-preview":"max-video-preview:-1"},"canonical":"https:\/\/weltlaeden.de\/korbach\/fairer-handel-in-korbach\/","og_locale":"de_DE","og_type":"article","og_title":"Fairer Handel - Weltladen Korbach","og_description":"Fairtrade in Korbach seit 1978, aber was bedeutet fairer Handel? Wie profitieren die Erzeuger von dieser Form des Handels?","og_url":"https:\/\/weltlaeden.de\/korbach\/fairer-handel-in-korbach\/","og_site_name":"Weltladen Korbach","article_publisher":"https:\/\/www.facebook.com\/WeltladenKorbach\/","article_modified_time":"2025-03-28T12:16:31+00:00","og_image":[{"url":"https:\/\/weltlaeden.de\/korbach\/wp-content\/uploads\/sites\/3\/2016\/11\/FairerHandel_ElPuente_Fingerpuppen_EccoExe_Peru.jpg","type":"","width":"","height":""}],"twitter_card":"summary_large_image","twitter_misc":{"Gesch\u00e4tzte Lesezeit":"3\u00a0Minuten"},"schema":{"@context":"https:\/\/schema.org","@graph":[{"@type":"WebPage","@id":"https:\/\/weltlaeden.de\/korbach\/fairer-handel-in-korbach\/","url":"https:\/\/weltlaeden.de\/korbach\/fairer-handel-in-korbach\/","name":"Fairer Handel - Weltladen Korbach","isPartOf":{"@id":"https:\/\/weltlaeden.de\/korbach\/#website"},"primaryImageOfPage":{"@id":"https:\/\/weltlaeden.de\/korbach\/fairer-handel-in-korbach\/#primaryimage"},"image":{"@id":"https:\/\/weltlaeden.de\/korbach\/fairer-handel-in-korbach\/#primaryimage"},"thumbnailUrl":"https:\/\/weltlaeden.de\/korbach\/wp-content\/uploads\/sites\/3\/2016\/11\/FairerHandel_ElPuente_Fingerpuppen_EccoExe_Peru.jpg","datePublished":"2016-10-28T11:34:47+00:00","dateModified":"2025-03-28T12:16:31+00:00","description":"Fairtrade in Korbach seit 1978, aber was bedeutet fairer Handel? Wie profitieren die Erzeuger von dieser Form des Handels?","breadcrumb":{"@id":"https:\/\/weltlaeden.de\/korbach\/fairer-handel-in-korbach\/#breadcrumb"},"inLanguage":"de","potentialAction":[{"@type":"ReadAction","target":["https:\/\/weltlaeden.de\/korbach\/fairer-handel-in-korbach\/"]}]},{"@type":"ImageObject","inLanguage":"de","@id":"https:\/\/weltlaeden.de\/korbach\/fairer-handel-in-korbach\/#primaryimage","url":"https:\/\/weltlaeden.de\/korbach\/wp-content\/uploads\/sites\/3\/2016\/11\/FairerHandel_ElPuente_Fingerpuppen_EccoExe_Peru.jpg","contentUrl":"https:\/\/weltlaeden.de\/korbach\/wp-content\/uploads\/sites\/3\/2016\/11\/FairerHandel_ElPuente_Fingerpuppen_EccoExe_Peru.jpg"},{"@type":"BreadcrumbList","@id":"https:\/\/weltlaeden.de\/korbach\/fairer-handel-in-korbach\/#breadcrumb","itemListElement":[{"@type":"ListItem","position":1,"name":"Startseite","item":"https:\/\/weltlaeden.de\/korbach\/"},{"@type":"ListItem","position":2,"name":"Fairer Handel"}]},{"@type":"WebSite","@id":"https:\/\/weltlaeden.de\/korbach\/#website","url":"https:\/\/weltlaeden.de\/korbach\/","name":"Weltladen Korbach","description":"Faire Produkte aus aller Welt seit 1978","publisher":{"@id":"https:\/\/weltlaeden.de\/korbach\/#organization"},"potentialAction":[{"@type":"SearchAction","target":{"@type":"EntryPoint","urlTemplate":"https:\/\/weltlaeden.de\/korbach\/?s={search_term_string}"},"query-input":{"@type":"PropertyValueSpecification","valueRequired":true,"valueName":"search_term_string"}}],"inLanguage":"de"},{"@type":"Organization","@id":"https:\/\/weltlaeden.de\/korbach\/#organization","name":"Weltladen Korbach","url":"https:\/\/weltlaeden.de\/korbach\/","logo":{"@type":"ImageObject","inLanguage":"de","@id":"https:\/\/weltlaeden.de\/korbach\/#\/schema\/logo\/image\/","url":"https:\/\/weltlaeden.de\/korbach\/wp-content\/uploads\/sites\/44\/2018\/10\/Korbach-orange-auf-weiss.jpg","contentUrl":"https:\/\/weltlaeden.de\/korbach\/wp-content\/uploads\/sites\/44\/2018\/10\/Korbach-orange-auf-weiss.jpg","width":1112,"height":664,"caption":"Weltladen Korbach"},"image":{"@id":"https:\/\/weltlaeden.de\/korbach\/#\/schema\/logo\/image\/"},"sameAs":["https:\/\/www.facebook.com\/WeltladenKorbach\/","https:\/\/www.instagram.com\/weltladenkorbach\/"]}]}},"_links":{"self":[{"href":"https:\/\/weltlaeden.de\/korbach\/wp-json\/wp\/v2\/pages\/218","targetHints":{"allow":["GET"]}}],"collection":[{"href":"https:\/\/weltlaeden.de\/korbach\/wp-json\/wp\/v2\/pages"}],"about":[{"href":"https:\/\/weltlaeden.de\/korbach\/wp-json\/wp\/v2\/types\/page"}],"author":[{"embeddable":true,"href":"https:\/\/weltlaeden.de\/korbach\/wp-json\/wp\/v2\/users\/1"}],"replies":[{"embeddable":true,"href":"https:\/\/weltlaeden.de\/korbach\/wp-json\/wp\/v2\/comments?post=218"}],"version-history":[{"count":27,"href":"https:\/\/weltlaeden.de\/korbach\/wp-json\/wp\/v2\/pages\/218\/revisions"}],"predecessor-version":[{"id":1076,"href":"https:\/\/weltlaeden.de\/korbach\/wp-json\/wp\/v2\/pages\/218\/revisions\/1076"}],"wp:attachment":[{"href":"https:\/\/weltlaeden.de\/korbach\/wp-json\/wp\/v2\/media?parent=218"}],"curies":[{"name":"wp","href":"https:\/\/api.w.org\/{rel}","templated":true}]}}