{"id":217,"date":"2016-10-28T13:34:47","date_gmt":"2016-10-28T11:34:47","guid":{"rendered":"https:\/\/wl.heimpixel.de\/vorlage\/produkte\/"},"modified":"2025-08-27T20:02:31","modified_gmt":"2025-08-27T18:02:31","slug":"produkte","status":"publish","type":"page","link":"https:\/\/weltlaeden.de\/korbach\/produkte\/","title":{"rendered":"Produkte"},"content":{"rendered":"<div class=\"wpb-content-wrapper\"><p>[vc_row][vc_column][vc_empty_space]<div class=\"wl_einzelbild\"><p><\/p><\/div>[vc_column_text]<\/p>\n<h1>Unser Sortiment<\/h1>\n<p>[\/vc_column_text][vc_column_text css=&#8220;&#8220;]Hochwertige Lebensmittel genie\u00dfen mit gutem Gewissen. GEPA <a href=\"https:\/\/gepa-shop.de\">(Produkte entdecken)<\/a>, El Puente <a href=\"https:\/\/www.el-puente.de\/?srsltid=AfmBOoqy8O9dwJYMZ9xwtiE4HxiWG5DPHbtBth6SZ0mluP4CNhCYZIYr\">(Produkte entdecken)<\/a> und viele andere &#8211; auch kleine &#8211; Lieferanten garantieren f\u00fcr faire Lieferketten und sorgen f\u00fcr ein buntes, leckeres Sortiment. Im Weltladen sind die Menschen, die unsere Lebensmittel erzeugen, das Besondere. Hinter jedem Produkt steht eine eigene Geschichte.[\/vc_column_text][vc_empty_space][vc_row_inner][vc_column_inner width=&#8220;1\/2&#8243;][vc_single_image image=&#8220;800&#8243; img_size=&#8220;large&#8220; css_animation=&#8220;left-to-right&#8220; css=&#8220;&#8220;][vc_column_text css=&#8220;&#8220;]<\/p>\n<h2><a href=\"https:\/\/weltlaeden.de\/korbach\/produkte\/lebensmittel\/\">Lebensmittel<\/a><\/h2>\n<p>[\/vc_column_text][vc_column_text css=&#8220;&#8220;]Kaffee f\u00fcr jeden Geschmack, vielf\u00e4ltiges Teesortiment, Schokolade in vielen Variationen, leckere Gew\u00fcrzmischungen, viele Sorten Reis, Bio-Brotaufstriche uvm.[\/vc_column_text][\/vc_column_inner][vc_column_inner width=&#8220;1\/2&#8243;][vc_single_image image=&#8220;1116&#8243; img_size=&#8220;large&#8220; css_animation=&#8220;left-to-right&#8220; css=&#8220;&#8220;][vc_column_text css=&#8220;&#8220;]<\/p>\n<h2><a href=\"https:\/\/weltlaeden.de\/korbach\/produkte\/kunsthandwerk\/\">Kunsthandwerk &amp; Textilien<\/a><\/h2>\n<p>[\/vc_column_text][vc_column_text css=&#8220;&#8220;]Einzigartiger Schmuck, duftende Kerzen, handgefertigte Bio-Seife, modische Taschen uvm.<\/p>\n<p>Beachten Sie bitte, dass viele der abgebildeten Produkte als Saisonartikel nur vor\u00fcbergehend in unserem Angebot sind.[\/vc_column_text][\/vc_column_inner][\/vc_row_inner][\/vc_column][\/vc_row]<\/p>\n<\/div>","protected":false},"excerpt":{"rendered":"<p>[vc_row][vc_column][vc_empty_space][vc_column_text] Unser Sortiment [\/vc_column_text][vc_column_text css=&#8220;&#8220;]Hochwertige Lebensmittel genie\u00dfen mit gutem Gewissen. GEPA (Produkte entdecken), El Puente (Produkte entdecken) und viele andere &#8211; auch kleine &#8211; Lieferanten garantieren f\u00fcr faire Lieferketten und sorgen f\u00fcr ein buntes, leckeres Sortiment. Im Weltladen sind die Menschen, die unsere Lebensmittel erzeugen, das Besondere. Hinter jedem Produkt steht eine eigene Geschichte.[\/vc_column_text][vc_empty_space][vc_row_inner][vc_column_inner width=&#8220;1\/2&#8243;][vc_single_image&hellip;<\/p>\n","protected":false},"author":1,"featured_media":0,"parent":0,"menu_order":2,"comment_status":"closed","ping_status":"closed","template":"","meta":{"footnotes":""},"class_list":["post-217","page","type-page","status-publish","hentry","description-off"],"yoast_head":"<!-- This site is optimized with the Yoast SEO plugin v26.8 - https:\/\/yoast.com\/product\/yoast-seo-wordpress\/ -->\n<title>Produkte - Weltladen Korbach<\/title>\n<meta name=\"description\" content=\"Das besondere an unseren Produkten sind die Menschen, die sie herstellen. Hinter jedem Produkt steht eine Geschichte.\" \/>\n<meta name=\"robots\" content=\"index, follow, max-snippet:-1, max-image-preview:large, max-video-preview:-1\" \/>\n<link rel=\"canonical\" href=\"https:\/\/weltlaeden.de\/korbach\/produkte\/\" \/>\n<meta property=\"og:locale\" content=\"de_DE\" \/>\n<meta property=\"og:type\" content=\"article\" \/>\n<meta property=\"og:title\" content=\"Produkte - Weltladen Korbach\" \/>\n<meta property=\"og:description\" content=\"Das besondere an unseren Produkten sind die Menschen, die sie herstellen. Hinter jedem Produkt steht eine Geschichte.\" \/>\n<meta property=\"og:url\" content=\"https:\/\/weltlaeden.de\/korbach\/produkte\/\" \/>\n<meta property=\"og:site_name\" content=\"Weltladen Korbach\" \/>\n<meta property=\"article:publisher\" content=\"https:\/\/www.facebook.com\/WeltladenKorbach\/\" \/>\n<meta property=\"article:modified_time\" content=\"2025-08-27T18:02:31+00:00\" \/>\n<meta name=\"twitter:card\" content=\"summary_large_image\" \/>\n<meta name=\"twitter:label1\" content=\"Gesch\u00e4tzte Lesezeit\" \/>\n\t<meta name=\"twitter:data1\" content=\"2\u00a0Minuten\" \/>\n<script type=\"application\/ld+json\" class=\"yoast-schema-graph\">{\"@context\":\"https:\/\/schema.org\",\"@graph\":[{\"@type\":\"WebPage\",\"@id\":\"https:\/\/weltlaeden.de\/korbach\/produkte\/\",\"url\":\"https:\/\/weltlaeden.de\/korbach\/produkte\/\",\"name\":\"Produkte - Weltladen Korbach\",\"isPartOf\":{\"@id\":\"https:\/\/weltlaeden.de\/korbach\/#website\"},\"datePublished\":\"2016-10-28T11:34:47+00:00\",\"dateModified\":\"2025-08-27T18:02:31+00:00\",\"description\":\"Das besondere an unseren Produkten sind die Menschen, die sie herstellen. Hinter jedem Produkt steht eine Geschichte.\",\"breadcrumb\":{\"@id\":\"https:\/\/weltlaeden.de\/korbach\/produkte\/#breadcrumb\"},\"inLanguage\":\"de\",\"potentialAction\":[{\"@type\":\"ReadAction\",\"target\":[\"https:\/\/weltlaeden.de\/korbach\/produkte\/\"]}]},{\"@type\":\"BreadcrumbList\",\"@id\":\"https:\/\/weltlaeden.de\/korbach\/produkte\/#breadcrumb\",\"itemListElement\":[{\"@type\":\"ListItem\",\"position\":1,\"name\":\"Startseite\",\"item\":\"https:\/\/weltlaeden.de\/korbach\/\"},{\"@type\":\"ListItem\",\"position\":2,\"name\":\"Produkte\"}]},{\"@type\":\"WebSite\",\"@id\":\"https:\/\/weltlaeden.de\/korbach\/#website\",\"url\":\"https:\/\/weltlaeden.de\/korbach\/\",\"name\":\"Weltladen Korbach\",\"description\":\"Faire Produkte aus aller Welt seit 1978\",\"publisher\":{\"@id\":\"https:\/\/weltlaeden.de\/korbach\/#organization\"},\"potentialAction\":[{\"@type\":\"SearchAction\",\"target\":{\"@type\":\"EntryPoint\",\"urlTemplate\":\"https:\/\/weltlaeden.de\/korbach\/?s={search_term_string}\"},\"query-input\":{\"@type\":\"PropertyValueSpecification\",\"valueRequired\":true,\"valueName\":\"search_term_string\"}}],\"inLanguage\":\"de\"},{\"@type\":\"Organization\",\"@id\":\"https:\/\/weltlaeden.de\/korbach\/#organization\",\"name\":\"Weltladen Korbach\",\"url\":\"https:\/\/weltlaeden.de\/korbach\/\",\"logo\":{\"@type\":\"ImageObject\",\"inLanguage\":\"de\",\"@id\":\"https:\/\/weltlaeden.de\/korbach\/#\/schema\/logo\/image\/\",\"url\":\"https:\/\/weltlaeden.de\/korbach\/wp-content\/uploads\/sites\/44\/2018\/10\/Korbach-orange-auf-weiss.jpg\",\"contentUrl\":\"https:\/\/weltlaeden.de\/korbach\/wp-content\/uploads\/sites\/44\/2018\/10\/Korbach-orange-auf-weiss.jpg\",\"width\":1112,\"height\":664,\"caption\":\"Weltladen Korbach\"},\"image\":{\"@id\":\"https:\/\/weltlaeden.de\/korbach\/#\/schema\/logo\/image\/\"},\"sameAs\":[\"https:\/\/www.facebook.com\/WeltladenKorbach\/\",\"https:\/\/www.instagram.com\/weltladenkorbach\/\"]}]}<\/script>\n<!-- \/ Yoast SEO plugin. -->","yoast_head_json":{"title":"Produkte - Weltladen Korbach","description":"Das besondere an unseren Produkten sind die Menschen, die sie herstellen. Hinter jedem Produkt steht eine Geschichte.","robots":{"index":"index","follow":"follow","max-snippet":"max-snippet:-1","max-image-preview":"max-image-preview:large","max-video-preview":"max-video-preview:-1"},"canonical":"https:\/\/weltlaeden.de\/korbach\/produkte\/","og_locale":"de_DE","og_type":"article","og_title":"Produkte - Weltladen Korbach","og_description":"Das besondere an unseren Produkten sind die Menschen, die sie herstellen. Hinter jedem Produkt steht eine Geschichte.","og_url":"https:\/\/weltlaeden.de\/korbach\/produkte\/","og_site_name":"Weltladen Korbach","article_publisher":"https:\/\/www.facebook.com\/WeltladenKorbach\/","article_modified_time":"2025-08-27T18:02:31+00:00","twitter_card":"summary_large_image","twitter_misc":{"Gesch\u00e4tzte Lesezeit":"2\u00a0Minuten"},"schema":{"@context":"https:\/\/schema.org","@graph":[{"@type":"WebPage","@id":"https:\/\/weltlaeden.de\/korbach\/produkte\/","url":"https:\/\/weltlaeden.de\/korbach\/produkte\/","name":"Produkte - Weltladen Korbach","isPartOf":{"@id":"https:\/\/weltlaeden.de\/korbach\/#website"},"datePublished":"2016-10-28T11:34:47+00:00","dateModified":"2025-08-27T18:02:31+00:00","description":"Das besondere an unseren Produkten sind die Menschen, die sie herstellen. Hinter jedem Produkt steht eine Geschichte.","breadcrumb":{"@id":"https:\/\/weltlaeden.de\/korbach\/produkte\/#breadcrumb"},"inLanguage":"de","potentialAction":[{"@type":"ReadAction","target":["https:\/\/weltlaeden.de\/korbach\/produkte\/"]}]},{"@type":"BreadcrumbList","@id":"https:\/\/weltlaeden.de\/korbach\/produkte\/#breadcrumb","itemListElement":[{"@type":"ListItem","position":1,"name":"Startseite","item":"https:\/\/weltlaeden.de\/korbach\/"},{"@type":"ListItem","position":2,"name":"Produkte"}]},{"@type":"WebSite","@id":"https:\/\/weltlaeden.de\/korbach\/#website","url":"https:\/\/weltlaeden.de\/korbach\/","name":"Weltladen Korbach","description":"Faire Produkte aus aller Welt seit 1978","publisher":{"@id":"https:\/\/weltlaeden.de\/korbach\/#organization"},"potentialAction":[{"@type":"SearchAction","target":{"@type":"EntryPoint","urlTemplate":"https:\/\/weltlaeden.de\/korbach\/?s={search_term_string}"},"query-input":{"@type":"PropertyValueSpecification","valueRequired":true,"valueName":"search_term_string"}}],"inLanguage":"de"},{"@type":"Organization","@id":"https:\/\/weltlaeden.de\/korbach\/#organization","name":"Weltladen Korbach","url":"https:\/\/weltlaeden.de\/korbach\/","logo":{"@type":"ImageObject","inLanguage":"de","@id":"https:\/\/weltlaeden.de\/korbach\/#\/schema\/logo\/image\/","url":"https:\/\/weltlaeden.de\/korbach\/wp-content\/uploads\/sites\/44\/2018\/10\/Korbach-orange-auf-weiss.jpg","contentUrl":"https:\/\/weltlaeden.de\/korbach\/wp-content\/uploads\/sites\/44\/2018\/10\/Korbach-orange-auf-weiss.jpg","width":1112,"height":664,"caption":"Weltladen Korbach"},"image":{"@id":"https:\/\/weltlaeden.de\/korbach\/#\/schema\/logo\/image\/"},"sameAs":["https:\/\/www.facebook.com\/WeltladenKorbach\/","https:\/\/www.instagram.com\/weltladenkorbach\/"]}]}},"_links":{"self":[{"href":"https:\/\/weltlaeden.de\/korbach\/wp-json\/wp\/v2\/pages\/217","targetHints":{"allow":["GET"]}}],"collection":[{"href":"https:\/\/weltlaeden.de\/korbach\/wp-json\/wp\/v2\/pages"}],"about":[{"href":"https:\/\/weltlaeden.de\/korbach\/wp-json\/wp\/v2\/types\/page"}],"author":[{"embeddable":true,"href":"https:\/\/weltlaeden.de\/korbach\/wp-json\/wp\/v2\/users\/1"}],"replies":[{"embeddable":true,"href":"https:\/\/weltlaeden.de\/korbach\/wp-json\/wp\/v2\/comments?post=217"}],"version-history":[{"count":41,"href":"https:\/\/weltlaeden.de\/korbach\/wp-json\/wp\/v2\/pages\/217\/revisions"}],"predecessor-version":[{"id":1318,"href":"https:\/\/weltlaeden.de\/korbach\/wp-json\/wp\/v2\/pages\/217\/revisions\/1318"}],"wp:attachment":[{"href":"https:\/\/weltlaeden.de\/korbach\/wp-json\/wp\/v2\/media?parent=217"}],"curies":[{"name":"wp","href":"https:\/\/api.w.org\/{rel}","templated":true}]}}