{"id":650,"date":"2020-10-31T13:05:03","date_gmt":"2020-10-31T12:05:03","guid":{"rendered":"https:\/\/weltlaeden.de\/kitzingen\/?page_id=650"},"modified":"2020-11-21T16:01:19","modified_gmt":"2020-11-21T15:01:19","slug":"geschichte-des-hauses","status":"publish","type":"page","link":"https:\/\/weltlaeden.de\/kitzingen\/geschichte-des-hauses\/","title":{"rendered":"Geschichte des Hauses"},"content":{"rendered":"<div class=\"wpb-content-wrapper\"><p>[vc_row][vc_column][vc_single_image image=&#8220;645&#8243; img_size=&#8220;1280&#215;438&#8243;][\/vc_column][\/vc_row][vc_row][vc_column][vc_column_text]<\/p>\n<h1>Die Geschichte des Hauses<\/h1>\n<p><strong>Das F\u00f6rtsche Haus<\/strong><\/p>\n<p>Das Haus in dem unser<strong> Weltladen<\/strong> residiert ist ein als dreigeschossiger giebelst\u00e4ndiger Satteldachbau mit vorkragendem Zierfachwerk bezeichnetes Geb\u00e4ude und um 1559 errichtet. Zahlreiche Generationen haben in diesem eindrucksvollen und einem der sch\u00f6nsten Fachwerksh\u00e4user, in Kitzingen gelebt. Seit jeher haben dort die K\u00fcster gewohnt die sich um das Gotteshaus St. Johannes gek\u00fcmmert haben. Zuletzt wohnte hier Barthel (Bartholom\u00e4us) F\u00f6rtsch. Er betrieb mit seiner Frau einen Devotionalienladen, in dem der Andacht dienenden Gegenst\u00e4nde verkauft wurden. Alles was f\u00fcr das religi\u00f6se Leben in Kitzingen ben\u00f6tigt wurde, konnte hier erworben werden. <strong>Eigent\u00fcmer ist die Katholische Geistliche Pfr\u00fcndepflegestiftung<\/strong> (sie wird von der von der Kirchenverwaltung von St. Johannes als Organ mitverwaltet)\u00a0 Die Tradition des Ladens f\u00fchrt die Eine Welt Gruppe seit 1991 fort, auch wenn die verkauften Waren inzwischen weniger sakraler Natur sind.<\/p>\n<p><span style=\"font-size: x-small\"> Quelle: Von Hadeloga bis zum F\u00f6rtsche Barthel \u2013 Bilderbogen der Kitzinger Stadtgeschichte<\/span><br \/>\n<img loading=\"lazy\" decoding=\"async\" class=\"size-medium wp-image-651 alignnone\" src=\"https:\/\/weltlaeden.de\/kitzingen\/wp-content\/uploads\/sites\/152\/2020\/10\/DSCN2758-225x300.jpg\" alt=\"\" width=\"225\" height=\"300\" srcset=\"https:\/\/weltlaeden.de\/kitzingen\/wp-content\/uploads\/sites\/152\/2020\/10\/DSCN2758-225x300.jpg 225w, https:\/\/weltlaeden.de\/kitzingen\/wp-content\/uploads\/sites\/152\/2020\/10\/DSCN2758-768x1024.jpg 768w, https:\/\/weltlaeden.de\/kitzingen\/wp-content\/uploads\/sites\/152\/2020\/10\/DSCN2758.jpg 1440w\" sizes=\"auto, (max-width: 225px) 100vw, 225px\" \/>[\/vc_column_text][\/vc_column][\/vc_row]<\/p>\n<\/div>","protected":false},"excerpt":{"rendered":"<p>[vc_row][vc_column][vc_single_image image=&#8220;645&#8243; img_size=&#8220;1280&#215;438&#8243;][\/vc_column][\/vc_row][vc_row][vc_column][vc_column_text] Die Geschichte des Hauses Das F\u00f6rtsche Haus Das Haus in dem unser Weltladen residiert ist ein als dreigeschossiger giebelst\u00e4ndiger Satteldachbau mit vorkragendem Zierfachwerk bezeichnetes Geb\u00e4ude und um 1559 errichtet. Zahlreiche Generationen haben in diesem eindrucksvollen und einem der sch\u00f6nsten Fachwerksh\u00e4user, in Kitzingen gelebt. Seit jeher haben dort die K\u00fcster gewohnt die sich&hellip;<\/p>\n","protected":false},"author":219,"featured_media":0,"parent":0,"menu_order":0,"comment_status":"closed","ping_status":"closed","template":"","meta":{"footnotes":""},"class_list":["post-650","page","type-page","status-publish","hentry","description-off"],"yoast_head":"<!-- This site is optimized with the Yoast SEO plugin v26.8 - https:\/\/yoast.com\/product\/yoast-seo-wordpress\/ -->\n<title>Geschichte des Hauses - Weltladen Kitzingen<\/title>\n<meta name=\"robots\" content=\"index, follow, max-snippet:-1, max-image-preview:large, max-video-preview:-1\" \/>\n<link rel=\"canonical\" href=\"https:\/\/weltlaeden.de\/kitzingen\/geschichte-des-hauses\/\" \/>\n<meta property=\"og:locale\" content=\"de_DE\" \/>\n<meta property=\"og:type\" content=\"article\" \/>\n<meta property=\"og:title\" content=\"Geschichte des Hauses - Weltladen Kitzingen\" \/>\n<meta property=\"og:description\" content=\"[vc_row][vc_column][vc_single_image image=&#8220;645&#8243; img_size=&#8220;1280&#215;438&#8243;][\/vc_column][\/vc_row][vc_row][vc_column][vc_column_text] Die Geschichte des Hauses Das F\u00f6rtsche Haus Das Haus in dem unser Weltladen residiert ist ein als dreigeschossiger giebelst\u00e4ndiger Satteldachbau mit vorkragendem Zierfachwerk bezeichnetes Geb\u00e4ude und um 1559 errichtet. Zahlreiche Generationen haben in diesem eindrucksvollen und einem der sch\u00f6nsten Fachwerksh\u00e4user, in Kitzingen gelebt. Seit jeher haben dort die K\u00fcster gewohnt die sich&hellip;\" \/>\n<meta property=\"og:url\" content=\"https:\/\/weltlaeden.de\/kitzingen\/geschichte-des-hauses\/\" \/>\n<meta property=\"og:site_name\" content=\"Weltladen Kitzingen\" \/>\n<meta property=\"article:modified_time\" content=\"2020-11-21T15:01:19+00:00\" \/>\n<meta property=\"og:image\" content=\"https:\/\/weltlaeden.de\/kitzingen\/wp-content\/uploads\/sites\/152\/2020\/10\/DSCN2758-225x300.jpg\" \/>\n<meta name=\"twitter:card\" content=\"summary_large_image\" \/>\n<meta name=\"twitter:label1\" content=\"Gesch\u00e4tzte Lesezeit\" \/>\n\t<meta name=\"twitter:data1\" content=\"1\u00a0Minute\" \/>\n<script type=\"application\/ld+json\" class=\"yoast-schema-graph\">{\"@context\":\"https:\/\/schema.org\",\"@graph\":[{\"@type\":\"WebPage\",\"@id\":\"https:\/\/weltlaeden.de\/kitzingen\/geschichte-des-hauses\/\",\"url\":\"https:\/\/weltlaeden.de\/kitzingen\/geschichte-des-hauses\/\",\"name\":\"Geschichte des Hauses - Weltladen Kitzingen\",\"isPartOf\":{\"@id\":\"https:\/\/weltlaeden.de\/kitzingen\/#website\"},\"primaryImageOfPage\":{\"@id\":\"https:\/\/weltlaeden.de\/kitzingen\/geschichte-des-hauses\/#primaryimage\"},\"image\":{\"@id\":\"https:\/\/weltlaeden.de\/kitzingen\/geschichte-des-hauses\/#primaryimage\"},\"thumbnailUrl\":\"https:\/\/weltlaeden.de\/kitzingen\/wp-content\/uploads\/sites\/152\/2020\/10\/DSCN2758-225x300.jpg\",\"datePublished\":\"2020-10-31T12:05:03+00:00\",\"dateModified\":\"2020-11-21T15:01:19+00:00\",\"breadcrumb\":{\"@id\":\"https:\/\/weltlaeden.de\/kitzingen\/geschichte-des-hauses\/#breadcrumb\"},\"inLanguage\":\"de\",\"potentialAction\":[{\"@type\":\"ReadAction\",\"target\":[\"https:\/\/weltlaeden.de\/kitzingen\/geschichte-des-hauses\/\"]}]},{\"@type\":\"ImageObject\",\"inLanguage\":\"de\",\"@id\":\"https:\/\/weltlaeden.de\/kitzingen\/geschichte-des-hauses\/#primaryimage\",\"url\":\"https:\/\/weltlaeden.de\/kitzingen\/wp-content\/uploads\/sites\/152\/2020\/10\/DSCN2758.jpg\",\"contentUrl\":\"https:\/\/weltlaeden.de\/kitzingen\/wp-content\/uploads\/sites\/152\/2020\/10\/DSCN2758.jpg\",\"width\":1440,\"height\":1920},{\"@type\":\"BreadcrumbList\",\"@id\":\"https:\/\/weltlaeden.de\/kitzingen\/geschichte-des-hauses\/#breadcrumb\",\"itemListElement\":[{\"@type\":\"ListItem\",\"position\":1,\"name\":\"Startseite\",\"item\":\"https:\/\/weltlaeden.de\/kitzingen\/\"},{\"@type\":\"ListItem\",\"position\":2,\"name\":\"Geschichte des Hauses\"}]},{\"@type\":\"WebSite\",\"@id\":\"https:\/\/weltlaeden.de\/kitzingen\/#website\",\"url\":\"https:\/\/weltlaeden.de\/kitzingen\/\",\"name\":\"Weltladen Kitzingen\",\"description\":\"Der Weltladen in Kitzingen ist ein Fachgesch\u00e4ft des Fairen Handels und Mitglied im Weltladen-Dachverband\",\"potentialAction\":[{\"@type\":\"SearchAction\",\"target\":{\"@type\":\"EntryPoint\",\"urlTemplate\":\"https:\/\/weltlaeden.de\/kitzingen\/?s={search_term_string}\"},\"query-input\":{\"@type\":\"PropertyValueSpecification\",\"valueRequired\":true,\"valueName\":\"search_term_string\"}}],\"inLanguage\":\"de\"}]}<\/script>\n<!-- \/ Yoast SEO plugin. -->","yoast_head_json":{"title":"Geschichte des Hauses - Weltladen Kitzingen","robots":{"index":"index","follow":"follow","max-snippet":"max-snippet:-1","max-image-preview":"max-image-preview:large","max-video-preview":"max-video-preview:-1"},"canonical":"https:\/\/weltlaeden.de\/kitzingen\/geschichte-des-hauses\/","og_locale":"de_DE","og_type":"article","og_title":"Geschichte des Hauses - Weltladen Kitzingen","og_description":"[vc_row][vc_column][vc_single_image image=&#8220;645&#8243; img_size=&#8220;1280&#215;438&#8243;][\/vc_column][\/vc_row][vc_row][vc_column][vc_column_text] Die Geschichte des Hauses Das F\u00f6rtsche Haus Das Haus in dem unser Weltladen residiert ist ein als dreigeschossiger giebelst\u00e4ndiger Satteldachbau mit vorkragendem Zierfachwerk bezeichnetes Geb\u00e4ude und um 1559 errichtet. Zahlreiche Generationen haben in diesem eindrucksvollen und einem der sch\u00f6nsten Fachwerksh\u00e4user, in Kitzingen gelebt. Seit jeher haben dort die K\u00fcster gewohnt die sich&hellip;","og_url":"https:\/\/weltlaeden.de\/kitzingen\/geschichte-des-hauses\/","og_site_name":"Weltladen Kitzingen","article_modified_time":"2020-11-21T15:01:19+00:00","og_image":[{"url":"https:\/\/weltlaeden.de\/kitzingen\/wp-content\/uploads\/sites\/152\/2020\/10\/DSCN2758-225x300.jpg","type":"","width":"","height":""}],"twitter_card":"summary_large_image","twitter_misc":{"Gesch\u00e4tzte Lesezeit":"1\u00a0Minute"},"schema":{"@context":"https:\/\/schema.org","@graph":[{"@type":"WebPage","@id":"https:\/\/weltlaeden.de\/kitzingen\/geschichte-des-hauses\/","url":"https:\/\/weltlaeden.de\/kitzingen\/geschichte-des-hauses\/","name":"Geschichte des Hauses - Weltladen Kitzingen","isPartOf":{"@id":"https:\/\/weltlaeden.de\/kitzingen\/#website"},"primaryImageOfPage":{"@id":"https:\/\/weltlaeden.de\/kitzingen\/geschichte-des-hauses\/#primaryimage"},"image":{"@id":"https:\/\/weltlaeden.de\/kitzingen\/geschichte-des-hauses\/#primaryimage"},"thumbnailUrl":"https:\/\/weltlaeden.de\/kitzingen\/wp-content\/uploads\/sites\/152\/2020\/10\/DSCN2758-225x300.jpg","datePublished":"2020-10-31T12:05:03+00:00","dateModified":"2020-11-21T15:01:19+00:00","breadcrumb":{"@id":"https:\/\/weltlaeden.de\/kitzingen\/geschichte-des-hauses\/#breadcrumb"},"inLanguage":"de","potentialAction":[{"@type":"ReadAction","target":["https:\/\/weltlaeden.de\/kitzingen\/geschichte-des-hauses\/"]}]},{"@type":"ImageObject","inLanguage":"de","@id":"https:\/\/weltlaeden.de\/kitzingen\/geschichte-des-hauses\/#primaryimage","url":"https:\/\/weltlaeden.de\/kitzingen\/wp-content\/uploads\/sites\/152\/2020\/10\/DSCN2758.jpg","contentUrl":"https:\/\/weltlaeden.de\/kitzingen\/wp-content\/uploads\/sites\/152\/2020\/10\/DSCN2758.jpg","width":1440,"height":1920},{"@type":"BreadcrumbList","@id":"https:\/\/weltlaeden.de\/kitzingen\/geschichte-des-hauses\/#breadcrumb","itemListElement":[{"@type":"ListItem","position":1,"name":"Startseite","item":"https:\/\/weltlaeden.de\/kitzingen\/"},{"@type":"ListItem","position":2,"name":"Geschichte des Hauses"}]},{"@type":"WebSite","@id":"https:\/\/weltlaeden.de\/kitzingen\/#website","url":"https:\/\/weltlaeden.de\/kitzingen\/","name":"Weltladen Kitzingen","description":"Der Weltladen in Kitzingen ist ein Fachgesch\u00e4ft des Fairen Handels und Mitglied im Weltladen-Dachverband","potentialAction":[{"@type":"SearchAction","target":{"@type":"EntryPoint","urlTemplate":"https:\/\/weltlaeden.de\/kitzingen\/?s={search_term_string}"},"query-input":{"@type":"PropertyValueSpecification","valueRequired":true,"valueName":"search_term_string"}}],"inLanguage":"de"}]}},"_links":{"self":[{"href":"https:\/\/weltlaeden.de\/kitzingen\/wp-json\/wp\/v2\/pages\/650","targetHints":{"allow":["GET"]}}],"collection":[{"href":"https:\/\/weltlaeden.de\/kitzingen\/wp-json\/wp\/v2\/pages"}],"about":[{"href":"https:\/\/weltlaeden.de\/kitzingen\/wp-json\/wp\/v2\/types\/page"}],"author":[{"embeddable":true,"href":"https:\/\/weltlaeden.de\/kitzingen\/wp-json\/wp\/v2\/users\/219"}],"replies":[{"embeddable":true,"href":"https:\/\/weltlaeden.de\/kitzingen\/wp-json\/wp\/v2\/comments?post=650"}],"version-history":[{"count":25,"href":"https:\/\/weltlaeden.de\/kitzingen\/wp-json\/wp\/v2\/pages\/650\/revisions"}],"predecessor-version":[{"id":656,"href":"https:\/\/weltlaeden.de\/kitzingen\/wp-json\/wp\/v2\/pages\/650\/revisions\/656"}],"wp:attachment":[{"href":"https:\/\/weltlaeden.de\/kitzingen\/wp-json\/wp\/v2\/media?parent=650"}],"curies":[{"name":"wp","href":"https:\/\/api.w.org\/{rel}","templated":true}]}}