{"id":621,"date":"2020-10-30T18:42:32","date_gmt":"2020-10-30T17:42:32","guid":{"rendered":"https:\/\/weltlaeden.de\/kitzingen\/?page_id=621"},"modified":"2020-11-03T16:30:52","modified_gmt":"2020-11-03T15:30:52","slug":"mitmachen-im-laden","status":"publish","type":"page","link":"https:\/\/weltlaeden.de\/kitzingen\/mitmachen-im-laden\/","title":{"rendered":"Mitmachen im Laden"},"content":{"rendered":"<div class=\"wpb-content-wrapper\"><p>[vc_row][vc_column]<div class=\"wl_einzelbild\"><p><img loading=\"lazy\" decoding=\"async\" class=\"alignnone size-full wp-image-676\" src=\"https:\/\/weltlaeden.de\/kitzingen\/wp-content\/uploads\/sites\/152\/2020\/10\/mitmachen.jpg\" alt=\"\" width=\"1280\" height=\"438\" srcset=\"https:\/\/weltlaeden.de\/kitzingen\/wp-content\/uploads\/sites\/152\/2020\/10\/mitmachen.jpg 1280w, https:\/\/weltlaeden.de\/kitzingen\/wp-content\/uploads\/sites\/152\/2020\/10\/mitmachen-300x103.jpg 300w, https:\/\/weltlaeden.de\/kitzingen\/wp-content\/uploads\/sites\/152\/2020\/10\/mitmachen-768x263.jpg 768w, https:\/\/weltlaeden.de\/kitzingen\/wp-content\/uploads\/sites\/152\/2020\/10\/mitmachen-1024x350.jpg 1024w\" sizes=\"auto, (max-width: 1280px) 100vw, 1280px\" \/><\/p><\/div>[\/vc_column][\/vc_row][vc_row][vc_column][vc_column_text]<\/p>\n<div class=\"wpb_text_column wpb_content_element \">\n<div class=\"wpb_wrapper\">\n<h1>Mitmachen im Weltladen Kitzingen<\/h1>\n<\/div>\n<\/div>\n<div class=\"wpb_text_column wpb_content_element \">\n<div class=\"wpb_wrapper\">\n<p style=\"text-align: justify\"><strong>Wir suchen<\/strong> Menschen, die Lust haben, sich ehrenamtlich f\u00fcr eine offene, transparente, \u00f6kologische und nachhaltige Form des Wirtschaftens zu engagieren. Ob im Verkauf, der Informations- oder Bildungsarbeit \u2013 die M\u00f6glichkeiten, in unserem Team mitzumachen sind vielf\u00e4ltig und lassen sich bestimmt auch in Deinen Alltag integrieren! Neben regelm\u00e4\u00dfigen Aufgaben gibt es bei uns auch immer wieder einzelne zeitlich befristete Projekte, f\u00fcr die wir Unterst\u00fctzer\/innen suchen. Viele Aufgaben erfordern keine speziellen Vorkenntnisse, sondern nur Deine Bereitschaft, Deine F\u00e4higkeiten einzubringen und eventuell in neuen Bereichen dazuzulernen.<\/p>\n<p style=\"text-align: justify\"><strong>Wir bieten<\/strong> ein nettes Team aus Engagierten mit vielf\u00e4ltigen M\u00f6glichkeiten, sich selbst einzubringen. Eine Gemeinschaft, die Dich herzlich aufnimmt, einarbeitet und bei Fragen zur Verf\u00fcgung steht. Fortbildungsm\u00f6glichkeiten nach Deinen Interessen und Aufgaben.<\/p>\n<p style=\"text-align: justify\"><strong>Frage einfach im Laden nach oder kontaktiere uns per Mail oder Telefon.<br \/>\n<\/strong><\/p>\n<p style=\"text-align: justify\"><strong>Wir freuen uns auf Dich!<\/strong><\/p>\n\n<div class=\"wpcf7 no-js\" id=\"wpcf7-f760-o1\" lang=\"de-DE\" dir=\"ltr\" data-wpcf7-id=\"760\">\n<div class=\"screen-reader-response\"><p role=\"status\" aria-live=\"polite\" aria-atomic=\"true\"><\/p> <ul><\/ul><\/div>\n<form action=\"\/kitzingen\/wp-json\/wp\/v2\/pages\/621#wpcf7-f760-o1\" method=\"post\" class=\"wpcf7-form init\" aria-label=\"Kontaktformular\" novalidate=\"novalidate\" data-status=\"init\">\n<fieldset class=\"hidden-fields-container\"><input type=\"hidden\" name=\"_wpcf7\" value=\"760\" \/><input type=\"hidden\" name=\"_wpcf7_version\" value=\"6.1.4\" \/><input type=\"hidden\" name=\"_wpcf7_locale\" value=\"de_DE\" \/><input type=\"hidden\" name=\"_wpcf7_unit_tag\" value=\"wpcf7-f760-o1\" \/><input type=\"hidden\" name=\"_wpcf7_container_post\" value=\"0\" \/><input type=\"hidden\" name=\"_wpcf7_posted_data_hash\" value=\"\" \/><input type=\"hidden\" name=\"_wpcf7dtx_version\" value=\"5.0.4\" \/>\n<\/fieldset>\n<p><label> Ihr Name (Pflichtfeld)<br \/>\n<span class=\"wpcf7-form-control-wrap\" data-name=\"your-name\"><input size=\"40\" maxlength=\"400\" class=\"wpcf7-form-control wpcf7-text wpcf7-validates-as-required\" aria-required=\"true\" aria-invalid=\"false\" value=\"\" type=\"text\" name=\"your-name\" \/><\/span> <\/label>\n<\/p>\n<p><label> Ihre E-Mail-Adresse (Pflichtfeld)<br \/>\n<span class=\"wpcf7-form-control-wrap\" data-name=\"your-email\"><input size=\"40\" maxlength=\"400\" class=\"wpcf7-form-control wpcf7-email wpcf7-validates-as-required wpcf7-text wpcf7-validates-as-email\" aria-required=\"true\" aria-invalid=\"false\" value=\"\" type=\"email\" name=\"your-email\" \/><\/span> <\/label>\n<\/p>\n<p><label> Anschrift, Stra\u00dfe, Ort<br \/>\n<span class=\"wpcf7-form-control-wrap\" data-name=\"your-subject\"><input size=\"40\" maxlength=\"400\" class=\"wpcf7-form-control wpcf7-text\" aria-invalid=\"false\" value=\"\" type=\"text\" name=\"your-subject\" \/><\/span> <\/label>\n<\/p>\n<p><label> Ihre Nachricht<br \/>\n<span class=\"wpcf7-form-control-wrap\" data-name=\"your-message\"><textarea cols=\"40\" rows=\"10\" maxlength=\"2000\" class=\"wpcf7-form-control wpcf7-textarea\" aria-invalid=\"false\" name=\"your-message\"><\/textarea><\/span> <\/label>\n<\/p>\n<p><input class=\"wpcf7-form-control wpcf7-submit has-spinner\" type=\"submit\" value=\"Senden\" \/>\n<\/p>\r\n         <p class=\"cf7_spamprotect\">\r\n            <label><strong>Spamschutz:<\/strong> Welche Farbe hat Kakao? (Antwort kleingeschrieben)?\r\n               <br>\r\n               <span class=\"wpcf7-form-control-wrap\" data-name=\"weltladen_ueberpruefung\">\r\n                  <input size=\"40\" class=\"wpcf7-form-control wpcf7-text wpcf7-email wpcf7-validates-as-required\" aria-required=\"true\" aria-invalid=\"false\" value=\"\" type=\"text\" name=\"weltladen_ueberpruefung\">\r\n               <\/span> \r\n            <\/label>\r\n         <\/p>            \r\n      <div class=\"wpcf7-response-output\" aria-hidden=\"true\"><\/div>\n<\/form>\n<\/div>\n\n<\/div>\n<\/div>\n<p>[\/vc_column_text][\/vc_column][\/vc_row]<\/p>\n<\/div>","protected":false},"excerpt":{"rendered":"<p>[vc_row][vc_column][\/vc_column][\/vc_row][vc_row][vc_column][vc_column_text] Mitmachen im Weltladen Kitzingen Wir suchen Menschen, die Lust haben, sich ehrenamtlich f\u00fcr eine offene, transparente, \u00f6kologische und nachhaltige Form des Wirtschaftens zu engagieren. Ob im Verkauf, der Informations- oder Bildungsarbeit \u2013 die M\u00f6glichkeiten, in unserem Team mitzumachen sind vielf\u00e4ltig und lassen sich bestimmt auch in Deinen Alltag integrieren! Neben regelm\u00e4\u00dfigen Aufgaben gibt es&hellip;<\/p>\n","protected":false},"author":219,"featured_media":0,"parent":0,"menu_order":0,"comment_status":"closed","ping_status":"closed","template":"","meta":{"footnotes":""},"class_list":["post-621","page","type-page","status-publish","hentry","description-off"],"yoast_head":"<!-- This site is optimized with the Yoast SEO plugin v26.8 - https:\/\/yoast.com\/product\/yoast-seo-wordpress\/ -->\n<title>Mitmachen im Laden - Weltladen Kitzingen<\/title>\n<meta name=\"robots\" content=\"index, follow, max-snippet:-1, max-image-preview:large, max-video-preview:-1\" \/>\n<link rel=\"canonical\" href=\"https:\/\/weltlaeden.de\/kitzingen\/mitmachen-im-laden\/\" \/>\n<meta property=\"og:locale\" content=\"de_DE\" \/>\n<meta property=\"og:type\" content=\"article\" \/>\n<meta property=\"og:title\" content=\"Mitmachen im Laden - Weltladen Kitzingen\" \/>\n<meta property=\"og:description\" content=\"[vc_row][vc_column][\/vc_column][\/vc_row][vc_row][vc_column][vc_column_text] Mitmachen im Weltladen Kitzingen Wir suchen Menschen, die Lust haben, sich ehrenamtlich f\u00fcr eine offene, transparente, \u00f6kologische und nachhaltige Form des Wirtschaftens zu engagieren. Ob im Verkauf, der Informations- oder Bildungsarbeit \u2013 die M\u00f6glichkeiten, in unserem Team mitzumachen sind vielf\u00e4ltig und lassen sich bestimmt auch in Deinen Alltag integrieren! Neben regelm\u00e4\u00dfigen Aufgaben gibt es&hellip;\" \/>\n<meta property=\"og:url\" content=\"https:\/\/weltlaeden.de\/kitzingen\/mitmachen-im-laden\/\" \/>\n<meta property=\"og:site_name\" content=\"Weltladen Kitzingen\" \/>\n<meta property=\"article:modified_time\" content=\"2020-11-03T15:30:52+00:00\" \/>\n<meta property=\"og:image\" content=\"https:\/\/weltlaeden.de\/kitzingen\/wp-content\/uploads\/sites\/152\/2020\/10\/mitmachen.jpg\" \/>\n<meta name=\"twitter:card\" content=\"summary_large_image\" \/>\n<meta name=\"twitter:label1\" content=\"Gesch\u00e4tzte Lesezeit\" \/>\n\t<meta name=\"twitter:data1\" content=\"1\u00a0Minute\" \/>\n<script type=\"application\/ld+json\" class=\"yoast-schema-graph\">{\"@context\":\"https:\/\/schema.org\",\"@graph\":[{\"@type\":\"WebPage\",\"@id\":\"https:\/\/weltlaeden.de\/kitzingen\/mitmachen-im-laden\/\",\"url\":\"https:\/\/weltlaeden.de\/kitzingen\/mitmachen-im-laden\/\",\"name\":\"Mitmachen im Laden - Weltladen Kitzingen\",\"isPartOf\":{\"@id\":\"https:\/\/weltlaeden.de\/kitzingen\/#website\"},\"primaryImageOfPage\":{\"@id\":\"https:\/\/weltlaeden.de\/kitzingen\/mitmachen-im-laden\/#primaryimage\"},\"image\":{\"@id\":\"https:\/\/weltlaeden.de\/kitzingen\/mitmachen-im-laden\/#primaryimage\"},\"thumbnailUrl\":\"https:\/\/weltlaeden.de\/kitzingen\/wp-content\/uploads\/sites\/152\/2020\/10\/mitmachen.jpg\",\"datePublished\":\"2020-10-30T17:42:32+00:00\",\"dateModified\":\"2020-11-03T15:30:52+00:00\",\"breadcrumb\":{\"@id\":\"https:\/\/weltlaeden.de\/kitzingen\/mitmachen-im-laden\/#breadcrumb\"},\"inLanguage\":\"de\",\"potentialAction\":[{\"@type\":\"ReadAction\",\"target\":[\"https:\/\/weltlaeden.de\/kitzingen\/mitmachen-im-laden\/\"]}]},{\"@type\":\"ImageObject\",\"inLanguage\":\"de\",\"@id\":\"https:\/\/weltlaeden.de\/kitzingen\/mitmachen-im-laden\/#primaryimage\",\"url\":\"https:\/\/weltlaeden.de\/kitzingen\/wp-content\/uploads\/sites\/152\/2020\/10\/mitmachen.jpg\",\"contentUrl\":\"https:\/\/weltlaeden.de\/kitzingen\/wp-content\/uploads\/sites\/152\/2020\/10\/mitmachen.jpg\",\"width\":1280,\"height\":438},{\"@type\":\"BreadcrumbList\",\"@id\":\"https:\/\/weltlaeden.de\/kitzingen\/mitmachen-im-laden\/#breadcrumb\",\"itemListElement\":[{\"@type\":\"ListItem\",\"position\":1,\"name\":\"Startseite\",\"item\":\"https:\/\/weltlaeden.de\/kitzingen\/\"},{\"@type\":\"ListItem\",\"position\":2,\"name\":\"Mitmachen im Laden\"}]},{\"@type\":\"WebSite\",\"@id\":\"https:\/\/weltlaeden.de\/kitzingen\/#website\",\"url\":\"https:\/\/weltlaeden.de\/kitzingen\/\",\"name\":\"Weltladen Kitzingen\",\"description\":\"Der Weltladen in Kitzingen ist ein Fachgesch\u00e4ft des Fairen Handels und Mitglied im Weltladen-Dachverband\",\"potentialAction\":[{\"@type\":\"SearchAction\",\"target\":{\"@type\":\"EntryPoint\",\"urlTemplate\":\"https:\/\/weltlaeden.de\/kitzingen\/?s={search_term_string}\"},\"query-input\":{\"@type\":\"PropertyValueSpecification\",\"valueRequired\":true,\"valueName\":\"search_term_string\"}}],\"inLanguage\":\"de\"}]}<\/script>\n<!-- \/ Yoast SEO plugin. -->","yoast_head_json":{"title":"Mitmachen im Laden - Weltladen Kitzingen","robots":{"index":"index","follow":"follow","max-snippet":"max-snippet:-1","max-image-preview":"max-image-preview:large","max-video-preview":"max-video-preview:-1"},"canonical":"https:\/\/weltlaeden.de\/kitzingen\/mitmachen-im-laden\/","og_locale":"de_DE","og_type":"article","og_title":"Mitmachen im Laden - Weltladen Kitzingen","og_description":"[vc_row][vc_column][\/vc_column][\/vc_row][vc_row][vc_column][vc_column_text] Mitmachen im Weltladen Kitzingen Wir suchen Menschen, die Lust haben, sich ehrenamtlich f\u00fcr eine offene, transparente, \u00f6kologische und nachhaltige Form des Wirtschaftens zu engagieren. Ob im Verkauf, der Informations- oder Bildungsarbeit \u2013 die M\u00f6glichkeiten, in unserem Team mitzumachen sind vielf\u00e4ltig und lassen sich bestimmt auch in Deinen Alltag integrieren! Neben regelm\u00e4\u00dfigen Aufgaben gibt es&hellip;","og_url":"https:\/\/weltlaeden.de\/kitzingen\/mitmachen-im-laden\/","og_site_name":"Weltladen Kitzingen","article_modified_time":"2020-11-03T15:30:52+00:00","og_image":[{"url":"https:\/\/weltlaeden.de\/kitzingen\/wp-content\/uploads\/sites\/152\/2020\/10\/mitmachen.jpg","type":"","width":"","height":""}],"twitter_card":"summary_large_image","twitter_misc":{"Gesch\u00e4tzte Lesezeit":"1\u00a0Minute"},"schema":{"@context":"https:\/\/schema.org","@graph":[{"@type":"WebPage","@id":"https:\/\/weltlaeden.de\/kitzingen\/mitmachen-im-laden\/","url":"https:\/\/weltlaeden.de\/kitzingen\/mitmachen-im-laden\/","name":"Mitmachen im Laden - Weltladen Kitzingen","isPartOf":{"@id":"https:\/\/weltlaeden.de\/kitzingen\/#website"},"primaryImageOfPage":{"@id":"https:\/\/weltlaeden.de\/kitzingen\/mitmachen-im-laden\/#primaryimage"},"image":{"@id":"https:\/\/weltlaeden.de\/kitzingen\/mitmachen-im-laden\/#primaryimage"},"thumbnailUrl":"https:\/\/weltlaeden.de\/kitzingen\/wp-content\/uploads\/sites\/152\/2020\/10\/mitmachen.jpg","datePublished":"2020-10-30T17:42:32+00:00","dateModified":"2020-11-03T15:30:52+00:00","breadcrumb":{"@id":"https:\/\/weltlaeden.de\/kitzingen\/mitmachen-im-laden\/#breadcrumb"},"inLanguage":"de","potentialAction":[{"@type":"ReadAction","target":["https:\/\/weltlaeden.de\/kitzingen\/mitmachen-im-laden\/"]}]},{"@type":"ImageObject","inLanguage":"de","@id":"https:\/\/weltlaeden.de\/kitzingen\/mitmachen-im-laden\/#primaryimage","url":"https:\/\/weltlaeden.de\/kitzingen\/wp-content\/uploads\/sites\/152\/2020\/10\/mitmachen.jpg","contentUrl":"https:\/\/weltlaeden.de\/kitzingen\/wp-content\/uploads\/sites\/152\/2020\/10\/mitmachen.jpg","width":1280,"height":438},{"@type":"BreadcrumbList","@id":"https:\/\/weltlaeden.de\/kitzingen\/mitmachen-im-laden\/#breadcrumb","itemListElement":[{"@type":"ListItem","position":1,"name":"Startseite","item":"https:\/\/weltlaeden.de\/kitzingen\/"},{"@type":"ListItem","position":2,"name":"Mitmachen im Laden"}]},{"@type":"WebSite","@id":"https:\/\/weltlaeden.de\/kitzingen\/#website","url":"https:\/\/weltlaeden.de\/kitzingen\/","name":"Weltladen Kitzingen","description":"Der Weltladen in Kitzingen ist ein Fachgesch\u00e4ft des Fairen Handels und Mitglied im Weltladen-Dachverband","potentialAction":[{"@type":"SearchAction","target":{"@type":"EntryPoint","urlTemplate":"https:\/\/weltlaeden.de\/kitzingen\/?s={search_term_string}"},"query-input":{"@type":"PropertyValueSpecification","valueRequired":true,"valueName":"search_term_string"}}],"inLanguage":"de"}]}},"_links":{"self":[{"href":"https:\/\/weltlaeden.de\/kitzingen\/wp-json\/wp\/v2\/pages\/621","targetHints":{"allow":["GET"]}}],"collection":[{"href":"https:\/\/weltlaeden.de\/kitzingen\/wp-json\/wp\/v2\/pages"}],"about":[{"href":"https:\/\/weltlaeden.de\/kitzingen\/wp-json\/wp\/v2\/types\/page"}],"author":[{"embeddable":true,"href":"https:\/\/weltlaeden.de\/kitzingen\/wp-json\/wp\/v2\/users\/219"}],"replies":[{"embeddable":true,"href":"https:\/\/weltlaeden.de\/kitzingen\/wp-json\/wp\/v2\/comments?post=621"}],"version-history":[{"count":14,"href":"https:\/\/weltlaeden.de\/kitzingen\/wp-json\/wp\/v2\/pages\/621\/revisions"}],"predecessor-version":[{"id":761,"href":"https:\/\/weltlaeden.de\/kitzingen\/wp-json\/wp\/v2\/pages\/621\/revisions\/761"}],"wp:attachment":[{"href":"https:\/\/weltlaeden.de\/kitzingen\/wp-json\/wp\/v2\/media?parent=621"}],"curies":[{"name":"wp","href":"https:\/\/api.w.org\/{rel}","templated":true}]}}