{"id":219,"date":"2016-10-28T13:34:06","date_gmt":"2016-10-28T11:34:47","guid":{"rendered":"https:\/\/wl.heimpixel.de\/vorlage\/ueber-uns\/"},"modified":"2021-10-01T14:16:38","modified_gmt":"2021-10-01T12:16:38","slug":"ueber-uns","status":"publish","type":"page","link":"https:\/\/weltlaeden.de\/kitzingen\/ueber-uns\/","title":{"rendered":"Eine Welt Gruppe"},"content":{"rendered":"<div class=\"wpb-content-wrapper\"><p>[vc_row][vc_column]<div class=\"wl_einzelbild\"><p><img loading=\"lazy\" decoding=\"async\" class=\"aligncenter size-full wp-image-448\" src=\"https:\/\/weltlaeden.de\/kitzingen\/wp-content\/uploads\/sites\/152\/2019\/04\/board-game-challenge-chess-209728_1200x519-e1555324787982.png\" alt=\"\" width=\"787\" height=\"340\" \/><\/p><\/div>[vc_empty_space][vc_column_text]<\/p>\n<h1>\u00dcber die eine Welt Gruppe<\/h1>\n<p>[\/vc_column_text][vc_column_text css_animation=&#8220;top-to-bottom&#8220;]<\/p>\n<p style=\"text-align: justify\">Mitte 1990 trafen sich die ASF-Frauen (Arbeitsgemeinschaft Sozialdemokrati\u00adscher Frauen) unter Leitung von Doris Vay, um einen Vortrag von Elisabeth Bachleitner als Terre-des-hommes Vertreterin \u00fcber die Ausbeutung von Kindern im internationalen Produkterzeugungs- und Handelsprozess zu h\u00f6ren.<\/p>\n<p style=\"text-align: justify\">Im Anschluss an den Vortrag sagte Frau M\u00f6hres-Moser zu den Anwesenden, dass man da doch et\u00adwas unternehmen m\u00fcsse und einen Weltladen gr\u00fcnden sollte, um gerechtere Handelsbedingungen in den Erzeugerl\u00e4ndern zu erreichen. Doris Vay bot sich gleich als Mitstreiterin an und gemeinsam unternahmen sie dann alles M\u00f6gliche, um die Idee umzusetzen. In den Weltl\u00e4den in W\u00fcrzburg und Ochsenfurt machten sie sich kundig, was f\u00fcr die Gr\u00fcndung eines Ladens und eines Vereins n\u00f6tig ist.<\/p>\n<p style=\"text-align: justify\">Doris Vay suchte in Kirchenkreisen Mithilfe, um ein Ladengesch\u00e4ft zu finden, w\u00e4hrend mit Herrn Rechtsanwalt Weiglein gesprochen wurde, zwecks der Satzung eines zu gr\u00fcndenden Vereins. Mit der Main-Post und der Kitzinger Zeitung starteten sie einen Aufruf, um Mitstreiter zu finden. Zusammen fuhren die beiden nach W\u00fcrzburg zum Finanzamt wegen der Kl\u00e4rung der steuerlichen Behandlung, da die Verbindung Verein und Handel nicht einfach zu konstruieren war. Sie wollten eine steuerliche g\u00fcnstigere Behandlung als K\u00f6rperschaft des \u00f6ffentlichen Rechts erreichen.<\/p>\n<p style=\"text-align: justify\">Bei sehr kaltem Wetter im Winter 1990\/1991 haben sie beide in ganz Kitzingen alle m\u00f6glichen Gesch\u00e4ftsr\u00e4ume abgelaufen, um einen g\u00fcnstigen Laden zu finden. Nach rund neun Monate dauernden Vorbereitungen fand die Gr\u00fcndung des Ver\u00adeins am 6. M\u00e4rz 1991 mit 22 Mitgliedern statt. Endlich konnte auch Doris Vay durch die Mitwirkung des Pfarrgemeinderates unter Leitung von Herrn Rainer Heinrich erreichen, dass die katholische Kirchenstiftung das La\u00addenlokal in der Oberen Kirchgasse zu g\u00fcnstigen Bedingungen an den Verein vermietet.<\/p>\n<p style=\"text-align: justify\">Wichtige und sehr einsatzfreudige Helfer waren Schreiner Seelmann, der die Laden\u00adregale fertigte sowie Frau und Herr Hanke, die bei der Renovierung der R\u00e4ume kr\u00e4ftig mitwirkten. Die Mitglieder gaben dem Laden Kleinkredite in Form von Schuldschei\u00adnen, um den ersten Warenbestand einkaufen zu k\u00f6nnen. Diese Schuldscheine konn\u00adten trotz anfangs relativ niedriger Ertr\u00e4ge z\u00fcgig zur\u00fcckbezahlt werden.<\/p>\n<p style=\"text-align: justify\">Die Satzung beinhaltet den Willen, durch den Verkauf von Erzeugnissen aus der sogenannten dritten Welt die Hersteller zu bef\u00e4higen, durch ihre fair bezahlte Arbeit selbstbestimmt leben und f\u00fcr ihre Familien sorgen zu k\u00f6nnen.<\/p>\n<p>[\/vc_column_text][\/vc_column][\/vc_row][vc_row][vc_column][vc_empty_space][vc_column_text]<\/p>\n<div style=\"width: 432px;\" class=\"wp-video\"><!--[if lt IE 9]><script>document.createElement('video');<\/script><![endif]-->\n<video class=\"wp-video-shortcode\" id=\"video-219-1\" width=\"432\" height=\"240\" preload=\"metadata\" controls=\"controls\"><source type=\"video\/mp4\" src=\"https:\/\/weltlaeden.de\/kitzingen\/wp-content\/uploads\/sites\/152\/2020\/10\/Fairtrade-kitzingen-kanns.mp4?_=1\" \/><a href=\"https:\/\/weltlaeden.de\/kitzingen\/wp-content\/uploads\/sites\/152\/2020\/10\/Fairtrade-kitzingen-kanns.mp4\">https:\/\/weltlaeden.de\/kitzingen\/wp-content\/uploads\/sites\/152\/2020\/10\/Fairtrade-kitzingen-kanns.mp4<\/a><\/video><\/div>\n<p><a href=\"https:\/\/www.kitzingen-kanns.de\/post\/wir-sind-eine-fairtrade-town\" target=\"_blank\" rel=\"noopener\">https:\/\/www.kitzingen-kanns.de\/post\/wir-sind-eine-fairtrade-town<\/a>[\/vc_column_text][\/vc_column][\/vc_row]<\/p>\n<\/div>","protected":false},"excerpt":{"rendered":"<p>[vc_row][vc_column][vc_empty_space][vc_column_text] \u00dcber die eine Welt Gruppe [\/vc_column_text][vc_column_text css_animation=&#8220;top-to-bottom&#8220;] Mitte 1990 trafen sich die ASF-Frauen (Arbeitsgemeinschaft Sozialdemokrati\u00adscher Frauen) unter Leitung von Doris Vay, um einen Vortrag von Elisabeth Bachleitner als Terre-des-hommes Vertreterin \u00fcber die Ausbeutung von Kindern im internationalen Produkterzeugungs- und Handelsprozess zu h\u00f6ren. Im Anschluss an den Vortrag sagte Frau M\u00f6hres-Moser zu den Anwesenden, dass&hellip;<\/p>\n","protected":false},"author":1,"featured_media":0,"parent":0,"menu_order":4,"comment_status":"closed","ping_status":"closed","template":"","meta":{"footnotes":""},"class_list":["post-219","page","type-page","status-publish","hentry","description-off"],"yoast_head":"<!-- This site is optimized with the Yoast SEO plugin v26.8 - https:\/\/yoast.com\/product\/yoast-seo-wordpress\/ -->\n<title>Eine Welt Gruppe - Weltladen Kitzingen<\/title>\n<meta name=\"robots\" content=\"index, follow, max-snippet:-1, max-image-preview:large, max-video-preview:-1\" \/>\n<link rel=\"canonical\" href=\"https:\/\/weltlaeden.de\/kitzingen\/ueber-uns\/\" \/>\n<meta property=\"og:locale\" content=\"de_DE\" \/>\n<meta property=\"og:type\" content=\"article\" \/>\n<meta property=\"og:title\" content=\"Eine Welt Gruppe - Weltladen Kitzingen\" \/>\n<meta property=\"og:description\" content=\"[vc_row][vc_column][vc_empty_space][vc_column_text] \u00dcber die eine Welt Gruppe [\/vc_column_text][vc_column_text css_animation=&#8220;top-to-bottom&#8220;] Mitte 1990 trafen sich die ASF-Frauen (Arbeitsgemeinschaft Sozialdemokrati\u00adscher Frauen) unter Leitung von Doris Vay, um einen Vortrag von Elisabeth Bachleitner als Terre-des-hommes Vertreterin \u00fcber die Ausbeutung von Kindern im internationalen Produkterzeugungs- und Handelsprozess zu h\u00f6ren. Im Anschluss an den Vortrag sagte Frau M\u00f6hres-Moser zu den Anwesenden, dass&hellip;\" \/>\n<meta property=\"og:url\" content=\"https:\/\/weltlaeden.de\/kitzingen\/ueber-uns\/\" \/>\n<meta property=\"og:site_name\" content=\"Weltladen Kitzingen\" \/>\n<meta property=\"article:modified_time\" content=\"2021-10-01T12:16:38+00:00\" \/>\n<meta property=\"og:image\" content=\"https:\/\/weltlaeden.de\/kitzingen\/wp-content\/uploads\/sites\/152\/2019\/04\/board-game-challenge-chess-209728_1200x519-e1555324787982.png\" \/>\n<meta name=\"twitter:card\" content=\"summary_large_image\" \/>\n<meta name=\"twitter:label1\" content=\"Gesch\u00e4tzte Lesezeit\" \/>\n\t<meta name=\"twitter:data1\" content=\"2\u00a0Minuten\" \/>\n<script type=\"application\/ld+json\" class=\"yoast-schema-graph\">{\"@context\":\"https:\/\/schema.org\",\"@graph\":[{\"@type\":\"WebPage\",\"@id\":\"https:\/\/weltlaeden.de\/kitzingen\/ueber-uns\/\",\"url\":\"https:\/\/weltlaeden.de\/kitzingen\/ueber-uns\/\",\"name\":\"Eine Welt Gruppe - Weltladen Kitzingen\",\"isPartOf\":{\"@id\":\"https:\/\/weltlaeden.de\/kitzingen\/#website\"},\"primaryImageOfPage\":{\"@id\":\"https:\/\/weltlaeden.de\/kitzingen\/ueber-uns\/#primaryimage\"},\"image\":{\"@id\":\"https:\/\/weltlaeden.de\/kitzingen\/ueber-uns\/#primaryimage\"},\"thumbnailUrl\":\"https:\/\/weltlaeden.de\/kitzingen\/wp-content\/uploads\/sites\/152\/2019\/04\/board-game-challenge-chess-209728_1200x519-e1555324787982.png\",\"datePublished\":\"2016-10-28T11:34:47+00:00\",\"dateModified\":\"2021-10-01T12:16:38+00:00\",\"breadcrumb\":{\"@id\":\"https:\/\/weltlaeden.de\/kitzingen\/ueber-uns\/#breadcrumb\"},\"inLanguage\":\"de\",\"potentialAction\":[{\"@type\":\"ReadAction\",\"target\":[\"https:\/\/weltlaeden.de\/kitzingen\/ueber-uns\/\"]}]},{\"@type\":\"ImageObject\",\"inLanguage\":\"de\",\"@id\":\"https:\/\/weltlaeden.de\/kitzingen\/ueber-uns\/#primaryimage\",\"url\":\"https:\/\/weltlaeden.de\/kitzingen\/wp-content\/uploads\/sites\/152\/2019\/04\/board-game-challenge-chess-209728_1200x519-e1555324787982.png\",\"contentUrl\":\"https:\/\/weltlaeden.de\/kitzingen\/wp-content\/uploads\/sites\/152\/2019\/04\/board-game-challenge-chess-209728_1200x519-e1555324787982.png\",\"width\":787,\"height\":340},{\"@type\":\"BreadcrumbList\",\"@id\":\"https:\/\/weltlaeden.de\/kitzingen\/ueber-uns\/#breadcrumb\",\"itemListElement\":[{\"@type\":\"ListItem\",\"position\":1,\"name\":\"Startseite\",\"item\":\"https:\/\/weltlaeden.de\/kitzingen\/\"},{\"@type\":\"ListItem\",\"position\":2,\"name\":\"Eine Welt Gruppe\"}]},{\"@type\":\"WebSite\",\"@id\":\"https:\/\/weltlaeden.de\/kitzingen\/#website\",\"url\":\"https:\/\/weltlaeden.de\/kitzingen\/\",\"name\":\"Weltladen Kitzingen\",\"description\":\"Der Weltladen in Kitzingen ist ein Fachgesch\u00e4ft des Fairen Handels und Mitglied im Weltladen-Dachverband\",\"potentialAction\":[{\"@type\":\"SearchAction\",\"target\":{\"@type\":\"EntryPoint\",\"urlTemplate\":\"https:\/\/weltlaeden.de\/kitzingen\/?s={search_term_string}\"},\"query-input\":{\"@type\":\"PropertyValueSpecification\",\"valueRequired\":true,\"valueName\":\"search_term_string\"}}],\"inLanguage\":\"de\"}]}<\/script>\n<!-- \/ Yoast SEO plugin. -->","yoast_head_json":{"title":"Eine Welt Gruppe - Weltladen Kitzingen","robots":{"index":"index","follow":"follow","max-snippet":"max-snippet:-1","max-image-preview":"max-image-preview:large","max-video-preview":"max-video-preview:-1"},"canonical":"https:\/\/weltlaeden.de\/kitzingen\/ueber-uns\/","og_locale":"de_DE","og_type":"article","og_title":"Eine Welt Gruppe - Weltladen Kitzingen","og_description":"[vc_row][vc_column][vc_empty_space][vc_column_text] \u00dcber die eine Welt Gruppe [\/vc_column_text][vc_column_text css_animation=&#8220;top-to-bottom&#8220;] Mitte 1990 trafen sich die ASF-Frauen (Arbeitsgemeinschaft Sozialdemokrati\u00adscher Frauen) unter Leitung von Doris Vay, um einen Vortrag von Elisabeth Bachleitner als Terre-des-hommes Vertreterin \u00fcber die Ausbeutung von Kindern im internationalen Produkterzeugungs- und Handelsprozess zu h\u00f6ren. Im Anschluss an den Vortrag sagte Frau M\u00f6hres-Moser zu den Anwesenden, dass&hellip;","og_url":"https:\/\/weltlaeden.de\/kitzingen\/ueber-uns\/","og_site_name":"Weltladen Kitzingen","article_modified_time":"2021-10-01T12:16:38+00:00","og_image":[{"url":"https:\/\/weltlaeden.de\/kitzingen\/wp-content\/uploads\/sites\/152\/2019\/04\/board-game-challenge-chess-209728_1200x519-e1555324787982.png","type":"","width":"","height":""}],"twitter_card":"summary_large_image","twitter_misc":{"Gesch\u00e4tzte Lesezeit":"2\u00a0Minuten"},"schema":{"@context":"https:\/\/schema.org","@graph":[{"@type":"WebPage","@id":"https:\/\/weltlaeden.de\/kitzingen\/ueber-uns\/","url":"https:\/\/weltlaeden.de\/kitzingen\/ueber-uns\/","name":"Eine Welt Gruppe - Weltladen Kitzingen","isPartOf":{"@id":"https:\/\/weltlaeden.de\/kitzingen\/#website"},"primaryImageOfPage":{"@id":"https:\/\/weltlaeden.de\/kitzingen\/ueber-uns\/#primaryimage"},"image":{"@id":"https:\/\/weltlaeden.de\/kitzingen\/ueber-uns\/#primaryimage"},"thumbnailUrl":"https:\/\/weltlaeden.de\/kitzingen\/wp-content\/uploads\/sites\/152\/2019\/04\/board-game-challenge-chess-209728_1200x519-e1555324787982.png","datePublished":"2016-10-28T11:34:47+00:00","dateModified":"2021-10-01T12:16:38+00:00","breadcrumb":{"@id":"https:\/\/weltlaeden.de\/kitzingen\/ueber-uns\/#breadcrumb"},"inLanguage":"de","potentialAction":[{"@type":"ReadAction","target":["https:\/\/weltlaeden.de\/kitzingen\/ueber-uns\/"]}]},{"@type":"ImageObject","inLanguage":"de","@id":"https:\/\/weltlaeden.de\/kitzingen\/ueber-uns\/#primaryimage","url":"https:\/\/weltlaeden.de\/kitzingen\/wp-content\/uploads\/sites\/152\/2019\/04\/board-game-challenge-chess-209728_1200x519-e1555324787982.png","contentUrl":"https:\/\/weltlaeden.de\/kitzingen\/wp-content\/uploads\/sites\/152\/2019\/04\/board-game-challenge-chess-209728_1200x519-e1555324787982.png","width":787,"height":340},{"@type":"BreadcrumbList","@id":"https:\/\/weltlaeden.de\/kitzingen\/ueber-uns\/#breadcrumb","itemListElement":[{"@type":"ListItem","position":1,"name":"Startseite","item":"https:\/\/weltlaeden.de\/kitzingen\/"},{"@type":"ListItem","position":2,"name":"Eine Welt Gruppe"}]},{"@type":"WebSite","@id":"https:\/\/weltlaeden.de\/kitzingen\/#website","url":"https:\/\/weltlaeden.de\/kitzingen\/","name":"Weltladen Kitzingen","description":"Der Weltladen in Kitzingen ist ein Fachgesch\u00e4ft des Fairen Handels und Mitglied im Weltladen-Dachverband","potentialAction":[{"@type":"SearchAction","target":{"@type":"EntryPoint","urlTemplate":"https:\/\/weltlaeden.de\/kitzingen\/?s={search_term_string}"},"query-input":{"@type":"PropertyValueSpecification","valueRequired":true,"valueName":"search_term_string"}}],"inLanguage":"de"}]}},"_links":{"self":[{"href":"https:\/\/weltlaeden.de\/kitzingen\/wp-json\/wp\/v2\/pages\/219","targetHints":{"allow":["GET"]}}],"collection":[{"href":"https:\/\/weltlaeden.de\/kitzingen\/wp-json\/wp\/v2\/pages"}],"about":[{"href":"https:\/\/weltlaeden.de\/kitzingen\/wp-json\/wp\/v2\/types\/page"}],"author":[{"embeddable":true,"href":"https:\/\/weltlaeden.de\/kitzingen\/wp-json\/wp\/v2\/users\/1"}],"replies":[{"embeddable":true,"href":"https:\/\/weltlaeden.de\/kitzingen\/wp-json\/wp\/v2\/comments?post=219"}],"version-history":[{"count":29,"href":"https:\/\/weltlaeden.de\/kitzingen\/wp-json\/wp\/v2\/pages\/219\/revisions"}],"predecessor-version":[{"id":1094,"href":"https:\/\/weltlaeden.de\/kitzingen\/wp-json\/wp\/v2\/pages\/219\/revisions\/1094"}],"wp:attachment":[{"href":"https:\/\/weltlaeden.de\/kitzingen\/wp-json\/wp\/v2\/media?parent=219"}],"curies":[{"name":"wp","href":"https:\/\/api.w.org\/{rel}","templated":true}]}}