{"id":350,"date":"2017-12-07T16:15:38","date_gmt":"2017-12-07T15:15:38","guid":{"rendered":"https:\/\/weltlaeden.de\/kiel\/?page_id=350"},"modified":"2022-03-30T17:07:14","modified_gmt":"2022-03-30T15:07:14","slug":"wir-suchen-wir-bieten","status":"publish","type":"page","link":"https:\/\/weltlaeden.de\/kiel\/wir-suchen-wir-bieten\/","title":{"rendered":"Wir suchen\/ wir bieten"},"content":{"rendered":"<div class=\"wpb-content-wrapper\"><p>[vc_row][vc_column][vc_column_text]<\/p>\n<h2>Wir suchen\/ wir bieten<\/h2>\n<p>[\/vc_column_text]<div class=\"wl_einzelbild\"><p><img loading=\"lazy\" decoding=\"async\" class=\"aligncenter size-full wp-image-352\" src=\"https:\/\/weltlaeden.de\/kiel\/wp-content\/uploads\/sites\/27\/2017\/12\/hilfreiche-h\u00e4nde2laden.jpg\" alt=\"\" width=\"680\" height=\"593\" srcset=\"https:\/\/weltlaeden.de\/kiel\/wp-content\/uploads\/sites\/27\/2017\/12\/hilfreiche-h\u00e4nde2laden.jpg 680w, https:\/\/weltlaeden.de\/kiel\/wp-content\/uploads\/sites\/27\/2017\/12\/hilfreiche-h\u00e4nde2laden-300x262.jpg 300w\" sizes=\"auto, (max-width: 680px) 100vw, 680px\" \/><\/p><\/div>[vc_column_text]<\/p>\n<p>&nbsp;<\/p>\n<p>&nbsp;<\/p>\n<p>&nbsp;<\/p>\n<p>&nbsp;<\/p>\n<p>&nbsp;<\/p>\n<p>Der Weltladen Kiel wird vom ca. 20-k\u00f6pfigen Team betrieben. Alle laufenden Aufgaben wie, Warenbestellung, Verkauf, Werbung, Ladengestaltung und Buchf\u00fchrung, werden ehrenamtlich erledigt. Obwohl wir alle sehr flei\u00dfig und engagiert sind, ist jede Hilfe herzlich willkommen.<\/p>\n<p>Aus diesem Grund suchen wir Menschen, die an jeglicher Mitarbeit im Weltladen interessiert sind. Sind Sie ein Verkaufstalent? Haben Sie tolle Ideen, wie man f\u00fcr Produkte aus Fairem Handel werben kann? Dann kommen Sie zu uns! Bei uns finden Sie eine passende Aufgabe f\u00fcr sich! Alle Fragen bez\u00fcglich der Mitarbeit im Weltladen k\u00f6nnen sie im Laden w\u00e4hrend der \u00d6ffnungszeiten oder beim Ladentreff kl\u00e4ren.[\/vc_column_text][\/vc_column][vc_column][\/vc_column][vc_column][\/vc_column][\/vc_row]<\/p>\n<\/div>","protected":false},"excerpt":{"rendered":"<p>[vc_row][vc_column][vc_column_text] Wir suchen\/ wir bieten [\/vc_column_text][vc_column_text] &nbsp; &nbsp; &nbsp; &nbsp; &nbsp; Der Weltladen Kiel wird vom ca. 20-k\u00f6pfigen Team betrieben. Alle laufenden Aufgaben wie, Warenbestellung, Verkauf, Werbung, Ladengestaltung und Buchf\u00fchrung, werden ehrenamtlich erledigt. Obwohl wir alle sehr flei\u00dfig und engagiert sind, ist jede Hilfe herzlich willkommen. Aus diesem Grund suchen wir Menschen, die an jeglicher&hellip;<\/p>\n","protected":false},"author":45,"featured_media":0,"parent":0,"menu_order":6,"comment_status":"closed","ping_status":"closed","template":"","meta":{"footnotes":""},"class_list":["post-350","page","type-page","status-publish","hentry","description-off"],"_links":{"self":[{"href":"https:\/\/weltlaeden.de\/kiel\/wp-json\/wp\/v2\/pages\/350","targetHints":{"allow":["GET"]}}],"collection":[{"href":"https:\/\/weltlaeden.de\/kiel\/wp-json\/wp\/v2\/pages"}],"about":[{"href":"https:\/\/weltlaeden.de\/kiel\/wp-json\/wp\/v2\/types\/page"}],"author":[{"embeddable":true,"href":"https:\/\/weltlaeden.de\/kiel\/wp-json\/wp\/v2\/users\/45"}],"replies":[{"embeddable":true,"href":"https:\/\/weltlaeden.de\/kiel\/wp-json\/wp\/v2\/comments?post=350"}],"version-history":[{"count":6,"href":"https:\/\/weltlaeden.de\/kiel\/wp-json\/wp\/v2\/pages\/350\/revisions"}],"predecessor-version":[{"id":405,"href":"https:\/\/weltlaeden.de\/kiel\/wp-json\/wp\/v2\/pages\/350\/revisions\/405"}],"wp:attachment":[{"href":"https:\/\/weltlaeden.de\/kiel\/wp-json\/wp\/v2\/media?parent=350"}],"curies":[{"name":"wp","href":"https:\/\/api.w.org\/{rel}","templated":true}]}}