{"id":219,"date":"2016-10-28T13:34:47","date_gmt":"2016-10-28T11:34:47","guid":{"rendered":"https:\/\/wl.heimpixel.de\/kiel\/ueber-uns\/"},"modified":"2022-03-30T17:07:14","modified_gmt":"2022-03-30T15:07:14","slug":"ueber-uns","status":"publish","type":"page","link":"https:\/\/weltlaeden.de\/kiel\/ueber-uns\/","title":{"rendered":"\u00dcber uns"},"content":{"rendered":"<div class=\"wpb-content-wrapper\"><p>[vc_row][vc_column][vc_column_text]<\/p>\n<div class=\"wpb_text_column wpb_content_element \">\n<div class=\"wpb_wrapper\">\n<h1>\u00dcber den Weltladen Kiel<\/h1>\n<\/div>\n<\/div>\n<div class=\"wpb_text_column wpb_content_element \">\n<div class=\"wpb_wrapper\">\n<p><strong>Mitgliedschaft im Dachverband<\/strong><\/p>\n<p>Der Weltladen Kiel entstand 1975 und ist Mitglied im Weltladen-Dachverband. Wir erkennen die Konvention der Weltl\u00e4den als verbindliche Richtlinie f\u00fcr unsere Arbeit an. Die Konvention legt die Kriterien des Alternativen Handels fest.<\/p>\n<p><strong>Der Laden<\/strong><\/p>\n<p>Der Betrieb des eigenen Ladens stellt den gr\u00f6\u00dften Teil unserer Aktivit\u00e4ten dar. Im Laden verkaufen wir fair gehandelte Waren, wobei das Sortiment von diversen Kaffee- und Teesorten \u00fcber S\u00fc\u00dfwaren, Wein und Gew\u00fcrze bis hin zu Musikinstrumenten, Spielzeug, Korbwaren und anderer Handwerkskunst reicht.<\/p>\n<p><strong>Weitere Aktivit\u00e4ten<\/strong><\/p>\n<p>Unsere ehrenamtliche T\u00e4tigkeit umfasst auch \u00f6ffentlichkeitswirksame Aktionen. z.B. Infost\u00e4nde, F\u00fchrungen von Schulklassen oder Konfirmationsgruppen sowie Vortr\u00e4ge in Schulen und Jugendgruppen. Au\u00dferdem stellen wir LehrerInnen und PastorInnen entsprechende Informationsmaterial zur Verf\u00fcgung.<\/p>\n<p><strong>Der Verein<\/strong><\/p>\n<p>Tr\u00e4ger des Weltladens Kiel ist der Verein \u201eDritte Welt Laden Kiel e.V.\u201c. Der Verein setzt sich gr\u00f6\u00dftenteils aus ehemaligen und aktiven MitarbeiterInnen des Weltladens zusammen und beschlie\u00dft \u00fcber die Verwendung erwirtschafteter \u00dcbersch\u00fcsse, sowie \u00fcber Personalfragen. Die praktische Organisation des Ladens ist den aktiven Mitgliedern \u00fcberlassen, wobei eine Mitgliedschaft im Verein keine zwingende Voraussetzung f\u00fcr die Mitarbeit im Laden ist. Eine Mitgliederversammlung erfolgt mindestens einmal pro Jahr und wird auf diesen Seiten unter \u201eTermine\u201c angek\u00fcndigt. Der Mitgliedsbeitrag betr\u00e4gt \u20ac 60.- im Jahr.<\/p>\n<\/div>\n<\/div>\n<p>[\/vc_column_text][\/vc_column][\/vc_row]<\/p>\n<\/div>","protected":false},"excerpt":{"rendered":"<p>[vc_row][vc_column][vc_column_text] \u00dcber den Weltladen Kiel Mitgliedschaft im Dachverband Der Weltladen Kiel entstand 1975 und ist Mitglied im Weltladen-Dachverband. Wir erkennen die Konvention der Weltl\u00e4den als verbindliche Richtlinie f\u00fcr unsere Arbeit an. Die Konvention legt die Kriterien des Alternativen Handels fest. Der Laden Der Betrieb des eigenen Ladens stellt den gr\u00f6\u00dften Teil unserer Aktivit\u00e4ten dar. Im&hellip;<\/p>\n","protected":false},"author":1,"featured_media":0,"parent":0,"menu_order":5,"comment_status":"closed","ping_status":"closed","template":"","meta":{"footnotes":""},"class_list":["post-219","page","type-page","status-publish","hentry","description-off"],"_links":{"self":[{"href":"https:\/\/weltlaeden.de\/kiel\/wp-json\/wp\/v2\/pages\/219","targetHints":{"allow":["GET"]}}],"collection":[{"href":"https:\/\/weltlaeden.de\/kiel\/wp-json\/wp\/v2\/pages"}],"about":[{"href":"https:\/\/weltlaeden.de\/kiel\/wp-json\/wp\/v2\/types\/page"}],"author":[{"embeddable":true,"href":"https:\/\/weltlaeden.de\/kiel\/wp-json\/wp\/v2\/users\/1"}],"replies":[{"embeddable":true,"href":"https:\/\/weltlaeden.de\/kiel\/wp-json\/wp\/v2\/comments?post=219"}],"version-history":[{"count":11,"href":"https:\/\/weltlaeden.de\/kiel\/wp-json\/wp\/v2\/pages\/219\/revisions"}],"predecessor-version":[{"id":430,"href":"https:\/\/weltlaeden.de\/kiel\/wp-json\/wp\/v2\/pages\/219\/revisions\/430"}],"wp:attachment":[{"href":"https:\/\/weltlaeden.de\/kiel\/wp-json\/wp\/v2\/media?parent=219"}],"curies":[{"name":"wp","href":"https:\/\/api.w.org\/{rel}","templated":true}]}}