{"id":20,"date":"2016-10-14T09:05:21","date_gmt":"2016-10-14T07:05:21","guid":{"rendered":"https:\/\/wl.heimpixel.de\/kiel\/weltladen-musterdorf\/"},"modified":"2026-04-08T14:39:28","modified_gmt":"2026-04-08T12:39:28","slug":"startseite","status":"publish","type":"page","link":"https:\/\/weltlaeden.de\/kiel\/","title":{"rendered":"Weltladen Kiel"},"content":{"rendered":"<div class=\"wpb-content-wrapper\"><h1 style=\"text-align: left\">Willkommen im Weltladen Kiel!<\/h1>\n<p>&nbsp;<\/p>\n<h2>Was Sie auf dieser Webseite finden:<\/h2>\n<p>[vc_empty_space height=&#8220;20px&#8220;][vc_row_inner][vc_column_inner width=&#8220;3\/4&#8243;][vc_column_text]<\/p>\n<h3>Fairer Handel<\/h3>\n<p>Was meint Fairer Handel \u00fcberhaupt? Welche Kriterien m\u00fcssen eingehalten werden und wer \u00fcberpr\u00fcft diese ? <a href=\"https:\/\/weltlaeden.de\/kiel\/fairer-handel\/\">Erfahren Sie mehr &#8230;<\/a>[\/vc_column_text][\/vc_column_inner][\/vc_row_inner][vc_separator][vc_row_inner][vc_column_inner width=&#8220;3\/4&#8243;][vc_column_text]<\/p>\n<h3>Produkte<\/h3>\n<p>Unsere Produkte im Weltladen sind nat\u00fcrlich alle aus Fairem Handel, dennoch kommen sie von unterschiedlichen Fair-Handels-Importeuren. <a href=\"https:\/\/weltlaeden.de\/kiel\/produkte\/\">Hier zeigen wir Ihnen unser Sortiment &#8230;<\/a>[\/vc_column_text][\/vc_column_inner][\/vc_row_inner][vc_separator][vc_row_inner][vc_column_inner width=&#8220;3\/4&#8243;][vc_column_text]<\/p>\n<h3>\u00dcber uns<\/h3>\n<p>Wer wir sind, warum wir uns f\u00fcr Fairen Handel engagieren und wie man bei uns mitmachen kann &#8211; <a href=\"https:\/\/weltlaeden.de\/kiel\/ueber-uns\/\">hier stellen wir uns vor &#8230;<\/a>[\/vc_column_text][\/vc_column_inner][\/vc_row_inner][vc_separator][vc_row_inner][vc_column_inner width=&#8220;3\/4&#8243;][vc_column_text]<\/p>\n<h3>Termine<\/h3>\n<p>Bei uns ist immer etwas los! Wir treffen uns regelm\u00e4\u00dfig zu Teamsitzungen und Fortbildungen, organisieren aber auch immer mal wieder eine Veranstaltung zum Fairen Handel und verwandten Themen. <a href=\"https:\/\/weltlaeden.de\/kiel\/termine\/\">Hier erfahren Sie was bei uns los ist \u2026<\/a><br \/>\n[\/vc_column_text]<\/p>\n<p>&nbsp;<\/p>\n<h1 style=\"text-align: center\">Sonnenglas aus S\u00fcdafrika<\/h1>\n<h2><\/h2>\n<p><img loading=\"lazy\" decoding=\"async\" class=\"size-medium wp-image-582 aligncenter\" src=\"https:\/\/weltlaeden.de\/kiel\/wp-content\/uploads\/sites\/27\/2022\/11\/solarlampe_2-300x161.jpg\" alt=\"solarlampe_2.jpg\" width=\"300\" height=\"161\" srcset=\"https:\/\/weltlaeden.de\/kiel\/wp-content\/uploads\/sites\/27\/2022\/11\/solarlampe_2-300x161.jpg 300w, https:\/\/weltlaeden.de\/kiel\/wp-content\/uploads\/sites\/27\/2022\/11\/solarlampe_2.jpg 472w\" sizes=\"auto, (max-width: 300px) 100vw, 300px\" \/><\/p>\n<p>Sonnenglas bis 24 Stunden Leuchtdauer, bei voller Aufladung.<br \/>\nSollte in Kiel mal die Sonne nicht scheinen, kann der Akku mit einem Mini USB Ladekabel aufgeladen werden.<\/p>\n<ul>\n<li>Generation 6 ist stufenlos dimmbar<\/li>\n<li>Die Sonnenmodule funktionieren zum ersten Mal auch unabh\u00e4ngig vom Glas und sind tauglich f\u00fcr die Hosentasche.<\/li>\n<li>Die Leuchtkraft ist bis zu 5x heller und w\u00e4rmer als zuvor<\/li>\n<li>Deutlich verbesserte Leuchtdauer und Solarlade-Effizienz<\/li>\n<li>Wechsel auf den modernen USB-C-Standard<\/li>\n<li>Die Sonnenmodule sind als eigene SKUs erh\u00e4ltlich.<\/li>\n<\/ul>\n<p>&nbsp;<\/p>\n<p>Sonnenglas Classic Generation 6;\u00a0 39,95 \u20ac<\/p>\n<p>Sonnenglas Mini Generation 6;\u00a0\u00a0\u00a0\u00a0\u00a0\u00a0 35,00 \u20ac<\/p>\n<p>&nbsp;<\/p>\n<h1 style=\"text-align: center\"><\/h1>\n<p><img loading=\"lazy\" decoding=\"async\" class=\"size-medium wp-image-540 aligncenter\" src=\"https:\/\/weltlaeden.de\/kiel\/wp-content\/uploads\/sites\/27\/2022\/03\/sonnenglaeser-300x293.jpg\" alt=\"\" width=\"300\" height=\"293\" srcset=\"https:\/\/weltlaeden.de\/kiel\/wp-content\/uploads\/sites\/27\/2022\/03\/sonnenglaeser-300x293.jpg 300w, https:\/\/weltlaeden.de\/kiel\/wp-content\/uploads\/sites\/27\/2022\/03\/sonnenglaeser.jpg 750w\" sizes=\"auto, (max-width: 300px) 100vw, 300px\" \/><\/p>\n<h1 style=\"text-align: center\"><\/h1>\n<\/div>","protected":false},"excerpt":{"rendered":"<p>Willkommen im Weltladen Kiel! &nbsp; Was Sie auf dieser Webseite finden: [vc_empty_space height=&#8220;20px&#8220;][vc_row_inner][vc_column_inner width=&#8220;3\/4&#8243;][vc_column_text] Fairer Handel Was meint Fairer Handel \u00fcberhaupt? Welche Kriterien m\u00fcssen eingehalten werden und wer \u00fcberpr\u00fcft diese ? Erfahren Sie mehr &#8230;[\/vc_column_text][\/vc_column_inner][\/vc_row_inner][vc_separator][vc_row_inner][vc_column_inner width=&#8220;3\/4&#8243;][vc_column_text] Produkte Unsere Produkte im Weltladen sind nat\u00fcrlich alle aus Fairem Handel, dennoch kommen sie von unterschiedlichen Fair-Handels-Importeuren. Hier zeigen&hellip;<\/p>\n","protected":false},"author":1,"featured_media":0,"parent":0,"menu_order":1,"comment_status":"closed","ping_status":"closed","template":"","meta":{"footnotes":""},"class_list":["post-20","page","type-page","status-publish","hentry","description-off"],"_links":{"self":[{"href":"https:\/\/weltlaeden.de\/kiel\/wp-json\/wp\/v2\/pages\/20","targetHints":{"allow":["GET"]}}],"collection":[{"href":"https:\/\/weltlaeden.de\/kiel\/wp-json\/wp\/v2\/pages"}],"about":[{"href":"https:\/\/weltlaeden.de\/kiel\/wp-json\/wp\/v2\/types\/page"}],"author":[{"embeddable":true,"href":"https:\/\/weltlaeden.de\/kiel\/wp-json\/wp\/v2\/users\/1"}],"replies":[{"embeddable":true,"href":"https:\/\/weltlaeden.de\/kiel\/wp-json\/wp\/v2\/comments?post=20"}],"version-history":[{"count":126,"href":"https:\/\/weltlaeden.de\/kiel\/wp-json\/wp\/v2\/pages\/20\/revisions"}],"predecessor-version":[{"id":562,"href":"https:\/\/weltlaeden.de\/kiel\/wp-json\/wp\/v2\/pages\/20\/revisions\/562"}],"wp:attachment":[{"href":"https:\/\/weltlaeden.de\/kiel\/wp-json\/wp\/v2\/media?parent=20"}],"curies":[{"name":"wp","href":"https:\/\/api.w.org\/{rel}","templated":true}]}}