{"id":929,"date":"2025-10-30T07:23:52","date_gmt":"2025-10-30T06:23:52","guid":{"rendered":"https:\/\/weltlaeden.de\/katzenelnbogen\/produkte\/premium-bio-cashews-von-afreenuts-2\/"},"modified":"2025-10-30T07:23:52","modified_gmt":"2025-10-30T06:23:52","slug":"premium-bio-cashews-von-afreenuts-2","status":"publish","type":"page","link":"https:\/\/weltlaeden.de\/katzenelnbogen\/produkte\/premium-bio-cashews-von-afreenuts-2\/","title":{"rendered":"Premium Bio-Cashews von AfreeNuts"},"content":{"rendered":"<div class=\"wpb-content-wrapper\"><p>[vc_row][vc_column]<div class=\"wl_einzelbild\"><p><img loading=\"lazy\" decoding=\"async\" class=\"alignnone size-medium wp-image-854\" src=\"https:\/\/weltlaeden.de\/katzenelnbogen\/wp-content\/uploads\/sites\/229\/2025\/09\/400g_Cashews_natur_f.jpg-214x300.jpg\" alt=\"\" width=\"214\" height=\"300\" \/><\/p><\/div>[\/vc_column][\/vc_row][vc_row][vc_column][vc_empty_space][\/vc_column][\/vc_row][vc_row][vc_column][vc_column_text css=&#8220;&#8220;]<strong><em>Blitzlicht Produkte<\/em><\/strong><\/p>\n<h1>N\u00fcsse, die gl\u00fccklich machen<\/h1>\n<p>Naturbelassene knackfrische Bio-Cashews aus Togo vollkommen unbehandelt und nat\u00fcrlich liefert Afreegems, der Anbieter f\u00fcr afrikanische fair gehandelte Produkte. Unter der Submarke Afreenuts bieten sie die besten N\u00fcsse Afrikas an, ohne heimische industrielle Gor\u00dfanlage und ohne Zwischenh\u00e4ndler. Daneben werden alle Produkte nachhaltig angebaut und verpackt.<\/p>\n<p>F\u00fcnf Monate lang wachsen die Bio-Cashews unter der hei\u00dfen Sonne Westafrikas bevor sie geernet und verpackt werden und sind nicht nur ein wunderbarer Genuss sondern versorgen zus\u00e4tzlich mit extra viel Magnesium, Eisen, Phosphor und wertvollen Fetts\u00e4uren.<\/p>\n<p>Nicht nur als Energiebooster im M\u00fcsli, Geschmacksgeber im Salat oder als Zutat beim Backen oder Kochen bieten die kleinen Gl\u00fccklichmacher einen perfekten, ganzheitlichen Genuss.<\/p>\n<p><strong>Entdecke diesen und andere Powersnacks \u2013 bei uns im Weltladen.<\/strong><\/p>\n<p>&nbsp;<\/p>\n<p>[\/vc_column_text][\/vc_column][\/vc_row]<\/p>\n<\/div>","protected":false},"excerpt":{"rendered":"<p>[vc_row][vc_column][\/vc_column][\/vc_row][vc_row][vc_column][vc_empty_space][\/vc_column][\/vc_row][vc_row][vc_column][vc_column_text css=&#8220;&#8220;]Blitzlicht Produkte N\u00fcsse, die gl\u00fccklich machen Naturbelassene knackfrische Bio-Cashews aus Togo vollkommen unbehandelt und nat\u00fcrlich liefert Afreegems, der Anbieter f\u00fcr afrikanische fair gehandelte Produkte. Unter der Submarke Afreenuts bieten sie die besten N\u00fcsse Afrikas an, ohne heimische industrielle Gor\u00dfanlage und ohne Zwischenh\u00e4ndler. Daneben werden alle Produkte nachhaltig angebaut und verpackt. F\u00fcnf Monate lang wachsen&hellip;<\/p>\n","protected":false},"author":14,"featured_media":0,"parent":217,"menu_order":2,"comment_status":"closed","ping_status":"closed","template":"","meta":{"footnotes":""},"class_list":["post-929","page","type-page","status-publish","hentry","description-off"],"yoast_head":"<!-- This site is optimized with the Yoast SEO plugin v26.8 - https:\/\/yoast.com\/product\/yoast-seo-wordpress\/ -->\n<title>Premium Bio-Cashews von AfreeNuts - Weltladen Katzenelnbogen<\/title>\n<meta name=\"robots\" content=\"index, follow, max-snippet:-1, max-image-preview:large, max-video-preview:-1\" \/>\n<link rel=\"canonical\" href=\"https:\/\/weltlaeden.de\/katzenelnbogen\/produkte\/premium-bio-cashews-von-afreenuts-2\/\" \/>\n<meta property=\"og:locale\" content=\"de_DE\" \/>\n<meta property=\"og:type\" content=\"article\" \/>\n<meta property=\"og:title\" content=\"Premium Bio-Cashews von AfreeNuts - Weltladen Katzenelnbogen\" \/>\n<meta property=\"og:description\" content=\"[vc_row][vc_column][\/vc_column][\/vc_row][vc_row][vc_column][vc_empty_space][\/vc_column][\/vc_row][vc_row][vc_column][vc_column_text css=&#8220;&#8220;]Blitzlicht Produkte N\u00fcsse, die gl\u00fccklich machen Naturbelassene knackfrische Bio-Cashews aus Togo vollkommen unbehandelt und nat\u00fcrlich liefert Afreegems, der Anbieter f\u00fcr afrikanische fair gehandelte Produkte. Unter der Submarke Afreenuts bieten sie die besten N\u00fcsse Afrikas an, ohne heimische industrielle Gor\u00dfanlage und ohne Zwischenh\u00e4ndler. Daneben werden alle Produkte nachhaltig angebaut und verpackt. F\u00fcnf Monate lang wachsen&hellip;\" \/>\n<meta property=\"og:url\" content=\"https:\/\/weltlaeden.de\/katzenelnbogen\/produkte\/premium-bio-cashews-von-afreenuts-2\/\" \/>\n<meta property=\"og:site_name\" content=\"Weltladen Katzenelnbogen\" \/>\n<meta property=\"og:image\" content=\"https:\/\/weltlaeden.de\/katzenelnbogen\/wp-content\/uploads\/sites\/229\/2025\/09\/400g_Cashews_natur_f.jpg-e1757427610410.jpg\" \/>\n\t<meta property=\"og:image:width\" content=\"200\" \/>\n\t<meta property=\"og:image:height\" content=\"235\" \/>\n\t<meta property=\"og:image:type\" content=\"image\/jpeg\" \/>\n<meta name=\"twitter:card\" content=\"summary_large_image\" \/>\n<meta name=\"twitter:label1\" content=\"Gesch\u00e4tzte Lesezeit\" \/>\n\t<meta name=\"twitter:data1\" content=\"1\u00a0Minute\" \/>\n<script type=\"application\/ld+json\" class=\"yoast-schema-graph\">{\"@context\":\"https:\/\/schema.org\",\"@graph\":[{\"@type\":\"WebPage\",\"@id\":\"https:\/\/weltlaeden.de\/katzenelnbogen\/produkte\/premium-bio-cashews-von-afreenuts-2\/\",\"url\":\"https:\/\/weltlaeden.de\/katzenelnbogen\/produkte\/premium-bio-cashews-von-afreenuts-2\/\",\"name\":\"Premium Bio-Cashews von AfreeNuts - Weltladen Katzenelnbogen\",\"isPartOf\":{\"@id\":\"https:\/\/weltlaeden.de\/katzenelnbogen\/#website\"},\"primaryImageOfPage\":{\"@id\":\"https:\/\/weltlaeden.de\/katzenelnbogen\/produkte\/premium-bio-cashews-von-afreenuts-2\/#primaryimage\"},\"image\":{\"@id\":\"https:\/\/weltlaeden.de\/katzenelnbogen\/produkte\/premium-bio-cashews-von-afreenuts-2\/#primaryimage\"},\"thumbnailUrl\":\"https:\/\/weltlaeden.de\/katzenelnbogen\/wp-content\/uploads\/sites\/229\/2025\/09\/400g_Cashews_natur_f.jpg-214x300.jpg\",\"datePublished\":\"2025-10-30T06:23:52+00:00\",\"breadcrumb\":{\"@id\":\"https:\/\/weltlaeden.de\/katzenelnbogen\/produkte\/premium-bio-cashews-von-afreenuts-2\/#breadcrumb\"},\"inLanguage\":\"de\",\"potentialAction\":[{\"@type\":\"ReadAction\",\"target\":[\"https:\/\/weltlaeden.de\/katzenelnbogen\/produkte\/premium-bio-cashews-von-afreenuts-2\/\"]}]},{\"@type\":\"ImageObject\",\"inLanguage\":\"de\",\"@id\":\"https:\/\/weltlaeden.de\/katzenelnbogen\/produkte\/premium-bio-cashews-von-afreenuts-2\/#primaryimage\",\"url\":\"https:\/\/weltlaeden.de\/katzenelnbogen\/wp-content\/uploads\/sites\/229\/2025\/09\/400g_Cashews_natur_f.jpg-e1757427610410.jpg\",\"contentUrl\":\"https:\/\/weltlaeden.de\/katzenelnbogen\/wp-content\/uploads\/sites\/229\/2025\/09\/400g_Cashews_natur_f.jpg-e1757427610410.jpg\",\"width\":200,\"height\":235},{\"@type\":\"BreadcrumbList\",\"@id\":\"https:\/\/weltlaeden.de\/katzenelnbogen\/produkte\/premium-bio-cashews-von-afreenuts-2\/#breadcrumb\",\"itemListElement\":[{\"@type\":\"ListItem\",\"position\":1,\"name\":\"Startseite\",\"item\":\"https:\/\/weltlaeden.de\/katzenelnbogen\/\"},{\"@type\":\"ListItem\",\"position\":2,\"name\":\"Produkte\",\"item\":\"https:\/\/weltlaeden.de\/katzenelnbogen\/produkte\/\"},{\"@type\":\"ListItem\",\"position\":3,\"name\":\"Premium Bio-Cashews von AfreeNuts\"}]},{\"@type\":\"WebSite\",\"@id\":\"https:\/\/weltlaeden.de\/katzenelnbogen\/#website\",\"url\":\"https:\/\/weltlaeden.de\/katzenelnbogen\/\",\"name\":\"Weltladen Katzenelnbogen\",\"description\":\"Faire Produkte seit 1990\",\"potentialAction\":[{\"@type\":\"SearchAction\",\"target\":{\"@type\":\"EntryPoint\",\"urlTemplate\":\"https:\/\/weltlaeden.de\/katzenelnbogen\/?s={search_term_string}\"},\"query-input\":{\"@type\":\"PropertyValueSpecification\",\"valueRequired\":true,\"valueName\":\"search_term_string\"}}],\"inLanguage\":\"de\"}]}<\/script>\n<!-- \/ Yoast SEO plugin. -->","yoast_head_json":{"title":"Premium Bio-Cashews von AfreeNuts - Weltladen Katzenelnbogen","robots":{"index":"index","follow":"follow","max-snippet":"max-snippet:-1","max-image-preview":"max-image-preview:large","max-video-preview":"max-video-preview:-1"},"canonical":"https:\/\/weltlaeden.de\/katzenelnbogen\/produkte\/premium-bio-cashews-von-afreenuts-2\/","og_locale":"de_DE","og_type":"article","og_title":"Premium Bio-Cashews von AfreeNuts - Weltladen Katzenelnbogen","og_description":"[vc_row][vc_column][\/vc_column][\/vc_row][vc_row][vc_column][vc_empty_space][\/vc_column][\/vc_row][vc_row][vc_column][vc_column_text css=&#8220;&#8220;]Blitzlicht Produkte N\u00fcsse, die gl\u00fccklich machen Naturbelassene knackfrische Bio-Cashews aus Togo vollkommen unbehandelt und nat\u00fcrlich liefert Afreegems, der Anbieter f\u00fcr afrikanische fair gehandelte Produkte. Unter der Submarke Afreenuts bieten sie die besten N\u00fcsse Afrikas an, ohne heimische industrielle Gor\u00dfanlage und ohne Zwischenh\u00e4ndler. Daneben werden alle Produkte nachhaltig angebaut und verpackt. F\u00fcnf Monate lang wachsen&hellip;","og_url":"https:\/\/weltlaeden.de\/katzenelnbogen\/produkte\/premium-bio-cashews-von-afreenuts-2\/","og_site_name":"Weltladen Katzenelnbogen","og_image":[{"width":200,"height":235,"url":"https:\/\/weltlaeden.de\/katzenelnbogen\/wp-content\/uploads\/sites\/229\/2025\/09\/400g_Cashews_natur_f.jpg-e1757427610410.jpg","type":"image\/jpeg"}],"twitter_card":"summary_large_image","twitter_misc":{"Gesch\u00e4tzte Lesezeit":"1\u00a0Minute"},"schema":{"@context":"https:\/\/schema.org","@graph":[{"@type":"WebPage","@id":"https:\/\/weltlaeden.de\/katzenelnbogen\/produkte\/premium-bio-cashews-von-afreenuts-2\/","url":"https:\/\/weltlaeden.de\/katzenelnbogen\/produkte\/premium-bio-cashews-von-afreenuts-2\/","name":"Premium Bio-Cashews von AfreeNuts - Weltladen Katzenelnbogen","isPartOf":{"@id":"https:\/\/weltlaeden.de\/katzenelnbogen\/#website"},"primaryImageOfPage":{"@id":"https:\/\/weltlaeden.de\/katzenelnbogen\/produkte\/premium-bio-cashews-von-afreenuts-2\/#primaryimage"},"image":{"@id":"https:\/\/weltlaeden.de\/katzenelnbogen\/produkte\/premium-bio-cashews-von-afreenuts-2\/#primaryimage"},"thumbnailUrl":"https:\/\/weltlaeden.de\/katzenelnbogen\/wp-content\/uploads\/sites\/229\/2025\/09\/400g_Cashews_natur_f.jpg-214x300.jpg","datePublished":"2025-10-30T06:23:52+00:00","breadcrumb":{"@id":"https:\/\/weltlaeden.de\/katzenelnbogen\/produkte\/premium-bio-cashews-von-afreenuts-2\/#breadcrumb"},"inLanguage":"de","potentialAction":[{"@type":"ReadAction","target":["https:\/\/weltlaeden.de\/katzenelnbogen\/produkte\/premium-bio-cashews-von-afreenuts-2\/"]}]},{"@type":"ImageObject","inLanguage":"de","@id":"https:\/\/weltlaeden.de\/katzenelnbogen\/produkte\/premium-bio-cashews-von-afreenuts-2\/#primaryimage","url":"https:\/\/weltlaeden.de\/katzenelnbogen\/wp-content\/uploads\/sites\/229\/2025\/09\/400g_Cashews_natur_f.jpg-e1757427610410.jpg","contentUrl":"https:\/\/weltlaeden.de\/katzenelnbogen\/wp-content\/uploads\/sites\/229\/2025\/09\/400g_Cashews_natur_f.jpg-e1757427610410.jpg","width":200,"height":235},{"@type":"BreadcrumbList","@id":"https:\/\/weltlaeden.de\/katzenelnbogen\/produkte\/premium-bio-cashews-von-afreenuts-2\/#breadcrumb","itemListElement":[{"@type":"ListItem","position":1,"name":"Startseite","item":"https:\/\/weltlaeden.de\/katzenelnbogen\/"},{"@type":"ListItem","position":2,"name":"Produkte","item":"https:\/\/weltlaeden.de\/katzenelnbogen\/produkte\/"},{"@type":"ListItem","position":3,"name":"Premium Bio-Cashews von AfreeNuts"}]},{"@type":"WebSite","@id":"https:\/\/weltlaeden.de\/katzenelnbogen\/#website","url":"https:\/\/weltlaeden.de\/katzenelnbogen\/","name":"Weltladen Katzenelnbogen","description":"Faire Produkte seit 1990","potentialAction":[{"@type":"SearchAction","target":{"@type":"EntryPoint","urlTemplate":"https:\/\/weltlaeden.de\/katzenelnbogen\/?s={search_term_string}"},"query-input":{"@type":"PropertyValueSpecification","valueRequired":true,"valueName":"search_term_string"}}],"inLanguage":"de"}]}},"_links":{"self":[{"href":"https:\/\/weltlaeden.de\/katzenelnbogen\/wp-json\/wp\/v2\/pages\/929","targetHints":{"allow":["GET"]}}],"collection":[{"href":"https:\/\/weltlaeden.de\/katzenelnbogen\/wp-json\/wp\/v2\/pages"}],"about":[{"href":"https:\/\/weltlaeden.de\/katzenelnbogen\/wp-json\/wp\/v2\/types\/page"}],"author":[{"embeddable":true,"href":"https:\/\/weltlaeden.de\/katzenelnbogen\/wp-json\/wp\/v2\/users\/14"}],"replies":[{"embeddable":true,"href":"https:\/\/weltlaeden.de\/katzenelnbogen\/wp-json\/wp\/v2\/comments?post=929"}],"version-history":[{"count":0,"href":"https:\/\/weltlaeden.de\/katzenelnbogen\/wp-json\/wp\/v2\/pages\/929\/revisions"}],"up":[{"embeddable":true,"href":"https:\/\/weltlaeden.de\/katzenelnbogen\/wp-json\/wp\/v2\/pages\/217"}],"wp:attachment":[{"href":"https:\/\/weltlaeden.de\/katzenelnbogen\/wp-json\/wp\/v2\/media?parent=929"}],"curies":[{"name":"wp","href":"https:\/\/api.w.org\/{rel}","templated":true}]}}