{"id":853,"date":"2025-11-01T09:00:55","date_gmt":"2025-11-01T08:00:55","guid":{"rendered":"https:\/\/weltlaeden.de\/katzenelnbogen\/?page_id=853"},"modified":"2025-10-31T11:34:45","modified_gmt":"2025-10-31T10:34:45","slug":"biogluehwein-stellarorganics","status":"publish","type":"page","link":"https:\/\/weltlaeden.de\/katzenelnbogen\/produkte\/biogluehwein-stellarorganics\/","title":{"rendered":"Herzhafter roter Biogl\u00fchwein von Stellar Organics"},"content":{"rendered":"<div class=\"wpb-content-wrapper\"><p>[vc_row][vc_column]<div class=\"wl_einzelbild\"><p><img loading=\"lazy\" decoding=\"async\" class=\"alignnone size-medium wp-image-932\" src=\"https:\/\/weltlaeden.de\/katzenelnbogen\/wp-content\/uploads\/sites\/229\/2025\/10\/Gluehwein-8-scaled-e1761806995540-222x300.jpg\" alt=\"\" width=\"222\" height=\"300\" \/><\/p><\/div>[\/vc_column][\/vc_row][vc_row][vc_column][vc_empty_space][\/vc_column][\/vc_row][vc_row][vc_column][vc_column_text css=&#8220;&#8220;]<strong><em>Blitzlicht Produkte<\/em><\/strong><\/p>\n<h1>Fairer Winter-Trinkgenuss<\/h1>\n<p>Wunderbare Rotwein-Noten, die sich mit winterlichen Gew\u00fcrzen wie Zimt, Nelke, Orange und Kardamom vereinen &#8211; das macht den MARRY&#8217;S Fair Trade Gl\u00fchwein zu einem rundum k\u00f6stlichen Genuss w\u00e4hrend der k\u00e4lteren Jahreszeit.<\/p>\n<p>Nat\u00fcrlich sind nur faire Bestandteile in diesem besonderen Bio-Gl\u00fchwein enthalten. Die Grundzutaten bilden ein Rotwein des Weinguts Stellar Organics sowie ebenfalls fair produzierter Zucker. Stellar Organics ist weltweit das erste biozertifizierte Weingut, das sich 2003 f\u00fcr den fairen Handel entschieden hat. Vertrieben werden alle Weine des Weinguts inklusive dieses besonderen Bio-Gl\u00fchweins \u00fcber die P<span class=\"footer_left_description\">eter Riegel Weinimport GmbH.<\/span><\/p>\n<p>Neben fairen Grunds\u00e4tzen wird mit dem Verkauf zudem auch der F\u00f6rderverein Good Grapes for a Better Life e.V. unterst\u00fctzt, der zahlreiche langfristige und nachhaltige Bildungs- und Infrastrukturma\u00dfnahmen im Globalen S\u00fcden f\u00f6rdert.<\/p>\n<p><strong>Hole Dir jetzt Deinen Gl\u00fchwein-Vorrat f\u00fcr den ganzen Winter bei uns im Weltladen.<\/strong><\/p>\n<p>&nbsp;<\/p>\n<p><em>Bild: Riegel Bioweine<\/em>[\/vc_column_text][\/vc_column][\/vc_row]<\/p>\n<\/div>","protected":false},"excerpt":{"rendered":"<p>[vc_row][vc_column][\/vc_column][\/vc_row][vc_row][vc_column][vc_empty_space][\/vc_column][\/vc_row][vc_row][vc_column][vc_column_text css=&#8220;&#8220;]Blitzlicht Produkte Fairer Winter-Trinkgenuss Wunderbare Rotwein-Noten, die sich mit winterlichen Gew\u00fcrzen wie Zimt, Nelke, Orange und Kardamom vereinen &#8211; das macht den MARRY&#8217;S Fair Trade Gl\u00fchwein zu einem rundum k\u00f6stlichen Genuss w\u00e4hrend der k\u00e4lteren Jahreszeit. Nat\u00fcrlich sind nur faire Bestandteile in diesem besonderen Bio-Gl\u00fchwein enthalten. Die Grundzutaten bilden ein Rotwein des Weinguts Stellar Organics&hellip;<\/p>\n","protected":false},"author":340,"featured_media":0,"parent":217,"menu_order":1,"comment_status":"closed","ping_status":"closed","template":"","meta":{"footnotes":""},"class_list":["post-853","page","type-page","status-publish","hentry","description-off"],"yoast_head":"<!-- This site is optimized with the Yoast SEO plugin v26.8 - https:\/\/yoast.com\/product\/yoast-seo-wordpress\/ -->\n<title>Herzhafter roter Biogl\u00fchwein von Stellar Organics - Weltladen Katzenelnbogen<\/title>\n<meta name=\"robots\" content=\"index, follow, max-snippet:-1, max-image-preview:large, max-video-preview:-1\" \/>\n<link rel=\"canonical\" href=\"https:\/\/weltlaeden.de\/katzenelnbogen\/produkte\/biogluehwein-stellarorganics\/\" \/>\n<meta property=\"og:locale\" content=\"de_DE\" \/>\n<meta property=\"og:type\" content=\"article\" \/>\n<meta property=\"og:title\" content=\"Herzhafter roter Biogl\u00fchwein von Stellar Organics - Weltladen Katzenelnbogen\" \/>\n<meta property=\"og:description\" content=\"[vc_row][vc_column][\/vc_column][\/vc_row][vc_row][vc_column][vc_empty_space][\/vc_column][\/vc_row][vc_row][vc_column][vc_column_text css=&#8220;&#8220;]Blitzlicht Produkte Fairer Winter-Trinkgenuss Wunderbare Rotwein-Noten, die sich mit winterlichen Gew\u00fcrzen wie Zimt, Nelke, Orange und Kardamom vereinen &#8211; das macht den MARRY&#8217;S Fair Trade Gl\u00fchwein zu einem rundum k\u00f6stlichen Genuss w\u00e4hrend der k\u00e4lteren Jahreszeit. Nat\u00fcrlich sind nur faire Bestandteile in diesem besonderen Bio-Gl\u00fchwein enthalten. Die Grundzutaten bilden ein Rotwein des Weinguts Stellar Organics&hellip;\" \/>\n<meta property=\"og:url\" content=\"https:\/\/weltlaeden.de\/katzenelnbogen\/produkte\/biogluehwein-stellarorganics\/\" \/>\n<meta property=\"og:site_name\" content=\"Weltladen Katzenelnbogen\" \/>\n<meta property=\"og:image\" content=\"https:\/\/weltlaeden.de\/katzenelnbogen\/wp-content\/uploads\/sites\/229\/2025\/10\/Gluehwein-8-scaled-e1761807696240.jpg\" \/>\n\t<meta property=\"og:image:width\" content=\"192\" \/>\n\t<meta property=\"og:image:height\" content=\"235\" \/>\n\t<meta property=\"og:image:type\" content=\"image\/jpeg\" \/>\n<meta name=\"twitter:card\" content=\"summary_large_image\" \/>\n<meta name=\"twitter:label1\" content=\"Gesch\u00e4tzte Lesezeit\" \/>\n\t<meta name=\"twitter:data1\" content=\"1\u00a0Minute\" \/>\n<script type=\"application\/ld+json\" class=\"yoast-schema-graph\">{\"@context\":\"https:\/\/schema.org\",\"@graph\":[{\"@type\":\"WebPage\",\"@id\":\"https:\/\/weltlaeden.de\/katzenelnbogen\/produkte\/biogluehwein-stellarorganics\/\",\"url\":\"https:\/\/weltlaeden.de\/katzenelnbogen\/produkte\/biogluehwein-stellarorganics\/\",\"name\":\"Herzhafter roter Biogl\u00fchwein von Stellar Organics - Weltladen Katzenelnbogen\",\"isPartOf\":{\"@id\":\"https:\/\/weltlaeden.de\/katzenelnbogen\/#website\"},\"primaryImageOfPage\":{\"@id\":\"https:\/\/weltlaeden.de\/katzenelnbogen\/produkte\/biogluehwein-stellarorganics\/#primaryimage\"},\"image\":{\"@id\":\"https:\/\/weltlaeden.de\/katzenelnbogen\/produkte\/biogluehwein-stellarorganics\/#primaryimage\"},\"thumbnailUrl\":\"https:\/\/weltlaeden.de\/katzenelnbogen\/wp-content\/uploads\/sites\/229\/2025\/10\/Gluehwein-8-scaled-e1761806995540-222x300.jpg\",\"datePublished\":\"2025-11-01T08:00:55+00:00\",\"breadcrumb\":{\"@id\":\"https:\/\/weltlaeden.de\/katzenelnbogen\/produkte\/biogluehwein-stellarorganics\/#breadcrumb\"},\"inLanguage\":\"de\",\"potentialAction\":[{\"@type\":\"ReadAction\",\"target\":[\"https:\/\/weltlaeden.de\/katzenelnbogen\/produkte\/biogluehwein-stellarorganics\/\"]}]},{\"@type\":\"ImageObject\",\"inLanguage\":\"de\",\"@id\":\"https:\/\/weltlaeden.de\/katzenelnbogen\/produkte\/biogluehwein-stellarorganics\/#primaryimage\",\"url\":\"https:\/\/weltlaeden.de\/katzenelnbogen\/wp-content\/uploads\/sites\/229\/2025\/10\/Gluehwein-8-scaled-e1761807696240.jpg\",\"contentUrl\":\"https:\/\/weltlaeden.de\/katzenelnbogen\/wp-content\/uploads\/sites\/229\/2025\/10\/Gluehwein-8-scaled-e1761807696240.jpg\",\"width\":192,\"height\":235},{\"@type\":\"BreadcrumbList\",\"@id\":\"https:\/\/weltlaeden.de\/katzenelnbogen\/produkte\/biogluehwein-stellarorganics\/#breadcrumb\",\"itemListElement\":[{\"@type\":\"ListItem\",\"position\":1,\"name\":\"Startseite\",\"item\":\"https:\/\/weltlaeden.de\/katzenelnbogen\/\"},{\"@type\":\"ListItem\",\"position\":2,\"name\":\"Produkte\",\"item\":\"https:\/\/weltlaeden.de\/katzenelnbogen\/produkte\/\"},{\"@type\":\"ListItem\",\"position\":3,\"name\":\"Herzhafter roter Biogl\u00fchwein von Stellar Organics\"}]},{\"@type\":\"WebSite\",\"@id\":\"https:\/\/weltlaeden.de\/katzenelnbogen\/#website\",\"url\":\"https:\/\/weltlaeden.de\/katzenelnbogen\/\",\"name\":\"Weltladen Katzenelnbogen\",\"description\":\"Faire Produkte seit 1990\",\"potentialAction\":[{\"@type\":\"SearchAction\",\"target\":{\"@type\":\"EntryPoint\",\"urlTemplate\":\"https:\/\/weltlaeden.de\/katzenelnbogen\/?s={search_term_string}\"},\"query-input\":{\"@type\":\"PropertyValueSpecification\",\"valueRequired\":true,\"valueName\":\"search_term_string\"}}],\"inLanguage\":\"de\"}]}<\/script>\n<!-- \/ Yoast SEO plugin. -->","yoast_head_json":{"title":"Herzhafter roter Biogl\u00fchwein von Stellar Organics - Weltladen Katzenelnbogen","robots":{"index":"index","follow":"follow","max-snippet":"max-snippet:-1","max-image-preview":"max-image-preview:large","max-video-preview":"max-video-preview:-1"},"canonical":"https:\/\/weltlaeden.de\/katzenelnbogen\/produkte\/biogluehwein-stellarorganics\/","og_locale":"de_DE","og_type":"article","og_title":"Herzhafter roter Biogl\u00fchwein von Stellar Organics - Weltladen Katzenelnbogen","og_description":"[vc_row][vc_column][\/vc_column][\/vc_row][vc_row][vc_column][vc_empty_space][\/vc_column][\/vc_row][vc_row][vc_column][vc_column_text css=&#8220;&#8220;]Blitzlicht Produkte Fairer Winter-Trinkgenuss Wunderbare Rotwein-Noten, die sich mit winterlichen Gew\u00fcrzen wie Zimt, Nelke, Orange und Kardamom vereinen &#8211; das macht den MARRY&#8217;S Fair Trade Gl\u00fchwein zu einem rundum k\u00f6stlichen Genuss w\u00e4hrend der k\u00e4lteren Jahreszeit. Nat\u00fcrlich sind nur faire Bestandteile in diesem besonderen Bio-Gl\u00fchwein enthalten. Die Grundzutaten bilden ein Rotwein des Weinguts Stellar Organics&hellip;","og_url":"https:\/\/weltlaeden.de\/katzenelnbogen\/produkte\/biogluehwein-stellarorganics\/","og_site_name":"Weltladen Katzenelnbogen","og_image":[{"width":192,"height":235,"url":"https:\/\/weltlaeden.de\/katzenelnbogen\/wp-content\/uploads\/sites\/229\/2025\/10\/Gluehwein-8-scaled-e1761807696240.jpg","type":"image\/jpeg"}],"twitter_card":"summary_large_image","twitter_misc":{"Gesch\u00e4tzte Lesezeit":"1\u00a0Minute"},"schema":{"@context":"https:\/\/schema.org","@graph":[{"@type":"WebPage","@id":"https:\/\/weltlaeden.de\/katzenelnbogen\/produkte\/biogluehwein-stellarorganics\/","url":"https:\/\/weltlaeden.de\/katzenelnbogen\/produkte\/biogluehwein-stellarorganics\/","name":"Herzhafter roter Biogl\u00fchwein von Stellar Organics - Weltladen Katzenelnbogen","isPartOf":{"@id":"https:\/\/weltlaeden.de\/katzenelnbogen\/#website"},"primaryImageOfPage":{"@id":"https:\/\/weltlaeden.de\/katzenelnbogen\/produkte\/biogluehwein-stellarorganics\/#primaryimage"},"image":{"@id":"https:\/\/weltlaeden.de\/katzenelnbogen\/produkte\/biogluehwein-stellarorganics\/#primaryimage"},"thumbnailUrl":"https:\/\/weltlaeden.de\/katzenelnbogen\/wp-content\/uploads\/sites\/229\/2025\/10\/Gluehwein-8-scaled-e1761806995540-222x300.jpg","datePublished":"2025-11-01T08:00:55+00:00","breadcrumb":{"@id":"https:\/\/weltlaeden.de\/katzenelnbogen\/produkte\/biogluehwein-stellarorganics\/#breadcrumb"},"inLanguage":"de","potentialAction":[{"@type":"ReadAction","target":["https:\/\/weltlaeden.de\/katzenelnbogen\/produkte\/biogluehwein-stellarorganics\/"]}]},{"@type":"ImageObject","inLanguage":"de","@id":"https:\/\/weltlaeden.de\/katzenelnbogen\/produkte\/biogluehwein-stellarorganics\/#primaryimage","url":"https:\/\/weltlaeden.de\/katzenelnbogen\/wp-content\/uploads\/sites\/229\/2025\/10\/Gluehwein-8-scaled-e1761807696240.jpg","contentUrl":"https:\/\/weltlaeden.de\/katzenelnbogen\/wp-content\/uploads\/sites\/229\/2025\/10\/Gluehwein-8-scaled-e1761807696240.jpg","width":192,"height":235},{"@type":"BreadcrumbList","@id":"https:\/\/weltlaeden.de\/katzenelnbogen\/produkte\/biogluehwein-stellarorganics\/#breadcrumb","itemListElement":[{"@type":"ListItem","position":1,"name":"Startseite","item":"https:\/\/weltlaeden.de\/katzenelnbogen\/"},{"@type":"ListItem","position":2,"name":"Produkte","item":"https:\/\/weltlaeden.de\/katzenelnbogen\/produkte\/"},{"@type":"ListItem","position":3,"name":"Herzhafter roter Biogl\u00fchwein von Stellar Organics"}]},{"@type":"WebSite","@id":"https:\/\/weltlaeden.de\/katzenelnbogen\/#website","url":"https:\/\/weltlaeden.de\/katzenelnbogen\/","name":"Weltladen Katzenelnbogen","description":"Faire Produkte seit 1990","potentialAction":[{"@type":"SearchAction","target":{"@type":"EntryPoint","urlTemplate":"https:\/\/weltlaeden.de\/katzenelnbogen\/?s={search_term_string}"},"query-input":{"@type":"PropertyValueSpecification","valueRequired":true,"valueName":"search_term_string"}}],"inLanguage":"de"}]}},"_links":{"self":[{"href":"https:\/\/weltlaeden.de\/katzenelnbogen\/wp-json\/wp\/v2\/pages\/853","targetHints":{"allow":["GET"]}}],"collection":[{"href":"https:\/\/weltlaeden.de\/katzenelnbogen\/wp-json\/wp\/v2\/pages"}],"about":[{"href":"https:\/\/weltlaeden.de\/katzenelnbogen\/wp-json\/wp\/v2\/types\/page"}],"author":[{"embeddable":true,"href":"https:\/\/weltlaeden.de\/katzenelnbogen\/wp-json\/wp\/v2\/users\/340"}],"replies":[{"embeddable":true,"href":"https:\/\/weltlaeden.de\/katzenelnbogen\/wp-json\/wp\/v2\/comments?post=853"}],"version-history":[{"count":7,"href":"https:\/\/weltlaeden.de\/katzenelnbogen\/wp-json\/wp\/v2\/pages\/853\/revisions"}],"predecessor-version":[{"id":941,"href":"https:\/\/weltlaeden.de\/katzenelnbogen\/wp-json\/wp\/v2\/pages\/853\/revisions\/941"}],"up":[{"embeddable":true,"href":"https:\/\/weltlaeden.de\/katzenelnbogen\/wp-json\/wp\/v2\/pages\/217"}],"wp:attachment":[{"href":"https:\/\/weltlaeden.de\/katzenelnbogen\/wp-json\/wp\/v2\/media?parent=853"}],"curies":[{"name":"wp","href":"https:\/\/api.w.org\/{rel}","templated":true}]}}