{"id":667,"date":"2025-08-01T09:00:06","date_gmt":"2025-08-01T07:00:06","guid":{"rendered":"https:\/\/weltlaeden.de\/katzenelnbogen\/produkte\/kokoblock-von-ceylon-garden-coir-2\/"},"modified":"2025-08-07T12:07:35","modified_gmt":"2025-08-07T10:07:35","slug":"limos-von-copermate-und-coopecanera-2","status":"publish","type":"page","link":"https:\/\/weltlaeden.de\/katzenelnbogen\/produkte\/limos-von-copermate-und-coopecanera-2\/","title":{"rendered":"Limos von COPERMATE und Coopeca\u00f1era"},"content":{"rendered":"<div class=\"wpb-content-wrapper\"><p>[vc_row][vc_column]<div class=\"wl_einzelbild\"><p><img loading=\"lazy\" decoding=\"async\" class=\"alignnone size-medium wp-image-668\" src=\"https:\/\/weltlaeden.de\/katzenelnbogen\/wp-content\/uploads\/sites\/229\/2025\/06\/08_Limos-COPERMATE-Brasilien1-240x300.jpg\" alt=\"\" width=\"240\" height=\"300\" \/><\/p><\/div>[\/vc_column][\/vc_row][vc_row][vc_column][vc_empty_space][\/vc_column][\/vc_row][vc_row][vc_column][vc_column_text css=&#8220;&#8220;]<span style=\"color: #808080\"><strong><em>Blitzlicht Produkte<\/em><\/strong><\/span><\/p>\n<h1>Limo mit Wirkung: El Mate aus Brasilien<\/h1>\n<p>F\u00fcr alle, die Genuss und Verantwortung verbinden wollen: Unser Mate-Limo kombiniert den klassischen s\u00fcdamerikanischen Mate-Tee mit dem prickelnden Genuss einer Limonade. Der Mate-Tee von der Kooperative COPERMATE aus Brasilien steht f\u00fcr gelebte Solidarit\u00e4t. Die Mate-Bl\u00e4tter stammt von Kleinb\u00e4uer*innen, die die brasilianische Landlosenbewegung MST unterst\u00fctzen. Sie setzen sich f\u00fcr eine gerechtere Umverteilung des Landbesitzes und eine Agrarreform in Brasilien ein. Ein Einsatz, der sich lohnt: Durch die organisierte Besetzung und Besiedlung von ungenutztem Land erhielten hunderttausende Familien Landrechte. Im Jahr 1991 wurde der Bewegung der Alternative Nobelpreis verliehen. El Mate ist die perfekte Erfrischung mit Wirkung.<\/p>\n<p>&nbsp;<\/p>\n<p>[\/vc_column_text][vc_separator css=&#8220;&#8220;][\/vc_column][\/vc_row][vc_row][vc_column]<div class=\"wl_einzelbild\"><p><img loading=\"lazy\" decoding=\"async\" class=\"alignnone size-medium wp-image-669 alignright\" src=\"https:\/\/weltlaeden.de\/katzenelnbogen\/wp-content\/uploads\/sites\/229\/2025\/06\/08_Limos-Coopecanera-Costa-Rica-240x300.jpg\" alt=\"\" width=\"240\" height=\"300\" \/><\/p><\/div>[\/vc_column][\/vc_row][vc_row][vc_column][vc_column_text css=&#8220;&#8220;]<\/p>\n<h1>Cola mit Wirkung aus Costa Rica<\/h1>\n<p>F\u00fcr alle, die Genuss und Verantwortung verbinden: Der Bio-Rohrzucker unserer Cola kommt von der Kooperative Coopeca\u00f1era, in der 350 Kleinb\u00e4uer*innen den Zucker anbauen und in der eigenen Raffinerie verarbeiten. Mit einer Produktion von etwa 1800 Tonnen Zucker pro Jahr, ist es der Kooperative gelungen, sich als kleinster Zuckerlieferant des Landes auf dem Markt zu behaupten. So bleibt die gesamte Wertsch\u00f6pfung in der Region und sichert lokale Arbeitspl\u00e4tze.<\/p>\n<p><strong>Genie\u00dfe diese und andere Sommererfrischungen bei uns im Weltladen!<\/strong><\/p>\n<p>&nbsp;<\/p>\n<p>[\/vc_column_text][\/vc_column][\/vc_row]<\/p>\n<\/div>","protected":false},"excerpt":{"rendered":"<p>[vc_row][vc_column][\/vc_column][\/vc_row][vc_row][vc_column][vc_empty_space][\/vc_column][\/vc_row][vc_row][vc_column][vc_column_text css=&#8220;&#8220;]Blitzlicht Produkte Limo mit Wirkung: El Mate aus Brasilien F\u00fcr alle, die Genuss und Verantwortung verbinden wollen: Unser Mate-Limo kombiniert den klassischen s\u00fcdamerikanischen Mate-Tee mit dem prickelnden Genuss einer Limonade. Der Mate-Tee von der Kooperative COPERMATE aus Brasilien steht f\u00fcr gelebte Solidarit\u00e4t. Die Mate-Bl\u00e4tter stammt von Kleinb\u00e4uer*innen, die die brasilianische Landlosenbewegung MST unterst\u00fctzen. Sie&hellip;<\/p>\n","protected":false},"author":14,"featured_media":0,"parent":217,"menu_order":4,"comment_status":"closed","ping_status":"closed","template":"","meta":{"footnotes":""},"class_list":["post-667","page","type-page","status-publish","hentry","description-off"],"yoast_head":"<!-- This site is optimized with the Yoast SEO plugin v26.8 - https:\/\/yoast.com\/product\/yoast-seo-wordpress\/ -->\n<title>Limos von COPERMATE und Coopeca\u00f1era - Weltladen Katzenelnbogen<\/title>\n<meta name=\"robots\" content=\"index, follow, max-snippet:-1, max-image-preview:large, max-video-preview:-1\" \/>\n<link rel=\"canonical\" href=\"https:\/\/weltlaeden.de\/katzenelnbogen\/produkte\/limos-von-copermate-und-coopecanera-2\/\" \/>\n<meta property=\"og:locale\" content=\"de_DE\" \/>\n<meta property=\"og:type\" content=\"article\" \/>\n<meta property=\"og:title\" content=\"Limos von COPERMATE und Coopeca\u00f1era - Weltladen Katzenelnbogen\" \/>\n<meta property=\"og:description\" content=\"[vc_row][vc_column][\/vc_column][\/vc_row][vc_row][vc_column][vc_empty_space][\/vc_column][\/vc_row][vc_row][vc_column][vc_column_text css=&#8220;&#8220;]Blitzlicht Produkte Limo mit Wirkung: El Mate aus Brasilien F\u00fcr alle, die Genuss und Verantwortung verbinden wollen: Unser Mate-Limo kombiniert den klassischen s\u00fcdamerikanischen Mate-Tee mit dem prickelnden Genuss einer Limonade. Der Mate-Tee von der Kooperative COPERMATE aus Brasilien steht f\u00fcr gelebte Solidarit\u00e4t. Die Mate-Bl\u00e4tter stammt von Kleinb\u00e4uer*innen, die die brasilianische Landlosenbewegung MST unterst\u00fctzen. Sie&hellip;\" \/>\n<meta property=\"og:url\" content=\"https:\/\/weltlaeden.de\/katzenelnbogen\/produkte\/limos-von-copermate-und-coopecanera-2\/\" \/>\n<meta property=\"og:site_name\" content=\"Weltladen Katzenelnbogen\" \/>\n<meta property=\"article:modified_time\" content=\"2025-08-07T10:07:35+00:00\" \/>\n<meta property=\"og:image\" content=\"https:\/\/weltlaeden.de\/katzenelnbogen\/wp-content\/uploads\/sites\/229\/2025\/06\/08_Limos-COPERMATE-Brasilien1-e1750231815290.jpg\" \/>\n\t<meta property=\"og:image:width\" content=\"200\" \/>\n\t<meta property=\"og:image:height\" content=\"235\" \/>\n\t<meta property=\"og:image:type\" content=\"image\/jpeg\" \/>\n<meta name=\"twitter:card\" content=\"summary_large_image\" \/>\n<meta name=\"twitter:label1\" content=\"Gesch\u00e4tzte Lesezeit\" \/>\n\t<meta name=\"twitter:data1\" content=\"2\u00a0Minuten\" \/>\n<script type=\"application\/ld+json\" class=\"yoast-schema-graph\">{\"@context\":\"https:\/\/schema.org\",\"@graph\":[{\"@type\":\"WebPage\",\"@id\":\"https:\/\/weltlaeden.de\/katzenelnbogen\/produkte\/limos-von-copermate-und-coopecanera-2\/\",\"url\":\"https:\/\/weltlaeden.de\/katzenelnbogen\/produkte\/limos-von-copermate-und-coopecanera-2\/\",\"name\":\"Limos von COPERMATE und Coopeca\u00f1era - Weltladen Katzenelnbogen\",\"isPartOf\":{\"@id\":\"https:\/\/weltlaeden.de\/katzenelnbogen\/#website\"},\"primaryImageOfPage\":{\"@id\":\"https:\/\/weltlaeden.de\/katzenelnbogen\/produkte\/limos-von-copermate-und-coopecanera-2\/#primaryimage\"},\"image\":{\"@id\":\"https:\/\/weltlaeden.de\/katzenelnbogen\/produkte\/limos-von-copermate-und-coopecanera-2\/#primaryimage\"},\"thumbnailUrl\":\"https:\/\/weltlaeden.de\/katzenelnbogen\/wp-content\/uploads\/sites\/229\/2025\/06\/08_Limos-COPERMATE-Brasilien1-240x300.jpg\",\"datePublished\":\"2025-08-01T07:00:06+00:00\",\"dateModified\":\"2025-08-07T10:07:35+00:00\",\"breadcrumb\":{\"@id\":\"https:\/\/weltlaeden.de\/katzenelnbogen\/produkte\/limos-von-copermate-und-coopecanera-2\/#breadcrumb\"},\"inLanguage\":\"de\",\"potentialAction\":[{\"@type\":\"ReadAction\",\"target\":[\"https:\/\/weltlaeden.de\/katzenelnbogen\/produkte\/limos-von-copermate-und-coopecanera-2\/\"]}]},{\"@type\":\"ImageObject\",\"inLanguage\":\"de\",\"@id\":\"https:\/\/weltlaeden.de\/katzenelnbogen\/produkte\/limos-von-copermate-und-coopecanera-2\/#primaryimage\",\"url\":\"https:\/\/weltlaeden.de\/katzenelnbogen\/wp-content\/uploads\/sites\/229\/2025\/06\/08_Limos-COPERMATE-Brasilien1-e1750231815290.jpg\",\"contentUrl\":\"https:\/\/weltlaeden.de\/katzenelnbogen\/wp-content\/uploads\/sites\/229\/2025\/06\/08_Limos-COPERMATE-Brasilien1-e1750231815290.jpg\",\"width\":200,\"height\":235},{\"@type\":\"BreadcrumbList\",\"@id\":\"https:\/\/weltlaeden.de\/katzenelnbogen\/produkte\/limos-von-copermate-und-coopecanera-2\/#breadcrumb\",\"itemListElement\":[{\"@type\":\"ListItem\",\"position\":1,\"name\":\"Startseite\",\"item\":\"https:\/\/weltlaeden.de\/katzenelnbogen\/\"},{\"@type\":\"ListItem\",\"position\":2,\"name\":\"Produkte\",\"item\":\"https:\/\/weltlaeden.de\/katzenelnbogen\/produkte\/\"},{\"@type\":\"ListItem\",\"position\":3,\"name\":\"Limos von COPERMATE und Coopeca\u00f1era\"}]},{\"@type\":\"WebSite\",\"@id\":\"https:\/\/weltlaeden.de\/katzenelnbogen\/#website\",\"url\":\"https:\/\/weltlaeden.de\/katzenelnbogen\/\",\"name\":\"Weltladen Katzenelnbogen\",\"description\":\"Faire Produkte seit 1990\",\"potentialAction\":[{\"@type\":\"SearchAction\",\"target\":{\"@type\":\"EntryPoint\",\"urlTemplate\":\"https:\/\/weltlaeden.de\/katzenelnbogen\/?s={search_term_string}\"},\"query-input\":{\"@type\":\"PropertyValueSpecification\",\"valueRequired\":true,\"valueName\":\"search_term_string\"}}],\"inLanguage\":\"de\"}]}<\/script>\n<!-- \/ Yoast SEO plugin. -->","yoast_head_json":{"title":"Limos von COPERMATE und Coopeca\u00f1era - Weltladen Katzenelnbogen","robots":{"index":"index","follow":"follow","max-snippet":"max-snippet:-1","max-image-preview":"max-image-preview:large","max-video-preview":"max-video-preview:-1"},"canonical":"https:\/\/weltlaeden.de\/katzenelnbogen\/produkte\/limos-von-copermate-und-coopecanera-2\/","og_locale":"de_DE","og_type":"article","og_title":"Limos von COPERMATE und Coopeca\u00f1era - Weltladen Katzenelnbogen","og_description":"[vc_row][vc_column][\/vc_column][\/vc_row][vc_row][vc_column][vc_empty_space][\/vc_column][\/vc_row][vc_row][vc_column][vc_column_text css=&#8220;&#8220;]Blitzlicht Produkte Limo mit Wirkung: El Mate aus Brasilien F\u00fcr alle, die Genuss und Verantwortung verbinden wollen: Unser Mate-Limo kombiniert den klassischen s\u00fcdamerikanischen Mate-Tee mit dem prickelnden Genuss einer Limonade. Der Mate-Tee von der Kooperative COPERMATE aus Brasilien steht f\u00fcr gelebte Solidarit\u00e4t. Die Mate-Bl\u00e4tter stammt von Kleinb\u00e4uer*innen, die die brasilianische Landlosenbewegung MST unterst\u00fctzen. Sie&hellip;","og_url":"https:\/\/weltlaeden.de\/katzenelnbogen\/produkte\/limos-von-copermate-und-coopecanera-2\/","og_site_name":"Weltladen Katzenelnbogen","article_modified_time":"2025-08-07T10:07:35+00:00","og_image":[{"width":200,"height":235,"url":"https:\/\/weltlaeden.de\/katzenelnbogen\/wp-content\/uploads\/sites\/229\/2025\/06\/08_Limos-COPERMATE-Brasilien1-e1750231815290.jpg","type":"image\/jpeg"}],"twitter_card":"summary_large_image","twitter_misc":{"Gesch\u00e4tzte Lesezeit":"2\u00a0Minuten"},"schema":{"@context":"https:\/\/schema.org","@graph":[{"@type":"WebPage","@id":"https:\/\/weltlaeden.de\/katzenelnbogen\/produkte\/limos-von-copermate-und-coopecanera-2\/","url":"https:\/\/weltlaeden.de\/katzenelnbogen\/produkte\/limos-von-copermate-und-coopecanera-2\/","name":"Limos von COPERMATE und Coopeca\u00f1era - Weltladen Katzenelnbogen","isPartOf":{"@id":"https:\/\/weltlaeden.de\/katzenelnbogen\/#website"},"primaryImageOfPage":{"@id":"https:\/\/weltlaeden.de\/katzenelnbogen\/produkte\/limos-von-copermate-und-coopecanera-2\/#primaryimage"},"image":{"@id":"https:\/\/weltlaeden.de\/katzenelnbogen\/produkte\/limos-von-copermate-und-coopecanera-2\/#primaryimage"},"thumbnailUrl":"https:\/\/weltlaeden.de\/katzenelnbogen\/wp-content\/uploads\/sites\/229\/2025\/06\/08_Limos-COPERMATE-Brasilien1-240x300.jpg","datePublished":"2025-08-01T07:00:06+00:00","dateModified":"2025-08-07T10:07:35+00:00","breadcrumb":{"@id":"https:\/\/weltlaeden.de\/katzenelnbogen\/produkte\/limos-von-copermate-und-coopecanera-2\/#breadcrumb"},"inLanguage":"de","potentialAction":[{"@type":"ReadAction","target":["https:\/\/weltlaeden.de\/katzenelnbogen\/produkte\/limos-von-copermate-und-coopecanera-2\/"]}]},{"@type":"ImageObject","inLanguage":"de","@id":"https:\/\/weltlaeden.de\/katzenelnbogen\/produkte\/limos-von-copermate-und-coopecanera-2\/#primaryimage","url":"https:\/\/weltlaeden.de\/katzenelnbogen\/wp-content\/uploads\/sites\/229\/2025\/06\/08_Limos-COPERMATE-Brasilien1-e1750231815290.jpg","contentUrl":"https:\/\/weltlaeden.de\/katzenelnbogen\/wp-content\/uploads\/sites\/229\/2025\/06\/08_Limos-COPERMATE-Brasilien1-e1750231815290.jpg","width":200,"height":235},{"@type":"BreadcrumbList","@id":"https:\/\/weltlaeden.de\/katzenelnbogen\/produkte\/limos-von-copermate-und-coopecanera-2\/#breadcrumb","itemListElement":[{"@type":"ListItem","position":1,"name":"Startseite","item":"https:\/\/weltlaeden.de\/katzenelnbogen\/"},{"@type":"ListItem","position":2,"name":"Produkte","item":"https:\/\/weltlaeden.de\/katzenelnbogen\/produkte\/"},{"@type":"ListItem","position":3,"name":"Limos von COPERMATE und Coopeca\u00f1era"}]},{"@type":"WebSite","@id":"https:\/\/weltlaeden.de\/katzenelnbogen\/#website","url":"https:\/\/weltlaeden.de\/katzenelnbogen\/","name":"Weltladen Katzenelnbogen","description":"Faire Produkte seit 1990","potentialAction":[{"@type":"SearchAction","target":{"@type":"EntryPoint","urlTemplate":"https:\/\/weltlaeden.de\/katzenelnbogen\/?s={search_term_string}"},"query-input":{"@type":"PropertyValueSpecification","valueRequired":true,"valueName":"search_term_string"}}],"inLanguage":"de"}]}},"_links":{"self":[{"href":"https:\/\/weltlaeden.de\/katzenelnbogen\/wp-json\/wp\/v2\/pages\/667","targetHints":{"allow":["GET"]}}],"collection":[{"href":"https:\/\/weltlaeden.de\/katzenelnbogen\/wp-json\/wp\/v2\/pages"}],"about":[{"href":"https:\/\/weltlaeden.de\/katzenelnbogen\/wp-json\/wp\/v2\/types\/page"}],"author":[{"embeddable":true,"href":"https:\/\/weltlaeden.de\/katzenelnbogen\/wp-json\/wp\/v2\/users\/14"}],"replies":[{"embeddable":true,"href":"https:\/\/weltlaeden.de\/katzenelnbogen\/wp-json\/wp\/v2\/comments?post=667"}],"version-history":[{"count":5,"href":"https:\/\/weltlaeden.de\/katzenelnbogen\/wp-json\/wp\/v2\/pages\/667\/revisions"}],"predecessor-version":[{"id":683,"href":"https:\/\/weltlaeden.de\/katzenelnbogen\/wp-json\/wp\/v2\/pages\/667\/revisions\/683"}],"up":[{"embeddable":true,"href":"https:\/\/weltlaeden.de\/katzenelnbogen\/wp-json\/wp\/v2\/pages\/217"}],"wp:attachment":[{"href":"https:\/\/weltlaeden.de\/katzenelnbogen\/wp-json\/wp\/v2\/media?parent=667"}],"curies":[{"name":"wp","href":"https:\/\/api.w.org\/{rel}","templated":true}]}}