{"id":661,"date":"2025-07-01T09:00:06","date_gmt":"2025-07-01T07:00:06","guid":{"rendered":"https:\/\/weltlaeden.de\/katzenelnbogen\/?page_id=661"},"modified":"2025-07-09T13:14:51","modified_gmt":"2025-07-09T11:14:51","slug":"kokoblock-von-ceylon-garden-coir","status":"publish","type":"page","link":"https:\/\/weltlaeden.de\/katzenelnbogen\/produkte\/kokoblock-von-ceylon-garden-coir\/","title":{"rendered":"Kokoblock von Ceylon Garden Coir"},"content":{"rendered":"<div class=\"wpb-content-wrapper\"><p>[vc_row][vc_column]<div class=\"wl_einzelbild\"><p><img loading=\"lazy\" decoding=\"async\" class=\"alignnone size-medium wp-image-662\" src=\"https:\/\/weltlaeden.de\/katzenelnbogen\/wp-content\/uploads\/sites\/229\/2025\/06\/05_Kokoblock-Ceylon-Garden-Coir-SriLanka_400x500-240x300.jpg\" alt=\"\" width=\"240\" height=\"300\" \/><\/p><\/div>[\/vc_column][\/vc_row][vc_row][vc_column][vc_empty_space][\/vc_column][\/vc_row][vc_row][vc_column][vc_column_text css=&#8220;&#8220;]<span style=\"color: #808080\"><strong><em>Blitzlicht Produkte<\/em><\/strong><\/span><\/p>\n<h1>Torffreie Erde f\u00fcr nachhaltiges G\u00e4rtnern \u2013 Kokoblock von Ceylon Garden Coir<\/h1>\n<p>Viele herk\u00f6mmliche Blumenerden enthalten noch immer Torf \u2013 leider oft auf Kosten wertvoller Moorlandschaften und ihrer Biodiversit\u00e4t. Doch es gibt Alternativen: Unser Kokoblock aus reinen Kokosfasern ist eine umweltfreundliche L\u00f6sung! Hergestellt von Ceylon Garden Coir in Sri Lanka, besteht der Kokoblock aus \u00fcbrig gebliebenen Kokosfaserresten. Was bei der Herstellung von Matten, Seilen und Teppichen anf\u00e4llt, wird hier nachhaltig genutzt \u2013 und schafft zudem zus\u00e4tzliche Einkommensquellen und Arbeitspl\u00e4tze f\u00fcr Kokosbauern und Kleinbetriebe. Der kompakte Kokoblock ist handlich und ergiebig: Mit etwas Wasser aufgegossen, verwandelt er sich in ca. neun Liter gebrauchsfertige Erde, die ideal f\u00fcr Balkon-, Zimmer- und Gartenpflanzen ist. Die Erde speichert Feuchtigkeit besonders gut und eignet sich zudem perfekt als Anzuchterde. Gib deinen Pflanzen eine umweltfreundliche Basis und unterst\u00fctze den Schutz unserer Moore!<\/p>\n<p><strong>Entdecke die nachhaltige Alternative zu Torferde \u2013 bei uns im Weltladen.<\/strong><\/p>\n<p>&nbsp;<\/p>\n<p>[\/vc_column_text][\/vc_column][\/vc_row]<\/p>\n<\/div>","protected":false},"excerpt":{"rendered":"<p>[vc_row][vc_column][\/vc_column][\/vc_row][vc_row][vc_column][vc_empty_space][\/vc_column][\/vc_row][vc_row][vc_column][vc_column_text css=&#8220;&#8220;]Blitzlicht Produkte Torffreie Erde f\u00fcr nachhaltiges G\u00e4rtnern \u2013 Kokoblock von Ceylon Garden Coir Viele herk\u00f6mmliche Blumenerden enthalten noch immer Torf \u2013 leider oft auf Kosten wertvoller Moorlandschaften und ihrer Biodiversit\u00e4t. Doch es gibt Alternativen: Unser Kokoblock aus reinen Kokosfasern ist eine umweltfreundliche L\u00f6sung! Hergestellt von Ceylon Garden Coir in Sri Lanka, besteht der Kokoblock&hellip;<\/p>\n","protected":false},"author":340,"featured_media":0,"parent":217,"menu_order":7,"comment_status":"closed","ping_status":"closed","template":"","meta":{"footnotes":""},"class_list":["post-661","page","type-page","status-publish","hentry","description-off"],"yoast_head":"<!-- This site is optimized with the Yoast SEO plugin v26.8 - https:\/\/yoast.com\/product\/yoast-seo-wordpress\/ -->\n<title>Kokoblock von Ceylon Garden Coir - Weltladen Katzenelnbogen<\/title>\n<meta name=\"robots\" content=\"index, follow, max-snippet:-1, max-image-preview:large, max-video-preview:-1\" \/>\n<link rel=\"canonical\" href=\"https:\/\/weltlaeden.de\/katzenelnbogen\/produkte\/kokoblock-von-ceylon-garden-coir\/\" \/>\n<meta property=\"og:locale\" content=\"de_DE\" \/>\n<meta property=\"og:type\" content=\"article\" \/>\n<meta property=\"og:title\" content=\"Kokoblock von Ceylon Garden Coir - Weltladen Katzenelnbogen\" \/>\n<meta property=\"og:description\" content=\"[vc_row][vc_column][\/vc_column][\/vc_row][vc_row][vc_column][vc_empty_space][\/vc_column][\/vc_row][vc_row][vc_column][vc_column_text css=&#8220;&#8220;]Blitzlicht Produkte Torffreie Erde f\u00fcr nachhaltiges G\u00e4rtnern \u2013 Kokoblock von Ceylon Garden Coir Viele herk\u00f6mmliche Blumenerden enthalten noch immer Torf \u2013 leider oft auf Kosten wertvoller Moorlandschaften und ihrer Biodiversit\u00e4t. Doch es gibt Alternativen: Unser Kokoblock aus reinen Kokosfasern ist eine umweltfreundliche L\u00f6sung! Hergestellt von Ceylon Garden Coir in Sri Lanka, besteht der Kokoblock&hellip;\" \/>\n<meta property=\"og:url\" content=\"https:\/\/weltlaeden.de\/katzenelnbogen\/produkte\/kokoblock-von-ceylon-garden-coir\/\" \/>\n<meta property=\"og:site_name\" content=\"Weltladen Katzenelnbogen\" \/>\n<meta property=\"article:modified_time\" content=\"2025-07-09T11:14:51+00:00\" \/>\n<meta property=\"og:image\" content=\"https:\/\/weltlaeden.de\/katzenelnbogen\/wp-content\/uploads\/sites\/229\/2025\/06\/05_Kokoblock-Ceylon-Garden-Coir-SriLanka_400x500-e1750231856328.jpg\" \/>\n\t<meta property=\"og:image:width\" content=\"200\" \/>\n\t<meta property=\"og:image:height\" content=\"235\" \/>\n\t<meta property=\"og:image:type\" content=\"image\/jpeg\" \/>\n<meta name=\"twitter:card\" content=\"summary_large_image\" \/>\n<meta name=\"twitter:label1\" content=\"Gesch\u00e4tzte Lesezeit\" \/>\n\t<meta name=\"twitter:data1\" content=\"2\u00a0Minuten\" \/>\n<script type=\"application\/ld+json\" class=\"yoast-schema-graph\">{\"@context\":\"https:\/\/schema.org\",\"@graph\":[{\"@type\":\"WebPage\",\"@id\":\"https:\/\/weltlaeden.de\/katzenelnbogen\/produkte\/kokoblock-von-ceylon-garden-coir\/\",\"url\":\"https:\/\/weltlaeden.de\/katzenelnbogen\/produkte\/kokoblock-von-ceylon-garden-coir\/\",\"name\":\"Kokoblock von Ceylon Garden Coir - Weltladen Katzenelnbogen\",\"isPartOf\":{\"@id\":\"https:\/\/weltlaeden.de\/katzenelnbogen\/#website\"},\"primaryImageOfPage\":{\"@id\":\"https:\/\/weltlaeden.de\/katzenelnbogen\/produkte\/kokoblock-von-ceylon-garden-coir\/#primaryimage\"},\"image\":{\"@id\":\"https:\/\/weltlaeden.de\/katzenelnbogen\/produkte\/kokoblock-von-ceylon-garden-coir\/#primaryimage\"},\"thumbnailUrl\":\"https:\/\/weltlaeden.de\/katzenelnbogen\/wp-content\/uploads\/sites\/229\/2025\/06\/05_Kokoblock-Ceylon-Garden-Coir-SriLanka_400x500-240x300.jpg\",\"datePublished\":\"2025-07-01T07:00:06+00:00\",\"dateModified\":\"2025-07-09T11:14:51+00:00\",\"breadcrumb\":{\"@id\":\"https:\/\/weltlaeden.de\/katzenelnbogen\/produkte\/kokoblock-von-ceylon-garden-coir\/#breadcrumb\"},\"inLanguage\":\"de\",\"potentialAction\":[{\"@type\":\"ReadAction\",\"target\":[\"https:\/\/weltlaeden.de\/katzenelnbogen\/produkte\/kokoblock-von-ceylon-garden-coir\/\"]}]},{\"@type\":\"ImageObject\",\"inLanguage\":\"de\",\"@id\":\"https:\/\/weltlaeden.de\/katzenelnbogen\/produkte\/kokoblock-von-ceylon-garden-coir\/#primaryimage\",\"url\":\"https:\/\/weltlaeden.de\/katzenelnbogen\/wp-content\/uploads\/sites\/229\/2025\/06\/05_Kokoblock-Ceylon-Garden-Coir-SriLanka_400x500-e1750231856328.jpg\",\"contentUrl\":\"https:\/\/weltlaeden.de\/katzenelnbogen\/wp-content\/uploads\/sites\/229\/2025\/06\/05_Kokoblock-Ceylon-Garden-Coir-SriLanka_400x500-e1750231856328.jpg\",\"width\":200,\"height\":235},{\"@type\":\"BreadcrumbList\",\"@id\":\"https:\/\/weltlaeden.de\/katzenelnbogen\/produkte\/kokoblock-von-ceylon-garden-coir\/#breadcrumb\",\"itemListElement\":[{\"@type\":\"ListItem\",\"position\":1,\"name\":\"Startseite\",\"item\":\"https:\/\/weltlaeden.de\/katzenelnbogen\/\"},{\"@type\":\"ListItem\",\"position\":2,\"name\":\"Produkte\",\"item\":\"https:\/\/weltlaeden.de\/katzenelnbogen\/produkte\/\"},{\"@type\":\"ListItem\",\"position\":3,\"name\":\"Kokoblock von Ceylon Garden Coir\"}]},{\"@type\":\"WebSite\",\"@id\":\"https:\/\/weltlaeden.de\/katzenelnbogen\/#website\",\"url\":\"https:\/\/weltlaeden.de\/katzenelnbogen\/\",\"name\":\"Weltladen Katzenelnbogen\",\"description\":\"Faire Produkte seit 1990\",\"potentialAction\":[{\"@type\":\"SearchAction\",\"target\":{\"@type\":\"EntryPoint\",\"urlTemplate\":\"https:\/\/weltlaeden.de\/katzenelnbogen\/?s={search_term_string}\"},\"query-input\":{\"@type\":\"PropertyValueSpecification\",\"valueRequired\":true,\"valueName\":\"search_term_string\"}}],\"inLanguage\":\"de\"}]}<\/script>\n<!-- \/ Yoast SEO plugin. -->","yoast_head_json":{"title":"Kokoblock von Ceylon Garden Coir - Weltladen Katzenelnbogen","robots":{"index":"index","follow":"follow","max-snippet":"max-snippet:-1","max-image-preview":"max-image-preview:large","max-video-preview":"max-video-preview:-1"},"canonical":"https:\/\/weltlaeden.de\/katzenelnbogen\/produkte\/kokoblock-von-ceylon-garden-coir\/","og_locale":"de_DE","og_type":"article","og_title":"Kokoblock von Ceylon Garden Coir - Weltladen Katzenelnbogen","og_description":"[vc_row][vc_column][\/vc_column][\/vc_row][vc_row][vc_column][vc_empty_space][\/vc_column][\/vc_row][vc_row][vc_column][vc_column_text css=&#8220;&#8220;]Blitzlicht Produkte Torffreie Erde f\u00fcr nachhaltiges G\u00e4rtnern \u2013 Kokoblock von Ceylon Garden Coir Viele herk\u00f6mmliche Blumenerden enthalten noch immer Torf \u2013 leider oft auf Kosten wertvoller Moorlandschaften und ihrer Biodiversit\u00e4t. Doch es gibt Alternativen: Unser Kokoblock aus reinen Kokosfasern ist eine umweltfreundliche L\u00f6sung! Hergestellt von Ceylon Garden Coir in Sri Lanka, besteht der Kokoblock&hellip;","og_url":"https:\/\/weltlaeden.de\/katzenelnbogen\/produkte\/kokoblock-von-ceylon-garden-coir\/","og_site_name":"Weltladen Katzenelnbogen","article_modified_time":"2025-07-09T11:14:51+00:00","og_image":[{"width":200,"height":235,"url":"https:\/\/weltlaeden.de\/katzenelnbogen\/wp-content\/uploads\/sites\/229\/2025\/06\/05_Kokoblock-Ceylon-Garden-Coir-SriLanka_400x500-e1750231856328.jpg","type":"image\/jpeg"}],"twitter_card":"summary_large_image","twitter_misc":{"Gesch\u00e4tzte Lesezeit":"2\u00a0Minuten"},"schema":{"@context":"https:\/\/schema.org","@graph":[{"@type":"WebPage","@id":"https:\/\/weltlaeden.de\/katzenelnbogen\/produkte\/kokoblock-von-ceylon-garden-coir\/","url":"https:\/\/weltlaeden.de\/katzenelnbogen\/produkte\/kokoblock-von-ceylon-garden-coir\/","name":"Kokoblock von Ceylon Garden Coir - Weltladen Katzenelnbogen","isPartOf":{"@id":"https:\/\/weltlaeden.de\/katzenelnbogen\/#website"},"primaryImageOfPage":{"@id":"https:\/\/weltlaeden.de\/katzenelnbogen\/produkte\/kokoblock-von-ceylon-garden-coir\/#primaryimage"},"image":{"@id":"https:\/\/weltlaeden.de\/katzenelnbogen\/produkte\/kokoblock-von-ceylon-garden-coir\/#primaryimage"},"thumbnailUrl":"https:\/\/weltlaeden.de\/katzenelnbogen\/wp-content\/uploads\/sites\/229\/2025\/06\/05_Kokoblock-Ceylon-Garden-Coir-SriLanka_400x500-240x300.jpg","datePublished":"2025-07-01T07:00:06+00:00","dateModified":"2025-07-09T11:14:51+00:00","breadcrumb":{"@id":"https:\/\/weltlaeden.de\/katzenelnbogen\/produkte\/kokoblock-von-ceylon-garden-coir\/#breadcrumb"},"inLanguage":"de","potentialAction":[{"@type":"ReadAction","target":["https:\/\/weltlaeden.de\/katzenelnbogen\/produkte\/kokoblock-von-ceylon-garden-coir\/"]}]},{"@type":"ImageObject","inLanguage":"de","@id":"https:\/\/weltlaeden.de\/katzenelnbogen\/produkte\/kokoblock-von-ceylon-garden-coir\/#primaryimage","url":"https:\/\/weltlaeden.de\/katzenelnbogen\/wp-content\/uploads\/sites\/229\/2025\/06\/05_Kokoblock-Ceylon-Garden-Coir-SriLanka_400x500-e1750231856328.jpg","contentUrl":"https:\/\/weltlaeden.de\/katzenelnbogen\/wp-content\/uploads\/sites\/229\/2025\/06\/05_Kokoblock-Ceylon-Garden-Coir-SriLanka_400x500-e1750231856328.jpg","width":200,"height":235},{"@type":"BreadcrumbList","@id":"https:\/\/weltlaeden.de\/katzenelnbogen\/produkte\/kokoblock-von-ceylon-garden-coir\/#breadcrumb","itemListElement":[{"@type":"ListItem","position":1,"name":"Startseite","item":"https:\/\/weltlaeden.de\/katzenelnbogen\/"},{"@type":"ListItem","position":2,"name":"Produkte","item":"https:\/\/weltlaeden.de\/katzenelnbogen\/produkte\/"},{"@type":"ListItem","position":3,"name":"Kokoblock von Ceylon Garden Coir"}]},{"@type":"WebSite","@id":"https:\/\/weltlaeden.de\/katzenelnbogen\/#website","url":"https:\/\/weltlaeden.de\/katzenelnbogen\/","name":"Weltladen Katzenelnbogen","description":"Faire Produkte seit 1990","potentialAction":[{"@type":"SearchAction","target":{"@type":"EntryPoint","urlTemplate":"https:\/\/weltlaeden.de\/katzenelnbogen\/?s={search_term_string}"},"query-input":{"@type":"PropertyValueSpecification","valueRequired":true,"valueName":"search_term_string"}}],"inLanguage":"de"}]}},"_links":{"self":[{"href":"https:\/\/weltlaeden.de\/katzenelnbogen\/wp-json\/wp\/v2\/pages\/661","targetHints":{"allow":["GET"]}}],"collection":[{"href":"https:\/\/weltlaeden.de\/katzenelnbogen\/wp-json\/wp\/v2\/pages"}],"about":[{"href":"https:\/\/weltlaeden.de\/katzenelnbogen\/wp-json\/wp\/v2\/types\/page"}],"author":[{"embeddable":true,"href":"https:\/\/weltlaeden.de\/katzenelnbogen\/wp-json\/wp\/v2\/users\/340"}],"replies":[{"embeddable":true,"href":"https:\/\/weltlaeden.de\/katzenelnbogen\/wp-json\/wp\/v2\/comments?post=661"}],"version-history":[{"count":3,"href":"https:\/\/weltlaeden.de\/katzenelnbogen\/wp-json\/wp\/v2\/pages\/661\/revisions"}],"predecessor-version":[{"id":672,"href":"https:\/\/weltlaeden.de\/katzenelnbogen\/wp-json\/wp\/v2\/pages\/661\/revisions\/672"}],"up":[{"embeddable":true,"href":"https:\/\/weltlaeden.de\/katzenelnbogen\/wp-json\/wp\/v2\/pages\/217"}],"wp:attachment":[{"href":"https:\/\/weltlaeden.de\/katzenelnbogen\/wp-json\/wp\/v2\/media?parent=661"}],"curies":[{"name":"wp","href":"https:\/\/api.w.org\/{rel}","templated":true}]}}