{"id":1065,"date":"2026-04-01T09:00:22","date_gmt":"2026-04-01T07:00:22","guid":{"rendered":"https:\/\/weltlaeden.de\/katzenelnbogen\/?page_id=1065"},"modified":"2026-03-30T15:15:20","modified_gmt":"2026-03-30T13:15:20","slug":"knusprig-aromatisch-vielseitig-erdnusscreme-crunchy-von-gepa","status":"publish","type":"page","link":"https:\/\/weltlaeden.de\/katzenelnbogen\/produkte\/knusprig-aromatisch-vielseitig-erdnusscreme-crunchy-von-gepa\/","title":{"rendered":"Knusprig, aromatisch, vielseitig &#8211; Erdnusscreme crunchy von GEPA"},"content":{"rendered":"<div class=\"wpb-content-wrapper\"><p>[vc_row][vc_column]<div class=\"wl_einzelbild\"><p><img loading=\"lazy\" decoding=\"async\" class=\"alignnone size-full wp-image-1066\" src=\"https:\/\/weltlaeden.de\/katzenelnbogen\/wp-content\/uploads\/sites\/229\/2026\/03\/Untitled-design1.png\" alt=\"\" width=\"300\" height=\"250\" \/><\/p><\/div>[\/vc_column][\/vc_row][vc_row][vc_column][vc_empty_space][\/vc_column][\/vc_row][vc_row][vc_column][vc_column_text]<strong><em>Blitzlicht Produkte<\/em><\/strong><\/p>\n<h1>L\u00f6ffel f\u00fcr L\u00f6ffel ein Genuss<\/h1>\n<p>Knusprig, aromatisch und unglaublich vielseitig zeigt sich die Erdnusscreme Crunchy von GEPA. Mit ihrer intensiven R\u00f6stnote und den knackigen St\u00fcckchen sorgt sie f\u00fcr ein Geschmackserlebnis, das sowohl pur als auch auf frischem Brot oder im M\u00fcsli begeistert. Die angenehm nat\u00fcrliche S\u00fc\u00dfe und der vollmundige Charakter machen sie zu einem echten Genussmoment.<br \/>\nHergestellt aus hochwertigen Bio-Erdn\u00fcssen und fair gehandelten Zutaten unterst\u00fctzt die Creme Kleinbauernkooperativen weltweit. So vereint sie nicht nur guten Geschmack, sondern auch verantwortungsvolles Handeln und eine transparente Wertsch\u00f6pfungskette.<br \/>\nLasst euch von der Kombination aus Crunch, Aroma und Fairness \u00fcberzeugen.<\/p>\n<p><strong>Die Erdnusscreme findet ihr nat\u00fcrlich bei uns im Weltladen. Kommt vorbei und probiert euch durch das Sortiment!<\/strong>[\/vc_column_text][\/vc_column][\/vc_row]<\/p>\n<\/div>","protected":false},"excerpt":{"rendered":"<p>[vc_row][vc_column][\/vc_column][\/vc_row][vc_row][vc_column][vc_empty_space][\/vc_column][\/vc_row][vc_row][vc_column][vc_column_text]Blitzlicht Produkte L\u00f6ffel f\u00fcr L\u00f6ffel ein Genuss Knusprig, aromatisch und unglaublich vielseitig zeigt sich die Erdnusscreme Crunchy von GEPA. Mit ihrer intensiven R\u00f6stnote und den knackigen St\u00fcckchen sorgt sie f\u00fcr ein Geschmackserlebnis, das sowohl pur als auch auf frischem Brot oder im M\u00fcsli begeistert. Die angenehm nat\u00fcrliche S\u00fc\u00dfe und der vollmundige Charakter machen sie zu&hellip;<\/p>\n","protected":false},"author":340,"featured_media":0,"parent":217,"menu_order":0,"comment_status":"closed","ping_status":"closed","template":"","meta":{"footnotes":""},"class_list":["post-1065","page","type-page","status-publish","hentry","description-off"],"yoast_head":"<!-- This site is optimized with the Yoast SEO plugin v26.8 - https:\/\/yoast.com\/product\/yoast-seo-wordpress\/ -->\n<title>Knusprig, aromatisch, vielseitig - Erdnusscreme crunchy von GEPA - Weltladen Katzenelnbogen<\/title>\n<meta name=\"robots\" content=\"index, follow, max-snippet:-1, max-image-preview:large, max-video-preview:-1\" \/>\n<link rel=\"canonical\" href=\"https:\/\/weltlaeden.de\/katzenelnbogen\/produkte\/knusprig-aromatisch-vielseitig-erdnusscreme-crunchy-von-gepa\/\" \/>\n<meta property=\"og:locale\" content=\"de_DE\" \/>\n<meta property=\"og:type\" content=\"article\" \/>\n<meta property=\"og:title\" content=\"Knusprig, aromatisch, vielseitig - Erdnusscreme crunchy von GEPA - Weltladen Katzenelnbogen\" \/>\n<meta property=\"og:description\" content=\"[vc_row][vc_column][\/vc_column][\/vc_row][vc_row][vc_column][vc_empty_space][\/vc_column][\/vc_row][vc_row][vc_column][vc_column_text]Blitzlicht Produkte L\u00f6ffel f\u00fcr L\u00f6ffel ein Genuss Knusprig, aromatisch und unglaublich vielseitig zeigt sich die Erdnusscreme Crunchy von GEPA. Mit ihrer intensiven R\u00f6stnote und den knackigen St\u00fcckchen sorgt sie f\u00fcr ein Geschmackserlebnis, das sowohl pur als auch auf frischem Brot oder im M\u00fcsli begeistert. Die angenehm nat\u00fcrliche S\u00fc\u00dfe und der vollmundige Charakter machen sie zu&hellip;\" \/>\n<meta property=\"og:url\" content=\"https:\/\/weltlaeden.de\/katzenelnbogen\/produkte\/knusprig-aromatisch-vielseitig-erdnusscreme-crunchy-von-gepa\/\" \/>\n<meta property=\"og:site_name\" content=\"Weltladen Katzenelnbogen\" \/>\n<meta property=\"og:image\" content=\"https:\/\/weltlaeden.de\/katzenelnbogen\/wp-content\/uploads\/sites\/229\/2026\/03\/Untitled-design1-e1774876678627.png\" \/>\n\t<meta property=\"og:image:width\" content=\"200\" \/>\n\t<meta property=\"og:image:height\" content=\"233\" \/>\n\t<meta property=\"og:image:type\" content=\"image\/png\" \/>\n<meta name=\"twitter:card\" content=\"summary_large_image\" \/>\n<meta name=\"twitter:label1\" content=\"Gesch\u00e4tzte Lesezeit\" \/>\n\t<meta name=\"twitter:data1\" content=\"1\u00a0Minute\" \/>\n<script type=\"application\/ld+json\" class=\"yoast-schema-graph\">{\"@context\":\"https:\/\/schema.org\",\"@graph\":[{\"@type\":\"WebPage\",\"@id\":\"https:\/\/weltlaeden.de\/katzenelnbogen\/produkte\/knusprig-aromatisch-vielseitig-erdnusscreme-crunchy-von-gepa\/\",\"url\":\"https:\/\/weltlaeden.de\/katzenelnbogen\/produkte\/knusprig-aromatisch-vielseitig-erdnusscreme-crunchy-von-gepa\/\",\"name\":\"Knusprig, aromatisch, vielseitig - Erdnusscreme crunchy von GEPA - Weltladen Katzenelnbogen\",\"isPartOf\":{\"@id\":\"https:\/\/weltlaeden.de\/katzenelnbogen\/#website\"},\"primaryImageOfPage\":{\"@id\":\"https:\/\/weltlaeden.de\/katzenelnbogen\/produkte\/knusprig-aromatisch-vielseitig-erdnusscreme-crunchy-von-gepa\/#primaryimage\"},\"image\":{\"@id\":\"https:\/\/weltlaeden.de\/katzenelnbogen\/produkte\/knusprig-aromatisch-vielseitig-erdnusscreme-crunchy-von-gepa\/#primaryimage\"},\"thumbnailUrl\":\"https:\/\/weltlaeden.de\/katzenelnbogen\/wp-content\/uploads\/sites\/229\/2026\/03\/Untitled-design1.png\",\"datePublished\":\"2026-04-01T07:00:22+00:00\",\"breadcrumb\":{\"@id\":\"https:\/\/weltlaeden.de\/katzenelnbogen\/produkte\/knusprig-aromatisch-vielseitig-erdnusscreme-crunchy-von-gepa\/#breadcrumb\"},\"inLanguage\":\"de\",\"potentialAction\":[{\"@type\":\"ReadAction\",\"target\":[\"https:\/\/weltlaeden.de\/katzenelnbogen\/produkte\/knusprig-aromatisch-vielseitig-erdnusscreme-crunchy-von-gepa\/\"]}]},{\"@type\":\"ImageObject\",\"inLanguage\":\"de\",\"@id\":\"https:\/\/weltlaeden.de\/katzenelnbogen\/produkte\/knusprig-aromatisch-vielseitig-erdnusscreme-crunchy-von-gepa\/#primaryimage\",\"url\":\"https:\/\/weltlaeden.de\/katzenelnbogen\/wp-content\/uploads\/sites\/229\/2026\/03\/Untitled-design1-e1774876678627.png\",\"contentUrl\":\"https:\/\/weltlaeden.de\/katzenelnbogen\/wp-content\/uploads\/sites\/229\/2026\/03\/Untitled-design1-e1774876678627.png\",\"width\":200,\"height\":233},{\"@type\":\"BreadcrumbList\",\"@id\":\"https:\/\/weltlaeden.de\/katzenelnbogen\/produkte\/knusprig-aromatisch-vielseitig-erdnusscreme-crunchy-von-gepa\/#breadcrumb\",\"itemListElement\":[{\"@type\":\"ListItem\",\"position\":1,\"name\":\"Startseite\",\"item\":\"https:\/\/weltlaeden.de\/katzenelnbogen\/\"},{\"@type\":\"ListItem\",\"position\":2,\"name\":\"Produkte\",\"item\":\"https:\/\/weltlaeden.de\/katzenelnbogen\/produkte\/\"},{\"@type\":\"ListItem\",\"position\":3,\"name\":\"Knusprig, aromatisch, vielseitig &#8211; Erdnusscreme crunchy von GEPA\"}]},{\"@type\":\"WebSite\",\"@id\":\"https:\/\/weltlaeden.de\/katzenelnbogen\/#website\",\"url\":\"https:\/\/weltlaeden.de\/katzenelnbogen\/\",\"name\":\"Weltladen Katzenelnbogen\",\"description\":\"Faire Produkte seit 1990\",\"potentialAction\":[{\"@type\":\"SearchAction\",\"target\":{\"@type\":\"EntryPoint\",\"urlTemplate\":\"https:\/\/weltlaeden.de\/katzenelnbogen\/?s={search_term_string}\"},\"query-input\":{\"@type\":\"PropertyValueSpecification\",\"valueRequired\":true,\"valueName\":\"search_term_string\"}}],\"inLanguage\":\"de\"}]}<\/script>\n<!-- \/ Yoast SEO plugin. -->","yoast_head_json":{"title":"Knusprig, aromatisch, vielseitig - Erdnusscreme crunchy von GEPA - Weltladen Katzenelnbogen","robots":{"index":"index","follow":"follow","max-snippet":"max-snippet:-1","max-image-preview":"max-image-preview:large","max-video-preview":"max-video-preview:-1"},"canonical":"https:\/\/weltlaeden.de\/katzenelnbogen\/produkte\/knusprig-aromatisch-vielseitig-erdnusscreme-crunchy-von-gepa\/","og_locale":"de_DE","og_type":"article","og_title":"Knusprig, aromatisch, vielseitig - Erdnusscreme crunchy von GEPA - Weltladen Katzenelnbogen","og_description":"[vc_row][vc_column][\/vc_column][\/vc_row][vc_row][vc_column][vc_empty_space][\/vc_column][\/vc_row][vc_row][vc_column][vc_column_text]Blitzlicht Produkte L\u00f6ffel f\u00fcr L\u00f6ffel ein Genuss Knusprig, aromatisch und unglaublich vielseitig zeigt sich die Erdnusscreme Crunchy von GEPA. Mit ihrer intensiven R\u00f6stnote und den knackigen St\u00fcckchen sorgt sie f\u00fcr ein Geschmackserlebnis, das sowohl pur als auch auf frischem Brot oder im M\u00fcsli begeistert. Die angenehm nat\u00fcrliche S\u00fc\u00dfe und der vollmundige Charakter machen sie zu&hellip;","og_url":"https:\/\/weltlaeden.de\/katzenelnbogen\/produkte\/knusprig-aromatisch-vielseitig-erdnusscreme-crunchy-von-gepa\/","og_site_name":"Weltladen Katzenelnbogen","og_image":[{"width":200,"height":233,"url":"https:\/\/weltlaeden.de\/katzenelnbogen\/wp-content\/uploads\/sites\/229\/2026\/03\/Untitled-design1-e1774876678627.png","type":"image\/png"}],"twitter_card":"summary_large_image","twitter_misc":{"Gesch\u00e4tzte Lesezeit":"1\u00a0Minute"},"schema":{"@context":"https:\/\/schema.org","@graph":[{"@type":"WebPage","@id":"https:\/\/weltlaeden.de\/katzenelnbogen\/produkte\/knusprig-aromatisch-vielseitig-erdnusscreme-crunchy-von-gepa\/","url":"https:\/\/weltlaeden.de\/katzenelnbogen\/produkte\/knusprig-aromatisch-vielseitig-erdnusscreme-crunchy-von-gepa\/","name":"Knusprig, aromatisch, vielseitig - Erdnusscreme crunchy von GEPA - Weltladen Katzenelnbogen","isPartOf":{"@id":"https:\/\/weltlaeden.de\/katzenelnbogen\/#website"},"primaryImageOfPage":{"@id":"https:\/\/weltlaeden.de\/katzenelnbogen\/produkte\/knusprig-aromatisch-vielseitig-erdnusscreme-crunchy-von-gepa\/#primaryimage"},"image":{"@id":"https:\/\/weltlaeden.de\/katzenelnbogen\/produkte\/knusprig-aromatisch-vielseitig-erdnusscreme-crunchy-von-gepa\/#primaryimage"},"thumbnailUrl":"https:\/\/weltlaeden.de\/katzenelnbogen\/wp-content\/uploads\/sites\/229\/2026\/03\/Untitled-design1.png","datePublished":"2026-04-01T07:00:22+00:00","breadcrumb":{"@id":"https:\/\/weltlaeden.de\/katzenelnbogen\/produkte\/knusprig-aromatisch-vielseitig-erdnusscreme-crunchy-von-gepa\/#breadcrumb"},"inLanguage":"de","potentialAction":[{"@type":"ReadAction","target":["https:\/\/weltlaeden.de\/katzenelnbogen\/produkte\/knusprig-aromatisch-vielseitig-erdnusscreme-crunchy-von-gepa\/"]}]},{"@type":"ImageObject","inLanguage":"de","@id":"https:\/\/weltlaeden.de\/katzenelnbogen\/produkte\/knusprig-aromatisch-vielseitig-erdnusscreme-crunchy-von-gepa\/#primaryimage","url":"https:\/\/weltlaeden.de\/katzenelnbogen\/wp-content\/uploads\/sites\/229\/2026\/03\/Untitled-design1-e1774876678627.png","contentUrl":"https:\/\/weltlaeden.de\/katzenelnbogen\/wp-content\/uploads\/sites\/229\/2026\/03\/Untitled-design1-e1774876678627.png","width":200,"height":233},{"@type":"BreadcrumbList","@id":"https:\/\/weltlaeden.de\/katzenelnbogen\/produkte\/knusprig-aromatisch-vielseitig-erdnusscreme-crunchy-von-gepa\/#breadcrumb","itemListElement":[{"@type":"ListItem","position":1,"name":"Startseite","item":"https:\/\/weltlaeden.de\/katzenelnbogen\/"},{"@type":"ListItem","position":2,"name":"Produkte","item":"https:\/\/weltlaeden.de\/katzenelnbogen\/produkte\/"},{"@type":"ListItem","position":3,"name":"Knusprig, aromatisch, vielseitig &#8211; Erdnusscreme crunchy von GEPA"}]},{"@type":"WebSite","@id":"https:\/\/weltlaeden.de\/katzenelnbogen\/#website","url":"https:\/\/weltlaeden.de\/katzenelnbogen\/","name":"Weltladen Katzenelnbogen","description":"Faire Produkte seit 1990","potentialAction":[{"@type":"SearchAction","target":{"@type":"EntryPoint","urlTemplate":"https:\/\/weltlaeden.de\/katzenelnbogen\/?s={search_term_string}"},"query-input":{"@type":"PropertyValueSpecification","valueRequired":true,"valueName":"search_term_string"}}],"inLanguage":"de"}]}},"_links":{"self":[{"href":"https:\/\/weltlaeden.de\/katzenelnbogen\/wp-json\/wp\/v2\/pages\/1065","targetHints":{"allow":["GET"]}}],"collection":[{"href":"https:\/\/weltlaeden.de\/katzenelnbogen\/wp-json\/wp\/v2\/pages"}],"about":[{"href":"https:\/\/weltlaeden.de\/katzenelnbogen\/wp-json\/wp\/v2\/types\/page"}],"author":[{"embeddable":true,"href":"https:\/\/weltlaeden.de\/katzenelnbogen\/wp-json\/wp\/v2\/users\/340"}],"replies":[{"embeddable":true,"href":"https:\/\/weltlaeden.de\/katzenelnbogen\/wp-json\/wp\/v2\/comments?post=1065"}],"version-history":[{"count":1,"href":"https:\/\/weltlaeden.de\/katzenelnbogen\/wp-json\/wp\/v2\/pages\/1065\/revisions"}],"predecessor-version":[{"id":1067,"href":"https:\/\/weltlaeden.de\/katzenelnbogen\/wp-json\/wp\/v2\/pages\/1065\/revisions\/1067"}],"up":[{"embeddable":true,"href":"https:\/\/weltlaeden.de\/katzenelnbogen\/wp-json\/wp\/v2\/pages\/217"}],"wp:attachment":[{"href":"https:\/\/weltlaeden.de\/katzenelnbogen\/wp-json\/wp\/v2\/media?parent=1065"}],"curies":[{"name":"wp","href":"https:\/\/api.w.org\/{rel}","templated":true}]}}