{"id":1021,"date":"2026-01-31T11:18:16","date_gmt":"2026-01-31T10:18:16","guid":{"rendered":"https:\/\/weltlaeden.de\/katzenelnbogen\/?page_id=1021"},"modified":"2026-01-31T11:18:47","modified_gmt":"2026-01-31T10:18:47","slug":"schuetteln-statt-schleppen-das-praktische-haferdrinkpulver-von-fairfood","status":"publish","type":"page","link":"https:\/\/weltlaeden.de\/katzenelnbogen\/produkte\/schuetteln-statt-schleppen-das-praktische-haferdrinkpulver-von-fairfood\/","title":{"rendered":"Sch\u00fctteln statt Schleppen &#8211; das praktische Haferdrinkpulver von fairfood"},"content":{"rendered":"<div class=\"wpb-content-wrapper\"><p>[vc_row][vc_column]<div class=\"wl_einzelbild\"><p><img loading=\"lazy\" decoding=\"async\" class=\"alignnone size-medium wp-image-1023\" src=\"https:\/\/weltlaeden.de\/katzenelnbogen\/wp-content\/uploads\/sites\/229\/2026\/01\/image04-1-300x224.jpeg\" alt=\"\" width=\"300\" height=\"224\" srcset=\"https:\/\/weltlaeden.de\/katzenelnbogen\/wp-content\/uploads\/sites\/229\/2026\/01\/image04-1-300x224.jpeg 300w, https:\/\/weltlaeden.de\/katzenelnbogen\/wp-content\/uploads\/sites\/229\/2026\/01\/image04-1.jpeg 570w\" sizes=\"auto, (max-width: 300px) 100vw, 300px\" \/><\/p><\/div>[\/vc_column][\/vc_row][vc_row][vc_column][vc_empty_space][\/vc_column][\/vc_row][vc_row][vc_column][vc_column_text css=&#8220;&#8220;]<strong><em>Blitzlicht Produkte<\/em><\/strong><\/p>\n<h1>Nicht nur Bio, sondern auch vegan, fair und praktisch<\/h1>\n<p>Statt dem Schleppen von 4 Getr\u00e4nke-Kartons, wiegt die Packung Haferdrinkpulver gerade mal 360g. Und auch die Zubereitung ist ganz simpel, 100ml Wasser mit einem geh\u00e4uften EL Haferdrinkpulver gut mixen und fertig ist der Vollkorndrink.<\/p>\n<p>100% Vollkornhafer bildet die Grundlage f\u00fcr den schmackhaften Drink. Den leicht s\u00fc\u00dflichen Geschmack erh\u00e4lt das Getr\u00e4nk \u00fcber die Fermentierung der K\u00f6rner.<\/p>\n<p>Fairfood gibt es seit 2015 und das junge Unternehmen hat sich vor allem auf den Vertrieb fairer N\u00fcsse spezialisiert. Eine kurze Lieferkette, faire Bezahlung und m\u00f6glichst transparente, sichere und kurze Produktionswege, damit hat sich das Unternehmen inzwischen einen Namen im Fair-Handels-Bereich gemacht.<\/p>\n<p><strong>Den Genie\u00dfer-Drink findet ihr nat\u00fcrlich auch bei uns im Laden &#8211; kommt gerne vorbei!<\/strong>[\/vc_column_text][\/vc_column][\/vc_row]<\/p>\n<\/div>","protected":false},"excerpt":{"rendered":"<p>[vc_row][vc_column][\/vc_column][\/vc_row][vc_row][vc_column][vc_empty_space][\/vc_column][\/vc_row][vc_row][vc_column][vc_column_text css=&#8220;&#8220;]Blitzlicht Produkte Nicht nur Bio, sondern auch vegan, fair und praktisch Statt dem Schleppen von 4 Getr\u00e4nke-Kartons, wiegt die Packung Haferdrinkpulver gerade mal 360g. Und auch die Zubereitung ist ganz simpel, 100ml Wasser mit einem geh\u00e4uften EL Haferdrinkpulver gut mixen und fertig ist der Vollkorndrink. 100% Vollkornhafer bildet die Grundlage f\u00fcr den schmackhaften Drink.&hellip;<\/p>\n","protected":false},"author":340,"featured_media":0,"parent":217,"menu_order":0,"comment_status":"closed","ping_status":"closed","template":"","meta":{"footnotes":""},"class_list":["post-1021","page","type-page","status-publish","hentry","description-off"],"yoast_head":"<!-- This site is optimized with the Yoast SEO plugin v26.8 - https:\/\/yoast.com\/product\/yoast-seo-wordpress\/ -->\n<title>Sch\u00fctteln statt Schleppen - das praktische Haferdrinkpulver von fairfood - Weltladen Katzenelnbogen<\/title>\n<meta name=\"robots\" content=\"index, follow, max-snippet:-1, max-image-preview:large, max-video-preview:-1\" \/>\n<link rel=\"canonical\" href=\"https:\/\/weltlaeden.de\/katzenelnbogen\/produkte\/schuetteln-statt-schleppen-das-praktische-haferdrinkpulver-von-fairfood\/\" \/>\n<meta property=\"og:locale\" content=\"de_DE\" \/>\n<meta property=\"og:type\" content=\"article\" \/>\n<meta property=\"og:title\" content=\"Sch\u00fctteln statt Schleppen - das praktische Haferdrinkpulver von fairfood - Weltladen Katzenelnbogen\" \/>\n<meta property=\"og:description\" content=\"[vc_row][vc_column][\/vc_column][\/vc_row][vc_row][vc_column][vc_empty_space][\/vc_column][\/vc_row][vc_row][vc_column][vc_column_text css=&#8220;&#8220;]Blitzlicht Produkte Nicht nur Bio, sondern auch vegan, fair und praktisch Statt dem Schleppen von 4 Getr\u00e4nke-Kartons, wiegt die Packung Haferdrinkpulver gerade mal 360g. Und auch die Zubereitung ist ganz simpel, 100ml Wasser mit einem geh\u00e4uften EL Haferdrinkpulver gut mixen und fertig ist der Vollkorndrink. 100% Vollkornhafer bildet die Grundlage f\u00fcr den schmackhaften Drink.&hellip;\" \/>\n<meta property=\"og:url\" content=\"https:\/\/weltlaeden.de\/katzenelnbogen\/produkte\/schuetteln-statt-schleppen-das-praktische-haferdrinkpulver-von-fairfood\/\" \/>\n<meta property=\"og:site_name\" content=\"Weltladen Katzenelnbogen\" \/>\n<meta property=\"article:modified_time\" content=\"2026-01-31T10:18:47+00:00\" \/>\n<meta property=\"og:image\" content=\"https:\/\/weltlaeden.de\/katzenelnbogen\/wp-content\/uploads\/sites\/229\/2026\/01\/image04-1.jpeg\" \/>\n\t<meta property=\"og:image:width\" content=\"570\" \/>\n\t<meta property=\"og:image:height\" content=\"426\" \/>\n\t<meta property=\"og:image:type\" content=\"image\/jpeg\" \/>\n<meta name=\"twitter:card\" content=\"summary_large_image\" \/>\n<meta name=\"twitter:label1\" content=\"Gesch\u00e4tzte Lesezeit\" \/>\n\t<meta name=\"twitter:data1\" content=\"1\u00a0Minute\" \/>\n<script type=\"application\/ld+json\" class=\"yoast-schema-graph\">{\"@context\":\"https:\/\/schema.org\",\"@graph\":[{\"@type\":\"WebPage\",\"@id\":\"https:\/\/weltlaeden.de\/katzenelnbogen\/produkte\/schuetteln-statt-schleppen-das-praktische-haferdrinkpulver-von-fairfood\/\",\"url\":\"https:\/\/weltlaeden.de\/katzenelnbogen\/produkte\/schuetteln-statt-schleppen-das-praktische-haferdrinkpulver-von-fairfood\/\",\"name\":\"Sch\u00fctteln statt Schleppen - das praktische Haferdrinkpulver von fairfood - Weltladen Katzenelnbogen\",\"isPartOf\":{\"@id\":\"https:\/\/weltlaeden.de\/katzenelnbogen\/#website\"},\"primaryImageOfPage\":{\"@id\":\"https:\/\/weltlaeden.de\/katzenelnbogen\/produkte\/schuetteln-statt-schleppen-das-praktische-haferdrinkpulver-von-fairfood\/#primaryimage\"},\"image\":{\"@id\":\"https:\/\/weltlaeden.de\/katzenelnbogen\/produkte\/schuetteln-statt-schleppen-das-praktische-haferdrinkpulver-von-fairfood\/#primaryimage\"},\"thumbnailUrl\":\"https:\/\/weltlaeden.de\/katzenelnbogen\/wp-content\/uploads\/sites\/229\/2026\/01\/image04-1-300x224.jpeg\",\"datePublished\":\"2026-01-31T10:18:16+00:00\",\"dateModified\":\"2026-01-31T10:18:47+00:00\",\"breadcrumb\":{\"@id\":\"https:\/\/weltlaeden.de\/katzenelnbogen\/produkte\/schuetteln-statt-schleppen-das-praktische-haferdrinkpulver-von-fairfood\/#breadcrumb\"},\"inLanguage\":\"de\",\"potentialAction\":[{\"@type\":\"ReadAction\",\"target\":[\"https:\/\/weltlaeden.de\/katzenelnbogen\/produkte\/schuetteln-statt-schleppen-das-praktische-haferdrinkpulver-von-fairfood\/\"]}]},{\"@type\":\"ImageObject\",\"inLanguage\":\"de\",\"@id\":\"https:\/\/weltlaeden.de\/katzenelnbogen\/produkte\/schuetteln-statt-schleppen-das-praktische-haferdrinkpulver-von-fairfood\/#primaryimage\",\"url\":\"https:\/\/weltlaeden.de\/katzenelnbogen\/wp-content\/uploads\/sites\/229\/2026\/01\/image04-1.jpeg\",\"contentUrl\":\"https:\/\/weltlaeden.de\/katzenelnbogen\/wp-content\/uploads\/sites\/229\/2026\/01\/image04-1.jpeg\",\"width\":570,\"height\":426},{\"@type\":\"BreadcrumbList\",\"@id\":\"https:\/\/weltlaeden.de\/katzenelnbogen\/produkte\/schuetteln-statt-schleppen-das-praktische-haferdrinkpulver-von-fairfood\/#breadcrumb\",\"itemListElement\":[{\"@type\":\"ListItem\",\"position\":1,\"name\":\"Startseite\",\"item\":\"https:\/\/weltlaeden.de\/katzenelnbogen\/\"},{\"@type\":\"ListItem\",\"position\":2,\"name\":\"Produkte\",\"item\":\"https:\/\/weltlaeden.de\/katzenelnbogen\/produkte\/\"},{\"@type\":\"ListItem\",\"position\":3,\"name\":\"Sch\u00fctteln statt Schleppen &#8211; das praktische Haferdrinkpulver von fairfood\"}]},{\"@type\":\"WebSite\",\"@id\":\"https:\/\/weltlaeden.de\/katzenelnbogen\/#website\",\"url\":\"https:\/\/weltlaeden.de\/katzenelnbogen\/\",\"name\":\"Weltladen Katzenelnbogen\",\"description\":\"Faire Produkte seit 1990\",\"potentialAction\":[{\"@type\":\"SearchAction\",\"target\":{\"@type\":\"EntryPoint\",\"urlTemplate\":\"https:\/\/weltlaeden.de\/katzenelnbogen\/?s={search_term_string}\"},\"query-input\":{\"@type\":\"PropertyValueSpecification\",\"valueRequired\":true,\"valueName\":\"search_term_string\"}}],\"inLanguage\":\"de\"}]}<\/script>\n<!-- \/ Yoast SEO plugin. -->","yoast_head_json":{"title":"Sch\u00fctteln statt Schleppen - das praktische Haferdrinkpulver von fairfood - Weltladen Katzenelnbogen","robots":{"index":"index","follow":"follow","max-snippet":"max-snippet:-1","max-image-preview":"max-image-preview:large","max-video-preview":"max-video-preview:-1"},"canonical":"https:\/\/weltlaeden.de\/katzenelnbogen\/produkte\/schuetteln-statt-schleppen-das-praktische-haferdrinkpulver-von-fairfood\/","og_locale":"de_DE","og_type":"article","og_title":"Sch\u00fctteln statt Schleppen - das praktische Haferdrinkpulver von fairfood - Weltladen Katzenelnbogen","og_description":"[vc_row][vc_column][\/vc_column][\/vc_row][vc_row][vc_column][vc_empty_space][\/vc_column][\/vc_row][vc_row][vc_column][vc_column_text css=&#8220;&#8220;]Blitzlicht Produkte Nicht nur Bio, sondern auch vegan, fair und praktisch Statt dem Schleppen von 4 Getr\u00e4nke-Kartons, wiegt die Packung Haferdrinkpulver gerade mal 360g. Und auch die Zubereitung ist ganz simpel, 100ml Wasser mit einem geh\u00e4uften EL Haferdrinkpulver gut mixen und fertig ist der Vollkorndrink. 100% Vollkornhafer bildet die Grundlage f\u00fcr den schmackhaften Drink.&hellip;","og_url":"https:\/\/weltlaeden.de\/katzenelnbogen\/produkte\/schuetteln-statt-schleppen-das-praktische-haferdrinkpulver-von-fairfood\/","og_site_name":"Weltladen Katzenelnbogen","article_modified_time":"2026-01-31T10:18:47+00:00","og_image":[{"width":570,"height":426,"url":"https:\/\/weltlaeden.de\/katzenelnbogen\/wp-content\/uploads\/sites\/229\/2026\/01\/image04-1.jpeg","type":"image\/jpeg"}],"twitter_card":"summary_large_image","twitter_misc":{"Gesch\u00e4tzte Lesezeit":"1\u00a0Minute"},"schema":{"@context":"https:\/\/schema.org","@graph":[{"@type":"WebPage","@id":"https:\/\/weltlaeden.de\/katzenelnbogen\/produkte\/schuetteln-statt-schleppen-das-praktische-haferdrinkpulver-von-fairfood\/","url":"https:\/\/weltlaeden.de\/katzenelnbogen\/produkte\/schuetteln-statt-schleppen-das-praktische-haferdrinkpulver-von-fairfood\/","name":"Sch\u00fctteln statt Schleppen - das praktische Haferdrinkpulver von fairfood - Weltladen Katzenelnbogen","isPartOf":{"@id":"https:\/\/weltlaeden.de\/katzenelnbogen\/#website"},"primaryImageOfPage":{"@id":"https:\/\/weltlaeden.de\/katzenelnbogen\/produkte\/schuetteln-statt-schleppen-das-praktische-haferdrinkpulver-von-fairfood\/#primaryimage"},"image":{"@id":"https:\/\/weltlaeden.de\/katzenelnbogen\/produkte\/schuetteln-statt-schleppen-das-praktische-haferdrinkpulver-von-fairfood\/#primaryimage"},"thumbnailUrl":"https:\/\/weltlaeden.de\/katzenelnbogen\/wp-content\/uploads\/sites\/229\/2026\/01\/image04-1-300x224.jpeg","datePublished":"2026-01-31T10:18:16+00:00","dateModified":"2026-01-31T10:18:47+00:00","breadcrumb":{"@id":"https:\/\/weltlaeden.de\/katzenelnbogen\/produkte\/schuetteln-statt-schleppen-das-praktische-haferdrinkpulver-von-fairfood\/#breadcrumb"},"inLanguage":"de","potentialAction":[{"@type":"ReadAction","target":["https:\/\/weltlaeden.de\/katzenelnbogen\/produkte\/schuetteln-statt-schleppen-das-praktische-haferdrinkpulver-von-fairfood\/"]}]},{"@type":"ImageObject","inLanguage":"de","@id":"https:\/\/weltlaeden.de\/katzenelnbogen\/produkte\/schuetteln-statt-schleppen-das-praktische-haferdrinkpulver-von-fairfood\/#primaryimage","url":"https:\/\/weltlaeden.de\/katzenelnbogen\/wp-content\/uploads\/sites\/229\/2026\/01\/image04-1.jpeg","contentUrl":"https:\/\/weltlaeden.de\/katzenelnbogen\/wp-content\/uploads\/sites\/229\/2026\/01\/image04-1.jpeg","width":570,"height":426},{"@type":"BreadcrumbList","@id":"https:\/\/weltlaeden.de\/katzenelnbogen\/produkte\/schuetteln-statt-schleppen-das-praktische-haferdrinkpulver-von-fairfood\/#breadcrumb","itemListElement":[{"@type":"ListItem","position":1,"name":"Startseite","item":"https:\/\/weltlaeden.de\/katzenelnbogen\/"},{"@type":"ListItem","position":2,"name":"Produkte","item":"https:\/\/weltlaeden.de\/katzenelnbogen\/produkte\/"},{"@type":"ListItem","position":3,"name":"Sch\u00fctteln statt Schleppen &#8211; das praktische Haferdrinkpulver von fairfood"}]},{"@type":"WebSite","@id":"https:\/\/weltlaeden.de\/katzenelnbogen\/#website","url":"https:\/\/weltlaeden.de\/katzenelnbogen\/","name":"Weltladen Katzenelnbogen","description":"Faire Produkte seit 1990","potentialAction":[{"@type":"SearchAction","target":{"@type":"EntryPoint","urlTemplate":"https:\/\/weltlaeden.de\/katzenelnbogen\/?s={search_term_string}"},"query-input":{"@type":"PropertyValueSpecification","valueRequired":true,"valueName":"search_term_string"}}],"inLanguage":"de"}]}},"_links":{"self":[{"href":"https:\/\/weltlaeden.de\/katzenelnbogen\/wp-json\/wp\/v2\/pages\/1021","targetHints":{"allow":["GET"]}}],"collection":[{"href":"https:\/\/weltlaeden.de\/katzenelnbogen\/wp-json\/wp\/v2\/pages"}],"about":[{"href":"https:\/\/weltlaeden.de\/katzenelnbogen\/wp-json\/wp\/v2\/types\/page"}],"author":[{"embeddable":true,"href":"https:\/\/weltlaeden.de\/katzenelnbogen\/wp-json\/wp\/v2\/users\/340"}],"replies":[{"embeddable":true,"href":"https:\/\/weltlaeden.de\/katzenelnbogen\/wp-json\/wp\/v2\/comments?post=1021"}],"version-history":[{"count":2,"href":"https:\/\/weltlaeden.de\/katzenelnbogen\/wp-json\/wp\/v2\/pages\/1021\/revisions"}],"predecessor-version":[{"id":1025,"href":"https:\/\/weltlaeden.de\/katzenelnbogen\/wp-json\/wp\/v2\/pages\/1021\/revisions\/1025"}],"up":[{"embeddable":true,"href":"https:\/\/weltlaeden.de\/katzenelnbogen\/wp-json\/wp\/v2\/pages\/217"}],"wp:attachment":[{"href":"https:\/\/weltlaeden.de\/katzenelnbogen\/wp-json\/wp\/v2\/media?parent=1021"}],"curies":[{"name":"wp","href":"https:\/\/api.w.org\/{rel}","templated":true}]}}