{"id":1002,"date":"2025-12-01T09:00:23","date_gmt":"2025-12-01T08:00:23","guid":{"rendered":"https:\/\/weltlaeden.de\/katzenelnbogen\/?page_id=1002"},"modified":"2025-12-31T12:24:06","modified_gmt":"2025-12-31T11:24:06","slug":"tropisch-fruchtig-vielseitig-einsetzbar-mango-fruchtsauce-von-preda","status":"publish","type":"page","link":"https:\/\/weltlaeden.de\/katzenelnbogen\/produkte\/tropisch-fruchtig-vielseitig-einsetzbar-mango-fruchtsauce-von-preda\/","title":{"rendered":"Tropisch-fruchtig &amp; vielseitig einsetzbar &#8211; Mango-Fruchtsauce von PREDA"},"content":{"rendered":"<div class=\"wpb-content-wrapper\"><p>[vc_row][vc_column]<div class=\"wl_einzelbild\"><p><img loading=\"lazy\" decoding=\"async\" class=\"alignnone size-medium wp-image-1003\" src=\"https:\/\/weltlaeden.de\/katzenelnbogen\/wp-content\/uploads\/sites\/229\/2025\/12\/ph8-17-056_2-300x300.jpg\" alt=\"\" width=\"300\" height=\"300\" \/><\/p><\/div>[\/vc_column][\/vc_row][vc_row][vc_column][vc_empty_space][\/vc_column][\/vc_row][vc_row][vc_column][vc_column_text css=&#8220;&#8220;]<strong><em>Blitzlicht Produkte<\/em><\/strong><\/p>\n<h1>Vielseitiger Genuss und gleichzeitige St\u00e4rkung von Kinderrechten<\/h1>\n<p>Die Mango-Fruchtsauce, die \u00fcber Weltpartner vertrieben wird, ist nicht nur als Zugabe von Getr\u00e4nken ein Highlight, sondern l\u00e4sst sich auch zum Backen oder als Dessertsauce ausgezeichnet verwenden. Die Sauce besteht zu 85% aus reinem Mangop\u00fcree, das von Mangos der Kinderrechtsorganisation PREDA auf den Philippinen stammt. Neben genussvollen Mango-Kreationen lassen sich so auch Perspektiven f\u00fcr Kleinbauernfamilien auf den Philippinen schaffen wie auch Kinderrechte und Therapie-M\u00f6glichkeiten von PREDA st\u00e4rken.<\/p>\n<p><strong>Dieses und viele weitere Mango-Produkte von PREDA findest Du bei uns im Weltladen.<\/strong>[\/vc_column_text][\/vc_column][\/vc_row]<\/p>\n<\/div>","protected":false},"excerpt":{"rendered":"<p>[vc_row][vc_column][\/vc_column][\/vc_row][vc_row][vc_column][vc_empty_space][\/vc_column][\/vc_row][vc_row][vc_column][vc_column_text css=&#8220;&#8220;]Blitzlicht Produkte Vielseitiger Genuss und gleichzeitige St\u00e4rkung von Kinderrechten Die Mango-Fruchtsauce, die \u00fcber Weltpartner vertrieben wird, ist nicht nur als Zugabe von Getr\u00e4nken ein Highlight, sondern l\u00e4sst sich auch zum Backen oder als Dessertsauce ausgezeichnet verwenden. Die Sauce besteht zu 85% aus reinem Mangop\u00fcree, das von Mangos der Kinderrechtsorganisation PREDA auf den Philippinen stammt.&hellip;<\/p>\n","protected":false},"author":340,"featured_media":0,"parent":217,"menu_order":0,"comment_status":"closed","ping_status":"closed","template":"","meta":{"footnotes":""},"class_list":["post-1002","page","type-page","status-publish","hentry","description-off"],"yoast_head":"<!-- This site is optimized with the Yoast SEO plugin v26.8 - https:\/\/yoast.com\/product\/yoast-seo-wordpress\/ -->\n<title>Tropisch-fruchtig &amp; vielseitig einsetzbar - Mango-Fruchtsauce von PREDA - Weltladen Katzenelnbogen<\/title>\n<meta name=\"robots\" content=\"index, follow, max-snippet:-1, max-image-preview:large, max-video-preview:-1\" \/>\n<link rel=\"canonical\" href=\"https:\/\/weltlaeden.de\/katzenelnbogen\/produkte\/tropisch-fruchtig-vielseitig-einsetzbar-mango-fruchtsauce-von-preda\/\" \/>\n<meta property=\"og:locale\" content=\"de_DE\" \/>\n<meta property=\"og:type\" content=\"article\" \/>\n<meta property=\"og:title\" content=\"Tropisch-fruchtig &amp; vielseitig einsetzbar - Mango-Fruchtsauce von PREDA - Weltladen Katzenelnbogen\" \/>\n<meta property=\"og:description\" content=\"[vc_row][vc_column][\/vc_column][\/vc_row][vc_row][vc_column][vc_empty_space][\/vc_column][\/vc_row][vc_row][vc_column][vc_column_text css=&#8220;&#8220;]Blitzlicht Produkte Vielseitiger Genuss und gleichzeitige St\u00e4rkung von Kinderrechten Die Mango-Fruchtsauce, die \u00fcber Weltpartner vertrieben wird, ist nicht nur als Zugabe von Getr\u00e4nken ein Highlight, sondern l\u00e4sst sich auch zum Backen oder als Dessertsauce ausgezeichnet verwenden. Die Sauce besteht zu 85% aus reinem Mangop\u00fcree, das von Mangos der Kinderrechtsorganisation PREDA auf den Philippinen stammt.&hellip;\" \/>\n<meta property=\"og:url\" content=\"https:\/\/weltlaeden.de\/katzenelnbogen\/produkte\/tropisch-fruchtig-vielseitig-einsetzbar-mango-fruchtsauce-von-preda\/\" \/>\n<meta property=\"og:site_name\" content=\"Weltladen Katzenelnbogen\" \/>\n<meta property=\"article:modified_time\" content=\"2025-12-31T11:24:06+00:00\" \/>\n<meta property=\"og:image\" content=\"https:\/\/weltlaeden.de\/katzenelnbogen\/wp-content\/uploads\/sites\/229\/2025\/12\/ph8-17-056_2-e1767180002876.jpg\" \/>\n\t<meta property=\"og:image:width\" content=\"178\" \/>\n\t<meta property=\"og:image:height\" content=\"235\" \/>\n\t<meta property=\"og:image:type\" content=\"image\/jpeg\" \/>\n<meta name=\"twitter:card\" content=\"summary_large_image\" \/>\n<meta name=\"twitter:label1\" content=\"Gesch\u00e4tzte Lesezeit\" \/>\n\t<meta name=\"twitter:data1\" content=\"1\u00a0Minute\" \/>\n<script type=\"application\/ld+json\" class=\"yoast-schema-graph\">{\"@context\":\"https:\/\/schema.org\",\"@graph\":[{\"@type\":\"WebPage\",\"@id\":\"https:\/\/weltlaeden.de\/katzenelnbogen\/produkte\/tropisch-fruchtig-vielseitig-einsetzbar-mango-fruchtsauce-von-preda\/\",\"url\":\"https:\/\/weltlaeden.de\/katzenelnbogen\/produkte\/tropisch-fruchtig-vielseitig-einsetzbar-mango-fruchtsauce-von-preda\/\",\"name\":\"Tropisch-fruchtig &amp; vielseitig einsetzbar - Mango-Fruchtsauce von PREDA - Weltladen Katzenelnbogen\",\"isPartOf\":{\"@id\":\"https:\/\/weltlaeden.de\/katzenelnbogen\/#website\"},\"primaryImageOfPage\":{\"@id\":\"https:\/\/weltlaeden.de\/katzenelnbogen\/produkte\/tropisch-fruchtig-vielseitig-einsetzbar-mango-fruchtsauce-von-preda\/#primaryimage\"},\"image\":{\"@id\":\"https:\/\/weltlaeden.de\/katzenelnbogen\/produkte\/tropisch-fruchtig-vielseitig-einsetzbar-mango-fruchtsauce-von-preda\/#primaryimage\"},\"thumbnailUrl\":\"https:\/\/weltlaeden.de\/katzenelnbogen\/wp-content\/uploads\/sites\/229\/2025\/12\/ph8-17-056_2-300x300.jpg\",\"datePublished\":\"2025-12-01T08:00:23+00:00\",\"dateModified\":\"2025-12-31T11:24:06+00:00\",\"breadcrumb\":{\"@id\":\"https:\/\/weltlaeden.de\/katzenelnbogen\/produkte\/tropisch-fruchtig-vielseitig-einsetzbar-mango-fruchtsauce-von-preda\/#breadcrumb\"},\"inLanguage\":\"de\",\"potentialAction\":[{\"@type\":\"ReadAction\",\"target\":[\"https:\/\/weltlaeden.de\/katzenelnbogen\/produkte\/tropisch-fruchtig-vielseitig-einsetzbar-mango-fruchtsauce-von-preda\/\"]}]},{\"@type\":\"ImageObject\",\"inLanguage\":\"de\",\"@id\":\"https:\/\/weltlaeden.de\/katzenelnbogen\/produkte\/tropisch-fruchtig-vielseitig-einsetzbar-mango-fruchtsauce-von-preda\/#primaryimage\",\"url\":\"https:\/\/weltlaeden.de\/katzenelnbogen\/wp-content\/uploads\/sites\/229\/2025\/12\/ph8-17-056_2-e1767180002876.jpg\",\"contentUrl\":\"https:\/\/weltlaeden.de\/katzenelnbogen\/wp-content\/uploads\/sites\/229\/2025\/12\/ph8-17-056_2-e1767180002876.jpg\",\"width\":178,\"height\":235},{\"@type\":\"BreadcrumbList\",\"@id\":\"https:\/\/weltlaeden.de\/katzenelnbogen\/produkte\/tropisch-fruchtig-vielseitig-einsetzbar-mango-fruchtsauce-von-preda\/#breadcrumb\",\"itemListElement\":[{\"@type\":\"ListItem\",\"position\":1,\"name\":\"Startseite\",\"item\":\"https:\/\/weltlaeden.de\/katzenelnbogen\/\"},{\"@type\":\"ListItem\",\"position\":2,\"name\":\"Produkte\",\"item\":\"https:\/\/weltlaeden.de\/katzenelnbogen\/produkte\/\"},{\"@type\":\"ListItem\",\"position\":3,\"name\":\"Tropisch-fruchtig &amp; vielseitig einsetzbar &#8211; Mango-Fruchtsauce von PREDA\"}]},{\"@type\":\"WebSite\",\"@id\":\"https:\/\/weltlaeden.de\/katzenelnbogen\/#website\",\"url\":\"https:\/\/weltlaeden.de\/katzenelnbogen\/\",\"name\":\"Weltladen Katzenelnbogen\",\"description\":\"Faire Produkte seit 1990\",\"potentialAction\":[{\"@type\":\"SearchAction\",\"target\":{\"@type\":\"EntryPoint\",\"urlTemplate\":\"https:\/\/weltlaeden.de\/katzenelnbogen\/?s={search_term_string}\"},\"query-input\":{\"@type\":\"PropertyValueSpecification\",\"valueRequired\":true,\"valueName\":\"search_term_string\"}}],\"inLanguage\":\"de\"}]}<\/script>\n<!-- \/ Yoast SEO plugin. -->","yoast_head_json":{"title":"Tropisch-fruchtig &amp; vielseitig einsetzbar - Mango-Fruchtsauce von PREDA - Weltladen Katzenelnbogen","robots":{"index":"index","follow":"follow","max-snippet":"max-snippet:-1","max-image-preview":"max-image-preview:large","max-video-preview":"max-video-preview:-1"},"canonical":"https:\/\/weltlaeden.de\/katzenelnbogen\/produkte\/tropisch-fruchtig-vielseitig-einsetzbar-mango-fruchtsauce-von-preda\/","og_locale":"de_DE","og_type":"article","og_title":"Tropisch-fruchtig &amp; vielseitig einsetzbar - Mango-Fruchtsauce von PREDA - Weltladen Katzenelnbogen","og_description":"[vc_row][vc_column][\/vc_column][\/vc_row][vc_row][vc_column][vc_empty_space][\/vc_column][\/vc_row][vc_row][vc_column][vc_column_text css=&#8220;&#8220;]Blitzlicht Produkte Vielseitiger Genuss und gleichzeitige St\u00e4rkung von Kinderrechten Die Mango-Fruchtsauce, die \u00fcber Weltpartner vertrieben wird, ist nicht nur als Zugabe von Getr\u00e4nken ein Highlight, sondern l\u00e4sst sich auch zum Backen oder als Dessertsauce ausgezeichnet verwenden. Die Sauce besteht zu 85% aus reinem Mangop\u00fcree, das von Mangos der Kinderrechtsorganisation PREDA auf den Philippinen stammt.&hellip;","og_url":"https:\/\/weltlaeden.de\/katzenelnbogen\/produkte\/tropisch-fruchtig-vielseitig-einsetzbar-mango-fruchtsauce-von-preda\/","og_site_name":"Weltladen Katzenelnbogen","article_modified_time":"2025-12-31T11:24:06+00:00","og_image":[{"width":178,"height":235,"url":"https:\/\/weltlaeden.de\/katzenelnbogen\/wp-content\/uploads\/sites\/229\/2025\/12\/ph8-17-056_2-e1767180002876.jpg","type":"image\/jpeg"}],"twitter_card":"summary_large_image","twitter_misc":{"Gesch\u00e4tzte Lesezeit":"1\u00a0Minute"},"schema":{"@context":"https:\/\/schema.org","@graph":[{"@type":"WebPage","@id":"https:\/\/weltlaeden.de\/katzenelnbogen\/produkte\/tropisch-fruchtig-vielseitig-einsetzbar-mango-fruchtsauce-von-preda\/","url":"https:\/\/weltlaeden.de\/katzenelnbogen\/produkte\/tropisch-fruchtig-vielseitig-einsetzbar-mango-fruchtsauce-von-preda\/","name":"Tropisch-fruchtig &amp; vielseitig einsetzbar - Mango-Fruchtsauce von PREDA - Weltladen Katzenelnbogen","isPartOf":{"@id":"https:\/\/weltlaeden.de\/katzenelnbogen\/#website"},"primaryImageOfPage":{"@id":"https:\/\/weltlaeden.de\/katzenelnbogen\/produkte\/tropisch-fruchtig-vielseitig-einsetzbar-mango-fruchtsauce-von-preda\/#primaryimage"},"image":{"@id":"https:\/\/weltlaeden.de\/katzenelnbogen\/produkte\/tropisch-fruchtig-vielseitig-einsetzbar-mango-fruchtsauce-von-preda\/#primaryimage"},"thumbnailUrl":"https:\/\/weltlaeden.de\/katzenelnbogen\/wp-content\/uploads\/sites\/229\/2025\/12\/ph8-17-056_2-300x300.jpg","datePublished":"2025-12-01T08:00:23+00:00","dateModified":"2025-12-31T11:24:06+00:00","breadcrumb":{"@id":"https:\/\/weltlaeden.de\/katzenelnbogen\/produkte\/tropisch-fruchtig-vielseitig-einsetzbar-mango-fruchtsauce-von-preda\/#breadcrumb"},"inLanguage":"de","potentialAction":[{"@type":"ReadAction","target":["https:\/\/weltlaeden.de\/katzenelnbogen\/produkte\/tropisch-fruchtig-vielseitig-einsetzbar-mango-fruchtsauce-von-preda\/"]}]},{"@type":"ImageObject","inLanguage":"de","@id":"https:\/\/weltlaeden.de\/katzenelnbogen\/produkte\/tropisch-fruchtig-vielseitig-einsetzbar-mango-fruchtsauce-von-preda\/#primaryimage","url":"https:\/\/weltlaeden.de\/katzenelnbogen\/wp-content\/uploads\/sites\/229\/2025\/12\/ph8-17-056_2-e1767180002876.jpg","contentUrl":"https:\/\/weltlaeden.de\/katzenelnbogen\/wp-content\/uploads\/sites\/229\/2025\/12\/ph8-17-056_2-e1767180002876.jpg","width":178,"height":235},{"@type":"BreadcrumbList","@id":"https:\/\/weltlaeden.de\/katzenelnbogen\/produkte\/tropisch-fruchtig-vielseitig-einsetzbar-mango-fruchtsauce-von-preda\/#breadcrumb","itemListElement":[{"@type":"ListItem","position":1,"name":"Startseite","item":"https:\/\/weltlaeden.de\/katzenelnbogen\/"},{"@type":"ListItem","position":2,"name":"Produkte","item":"https:\/\/weltlaeden.de\/katzenelnbogen\/produkte\/"},{"@type":"ListItem","position":3,"name":"Tropisch-fruchtig &amp; vielseitig einsetzbar &#8211; Mango-Fruchtsauce von PREDA"}]},{"@type":"WebSite","@id":"https:\/\/weltlaeden.de\/katzenelnbogen\/#website","url":"https:\/\/weltlaeden.de\/katzenelnbogen\/","name":"Weltladen Katzenelnbogen","description":"Faire Produkte seit 1990","potentialAction":[{"@type":"SearchAction","target":{"@type":"EntryPoint","urlTemplate":"https:\/\/weltlaeden.de\/katzenelnbogen\/?s={search_term_string}"},"query-input":{"@type":"PropertyValueSpecification","valueRequired":true,"valueName":"search_term_string"}}],"inLanguage":"de"}]}},"_links":{"self":[{"href":"https:\/\/weltlaeden.de\/katzenelnbogen\/wp-json\/wp\/v2\/pages\/1002","targetHints":{"allow":["GET"]}}],"collection":[{"href":"https:\/\/weltlaeden.de\/katzenelnbogen\/wp-json\/wp\/v2\/pages"}],"about":[{"href":"https:\/\/weltlaeden.de\/katzenelnbogen\/wp-json\/wp\/v2\/types\/page"}],"author":[{"embeddable":true,"href":"https:\/\/weltlaeden.de\/katzenelnbogen\/wp-json\/wp\/v2\/users\/340"}],"replies":[{"embeddable":true,"href":"https:\/\/weltlaeden.de\/katzenelnbogen\/wp-json\/wp\/v2\/comments?post=1002"}],"version-history":[{"count":3,"href":"https:\/\/weltlaeden.de\/katzenelnbogen\/wp-json\/wp\/v2\/pages\/1002\/revisions"}],"predecessor-version":[{"id":1005,"href":"https:\/\/weltlaeden.de\/katzenelnbogen\/wp-json\/wp\/v2\/pages\/1002\/revisions\/1005"}],"up":[{"embeddable":true,"href":"https:\/\/weltlaeden.de\/katzenelnbogen\/wp-json\/wp\/v2\/pages\/217"}],"wp:attachment":[{"href":"https:\/\/weltlaeden.de\/katzenelnbogen\/wp-json\/wp\/v2\/media?parent=1002"}],"curies":[{"name":"wp","href":"https:\/\/api.w.org\/{rel}","templated":true}]}}