{"id":219,"date":"2016-10-28T13:34:47","date_gmt":"2016-10-28T11:34:47","guid":{"rendered":"https:\/\/wl.heimpixel.de\/vorlage\/ueber-uns\/"},"modified":"2024-01-26T17:03:46","modified_gmt":"2024-01-26T16:03:46","slug":"ueber-uns","status":"publish","type":"page","link":"https:\/\/weltlaeden.de\/kastellaun\/ueber-uns\/","title":{"rendered":"\u00dcber uns"},"content":{"rendered":"<div class=\"wpb-content-wrapper\"><p>[vc_row][vc_column]<div class=\"wl_einzelbild\"><p><img loading=\"lazy\" decoding=\"async\" class=\"aligncenter size-full wp-image-nsm-3-16\" src=\"https:\/\/weltlaeden.de\/kastellaun\/wp-content\/uploads\/sites\/3\/2016\/11\/ElPuente_Kakaobohnen_El-Ceibo_Bolivien.jpg\" alt=\"\" width=\"1200\" height=\"519\" \/><\/p><\/div>[vc_empty_space][vc_column_text]<\/p>\n<h1>Seit 35 Jahren unterst\u00fctzen wir global &amp; regional<\/h1>\n<p>[\/vc_column_text][vc_column_text]Seit \u00fcber 35 Jahren besteht der Eine- Welt- Laden in Kastellaun und wird von einem Verein gef\u00fchrt.<\/p>\n<p>Im Ladendienst arbeiten mehr als 30 Ehrenamtliche, die nicht nur die fair gehandelten Produkte verkaufen, sondern den Laden auch als Ort des Austausches und der Begegnung zu sch\u00e4tzen wissen.<\/p>\n<p>Das Angebot umfasst neben Kaffee, Tee, Schokolade und weiteren Lebens- und Genussmitteln auch interessantes Kunsthandwerk sowie zahlreiche Geschenkartikel und wird regelm\u00e4\u00dfig\u00a0 an die saisonalen Besonderheiten und aktuellen Feste und Feiern angepasst.<\/p>\n<p>In jedem Jahr finden\u00a0 verschiedene Aktionen und Ausstellungen statt, die die unterschiedliche Facetten des fairen Handels beleuchten.<\/p>\n<p>Hierbei arbeiten wir mit Schulen aus der Region\u00a0 und weiteren Kooperationspartnern zusammen.<\/p>\n<p>Die Ertr\u00e4ge aus dem Verkauf unserer Waren flie\u00dfen jedes Jahr wieder in verschiedenen Projekte, die eine faire Welt unterst\u00fctzen.<\/p>\n<p>&nbsp;<\/p>\n<p>Anl\u00e4sslich unseres 35-j\u00e4hrigen Jubil\u00e4ums hat der Wochenspiegel einen sch\u00f6nen Artikel abgedruckt. Diesen findet Sie digital hier:<\/p>\n<p><a href=\"https:\/\/www.wochenspiegellive.de\/rhein-hunsrueck-kreis\/artikel\/eine-welt-laden-kastellaun-unterstuetzt-global-regional\" target=\"_blank\" rel=\"noopener\">https:\/\/www.wochenspiegellive.de\/rhein-hunsrueck-kreis\/artikel\/eine-welt-laden-kastellaun-unterstuetzt-global-regional<\/a>[\/vc_column_text][\/vc_column][\/vc_row][vc_row][vc_column][vc_empty_space][vc_column_text]<\/p>\n<h1>Werden Sie Teil unseres Teams<\/h1>\n<p>[\/vc_column_text][vc_column_text]<b>Wie suchen <\/b>Menschen, die Spa\u00df und Freude daran haben, sich unserem Team anzuschlie\u00dfen, ob im Verkauf oder der Informations- oder Bildungsarbeit.<\/p>\n<p>Viele Aufgaben erfordern keine speziellen Vorkenntnisse, sondern nur Deine Bereitschaft, die eigenen F\u00e4higkeiten einzubringen und offen f\u00fcr das Konzept der Weltl\u00e4den zu sein.<\/p>\n<p><strong>Wir bieten<\/strong> ein nettes Team aus Engagierten mit vielf\u00e4ltigen M\u00f6glichkeiten, sich f\u00fcr einen fairen Handel und bessere Lebens- und Arbeitsbedingungen f\u00fcr Menschen im globalen S\u00fcden der Welt einzusetzen.<\/p>\n<p style=\"text-align: center\"><strong>Das Team vom Eine- Welt Laden- Kastellaun<\/strong><\/p>\n<p>[\/vc_column_text][\/vc_column][\/vc_row][vc_row][vc_column][vc_empty_space][\/vc_column][\/vc_row][vc_row][vc_column][vc_column_text][\/vc_column_text][\/vc_column][\/vc_row][vc_row][vc_column][\/vc_column][\/vc_row]<\/p>\n<\/div>","protected":false},"excerpt":{"rendered":"<p>[vc_row][vc_column][vc_empty_space][vc_column_text] Seit 35 Jahren unterst\u00fctzen wir global &amp; regional [\/vc_column_text][vc_column_text]Seit \u00fcber 35 Jahren besteht der Eine- Welt- Laden in Kastellaun und wird von einem Verein gef\u00fchrt. Im Ladendienst arbeiten mehr als 30 Ehrenamtliche, die nicht nur die fair gehandelten Produkte verkaufen, sondern den Laden auch als Ort des Austausches und der Begegnung zu sch\u00e4tzen wissen.&hellip;<\/p>\n","protected":false},"author":1,"featured_media":0,"parent":0,"menu_order":6,"comment_status":"closed","ping_status":"closed","template":"","meta":{"footnotes":""},"class_list":["post-219","page","type-page","status-publish","hentry","description-off"],"yoast_head":"<!-- This site is optimized with the Yoast SEO plugin v26.8 - https:\/\/yoast.com\/product\/yoast-seo-wordpress\/ -->\n<title>\u00dcber uns - Weltladen Kastellaun<\/title>\n<meta name=\"robots\" content=\"index, follow, max-snippet:-1, max-image-preview:large, max-video-preview:-1\" \/>\n<link rel=\"canonical\" href=\"https:\/\/weltlaeden.de\/kastellaun\/ueber-uns\/\" \/>\n<meta property=\"og:locale\" content=\"de_DE\" \/>\n<meta property=\"og:type\" content=\"article\" \/>\n<meta property=\"og:title\" content=\"\u00dcber uns - Weltladen Kastellaun\" \/>\n<meta property=\"og:description\" content=\"[vc_row][vc_column][vc_empty_space][vc_column_text] Seit 35 Jahren unterst\u00fctzen wir global &amp; regional [\/vc_column_text][vc_column_text]Seit \u00fcber 35 Jahren besteht der Eine- Welt- Laden in Kastellaun und wird von einem Verein gef\u00fchrt. Im Ladendienst arbeiten mehr als 30 Ehrenamtliche, die nicht nur die fair gehandelten Produkte verkaufen, sondern den Laden auch als Ort des Austausches und der Begegnung zu sch\u00e4tzen wissen.&hellip;\" \/>\n<meta property=\"og:url\" content=\"https:\/\/weltlaeden.de\/kastellaun\/ueber-uns\/\" \/>\n<meta property=\"og:site_name\" content=\"Weltladen Kastellaun\" \/>\n<meta property=\"article:modified_time\" content=\"2024-01-26T16:03:46+00:00\" \/>\n<meta property=\"og:image\" content=\"https:\/\/weltlaeden.de\/kastellaun\/wp-content\/uploads\/sites\/3\/2016\/11\/ElPuente_Kakaobohnen_El-Ceibo_Bolivien.jpg\" \/>\n<meta name=\"twitter:card\" content=\"summary_large_image\" \/>\n<meta name=\"twitter:label1\" content=\"Gesch\u00e4tzte Lesezeit\" \/>\n\t<meta name=\"twitter:data1\" content=\"2\u00a0Minuten\" \/>\n<script type=\"application\/ld+json\" class=\"yoast-schema-graph\">{\"@context\":\"https:\/\/schema.org\",\"@graph\":[{\"@type\":\"WebPage\",\"@id\":\"https:\/\/weltlaeden.de\/kastellaun\/ueber-uns\/\",\"url\":\"https:\/\/weltlaeden.de\/kastellaun\/ueber-uns\/\",\"name\":\"\u00dcber uns - Weltladen Kastellaun\",\"isPartOf\":{\"@id\":\"https:\/\/weltlaeden.de\/kastellaun\/#website\"},\"primaryImageOfPage\":{\"@id\":\"https:\/\/weltlaeden.de\/kastellaun\/ueber-uns\/#primaryimage\"},\"image\":{\"@id\":\"https:\/\/weltlaeden.de\/kastellaun\/ueber-uns\/#primaryimage\"},\"thumbnailUrl\":\"https:\/\/weltlaeden.de\/kastellaun\/wp-content\/uploads\/sites\/3\/2016\/11\/ElPuente_Kakaobohnen_El-Ceibo_Bolivien.jpg\",\"datePublished\":\"2016-10-28T11:34:47+00:00\",\"dateModified\":\"2024-01-26T16:03:46+00:00\",\"breadcrumb\":{\"@id\":\"https:\/\/weltlaeden.de\/kastellaun\/ueber-uns\/#breadcrumb\"},\"inLanguage\":\"de\",\"potentialAction\":[{\"@type\":\"ReadAction\",\"target\":[\"https:\/\/weltlaeden.de\/kastellaun\/ueber-uns\/\"]}]},{\"@type\":\"ImageObject\",\"inLanguage\":\"de\",\"@id\":\"https:\/\/weltlaeden.de\/kastellaun\/ueber-uns\/#primaryimage\",\"url\":\"https:\/\/weltlaeden.de\/kastellaun\/wp-content\/uploads\/sites\/3\/2016\/11\/ElPuente_Kakaobohnen_El-Ceibo_Bolivien.jpg\",\"contentUrl\":\"https:\/\/weltlaeden.de\/kastellaun\/wp-content\/uploads\/sites\/3\/2016\/11\/ElPuente_Kakaobohnen_El-Ceibo_Bolivien.jpg\"},{\"@type\":\"BreadcrumbList\",\"@id\":\"https:\/\/weltlaeden.de\/kastellaun\/ueber-uns\/#breadcrumb\",\"itemListElement\":[{\"@type\":\"ListItem\",\"position\":1,\"name\":\"Startseite\",\"item\":\"https:\/\/weltlaeden.de\/kastellaun\/\"},{\"@type\":\"ListItem\",\"position\":2,\"name\":\"\u00dcber uns\"}]},{\"@type\":\"WebSite\",\"@id\":\"https:\/\/weltlaeden.de\/kastellaun\/#website\",\"url\":\"https:\/\/weltlaeden.de\/kastellaun\/\",\"name\":\"Weltladen Kastellaun\",\"description\":\"Faire Produkte seit 1998\",\"potentialAction\":[{\"@type\":\"SearchAction\",\"target\":{\"@type\":\"EntryPoint\",\"urlTemplate\":\"https:\/\/weltlaeden.de\/kastellaun\/?s={search_term_string}\"},\"query-input\":{\"@type\":\"PropertyValueSpecification\",\"valueRequired\":true,\"valueName\":\"search_term_string\"}}],\"inLanguage\":\"de\"}]}<\/script>\n<!-- \/ Yoast SEO plugin. -->","yoast_head_json":{"title":"\u00dcber uns - Weltladen Kastellaun","robots":{"index":"index","follow":"follow","max-snippet":"max-snippet:-1","max-image-preview":"max-image-preview:large","max-video-preview":"max-video-preview:-1"},"canonical":"https:\/\/weltlaeden.de\/kastellaun\/ueber-uns\/","og_locale":"de_DE","og_type":"article","og_title":"\u00dcber uns - Weltladen Kastellaun","og_description":"[vc_row][vc_column][vc_empty_space][vc_column_text] Seit 35 Jahren unterst\u00fctzen wir global &amp; regional [\/vc_column_text][vc_column_text]Seit \u00fcber 35 Jahren besteht der Eine- Welt- Laden in Kastellaun und wird von einem Verein gef\u00fchrt. Im Ladendienst arbeiten mehr als 30 Ehrenamtliche, die nicht nur die fair gehandelten Produkte verkaufen, sondern den Laden auch als Ort des Austausches und der Begegnung zu sch\u00e4tzen wissen.&hellip;","og_url":"https:\/\/weltlaeden.de\/kastellaun\/ueber-uns\/","og_site_name":"Weltladen Kastellaun","article_modified_time":"2024-01-26T16:03:46+00:00","og_image":[{"url":"https:\/\/weltlaeden.de\/kastellaun\/wp-content\/uploads\/sites\/3\/2016\/11\/ElPuente_Kakaobohnen_El-Ceibo_Bolivien.jpg","type":"","width":"","height":""}],"twitter_card":"summary_large_image","twitter_misc":{"Gesch\u00e4tzte Lesezeit":"2\u00a0Minuten"},"schema":{"@context":"https:\/\/schema.org","@graph":[{"@type":"WebPage","@id":"https:\/\/weltlaeden.de\/kastellaun\/ueber-uns\/","url":"https:\/\/weltlaeden.de\/kastellaun\/ueber-uns\/","name":"\u00dcber uns - Weltladen Kastellaun","isPartOf":{"@id":"https:\/\/weltlaeden.de\/kastellaun\/#website"},"primaryImageOfPage":{"@id":"https:\/\/weltlaeden.de\/kastellaun\/ueber-uns\/#primaryimage"},"image":{"@id":"https:\/\/weltlaeden.de\/kastellaun\/ueber-uns\/#primaryimage"},"thumbnailUrl":"https:\/\/weltlaeden.de\/kastellaun\/wp-content\/uploads\/sites\/3\/2016\/11\/ElPuente_Kakaobohnen_El-Ceibo_Bolivien.jpg","datePublished":"2016-10-28T11:34:47+00:00","dateModified":"2024-01-26T16:03:46+00:00","breadcrumb":{"@id":"https:\/\/weltlaeden.de\/kastellaun\/ueber-uns\/#breadcrumb"},"inLanguage":"de","potentialAction":[{"@type":"ReadAction","target":["https:\/\/weltlaeden.de\/kastellaun\/ueber-uns\/"]}]},{"@type":"ImageObject","inLanguage":"de","@id":"https:\/\/weltlaeden.de\/kastellaun\/ueber-uns\/#primaryimage","url":"https:\/\/weltlaeden.de\/kastellaun\/wp-content\/uploads\/sites\/3\/2016\/11\/ElPuente_Kakaobohnen_El-Ceibo_Bolivien.jpg","contentUrl":"https:\/\/weltlaeden.de\/kastellaun\/wp-content\/uploads\/sites\/3\/2016\/11\/ElPuente_Kakaobohnen_El-Ceibo_Bolivien.jpg"},{"@type":"BreadcrumbList","@id":"https:\/\/weltlaeden.de\/kastellaun\/ueber-uns\/#breadcrumb","itemListElement":[{"@type":"ListItem","position":1,"name":"Startseite","item":"https:\/\/weltlaeden.de\/kastellaun\/"},{"@type":"ListItem","position":2,"name":"\u00dcber uns"}]},{"@type":"WebSite","@id":"https:\/\/weltlaeden.de\/kastellaun\/#website","url":"https:\/\/weltlaeden.de\/kastellaun\/","name":"Weltladen Kastellaun","description":"Faire Produkte seit 1998","potentialAction":[{"@type":"SearchAction","target":{"@type":"EntryPoint","urlTemplate":"https:\/\/weltlaeden.de\/kastellaun\/?s={search_term_string}"},"query-input":{"@type":"PropertyValueSpecification","valueRequired":true,"valueName":"search_term_string"}}],"inLanguage":"de"}]}},"_links":{"self":[{"href":"https:\/\/weltlaeden.de\/kastellaun\/wp-json\/wp\/v2\/pages\/219","targetHints":{"allow":["GET"]}}],"collection":[{"href":"https:\/\/weltlaeden.de\/kastellaun\/wp-json\/wp\/v2\/pages"}],"about":[{"href":"https:\/\/weltlaeden.de\/kastellaun\/wp-json\/wp\/v2\/types\/page"}],"author":[{"embeddable":true,"href":"https:\/\/weltlaeden.de\/kastellaun\/wp-json\/wp\/v2\/users\/1"}],"replies":[{"embeddable":true,"href":"https:\/\/weltlaeden.de\/kastellaun\/wp-json\/wp\/v2\/comments?post=219"}],"version-history":[{"count":25,"href":"https:\/\/weltlaeden.de\/kastellaun\/wp-json\/wp\/v2\/pages\/219\/revisions"}],"predecessor-version":[{"id":635,"href":"https:\/\/weltlaeden.de\/kastellaun\/wp-json\/wp\/v2\/pages\/219\/revisions\/635"}],"wp:attachment":[{"href":"https:\/\/weltlaeden.de\/kastellaun\/wp-json\/wp\/v2\/media?parent=219"}],"curies":[{"name":"wp","href":"https:\/\/api.w.org\/{rel}","templated":true}]}}