{"id":217,"date":"2016-10-28T13:34:47","date_gmt":"2016-10-28T11:34:47","guid":{"rendered":"https:\/\/wl.heimpixel.de\/vorlage\/produkte\/"},"modified":"2023-11-16T16:20:30","modified_gmt":"2023-11-16T15:20:30","slug":"produkte","status":"publish","type":"page","link":"https:\/\/weltlaeden.de\/kastellaun\/produkte\/","title":{"rendered":"Produkte\/Sortiment"},"content":{"rendered":"<div class=\"wpb-content-wrapper\"><p>[vc_row][\/vc_row][vc_column][\/vc_column]<div class=\"wl_einzelbild\"><p><\/p><\/div>[vc_empty_space][vc_column_text]<\/p>\n<h1>Unser Sortiment<\/h1>\n<p>[\/vc_column_text][vc_column_text]<\/p>\n<h1><span style=\"color: #993366\"><strong>Lebensmittel<\/strong><\/span><\/h1>\n<h2><strong><u>Kaffee und Tee<\/u><\/strong><\/h2>\n<ul>\n<li>Verschiedene Sorten Kaffee, gemahlen, als Bohnen oder als Pads<\/li>\n<li>Koffeinfreier Kaffee<\/li>\n<li>Espresso<\/li>\n<li>Instantkaffee<\/li>\n<li><\/li>\n<li>Fr\u00fcchtetees<\/li>\n<li>Kr\u00e4utertees<\/li>\n<li>Wohlf\u00fchltees<\/li>\n<li>schwarzer Tee<\/li>\n<li>Gr\u00fcner Tee<\/li>\n<li>&#8230;<\/li>\n<\/ul>\n<h2><strong><u>S\u00fc\u00dfigkeiten und Snacks<\/u><\/strong><\/h2>\n<ul>\n<li>Schokolade, Geb\u00e4ck und Pralinen<\/li>\n<li>Trockenfr\u00fcchte und N\u00fcsse<\/li>\n<li>Fruchtgummis und Bonbons<\/li>\n<li>&#8230;<\/li>\n<\/ul>\n<h2><strong><u>Kochen und Backen<\/u><\/strong><\/h2>\n<ul>\n<li>Saucen, Senf und \u00d6le<\/li>\n<li>Reis, Quinoa und H\u00fclsenfr\u00fcchte<\/li>\n<li>Sojaprodukte,<\/li>\n<li>Kokosmilch<\/li>\n<li>Kr\u00e4uter und Gew\u00fcrze<\/li>\n<li>Brotaufstriche<\/li>\n<li>Honig<\/li>\n<li>Backzutaten<\/li>\n<li>&#8230;<\/li>\n<\/ul>\n<h2><strong><u>Getr\u00e4nke<\/u><\/strong><\/h2>\n<ul>\n<li>Kakao und Cappuccino<\/li>\n<li>Wein<\/li>\n<li>Erfrischungsgetr\u00e4nke<\/li>\n<\/ul>\n<p>&nbsp;<\/p>\n<p>&nbsp;<\/p>\n<h1><span style=\"color: #993366\"><strong>Kunsthandwerk<\/strong><\/span><\/h1>\n<h2><span style=\"color: #000000\"><strong><u>Wohnen:<\/u><\/strong><\/span><\/h2>\n<ul>\n<li><span style=\"color: #000000\">Einkaufs- und Aufbewahrungsk\u00f6rbe<\/span><\/li>\n<li><span style=\"color: #000000\">Dosen und Schalen\u00a0<\/span><\/li>\n<li><span style=\"color: #000000\">Statuen und Tierfiguren aus Stein, Holz oder Metall<\/span><\/li>\n<li><span style=\"color: #000000\">Lampenschirme und Schrankkn\u00f6pfe<\/span><\/li>\n<li><span style=\"color: #000000\">Wolldecken und\u00a0 Kissen<\/span><\/li>\n<li><span style=\"color: #000000\">H\u00e4nge- und Wanddekoration<\/span><\/li>\n<li><span style=\"color: #000000\">Kerzen und Kerzenhalter\u00a0<\/span><\/li>\n<li><\/li>\n<li><span style=\"color: #000000\">Geschirr und Tischdekoration<\/span><\/li>\n<li><span style=\"color: #000000\">Tischdecken in verschiedenen Gr\u00f6\u00dfen<\/span><\/li>\n<li><span style=\"color: #000000\">besonderen K\u00fcchenaccessoires<\/span><\/li>\n<li><\/li>\n<li><span style=\"color: #000000\">Karten zu jedem Anlass und Geschenkverpackungen<\/span><\/li>\n<li><span style=\"color: #000000\">Stifte und Notizb\u00fccher<\/span><\/li>\n<li><\/li>\n<li><span style=\"color: #000000\">Fu\u00dfmatten aus Sisal und Gartenzubeh\u00f6r aus Kautschuk<\/span><\/li>\n<li><\/li>\n<li><span style=\"color: #000000\">H\u00e4ngematten und -st\u00fchle<\/span><\/li>\n<li>&#8230;<\/li>\n<\/ul>\n<h2><span style=\"color: #000000\"><strong><u>Fashion:<\/u><\/strong><\/span><\/h2>\n<ul>\n<li><span style=\"color: #000000\">Klassischer Silberschmuck und bunter Modeschmuck\u00a0<\/span><\/li>\n<li><\/li>\n<li><span style=\"color: #000000\">Taschen und Schl\u00fcsselanh\u00e4nger aus Leder und anderen Naturmaterialien<\/span><\/li>\n<li><span style=\"color: #000000\">Geldb\u00f6rsen und Etuis<\/span><\/li>\n<li><\/li>\n<li><span style=\"color: #000000\">T\u00fccher und Schals<\/span><\/li>\n<li><span style=\"color: #000000\">M\u00fctzen, Stirnb\u00e4nder und Handschuhe\u00a0<\/span><\/li>\n<li><span style=\"color: #000000\">Hausschuhe aus Filz<\/span><\/li>\n<li><span style=\"color: #000000\">Socken<\/span><\/li>\n<li>&#8230;<\/li>\n<\/ul>\n<h2><span style=\"color: #000000\"><strong><u>Wellness<\/u><\/strong><\/span><\/h2>\n<ul>\n<li><span style=\"color: #000000\">Seifenschalen\u00a0<\/span><\/li>\n<li><span style=\"color: #000000\">Kulturbeutel und Kosmetikt\u00e4schchen<\/span><\/li>\n<li><span style=\"color: #000000\">K\u00e4mme und Haarspangen<\/span><\/li>\n<li><\/li>\n<li><span style=\"color: #000000\">Seifen, Shampoo, Cremes<\/span><\/li>\n<li><\/li>\n<li><span style=\"color: #000000\">\u00c4therische \u00d6le und Duftlampen<\/span><\/li>\n<li><span style=\"color: #000000\">R\u00e4ucherwaren und Zubeh\u00f6r<\/span><\/li>\n<li><span style=\"color: #000000\">Yogakissen und -matten<\/span><\/li>\n<li><span style=\"color: #000000\">Klangschalen<\/span><\/li>\n<li><span style=\"color: #000000\">Verschiedenste Musikinstrumente aus aller Welt<\/span><\/li>\n<li>&#8230;<\/li>\n<\/ul>\n<h2><span style=\"color: #000000\"><strong><u>Kinderartikel<\/u><\/strong><\/span><\/h2>\n<ul>\n<li><span style=\"color: #000000\">Kinderuhren oder H\u00e4ngeschn\u00fcre<\/span><\/li>\n<li><span style=\"color: #000000\">Kinderhocker mit lustigen Motiven<\/span><\/li>\n<li><span style=\"color: #000000\">Bunte Spardosen und Kindergeldb\u00f6rsen<\/span><\/li>\n<li><span style=\"color: #000000\">Leichte Rucks\u00e4cke<\/span><\/li>\n<li><\/li>\n<li><span style=\"color: #000000\">Gro\u00dfteilige Puzzle<\/span><\/li>\n<li><span style=\"color: #000000\">Kuscheltiere und Fingerpuppen<\/span><\/li>\n<li><span style=\"color: #000000\">B\u00e4lle<\/span><\/li>\n<li><span style=\"color: #000000\">Spiele f\u00fcr Erwachsenen und Kinder<\/span><\/li>\n<li><span style=\"color: #000000\">Babyartikel<\/span><\/li>\n<li>&#8230;<\/li>\n<\/ul>\n<p>[\/vc_column_text][vc_empty_space]<\/p>\n<\/div>","protected":false},"excerpt":{"rendered":"<p>[vc_row][\/vc_row][vc_column][\/vc_column][vc_empty_space][vc_column_text] Unser Sortiment [\/vc_column_text][vc_column_text] Lebensmittel Kaffee und Tee Verschiedene Sorten Kaffee, gemahlen, als Bohnen oder als Pads Koffeinfreier Kaffee Espresso Instantkaffee Fr\u00fcchtetees Kr\u00e4utertees Wohlf\u00fchltees schwarzer Tee Gr\u00fcner Tee &#8230; S\u00fc\u00dfigkeiten und Snacks Schokolade, Geb\u00e4ck und Pralinen Trockenfr\u00fcchte und N\u00fcsse Fruchtgummis und Bonbons &#8230; Kochen und Backen Saucen, Senf und \u00d6le Reis, Quinoa und H\u00fclsenfr\u00fcchte Sojaprodukte,&hellip;<\/p>\n","protected":false},"author":1,"featured_media":0,"parent":0,"menu_order":5,"comment_status":"closed","ping_status":"closed","template":"","meta":{"footnotes":""},"class_list":["post-217","page","type-page","status-publish","hentry","description-off"],"yoast_head":"<!-- This site is optimized with the Yoast SEO plugin v26.8 - https:\/\/yoast.com\/product\/yoast-seo-wordpress\/ -->\n<title>Produkte\/Sortiment - Weltladen Kastellaun<\/title>\n<meta name=\"robots\" content=\"index, follow, max-snippet:-1, max-image-preview:large, max-video-preview:-1\" \/>\n<link rel=\"canonical\" href=\"https:\/\/weltlaeden.de\/kastellaun\/produkte\/\" \/>\n<meta property=\"og:locale\" content=\"de_DE\" \/>\n<meta property=\"og:type\" content=\"article\" \/>\n<meta property=\"og:title\" content=\"Produkte\/Sortiment - Weltladen Kastellaun\" \/>\n<meta property=\"og:description\" content=\"[vc_row][\/vc_row][vc_column][\/vc_column][vc_empty_space][vc_column_text] Unser Sortiment [\/vc_column_text][vc_column_text] Lebensmittel Kaffee und Tee Verschiedene Sorten Kaffee, gemahlen, als Bohnen oder als Pads Koffeinfreier Kaffee Espresso Instantkaffee Fr\u00fcchtetees Kr\u00e4utertees Wohlf\u00fchltees schwarzer Tee Gr\u00fcner Tee &#8230; S\u00fc\u00dfigkeiten und Snacks Schokolade, Geb\u00e4ck und Pralinen Trockenfr\u00fcchte und N\u00fcsse Fruchtgummis und Bonbons &#8230; Kochen und Backen Saucen, Senf und \u00d6le Reis, Quinoa und H\u00fclsenfr\u00fcchte Sojaprodukte,&hellip;\" \/>\n<meta property=\"og:url\" content=\"https:\/\/weltlaeden.de\/kastellaun\/produkte\/\" \/>\n<meta property=\"og:site_name\" content=\"Weltladen Kastellaun\" \/>\n<meta property=\"article:modified_time\" content=\"2023-11-16T15:20:30+00:00\" \/>\n<meta name=\"twitter:card\" content=\"summary_large_image\" \/>\n<meta name=\"twitter:label1\" content=\"Gesch\u00e4tzte Lesezeit\" \/>\n\t<meta name=\"twitter:data1\" content=\"2\u00a0Minuten\" \/>\n<script type=\"application\/ld+json\" class=\"yoast-schema-graph\">{\"@context\":\"https:\/\/schema.org\",\"@graph\":[{\"@type\":\"WebPage\",\"@id\":\"https:\/\/weltlaeden.de\/kastellaun\/produkte\/\",\"url\":\"https:\/\/weltlaeden.de\/kastellaun\/produkte\/\",\"name\":\"Produkte\/Sortiment - Weltladen Kastellaun\",\"isPartOf\":{\"@id\":\"https:\/\/weltlaeden.de\/kastellaun\/#website\"},\"datePublished\":\"2016-10-28T11:34:47+00:00\",\"dateModified\":\"2023-11-16T15:20:30+00:00\",\"breadcrumb\":{\"@id\":\"https:\/\/weltlaeden.de\/kastellaun\/produkte\/#breadcrumb\"},\"inLanguage\":\"de\",\"potentialAction\":[{\"@type\":\"ReadAction\",\"target\":[\"https:\/\/weltlaeden.de\/kastellaun\/produkte\/\"]}]},{\"@type\":\"BreadcrumbList\",\"@id\":\"https:\/\/weltlaeden.de\/kastellaun\/produkte\/#breadcrumb\",\"itemListElement\":[{\"@type\":\"ListItem\",\"position\":1,\"name\":\"Startseite\",\"item\":\"https:\/\/weltlaeden.de\/kastellaun\/\"},{\"@type\":\"ListItem\",\"position\":2,\"name\":\"Produkte\/Sortiment\"}]},{\"@type\":\"WebSite\",\"@id\":\"https:\/\/weltlaeden.de\/kastellaun\/#website\",\"url\":\"https:\/\/weltlaeden.de\/kastellaun\/\",\"name\":\"Weltladen Kastellaun\",\"description\":\"Faire Produkte seit 1998\",\"potentialAction\":[{\"@type\":\"SearchAction\",\"target\":{\"@type\":\"EntryPoint\",\"urlTemplate\":\"https:\/\/weltlaeden.de\/kastellaun\/?s={search_term_string}\"},\"query-input\":{\"@type\":\"PropertyValueSpecification\",\"valueRequired\":true,\"valueName\":\"search_term_string\"}}],\"inLanguage\":\"de\"}]}<\/script>\n<!-- \/ Yoast SEO plugin. -->","yoast_head_json":{"title":"Produkte\/Sortiment - Weltladen Kastellaun","robots":{"index":"index","follow":"follow","max-snippet":"max-snippet:-1","max-image-preview":"max-image-preview:large","max-video-preview":"max-video-preview:-1"},"canonical":"https:\/\/weltlaeden.de\/kastellaun\/produkte\/","og_locale":"de_DE","og_type":"article","og_title":"Produkte\/Sortiment - Weltladen Kastellaun","og_description":"[vc_row][\/vc_row][vc_column][\/vc_column][vc_empty_space][vc_column_text] Unser Sortiment [\/vc_column_text][vc_column_text] Lebensmittel Kaffee und Tee Verschiedene Sorten Kaffee, gemahlen, als Bohnen oder als Pads Koffeinfreier Kaffee Espresso Instantkaffee Fr\u00fcchtetees Kr\u00e4utertees Wohlf\u00fchltees schwarzer Tee Gr\u00fcner Tee &#8230; S\u00fc\u00dfigkeiten und Snacks Schokolade, Geb\u00e4ck und Pralinen Trockenfr\u00fcchte und N\u00fcsse Fruchtgummis und Bonbons &#8230; Kochen und Backen Saucen, Senf und \u00d6le Reis, Quinoa und H\u00fclsenfr\u00fcchte Sojaprodukte,&hellip;","og_url":"https:\/\/weltlaeden.de\/kastellaun\/produkte\/","og_site_name":"Weltladen Kastellaun","article_modified_time":"2023-11-16T15:20:30+00:00","twitter_card":"summary_large_image","twitter_misc":{"Gesch\u00e4tzte Lesezeit":"2\u00a0Minuten"},"schema":{"@context":"https:\/\/schema.org","@graph":[{"@type":"WebPage","@id":"https:\/\/weltlaeden.de\/kastellaun\/produkte\/","url":"https:\/\/weltlaeden.de\/kastellaun\/produkte\/","name":"Produkte\/Sortiment - Weltladen Kastellaun","isPartOf":{"@id":"https:\/\/weltlaeden.de\/kastellaun\/#website"},"datePublished":"2016-10-28T11:34:47+00:00","dateModified":"2023-11-16T15:20:30+00:00","breadcrumb":{"@id":"https:\/\/weltlaeden.de\/kastellaun\/produkte\/#breadcrumb"},"inLanguage":"de","potentialAction":[{"@type":"ReadAction","target":["https:\/\/weltlaeden.de\/kastellaun\/produkte\/"]}]},{"@type":"BreadcrumbList","@id":"https:\/\/weltlaeden.de\/kastellaun\/produkte\/#breadcrumb","itemListElement":[{"@type":"ListItem","position":1,"name":"Startseite","item":"https:\/\/weltlaeden.de\/kastellaun\/"},{"@type":"ListItem","position":2,"name":"Produkte\/Sortiment"}]},{"@type":"WebSite","@id":"https:\/\/weltlaeden.de\/kastellaun\/#website","url":"https:\/\/weltlaeden.de\/kastellaun\/","name":"Weltladen Kastellaun","description":"Faire Produkte seit 1998","potentialAction":[{"@type":"SearchAction","target":{"@type":"EntryPoint","urlTemplate":"https:\/\/weltlaeden.de\/kastellaun\/?s={search_term_string}"},"query-input":{"@type":"PropertyValueSpecification","valueRequired":true,"valueName":"search_term_string"}}],"inLanguage":"de"}]}},"_links":{"self":[{"href":"https:\/\/weltlaeden.de\/kastellaun\/wp-json\/wp\/v2\/pages\/217","targetHints":{"allow":["GET"]}}],"collection":[{"href":"https:\/\/weltlaeden.de\/kastellaun\/wp-json\/wp\/v2\/pages"}],"about":[{"href":"https:\/\/weltlaeden.de\/kastellaun\/wp-json\/wp\/v2\/types\/page"}],"author":[{"embeddable":true,"href":"https:\/\/weltlaeden.de\/kastellaun\/wp-json\/wp\/v2\/users\/1"}],"replies":[{"embeddable":true,"href":"https:\/\/weltlaeden.de\/kastellaun\/wp-json\/wp\/v2\/comments?post=217"}],"version-history":[{"count":47,"href":"https:\/\/weltlaeden.de\/kastellaun\/wp-json\/wp\/v2\/pages\/217\/revisions"}],"predecessor-version":[{"id":623,"href":"https:\/\/weltlaeden.de\/kastellaun\/wp-json\/wp\/v2\/pages\/217\/revisions\/623"}],"wp:attachment":[{"href":"https:\/\/weltlaeden.de\/kastellaun\/wp-json\/wp\/v2\/media?parent=217"}],"curies":[{"name":"wp","href":"https:\/\/api.w.org\/{rel}","templated":true}]}}