{"id":20,"date":"2016-10-14T09:05:21","date_gmt":"2016-10-14T07:05:21","guid":{"rendered":"https:\/\/wl.heimpixel.de\/vorlage\/weltladen-musterdorf\/"},"modified":"2021-05-31T12:16:20","modified_gmt":"2021-05-31T10:16:20","slug":"weltladen-musterdorf","status":"publish","type":"page","link":"https:\/\/weltlaeden.de\/kaiserslautern\/","title":{"rendered":"Weltladen Kaiserslautern"},"content":{"rendered":"<div class=\"wpb-content-wrapper\"><p>[vc_row][vc_column]<div class=\"wl_einzelbild\"><p><img loading=\"lazy\" decoding=\"async\" class=\"alignnone size-full wp-image-644\" src=\"https:\/\/weltlaeden.de\/kaiserslautern\/wp-content\/uploads\/sites\/109\/2020\/11\/Startfoto-mit-Personen.jpg\" alt=\"\" width=\"780\" height=\"379\" \/><\/p><\/div>[vc_empty_space height=&#8220;20px&#8220;][\/vc_column][\/vc_row][vc_row][vc_column][vc_column_text]<\/p>\n<h1 style=\"text-align: left\"><strong>Willkommen im Weltladen Kaiserslautern<\/strong><\/h1>\n<p>[\/vc_column_text][vc_column_text]Unser Fachgesch\u00e4ft f\u00fcr Fairen Handel befindet sich in der Altstadt von Kaiserslautern in der N\u00e4he des Martinsplatzes.<\/p>\n<p><strong>In unserem reichhaltigen Lebensmittelsortiment finden Sie<\/strong>:<\/p>\n<p>Feine Teesorten, viele verschiedene Sorten Kaffee von h\u00f6chster Qualit\u00e4t, leckere Schokolade, Gew\u00fcrze, Bananen, H\u00fclsenfr\u00fcchte, N\u00fcsse, Bananenchips und Salabat f\u00fcr die Zubereitung eines Ingwergetr\u00e4nks und vieles mehr.<\/p>\n<p><strong>Im Kunsthandwerk f\u00fchren wir:<\/strong><\/p>\n<p>Eine gro\u00dfe Auswahl an Schmuck, Schals, Taschen, Lederwaren, Keramik, Kerzen, Speckstein, Gl\u00fcckwunschkarten und einiges mehr aus verschiedenen L\u00e4ndern.<\/p>\n<p>Wir f\u00fchren auch ein kleines B\u00fccherangebot, besonders Kinderb\u00fccher.<\/p>\n<p><strong>Schauen Sie doch einmal bei uns vorbei. Wir freuen uns auf Ihren Besuch.<\/strong><\/p>\n<p>Einen Vorgeschmack erhalten Sie bei einem virtuellen Rundgang\u00a0 <a href=\"https:\/\/kl3d.de\/project\/weltladen\/\">https:\/\/kl3d.de\/project\/weltladen\/<\/a>[\/vc_column_text][vc_empty_space height=&#8220;30px&#8220;][\/vc_column][\/vc_row][vc_row][vc_column][vc_column_text]<\/p>\n<h2>Was Sie auf dieser Website finden:<\/h2>\n<p>[\/vc_column_text][vc_empty_space height=&#8220;20px&#8220;][vc_row_inner][vc_column_inner width=&#8220;1\/4&#8243;]<div class=\"wl_einzelbild\"><p><img loading=\"lazy\" decoding=\"async\" class=\"alignleft size-thumbnail wp-image-nsm-3-15\" src=\"https:\/\/weltlaeden.de\/kaiserslautern\/wp-content\/uploads\/sites\/3\/2016\/11\/FairerHandel_ElPuente_Fingerpuppen_EccoExe_Peru-150x150.jpg\" alt=\"\" width=\"150\" height=\"150\" \/><\/p><\/div>[\/vc_column_inner][vc_column_inner width=&#8220;3\/4&#8243;][vc_column_text]<\/p>\n<h3>Fairer Handel<\/h3>\n<p>Was meint Fairer Handel \u00fcberhaupt? Welche Kriterien m\u00fcssen eingehalten werden und wer \u00fcberpr\u00fcft diese? <a href=\"https:\/\/weltlaeden.de\/kaiserslautern\/fairer-handel\/\">Erfahren Sie mehr &#8230;<\/a>[\/vc_column_text][\/vc_column_inner][\/vc_row_inner][vc_separator][vc_row_inner][vc_column_inner width=&#8220;1\/4&#8243;]<div class=\"wl_einzelbild\"><p><img loading=\"lazy\" decoding=\"async\" class=\"alignleft size-full wp-image-nsm-3-28\" src=\"https:\/\/weltlaeden.de\/kaiserslautern\/wp-content\/uploads\/sites\/3\/2018\/05\/Lebensmittel_WL-Bornheim-Christian-Schilling_150x150.jpg\" alt=\"\" width=\"150\" height=\"150\" \/><\/p><\/div>[\/vc_column_inner][vc_column_inner width=&#8220;3\/4&#8243;][vc_column_text]<\/p>\n<h3>Produkte<\/h3>\n<p>Unsere Produkte im Weltladen sind nat\u00fcrlich alle aus Fairem Handel, dennoch kommen sie von unterschiedlichen Fair-Handels-Importeuren. <a href=\"https:\/\/weltlaeden.de\/kaiserslautern\/produkte\/\">Hier zeigen wir Ihnen unser Sortiment &#8230;<\/a>[\/vc_column_text][\/vc_column_inner][\/vc_row_inner][vc_separator][vc_row_inner][vc_column_inner width=&#8220;1\/4&#8243;]<div class=\"wl_einzelbild\"><p><img loading=\"lazy\" decoding=\"async\" class=\"alignleft size-thumbnail wp-image-nsm-3-16\" src=\"https:\/\/weltlaeden.de\/kaiserslautern\/wp-content\/uploads\/sites\/3\/2016\/11\/ElPuente_Kakaobohnen_El-Ceibo_Bolivien-150x150.jpg\" alt=\"\" width=\"150\" height=\"150\" \/><\/p><\/div>[\/vc_column_inner][vc_column_inner width=&#8220;3\/4&#8243;][vc_column_text]<\/p>\n<h3>\u00dcber uns<\/h3>\n<p>Wer wir sind, warum wir uns f\u00fcr Fairen Handel engagieren und wie man bei uns mitmachen kann &#8211; <a href=\"https:\/\/weltlaeden.de\/kaiserslautern\/ueber-uns\/\">hier stellen wir uns vor &#8230;<\/a>[\/vc_column_text][\/vc_column_inner][\/vc_row_inner][vc_separator][vc_row_inner][vc_column_inner width=&#8220;1\/4&#8243;]<div class=\"wl_einzelbild\"><p><img loading=\"lazy\" decoding=\"async\" class=\"alignleft size-full wp-image-nsm-3-35\" src=\"https:\/\/weltlaeden.de\/kaiserslautern\/wp-content\/uploads\/sites\/3\/2018\/08\/pocket-watch-1637396_1920_150x150.png\" alt=\"\" width=\"150\" height=\"150\" \/><\/p><\/div>[\/vc_column_inner][vc_column_inner width=&#8220;3\/4&#8243;][vc_column_text]<\/p>\n<h3>Termine<\/h3>\n<p>Bei uns ist immer etwas los! Wir treffen uns regelm\u00e4\u00dfig zu Teamsitzungen und Fortbildungen, organisieren aber auch immer mal wieder eine Veranstaltung zum Fairen Handel und verwandten Themen. <a href=\"https:\/\/weltlaeden.de\/kaiserslautern\/termine\/\">Hier erfahren Sie was bei uns los ist \u2026<\/a><br \/>\n[\/vc_column_text][\/vc_column_inner][\/vc_row_inner][vc_separator][vc_empty_space][\/vc_column][\/vc_row][vc_row][vc_column][vc_column_text]<\/p>\n<h2>Neuigkeiten<\/h2>\n<p>[\/vc_column_text]<section class=\"items-grid wf-container\"><div class=\"wf-cell wf-1-2\"><article class=\"post-format-standard\"><div class=\"mini-post-img\"><a class=\"alignleft post-rollover layzr-bg\" href=\"https:\/\/weltlaeden.de\/kaiserslautern\/lautern-geniesst-fair-unser-neuer\/\" aria-label=\"Post image\"><img decoding=\"async\" class=\"preload-me lazy-load aspect\" src=\"data:image\/svg+xml,%3Csvg%20xmlns%3D&#39;http%3A%2F%2Fwww.w3.org%2F2000%2Fsvg&#39;%20viewBox%3D&#39;0%200%2060%2060&#39;%2F%3E\" data-src=\"https:\/\/weltlaeden.de\/kaiserslautern\/wp-content\/uploads\/sites\/109\/2021\/04\/20210224_142006-e1620742352707-60x60.jpg\" data-srcset=\"https:\/\/weltlaeden.de\/kaiserslautern\/wp-content\/uploads\/sites\/109\/2021\/04\/20210224_142006-e1620742352707-60x60.jpg 60w, https:\/\/weltlaeden.de\/kaiserslautern\/wp-content\/uploads\/sites\/109\/2021\/04\/20210224_142006-e1620742352707-120x120.jpg 120w\" loading=\"eager\" style=\"--ratio: 60 \/ 60\" sizes=\"(max-width: 60px) 100vw, 60px\" width=\"60\" height=\"60\"  alt=\"\" \/><\/a><\/div><div class=\"post-content\"><a href=\"https:\/\/weltlaeden.de\/kaiserslautern\/lautern-geniesst-fair-unser-neuer\/\">&#8222;LAUTERN GENIE\u00dfT FAIR!&#8220;   &#8211;  Unser Neuer<\/a><br \/><time class=\"text-secondary\" datetime=\"2021-05-11T15:21:00+02:00\">11. Mai 2021<\/time><\/div><\/article><\/div><\/section><a href=\"https:\/\/weltlaeden.de\/kaiserslautern\/neuigkeiten\" class=\"btn-shortcode dt-btn-s dt-btn default-btn-color default-btn-hover-color default-btn-bg-color default-btn-bg-hover-color\" target=\"_blank\" id=\"dt-btn-1\" rel=\"noopener\"><span>Alle Neuigkeiten<\/span><\/a>[\/vc_column][\/vc_row]<\/p>\n<\/div>","protected":false},"excerpt":{"rendered":"<p>[vc_row][vc_column][vc_empty_space height=&#8220;20px&#8220;][\/vc_column][\/vc_row][vc_row][vc_column][vc_column_text] Willkommen im Weltladen Kaiserslautern [\/vc_column_text][vc_column_text]Unser Fachgesch\u00e4ft f\u00fcr Fairen Handel befindet sich in der Altstadt von Kaiserslautern in der N\u00e4he des Martinsplatzes. In unserem reichhaltigen Lebensmittelsortiment finden Sie: Feine Teesorten, viele verschiedene Sorten Kaffee von h\u00f6chster Qualit\u00e4t, leckere Schokolade, Gew\u00fcrze, Bananen, H\u00fclsenfr\u00fcchte, N\u00fcsse, Bananenchips und Salabat f\u00fcr die Zubereitung eines Ingwergetr\u00e4nks und vieles mehr.&hellip;<\/p>\n","protected":false},"author":1,"featured_media":0,"parent":0,"menu_order":0,"comment_status":"closed","ping_status":"closed","template":"","meta":{"footnotes":""},"class_list":["post-20","page","type-page","status-publish","hentry","description-off"],"yoast_head":"<!-- This site is optimized with the Yoast SEO plugin v26.8 - https:\/\/yoast.com\/product\/yoast-seo-wordpress\/ -->\n<title>Weltladen Kaiserslautern - Weltladen Kaiserslautern<\/title>\n<meta name=\"robots\" content=\"index, follow, max-snippet:-1, max-image-preview:large, max-video-preview:-1\" \/>\n<link rel=\"canonical\" href=\"https:\/\/weltlaeden.de\/kaiserslautern\/\" \/>\n<meta property=\"og:locale\" content=\"de_DE\" \/>\n<meta property=\"og:type\" content=\"article\" \/>\n<meta property=\"og:title\" content=\"Weltladen Kaiserslautern - Weltladen Kaiserslautern\" \/>\n<meta property=\"og:description\" content=\"[vc_row][vc_column][vc_empty_space height=&#8220;20px&#8220;][\/vc_column][\/vc_row][vc_row][vc_column][vc_column_text] Willkommen im Weltladen Kaiserslautern [\/vc_column_text][vc_column_text]Unser Fachgesch\u00e4ft f\u00fcr Fairen Handel befindet sich in der Altstadt von Kaiserslautern in der N\u00e4he des Martinsplatzes. In unserem reichhaltigen Lebensmittelsortiment finden Sie: Feine Teesorten, viele verschiedene Sorten Kaffee von h\u00f6chster Qualit\u00e4t, leckere Schokolade, Gew\u00fcrze, Bananen, H\u00fclsenfr\u00fcchte, N\u00fcsse, Bananenchips und Salabat f\u00fcr die Zubereitung eines Ingwergetr\u00e4nks und vieles mehr.&hellip;\" \/>\n<meta property=\"og:url\" content=\"https:\/\/weltlaeden.de\/kaiserslautern\/\" \/>\n<meta property=\"og:site_name\" content=\"Weltladen Kaiserslautern\" \/>\n<meta property=\"article:modified_time\" content=\"2021-05-31T10:16:20+00:00\" \/>\n<meta property=\"og:image\" content=\"https:\/\/weltlaeden.de\/kaiserslautern\/wp-content\/uploads\/sites\/109\/2020\/11\/Startfoto-mit-Personen.jpg\" \/>\n<meta name=\"twitter:card\" content=\"summary_large_image\" \/>\n<meta name=\"twitter:label1\" content=\"Gesch\u00e4tzte Lesezeit\" \/>\n\t<meta name=\"twitter:data1\" content=\"2\u00a0Minuten\" \/>\n<script type=\"application\/ld+json\" class=\"yoast-schema-graph\">{\"@context\":\"https:\/\/schema.org\",\"@graph\":[{\"@type\":\"WebPage\",\"@id\":\"https:\/\/weltlaeden.de\/kaiserslautern\/\",\"url\":\"https:\/\/weltlaeden.de\/kaiserslautern\/\",\"name\":\"Weltladen Kaiserslautern - Weltladen Kaiserslautern\",\"isPartOf\":{\"@id\":\"https:\/\/weltlaeden.de\/kaiserslautern\/#website\"},\"primaryImageOfPage\":{\"@id\":\"https:\/\/weltlaeden.de\/kaiserslautern\/#primaryimage\"},\"image\":{\"@id\":\"https:\/\/weltlaeden.de\/kaiserslautern\/#primaryimage\"},\"thumbnailUrl\":\"https:\/\/weltlaeden.de\/kaiserslautern\/wp-content\/uploads\/sites\/109\/2020\/11\/Startfoto-mit-Personen.jpg\",\"datePublished\":\"2016-10-14T07:05:21+00:00\",\"dateModified\":\"2021-05-31T10:16:20+00:00\",\"breadcrumb\":{\"@id\":\"https:\/\/weltlaeden.de\/kaiserslautern\/#breadcrumb\"},\"inLanguage\":\"de\",\"potentialAction\":[{\"@type\":\"ReadAction\",\"target\":[\"https:\/\/weltlaeden.de\/kaiserslautern\/\"]}]},{\"@type\":\"ImageObject\",\"inLanguage\":\"de\",\"@id\":\"https:\/\/weltlaeden.de\/kaiserslautern\/#primaryimage\",\"url\":\"https:\/\/weltlaeden.de\/kaiserslautern\/wp-content\/uploads\/sites\/109\/2020\/11\/Startfoto-mit-Personen.jpg\",\"contentUrl\":\"https:\/\/weltlaeden.de\/kaiserslautern\/wp-content\/uploads\/sites\/109\/2020\/11\/Startfoto-mit-Personen.jpg\",\"width\":780,\"height\":379},{\"@type\":\"BreadcrumbList\",\"@id\":\"https:\/\/weltlaeden.de\/kaiserslautern\/#breadcrumb\",\"itemListElement\":[{\"@type\":\"ListItem\",\"position\":1,\"name\":\"Startseite\",\"item\":\"https:\/\/weltlaeden.de\/kaiserslautern\/\"},{\"@type\":\"ListItem\",\"position\":2,\"name\":\"Weltladen Kaiserslautern\"}]},{\"@type\":\"WebSite\",\"@id\":\"https:\/\/weltlaeden.de\/kaiserslautern\/#website\",\"url\":\"https:\/\/weltlaeden.de\/kaiserslautern\/\",\"name\":\"Weltladen Kaiserslautern\",\"description\":\"Faire Produkte seit 1990\",\"potentialAction\":[{\"@type\":\"SearchAction\",\"target\":{\"@type\":\"EntryPoint\",\"urlTemplate\":\"https:\/\/weltlaeden.de\/kaiserslautern\/?s={search_term_string}\"},\"query-input\":{\"@type\":\"PropertyValueSpecification\",\"valueRequired\":true,\"valueName\":\"search_term_string\"}}],\"inLanguage\":\"de\"}]}<\/script>\n<!-- \/ Yoast SEO plugin. -->","yoast_head_json":{"title":"Weltladen Kaiserslautern - Weltladen Kaiserslautern","robots":{"index":"index","follow":"follow","max-snippet":"max-snippet:-1","max-image-preview":"max-image-preview:large","max-video-preview":"max-video-preview:-1"},"canonical":"https:\/\/weltlaeden.de\/kaiserslautern\/","og_locale":"de_DE","og_type":"article","og_title":"Weltladen Kaiserslautern - Weltladen Kaiserslautern","og_description":"[vc_row][vc_column][vc_empty_space height=&#8220;20px&#8220;][\/vc_column][\/vc_row][vc_row][vc_column][vc_column_text] Willkommen im Weltladen Kaiserslautern [\/vc_column_text][vc_column_text]Unser Fachgesch\u00e4ft f\u00fcr Fairen Handel befindet sich in der Altstadt von Kaiserslautern in der N\u00e4he des Martinsplatzes. In unserem reichhaltigen Lebensmittelsortiment finden Sie: Feine Teesorten, viele verschiedene Sorten Kaffee von h\u00f6chster Qualit\u00e4t, leckere Schokolade, Gew\u00fcrze, Bananen, H\u00fclsenfr\u00fcchte, N\u00fcsse, Bananenchips und Salabat f\u00fcr die Zubereitung eines Ingwergetr\u00e4nks und vieles mehr.&hellip;","og_url":"https:\/\/weltlaeden.de\/kaiserslautern\/","og_site_name":"Weltladen Kaiserslautern","article_modified_time":"2021-05-31T10:16:20+00:00","og_image":[{"url":"https:\/\/weltlaeden.de\/kaiserslautern\/wp-content\/uploads\/sites\/109\/2020\/11\/Startfoto-mit-Personen.jpg","type":"","width":"","height":""}],"twitter_card":"summary_large_image","twitter_misc":{"Gesch\u00e4tzte Lesezeit":"2\u00a0Minuten"},"schema":{"@context":"https:\/\/schema.org","@graph":[{"@type":"WebPage","@id":"https:\/\/weltlaeden.de\/kaiserslautern\/","url":"https:\/\/weltlaeden.de\/kaiserslautern\/","name":"Weltladen Kaiserslautern - Weltladen Kaiserslautern","isPartOf":{"@id":"https:\/\/weltlaeden.de\/kaiserslautern\/#website"},"primaryImageOfPage":{"@id":"https:\/\/weltlaeden.de\/kaiserslautern\/#primaryimage"},"image":{"@id":"https:\/\/weltlaeden.de\/kaiserslautern\/#primaryimage"},"thumbnailUrl":"https:\/\/weltlaeden.de\/kaiserslautern\/wp-content\/uploads\/sites\/109\/2020\/11\/Startfoto-mit-Personen.jpg","datePublished":"2016-10-14T07:05:21+00:00","dateModified":"2021-05-31T10:16:20+00:00","breadcrumb":{"@id":"https:\/\/weltlaeden.de\/kaiserslautern\/#breadcrumb"},"inLanguage":"de","potentialAction":[{"@type":"ReadAction","target":["https:\/\/weltlaeden.de\/kaiserslautern\/"]}]},{"@type":"ImageObject","inLanguage":"de","@id":"https:\/\/weltlaeden.de\/kaiserslautern\/#primaryimage","url":"https:\/\/weltlaeden.de\/kaiserslautern\/wp-content\/uploads\/sites\/109\/2020\/11\/Startfoto-mit-Personen.jpg","contentUrl":"https:\/\/weltlaeden.de\/kaiserslautern\/wp-content\/uploads\/sites\/109\/2020\/11\/Startfoto-mit-Personen.jpg","width":780,"height":379},{"@type":"BreadcrumbList","@id":"https:\/\/weltlaeden.de\/kaiserslautern\/#breadcrumb","itemListElement":[{"@type":"ListItem","position":1,"name":"Startseite","item":"https:\/\/weltlaeden.de\/kaiserslautern\/"},{"@type":"ListItem","position":2,"name":"Weltladen Kaiserslautern"}]},{"@type":"WebSite","@id":"https:\/\/weltlaeden.de\/kaiserslautern\/#website","url":"https:\/\/weltlaeden.de\/kaiserslautern\/","name":"Weltladen Kaiserslautern","description":"Faire Produkte seit 1990","potentialAction":[{"@type":"SearchAction","target":{"@type":"EntryPoint","urlTemplate":"https:\/\/weltlaeden.de\/kaiserslautern\/?s={search_term_string}"},"query-input":{"@type":"PropertyValueSpecification","valueRequired":true,"valueName":"search_term_string"}}],"inLanguage":"de"}]}},"_links":{"self":[{"href":"https:\/\/weltlaeden.de\/kaiserslautern\/wp-json\/wp\/v2\/pages\/20","targetHints":{"allow":["GET"]}}],"collection":[{"href":"https:\/\/weltlaeden.de\/kaiserslautern\/wp-json\/wp\/v2\/pages"}],"about":[{"href":"https:\/\/weltlaeden.de\/kaiserslautern\/wp-json\/wp\/v2\/types\/page"}],"author":[{"embeddable":true,"href":"https:\/\/weltlaeden.de\/kaiserslautern\/wp-json\/wp\/v2\/users\/1"}],"replies":[{"embeddable":true,"href":"https:\/\/weltlaeden.de\/kaiserslautern\/wp-json\/wp\/v2\/comments?post=20"}],"version-history":[{"count":66,"href":"https:\/\/weltlaeden.de\/kaiserslautern\/wp-json\/wp\/v2\/pages\/20\/revisions"}],"predecessor-version":[{"id":722,"href":"https:\/\/weltlaeden.de\/kaiserslautern\/wp-json\/wp\/v2\/pages\/20\/revisions\/722"}],"wp:attachment":[{"href":"https:\/\/weltlaeden.de\/kaiserslautern\/wp-json\/wp\/v2\/media?parent=20"}],"curies":[{"name":"wp","href":"https:\/\/api.w.org\/{rel}","templated":true}]}}