{"id":895,"date":"2024-04-26T16:21:25","date_gmt":"2024-04-26T14:21:25","guid":{"rendered":"https:\/\/weltlaeden.de\/itzehoe\/?page_id=895"},"modified":"2026-02-23T15:48:33","modified_gmt":"2026-02-23T14:48:33","slug":"vortraege-und-lesungen","status":"publish","type":"page","link":"https:\/\/weltlaeden.de\/itzehoe\/vortraege-und-lesungen\/","title":{"rendered":"Veranstaltungen"},"content":{"rendered":"<p style=\"font-weight: 400\"><b>Weltladen Itzehoe 2026: Nach Ladenschluss f\u00e4ngt es erst richtig an\u2026<\/b><\/p>\n<div>\n<p class=\"Textbody\"><em>Auch 2026 gibt es im Weltladen eine bunte Reihe von Veranstaltungen rund um faires, nachhaltiges\u00a0 Leben und bewusstes Konsumieren.<\/em><\/p>\n<\/div>\n<div>\n<p class=\"Textbody\"><span class=\"StrongEmphasis\">Wann? <\/span><span class=\"StrongEmphasis\">Mittwoch, den 11. M\u00e4rz, 18 Uhr<\/span><\/p>\n<\/div>\n<div>\n<p class=\"Textbody\"><span class=\"StrongEmphasis\">Wo?\u00a0\u00a0\u00a0 Im Weltladenladen Itzehoe, Kirchenstra\u00dfe 7<\/span><\/p>\n<\/div>\n<div>\n<p class=\"Textbody\"><span class=\"StrongEmphasis\">Was?\u00a0 <\/span><span class=\"StrongEmphasis\">V\u00f6gel in freier Natur beobachtet die Naturfotografin Jutta S\u00f6tje das ganze Jahr \u00fcber. \u00a0\u00a0\u00a0<\/span><\/p>\n<p class=\"Textbody\"><span class=\"StrongEmphasis\">Und h\u00e4lt besondere Momente mit ihrer Kamera fest. Wir k\u00f6nnen Zaungast sein bei Rotkehlchen und Co.\u00a0<\/span><\/p>\n<p class=\"Textbody\"><span class=\"StrongEmphasis\">\u00a0 \u00a0 <img loading=\"lazy\" decoding=\"async\" class=\"alignnone size-medium wp-image-1150\" src=\"https:\/\/weltlaeden.de\/itzehoe\/wp-content\/uploads\/sites\/26\/2026\/03\/Rotkehlchen_runder_Rahmen-300x200.jpg\" alt=\"\" width=\"300\" height=\"200\" srcset=\"https:\/\/weltlaeden.de\/itzehoe\/wp-content\/uploads\/sites\/26\/2026\/03\/Rotkehlchen_runder_Rahmen-300x200.jpg 300w, https:\/\/weltlaeden.de\/itzehoe\/wp-content\/uploads\/sites\/26\/2026\/03\/Rotkehlchen_runder_Rahmen-1024x683.jpg 1024w, https:\/\/weltlaeden.de\/itzehoe\/wp-content\/uploads\/sites\/26\/2026\/03\/Rotkehlchen_runder_Rahmen-768x512.jpg 768w, https:\/\/weltlaeden.de\/itzehoe\/wp-content\/uploads\/sites\/26\/2026\/03\/Rotkehlchen_runder_Rahmen.jpg 1536w\" sizes=\"auto, (max-width: 300px) 100vw, 300px\" \/><\/span><\/p>\n<p class=\"Textbody\"><span class=\"StrongEmphasis\">(Foto von Jutta S\u00f6tje)<\/span><\/p>\n<\/div>\n<div>\n<p class=\"Textbody\"><span class=\"StrongEmphasis\">Hi-di-hi! Birdy Bags, <\/span><span class=\"StrongEmphasis\">d<\/span>ie farbenfrohe Fr\u00fchjahrskollektion ist da. Vogelmotivtaschen mit Pfiff und vielen praktischen Extras. Zum Anschauen und Ausprobieren. Nat\u00fcrlich fair und nachhaltig produziert.<\/p>\n<\/div>\n<div>\n<p class=\"Framecontents\">Es erwartet Sie ein Abend rund um V\u00f6gel, informativ und anregend im<\/p>\n<\/div>\n<div>\n<p class=\"Textbody\"><span class=\"StrongEmphasis\">\u00a0 \u00a0 \u00a0 \u00a0 \u00a0 \u00a0 \u00a0 \u00a0 \u00a0 \u00a0 \u00a0 \u00a0 \u00a0 \u00a0 \u00a0 \u00a0 \u00a0 \u00a0 \u00a0 \u00a0 \u00a0 \u00a0 \u00a0 \u00a0 \u00a0 <img loading=\"lazy\" decoding=\"async\" class=\"size-medium wp-image-1151 aligncenter\" src=\"https:\/\/weltlaeden.de\/itzehoe\/wp-content\/uploads\/sites\/26\/2026\/03\/Logo_Weltladen_IZ-300x139.jpg\" alt=\"\" width=\"300\" height=\"139\" srcset=\"https:\/\/weltlaeden.de\/itzehoe\/wp-content\/uploads\/sites\/26\/2026\/03\/Logo_Weltladen_IZ-300x139.jpg 300w, https:\/\/weltlaeden.de\/itzehoe\/wp-content\/uploads\/sites\/26\/2026\/03\/Logo_Weltladen_IZ-1024x474.jpg 1024w, https:\/\/weltlaeden.de\/itzehoe\/wp-content\/uploads\/sites\/26\/2026\/03\/Logo_Weltladen_IZ-768x355.jpg 768w, https:\/\/weltlaeden.de\/itzehoe\/wp-content\/uploads\/sites\/26\/2026\/03\/Logo_Weltladen_IZ.jpg 1040w\" sizes=\"auto, (max-width: 300px) 100vw, 300px\" \/><\/span><\/p>\n<\/div>\n<div>\n<p>&nbsp;<\/p>\n<\/div>\n<p>&nbsp;<\/p>\n<p><b>Veranstaltungen aus den vergangenen Jahren<\/b><\/p>\n<p style=\"font-weight: 400\"><em>2025 gibt es im Weltladen eine bunte Reihe von Veranstaltungen rund um faires Leben und bewusstes Konsumieren.<\/em><\/p>\n<p style=\"font-weight: 400\"><strong>Wann?\u00a0\u00a0\u00a0\u00a0\u00a0\u00a0\u00a0\u00a0\u00a0 Sonntag, der 13. April 2025, 10-16 Uhr<\/strong><\/p>\n<p style=\"font-weight: 400\"><strong>Wo?\u00a0\u00a0\u00a0\u00a0\u00a0\u00a0\u00a0\u00a0\u00a0\u00a0\u00a0\u00a0\u00a0\u00a0 Im Weltladenladen Itzehoe, Kirchenstra\u00dfe 7<\/strong><\/p>\n<p style=\"font-weight: 400\"><strong>Was?\u00a0\u00a0\u00a0\u00a0\u00a0\u00a0\u00a0\u00a0\u00a0\u00a0\u00a0\u00a0\u00a0 Workshop \u201eAutobiografisches Schreiben\u201c mit Patrizia Held<\/strong><\/p>\n<p>&nbsp;<\/p>\n<p>&nbsp;<\/p>\n<p><strong>20.09.2024: <\/strong><\/p>\n<p>Weltkindertag, 70 Jahre Kinderrechte<\/p>\n<p style=\"font-weight: 400\">Mit Kinderrechten in die Zukunft. Die Elbautorinnen haben ein Geschichtenbuch zu den Kinderrechten herausgegeben: Du hast nicht immer recht. Doch du hast immer Rechte. Autorin Barbara Peters wird vormittags im Weltladen interaktive Lesungen fu\u0308r zwei Klassen anbieten.<\/p>\n<p><strong>09.10.2024:<\/strong><\/p>\n<p>\u201eToni tr\u00e4umt\u201c. In dem Kinderbuch erlebt die Protagonisten Toni in ihrem Umfeld, was die 17 Nachhaltigkeitsziele bedeuten. Diese Nachhaltigkeitsziele der Staatengemeinschaft sollten aber kein Traum<\/p>\n<p style=\"font-weight: 400\">bleiben, sondern Wirklichkeit werden. Zum Beispiel \u201eKeine Armut\u201c, das erste Nachhaltigkeitsziel. Wo begegnet uns Armut, was kann man gegen sie tun?<\/p>\n<p style=\"font-weight: 400\">Die K\u00f6lner Autorin Christina Bacher ist Herausgeberin der Obdachlosenzeitung DRAUSSENSEITER, kennt sich in der Obdachlosenszene aus, hat zahlreiche Texte zu diesem Thema verfasst und kann Denkanst\u00f6\u00dfe geben. Wie sieht eigentlich der \u00f6kologische Fu\u00dfabdruck eines Obdachlosen aus? Lesung mit Diskussion<\/p>\n<p><strong>07.11.2024:<\/strong><\/p>\n<p>Die \u201eBru\u0308cke\u201c stellt sich vor.<\/p>\n<p style=\"font-weight: 400\">Der Westku\u0308stenservice ist nicht nur eine Werkstatt fu\u0308r Menschen mit psychischen Beeintr\u00e4chtigungen, die unter Anleitung praktische und originelle Handwerksprodukte herstellen. Oft aus Dingen, die scheinbar wertlos sind. Hier gibt es viele interessante Projekte, echte Erlebnisse und eine Menge guter zwischenmenschlicher Begegnungen. An diesem Abend werden Sie mehr daru\u0308ber erfahren und die Produktvielfalt kennenlernen!<\/p>\n<p style=\"font-weight: 400\">\n","protected":false},"excerpt":{"rendered":"<p>Weltladen Itzehoe 2026: Nach Ladenschluss f\u00e4ngt es erst richtig an\u2026 Auch 2026 gibt es im Weltladen eine bunte Reihe von Veranstaltungen rund um faires, nachhaltiges\u00a0 Leben und bewusstes Konsumieren. Wann? Mittwoch, den 11. M\u00e4rz, 18 Uhr Wo?\u00a0\u00a0\u00a0 Im Weltladenladen Itzehoe, Kirchenstra\u00dfe 7 Was?\u00a0 V\u00f6gel in freier Natur beobachtet die Naturfotografin Jutta S\u00f6tje das ganze Jahr&hellip;<\/p>\n","protected":false},"author":41,"featured_media":0,"parent":0,"menu_order":9,"comment_status":"closed","ping_status":"closed","template":"","meta":{"footnotes":""},"class_list":["post-895","page","type-page","status-publish","hentry","description-off"],"_links":{"self":[{"href":"https:\/\/weltlaeden.de\/itzehoe\/wp-json\/wp\/v2\/pages\/895","targetHints":{"allow":["GET"]}}],"collection":[{"href":"https:\/\/weltlaeden.de\/itzehoe\/wp-json\/wp\/v2\/pages"}],"about":[{"href":"https:\/\/weltlaeden.de\/itzehoe\/wp-json\/wp\/v2\/types\/page"}],"author":[{"embeddable":true,"href":"https:\/\/weltlaeden.de\/itzehoe\/wp-json\/wp\/v2\/users\/41"}],"replies":[{"embeddable":true,"href":"https:\/\/weltlaeden.de\/itzehoe\/wp-json\/wp\/v2\/comments?post=895"}],"version-history":[{"count":13,"href":"https:\/\/weltlaeden.de\/itzehoe\/wp-json\/wp\/v2\/pages\/895\/revisions"}],"predecessor-version":[{"id":1157,"href":"https:\/\/weltlaeden.de\/itzehoe\/wp-json\/wp\/v2\/pages\/895\/revisions\/1157"}],"wp:attachment":[{"href":"https:\/\/weltlaeden.de\/itzehoe\/wp-json\/wp\/v2\/media?parent=895"}],"curies":[{"name":"wp","href":"https:\/\/api.w.org\/{rel}","templated":true}]}}