{"id":633,"date":"2023-02-14T17:34:30","date_gmt":"2023-02-14T16:34:30","guid":{"rendered":"https:\/\/weltlaeden.de\/itzehoe\/?page_id=633"},"modified":"2024-05-29T14:04:10","modified_gmt":"2024-05-29T12:04:10","slug":"foerderverein-fairer-handel-itzehoe-e-v","status":"publish","type":"page","link":"https:\/\/weltlaeden.de\/itzehoe\/foerderverein-fairer-handel-itzehoe-e-v\/","title":{"rendered":"F\u00f6rderverein Fairer Handel Itzehoe e. V."},"content":{"rendered":"<p><strong>Unsere Arbeit unterst\u00fctzen:<\/strong><\/p>\n<p><strong>F\u00f6rderverein Fairer Handel Itzehoe e. V.<\/strong><\/p>\n<p><strong>\u00a0<\/strong><\/p>\n<p>Aufgabe und Ziel des Vereins ist die F\u00f6rderung von Aktivit\u00e4ten, die den Menschen in wirtschaftlich weniger entwickelten L\u00e4ndern Hilfe zur Selbsthilfe bieten. Der Verein will dazu beitragen, das Bewusstsein f\u00fcr die Zusammenh\u00e4nge zwischen Industrie- und Entwicklungsl\u00e4ndern zu st\u00e4rken. Dabei spielen auch die sozialen und \u00f6kologischen Auswirkungen des Konsums eine wichtige Rolle.<\/p>\n<p><strong>Insbesondere ist uns die Bildungsarbeit wichtig. Beispielsweise f\u00fchren wir mit Schulen verschiedene Bildungsprojekte durch<\/strong><\/p>\n<p><strong>\u00a0<\/strong><\/p>\n<p>Aus dem Wissen um die wechselseitige Abh\u00e4ngigkeit kann wachsende globale Solidarit\u00e4t entstehen.<\/p>\n","protected":false},"excerpt":{"rendered":"<p>Unsere Arbeit unterst\u00fctzen: F\u00f6rderverein Fairer Handel Itzehoe e. V. \u00a0 Aufgabe und Ziel des Vereins ist die F\u00f6rderung von Aktivit\u00e4ten, die den Menschen in wirtschaftlich weniger entwickelten L\u00e4ndern Hilfe zur Selbsthilfe bieten. Der Verein will dazu beitragen, das Bewusstsein f\u00fcr die Zusammenh\u00e4nge zwischen Industrie- und Entwicklungsl\u00e4ndern zu st\u00e4rken. Dabei spielen auch die sozialen und \u00f6kologischen&hellip;<\/p>\n","protected":false},"author":41,"featured_media":0,"parent":0,"menu_order":10,"comment_status":"closed","ping_status":"closed","template":"","meta":{"footnotes":""},"class_list":["post-633","page","type-page","status-publish","hentry","description-off"],"_links":{"self":[{"href":"https:\/\/weltlaeden.de\/itzehoe\/wp-json\/wp\/v2\/pages\/633","targetHints":{"allow":["GET"]}}],"collection":[{"href":"https:\/\/weltlaeden.de\/itzehoe\/wp-json\/wp\/v2\/pages"}],"about":[{"href":"https:\/\/weltlaeden.de\/itzehoe\/wp-json\/wp\/v2\/types\/page"}],"author":[{"embeddable":true,"href":"https:\/\/weltlaeden.de\/itzehoe\/wp-json\/wp\/v2\/users\/41"}],"replies":[{"embeddable":true,"href":"https:\/\/weltlaeden.de\/itzehoe\/wp-json\/wp\/v2\/comments?post=633"}],"version-history":[{"count":1,"href":"https:\/\/weltlaeden.de\/itzehoe\/wp-json\/wp\/v2\/pages\/633\/revisions"}],"predecessor-version":[{"id":635,"href":"https:\/\/weltlaeden.de\/itzehoe\/wp-json\/wp\/v2\/pages\/633\/revisions\/635"}],"wp:attachment":[{"href":"https:\/\/weltlaeden.de\/itzehoe\/wp-json\/wp\/v2\/media?parent=633"}],"curies":[{"name":"wp","href":"https:\/\/api.w.org\/{rel}","templated":true}]}}