{"id":612,"date":"2023-02-12T17:22:34","date_gmt":"2023-02-12T16:22:34","guid":{"rendered":"https:\/\/weltlaeden.de\/itzehoe\/?page_id=612"},"modified":"2024-08-02T13:16:40","modified_gmt":"2024-08-02T11:16:40","slug":"bildungsarbeit","status":"publish","type":"page","link":"https:\/\/weltlaeden.de\/itzehoe\/bildungsarbeit\/","title":{"rendered":"Bildungsarbeit"},"content":{"rendered":"<div class=\"wpb-content-wrapper\"><p><strong>Das Umweltquiz &#8211; Game of change<\/strong><\/p>\n<p>Entwickelt von Sch\u00fclerinnen und Sch\u00fclern des Ludwig-Meyn-Gymnasiums Uetersen.<\/p>\n<p>Erh\u00e4ltlich bei uns im Laden f\u00fcr 7,90 Euro.<\/p>\n<p><img loading=\"lazy\" decoding=\"async\" class=\"alignnone size-medium wp-image-986\" src=\"https:\/\/weltlaeden.de\/itzehoe\/wp-content\/uploads\/sites\/26\/2024\/08\/image0-225x300.jpeg\" alt=\"\" width=\"225\" height=\"300\" srcset=\"https:\/\/weltlaeden.de\/itzehoe\/wp-content\/uploads\/sites\/26\/2024\/08\/image0-225x300.jpeg 225w, https:\/\/weltlaeden.de\/itzehoe\/wp-content\/uploads\/sites\/26\/2024\/08\/image0-768x1024.jpeg 768w, https:\/\/weltlaeden.de\/itzehoe\/wp-content\/uploads\/sites\/26\/2024\/08\/image0-1152x1536.jpeg 1152w, https:\/\/weltlaeden.de\/itzehoe\/wp-content\/uploads\/sites\/26\/2024\/08\/image0.jpeg 1200w\" sizes=\"auto, (max-width: 225px) 100vw, 225px\" \/><img loading=\"lazy\" decoding=\"async\" class=\"alignnone size-medium wp-image-987\" src=\"https:\/\/weltlaeden.de\/itzehoe\/wp-content\/uploads\/sites\/26\/2024\/08\/image1-225x300.jpeg\" alt=\"\" width=\"225\" height=\"300\" srcset=\"https:\/\/weltlaeden.de\/itzehoe\/wp-content\/uploads\/sites\/26\/2024\/08\/image1-225x300.jpeg 225w, https:\/\/weltlaeden.de\/itzehoe\/wp-content\/uploads\/sites\/26\/2024\/08\/image1-768x1024.jpeg 768w, https:\/\/weltlaeden.de\/itzehoe\/wp-content\/uploads\/sites\/26\/2024\/08\/image1-1152x1536.jpeg 1152w, https:\/\/weltlaeden.de\/itzehoe\/wp-content\/uploads\/sites\/26\/2024\/08\/image1.jpeg 1200w\" sizes=\"auto, (max-width: 225px) 100vw, 225px\" \/><img loading=\"lazy\" decoding=\"async\" class=\"alignnone size-medium wp-image-988\" src=\"https:\/\/weltlaeden.de\/itzehoe\/wp-content\/uploads\/sites\/26\/2024\/08\/image2-225x300.jpeg\" alt=\"\" width=\"225\" height=\"300\" srcset=\"https:\/\/weltlaeden.de\/itzehoe\/wp-content\/uploads\/sites\/26\/2024\/08\/image2-225x300.jpeg 225w, https:\/\/weltlaeden.de\/itzehoe\/wp-content\/uploads\/sites\/26\/2024\/08\/image2-768x1024.jpeg 768w, https:\/\/weltlaeden.de\/itzehoe\/wp-content\/uploads\/sites\/26\/2024\/08\/image2-1152x1536.jpeg 1152w, https:\/\/weltlaeden.de\/itzehoe\/wp-content\/uploads\/sites\/26\/2024\/08\/image2.jpeg 1200w\" sizes=\"auto, (max-width: 225px) 100vw, 225px\" \/><\/p>\n<p>&nbsp;<\/p>\n<p><strong>Ist das fair oder geht da noch was?<\/strong><\/p>\n<p>Eine Gruppe von Sch\u00fclerinnen und Sch\u00fclern der Kaiser-Karl-Schule Itzehoe war w\u00e4hrend der Projektwoche im Weltladen und hat sich mit dem Thema auseinandergesetzt.<\/p>\n<p>&nbsp;<\/p>\n<p>&nbsp;<\/p>\n<p><img loading=\"lazy\" decoding=\"async\" class=\"alignnone wp-image-980\" src=\"https:\/\/weltlaeden.de\/itzehoe\/wp-content\/uploads\/sites\/26\/2024\/07\/63b48090-884a-471a-914d-04f85d47a2a4-300x300.jpg\" alt=\"\" width=\"270\" height=\"270\" srcset=\"https:\/\/weltlaeden.de\/itzehoe\/wp-content\/uploads\/sites\/26\/2024\/07\/63b48090-884a-471a-914d-04f85d47a2a4-300x300.jpg 300w, https:\/\/weltlaeden.de\/itzehoe\/wp-content\/uploads\/sites\/26\/2024\/07\/63b48090-884a-471a-914d-04f85d47a2a4-1024x1024.jpg 1024w, https:\/\/weltlaeden.de\/itzehoe\/wp-content\/uploads\/sites\/26\/2024\/07\/63b48090-884a-471a-914d-04f85d47a2a4-150x150.jpg 150w, https:\/\/weltlaeden.de\/itzehoe\/wp-content\/uploads\/sites\/26\/2024\/07\/63b48090-884a-471a-914d-04f85d47a2a4-768x768.jpg 768w, https:\/\/weltlaeden.de\/itzehoe\/wp-content\/uploads\/sites\/26\/2024\/07\/63b48090-884a-471a-914d-04f85d47a2a4.jpg 1080w\" sizes=\"auto, (max-width: 270px) 100vw, 270px\" \/><img loading=\"lazy\" decoding=\"async\" class=\" wp-image-981 alignleft\" src=\"https:\/\/weltlaeden.de\/itzehoe\/wp-content\/uploads\/sites\/26\/2024\/07\/63e5d8a4-ada8-4fc1-ade1-5695bbec1c9e-300x300.jpg\" alt=\"\" width=\"294\" height=\"294\" srcset=\"https:\/\/weltlaeden.de\/itzehoe\/wp-content\/uploads\/sites\/26\/2024\/07\/63e5d8a4-ada8-4fc1-ade1-5695bbec1c9e-300x300.jpg 300w, https:\/\/weltlaeden.de\/itzehoe\/wp-content\/uploads\/sites\/26\/2024\/07\/63e5d8a4-ada8-4fc1-ade1-5695bbec1c9e-1024x1024.jpg 1024w, https:\/\/weltlaeden.de\/itzehoe\/wp-content\/uploads\/sites\/26\/2024\/07\/63e5d8a4-ada8-4fc1-ade1-5695bbec1c9e-150x150.jpg 150w, https:\/\/weltlaeden.de\/itzehoe\/wp-content\/uploads\/sites\/26\/2024\/07\/63e5d8a4-ada8-4fc1-ade1-5695bbec1c9e-768x768.jpg 768w, https:\/\/weltlaeden.de\/itzehoe\/wp-content\/uploads\/sites\/26\/2024\/07\/63e5d8a4-ada8-4fc1-ade1-5695bbec1c9e.jpg 1080w\" sizes=\"auto, (max-width: 294px) 100vw, 294px\" \/><img loading=\"lazy\" decoding=\"async\" class=\"wp-image-982 alignleft\" src=\"https:\/\/weltlaeden.de\/itzehoe\/wp-content\/uploads\/sites\/26\/2024\/07\/66ea56b2-f0cb-426f-b5fe-72312b055656-300x300.jpg\" alt=\"\" width=\"290\" height=\"290\" srcset=\"https:\/\/weltlaeden.de\/itzehoe\/wp-content\/uploads\/sites\/26\/2024\/07\/66ea56b2-f0cb-426f-b5fe-72312b055656-300x300.jpg 300w, https:\/\/weltlaeden.de\/itzehoe\/wp-content\/uploads\/sites\/26\/2024\/07\/66ea56b2-f0cb-426f-b5fe-72312b055656-1024x1024.jpg 1024w, https:\/\/weltlaeden.de\/itzehoe\/wp-content\/uploads\/sites\/26\/2024\/07\/66ea56b2-f0cb-426f-b5fe-72312b055656-150x150.jpg 150w, https:\/\/weltlaeden.de\/itzehoe\/wp-content\/uploads\/sites\/26\/2024\/07\/66ea56b2-f0cb-426f-b5fe-72312b055656-768x768.jpg 768w, https:\/\/weltlaeden.de\/itzehoe\/wp-content\/uploads\/sites\/26\/2024\/07\/66ea56b2-f0cb-426f-b5fe-72312b055656.jpg 1080w\" sizes=\"auto, (max-width: 290px) 100vw, 290px\" \/><\/p>\n<p><img loading=\"lazy\" decoding=\"async\" class=\"alignnone wp-image-983\" src=\"https:\/\/weltlaeden.de\/itzehoe\/wp-content\/uploads\/sites\/26\/2024\/07\/fbc18a3c-018b-41ce-9c86-57aeb28bd06c-300x300.jpg\" alt=\"\" width=\"273\" height=\"273\" srcset=\"https:\/\/weltlaeden.de\/itzehoe\/wp-content\/uploads\/sites\/26\/2024\/07\/fbc18a3c-018b-41ce-9c86-57aeb28bd06c-300x300.jpg 300w, https:\/\/weltlaeden.de\/itzehoe\/wp-content\/uploads\/sites\/26\/2024\/07\/fbc18a3c-018b-41ce-9c86-57aeb28bd06c-1024x1024.jpg 1024w, https:\/\/weltlaeden.de\/itzehoe\/wp-content\/uploads\/sites\/26\/2024\/07\/fbc18a3c-018b-41ce-9c86-57aeb28bd06c-150x150.jpg 150w, https:\/\/weltlaeden.de\/itzehoe\/wp-content\/uploads\/sites\/26\/2024\/07\/fbc18a3c-018b-41ce-9c86-57aeb28bd06c-768x768.jpg 768w, https:\/\/weltlaeden.de\/itzehoe\/wp-content\/uploads\/sites\/26\/2024\/07\/fbc18a3c-018b-41ce-9c86-57aeb28bd06c.jpg 1080w\" sizes=\"auto, (max-width: 273px) 100vw, 273px\" \/><img loading=\"lazy\" decoding=\"async\" class=\"size-medium wp-image-984 alignleft\" src=\"https:\/\/weltlaeden.de\/itzehoe\/wp-content\/uploads\/sites\/26\/2024\/07\/fc91ea16-fabb-4013-b8d0-7b8bdd4437d9-300x266.jpg\" alt=\"\" width=\"300\" height=\"266\" srcset=\"https:\/\/weltlaeden.de\/itzehoe\/wp-content\/uploads\/sites\/26\/2024\/07\/fc91ea16-fabb-4013-b8d0-7b8bdd4437d9-300x266.jpg 300w, https:\/\/weltlaeden.de\/itzehoe\/wp-content\/uploads\/sites\/26\/2024\/07\/fc91ea16-fabb-4013-b8d0-7b8bdd4437d9-1024x907.jpg 1024w, https:\/\/weltlaeden.de\/itzehoe\/wp-content\/uploads\/sites\/26\/2024\/07\/fc91ea16-fabb-4013-b8d0-7b8bdd4437d9-768x680.jpg 768w, https:\/\/weltlaeden.de\/itzehoe\/wp-content\/uploads\/sites\/26\/2024\/07\/fc91ea16-fabb-4013-b8d0-7b8bdd4437d9-1536x1360.jpg 1536w, https:\/\/weltlaeden.de\/itzehoe\/wp-content\/uploads\/sites\/26\/2024\/07\/fc91ea16-fabb-4013-b8d0-7b8bdd4437d9.jpg 2048w\" sizes=\"auto, (max-width: 300px) 100vw, 300px\" \/><\/p>\n<p>&nbsp;<\/p>\n<p>[vc_row][vc_column][vc_column_text]<\/p>\n<h1>Informations- und Bildungsarbeit<\/h1>\n<p><strong>\u00fcber den F\u00f6rderverein Fairer Handel Itzehoe e.V.<\/strong>[\/vc_column_text][vc_column_text]Endlich haben wir die M\u00f6glichkeiten, ein breites Angebot von Fairtrade-Waren zu pr\u00e4sentieren und auch vor Ort interessierten Gruppen die Fairtrade-Idee n\u00e4herzubringen. Im Zentrum stehen dabei Informationen \u00fcber ein Wirtschaftskonzept der anderen Art: \u00a0<strong>Fairer Handel<\/strong> und der Grundsatz <strong>globaler Nachhaltigkeit<\/strong> in der Weltwirtschaft.[\/vc_column_text][vc_column_text]Der <strong>Faire Handel <\/strong>bietet f\u00fcr Bildungsarbeit ein attraktives Lernfeld, da hier globale Zusammenh\u00e4nge zwischen dem Konsumalltag in Deutschland und dem Lebensumfeld von Menschen in L\u00e4ndern des S\u00fcdens eindringlich aufgezeigt werden k\u00f6nnen.<\/p>\n<p>Er zeigt konkret positive Handlungsm\u00f6glichkeiten f\u00fcr die globalen Herausforderungen auf, macht deutlich: Wer bewusst konsumiert, bewirkt globale Nachhaltigkeit.<\/p>\n<p>Der Weltladen Itzehoe wird damit zum<strong> attraktiven Lernort<\/strong> f\u00fcr Gruppen, Schulklassen und interessierte B\u00fcrgerInnen. Gemeinsam gehen wir auf eine Welt- und Entdeckungsreise, die auch schon Kitakinder anspricht. Denn unsere Produkte erz\u00e4hlen Geschichten. Aus welchem Land stammt der fair gehandelte Reis? Wer sind die Produzentinnen? Werden sie fair entlohnt? Was ist die bittere Seite der Schokolade? Der Boden einer Pet-Flasche als Portemonnaie? Upcycling kann Einkommen schaffen.[\/vc_column_text][vc_empty_space][vc_column_text]<\/p>\n<h2><strong>Auf einen Blick: Lernort Weltladen Itzehoe<\/strong><\/h2>\n<p><strong>Fair geht alle an! Von Anfang an! <\/strong>Unser Bildungsangebot richtet sich daher an<\/p>\n<ul>\n<li>Kinderg\u00e4rten<\/li>\n<li>Schulen<\/li>\n<li>Kirchengemeinden<\/li>\n<li>Vereine<\/li>\n<\/ul>\n<p><strong>im Kreis Steinburg<\/strong>. Die maximale Gruppengr\u00f6\u00dfe sind um die 20 Personen.[\/vc_column_text][vc_empty_space][vc_column_text]<\/p>\n<h2><strong>Als au\u00dferschulischer Lernort<\/strong><\/h2>\n<ul>\n<li>unterst\u00fctzen wir die Schulen auf dem Weg zur Fairtrade-Schule, dem Verkauf von Fairtradewaren durch Sch\u00fclerinnen und Sch\u00fcler, beim fairen Fr\u00fchst\u00fcck oder der Durchf\u00fchrung von Projekttagen und dergleichen,<\/li>\n<li>bieten wir Sch\u00fclerinnen und Sch\u00fclern einen Platz f\u00fcr das Betriebs- oder Wirtschaftspraktikum an,<\/li>\n<li>erm\u00f6glichen wir Betriebserkundungen im Laden,<\/li>\n<li>sind wir Ansprechpartner f\u00fcr Konfirmandengruppen, die sich mit Fragen der Entwicklungs-Zusammenarbeit und Grunds\u00e4tzen des Fairen Handels auseinandersetzen.<\/li>\n<\/ul>\n<p>Thematische Schwerpunkte sind m\u00f6glich u. a. zu folgenden Themen:<\/p>\n<ul>\n<li>Kakao<\/li>\n<li>Kaffee<\/li>\n<li>Produkte aus Keramik und Glas, Leder, Textilfasern, Recycling-Material<\/li>\n<li>Fairer Handel, kurz und knapp samt Ladenerkundung<\/li>\n<\/ul>\n<p>[\/vc_column_text][vc_empty_space][vc_column_text]<\/p>\n<h2 style=\"text-align: left\"><strong>Unsere Materialien<\/strong><\/h2>\n<ul>\n<li style=\"text-align: left\"><strong>Der RundumFair Parcours<\/strong> der Akademie N zu den Themen: Schokolade, Kaffee, Jeans, Banane, Handy &#8211; <a href=\"https:\/\/akademie-n.de\/wp-content\/uploads\/2022\/03\/paedagogisches-konzept-rundum-fair.pdf\">hier geht es zum Konzept<\/a><\/li>\n<li style=\"text-align: left\"><strong>Unsere Plastikwelt <\/strong>von der Akadmie N &#8211; <a href=\"https:\/\/akademie-n.de\/wp-content\/uploads\/2022\/03\/flyer-unsere-plastikwelt.pdf\">hier geht es zum Flyer<\/a><\/li>\n<\/ul>\n<p>[\/vc_column_text][vc_empty_space][vc_column_text]<\/p>\n<h2><strong>Die Bildungss\u00e4ulen, digital<\/strong><\/h2>\n<ul>\n<li>7 komplett aktualisierte Wegweiser zu den Themen Fairer Handel, Kaffee, Textilien, Fu\u00dfball, Kakao, Handy, S\u00fcdfr\u00fcchte; alle erweitert um das Kapitel Klimawandel<\/li>\n<li>7 Quiz zu den jeweiligen Themen plus Konzepte f\u00fcr die Bildungsarbeit<\/li>\n<li>7 digitale Ordner mit informativen Brosch\u00fcren, Studien, Fachpublikationen, Filmen, Videos, Pr\u00e4sentationen<\/li>\n<li>9 digitale Lernsnacks zu Kakao, Kaffee, Textilien und Fairer Handel (Quiz, Memories, Infografiken, Weltkarte, Zeitleiste)<\/li>\n<li>9 Steckbriefe zu den digitalen Lernsnacks mit didaktischen Anregungen f\u00fcr die Bildungspraxis<\/li>\n<li>2 Workshop-Konzepte f\u00fcr Jugendliche ab 14 bzw. 16 Jahren zu den Themen Schokolade und Reise einer Jeans f\u00fcr Online und Pr\u00e4senzveranstaltungen<\/li>\n<\/ul>\n<p>Dies alles kann von den Bildungsaktiven im Weltladen sowie von Multiplikator*innen aus schulischen und au\u00dferschulischen Bildungseinrichtungen genutzt werden.[\/vc_column_text][vc_empty_space][vc_column_text]<\/p>\n<h2><strong>Lernort Weltladen<\/strong><\/h2>\n<p>Haben Sie Interesse an einem Besuch im \u201eLernort Weltladen\u201c?\u00a0 Bitte rufen Sie uns \u00fcber die Weltladentelefonnummer (Tel. 04821 9005351) an oder schreiben Sie uns eine Email, damit wir einen Vorbesprechungstermin vereinbaren k\u00f6nnen: <a href=\"mailto:weltladenitzehoe@gmx.de\">weltladenitzehoe@gmx.de<\/a> , Stichwort Lernort Weltladen.<\/p>\n<p>Oder kommen Sie einfach vorbei: <strong>Kirchenstra\u00dfe 7, 25524 Itzehoe, Mo-Fr: 10:00 \u2013 17.00<\/strong><\/p>\n<p>Sa: 10:00 &#8211; 13:00[\/vc_column_text][vc_empty_space][\/vc_column][\/vc_row]<\/p>\n<\/div>","protected":false},"excerpt":{"rendered":"<p>Das Umweltquiz &#8211; Game of change Entwickelt von Sch\u00fclerinnen und Sch\u00fclern des Ludwig-Meyn-Gymnasiums Uetersen. Erh\u00e4ltlich bei uns im Laden f\u00fcr 7,90 Euro. &nbsp; Ist das fair oder geht da noch was? Eine Gruppe von Sch\u00fclerinnen und Sch\u00fclern der Kaiser-Karl-Schule Itzehoe war w\u00e4hrend der Projektwoche im Weltladen und hat sich mit dem Thema auseinandergesetzt. &nbsp; &nbsp;&hellip;<\/p>\n","protected":false},"author":41,"featured_media":0,"parent":0,"menu_order":6,"comment_status":"closed","ping_status":"closed","template":"","meta":{"footnotes":""},"class_list":["post-612","page","type-page","status-publish","hentry","description-off"],"_links":{"self":[{"href":"https:\/\/weltlaeden.de\/itzehoe\/wp-json\/wp\/v2\/pages\/612","targetHints":{"allow":["GET"]}}],"collection":[{"href":"https:\/\/weltlaeden.de\/itzehoe\/wp-json\/wp\/v2\/pages"}],"about":[{"href":"https:\/\/weltlaeden.de\/itzehoe\/wp-json\/wp\/v2\/types\/page"}],"author":[{"embeddable":true,"href":"https:\/\/weltlaeden.de\/itzehoe\/wp-json\/wp\/v2\/users\/41"}],"replies":[{"embeddable":true,"href":"https:\/\/weltlaeden.de\/itzehoe\/wp-json\/wp\/v2\/comments?post=612"}],"version-history":[{"count":9,"href":"https:\/\/weltlaeden.de\/itzehoe\/wp-json\/wp\/v2\/pages\/612\/revisions"}],"predecessor-version":[{"id":989,"href":"https:\/\/weltlaeden.de\/itzehoe\/wp-json\/wp\/v2\/pages\/612\/revisions\/989"}],"wp:attachment":[{"href":"https:\/\/weltlaeden.de\/itzehoe\/wp-json\/wp\/v2\/media?parent=612"}],"curies":[{"name":"wp","href":"https:\/\/api.w.org\/{rel}","templated":true}]}}