{"id":23,"date":"2016-10-14T09:05:21","date_gmt":"2016-10-14T07:05:21","guid":{"rendered":"https:\/\/wl.heimpixel.de\/itzehoe\/termine\/"},"modified":"2024-05-29T14:04:10","modified_gmt":"2024-05-29T12:04:10","slug":"termine","status":"publish","type":"page","link":"https:\/\/weltlaeden.de\/itzehoe\/termine\/","title":{"rendered":"Termine"},"content":{"rendered":"<div class=\"wpb-content-wrapper\"><p>[vc_row][vc_column][vc_column_text]<\/p>\n<h1>Termine<\/h1>\n<p>[\/vc_column_text][\/vc_column][\/vc_row][vc_row][vc_column]<ul class=\"termine-page current aktuell\"><li><h5 class=\"termine-titel\"><a href=\"https:\/\/weltlaeden.de\/itzehoe\/termin\/weltladentag-2\/\">Weltladentag<\/a><\/h5><p class=\"termine-date\">Fr., 08.05.2026, 10:00<\/p><p class=\"termine-auszug\"><p style=\"font-weight: 400\"><strong>Der etwas andere Weltladentag<\/strong><\/p> <p style=\"font-weight: 400\">Am Freitag, den 8. Mai, gibt es in der Zeit von 10-15 Uhr ein buntes Programm zum Weltladentag unter dem Thema \u201eFair fruchtet\u201c vor dem Weltladen, Kirchenstra\u00dfe 7. Auch Wind tr\u00e4gt Fr\u00fcchte. Wie ihr regeneratives Konzept aussieht, stellt die Energiegenossenschaft Prokon an diesem Tag vor. Und man kann erfahren, welche Art von Fr\u00fcchten die neue Kooperation mit dem Weltladen bringen wird.<\/p> <p style=\"font-weight: 400\"><\/p> <p style=\"font-weight: 400\">F\u00fcr kurzweilige Unterhaltung von Jung und Alt sorgen Windr\u00e4dchen basteln, Gl\u00fccksrad drehen und ein informatives Quiz rund um exotische Fr\u00fcchte. Frisches Popcorn und leckere Fruchtsnacks k\u00f6nnen probiert werden.<\/p><\/li><\/ul>[\/vc_column]<\/p>\n<p>&nbsp;<\/p>\n<p>&nbsp;<\/p>\n<p>&nbsp;<\/p>\n<p>[\/vc_row][vc_row][vc_column][vc_empty_space][\/vc_column][\/vc_row][vc_row][vc_column]<ul class=\"termine-page past vergangen\"><li><h5 class=\"termine-titel\"><a href=\"https:\/\/weltlaeden.de\/itzehoe\/termin\/welttag-des-buches-meet-and-read\/\">Welttag des Buches (Meet and Read)<\/a><\/h5><p class=\"termine-date\">Do., 23.04.2026, 17:30<\/p><p class=\"termine-auszug\"><p style=\"font-weight: 400\"><strong>Buch sucht LeserIn<\/strong><\/p> <p style=\"font-weight: 400\"><strong>B\u00fccher<\/strong><strong> haben nur einen Wunsch: Sie wollen gelesen werden. Und sind st\u00e4ndig auf der Suche nach neuen Lesern, wenn man sie nur l\u00e4sst.<\/strong><\/p> <p style=\"font-weight: 400\"><strong>Am Donnerstag, den 23. April, dem Welttag des Buches, gibt es dazu im Weltladen Itzehoe Gelegenheit, Beginn 17:30 Uhr.<\/strong><\/p> <p style=\"font-weight: 400\">Sind Sie dabei? Mit einem Buch, das Sie bewegt hat und nun andere bewegen soll.<\/p> <p style=\"font-weight: 400\">Der Ablauf: Sie stellen den Inhalt kurz vor, ohne zu viel zu verraten und geben eine Lesekostprobe. Sind alle B\u00fccher vorgestellt worden, ist Zeit f\u00fcr einen Austausch-Plausch.<\/p> <p style=\"font-weight: 400\">Und mit Gl\u00fcck geht jede\/jeder mit einem neuen Buchbegleiter nach Hause.<\/p> <p style=\"font-weight: 400\">Damit es insgesamt ein unterhaltsamer Abend wird, ist auch f\u00fcr Snacks und musikalische Zwischent\u00f6ne gesorgt. Christoph Lange vom Weltladenteam spielt auf seinem Knopfakkordeon Tango und Weltmusik.<\/p> <p style=\"font-weight: 400\">Wegen der begrenzten Pl\u00e4tze im \u201eGr\u00fcnen Salon\u201c wird um eine<\/p> [...] <a href=\"https:\/\/weltlaeden.de\/itzehoe\/termin\/welttag-des-buches-meet-and-read\/\"><small>[WEITERLESEN]<\/small><\/a><\/p><\/li><li><h5 class=\"termine-titel\"><a href=\"https:\/\/weltlaeden.de\/itzehoe\/termin\/plakatausstellung-der-5d-der-kks-fuer-eine-bessere-welt\/\">Plakatausstellung der 5d der KKS f\u00fcr eine bessere Welt<\/a><\/h5><p class=\"termine-date\">Mo., 23.03.2026, 14:19<\/p><p class=\"termine-auszug\">Die Klasse 5d der Kaiser-Karl-Schule Itzehoe hat ihre Plakatausstellung \"Gemeinsam f\u00fcr eine bessere Welt\" im Weltladen Itzehoe (Kirchenstra\u00dfe 7) er\u00f6ffnet. Im Themenschaufenster h\u00e4ngen die Werke noch bis zum 24. April. Alles dreht sich um die 17 Ziele f\u00fcr nachhaltige Entwicklung (SDGs). Sie wurden 2015 von den Vereinten Nationen verabschiedet - mit dem Ziel, unsere Welt bis 2030 zu einem besseren Ort zu machen. Die Zeit dr\u00e4ngt, aber Aufgeben ist keine Option. Jeder kann mitmachen! Daf\u00fcr hat die 5d im Kunst- und Geographieunterricht Plakate erstellt. Gemeinsam spiegeln sie den Wunsch der Klasse nach einer besseren Welt. Die selbstgew\u00e4hlten Themen sind dabei vielf\u00e4ltig: Klimaschutz, weniger Plastik, weniger Armut und vieles mehr. Bei ihrem Besuch im Weltladen mit Lehrer Christoph Lange konnten die Sch\u00fclerinnen und Sch\u00fcler erfahren, dass sich die SDGs zum Gro\u00dfteil mit den Grunds\u00e4tzen des Fairen Handels decken. Kommen Sie vorbei und entdecken Sie die SDGs auf den Sch\u00fclerplakaten. &nbsp; &nbsp;<\/li><li><h5 class=\"termine-titel\"><a href=\"https:\/\/weltlaeden.de\/itzehoe\/termin\/vortrag-mit-vogeltaschenschau\/\">Vortrag mit Vogeltaschenschau<\/a><\/h5><p class=\"termine-date\">Mi., 11.03.2026, 18:00<\/p><p class=\"termine-auszug\">Vortrag \u00fcber heimische V\u00f6gel in Garten und Natur von Jutta S\u00f6tje mit Vorstellung der neuen Vogelmotivtaschen. Weitere Informationen zu dieser Veranstaltung finden Sie unter \"Veranstaltungen\".<\/li><li><h5 class=\"termine-titel\"><a href=\"https:\/\/weltlaeden.de\/itzehoe\/termin\/oekologischer-fussabdruck\/\">\u00d6kologischer Fu\u00dfabdruck<\/a><\/h5><p class=\"termine-date\">Fr., 26.09.2025, 10:00<\/p><p class=\"termine-auszug\">Gemeinsam die Vielfalt des Fairen Handels entdecken. Aktion zum Thema - \u00d6kologischer Fu\u00dfabdruck (10.00 - 17.00 Uhr)<\/li><li><h5 class=\"termine-titel\"><a href=\"https:\/\/weltlaeden.de\/itzehoe\/termin\/verkostung\/\">Verkostung<\/a><\/h5><p class=\"termine-date\">Fr., 26.09.2025, 10:00<\/p><p class=\"termine-auszug\">Gemeinsam die Vielfalt des Fairen Handels entdecken. Verkostung von Fairen Produkten (10.00 - 17.00 Uhr)<\/li><li><h5 class=\"termine-titel\"><a href=\"https:\/\/weltlaeden.de\/itzehoe\/termin\/vielfalt-durch-inklusion\/\">Vielfalt durch Inklusion<\/a><\/h5><p class=\"termine-date\">Do., 25.09.2025, 10:00<\/p><p class=\"termine-auszug\">Gemeinsam die Vielfalt des Fairen Handels entdecken. Vorstellung von Arbeitsbereichen der Br\u00fccke Schleswig-Holstein gGmbH Itzehoe mit der M\u00f6glichkeit Produkte zu erwerben und mit den Mitarbeiterinnen und Mitarbeitern ins Gespr\u00e4ch zu kommen (10.00 - 17.00 Uhr). &nbsp;<\/li><li><h5 class=\"termine-titel\"><a href=\"https:\/\/weltlaeden.de\/itzehoe\/termin\/kleidertausch-und-buecherflohmarkt\/\">Kleidertausch und B\u00fccherflohmarkt<\/a><\/h5><p class=\"termine-date\">Fr., 12.09.2025, 10:00 bis 20.09.2025, 13:00<\/p><p class=\"termine-auszug\">Gemeinsam die Vielfalt des Fairen Handels entdecken. Kleidertausch - Bringe ein Kleidungsst\u00fcck mit und nehme dir eins mit nach Hause B\u00fccherflohmarkt - B\u00fccher zu einem g\u00fcnstigen Preis 12.09. - 20.09.2025 w\u00e4hrend der \u00d6ffnungszeiten<\/li><li><h5 class=\"termine-titel\"><a href=\"https:\/\/weltlaeden.de\/itzehoe\/termin\/verkostung-und-quiz-fair-trade\/\">Verkostung und Quiz Fair Trade<\/a><\/h5><p class=\"termine-date\">Fr., 12.09.2025, 10:00 bis 13.09.2025, 13:00<\/p><p class=\"termine-auszug\">Gemeinsam die Vielfalt des Fairen Handels entdecken. Verkostung von Fairen Produkten und Fragen zum Fairen Handel anhand eines Quizzen<\/li><li><h5 class=\"termine-titel\"><a href=\"https:\/\/weltlaeden.de\/itzehoe\/termin\/faire-woche-2025\/\">Faire Woche 2025<\/a><\/h5><p class=\"termine-date\">Fr., 12.09.2025, 10:00 bis 26.09.2025, 10:00<\/p><p class=\"termine-auszug\">Gemeinsamt die Vielfalt des Fairen Handels entdecken<\/li><li><h5 class=\"termine-titel\"><a href=\"https:\/\/weltlaeden.de\/itzehoe\/termin\/vortrag-von-roselyn-nangila-aus-kenia-ueber-owezo\/\">Vortrag von Roselyn Nangila aus Kenia \u00fcber OWEZO<\/a><\/h5><p class=\"termine-date\">Mo., 28.04.2025, 19:30<\/p><p class=\"termine-auszug\">Herzliche Einladung zum Vortrag von Roselyn Nangila aus Kenia am Montag, den 28.04.2025 um 19.30 Uhr bei uns im Weltladen. Roselyn Nangila berichtet \u00fcber OWEZO, eine Organisation, die in den Slums von Nairobi Hilfe anbietet.<\/li><\/ul>[\/vc_column][\/vc_row]<\/p>\n<\/div>","protected":false},"excerpt":{"rendered":"<p>[vc_row][vc_column][vc_column_text] Termine [\/vc_column_text][\/vc_column][\/vc_row][vc_row][vc_column][\/vc_column] &nbsp; &nbsp; &nbsp; [\/vc_row][vc_row][vc_column][vc_empty_space][\/vc_column][\/vc_row][vc_row][vc_column][\/vc_column][\/vc_row]<\/p>\n","protected":false},"author":1,"featured_media":0,"parent":0,"menu_order":8,"comment_status":"closed","ping_status":"closed","template":"","meta":{"footnotes":""},"class_list":["post-23","page","type-page","status-publish","hentry","description-off"],"_links":{"self":[{"href":"https:\/\/weltlaeden.de\/itzehoe\/wp-json\/wp\/v2\/pages\/23","targetHints":{"allow":["GET"]}}],"collection":[{"href":"https:\/\/weltlaeden.de\/itzehoe\/wp-json\/wp\/v2\/pages"}],"about":[{"href":"https:\/\/weltlaeden.de\/itzehoe\/wp-json\/wp\/v2\/types\/page"}],"author":[{"embeddable":true,"href":"https:\/\/weltlaeden.de\/itzehoe\/wp-json\/wp\/v2\/users\/1"}],"replies":[{"embeddable":true,"href":"https:\/\/weltlaeden.de\/itzehoe\/wp-json\/wp\/v2\/comments?post=23"}],"version-history":[{"count":26,"href":"https:\/\/weltlaeden.de\/itzehoe\/wp-json\/wp\/v2\/pages\/23\/revisions"}],"predecessor-version":[{"id":893,"href":"https:\/\/weltlaeden.de\/itzehoe\/wp-json\/wp\/v2\/pages\/23\/revisions\/893"}],"wp:attachment":[{"href":"https:\/\/weltlaeden.de\/itzehoe\/wp-json\/wp\/v2\/media?parent=23"}],"curies":[{"name":"wp","href":"https:\/\/api.w.org\/{rel}","templated":true}]}}