{"id":219,"date":"2016-10-28T13:34:47","date_gmt":"2016-10-28T11:34:47","guid":{"rendered":"https:\/\/wl.heimpixel.de\/itzehoe\/ueber-uns\/"},"modified":"2024-05-29T14:04:10","modified_gmt":"2024-05-29T12:04:10","slug":"ueber-uns","status":"publish","type":"page","link":"https:\/\/weltlaeden.de\/itzehoe\/ueber-uns\/","title":{"rendered":"\u00dcber uns"},"content":{"rendered":"<div class=\"wpb-content-wrapper\"><p>[vc_row][vc_column][vc_column_text]<\/p>\n<h1>\u00dcber uns<\/h1>\n<p>[\/vc_column_text][vc_empty_space][vc_column_text]<\/p>\n<h3>Wer sind wir?<\/h3>\n<p>Der Weltladen Itzehoe wird betrieben vom Verein \u201eEine Welt Itzehoe e.V.\u201c. Hier engagieren sich aktuell \u00fcber 16 Mitglieder ehrenamtlich, die Organisation ist demokratisch. Neben dem Verkauf fairer Produkte aus aller Welt steht bei uns die Bildungsarbeit im Vordergrund. Um hierf\u00fcr auch Spenden entgegennehmen zu k\u00f6nnen, wurde der \u201eF\u00f6rderverein Fairer Handel Itzehoe e.V.\u201c gegr\u00fcndet.<\/p>\n<p>Aus den Einnahmen des Verkaufs werden die laufenden Unkosten gedeckt und ein Teil unserer Bildungsmaterialien finanziert. Mit den restlichen \u00dcbersch\u00fcssen werden soziale Projekte unterst\u00fctzt, wor\u00fcber die Mitgliederversammlung beschlie\u00dft.[\/vc_column_text][vc_empty_space][vc_column_text]<\/p>\n<h3>Woher kommen wir?<\/h3>\n<p>Seit \u00fcber drei\u00dfig Jahren geh\u00f6rt das Weltladenkonzept zu Itzehoe. Alles fing ganz klein in privaten R\u00e4umen an, Lagerraum f\u00fcr die Waren war ein Dachboden. Wer sich noch daran erinnert: Zum Erntedankfest 1991 wurden in der St. Laurentii Kirche zum ersten Mal nach dem Gottesdienst fair gehandelte Waren verkauft. Im Laufe der Jahre stieg die Nachfrage immer weiter an und bei unterschiedlichsten Veranstaltungen konnten fair gehandelte Waren angeboten werden.<\/p>\n<p>Im Mai 2012 er\u00f6ffnete dann endlich der \u201eWeltladen am Turm\u201c im Gemeindehaus St. Laurentii und wurde von 10 ehrenamtlichen Mitarbeiterinnen betrieben. Hier begann auch die Bildungsarbeit mit\u00a0 Schulklassen u.a. zum Thema \u201eFaire Schokolade\u201c. Dann der Supergau. Im Sommer 2018 sorgte ein Wasserschaden und eine anschlie\u00dfende Statikneuberechnung f\u00fcr das Aus des Weltladens im Gemeindehaus. 2019 ein mutiger Neustart. Der <em>Weltladen<\/em> und die Innenstadtgemeinde gingen k\u00fcnftig getrennte Wege, aus organisatorischen Gr\u00fcnden bildete sich ein eigener Verein. Die neue Ladenfl\u00e4che befand sich in der Oberen Feldschmiede 52. Klein, aber fein. Mit viel Geschick bei der Warenpr\u00e4sentation wurden neue Kunden hinzugewonnen. Aber Tr\u00e4umen blieb erlaubt. Ein gr\u00f6\u00dferer Laden w\u00e4re schon sch\u00f6n! Und mit Gl\u00fcck fand sich dann doch noch eine echte Alternative.<\/p>\n<p>Seit Ende Oktober 2022 ist der \u201eWeltladen Itzehoe\u201c in der Kirchenstr. 7 zu finden,<br \/>\nzuletzt hat sich nun doch alles zu einem guten Ende gef\u00fcgt: Mit diesem neuen Laden sind wir wieder angekommen im Herzen Itzehoes.<\/p>\n<p>Klein war gestern. Das neue gro\u00dfe Plus: Durch die r\u00e4umlichen M\u00f6glichkeiten k\u00f6nnen alle unsere Vorstellungen von informativen und inspirierenden Weltladenangeboten umgesetzt werden. Der einladend gestaltete Laden pr\u00e4sentiert nun auch hochwertige Produkte in gro\u00dfz\u00fcgig angelegten Regalen und auf attraktiven Fl\u00e4chen, l\u00e4dt so zum St\u00f6bern ein. Und auch Workshops und Vortr\u00e4ge rund um die Themen Fairtrade und Nachhaltigkeit werden in diesen R\u00e4umen m\u00f6glich sein.[\/vc_column_text][vc_empty_space][vc_column_text]<\/p>\n<h3>Wohin wollen wir?<\/h3>\n<p>Wir m\u00f6chten generationen\u00fcbergreifend \u00fcber das nachhaltige Wirtschaftskonzept Fairtrade aufkl\u00e4ren. Es orientiert sich an den Bed\u00fcrfnissen der Produzenten und ihrem sich im Wandel befindlichen Lebensraum: eine Form der \u00d6konomie der ganz anderen Art. Fair macht deutlich, wie alles mit allem zusammenh\u00e4ngt und dass nur gemeinsames Handeln zielf\u00fchrend ist.<\/p>\n<p>So m\u00f6chten wir erreichen, dass der Faire Handel als elementarer Bestandteil des Welthandels wahrgenommen und gef\u00f6rdert wird. Durch die Verbreitung von Informationen rund um das Thema Fairer Handel und unsere vielf\u00e4ltigen Angebote tragen wir dazu bei.[\/vc_column_text][vc_empty_space]<div class=\"wl_einzelbild\"><p><img loading=\"lazy\" decoding=\"async\" class=\"aligncenter size-full wp-image-717\" src=\"https:\/\/weltlaeden.de\/itzehoe\/wp-content\/uploads\/sites\/26\/2023\/04\/Weltladen-Itzehoe.jpg\" alt=\"\" width=\"1024\" height=\"749\" srcset=\"https:\/\/weltlaeden.de\/itzehoe\/wp-content\/uploads\/sites\/26\/2023\/04\/Weltladen-Itzehoe.jpg 1024w, https:\/\/weltlaeden.de\/itzehoe\/wp-content\/uploads\/sites\/26\/2023\/04\/Weltladen-Itzehoe-300x219.jpg 300w, https:\/\/weltlaeden.de\/itzehoe\/wp-content\/uploads\/sites\/26\/2023\/04\/Weltladen-Itzehoe-768x562.jpg 768w\" sizes=\"auto, (max-width: 1024px) 100vw, 1024px\" \/><\/p><\/div>[vc_empty_space][\/vc_column][\/vc_row]<\/p>\n<\/div>","protected":false},"excerpt":{"rendered":"<p>[vc_row][vc_column][vc_column_text] \u00dcber uns [\/vc_column_text][vc_empty_space][vc_column_text] Wer sind wir? Der Weltladen Itzehoe wird betrieben vom Verein \u201eEine Welt Itzehoe e.V.\u201c. Hier engagieren sich aktuell \u00fcber 16 Mitglieder ehrenamtlich, die Organisation ist demokratisch. Neben dem Verkauf fairer Produkte aus aller Welt steht bei uns die Bildungsarbeit im Vordergrund. Um hierf\u00fcr auch Spenden entgegennehmen zu k\u00f6nnen, wurde der \u201eF\u00f6rderverein&hellip;<\/p>\n","protected":false},"author":1,"featured_media":0,"parent":0,"menu_order":1,"comment_status":"closed","ping_status":"closed","template":"","meta":{"footnotes":""},"class_list":["post-219","page","type-page","status-publish","hentry","description-off"],"_links":{"self":[{"href":"https:\/\/weltlaeden.de\/itzehoe\/wp-json\/wp\/v2\/pages\/219","targetHints":{"allow":["GET"]}}],"collection":[{"href":"https:\/\/weltlaeden.de\/itzehoe\/wp-json\/wp\/v2\/pages"}],"about":[{"href":"https:\/\/weltlaeden.de\/itzehoe\/wp-json\/wp\/v2\/types\/page"}],"author":[{"embeddable":true,"href":"https:\/\/weltlaeden.de\/itzehoe\/wp-json\/wp\/v2\/users\/1"}],"replies":[{"embeddable":true,"href":"https:\/\/weltlaeden.de\/itzehoe\/wp-json\/wp\/v2\/comments?post=219"}],"version-history":[{"count":22,"href":"https:\/\/weltlaeden.de\/itzehoe\/wp-json\/wp\/v2\/pages\/219\/revisions"}],"predecessor-version":[{"id":718,"href":"https:\/\/weltlaeden.de\/itzehoe\/wp-json\/wp\/v2\/pages\/219\/revisions\/718"}],"wp:attachment":[{"href":"https:\/\/weltlaeden.de\/itzehoe\/wp-json\/wp\/v2\/media?parent=219"}],"curies":[{"name":"wp","href":"https:\/\/api.w.org\/{rel}","templated":true}]}}