{"id":217,"date":"2016-10-28T13:34:47","date_gmt":"2016-10-28T11:34:47","guid":{"rendered":"https:\/\/wl.heimpixel.de\/itzehoe\/produkte\/"},"modified":"2025-08-11T15:34:46","modified_gmt":"2025-08-11T13:34:46","slug":"produkte","status":"publish","type":"page","link":"https:\/\/weltlaeden.de\/itzehoe\/produkte\/","title":{"rendered":"Produkte"},"content":{"rendered":"<div class=\"wpb-content-wrapper\"><p>[vc_row][vc_column]<div class=\"wl_einzelbild\"><p><\/p><\/div>[vc_empty_space][vc_column_text]<\/p>\n<h1>Unser Sortiment<\/h1>\n<p>Armreifen und Ohrstecker aus Mangoholz von der Firma UMIWI. Hergestellt wird der Schmuck nachhaltig in Thailand, mit Lebensmittelfarbe gef\u00e4rbt und anschlie\u00dfend mit einem umweltfreundlichen Lack veredelt. Verschluss und auch der Stift der Ohrstecker sind aus 925er Silber.<\/p>\n<p><img loading=\"lazy\" decoding=\"async\" class=\"alignnone size-medium wp-image-1107\" src=\"https:\/\/weltlaeden.de\/itzehoe\/wp-content\/uploads\/sites\/26\/2025\/08\/71fafe0f-63d6-42d7-ae8b-54dafe1944e4-225x300.jpg\" alt=\"\" width=\"225\" height=\"300\" srcset=\"https:\/\/weltlaeden.de\/itzehoe\/wp-content\/uploads\/sites\/26\/2025\/08\/71fafe0f-63d6-42d7-ae8b-54dafe1944e4-225x300.jpg 225w, https:\/\/weltlaeden.de\/itzehoe\/wp-content\/uploads\/sites\/26\/2025\/08\/71fafe0f-63d6-42d7-ae8b-54dafe1944e4-768x1024.jpg 768w, https:\/\/weltlaeden.de\/itzehoe\/wp-content\/uploads\/sites\/26\/2025\/08\/71fafe0f-63d6-42d7-ae8b-54dafe1944e4-1152x1536.jpg 1152w, https:\/\/weltlaeden.de\/itzehoe\/wp-content\/uploads\/sites\/26\/2025\/08\/71fafe0f-63d6-42d7-ae8b-54dafe1944e4.jpg 1200w\" sizes=\"auto, (max-width: 225px) 100vw, 225px\" \/>\u00a0 \u00a0 <img loading=\"lazy\" decoding=\"async\" class=\"alignnone size-medium wp-image-1109\" src=\"https:\/\/weltlaeden.de\/itzehoe\/wp-content\/uploads\/sites\/26\/2025\/08\/0692c5cc-a4f4-4fdd-8b9d-ea7320a3ef61-225x300.jpg\" alt=\"\" width=\"225\" height=\"300\" srcset=\"https:\/\/weltlaeden.de\/itzehoe\/wp-content\/uploads\/sites\/26\/2025\/08\/0692c5cc-a4f4-4fdd-8b9d-ea7320a3ef61-225x300.jpg 225w, https:\/\/weltlaeden.de\/itzehoe\/wp-content\/uploads\/sites\/26\/2025\/08\/0692c5cc-a4f4-4fdd-8b9d-ea7320a3ef61-768x1024.jpg 768w, https:\/\/weltlaeden.de\/itzehoe\/wp-content\/uploads\/sites\/26\/2025\/08\/0692c5cc-a4f4-4fdd-8b9d-ea7320a3ef61-1152x1536.jpg 1152w, https:\/\/weltlaeden.de\/itzehoe\/wp-content\/uploads\/sites\/26\/2025\/08\/0692c5cc-a4f4-4fdd-8b9d-ea7320a3ef61.jpg 1200w\" sizes=\"auto, (max-width: 225px) 100vw, 225px\" \/>\u00a0 \u00a0<img loading=\"lazy\" decoding=\"async\" class=\"alignnone size-medium wp-image-1108\" src=\"https:\/\/weltlaeden.de\/itzehoe\/wp-content\/uploads\/sites\/26\/2025\/08\/471d881b-868e-4baf-a146-d8f378285a83-225x300.jpg\" alt=\"\" width=\"225\" height=\"300\" srcset=\"https:\/\/weltlaeden.de\/itzehoe\/wp-content\/uploads\/sites\/26\/2025\/08\/471d881b-868e-4baf-a146-d8f378285a83-225x300.jpg 225w, https:\/\/weltlaeden.de\/itzehoe\/wp-content\/uploads\/sites\/26\/2025\/08\/471d881b-868e-4baf-a146-d8f378285a83-768x1024.jpg 768w, https:\/\/weltlaeden.de\/itzehoe\/wp-content\/uploads\/sites\/26\/2025\/08\/471d881b-868e-4baf-a146-d8f378285a83-1152x1536.jpg 1152w, https:\/\/weltlaeden.de\/itzehoe\/wp-content\/uploads\/sites\/26\/2025\/08\/471d881b-868e-4baf-a146-d8f378285a83.jpg 1200w\" sizes=\"auto, (max-width: 225px) 100vw, 225px\" \/><\/p>\n<p>&nbsp;<\/p>\n<p>Fa. Elecosy aus Belgien: Handwerkskunst aus Indien und Sri Lanka, hergestellt aus Nashorn- und Elefantendung zum Erhalt der Nash\u00f6rner und der indischen Elefanten.<\/p>\n<p><img loading=\"lazy\" decoding=\"async\" class=\"alignnone size-medium wp-image-1112\" src=\"https:\/\/weltlaeden.de\/itzehoe\/wp-content\/uploads\/sites\/26\/2025\/08\/070ea0ef-5777-4480-a264-355f5617290b-225x300.jpg\" alt=\"\" width=\"225\" height=\"300\" srcset=\"https:\/\/weltlaeden.de\/itzehoe\/wp-content\/uploads\/sites\/26\/2025\/08\/070ea0ef-5777-4480-a264-355f5617290b-225x300.jpg 225w, https:\/\/weltlaeden.de\/itzehoe\/wp-content\/uploads\/sites\/26\/2025\/08\/070ea0ef-5777-4480-a264-355f5617290b-768x1024.jpg 768w, https:\/\/weltlaeden.de\/itzehoe\/wp-content\/uploads\/sites\/26\/2025\/08\/070ea0ef-5777-4480-a264-355f5617290b-1152x1536.jpg 1152w, https:\/\/weltlaeden.de\/itzehoe\/wp-content\/uploads\/sites\/26\/2025\/08\/070ea0ef-5777-4480-a264-355f5617290b.jpg 1200w\" sizes=\"auto, (max-width: 225px) 100vw, 225px\" \/>\u00a0 \u00a0 <img loading=\"lazy\" decoding=\"async\" class=\"alignnone size-medium wp-image-1111\" src=\"https:\/\/weltlaeden.de\/itzehoe\/wp-content\/uploads\/sites\/26\/2025\/08\/57fe7422-7e3d-48c0-9997-bf77b5d4b75d-225x300.jpg\" alt=\"\" width=\"225\" height=\"300\" srcset=\"https:\/\/weltlaeden.de\/itzehoe\/wp-content\/uploads\/sites\/26\/2025\/08\/57fe7422-7e3d-48c0-9997-bf77b5d4b75d-225x300.jpg 225w, https:\/\/weltlaeden.de\/itzehoe\/wp-content\/uploads\/sites\/26\/2025\/08\/57fe7422-7e3d-48c0-9997-bf77b5d4b75d-768x1024.jpg 768w, https:\/\/weltlaeden.de\/itzehoe\/wp-content\/uploads\/sites\/26\/2025\/08\/57fe7422-7e3d-48c0-9997-bf77b5d4b75d-1152x1536.jpg 1152w, https:\/\/weltlaeden.de\/itzehoe\/wp-content\/uploads\/sites\/26\/2025\/08\/57fe7422-7e3d-48c0-9997-bf77b5d4b75d.jpg 1200w\" sizes=\"auto, (max-width: 225px) 100vw, 225px\" \/>\u00a0 \u00a0 <img loading=\"lazy\" decoding=\"async\" class=\"alignnone size-medium wp-image-1114\" src=\"https:\/\/weltlaeden.de\/itzehoe\/wp-content\/uploads\/sites\/26\/2025\/08\/a9d555bd-7a9c-4438-ab3c-459c36e3eda8-225x300.jpg\" alt=\"\" width=\"225\" height=\"300\" srcset=\"https:\/\/weltlaeden.de\/itzehoe\/wp-content\/uploads\/sites\/26\/2025\/08\/a9d555bd-7a9c-4438-ab3c-459c36e3eda8-225x300.jpg 225w, https:\/\/weltlaeden.de\/itzehoe\/wp-content\/uploads\/sites\/26\/2025\/08\/a9d555bd-7a9c-4438-ab3c-459c36e3eda8-768x1024.jpg 768w, https:\/\/weltlaeden.de\/itzehoe\/wp-content\/uploads\/sites\/26\/2025\/08\/a9d555bd-7a9c-4438-ab3c-459c36e3eda8-1152x1536.jpg 1152w, https:\/\/weltlaeden.de\/itzehoe\/wp-content\/uploads\/sites\/26\/2025\/08\/a9d555bd-7a9c-4438-ab3c-459c36e3eda8.jpg 1200w\" sizes=\"auto, (max-width: 225px) 100vw, 225px\" \/><\/p>\n<p><img loading=\"lazy\" decoding=\"async\" class=\"size-medium wp-image-1113 aligncenter\" src=\"https:\/\/weltlaeden.de\/itzehoe\/wp-content\/uploads\/sites\/26\/2025\/08\/99e164c8-d114-46bb-b5a9-64171c9f38e0-225x300.jpg\" alt=\"\" width=\"225\" height=\"300\" srcset=\"https:\/\/weltlaeden.de\/itzehoe\/wp-content\/uploads\/sites\/26\/2025\/08\/99e164c8-d114-46bb-b5a9-64171c9f38e0-225x300.jpg 225w, https:\/\/weltlaeden.de\/itzehoe\/wp-content\/uploads\/sites\/26\/2025\/08\/99e164c8-d114-46bb-b5a9-64171c9f38e0-768x1024.jpg 768w, https:\/\/weltlaeden.de\/itzehoe\/wp-content\/uploads\/sites\/26\/2025\/08\/99e164c8-d114-46bb-b5a9-64171c9f38e0-1152x1536.jpg 1152w, https:\/\/weltlaeden.de\/itzehoe\/wp-content\/uploads\/sites\/26\/2025\/08\/99e164c8-d114-46bb-b5a9-64171c9f38e0.jpg 1200w\" sizes=\"auto, (max-width: 225px) 100vw, 225px\" \/><\/p>\n<p>[\/vc_column_text][vc_column_text]Einmal rund um die Welt \u2026<\/p>\n<p>Genie\u00dfen Sie die\u00a0 exotischen Geschmacksrichtungen unserer Lebensmittel, erfreuen Sie sich an der traditionellen Handwerkskunst und der Farbenpracht des Kunsthandwerks.<\/p>\n<p>Aus Mittel- und S\u00fcdamerika, aus Afrika und Asien kommen die Waren, die wir anbieten. Das Sortiment wechselt immer wieder je nach Saison, aber eins ist sicher: Wir bieten Ihnen immer eine reichhaltige Auswahl!<\/p>\n<p>Wir beziehen unsere Produkte von anerkannten Importorganisationen, die im Lieferantenkatalog des Weltladen-Dachverbandes gelistet sind und damit f\u00fcr uns als zuverl\u00e4ssige Partner\/innen f\u00fcr garantiert fair gehandelte Produkte stehen.[\/vc_column_text][vc_empty_space][vc_row_inner][vc_column_inner width=&#8220;1\/2&#8243;][vc_column_text]<\/p>\n<h2>Lebensmittel<\/h2>\n<p>[\/vc_column_text]<!-- This slideshow output is generated with Advanced post slider a multipurpose responsive WordPress slideshow plugin - http:\/\/www.wpcue.com\/wordpress-plugins\/advanced-post-slider\/ -->\r\n<style>\r\n#advps_container4 .bx-wrapper .bx-viewport {\r\n\t\tbackground:#FFFFFF;\r\n}\r\n#advps_container4 .bx-wrapper .bx-pager{\r\n\ttext-align: right;\r\n\tpadding-right:5px;\r\n}\r\n#advps_container4 .bx-wrapper .bx-pager\r\n{\r\n\tbottom:-35px;\r\n\tz-index:999;\r\n}\r\n#advps_container4 .bx-wrapper .bx-controls-auto\r\n{\r\n\tbottom:6px;\r\n}\r\n#advps_container4 .bx-wrapper .bx-controls.bx-has-controls-auto.bx-has-pager .bx-pager {\r\n\ttext-align: right;\r\n}\r\n#advps_container4 .bx-wrapper .bx-controls-auto {\r\n\tz-index:99999;\r\n\ttext-align:center;width:100%;}\r\n\r\n#advps_container4 .bx-wrapper .bx-pager.bx-default-pager a {\r\n\tbackground: #666;\r\n\ttext-indent: -9999px;\r\n\tdisplay: block;\r\n\twidth: 10px;\r\n\theight: 10px;\r\n\tmargin: 0 5px;\r\n\toutline: 0;\r\n\t-moz-border-radius: 5px;\r\n\t-webkit-border-radius: 5px;\r\n\tborder-radius: 5px;\r\n\ttext-align:left;\r\n}\r\n#advps_container4 .bx-wrapper .bx-pager.bx-default-pager a:hover,\r\n#advps_container4 .bx-wrapper .bx-pager.bx-default-pager a.active {\r\n\tbackground: #000;\r\n}\r\n\r\n\/* thumbnail pager*\/\r\n#advps_container4 #bx-pager\r\n{\r\n\twidth:100%;\r\n\tposition:absolute;\r\n\tbottom:-35px;\r\n    text-align: right;\r\n\tz-index: 9999;\r\n}\r\n#advps_container4 #bx-pager a img\r\n{\r\n\tborder: 1px solid #CCCCCC;\r\n    padding: 3px;\r\n}\r\n#advps_container4 #bx-pager a:hover img, #advps_container4 #bx-pager a.active img\r\n{\r\n\tborder: 1px solid #666666;\r\n}\r\n\/* medai queries *\/\r\n#advps_container4 .advs-title,#advps_container4 .advs-title a\r\n{\r\n\tfont-size:20px;\r\n\tline-height:20px;\r\n}\r\n#advps_container4 .advps-slide p\r\n{\r\n\tfont-size:14px;\r\n\tline-height:14px;\r\n}\r\n@media screen and (max-width: 1024px){\r\n\t#advps_container4 .advs-title,#advps_container4 .advs-title a\r\n\t{\r\n\t\tfont-size:18px;\r\n\t\tline-height:18px;\r\n\t}\r\n\t#advps_container4 .advps-slide p\r\n\t{\r\n\t\tfont-size:12px;\r\n\t\tline-height:12px;\r\n\t}\r\n}\r\n@media screen and (max-width: 768px){\r\n\t#advps_container4 h2.advs-title, #advps_container4 h2.advs-title a\r\n\t{\r\n\t\tfont-size:16px;\r\n\t\tline-height:16px;\r\n\t}\r\n\t#advps_container4 .advps-slide p\r\n\t{\r\n\t\tfont-size:12px;\r\n\t\tline-height:12px;\r\n\t}\r\n}\r\n@media screen and (max-width: 650px){\r\n\t#advps_container4 h2.advs-title, #advps_container4 h2.advs-title a\r\n\t{\r\n\t\tfont-size:15px;\r\n\t\tline-height:15px;\r\n\t}\r\n\t#advps_container4 .advps-slide p\r\n\t{\r\n\t\tfont-size:12px;\r\n\t\tline-height:12px;\r\n\t}\r\n}\r\n@media screen and (max-width: 480px){\r\n\t#advps_container4 h2.advs-title, #advps_container4 h2.advs-title a\r\n\t{\r\n\t\tfont-size:15px;\r\n\t\tline-height:15px;\r\n\t}\r\n\t#advps_container4 .advps-slide p\r\n\t{\r\n\t\tfont-size:12px;\r\n\t\tline-height:12px;\r\n\t}\r\n}\r\n@media screen and (max-width: 320px){\r\n\t#advps_container4 h2.advs-title, #advps_container4 h2.advs-title a\r\n\t{\r\n\t\tfont-size:15px;\r\n\t\tline-height:15px;\r\n\t}\r\n\t#advps_container4 .advps-slide p\r\n\t{\r\n\t\tfont-size:12px;\r\n\t\tline-height:12px;\r\n\t}\r\n}\r\n<\/style>\r\n<script type=\"text\/javascript\">\r\n\t\tjQuery(document).ready(function($){\r\n\t\t\t$('#advpsslideshow_4').bxSlider({\r\n\t\t\t\tuseCSS:1,\r\n\t\t\t\tslideMargin: 0,\r\n\t\t\t\tspeed: 2001,\t\t\t\t\r\n\t\t\t\t\t\t\t\tmode: 'fade',\r\n\t\t\t\t\t\t\t\t\t\t\t\tauto: 0,\r\n\t\t\t\tautoHover: 1,\r\n\t\t\t\tpause: 3000,\r\n\t\t\t\teasing: 'linear',\r\n\t\t\t\tcontrols: 1,\r\n\t\t\t\tpager: 1,\r\n  \t\t\t\tautoControls: 0\t\t\t\t\t\t\t});\r\n\t\t\t\t\t\t$(\"#advpsslideshow_4 .advps-slide\").hover(function(){\r\n\t\t\t\t  \t\t\t},function(){\r\n\t\t\t\t\t\t\t});\r\n\t\t});\r\n\t<\/script>\r\n<div id=\"advps_container4\" class=\"advps-slide-container\" style=\"overflow:hidden;max-width:1000px;margin:auto;\">\r\n \r\n  <div id=\"advpsslideshow_4\">\r\n        <div class=\"advps-slide\">\r\n    \t        <img loading=\"lazy\" decoding=\"async\" width=\"600\" height=\"450\" src=\"https:\/\/weltlaeden.de\/itzehoe\/wp-content\/uploads\/sites\/26\/2017\/08\/tee.jpg\" class=\"attachment-full size-full wp-post-image\" alt=\"\" srcset=\"https:\/\/weltlaeden.de\/itzehoe\/wp-content\/uploads\/sites\/26\/2017\/08\/tee.jpg 600w, https:\/\/weltlaeden.de\/itzehoe\/wp-content\/uploads\/sites\/26\/2017\/08\/tee-300x225.jpg 300w\" sizes=\"auto, (max-width: 600px) 100vw, 600px\" \/>            <\/div>\r\n        <div class=\"advps-slide\">\r\n    \t        <img loading=\"lazy\" decoding=\"async\" width=\"600\" height=\"450\" src=\"https:\/\/weltlaeden.de\/itzehoe\/wp-content\/uploads\/sites\/26\/2017\/08\/aufstrich.jpg\" class=\"attachment-full size-full wp-post-image\" alt=\"\" srcset=\"https:\/\/weltlaeden.de\/itzehoe\/wp-content\/uploads\/sites\/26\/2017\/08\/aufstrich.jpg 600w, https:\/\/weltlaeden.de\/itzehoe\/wp-content\/uploads\/sites\/26\/2017\/08\/aufstrich-300x225.jpg 300w\" sizes=\"auto, (max-width: 600px) 100vw, 600px\" \/>            <\/div>\r\n        <div class=\"advps-slide\">\r\n    \t        <img loading=\"lazy\" decoding=\"async\" width=\"2560\" height=\"1920\" src=\"https:\/\/weltlaeden.de\/itzehoe\/wp-content\/uploads\/sites\/26\/2017\/08\/20240503_134011-scaled.jpg\" class=\"attachment-full size-full wp-post-image\" alt=\"\" srcset=\"https:\/\/weltlaeden.de\/itzehoe\/wp-content\/uploads\/sites\/26\/2017\/08\/20240503_134011-scaled.jpg 2560w, https:\/\/weltlaeden.de\/itzehoe\/wp-content\/uploads\/sites\/26\/2017\/08\/20240503_134011-300x225.jpg 300w, https:\/\/weltlaeden.de\/itzehoe\/wp-content\/uploads\/sites\/26\/2017\/08\/20240503_134011-1024x768.jpg 1024w, https:\/\/weltlaeden.de\/itzehoe\/wp-content\/uploads\/sites\/26\/2017\/08\/20240503_134011-768x576.jpg 768w, https:\/\/weltlaeden.de\/itzehoe\/wp-content\/uploads\/sites\/26\/2017\/08\/20240503_134011-1536x1152.jpg 1536w, https:\/\/weltlaeden.de\/itzehoe\/wp-content\/uploads\/sites\/26\/2017\/08\/20240503_134011-2048x1536.jpg 2048w\" sizes=\"auto, (max-width: 2560px) 100vw, 2560px\" \/>            <\/div>\r\n        <div class=\"advps-slide\">\r\n    \t        <img loading=\"lazy\" decoding=\"async\" width=\"588\" height=\"441\" src=\"https:\/\/weltlaeden.de\/itzehoe\/wp-content\/uploads\/sites\/26\/2017\/08\/kaffee-e1503752454910.jpg\" class=\"attachment-full size-full wp-post-image\" alt=\"\" srcset=\"https:\/\/weltlaeden.de\/itzehoe\/wp-content\/uploads\/sites\/26\/2017\/08\/kaffee-e1503752454910.jpg 588w, https:\/\/weltlaeden.de\/itzehoe\/wp-content\/uploads\/sites\/26\/2017\/08\/kaffee-e1503752454910-300x225.jpg 300w\" sizes=\"auto, (max-width: 588px) 100vw, 588px\" \/>            <\/div>\r\n        <div class=\"advps-slide\">\r\n    \t        <img loading=\"lazy\" decoding=\"async\" width=\"2560\" height=\"1920\" src=\"https:\/\/weltlaeden.de\/itzehoe\/wp-content\/uploads\/sites\/26\/2017\/08\/20240503_133943-scaled.jpg\" class=\"attachment-full size-full wp-post-image\" alt=\"\" srcset=\"https:\/\/weltlaeden.de\/itzehoe\/wp-content\/uploads\/sites\/26\/2017\/08\/20240503_133943-scaled.jpg 2560w, https:\/\/weltlaeden.de\/itzehoe\/wp-content\/uploads\/sites\/26\/2017\/08\/20240503_133943-300x225.jpg 300w, https:\/\/weltlaeden.de\/itzehoe\/wp-content\/uploads\/sites\/26\/2017\/08\/20240503_133943-1024x768.jpg 1024w, https:\/\/weltlaeden.de\/itzehoe\/wp-content\/uploads\/sites\/26\/2017\/08\/20240503_133943-768x576.jpg 768w, https:\/\/weltlaeden.de\/itzehoe\/wp-content\/uploads\/sites\/26\/2017\/08\/20240503_133943-1536x1152.jpg 1536w, https:\/\/weltlaeden.de\/itzehoe\/wp-content\/uploads\/sites\/26\/2017\/08\/20240503_133943-2048x1536.jpg 2048w\" sizes=\"auto, (max-width: 2560px) 100vw, 2560px\" \/>            <\/div>\r\n      <\/div>\r\n  <\/div><!-- end advps-slide-container -->\r\n<!-- \/ Advanced post slider a multipurpose responsive slideshow plugin -->\r\n[vc_column_text]Wir bieten verschiedene Kaffee- und leckere Schokoladensorten, aromatische Tees, vollmundige Weine, exotische Gew\u00fcrze, Reis, W\u00fcrzsaucen und vieles mehr an. Die Vielfalt an fair gehandelten Lebensmitteln ist gro\u00df und zum gr\u00f6\u00dften Teil zus\u00e4tzlich aus \u00f6kologisch zertifiziertem Anbau.[\/vc_column_text][\/vc_column_inner][vc_column_inner width=&#8220;1\/2&#8243;][vc_column_text]<\/p>\n<h2>Kunsthandwerk &amp; Textilien<\/h2>\n<p>[\/vc_column_text]<!-- This slideshow output is generated with Advanced post slider a multipurpose responsive WordPress slideshow plugin - http:\/\/www.wpcue.com\/wordpress-plugins\/advanced-post-slider\/ -->\r\n<style>\r\n#advps_container6 .bx-wrapper .bx-viewport {\r\n\t\tbackground:#FFFFFF;\r\n}\r\n#advps_container6 .bx-wrapper .bx-pager{\r\n\ttext-align: right;\r\n\tpadding-right:5px;\r\n}\r\n#advps_container6 .bx-wrapper .bx-pager\r\n{\r\n\tbottom:-35px;\r\n\tz-index:999;\r\n}\r\n#advps_container6 .bx-wrapper .bx-controls-auto\r\n{\r\n\tbottom:6px;\r\n}\r\n#advps_container6 .bx-wrapper .bx-controls.bx-has-controls-auto.bx-has-pager .bx-pager {\r\n\ttext-align: right;\r\n}\r\n#advps_container6 .bx-wrapper .bx-controls-auto {\r\n\tz-index:99999;\r\n\ttext-align:center;width:100%;}\r\n\r\n#advps_container6 .bx-wrapper .bx-pager.bx-default-pager a {\r\n\tbackground: #666;\r\n\ttext-indent: -9999px;\r\n\tdisplay: block;\r\n\twidth: 10px;\r\n\theight: 10px;\r\n\tmargin: 0 5px;\r\n\toutline: 0;\r\n\t-moz-border-radius: 5px;\r\n\t-webkit-border-radius: 5px;\r\n\tborder-radius: 5px;\r\n\ttext-align:left;\r\n}\r\n#advps_container6 .bx-wrapper .bx-pager.bx-default-pager a:hover,\r\n#advps_container6 .bx-wrapper .bx-pager.bx-default-pager a.active {\r\n\tbackground: #000;\r\n}\r\n\r\n\/* thumbnail pager*\/\r\n#advps_container6 #bx-pager\r\n{\r\n\twidth:100%;\r\n\tposition:absolute;\r\n\tbottom:-35px;\r\n    text-align: right;\r\n\tz-index: 9999;\r\n}\r\n#advps_container6 #bx-pager a img\r\n{\r\n\tborder: 1px solid #CCCCCC;\r\n    padding: 3px;\r\n}\r\n#advps_container6 #bx-pager a:hover img, #advps_container6 #bx-pager a.active img\r\n{\r\n\tborder: 1px solid #666666;\r\n}\r\n\/* medai queries *\/\r\n#advps_container6 .advs-title,#advps_container6 .advs-title a\r\n{\r\n\tfont-size:20px;\r\n\tline-height:20px;\r\n}\r\n#advps_container6 .advps-slide p\r\n{\r\n\tfont-size:14px;\r\n\tline-height:14px;\r\n}\r\n@media screen and (max-width: 1024px){\r\n\t#advps_container6 .advs-title,#advps_container6 .advs-title a\r\n\t{\r\n\t\tfont-size:18px;\r\n\t\tline-height:18px;\r\n\t}\r\n\t#advps_container6 .advps-slide p\r\n\t{\r\n\t\tfont-size:12px;\r\n\t\tline-height:12px;\r\n\t}\r\n}\r\n@media screen and (max-width: 768px){\r\n\t#advps_container6 h2.advs-title, #advps_container6 h2.advs-title a\r\n\t{\r\n\t\tfont-size:16px;\r\n\t\tline-height:16px;\r\n\t}\r\n\t#advps_container6 .advps-slide p\r\n\t{\r\n\t\tfont-size:12px;\r\n\t\tline-height:12px;\r\n\t}\r\n}\r\n@media screen and (max-width: 650px){\r\n\t#advps_container6 h2.advs-title, #advps_container6 h2.advs-title a\r\n\t{\r\n\t\tfont-size:15px;\r\n\t\tline-height:15px;\r\n\t}\r\n\t#advps_container6 .advps-slide p\r\n\t{\r\n\t\tfont-size:12px;\r\n\t\tline-height:12px;\r\n\t}\r\n}\r\n@media screen and (max-width: 480px){\r\n\t#advps_container6 h2.advs-title, #advps_container6 h2.advs-title a\r\n\t{\r\n\t\tfont-size:15px;\r\n\t\tline-height:15px;\r\n\t}\r\n\t#advps_container6 .advps-slide p\r\n\t{\r\n\t\tfont-size:12px;\r\n\t\tline-height:12px;\r\n\t}\r\n}\r\n@media screen and (max-width: 320px){\r\n\t#advps_container6 h2.advs-title, #advps_container6 h2.advs-title a\r\n\t{\r\n\t\tfont-size:15px;\r\n\t\tline-height:15px;\r\n\t}\r\n\t#advps_container6 .advps-slide p\r\n\t{\r\n\t\tfont-size:12px;\r\n\t\tline-height:12px;\r\n\t}\r\n}\r\n<\/style>\r\n<script type=\"text\/javascript\">\r\n\t\tjQuery(document).ready(function($){\r\n\t\t\t$('#advpsslideshow_6').bxSlider({\r\n\t\t\t\tuseCSS:1,\r\n\t\t\t\tslideMargin: 0,\r\n\t\t\t\tspeed: 2001,\t\t\t\t\r\n\t\t\t\t\t\t\t\tmode: 'fade',\r\n\t\t\t\t\t\t\t\t\t\t\t\tauto: 0,\r\n\t\t\t\tautoHover: 1,\r\n\t\t\t\tpause: 3000,\r\n\t\t\t\teasing: 'linear',\r\n\t\t\t\tcontrols: 1,\r\n\t\t\t\tpager: 1,\r\n  \t\t\t\tautoControls: 0\t\t\t\t\t\t\t});\r\n\t\t\t\t\t\t$(\"#advpsslideshow_6 .advps-slide\").hover(function(){\r\n\t\t\t\t  \t\t\t},function(){\r\n\t\t\t\t\t\t\t});\r\n\t\t});\r\n\t<\/script>\r\n<div id=\"advps_container6\" class=\"advps-slide-container\" style=\"overflow:hidden;max-width:1000px;\">\r\n \r\n  <div id=\"advpsslideshow_6\">\r\n        <div class=\"advps-slide\">\r\n    \t        <img loading=\"lazy\" decoding=\"async\" width=\"1536\" height=\"2048\" src=\"https:\/\/weltlaeden.de\/itzehoe\/wp-content\/uploads\/sites\/26\/2017\/08\/bfa4a8ec-b1cc-494b-8347-b49e8f6ea9bf.jpg\" class=\"attachment-full size-full wp-post-image\" alt=\"\" srcset=\"https:\/\/weltlaeden.de\/itzehoe\/wp-content\/uploads\/sites\/26\/2017\/08\/bfa4a8ec-b1cc-494b-8347-b49e8f6ea9bf.jpg 1536w, https:\/\/weltlaeden.de\/itzehoe\/wp-content\/uploads\/sites\/26\/2017\/08\/bfa4a8ec-b1cc-494b-8347-b49e8f6ea9bf-225x300.jpg 225w, https:\/\/weltlaeden.de\/itzehoe\/wp-content\/uploads\/sites\/26\/2017\/08\/bfa4a8ec-b1cc-494b-8347-b49e8f6ea9bf-768x1024.jpg 768w, https:\/\/weltlaeden.de\/itzehoe\/wp-content\/uploads\/sites\/26\/2017\/08\/bfa4a8ec-b1cc-494b-8347-b49e8f6ea9bf-1152x1536.jpg 1152w\" sizes=\"auto, (max-width: 1536px) 100vw, 1536px\" \/>            <\/div>\r\n        <div class=\"advps-slide\">\r\n    \t        <img loading=\"lazy\" decoding=\"async\" width=\"1536\" height=\"2048\" src=\"https:\/\/weltlaeden.de\/itzehoe\/wp-content\/uploads\/sites\/26\/2017\/08\/be06ae70-f602-44a0-95a4-1f041e4d4379.jpg\" class=\"attachment-full size-full wp-post-image\" alt=\"\" srcset=\"https:\/\/weltlaeden.de\/itzehoe\/wp-content\/uploads\/sites\/26\/2017\/08\/be06ae70-f602-44a0-95a4-1f041e4d4379.jpg 1536w, https:\/\/weltlaeden.de\/itzehoe\/wp-content\/uploads\/sites\/26\/2017\/08\/be06ae70-f602-44a0-95a4-1f041e4d4379-225x300.jpg 225w, https:\/\/weltlaeden.de\/itzehoe\/wp-content\/uploads\/sites\/26\/2017\/08\/be06ae70-f602-44a0-95a4-1f041e4d4379-768x1024.jpg 768w, https:\/\/weltlaeden.de\/itzehoe\/wp-content\/uploads\/sites\/26\/2017\/08\/be06ae70-f602-44a0-95a4-1f041e4d4379-1152x1536.jpg 1152w\" sizes=\"auto, (max-width: 1536px) 100vw, 1536px\" \/>            <\/div>\r\n        <div class=\"advps-slide\">\r\n    \t        <img loading=\"lazy\" decoding=\"async\" width=\"2560\" height=\"1920\" src=\"https:\/\/weltlaeden.de\/itzehoe\/wp-content\/uploads\/sites\/26\/2017\/08\/IMG_7364-scaled.jpeg\" class=\"attachment-full size-full wp-post-image\" alt=\"\" srcset=\"https:\/\/weltlaeden.de\/itzehoe\/wp-content\/uploads\/sites\/26\/2017\/08\/IMG_7364-scaled.jpeg 2560w, https:\/\/weltlaeden.de\/itzehoe\/wp-content\/uploads\/sites\/26\/2017\/08\/IMG_7364-300x225.jpeg 300w, https:\/\/weltlaeden.de\/itzehoe\/wp-content\/uploads\/sites\/26\/2017\/08\/IMG_7364-1024x768.jpeg 1024w, https:\/\/weltlaeden.de\/itzehoe\/wp-content\/uploads\/sites\/26\/2017\/08\/IMG_7364-768x576.jpeg 768w, https:\/\/weltlaeden.de\/itzehoe\/wp-content\/uploads\/sites\/26\/2017\/08\/IMG_7364-1536x1152.jpeg 1536w, https:\/\/weltlaeden.de\/itzehoe\/wp-content\/uploads\/sites\/26\/2017\/08\/IMG_7364-2048x1536.jpeg 2048w\" sizes=\"auto, (max-width: 2560px) 100vw, 2560px\" \/>            <\/div>\r\n        <div class=\"advps-slide\">\r\n    \t        <img loading=\"lazy\" decoding=\"async\" width=\"1536\" height=\"2048\" src=\"https:\/\/weltlaeden.de\/itzehoe\/wp-content\/uploads\/sites\/26\/2017\/08\/ca390bb8-7166-4f0e-a51c-d39cc5f390c8.jpg\" class=\"attachment-full size-full wp-post-image\" alt=\"\" srcset=\"https:\/\/weltlaeden.de\/itzehoe\/wp-content\/uploads\/sites\/26\/2017\/08\/ca390bb8-7166-4f0e-a51c-d39cc5f390c8.jpg 1536w, https:\/\/weltlaeden.de\/itzehoe\/wp-content\/uploads\/sites\/26\/2017\/08\/ca390bb8-7166-4f0e-a51c-d39cc5f390c8-225x300.jpg 225w, https:\/\/weltlaeden.de\/itzehoe\/wp-content\/uploads\/sites\/26\/2017\/08\/ca390bb8-7166-4f0e-a51c-d39cc5f390c8-768x1024.jpg 768w, https:\/\/weltlaeden.de\/itzehoe\/wp-content\/uploads\/sites\/26\/2017\/08\/ca390bb8-7166-4f0e-a51c-d39cc5f390c8-1152x1536.jpg 1152w\" sizes=\"auto, (max-width: 1536px) 100vw, 1536px\" \/>            <\/div>\r\n        <div class=\"advps-slide\">\r\n    \t        <img loading=\"lazy\" decoding=\"async\" width=\"2560\" height=\"1920\" src=\"https:\/\/weltlaeden.de\/itzehoe\/wp-content\/uploads\/sites\/26\/2017\/08\/IMG_7365-scaled.jpeg\" class=\"attachment-full size-full wp-post-image\" alt=\"\" srcset=\"https:\/\/weltlaeden.de\/itzehoe\/wp-content\/uploads\/sites\/26\/2017\/08\/IMG_7365-scaled.jpeg 2560w, https:\/\/weltlaeden.de\/itzehoe\/wp-content\/uploads\/sites\/26\/2017\/08\/IMG_7365-300x225.jpeg 300w, https:\/\/weltlaeden.de\/itzehoe\/wp-content\/uploads\/sites\/26\/2017\/08\/IMG_7365-1024x768.jpeg 1024w, https:\/\/weltlaeden.de\/itzehoe\/wp-content\/uploads\/sites\/26\/2017\/08\/IMG_7365-768x576.jpeg 768w, https:\/\/weltlaeden.de\/itzehoe\/wp-content\/uploads\/sites\/26\/2017\/08\/IMG_7365-1536x1152.jpeg 1536w, https:\/\/weltlaeden.de\/itzehoe\/wp-content\/uploads\/sites\/26\/2017\/08\/IMG_7365-2048x1536.jpeg 2048w\" sizes=\"auto, (max-width: 2560px) 100vw, 2560px\" \/>            <\/div>\r\n      <\/div>\r\n  <\/div><!-- end advps-slide-container -->\r\n<!-- \/ Advanced post slider a multipurpose responsive slideshow plugin -->\r\n[vc_column_text]Unser Kunsthandwerkssortiment ist vielf\u00e4ltig, dabei spielen f\u00fcr uns eine \u00f6kologisch vertr\u00e4gliche Herstellung und Materialverwertung (auch Re-\/Upcycling) eine wichtige Rolle. Kriterien, die sich durch unser Produktsortiment ziehen und immer wieder tolle Kreationen aus verschiedenen Materialien hervorbringen.[\/vc_column_text][\/vc_column_inner][\/vc_row_inner][\/vc_column][\/vc_row]<\/p>\n<\/div>","protected":false},"excerpt":{"rendered":"<p>[vc_row][vc_column][vc_empty_space][vc_column_text] Unser Sortiment Armreifen und Ohrstecker aus Mangoholz von der Firma UMIWI. Hergestellt wird der Schmuck nachhaltig in Thailand, mit Lebensmittelfarbe gef\u00e4rbt und anschlie\u00dfend mit einem umweltfreundlichen Lack veredelt. Verschluss und auch der Stift der Ohrstecker sind aus 925er Silber. \u00a0 \u00a0 \u00a0 \u00a0 &nbsp; Fa. Elecosy aus Belgien: Handwerkskunst aus Indien und Sri Lanka,&hellip;<\/p>\n","protected":false},"author":1,"featured_media":0,"parent":0,"menu_order":3,"comment_status":"closed","ping_status":"closed","template":"","meta":{"footnotes":""},"class_list":["post-217","page","type-page","status-publish","hentry","description-off"],"_links":{"self":[{"href":"https:\/\/weltlaeden.de\/itzehoe\/wp-json\/wp\/v2\/pages\/217","targetHints":{"allow":["GET"]}}],"collection":[{"href":"https:\/\/weltlaeden.de\/itzehoe\/wp-json\/wp\/v2\/pages"}],"about":[{"href":"https:\/\/weltlaeden.de\/itzehoe\/wp-json\/wp\/v2\/types\/page"}],"author":[{"embeddable":true,"href":"https:\/\/weltlaeden.de\/itzehoe\/wp-json\/wp\/v2\/users\/1"}],"replies":[{"embeddable":true,"href":"https:\/\/weltlaeden.de\/itzehoe\/wp-json\/wp\/v2\/comments?post=217"}],"version-history":[{"count":18,"href":"https:\/\/weltlaeden.de\/itzehoe\/wp-json\/wp\/v2\/pages\/217\/revisions"}],"predecessor-version":[{"id":1115,"href":"https:\/\/weltlaeden.de\/itzehoe\/wp-json\/wp\/v2\/pages\/217\/revisions\/1115"}],"wp:attachment":[{"href":"https:\/\/weltlaeden.de\/itzehoe\/wp-json\/wp\/v2\/media?parent=217"}],"curies":[{"name":"wp","href":"https:\/\/api.w.org\/{rel}","templated":true}]}}