{"id":8866,"date":"2026-04-30T15:08:49","date_gmt":"2026-04-30T13:08:49","guid":{"rendered":"https:\/\/weltlaeden.de\/hofheim\/?page_id=8866"},"modified":"2026-04-30T15:21:43","modified_gmt":"2026-04-30T13:21:43","slug":"pakistan-zukunft-durch-olivenanbau","status":"publish","type":"page","link":"https:\/\/weltlaeden.de\/hofheim\/spendenprojekte\/pakistan-zukunft-durch-olivenanbau\/","title":{"rendered":"PAKISTAN \u2013 Zukunft durch Olivenanbau"},"content":{"rendered":"<div class=\"wpb-content-wrapper\"><p>[vc_row][vc_column]<div class=\"wl_einzelbild\"><p><\/p>\n<div id=\"attachment_6935\" style=\"width: 1034px\" class=\"wp-caption alignnone\"><img loading=\"lazy\" decoding=\"async\" aria-describedby=\"caption-attachment-6935\" class=\"wp-image-6935 size-large\" src=\"https:\/\/weltlaeden.de\/hofheim\/wp-content\/uploads\/sites\/63\/2023\/11\/plantation-scaled-1-1024x768.jpg\" alt=\"Junge Frauen und M\u00e4nner pflanzen Olivenb\u00e4ume.\" width=\"1024\" height=\"768\" srcset=\"https:\/\/weltlaeden.de\/hofheim\/wp-content\/uploads\/sites\/63\/2023\/11\/plantation-scaled-1-1024x768.jpg 1024w, https:\/\/weltlaeden.de\/hofheim\/wp-content\/uploads\/sites\/63\/2023\/11\/plantation-scaled-1-300x225.jpg 300w, https:\/\/weltlaeden.de\/hofheim\/wp-content\/uploads\/sites\/63\/2023\/11\/plantation-scaled-1-768x576.jpg 768w, https:\/\/weltlaeden.de\/hofheim\/wp-content\/uploads\/sites\/63\/2023\/11\/plantation-scaled-1-1536x1152.jpg 1536w, https:\/\/weltlaeden.de\/hofheim\/wp-content\/uploads\/sites\/63\/2023\/11\/plantation-scaled-1.jpg 1707w\" sizes=\"auto, (max-width: 1024px) 100vw, 1024px\" \/><p id=\"caption-attachment-6935\" class=\"wp-caption-text\">Foto: \u00a9 Sustainability Week Pakistan<\/p><\/div>\n<p><\/p><\/div>[vc_empty_space height=&#8220;24px&#8220;][vc_column_text css=&#8220;&#8220;]<\/p>\n<div class=\"av-subheading av-subheading_below \">\n<h1>PAKISTAN \u2013 Zukunft durch Olivenanbau:\u00a0Existenzsicherung und Klimaschutz<\/h1>\n<p><strong><span style=\"color: #000000\">Dieses Projekt konnten wir im Jahr 2023 mit 21.000 Euro f\u00f6rdern. <\/span><strong style=\"color: #000000\">DANKE f\u00fcr Ihre Unterst\u00fctzung!<\/strong><\/strong><\/p>\n<p>Pakistan ist eines der am st\u00e4rksten vom Klimawandel betroffenen L\u00e4nder der Erde. Der gesamte Niederschlag aus den Bergen flie\u00dft durch \u00fcber 1.000 km lange Talebenen und hat im Jahr 2022 zur weltweit gr\u00f6\u00dften und leider menschengemachten Naturkatastrophe mit \u00fcber 30 Millionen Obdachlosen und riesigen Ernteverlusten gef\u00fchrt. In Zukunft werden durch den Temperaturanstieg Niederschl\u00e4ge immer h\u00e4ufiger sofort als Regen statt Schnee fallen und Extremregen aber auch D\u00fcrre zunehmen. Lokale L\u00f6sungsans\u00e4tze aufgreifen und unterst\u00fctzen &#8211; so k\u00f6nnen riesige unbewohnbare Katastrophenregionen verhindert werden.<\/p>\n<\/div>\n<p>[\/vc_column_text][vc_empty_space height=&#8220;20px&#8220;][\/vc_column][\/vc_row][vc_row][vc_column][vc_column_text]<\/p>\n<div class=\"av-subheading av-subheading_below \">\n<h1>Die Idee<\/h1>\n<\/div>\n<p>[\/vc_column_text][vc_row_inner][vc_column_inner width=&#8220;1\/2&#8243;]<div class=\"wl_einzelbild\"><p><\/p>\n<div id=\"attachment_6937\" style=\"width: 410px\" class=\"wp-caption alignleft\"><img loading=\"lazy\" decoding=\"async\" aria-describedby=\"caption-attachment-6937\" class=\"wp-image-6937\" src=\"https:\/\/weltlaeden.de\/hofheim\/wp-content\/uploads\/sites\/63\/2023\/11\/oliven-1024x683.jpg\" alt=\"Olivenbaum mit Fr\u00fcchten\" width=\"400\" height=\"267\" srcset=\"https:\/\/weltlaeden.de\/hofheim\/wp-content\/uploads\/sites\/63\/2023\/11\/oliven-1024x683.jpg 1024w, https:\/\/weltlaeden.de\/hofheim\/wp-content\/uploads\/sites\/63\/2023\/11\/oliven-300x200.jpg 300w, https:\/\/weltlaeden.de\/hofheim\/wp-content\/uploads\/sites\/63\/2023\/11\/oliven-768x512.jpg 768w, https:\/\/weltlaeden.de\/hofheim\/wp-content\/uploads\/sites\/63\/2023\/11\/oliven-1536x1024.jpg 1536w, https:\/\/weltlaeden.de\/hofheim\/wp-content\/uploads\/sites\/63\/2023\/11\/oliven.jpg 1920w\" sizes=\"auto, (max-width: 400px) 100vw, 400px\" \/><p id=\"caption-attachment-6937\" class=\"wp-caption-text\">Foto: \u00a9 Leopictures auf Pixabay<\/p><\/div>\n<p><\/p><\/div>[\/vc_column_inner][vc_column_inner width=&#8220;1\/2&#8243;][vc_column_text]Pakistan hat einen enormen Verbrauch an Speise\u00f6l, den es jedoch zu 84% importieren muss. Gleichzeitig sind die Umweltbedingungen hervorragend f\u00fcr die Zucht von ertragreichen Olivenb\u00e4umen. Allein in der Division Malakand gibt es 50 Millionen wilde Olivenb\u00e4ume, die veredelt werden k\u00f6nnen.<\/p>\n<p>Der Erhalt und die Neupflanzung von Olivenb\u00e4umen in Nord Pakistan sch\u00fctzt das Klima, stabilisiert die B\u00f6den und schafft Arbeitspl\u00e4tze.[\/vc_column_text][\/vc_column_inner][\/vc_row_inner][vc_empty_space height=&#8220;20px&#8220;][vc_row_inner][vc_column_inner][vc_column_text]<\/p>\n<div class=\"page\" title=\"Page 2\">\n<div class=\"section\">\n<div class=\"layoutArea\">\n<div class=\"column\">\n<div class=\"column\">\n<div class=\"page\" title=\"Page 2\">\n<div class=\"section\">\n<div class=\"layoutArea\">\n<div class=\"column\">\n<h1>Das Projekt<\/h1>\n<\/div>\n<\/div>\n<\/div>\n<\/div>\n<\/div>\n<\/div>\n<\/div>\n<\/div>\n<\/div>\n<p>[\/vc_column_text][\/vc_column_inner][\/vc_row_inner][vc_row_inner][vc_column_inner width=&#8220;1\/2&#8243;]<div class=\"wl_einzelbild\"><p><\/p>\n<div id=\"attachment_6811\" style=\"width: 410px\" class=\"wp-caption alignleft\"><img loading=\"lazy\" decoding=\"async\" aria-describedby=\"caption-attachment-6811\" class=\"wp-image-6811\" src=\"https:\/\/weltlaeden.de\/hofheim\/wp-content\/uploads\/sites\/63\/2023\/10\/pakistan_olivenanbau_3-225x300.jpg\" alt=\"\" width=\"400\" height=\"534\" srcset=\"https:\/\/weltlaeden.de\/hofheim\/wp-content\/uploads\/sites\/63\/2023\/10\/pakistan_olivenanbau_3-225x300.jpg 225w, https:\/\/weltlaeden.de\/hofheim\/wp-content\/uploads\/sites\/63\/2023\/10\/pakistan_olivenanbau_3-767x1024.jpg 767w, https:\/\/weltlaeden.de\/hofheim\/wp-content\/uploads\/sites\/63\/2023\/10\/pakistan_olivenanbau_3-768x1025.jpg 768w, https:\/\/weltlaeden.de\/hofheim\/wp-content\/uploads\/sites\/63\/2023\/10\/pakistan_olivenanbau_3.jpg 959w\" sizes=\"auto, (max-width: 400px) 100vw, 400px\" \/><p id=\"caption-attachment-6811\" class=\"wp-caption-text\">Foto: \u00a9 Sustainability Week Pakistan<\/p><\/div>\n<p><\/p><\/div>[\/vc_column_inner][vc_column_inner width=&#8220;1\/2&#8243;][vc_column_text css=&#8220;&#8220;]Die Sustainability Week Pakistan (SWP) wurde 2019 mit der Unterst\u00fctzung des Vereins Weltweit e.V. in Bad Soden gegr\u00fcndet. Die Bewegung m\u00f6chte junge Pakistani in nachhaltige Entwicklungsprozesse einbinden und an politischen Prozessen beteiligen.\u00a0Das Weltweit Team arbeitet aktiv mit lokalen Partnern f\u00fcr den Klimaschutz und die Existenzsicherung der Menschen in Dherai (Region Peschewar), indem Olivenb\u00e4ume gepflanzt und wilde Olivenb\u00e4ume veredelt werden. Das verhindert Erosion und bindet Kohlenstoff aus der Atmosph\u00e4re.\u00a0Es wurde bereits eine Baumschule angelegt, 3.000 Olivenb\u00e4ume gepflanzt, 3.000 wilde Olivenb\u00e4ume veredelt und zuvor 3 Trainings mit 40 lokalen Bauern durchgef\u00fchrt. Die Erfolgsgeschichte und das Know-how sollen nun in der gesamten Region verbreitet werden: F\u00fcr\u00a02024 ist die Pflanzung von 5.000 weiteren Olivenbaumsetzlingen sowie die Veredelung von 12.000 alten B\u00e4umen geplant.<\/p>\n<p>Diesen Plan werden wir unterst\u00fctzen und daf\u00fcr einen gro\u00dfen Teil unserer Gewinne aus den beiden Hofheimer Weltl\u00e4den einsetzen.\u00a0<strong>M\u00f6chten Sie dieses Projekt auch unterst\u00fctzen?\u00a0Dann \u00fcberweisen Sie gerne eine Spende auf unser Konto des Vereines Faire Welt e.V. mit dem Stichwort \u201eOlivenb\u00e4ume f\u00fcr Pakistan\u201c.<\/strong> Bei Angabe ihrer Adresse senden wir Ihnen per Post eine Spendenquittung zu.<\/p>\n<p>Oder wie w\u00e4re es mal mit einer Spende anstatt Geschenk f\u00fcr Freunde oder Verwandte? In unseren L\u00e4den haben wir<br \/>\n<strong><a href=\"https:\/\/weltlaeden.de\/hofheim\/spenden-statt-geschenke\/\" target=\"_blank\" rel=\"noopener\">\u27a1\ufe0f Spendengeschenk-Karten<\/a>,<br \/>\n<\/strong>z.B. f\u00fcr den Erwerb von Olivenbaumsetzlingen. Kommen Sie vorbei und informieren Sie sich. Wir freuen uns auf ihren Besuch![\/vc_column_text][\/vc_column_inner][\/vc_row_inner][\/vc_column][\/vc_row][vc_row][vc_column][vc_empty_space height=&#8220;20px&#8220;][vc_column_text]<\/p>\n<div>\n<p>[vc_separator border_width=&#8220;2&#8243;][vc_column_text]<\/p>\n<\/div>\n<div class=\"page\" title=\"Page 2\">\n<div class=\"section\">\n<div class=\"layoutArea\">\n<div class=\"column\">\n<div class=\"column\">\n<div class=\"page\" title=\"Page 2\">\n<div class=\"section\">\n<div class=\"layoutArea\">\n<div class=\"column\">Weitere Informationen finden Sie auch bei unserem Partner Weltweit \u2013 Gesellschaft zur F\u00f6rderung lokaler Initiativen e.V.<\/div>\n<\/div>\n<\/div>\n<\/div>\n<\/div>\n<\/div>\n<\/div>\n<\/div>\n<\/div>\n<p>[\/vc_column_text][\/vc_column][\/vc_row]<\/p>\n<\/div>","protected":false},"excerpt":{"rendered":"<p>[vc_row][vc_column][vc_empty_space height=&#8220;24px&#8220;][vc_column_text css=&#8220;&#8220;] PAKISTAN \u2013 Zukunft durch Olivenanbau:\u00a0Existenzsicherung und Klimaschutz Dieses Projekt konnten wir im Jahr 2023 mit 21.000 Euro f\u00f6rdern. DANKE f\u00fcr Ihre Unterst\u00fctzung! Pakistan ist eines der am st\u00e4rksten vom Klimawandel betroffenen L\u00e4nder der Erde. Der gesamte Niederschlag aus den Bergen flie\u00dft durch \u00fcber 1.000 km lange Talebenen und hat im Jahr 2022&hellip;<\/p>\n","protected":false},"author":93,"featured_media":0,"parent":4681,"menu_order":1,"comment_status":"closed","ping_status":"closed","template":"","meta":{"footnotes":""},"class_list":["post-8866","page","type-page","status-publish","hentry","description-off"],"yoast_head":"<!-- This site is optimized with the Yoast SEO plugin v26.8 - https:\/\/yoast.com\/product\/yoast-seo-wordpress\/ -->\n<title>PAKISTAN \u2013 Zukunft durch Olivenanbau - Weltladen Hofheim<\/title>\n<meta name=\"robots\" content=\"index, follow, max-snippet:-1, max-image-preview:large, max-video-preview:-1\" \/>\n<link rel=\"canonical\" href=\"https:\/\/weltlaeden.de\/hofheim\/spendenprojekte\/pakistan-zukunft-durch-olivenanbau\/\" \/>\n<meta property=\"og:locale\" content=\"de_DE\" \/>\n<meta property=\"og:type\" content=\"article\" \/>\n<meta property=\"og:title\" content=\"PAKISTAN \u2013 Zukunft durch Olivenanbau - Weltladen Hofheim\" \/>\n<meta property=\"og:description\" content=\"[vc_row][vc_column][vc_empty_space height=&#8220;24px&#8220;][vc_column_text css=&#8220;&#8220;] PAKISTAN \u2013 Zukunft durch Olivenanbau:\u00a0Existenzsicherung und Klimaschutz Dieses Projekt konnten wir im Jahr 2023 mit 21.000 Euro f\u00f6rdern. DANKE f\u00fcr Ihre Unterst\u00fctzung! Pakistan ist eines der am st\u00e4rksten vom Klimawandel betroffenen L\u00e4nder der Erde. Der gesamte Niederschlag aus den Bergen flie\u00dft durch \u00fcber 1.000 km lange Talebenen und hat im Jahr 2022&hellip;\" \/>\n<meta property=\"og:url\" content=\"https:\/\/weltlaeden.de\/hofheim\/spendenprojekte\/pakistan-zukunft-durch-olivenanbau\/\" \/>\n<meta property=\"og:site_name\" content=\"Weltladen Hofheim\" \/>\n<meta property=\"article:modified_time\" content=\"2026-04-30T13:21:43+00:00\" \/>\n<meta property=\"og:image\" content=\"https:\/\/weltlaeden.de\/hofheim\/wp-content\/uploads\/sites\/63\/2023\/11\/plantation-scaled-1.jpg\" \/>\n\t<meta property=\"og:image:width\" content=\"1707\" \/>\n\t<meta property=\"og:image:height\" content=\"1280\" \/>\n\t<meta property=\"og:image:type\" content=\"image\/jpeg\" \/>\n<meta name=\"twitter:card\" content=\"summary_large_image\" \/>\n<meta name=\"twitter:label1\" content=\"Gesch\u00e4tzte Lesezeit\" \/>\n\t<meta name=\"twitter:data1\" content=\"4\u00a0Minuten\" \/>\n<script type=\"application\/ld+json\" class=\"yoast-schema-graph\">{\"@context\":\"https:\/\/schema.org\",\"@graph\":[{\"@type\":\"WebPage\",\"@id\":\"https:\/\/weltlaeden.de\/hofheim\/spendenprojekte\/pakistan-zukunft-durch-olivenanbau\/\",\"url\":\"https:\/\/weltlaeden.de\/hofheim\/spendenprojekte\/pakistan-zukunft-durch-olivenanbau\/\",\"name\":\"PAKISTAN \u2013 Zukunft durch Olivenanbau - Weltladen Hofheim\",\"isPartOf\":{\"@id\":\"https:\/\/weltlaeden.de\/hofheim\/#website\"},\"primaryImageOfPage\":{\"@id\":\"https:\/\/weltlaeden.de\/hofheim\/spendenprojekte\/pakistan-zukunft-durch-olivenanbau\/#primaryimage\"},\"image\":{\"@id\":\"https:\/\/weltlaeden.de\/hofheim\/spendenprojekte\/pakistan-zukunft-durch-olivenanbau\/#primaryimage\"},\"thumbnailUrl\":\"https:\/\/weltlaeden.de\/hofheim\/wp-content\/uploads\/sites\/63\/2023\/11\/plantation-scaled-1-1024x768.jpg\",\"datePublished\":\"2026-04-30T13:08:49+00:00\",\"dateModified\":\"2026-04-30T13:21:43+00:00\",\"breadcrumb\":{\"@id\":\"https:\/\/weltlaeden.de\/hofheim\/spendenprojekte\/pakistan-zukunft-durch-olivenanbau\/#breadcrumb\"},\"inLanguage\":\"de\",\"potentialAction\":[{\"@type\":\"ReadAction\",\"target\":[\"https:\/\/weltlaeden.de\/hofheim\/spendenprojekte\/pakistan-zukunft-durch-olivenanbau\/\"]}]},{\"@type\":\"ImageObject\",\"inLanguage\":\"de\",\"@id\":\"https:\/\/weltlaeden.de\/hofheim\/spendenprojekte\/pakistan-zukunft-durch-olivenanbau\/#primaryimage\",\"url\":\"https:\/\/weltlaeden.de\/hofheim\/wp-content\/uploads\/sites\/63\/2023\/11\/plantation-scaled-1.jpg\",\"contentUrl\":\"https:\/\/weltlaeden.de\/hofheim\/wp-content\/uploads\/sites\/63\/2023\/11\/plantation-scaled-1.jpg\",\"width\":1707,\"height\":1280,\"caption\":\"Foto: \u00a9 Sustainability Week Pakistan\"},{\"@type\":\"BreadcrumbList\",\"@id\":\"https:\/\/weltlaeden.de\/hofheim\/spendenprojekte\/pakistan-zukunft-durch-olivenanbau\/#breadcrumb\",\"itemListElement\":[{\"@type\":\"ListItem\",\"position\":1,\"name\":\"Startseite\",\"item\":\"https:\/\/weltlaeden.de\/hofheim\/\"},{\"@type\":\"ListItem\",\"position\":2,\"name\":\"Spendenprojekte\",\"item\":\"https:\/\/weltlaeden.de\/hofheim\/spendenprojekte\/\"},{\"@type\":\"ListItem\",\"position\":3,\"name\":\"PAKISTAN \u2013 Zukunft durch Olivenanbau\"}]},{\"@type\":\"WebSite\",\"@id\":\"https:\/\/weltlaeden.de\/hofheim\/#website\",\"url\":\"https:\/\/weltlaeden.de\/hofheim\/\",\"name\":\"Vorlage\",\"description\":\"Faire Produkte seit 1981\",\"potentialAction\":[{\"@type\":\"SearchAction\",\"target\":{\"@type\":\"EntryPoint\",\"urlTemplate\":\"https:\/\/weltlaeden.de\/hofheim\/?s={search_term_string}\"},\"query-input\":{\"@type\":\"PropertyValueSpecification\",\"valueRequired\":true,\"valueName\":\"search_term_string\"}}],\"inLanguage\":\"de\"}]}<\/script>\n<!-- \/ Yoast SEO plugin. -->","yoast_head_json":{"title":"PAKISTAN \u2013 Zukunft durch Olivenanbau - Weltladen Hofheim","robots":{"index":"index","follow":"follow","max-snippet":"max-snippet:-1","max-image-preview":"max-image-preview:large","max-video-preview":"max-video-preview:-1"},"canonical":"https:\/\/weltlaeden.de\/hofheim\/spendenprojekte\/pakistan-zukunft-durch-olivenanbau\/","og_locale":"de_DE","og_type":"article","og_title":"PAKISTAN \u2013 Zukunft durch Olivenanbau - Weltladen Hofheim","og_description":"[vc_row][vc_column][vc_empty_space height=&#8220;24px&#8220;][vc_column_text css=&#8220;&#8220;] PAKISTAN \u2013 Zukunft durch Olivenanbau:\u00a0Existenzsicherung und Klimaschutz Dieses Projekt konnten wir im Jahr 2023 mit 21.000 Euro f\u00f6rdern. DANKE f\u00fcr Ihre Unterst\u00fctzung! Pakistan ist eines der am st\u00e4rksten vom Klimawandel betroffenen L\u00e4nder der Erde. Der gesamte Niederschlag aus den Bergen flie\u00dft durch \u00fcber 1.000 km lange Talebenen und hat im Jahr 2022&hellip;","og_url":"https:\/\/weltlaeden.de\/hofheim\/spendenprojekte\/pakistan-zukunft-durch-olivenanbau\/","og_site_name":"Weltladen Hofheim","article_modified_time":"2026-04-30T13:21:43+00:00","og_image":[{"width":1707,"height":1280,"url":"https:\/\/weltlaeden.de\/hofheim\/wp-content\/uploads\/sites\/63\/2023\/11\/plantation-scaled-1.jpg","type":"image\/jpeg"}],"twitter_card":"summary_large_image","twitter_misc":{"Gesch\u00e4tzte Lesezeit":"4\u00a0Minuten"},"schema":{"@context":"https:\/\/schema.org","@graph":[{"@type":"WebPage","@id":"https:\/\/weltlaeden.de\/hofheim\/spendenprojekte\/pakistan-zukunft-durch-olivenanbau\/","url":"https:\/\/weltlaeden.de\/hofheim\/spendenprojekte\/pakistan-zukunft-durch-olivenanbau\/","name":"PAKISTAN \u2013 Zukunft durch Olivenanbau - Weltladen Hofheim","isPartOf":{"@id":"https:\/\/weltlaeden.de\/hofheim\/#website"},"primaryImageOfPage":{"@id":"https:\/\/weltlaeden.de\/hofheim\/spendenprojekte\/pakistan-zukunft-durch-olivenanbau\/#primaryimage"},"image":{"@id":"https:\/\/weltlaeden.de\/hofheim\/spendenprojekte\/pakistan-zukunft-durch-olivenanbau\/#primaryimage"},"thumbnailUrl":"https:\/\/weltlaeden.de\/hofheim\/wp-content\/uploads\/sites\/63\/2023\/11\/plantation-scaled-1-1024x768.jpg","datePublished":"2026-04-30T13:08:49+00:00","dateModified":"2026-04-30T13:21:43+00:00","breadcrumb":{"@id":"https:\/\/weltlaeden.de\/hofheim\/spendenprojekte\/pakistan-zukunft-durch-olivenanbau\/#breadcrumb"},"inLanguage":"de","potentialAction":[{"@type":"ReadAction","target":["https:\/\/weltlaeden.de\/hofheim\/spendenprojekte\/pakistan-zukunft-durch-olivenanbau\/"]}]},{"@type":"ImageObject","inLanguage":"de","@id":"https:\/\/weltlaeden.de\/hofheim\/spendenprojekte\/pakistan-zukunft-durch-olivenanbau\/#primaryimage","url":"https:\/\/weltlaeden.de\/hofheim\/wp-content\/uploads\/sites\/63\/2023\/11\/plantation-scaled-1.jpg","contentUrl":"https:\/\/weltlaeden.de\/hofheim\/wp-content\/uploads\/sites\/63\/2023\/11\/plantation-scaled-1.jpg","width":1707,"height":1280,"caption":"Foto: \u00a9 Sustainability Week Pakistan"},{"@type":"BreadcrumbList","@id":"https:\/\/weltlaeden.de\/hofheim\/spendenprojekte\/pakistan-zukunft-durch-olivenanbau\/#breadcrumb","itemListElement":[{"@type":"ListItem","position":1,"name":"Startseite","item":"https:\/\/weltlaeden.de\/hofheim\/"},{"@type":"ListItem","position":2,"name":"Spendenprojekte","item":"https:\/\/weltlaeden.de\/hofheim\/spendenprojekte\/"},{"@type":"ListItem","position":3,"name":"PAKISTAN \u2013 Zukunft durch Olivenanbau"}]},{"@type":"WebSite","@id":"https:\/\/weltlaeden.de\/hofheim\/#website","url":"https:\/\/weltlaeden.de\/hofheim\/","name":"Vorlage","description":"Faire Produkte seit 1981","potentialAction":[{"@type":"SearchAction","target":{"@type":"EntryPoint","urlTemplate":"https:\/\/weltlaeden.de\/hofheim\/?s={search_term_string}"},"query-input":{"@type":"PropertyValueSpecification","valueRequired":true,"valueName":"search_term_string"}}],"inLanguage":"de"}]}},"_links":{"self":[{"href":"https:\/\/weltlaeden.de\/hofheim\/wp-json\/wp\/v2\/pages\/8866","targetHints":{"allow":["GET"]}}],"collection":[{"href":"https:\/\/weltlaeden.de\/hofheim\/wp-json\/wp\/v2\/pages"}],"about":[{"href":"https:\/\/weltlaeden.de\/hofheim\/wp-json\/wp\/v2\/types\/page"}],"author":[{"embeddable":true,"href":"https:\/\/weltlaeden.de\/hofheim\/wp-json\/wp\/v2\/users\/93"}],"replies":[{"embeddable":true,"href":"https:\/\/weltlaeden.de\/hofheim\/wp-json\/wp\/v2\/comments?post=8866"}],"version-history":[{"count":1,"href":"https:\/\/weltlaeden.de\/hofheim\/wp-json\/wp\/v2\/pages\/8866\/revisions"}],"predecessor-version":[{"id":8869,"href":"https:\/\/weltlaeden.de\/hofheim\/wp-json\/wp\/v2\/pages\/8866\/revisions\/8869"}],"up":[{"embeddable":true,"href":"https:\/\/weltlaeden.de\/hofheim\/wp-json\/wp\/v2\/pages\/4681"}],"wp:attachment":[{"href":"https:\/\/weltlaeden.de\/hofheim\/wp-json\/wp\/v2\/media?parent=8866"}],"curies":[{"name":"wp","href":"https:\/\/api.w.org\/{rel}","templated":true}]}}