{"id":8704,"date":"2025-10-06T19:10:21","date_gmt":"2025-10-06T17:10:17","guid":{"rendered":"https:\/\/weltlaeden.de\/hofheim\/?page_id=8704"},"modified":"2025-10-24T01:58:53","modified_gmt":"2025-10-23T23:58:53","slug":"lieferanten-und-marken-2","status":"publish","type":"page","link":"https:\/\/weltlaeden.de\/hofheim\/unser-laden\/lieferanten-und-marken-2\/","title":{"rendered":"Unsere Partner &amp; Marken &#8211; KUNSTHANDWERK"},"content":{"rendered":"<div class=\"wpb-content-wrapper\"><p>[vc_row][vc_column]<div class=\"wl_einzelbild\"><p><\/p>\n<div id=\"attachment_7824\" style=\"width: 1034px\" class=\"wp-caption alignnone\"><img loading=\"lazy\" decoding=\"async\" aria-describedby=\"caption-attachment-7824\" class=\"wp-image-7824 size-large\" src=\"https:\/\/weltlaeden.de\/hofheim\/wp-content\/uploads\/sites\/63\/2024\/11\/halskette_aus_fairem_handel-1024x683.jpg\" alt=\"\" width=\"1024\" height=\"683\" srcset=\"https:\/\/weltlaeden.de\/hofheim\/wp-content\/uploads\/sites\/63\/2024\/11\/halskette_aus_fairem_handel-1024x683.jpg 1024w, https:\/\/weltlaeden.de\/hofheim\/wp-content\/uploads\/sites\/63\/2024\/11\/halskette_aus_fairem_handel-300x200.jpg 300w, https:\/\/weltlaeden.de\/hofheim\/wp-content\/uploads\/sites\/63\/2024\/11\/halskette_aus_fairem_handel-768x512.jpg 768w, https:\/\/weltlaeden.de\/hofheim\/wp-content\/uploads\/sites\/63\/2024\/11\/halskette_aus_fairem_handel-1536x1024.jpg 1536w, https:\/\/weltlaeden.de\/hofheim\/wp-content\/uploads\/sites\/63\/2024\/11\/halskette_aus_fairem_handel-2048x1366.jpg 2048w\" sizes=\"auto, (max-width: 1024px) 100vw, 1024px\" \/><p id=\"caption-attachment-7824\" class=\"wp-caption-text\">Bildnachweis: Weltladen-Dachverband \/ Luleyfoto<\/p><\/div>\n<p><\/p><\/div>[vc_empty_space height=&#8220;10px&#8220;][vc_column_text css=&#8220;&#8220;]<\/p>\n<h1>Unsere Partner &amp; Marken \u2013 KUNSTHANDWERK<\/h1>\n<p>In unserem Weltladen finden Sie Produkte mit Geschichte \u2013 und mit Gesichtern dahinter. Unsere Lieferanten und Partnerunternehmen stehen f\u00fcr Qualit\u00e4t, Fairness und Handwerkskunst.<br data-start=\"2155\" data-end=\"2158\" \/><strong>Hier stellen wir einige dieser Marken vor, die mit viel Engagement, Kreativit\u00e4t und sozialer Verantwortung arbeiten.<\/strong>[\/vc_column_text][\/vc_column][\/vc_row][vc_row][vc_column][vc_column_text css=&#8220;&#8220;]<\/p>\n<h1>ISUNA \u2013 Handbemalte Designer-Keramik aus S\u00fcdafrika<\/h1>\n<p>[\/vc_column_text][vc_row_inner][vc_column_inner width=&#8220;1\/3&#8243;]<div class=\"wl_einzelbild\"><p><\/p>\n<div id=\"attachment_8763\" style=\"width: 310px\" class=\"wp-caption alignleft\"><img loading=\"lazy\" decoding=\"async\" aria-describedby=\"caption-attachment-8763\" class=\"wp-image-8763 size-medium\" src=\"https:\/\/weltlaeden.de\/hofheim\/wp-content\/uploads\/sites\/63\/2025\/10\/geschirr_isuna_1-min-300x225.jpg\" alt=\"\" width=\"300\" height=\"225\" srcset=\"https:\/\/weltlaeden.de\/hofheim\/wp-content\/uploads\/sites\/63\/2025\/10\/geschirr_isuna_1-min-300x225.jpg 300w, https:\/\/weltlaeden.de\/hofheim\/wp-content\/uploads\/sites\/63\/2025\/10\/geschirr_isuna_1-min-1024x768.jpg 1024w, https:\/\/weltlaeden.de\/hofheim\/wp-content\/uploads\/sites\/63\/2025\/10\/geschirr_isuna_1-min-768x576.jpg 768w, https:\/\/weltlaeden.de\/hofheim\/wp-content\/uploads\/sites\/63\/2025\/10\/geschirr_isuna_1-min-1536x1152.jpg 1536w, https:\/\/weltlaeden.de\/hofheim\/wp-content\/uploads\/sites\/63\/2025\/10\/geschirr_isuna_1-min.jpg 1707w\" sizes=\"auto, (max-width: 300px) 100vw, 300px\" \/><p id=\"caption-attachment-8763\" class=\"wp-caption-text\">Foto: \u00a9 Weltladen Hofheim<\/p><\/div>\n<p><\/p><\/div>[\/vc_column_inner][vc_column_inner width=&#8220;2\/3&#8243;][vc_column_text css=&#8220;.vc_custom_1759764768764{background-color: #ffffff !important;border-radius: 2px !important;}&#8220;]<\/p>\n<p data-start=\"226\" data-end=\"446\">So bunt wie die Regenbogennation selbst: ISUNA steht f\u00fcr farbenfrohe, handbemalte Keramik aus Kapstadt. Giraffen, L\u00f6wen und Perlh\u00fchner zieren Tassen, Teller und Schalen \u2013 und bringen gute Laune auf den Fr\u00fchst\u00fcckstisch.<br \/>\nGegr\u00fcndet wurde ISUNA 2006 von talentierten Keramikk\u00fcnstler:innen aus Kapstadt. Ihr Ziel: mit Kreativit\u00e4t und Handwerkskunst ein faires, sicheres Einkommen f\u00fcr sich und ihre Familien zu schaffen.<br \/>\nJedes St\u00fcck ist ein handbemaltes Unikat, signiert von der jeweiligen K\u00fcnstlerin oder dem jeweiligen K\u00fcnstler. Die Keramik wird in aufwendiger Manufaktur gefertigt \u2013 mit mehreren Brenn- und Glasurvorg\u00e4ngen bis 1.200 \u00b0C. So entstehen leuchtende Farben, feine 3D-Effekte und langlebige Qualit\u00e4t.<br \/>\nAlle Materialien sind hochwertig, lebensmittelecht und bleifrei. Die Produkte sind mikrowellen- und sp\u00fclmaschinengeeignet \u2013 und sorgen viele Jahre lang f\u00fcr Freude im Alltag.<br \/>\nISUNA steht f\u00fcr faire Arbeitsbedingungen, gerechte Bezahlung und ein wertsch\u00e4tzendes Miteinander. Die Werkstatt bietet moderne Arbeitspl\u00e4tze, faire Strukturen und ein starkes Teamgef\u00fchl.<br \/>\nSeit 2014 ist ISUNA anerkannter Lieferant des Weltladen-Dachverbandes.<\/p>\n<p>[\/vc_column_text]<blockquote class=\"text-big shortcode-blockquote\"><h2><em>\u201eISUNA, das ist mehr als eine Marke, mehr als ein Produkt. ISUNA, das sind ambitionierte Menschen, die ihre afrikanischen Ideen und Emotionen auf Keramik bannen.\u201c<\/em><\/h2>\n<p style=\"text-align: right\">(Gesch\u00e4ftsf\u00fchrer Hans-Uli Strohm, LINEA S GmbH)<\/p>\n<\/blockquote>[\/vc_column_inner][\/vc_row_inner][\/vc_column][\/vc_row][vc_row][vc_column][vc_separator border_width=&#8220;2&#8243;][vc_column_text css=&#8220;&#8220;]<em>Quellen: Isuna Deutschland \/ LINEA S GmbH<\/em>[\/vc_column_text][\/vc_column][\/vc_row][vc_column][\/vc_column]<\/p>\n<\/div>","protected":false},"excerpt":{"rendered":"<p>[vc_row][vc_column][vc_empty_space height=&#8220;10px&#8220;][vc_column_text css=&#8220;&#8220;] Unsere Partner &amp; Marken \u2013 KUNSTHANDWERK In unserem Weltladen finden Sie Produkte mit Geschichte \u2013 und mit Gesichtern dahinter. Unsere Lieferanten und Partnerunternehmen stehen f\u00fcr Qualit\u00e4t, Fairness und Handwerkskunst.Hier stellen wir einige dieser Marken vor, die mit viel Engagement, Kreativit\u00e4t und sozialer Verantwortung arbeiten.[\/vc_column_text][\/vc_column][\/vc_row][vc_row][vc_column][vc_column_text css=&#8220;&#8220;] ISUNA \u2013 Handbemalte Designer-Keramik aus S\u00fcdafrika [\/vc_column_text][vc_row_inner][vc_column_inner&hellip;<\/p>\n","protected":false},"author":93,"featured_media":0,"parent":5023,"menu_order":1,"comment_status":"closed","ping_status":"closed","template":"","meta":{"footnotes":""},"class_list":["post-8704","page","type-page","status-publish","hentry","description-off"],"yoast_head":"<!-- This site is optimized with the Yoast SEO plugin v26.8 - https:\/\/yoast.com\/product\/yoast-seo-wordpress\/ -->\n<title>Unsere Partner &amp; Marken - KUNSTHANDWERK - Weltladen Hofheim<\/title>\n<meta name=\"robots\" content=\"index, follow, max-snippet:-1, max-image-preview:large, max-video-preview:-1\" \/>\n<link rel=\"canonical\" href=\"https:\/\/weltlaeden.de\/hofheim\/unser-laden\/lieferanten-und-marken-2\/\" \/>\n<meta property=\"og:locale\" content=\"de_DE\" \/>\n<meta property=\"og:type\" content=\"article\" \/>\n<meta property=\"og:title\" content=\"Unsere Partner &amp; Marken - KUNSTHANDWERK - Weltladen Hofheim\" \/>\n<meta property=\"og:description\" content=\"[vc_row][vc_column][vc_empty_space height=&#8220;10px&#8220;][vc_column_text css=&#8220;&#8220;] Unsere Partner &amp; Marken \u2013 KUNSTHANDWERK In unserem Weltladen finden Sie Produkte mit Geschichte \u2013 und mit Gesichtern dahinter. Unsere Lieferanten und Partnerunternehmen stehen f\u00fcr Qualit\u00e4t, Fairness und Handwerkskunst.Hier stellen wir einige dieser Marken vor, die mit viel Engagement, Kreativit\u00e4t und sozialer Verantwortung arbeiten.[\/vc_column_text][\/vc_column][\/vc_row][vc_row][vc_column][vc_column_text css=&#8220;&#8220;] ISUNA \u2013 Handbemalte Designer-Keramik aus S\u00fcdafrika [\/vc_column_text][vc_row_inner][vc_column_inner&hellip;\" \/>\n<meta property=\"og:url\" content=\"https:\/\/weltlaeden.de\/hofheim\/unser-laden\/lieferanten-und-marken-2\/\" \/>\n<meta property=\"og:site_name\" content=\"Weltladen Hofheim\" \/>\n<meta property=\"article:modified_time\" content=\"2025-10-23T23:58:53+00:00\" \/>\n<meta property=\"og:image\" content=\"https:\/\/weltlaeden.de\/hofheim\/wp-content\/uploads\/sites\/63\/2024\/11\/halskette_aus_fairem_handel-scaled.jpg\" \/>\n\t<meta property=\"og:image:width\" content=\"2560\" \/>\n\t<meta property=\"og:image:height\" content=\"1707\" \/>\n\t<meta property=\"og:image:type\" content=\"image\/jpeg\" \/>\n<meta name=\"twitter:card\" content=\"summary_large_image\" \/>\n<meta name=\"twitter:label1\" content=\"Gesch\u00e4tzte Lesezeit\" \/>\n\t<meta name=\"twitter:data1\" content=\"2\u00a0Minuten\" \/>\n<script type=\"application\/ld+json\" class=\"yoast-schema-graph\">{\"@context\":\"https:\/\/schema.org\",\"@graph\":[{\"@type\":\"WebPage\",\"@id\":\"https:\/\/weltlaeden.de\/hofheim\/unser-laden\/lieferanten-und-marken-2\/\",\"url\":\"https:\/\/weltlaeden.de\/hofheim\/unser-laden\/lieferanten-und-marken-2\/\",\"name\":\"Unsere Partner &amp; Marken - KUNSTHANDWERK - Weltladen Hofheim\",\"isPartOf\":{\"@id\":\"https:\/\/weltlaeden.de\/hofheim\/#website\"},\"primaryImageOfPage\":{\"@id\":\"https:\/\/weltlaeden.de\/hofheim\/unser-laden\/lieferanten-und-marken-2\/#primaryimage\"},\"image\":{\"@id\":\"https:\/\/weltlaeden.de\/hofheim\/unser-laden\/lieferanten-und-marken-2\/#primaryimage\"},\"thumbnailUrl\":\"https:\/\/weltlaeden.de\/hofheim\/wp-content\/uploads\/sites\/63\/2024\/11\/halskette_aus_fairem_handel-1024x683.jpg\",\"datePublished\":\"2025-10-06T17:10:17+00:00\",\"dateModified\":\"2025-10-23T23:58:53+00:00\",\"breadcrumb\":{\"@id\":\"https:\/\/weltlaeden.de\/hofheim\/unser-laden\/lieferanten-und-marken-2\/#breadcrumb\"},\"inLanguage\":\"de\",\"potentialAction\":[{\"@type\":\"ReadAction\",\"target\":[\"https:\/\/weltlaeden.de\/hofheim\/unser-laden\/lieferanten-und-marken-2\/\"]}]},{\"@type\":\"ImageObject\",\"inLanguage\":\"de\",\"@id\":\"https:\/\/weltlaeden.de\/hofheim\/unser-laden\/lieferanten-und-marken-2\/#primaryimage\",\"url\":\"https:\/\/weltlaeden.de\/hofheim\/wp-content\/uploads\/sites\/63\/2024\/11\/halskette_aus_fairem_handel-scaled.jpg\",\"contentUrl\":\"https:\/\/weltlaeden.de\/hofheim\/wp-content\/uploads\/sites\/63\/2024\/11\/halskette_aus_fairem_handel-scaled.jpg\",\"width\":2560,\"height\":1707,\"caption\":\"Bildnachweis: Weltladen-Dachverband \/ Luleyfoto\"},{\"@type\":\"BreadcrumbList\",\"@id\":\"https:\/\/weltlaeden.de\/hofheim\/unser-laden\/lieferanten-und-marken-2\/#breadcrumb\",\"itemListElement\":[{\"@type\":\"ListItem\",\"position\":1,\"name\":\"Startseite\",\"item\":\"https:\/\/weltlaeden.de\/hofheim\/\"},{\"@type\":\"ListItem\",\"position\":2,\"name\":\"Unser Laden\",\"item\":\"https:\/\/weltlaeden.de\/hofheim\/unser-laden\/\"},{\"@type\":\"ListItem\",\"position\":3,\"name\":\"Unsere Partner &amp; Marken &#8211; KUNSTHANDWERK\"}]},{\"@type\":\"WebSite\",\"@id\":\"https:\/\/weltlaeden.de\/hofheim\/#website\",\"url\":\"https:\/\/weltlaeden.de\/hofheim\/\",\"name\":\"Vorlage\",\"description\":\"Faire Produkte seit 1981\",\"potentialAction\":[{\"@type\":\"SearchAction\",\"target\":{\"@type\":\"EntryPoint\",\"urlTemplate\":\"https:\/\/weltlaeden.de\/hofheim\/?s={search_term_string}\"},\"query-input\":{\"@type\":\"PropertyValueSpecification\",\"valueRequired\":true,\"valueName\":\"search_term_string\"}}],\"inLanguage\":\"de\"}]}<\/script>\n<!-- \/ Yoast SEO plugin. -->","yoast_head_json":{"title":"Unsere Partner &amp; Marken - KUNSTHANDWERK - Weltladen Hofheim","robots":{"index":"index","follow":"follow","max-snippet":"max-snippet:-1","max-image-preview":"max-image-preview:large","max-video-preview":"max-video-preview:-1"},"canonical":"https:\/\/weltlaeden.de\/hofheim\/unser-laden\/lieferanten-und-marken-2\/","og_locale":"de_DE","og_type":"article","og_title":"Unsere Partner &amp; Marken - KUNSTHANDWERK - Weltladen Hofheim","og_description":"[vc_row][vc_column][vc_empty_space height=&#8220;10px&#8220;][vc_column_text css=&#8220;&#8220;] Unsere Partner &amp; Marken \u2013 KUNSTHANDWERK In unserem Weltladen finden Sie Produkte mit Geschichte \u2013 und mit Gesichtern dahinter. Unsere Lieferanten und Partnerunternehmen stehen f\u00fcr Qualit\u00e4t, Fairness und Handwerkskunst.Hier stellen wir einige dieser Marken vor, die mit viel Engagement, Kreativit\u00e4t und sozialer Verantwortung arbeiten.[\/vc_column_text][\/vc_column][\/vc_row][vc_row][vc_column][vc_column_text css=&#8220;&#8220;] ISUNA \u2013 Handbemalte Designer-Keramik aus S\u00fcdafrika [\/vc_column_text][vc_row_inner][vc_column_inner&hellip;","og_url":"https:\/\/weltlaeden.de\/hofheim\/unser-laden\/lieferanten-und-marken-2\/","og_site_name":"Weltladen Hofheim","article_modified_time":"2025-10-23T23:58:53+00:00","og_image":[{"width":2560,"height":1707,"url":"https:\/\/weltlaeden.de\/hofheim\/wp-content\/uploads\/sites\/63\/2024\/11\/halskette_aus_fairem_handel-scaled.jpg","type":"image\/jpeg"}],"twitter_card":"summary_large_image","twitter_misc":{"Gesch\u00e4tzte Lesezeit":"2\u00a0Minuten"},"schema":{"@context":"https:\/\/schema.org","@graph":[{"@type":"WebPage","@id":"https:\/\/weltlaeden.de\/hofheim\/unser-laden\/lieferanten-und-marken-2\/","url":"https:\/\/weltlaeden.de\/hofheim\/unser-laden\/lieferanten-und-marken-2\/","name":"Unsere Partner &amp; Marken - KUNSTHANDWERK - Weltladen Hofheim","isPartOf":{"@id":"https:\/\/weltlaeden.de\/hofheim\/#website"},"primaryImageOfPage":{"@id":"https:\/\/weltlaeden.de\/hofheim\/unser-laden\/lieferanten-und-marken-2\/#primaryimage"},"image":{"@id":"https:\/\/weltlaeden.de\/hofheim\/unser-laden\/lieferanten-und-marken-2\/#primaryimage"},"thumbnailUrl":"https:\/\/weltlaeden.de\/hofheim\/wp-content\/uploads\/sites\/63\/2024\/11\/halskette_aus_fairem_handel-1024x683.jpg","datePublished":"2025-10-06T17:10:17+00:00","dateModified":"2025-10-23T23:58:53+00:00","breadcrumb":{"@id":"https:\/\/weltlaeden.de\/hofheim\/unser-laden\/lieferanten-und-marken-2\/#breadcrumb"},"inLanguage":"de","potentialAction":[{"@type":"ReadAction","target":["https:\/\/weltlaeden.de\/hofheim\/unser-laden\/lieferanten-und-marken-2\/"]}]},{"@type":"ImageObject","inLanguage":"de","@id":"https:\/\/weltlaeden.de\/hofheim\/unser-laden\/lieferanten-und-marken-2\/#primaryimage","url":"https:\/\/weltlaeden.de\/hofheim\/wp-content\/uploads\/sites\/63\/2024\/11\/halskette_aus_fairem_handel-scaled.jpg","contentUrl":"https:\/\/weltlaeden.de\/hofheim\/wp-content\/uploads\/sites\/63\/2024\/11\/halskette_aus_fairem_handel-scaled.jpg","width":2560,"height":1707,"caption":"Bildnachweis: Weltladen-Dachverband \/ Luleyfoto"},{"@type":"BreadcrumbList","@id":"https:\/\/weltlaeden.de\/hofheim\/unser-laden\/lieferanten-und-marken-2\/#breadcrumb","itemListElement":[{"@type":"ListItem","position":1,"name":"Startseite","item":"https:\/\/weltlaeden.de\/hofheim\/"},{"@type":"ListItem","position":2,"name":"Unser Laden","item":"https:\/\/weltlaeden.de\/hofheim\/unser-laden\/"},{"@type":"ListItem","position":3,"name":"Unsere Partner &amp; Marken &#8211; KUNSTHANDWERK"}]},{"@type":"WebSite","@id":"https:\/\/weltlaeden.de\/hofheim\/#website","url":"https:\/\/weltlaeden.de\/hofheim\/","name":"Vorlage","description":"Faire Produkte seit 1981","potentialAction":[{"@type":"SearchAction","target":{"@type":"EntryPoint","urlTemplate":"https:\/\/weltlaeden.de\/hofheim\/?s={search_term_string}"},"query-input":{"@type":"PropertyValueSpecification","valueRequired":true,"valueName":"search_term_string"}}],"inLanguage":"de"}]}},"_links":{"self":[{"href":"https:\/\/weltlaeden.de\/hofheim\/wp-json\/wp\/v2\/pages\/8704","targetHints":{"allow":["GET"]}}],"collection":[{"href":"https:\/\/weltlaeden.de\/hofheim\/wp-json\/wp\/v2\/pages"}],"about":[{"href":"https:\/\/weltlaeden.de\/hofheim\/wp-json\/wp\/v2\/types\/page"}],"author":[{"embeddable":true,"href":"https:\/\/weltlaeden.de\/hofheim\/wp-json\/wp\/v2\/users\/93"}],"replies":[{"embeddable":true,"href":"https:\/\/weltlaeden.de\/hofheim\/wp-json\/wp\/v2\/comments?post=8704"}],"version-history":[{"count":17,"href":"https:\/\/weltlaeden.de\/hofheim\/wp-json\/wp\/v2\/pages\/8704\/revisions"}],"predecessor-version":[{"id":8765,"href":"https:\/\/weltlaeden.de\/hofheim\/wp-json\/wp\/v2\/pages\/8704\/revisions\/8765"}],"up":[{"embeddable":true,"href":"https:\/\/weltlaeden.de\/hofheim\/wp-json\/wp\/v2\/pages\/5023"}],"wp:attachment":[{"href":"https:\/\/weltlaeden.de\/hofheim\/wp-json\/wp\/v2\/media?parent=8704"}],"curies":[{"name":"wp","href":"https:\/\/api.w.org\/{rel}","templated":true}]}}